{"id":2898,"date":"2016-05-21T00:43:22","date_gmt":"2016-05-20T23:43:22","guid":{"rendered":"http:\/\/lesgravereaux.marret.co\/?page_id=2898"},"modified":"2017-12-23T20:11:07","modified_gmt":"2017-12-23T19:11:07","slug":"babyfil-des-buvards","status":"publish","type":"page","link":"https:\/\/lesgravereaux.marret.co\/index.php\/les-etablissements-gravereaux\/les-produits-des-etablissements-gravereaux\/babyfil\/babyfil-des-buvards\/","title":{"rendered":"Babyfil &#8211; des buvards"},"content":{"rendered":"<p>Les \u00c9tablissements Gravereaux ont \u00e9mis environ une trentaine de buvards pour faire la promotion des produits Babyfil. Les premiers (sur cette page) ont \u00e9t\u00e9 produits individuellement. Plus tard, ils&nbsp;choisissent d&rsquo;en \u00e9mettre deux s\u00e9ries \u00e0 th\u00e8mes : l&rsquo;une, pour les gar\u00e7ons porte sur&nbsp;<a href=\"https:\/\/lesgravereaux.marret.co\/index.php\/babyfil-des-buvards-sur-lhistoire-de-lautomobile\/\"><strong>La belle Histoire de l&rsquo;automobile<\/strong><\/a>, alors que l&rsquo;autre, destin\u00e9e aux filles, pr\u00e9sente&nbsp;<a href=\"https:\/\/lesgravereaux.marret.co\/index.php\/babyfil-des-buvards-sur-lhistoire-du-costume\/\"><strong>La belle Histoire du costume<\/strong>&nbsp;<\/a>\u00e0 travers les si\u00e8cles.<\/p>\n<p>Ces buvards sont distribu\u00e9s dans des activit\u00e9s publiques organis\u00e9es pour les enfants &#8211; tel le Salon de l&rsquo;enfance &#8211; ou chez des magasins de v\u00eatements sp\u00e9cialis\u00e9s&#8230;<\/p>\n<p style=\"text-align: center;\"><div id=\"metaslider-id-5513\" style=\"max-width: 600px; margin: 0 auto;\" class=\"ml-slider-3-105-0 metaslider metaslider-flex metaslider-5513 ml-slider has-dots-nav ms-theme-default\" role=\"region\" aria-label=\"Babyfil - SG\" data-height=\"350\" data-width=\"600\">\n    <div id=\"metaslider_container_5513\">\n        <div id=\"metaslider_5513\" class=\"flexslider\">\n            <ul class='slides'>\n                <li style=\"display: block; width: 100%;\" class=\"slide-5526 ms-image \" aria-roledescription=\"slide\" data-date=\"2017-12-23 19:55:00\" data-filename=\"Babyfil-Buvard-G-1-recto_wp-600x350.jpg\" data-slide-type=\"image\"><img data-recalc-dims=\"1\" loading=\"lazy\" decoding=\"async\" src=\"https:\/\/i0.wp.com\/lesgravereaux.marret.co\/wp-content\/uploads\/2016\/05\/Babyfil-Buvard-G-1-recto_wp.jpg?resize=600%2C350&#038;ssl=1\" height=\"350\" width=\"600\" alt=\"\" class=\"slider-5513 slide-5526 msDefaultImage\" \/><\/li>\n                <li style=\"display: none; width: 100%;\" class=\"slide-5525 ms-image \" aria-roledescription=\"slide\" data-date=\"2017-12-23 19:55:00\" data-filename=\"Babyfil-Buvard-G-1-verso_wp-600x350.jpg\" data-slide-type=\"image\"><img data-recalc-dims=\"1\" loading=\"lazy\" decoding=\"async\" src=\"https:\/\/i0.wp.com\/lesgravereaux.marret.co\/wp-content\/uploads\/2016\/05\/Babyfil-Buvard-G-1-verso_wp.jpg?resize=600%2C350&#038;ssl=1\" height=\"350\" width=\"600\" alt=\"\" class=\"slider-5513 slide-5525 msDefaultImage\" \/><\/li>\n                <li style=\"display: none; width: 100%;\" class=\"slide-5514 ms-image \" aria-roledescription=\"slide\" data-date=\"2017-12-23 19:54:23\" data-filename=\"Babyfil-Buvard-G-7-1-recto_wp-600x350.jpg\" data-slide-type=\"image\"><img data-recalc-dims=\"1\" loading=\"lazy\" decoding=\"async\" src=\"https:\/\/i0.wp.com\/lesgravereaux.marret.co\/wp-content\/uploads\/2017\/12\/Babyfil-Buvard-G-7-1-recto_wp.jpg?resize=600%2C350&#038;ssl=1\" height=\"350\" width=\"600\" alt=\"\" class=\"slider-5513 slide-5514 msDefaultImage\" \/><\/li>\n                <li style=\"display: none; width: 100%;\" class=\"slide-5515 ms-image \" aria-roledescription=\"slide\" data-date=\"2017-12-23 19:54:23\" data-filename=\"Babyfil-Buvard-G-7-1-verso_wp-600x350.jpg\" data-slide-type=\"image\"><img data-recalc-dims=\"1\" loading=\"lazy\" decoding=\"async\" src=\"https:\/\/i0.wp.com\/lesgravereaux.marret.co\/wp-content\/uploads\/2017\/12\/Babyfil-Buvard-G-7-1-verso_wp.jpg?resize=600%2C350&#038;ssl=1\" height=\"350\" width=\"600\" alt=\"\" class=\"slider-5513 slide-5515 msDefaultImage\" \/><\/li>\n                <li style=\"display: none; width: 100%;\" class=\"slide-5524 ms-image \" aria-roledescription=\"slide\" data-date=\"2017-12-23 19:55:00\" data-filename=\"Babyfil-Buvard-G-2-1-recto_wp-600x350.jpg\" data-slide-type=\"image\"><img data-recalc-dims=\"1\" loading=\"lazy\" decoding=\"async\" src=\"https:\/\/i0.wp.com\/lesgravereaux.marret.co\/wp-content\/uploads\/2016\/05\/Babyfil-Buvard-G-2-1-recto_wp.jpg?resize=600%2C350&#038;ssl=1\" height=\"350\" width=\"600\" alt=\"\" class=\"slider-5513 slide-5524 msDefaultImage\" \/><\/li>\n                <li style=\"display: none; width: 100%;\" class=\"slide-5523 ms-image \" aria-roledescription=\"slide\" data-date=\"2017-12-23 19:55:00\" data-filename=\"Babyfil-Buvard-G-2-1-verso-1_wp-600x350.jpg\" data-slide-type=\"image\"><img data-recalc-dims=\"1\" loading=\"lazy\" decoding=\"async\" src=\"https:\/\/i0.wp.com\/lesgravereaux.marret.co\/wp-content\/uploads\/2016\/05\/Babyfil-Buvard-G-2-1-verso-1_wp.jpg?resize=600%2C350&#038;ssl=1\" height=\"350\" width=\"600\" alt=\"\" class=\"slider-5513 slide-5523 msDefaultImage\" \/><\/li>\n                <li style=\"display: none; width: 100%;\" class=\"slide-5522 ms-image \" aria-roledescription=\"slide\" data-date=\"2017-12-23 19:55:00\" data-filename=\"Babyfil-Buvard-G-2-2-recto_wp-600x350.jpg\" data-slide-type=\"image\"><img data-recalc-dims=\"1\" loading=\"lazy\" decoding=\"async\" src=\"https:\/\/i0.wp.com\/lesgravereaux.marret.co\/wp-content\/uploads\/2016\/05\/Babyfil-Buvard-G-2-2-recto_wp.jpg?resize=600%2C350&#038;ssl=1\" height=\"350\" width=\"600\" alt=\"\" class=\"slider-5513 slide-5522 msDefaultImage\" \/><\/li>\n                <li style=\"display: none; width: 100%;\" class=\"slide-5521 ms-image \" aria-roledescription=\"slide\" data-date=\"2017-12-23 19:55:00\" data-filename=\"Babyfil-Buvard-G-2-2-verso_wp-600x350.jpg\" data-slide-type=\"image\"><img data-recalc-dims=\"1\" loading=\"lazy\" decoding=\"async\" src=\"https:\/\/i0.wp.com\/lesgravereaux.marret.co\/wp-content\/uploads\/2016\/05\/Babyfil-Buvard-G-2-2-verso_wp.jpg?resize=600%2C350&#038;ssl=1\" height=\"350\" width=\"600\" alt=\"\" class=\"slider-5513 slide-5521 msDefaultImage\" \/><\/li>\n                <li style=\"display: none; width: 100%;\" class=\"slide-5519 ms-image \" aria-roledescription=\"slide\" data-date=\"2017-12-23 19:55:00\" data-filename=\"Babyfil-Buvard-G-3-3_wp-600x350.jpg\" data-slide-type=\"image\"><img data-recalc-dims=\"1\" loading=\"lazy\" decoding=\"async\" src=\"https:\/\/i0.wp.com\/lesgravereaux.marret.co\/wp-content\/uploads\/2016\/05\/Babyfil-Buvard-G-3-3_wp.jpg?resize=600%2C350&#038;ssl=1\" height=\"350\" width=\"600\" alt=\"\" class=\"slider-5513 slide-5519 msDefaultImage\" \/><\/li>\n                <li style=\"display: none; width: 100%;\" class=\"slide-5518 ms-image \" aria-roledescription=\"slide\" data-date=\"2017-12-23 19:54:59\" data-filename=\"Babyfil-Buvard-G-4-3_wp-600x350.jpg\" data-slide-type=\"image\"><img data-recalc-dims=\"1\" loading=\"lazy\" decoding=\"async\" src=\"https:\/\/i0.wp.com\/lesgravereaux.marret.co\/wp-content\/uploads\/2016\/05\/Babyfil-Buvard-G-4-3_wp.jpg?resize=600%2C350&#038;ssl=1\" height=\"350\" width=\"600\" alt=\"\" class=\"slider-5513 slide-5518 msDefaultImage\" \/><\/li>\n                <li style=\"display: none; width: 100%;\" class=\"slide-5517 ms-image \" aria-roledescription=\"slide\" data-date=\"2017-12-23 19:54:59\" data-filename=\"Babyfil-Buvard-G-5_wp-600x350.jpg\" data-slide-type=\"image\"><img data-recalc-dims=\"1\" loading=\"lazy\" decoding=\"async\" src=\"https:\/\/i0.wp.com\/lesgravereaux.marret.co\/wp-content\/uploads\/2016\/05\/Babyfil-Buvard-G-5_wp.jpg?resize=600%2C350&#038;ssl=1\" height=\"350\" width=\"600\" alt=\"\" class=\"slider-5513 slide-5517 msDefaultImage\" \/><\/li>\n                <li style=\"display: none; width: 100%;\" class=\"slide-5516 ms-image \" aria-roledescription=\"slide\" data-date=\"2017-12-23 19:54:59\" data-filename=\"Babyfil-Buvard-G-6-2_wp-600x350.jpg\" data-slide-type=\"image\"><img data-recalc-dims=\"1\" loading=\"lazy\" decoding=\"async\" src=\"https:\/\/i0.wp.com\/lesgravereaux.marret.co\/wp-content\/uploads\/2016\/05\/Babyfil-Buvard-G-6-2_wp.jpg?resize=600%2C350&#038;ssl=1\" height=\"350\" width=\"600\" alt=\"\" class=\"slider-5513 slide-5516 msDefaultImage\" \/><\/li>\n            <\/ul>\n        <\/div>\n        \n    <\/div>\n<\/div><\/p>\n<p>&nbsp;<\/p>\n<p style=\"text-align: center;\">*******<\/p>\n","protected":false},"excerpt":{"rendered":"<p>Les \u00c9tablissements Gravereaux ont \u00e9mis environ une trentaine de buvards pour faire la promotion des produits Babyfil. Les premiers (sur cette page) ont \u00e9t\u00e9 produits individuellement. Plus tard, ils&nbsp;choisissent d&rsquo;en \u00e9mettre deux s\u00e9ries \u00e0 th\u00e8mes : l&rsquo;une, pour les gar\u00e7ons &hellip; <a href=\"https:\/\/lesgravereaux.marret.co\/index.php\/les-etablissements-gravereaux\/les-produits-des-etablissements-gravereaux\/babyfil\/babyfil-des-buvards\/\">Continuer la lecture <span class=\"meta-nav\">&rarr;<\/span><\/a><\/p>\n","protected":false},"author":1,"featured_media":0,"parent":2766,"menu_order":0,"comment_status":"closed","ping_status":"closed","template":"","meta":{"ngg_post_thumbnail":0,"jetpack_post_was_ever_published":false,"footnotes":""},"class_list":["post-2898","page","type-page","status-publish","hentry"],"jetpack_sharing_enabled":true,"jetpack_shortlink":"https:\/\/wp.me\/P7ERyi-KK","jetpack-related-posts":[{"id":2903,"url":"https:\/\/lesgravereaux.marret.co\/index.php\/les-etablissements-gravereaux\/les-produits-des-etablissements-gravereaux\/babyfil\/babyfil-des-buvards-sur-lhistoire-du-costume\/","url_meta":{"origin":2898,"position":0},"title":"Babyfil &#8211; des buvards sur l&rsquo;histoire du costume","author":"marretgravereaux","date":"21 mai 2016","format":false,"excerpt":"Tout comme\u00a0les buvards sur l'automobile, produits \u00e0 l'intention des gar\u00e7onnets, ceux portant sur La belle histoire du costume visent \u00e0 int\u00e9resser et fid\u00e9liser les fillettes. Mais une certaine rigueur historique et l'int\u00e9r\u00eat du sujet\u00a0am\u00e8nent les cr\u00e9ateurs\u00a0\u00e0 constituer une s\u00e9rie de douze buvards - plut\u00f4t que dix pour les gar\u00e7ons... \u00a0\u2026","rel":"","context":"Article similaire","block_context":{"text":"Article similaire","link":""},"img":{"alt_text":"Babyfil, Buvard - S Histoire du costume 01 (1450)_wp","src":"https:\/\/i0.wp.com\/lesgravereaux.marret.co\/wp-content\/uploads\/2016\/05\/Babyfil-Buvard-S-Histoire-du-costume-01-1450_wp.jpg?resize=350%2C200","width":350,"height":200},"classes":[]},{"id":2901,"url":"https:\/\/lesgravereaux.marret.co\/index.php\/les-etablissements-gravereaux\/les-produits-des-etablissements-gravereaux\/babyfil\/babyfil-des-buvards-sur-lhistoire-de-lautomobile\/","url_meta":{"origin":2898,"position":1},"title":"Babyfil &#8211; des buvards sur l&rsquo;histoire de l&rsquo;automobile","author":"marretgravereaux","date":"21 mai 2016","format":false,"excerpt":"En faisant imprimer et en distribuant des buvards sur le th\u00e8me de La belle histoire de l'automobile, les \u00c9tablissements Gravereaux visent bien s\u00fbr \u00e0 faire conna\u00eetre la marque Babyfil aupr\u00e8s des gar\u00e7onnets, plus port\u00e9s vers la voiture que les fillettes (\u00e0 qui sont destin\u00e9s des buvards sur l'histoire du costume);\u00a0en\u2026","rel":"","context":"Article similaire","block_context":{"text":"Article similaire","link":""},"img":{"alt_text":"Babyfil, Buvard - S Automobile 01-S (1769)_wp","src":"https:\/\/i0.wp.com\/lesgravereaux.marret.co\/wp-content\/uploads\/2016\/05\/Babyfil-Buvard-S-Automobile-01-S-1769_wp.jpg?resize=350%2C200","width":350,"height":200},"classes":[]},{"id":2895,"url":"https:\/\/lesgravereaux.marret.co\/index.php\/les-etablissements-gravereaux\/les-produits-des-etablissements-gravereaux\/babyfil\/babyfil-des-decoupages\/","url_meta":{"origin":2898,"position":2},"title":"Babyfil &#8211; des d\u00e9coupages","author":"marretgravereaux","date":"21 mai 2016","format":false,"excerpt":"Pour promouvoir les produits Babyfil, les \u00c9tablissements Gravereaux ont fait imprimer et distribuer pr\u00e8s d\u2019une trentaine de buvards diff\u00e9rents, dont deux s\u00e9ries, l'une\u00a0visant particuli\u00e8rement les gar\u00e7onnets, sur l\u2019histoire de l'automobile, et, l'autre, pour les fillettes sur la mode \u00e0 travers les temps. Mais ils font \u00e9galement\u00a0produire et diffuser un jeu\u2026","rel":"","context":"Article similaire","block_context":{"text":"Article similaire","link":""},"img":{"alt_text":"Babyfil - Jeu \u00e0 d\u00e9couper c1 (1954)_wp","src":"https:\/\/i0.wp.com\/lesgravereaux.marret.co\/wp-content\/uploads\/2016\/05\/Babyfil-Jeu-%C3%A0-d%C3%A9couper-c1-1954_wp-709x1024.jpg?resize=350%2C200","width":350,"height":200},"classes":[]},{"id":4413,"url":"https:\/\/lesgravereaux.marret.co\/index.php\/les-etablissements-gravereaux\/les-produits-des-etablissements-gravereaux\/babyfil\/babyfil-la-publicite\/","url_meta":{"origin":2898,"position":3},"title":"Babyfil, la publicit\u00e9","author":"marretgravereaux","date":"8 juillet 2016","format":false,"excerpt":"Les \u00c9tablissements Gravereaux se sont lanc\u00e9s dans la fabrication et la commercialisation des v\u00eatements pour enfants pendant la Seconde Guerre mondiale; mais ce n\u2019est qu\u2019\u00e0 partir des ann\u00e9es 1950 que la mode enfantine y a pris autant d\u2019importance, occupant, \u00e0 certains moments, plus de deux cents employ\u00e9s \u00e0 la fabrication\u2026","rel":"","context":"Article similaire","block_context":{"text":"Article similaire","link":""},"img":{"alt_text":"Chemise 2-3 (2011-22 _011)_wp","src":"https:\/\/i0.wp.com\/lesgravereaux.marret.co\/wp-content\/uploads\/2016\/03\/Chemise-2-3-2011-22-_011_wp-997x1024.jpg?resize=350%2C200","width":350,"height":200},"classes":[]},{"id":3149,"url":"https:\/\/lesgravereaux.marret.co\/index.php\/les-etablissements-gravereaux\/les-objets-promotionnels\/","url_meta":{"origin":2898,"position":4},"title":"Les objets promotionnels","author":"marretgravereaux","date":"12 juin 2016","format":false,"excerpt":"Au fil des ans, les \u00c9tablissements Gravereaux font fabriquer et distribuer divers objets promotionnels. Une grande partie d'entre\u00a0 eux sont\u00a0distribu\u00e9s aux\u00a0clients eux-m\u00eames et\u00a0choisis alors selon la client\u00e8le vis\u00e9e... Les produits des \u00c9tablissements Gravereaux concernent\u00a0d'abord les hommes et l'on ne s'\u00e9tonnera pas que, dans les ann\u00e9es 1950-1960,\u00a0plusieurs objets s'adressent aux fumeurs\u2026","rel":"","context":"Article similaire","block_context":{"text":"Article similaire","link":""},"img":{"alt_text":"Triplefil, Marque-pages 1_wp","src":"https:\/\/i0.wp.com\/lesgravereaux.marret.co\/wp-content\/uploads\/2016\/05\/Triplefil-Marque-pages-1_wp.jpg?resize=350%2C200","width":350,"height":200},"classes":[]},{"id":2922,"url":"https:\/\/lesgravereaux.marret.co\/index.php\/les-etablissements-gravereaux\/les-produits-des-etablissements-gravereaux\/babyfil\/babyfil-a-cholet\/","url_meta":{"origin":2898,"position":5},"title":"Babyfil&#8230; \u00e0 Cholet","author":"marretgravereaux","date":"21 mai 2016","format":false,"excerpt":"Le Mus\u00e9e du Textile de Cholet tenait, du 3\u00a0d\u00e9cembre 2011 au 18 mars 2012, une exposition sur la mode enfantine sous le th\u00e8me \u00ab\u00a0\u00c0 fleur de peau\u00a0\u00bb. \u00c0 cette occasion et en collaboration avec le Mus\u00e9e de la Chemiserie et de l'\u00c9l\u00e9gance masculine d\u2019Argenton-sur-Creuse, il pr\u00e9sentait quelques produits et documents\u2026","rel":"","context":"Article similaire","block_context":{"text":"Article similaire","link":""},"img":{"alt_text":"\u00c0 fleur de peau - carte exposition_wp","src":"https:\/\/i0.wp.com\/lesgravereaux.marret.co\/wp-content\/uploads\/2016\/05\/%C3%80-fleur-de-peau-carte-exposition_wp.jpg?resize=350%2C200","width":350,"height":200},"classes":[]}],"_links":{"self":[{"href":"https:\/\/lesgravereaux.marret.co\/index.php\/wp-json\/wp\/v2\/pages\/2898","targetHints":{"allow":["GET"]}}],"collection":[{"href":"https:\/\/lesgravereaux.marret.co\/index.php\/wp-json\/wp\/v2\/pages"}],"about":[{"href":"https:\/\/lesgravereaux.marret.co\/index.php\/wp-json\/wp\/v2\/types\/page"}],"author":[{"embeddable":true,"href":"https:\/\/lesgravereaux.marret.co\/index.php\/wp-json\/wp\/v2\/users\/1"}],"replies":[{"embeddable":true,"href":"https:\/\/lesgravereaux.marret.co\/index.php\/wp-json\/wp\/v2\/comments?post=2898"}],"version-history":[{"count":0,"href":"https:\/\/lesgravereaux.marret.co\/index.php\/wp-json\/wp\/v2\/pages\/2898\/revisions"}],"up":[{"embeddable":true,"href":"https:\/\/lesgravereaux.marret.co\/index.php\/wp-json\/wp\/v2\/pages\/2766"}],"wp:attachment":[{"href":"https:\/\/lesgravereaux.marret.co\/index.php\/wp-json\/wp\/v2\/media?parent=2898"}],"curies":[{"name":"wp","href":"https:\/\/api.w.org\/{rel}","templated":true}]}}