{"id":2895,"date":"2016-05-21T00:33:01","date_gmt":"2016-05-20T23:33:01","guid":{"rendered":"http:\/\/lesgravereaux.marret.co\/?page_id=2895"},"modified":"2016-06-12T15:52:40","modified_gmt":"2016-06-12T14:52:40","slug":"babyfil-des-decoupages","status":"publish","type":"page","link":"https:\/\/lesgravereaux.marret.co\/index.php\/les-etablissements-gravereaux\/les-produits-des-etablissements-gravereaux\/babyfil\/babyfil-des-decoupages\/","title":{"rendered":"Babyfil &#8211; des d\u00e9coupages"},"content":{"rendered":"<p>Pour promouvoir les produits Babyfil, les \u00c9tablissements Gravereaux ont fait imprimer et distribuer pr\u00e8s d\u2019une trentaine de buvards diff\u00e9rents, dont deux s\u00e9ries, l&rsquo;une\u00a0visant particuli\u00e8rement les gar\u00e7onnets, sur <a href=\"https:\/\/lesgravereaux.marret.co\/index.php\/babyfil-des-buvards-sur-lhistoire-de-lautomobile\/\">l\u2019histoire de l&rsquo;automobile<\/a>, et, l&rsquo;autre, pour les fillettes sur <a href=\"https:\/\/lesgravereaux.marret.co\/index.php\/babyfil-des-buvards-sur-lhistoire-du-costume\/\">la mode \u00e0 travers les temps<\/a>.<\/p>\n<p>Mais ils font \u00e9galement\u00a0produire et diffuser un jeu de d\u00e9coupage pr\u00e9sentant des poup\u00e9es (gar\u00e7on et fille) \u00e0 habiller avec les v\u00eatements reproduisant les mod\u00e8les de la collection \u00c9t\u00e9\u00a01954.<\/p>\n<p>Quelques \u00e9l\u00e9ments de la pochette&#8230;<\/p>\n<p><a href=\"https:\/\/i0.wp.com\/lesgravereaux.marret.co\/wp-content\/uploads\/2016\/05\/Babyfil-Jeu-%C3%A0-d%C3%A9couper-c1-1954_wp.jpg?ssl=1\"><img data-recalc-dims=\"1\" loading=\"lazy\" decoding=\"async\" data-attachment-id=\"2889\" data-permalink=\"https:\/\/lesgravereaux.marret.co\/index.php\/les-etablissements-gravereaux\/les-produits-des-etablissements-gravereaux\/babyfil\/babyfil-des-decoupages\/babyfil-jeu-a-decouper-c1-1954_wp\/\" data-orig-file=\"https:\/\/i0.wp.com\/lesgravereaux.marret.co\/wp-content\/uploads\/2016\/05\/Babyfil-Jeu-%C3%A0-d%C3%A9couper-c1-1954_wp.jpg?fit=818%2C1181&amp;ssl=1\" data-orig-size=\"818,1181\" data-comments-opened=\"1\" data-image-meta=\"{&quot;aperture&quot;:&quot;0&quot;,&quot;credit&quot;:&quot;&quot;,&quot;camera&quot;:&quot;&quot;,&quot;caption&quot;:&quot;&quot;,&quot;created_timestamp&quot;:&quot;0&quot;,&quot;copyright&quot;:&quot;&quot;,&quot;focal_length&quot;:&quot;0&quot;,&quot;iso&quot;:&quot;0&quot;,&quot;shutter_speed&quot;:&quot;0&quot;,&quot;title&quot;:&quot;&quot;,&quot;orientation&quot;:&quot;1&quot;}\" data-image-title=\"Babyfil &amp;#8211; Jeu \u00e0 d\u00e9couper c1 (1954)_wp\" data-image-description=\"\" data-image-caption=\"\" data-medium-file=\"https:\/\/i0.wp.com\/lesgravereaux.marret.co\/wp-content\/uploads\/2016\/05\/Babyfil-Jeu-%C3%A0-d%C3%A9couper-c1-1954_wp.jpg?fit=208%2C300&amp;ssl=1\" data-large-file=\"https:\/\/i0.wp.com\/lesgravereaux.marret.co\/wp-content\/uploads\/2016\/05\/Babyfil-Jeu-%C3%A0-d%C3%A9couper-c1-1954_wp.jpg?fit=640%2C924&amp;ssl=1\" class=\"alignnone wp-image-2889\" src=\"https:\/\/i0.wp.com\/lesgravereaux.marret.co\/wp-content\/uploads\/2016\/05\/Babyfil-Jeu-%C3%A0-d%C3%A9couper-c1-1954_wp.jpg?resize=295%2C426&#038;ssl=1\" alt=\"Babyfil - Jeu \u00e0 d\u00e9couper c1 (1954)_wp\" width=\"295\" height=\"426\" data-wp-pid=\"2889\" srcset=\"https:\/\/i0.wp.com\/lesgravereaux.marret.co\/wp-content\/uploads\/2016\/05\/Babyfil-Jeu-%C3%A0-d%C3%A9couper-c1-1954_wp.jpg?resize=709%2C1024&amp;ssl=1 709w, https:\/\/i0.wp.com\/lesgravereaux.marret.co\/wp-content\/uploads\/2016\/05\/Babyfil-Jeu-%C3%A0-d%C3%A9couper-c1-1954_wp.jpg?resize=208%2C300&amp;ssl=1 208w, https:\/\/i0.wp.com\/lesgravereaux.marret.co\/wp-content\/uploads\/2016\/05\/Babyfil-Jeu-%C3%A0-d%C3%A9couper-c1-1954_wp.jpg?resize=768%2C1109&amp;ssl=1 768w, https:\/\/i0.wp.com\/lesgravereaux.marret.co\/wp-content\/uploads\/2016\/05\/Babyfil-Jeu-%C3%A0-d%C3%A9couper-c1-1954_wp.jpg?resize=800%2C1155&amp;ssl=1 800w, https:\/\/i0.wp.com\/lesgravereaux.marret.co\/wp-content\/uploads\/2016\/05\/Babyfil-Jeu-%C3%A0-d%C3%A9couper-c1-1954_wp.jpg?resize=416%2C600&amp;ssl=1 416w, https:\/\/i0.wp.com\/lesgravereaux.marret.co\/wp-content\/uploads\/2016\/05\/Babyfil-Jeu-%C3%A0-d%C3%A9couper-c1-1954_wp.jpg?w=818&amp;ssl=1 818w\" sizes=\"auto, (max-width: 295px) 100vw, 295px\" \/><\/a>\u00a0 <a href=\"https:\/\/i0.wp.com\/lesgravereaux.marret.co\/wp-content\/uploads\/2016\/05\/Babyfil-Jeu-%C3%A0-d%C3%A9couper-c2-1954_wp.jpg?ssl=1\"><img data-recalc-dims=\"1\" loading=\"lazy\" decoding=\"async\" data-attachment-id=\"2890\" data-permalink=\"https:\/\/lesgravereaux.marret.co\/index.php\/les-etablissements-gravereaux\/les-produits-des-etablissements-gravereaux\/babyfil\/babyfil-des-decoupages\/babyfil-jeu-a-decouper-c2-1954_wp\/\" data-orig-file=\"https:\/\/i0.wp.com\/lesgravereaux.marret.co\/wp-content\/uploads\/2016\/05\/Babyfil-Jeu-%C3%A0-d%C3%A9couper-c2-1954_wp.jpg?fit=813%2C1181&amp;ssl=1\" data-orig-size=\"813,1181\" data-comments-opened=\"1\" data-image-meta=\"{&quot;aperture&quot;:&quot;0&quot;,&quot;credit&quot;:&quot;&quot;,&quot;camera&quot;:&quot;&quot;,&quot;caption&quot;:&quot;&quot;,&quot;created_timestamp&quot;:&quot;0&quot;,&quot;copyright&quot;:&quot;&quot;,&quot;focal_length&quot;:&quot;0&quot;,&quot;iso&quot;:&quot;0&quot;,&quot;shutter_speed&quot;:&quot;0&quot;,&quot;title&quot;:&quot;&quot;,&quot;orientation&quot;:&quot;1&quot;}\" data-image-title=\"Babyfil &amp;#8211; Jeu \u00e0 d\u00e9couper c2 (1954)_wp\" data-image-description=\"\" data-image-caption=\"\" data-medium-file=\"https:\/\/i0.wp.com\/lesgravereaux.marret.co\/wp-content\/uploads\/2016\/05\/Babyfil-Jeu-%C3%A0-d%C3%A9couper-c2-1954_wp.jpg?fit=207%2C300&amp;ssl=1\" data-large-file=\"https:\/\/i0.wp.com\/lesgravereaux.marret.co\/wp-content\/uploads\/2016\/05\/Babyfil-Jeu-%C3%A0-d%C3%A9couper-c2-1954_wp.jpg?fit=640%2C930&amp;ssl=1\" class=\"alignnone wp-image-2890\" src=\"https:\/\/i0.wp.com\/lesgravereaux.marret.co\/wp-content\/uploads\/2016\/05\/Babyfil-Jeu-%C3%A0-d%C3%A9couper-c2-1954_wp.jpg?resize=295%2C426&#038;ssl=1\" alt=\"Babyfil - Jeu \u00e0 d\u00e9couper c2 (1954)_wp\" width=\"295\" height=\"426\" data-wp-pid=\"2890\" srcset=\"https:\/\/i0.wp.com\/lesgravereaux.marret.co\/wp-content\/uploads\/2016\/05\/Babyfil-Jeu-%C3%A0-d%C3%A9couper-c2-1954_wp.jpg?resize=207%2C300&amp;ssl=1 207w, https:\/\/i0.wp.com\/lesgravereaux.marret.co\/wp-content\/uploads\/2016\/05\/Babyfil-Jeu-%C3%A0-d%C3%A9couper-c2-1954_wp.jpg?zoom=2&amp;resize=295%2C426&amp;ssl=1 590w\" sizes=\"auto, (max-width: 295px) 100vw, 295px\" \/><\/a><\/p>\n<p><a href=\"https:\/\/i0.wp.com\/lesgravereaux.marret.co\/wp-content\/uploads\/2016\/05\/Babyfil-Jeu-%C3%A0-d%C3%A9couper-f2-1954_wp.jpg?ssl=1\"><img data-recalc-dims=\"1\" loading=\"lazy\" decoding=\"async\" data-attachment-id=\"2892\" data-permalink=\"https:\/\/lesgravereaux.marret.co\/index.php\/les-etablissements-gravereaux\/les-produits-des-etablissements-gravereaux\/babyfil\/babyfil-des-decoupages\/babyfil-jeu-a-decouper-f2-1954_wp\/\" data-orig-file=\"https:\/\/i0.wp.com\/lesgravereaux.marret.co\/wp-content\/uploads\/2016\/05\/Babyfil-Jeu-%C3%A0-d%C3%A9couper-f2-1954_wp.jpg?fit=810%2C1181&amp;ssl=1\" data-orig-size=\"810,1181\" data-comments-opened=\"1\" data-image-meta=\"{&quot;aperture&quot;:&quot;0&quot;,&quot;credit&quot;:&quot;&quot;,&quot;camera&quot;:&quot;&quot;,&quot;caption&quot;:&quot;&quot;,&quot;created_timestamp&quot;:&quot;0&quot;,&quot;copyright&quot;:&quot;&quot;,&quot;focal_length&quot;:&quot;0&quot;,&quot;iso&quot;:&quot;0&quot;,&quot;shutter_speed&quot;:&quot;0&quot;,&quot;title&quot;:&quot;&quot;,&quot;orientation&quot;:&quot;1&quot;}\" data-image-title=\"Babyfil &amp;#8211; Jeu \u00e0 d\u00e9couper f2 (1954)_wp\" data-image-description=\"\" data-image-caption=\"\" data-medium-file=\"https:\/\/i0.wp.com\/lesgravereaux.marret.co\/wp-content\/uploads\/2016\/05\/Babyfil-Jeu-%C3%A0-d%C3%A9couper-f2-1954_wp.jpg?fit=206%2C300&amp;ssl=1\" data-large-file=\"https:\/\/i0.wp.com\/lesgravereaux.marret.co\/wp-content\/uploads\/2016\/05\/Babyfil-Jeu-%C3%A0-d%C3%A9couper-f2-1954_wp.jpg?fit=640%2C934&amp;ssl=1\" class=\"alignnone wp-image-2892\" src=\"https:\/\/i0.wp.com\/lesgravereaux.marret.co\/wp-content\/uploads\/2016\/05\/Babyfil-Jeu-%C3%A0-d%C3%A9couper-f2-1954_wp.jpg?resize=295%2C426&#038;ssl=1\" alt=\"Babyfil - Jeu \u00e0 d\u00e9couper f2 (1954)_wp\" width=\"295\" height=\"426\" data-wp-pid=\"2892\" \/><\/a>\u00a0 <a href=\"https:\/\/i0.wp.com\/lesgravereaux.marret.co\/wp-content\/uploads\/2016\/05\/Babyfil-Jeu-%C3%A0-d%C3%A9couper-f1-1954_wp.jpg?ssl=1\"><img data-recalc-dims=\"1\" loading=\"lazy\" decoding=\"async\" data-attachment-id=\"2891\" data-permalink=\"https:\/\/lesgravereaux.marret.co\/index.php\/les-etablissements-gravereaux\/les-produits-des-etablissements-gravereaux\/babyfil\/babyfil-des-decoupages\/babyfil-jeu-a-decouper-f1-1954_wp\/\" data-orig-file=\"https:\/\/i0.wp.com\/lesgravereaux.marret.co\/wp-content\/uploads\/2016\/05\/Babyfil-Jeu-%C3%A0-d%C3%A9couper-f1-1954_wp.jpg?fit=817%2C1181&amp;ssl=1\" data-orig-size=\"817,1181\" data-comments-opened=\"1\" data-image-meta=\"{&quot;aperture&quot;:&quot;0&quot;,&quot;credit&quot;:&quot;&quot;,&quot;camera&quot;:&quot;&quot;,&quot;caption&quot;:&quot;&quot;,&quot;created_timestamp&quot;:&quot;0&quot;,&quot;copyright&quot;:&quot;&quot;,&quot;focal_length&quot;:&quot;0&quot;,&quot;iso&quot;:&quot;0&quot;,&quot;shutter_speed&quot;:&quot;0&quot;,&quot;title&quot;:&quot;&quot;,&quot;orientation&quot;:&quot;1&quot;}\" data-image-title=\"Babyfil &amp;#8211; Jeu \u00e0 d\u00e9couper f1 (1954)_wp\" data-image-description=\"\" data-image-caption=\"\" data-medium-file=\"https:\/\/i0.wp.com\/lesgravereaux.marret.co\/wp-content\/uploads\/2016\/05\/Babyfil-Jeu-%C3%A0-d%C3%A9couper-f1-1954_wp.jpg?fit=208%2C300&amp;ssl=1\" data-large-file=\"https:\/\/i0.wp.com\/lesgravereaux.marret.co\/wp-content\/uploads\/2016\/05\/Babyfil-Jeu-%C3%A0-d%C3%A9couper-f1-1954_wp.jpg?fit=640%2C926&amp;ssl=1\" class=\"alignnone wp-image-2891\" src=\"https:\/\/i0.wp.com\/lesgravereaux.marret.co\/wp-content\/uploads\/2016\/05\/Babyfil-Jeu-%C3%A0-d%C3%A9couper-f1-1954_wp.jpg?resize=295%2C426&#038;ssl=1\" alt=\"Babyfil - Jeu \u00e0 d\u00e9couper f1 (1954)_wp\" width=\"295\" height=\"426\" data-wp-pid=\"2891\" srcset=\"https:\/\/i0.wp.com\/lesgravereaux.marret.co\/wp-content\/uploads\/2016\/05\/Babyfil-Jeu-%C3%A0-d%C3%A9couper-f1-1954_wp.jpg?resize=708%2C1024&amp;ssl=1 708w, https:\/\/i0.wp.com\/lesgravereaux.marret.co\/wp-content\/uploads\/2016\/05\/Babyfil-Jeu-%C3%A0-d%C3%A9couper-f1-1954_wp.jpg?resize=208%2C300&amp;ssl=1 208w, https:\/\/i0.wp.com\/lesgravereaux.marret.co\/wp-content\/uploads\/2016\/05\/Babyfil-Jeu-%C3%A0-d%C3%A9couper-f1-1954_wp.jpg?resize=768%2C1110&amp;ssl=1 768w, https:\/\/i0.wp.com\/lesgravereaux.marret.co\/wp-content\/uploads\/2016\/05\/Babyfil-Jeu-%C3%A0-d%C3%A9couper-f1-1954_wp.jpg?resize=800%2C1156&amp;ssl=1 800w, https:\/\/i0.wp.com\/lesgravereaux.marret.co\/wp-content\/uploads\/2016\/05\/Babyfil-Jeu-%C3%A0-d%C3%A9couper-f1-1954_wp.jpg?resize=415%2C600&amp;ssl=1 415w, https:\/\/i0.wp.com\/lesgravereaux.marret.co\/wp-content\/uploads\/2016\/05\/Babyfil-Jeu-%C3%A0-d%C3%A9couper-f1-1954_wp.jpg?w=817&amp;ssl=1 817w\" sizes=\"auto, (max-width: 295px) 100vw, 295px\" \/><\/a><\/p>\n<p><a href=\"https:\/\/i0.wp.com\/lesgravereaux.marret.co\/wp-content\/uploads\/2016\/05\/Babyfil-Jeu-%C3%A0-d%C3%A9couper-f4-1954_wp.jpg?ssl=1\"><img data-recalc-dims=\"1\" loading=\"lazy\" decoding=\"async\" data-attachment-id=\"2894\" data-permalink=\"https:\/\/lesgravereaux.marret.co\/index.php\/les-etablissements-gravereaux\/les-produits-des-etablissements-gravereaux\/babyfil\/babyfil-des-decoupages\/babyfil-jeu-a-decouper-f4-1954_wp\/\" data-orig-file=\"https:\/\/i0.wp.com\/lesgravereaux.marret.co\/wp-content\/uploads\/2016\/05\/Babyfil-Jeu-%C3%A0-d%C3%A9couper-f4-1954_wp.jpg?fit=818%2C1181&amp;ssl=1\" data-orig-size=\"818,1181\" data-comments-opened=\"1\" data-image-meta=\"{&quot;aperture&quot;:&quot;0&quot;,&quot;credit&quot;:&quot;&quot;,&quot;camera&quot;:&quot;&quot;,&quot;caption&quot;:&quot;&quot;,&quot;created_timestamp&quot;:&quot;0&quot;,&quot;copyright&quot;:&quot;&quot;,&quot;focal_length&quot;:&quot;0&quot;,&quot;iso&quot;:&quot;0&quot;,&quot;shutter_speed&quot;:&quot;0&quot;,&quot;title&quot;:&quot;&quot;,&quot;orientation&quot;:&quot;1&quot;}\" data-image-title=\"Babyfil &amp;#8211; Jeu \u00e0 d\u00e9couper f4 (1954)_wp\" data-image-description=\"\" data-image-caption=\"\" data-medium-file=\"https:\/\/i0.wp.com\/lesgravereaux.marret.co\/wp-content\/uploads\/2016\/05\/Babyfil-Jeu-%C3%A0-d%C3%A9couper-f4-1954_wp.jpg?fit=208%2C300&amp;ssl=1\" data-large-file=\"https:\/\/i0.wp.com\/lesgravereaux.marret.co\/wp-content\/uploads\/2016\/05\/Babyfil-Jeu-%C3%A0-d%C3%A9couper-f4-1954_wp.jpg?fit=640%2C924&amp;ssl=1\" class=\"alignnone wp-image-2894\" src=\"https:\/\/i0.wp.com\/lesgravereaux.marret.co\/wp-content\/uploads\/2016\/05\/Babyfil-Jeu-%C3%A0-d%C3%A9couper-f4-1954_wp.jpg?resize=295%2C426&#038;ssl=1\" alt=\"Babyfil - Jeu \u00e0 d\u00e9couper f4 (1954)_wp\" width=\"295\" height=\"426\" data-wp-pid=\"2894\" srcset=\"https:\/\/i0.wp.com\/lesgravereaux.marret.co\/wp-content\/uploads\/2016\/05\/Babyfil-Jeu-%C3%A0-d%C3%A9couper-f4-1954_wp.jpg?resize=709%2C1024&amp;ssl=1 709w, https:\/\/i0.wp.com\/lesgravereaux.marret.co\/wp-content\/uploads\/2016\/05\/Babyfil-Jeu-%C3%A0-d%C3%A9couper-f4-1954_wp.jpg?resize=208%2C300&amp;ssl=1 208w, https:\/\/i0.wp.com\/lesgravereaux.marret.co\/wp-content\/uploads\/2016\/05\/Babyfil-Jeu-%C3%A0-d%C3%A9couper-f4-1954_wp.jpg?resize=768%2C1109&amp;ssl=1 768w, https:\/\/i0.wp.com\/lesgravereaux.marret.co\/wp-content\/uploads\/2016\/05\/Babyfil-Jeu-%C3%A0-d%C3%A9couper-f4-1954_wp.jpg?resize=800%2C1155&amp;ssl=1 800w, https:\/\/i0.wp.com\/lesgravereaux.marret.co\/wp-content\/uploads\/2016\/05\/Babyfil-Jeu-%C3%A0-d%C3%A9couper-f4-1954_wp.jpg?resize=416%2C600&amp;ssl=1 416w, https:\/\/i0.wp.com\/lesgravereaux.marret.co\/wp-content\/uploads\/2016\/05\/Babyfil-Jeu-%C3%A0-d%C3%A9couper-f4-1954_wp.jpg?w=818&amp;ssl=1 818w\" sizes=\"auto, (max-width: 295px) 100vw, 295px\" \/><\/a>\u00a0 <a href=\"https:\/\/i0.wp.com\/lesgravereaux.marret.co\/wp-content\/uploads\/2016\/05\/Babyfil-Jeu-%C3%A0-d%C3%A9couper-f3-1954_wp.jpg?ssl=1\"><img data-recalc-dims=\"1\" loading=\"lazy\" decoding=\"async\" data-attachment-id=\"2893\" data-permalink=\"https:\/\/lesgravereaux.marret.co\/index.php\/les-etablissements-gravereaux\/les-produits-des-etablissements-gravereaux\/babyfil\/babyfil-des-decoupages\/babyfil-jeu-a-decouper-f3-1954_wp\/\" data-orig-file=\"https:\/\/i0.wp.com\/lesgravereaux.marret.co\/wp-content\/uploads\/2016\/05\/Babyfil-Jeu-%C3%A0-d%C3%A9couper-f3-1954_wp.jpg?fit=808%2C1181&amp;ssl=1\" data-orig-size=\"808,1181\" data-comments-opened=\"1\" data-image-meta=\"{&quot;aperture&quot;:&quot;0&quot;,&quot;credit&quot;:&quot;&quot;,&quot;camera&quot;:&quot;&quot;,&quot;caption&quot;:&quot;&quot;,&quot;created_timestamp&quot;:&quot;0&quot;,&quot;copyright&quot;:&quot;&quot;,&quot;focal_length&quot;:&quot;0&quot;,&quot;iso&quot;:&quot;0&quot;,&quot;shutter_speed&quot;:&quot;0&quot;,&quot;title&quot;:&quot;&quot;,&quot;orientation&quot;:&quot;1&quot;}\" data-image-title=\"Babyfil &amp;#8211; Jeu \u00e0 d\u00e9couper f3 (1954)_wp\" data-image-description=\"\" data-image-caption=\"\" data-medium-file=\"https:\/\/i0.wp.com\/lesgravereaux.marret.co\/wp-content\/uploads\/2016\/05\/Babyfil-Jeu-%C3%A0-d%C3%A9couper-f3-1954_wp.jpg?fit=205%2C300&amp;ssl=1\" data-large-file=\"https:\/\/i0.wp.com\/lesgravereaux.marret.co\/wp-content\/uploads\/2016\/05\/Babyfil-Jeu-%C3%A0-d%C3%A9couper-f3-1954_wp.jpg?fit=640%2C935&amp;ssl=1\" class=\"alignnone wp-image-2893\" src=\"https:\/\/i0.wp.com\/lesgravereaux.marret.co\/wp-content\/uploads\/2016\/05\/Babyfil-Jeu-%C3%A0-d%C3%A9couper-f3-1954_wp.jpg?resize=295%2C426&#038;ssl=1\" alt=\"Babyfil - Jeu \u00e0 d\u00e9couper f3 (1954)_wp\" width=\"295\" height=\"426\" data-wp-pid=\"2893\" \/><\/a><\/p>\n<p>&nbsp;<\/p>\n<p>&nbsp;<\/p>\n","protected":false},"excerpt":{"rendered":"<p>Pour promouvoir les produits Babyfil, les \u00c9tablissements Gravereaux ont fait imprimer et distribuer pr\u00e8s d\u2019une trentaine de buvards diff\u00e9rents, dont deux s\u00e9ries, l&rsquo;une\u00a0visant particuli\u00e8rement les gar\u00e7onnets, sur l\u2019histoire de l&rsquo;automobile, et, l&rsquo;autre, pour les fillettes sur la mode \u00e0 travers &hellip; <a href=\"https:\/\/lesgravereaux.marret.co\/index.php\/les-etablissements-gravereaux\/les-produits-des-etablissements-gravereaux\/babyfil\/babyfil-des-decoupages\/\">Continuer la lecture <span class=\"meta-nav\">&rarr;<\/span><\/a><\/p>\n","protected":false},"author":1,"featured_media":0,"parent":2766,"menu_order":0,"comment_status":"closed","ping_status":"closed","template":"","meta":{"ngg_post_thumbnail":0,"jetpack_post_was_ever_published":false,"footnotes":""},"class_list":["post-2895","page","type-page","status-publish","hentry"],"jetpack_sharing_enabled":true,"jetpack_shortlink":"https:\/\/wp.me\/P7ERyi-KH","jetpack-related-posts":[{"id":2903,"url":"https:\/\/lesgravereaux.marret.co\/index.php\/les-etablissements-gravereaux\/les-produits-des-etablissements-gravereaux\/babyfil\/babyfil-des-buvards-sur-lhistoire-du-costume\/","url_meta":{"origin":2895,"position":0},"title":"Babyfil &#8211; des buvards sur l&rsquo;histoire du costume","author":"marretgravereaux","date":"21 mai 2016","format":false,"excerpt":"Tout comme\u00a0les buvards sur l'automobile, produits \u00e0 l'intention des gar\u00e7onnets, ceux portant sur La belle histoire du costume visent \u00e0 int\u00e9resser et fid\u00e9liser les fillettes. Mais une certaine rigueur historique et l'int\u00e9r\u00eat du sujet\u00a0am\u00e8nent les cr\u00e9ateurs\u00a0\u00e0 constituer une s\u00e9rie de douze buvards - plut\u00f4t que dix pour les gar\u00e7ons... \u00a0\u2026","rel":"","context":"Article similaire","block_context":{"text":"Article similaire","link":""},"img":{"alt_text":"Babyfil, Buvard - S Histoire du costume 01 (1450)_wp","src":"https:\/\/i0.wp.com\/lesgravereaux.marret.co\/wp-content\/uploads\/2016\/05\/Babyfil-Buvard-S-Histoire-du-costume-01-1450_wp.jpg?resize=350%2C200","width":350,"height":200},"classes":[]},{"id":1204,"url":"https:\/\/lesgravereaux.marret.co\/index.php\/les-etablissements-gravereaux\/les-produits-des-etablissements-gravereaux\/babyfil\/une-exposition-babyfil\/","url_meta":{"origin":2895,"position":1},"title":"Une exposition Babyfil","author":"marretgravereaux","date":"18 mars 2016","format":false,"excerpt":"En 2013, le Mus\u00e9e de la Chemiserie et de l'\u00c9l\u00e9gance masculine d'Argenton-sur-Creuse a mis \u00e0 l'honneur les produits Babyfil - la principale marque de mode enfantine des \u00c9tablissements Gravereaux \u2013 en y tenant une exposition. Babyfil, une mode enfantine argentonnaise La SOGEC, entreprise de confection dirig\u00e9e par Jean-Ren\u00e9 Gravereaux, est\u2026","rel":"","context":"Dans &quot;Les \u00c9tablissements Gravereaux&quot;","block_context":{"text":"Les \u00c9tablissements Gravereaux","link":"https:\/\/lesgravereaux.marret.co\/index.php\/category\/les-etablissements-gravereaux\/"},"img":{"alt_text":"Babyfil affiche-3_wp","src":"https:\/\/i0.wp.com\/lesgravereaux.marret.co\/wp-content\/uploads\/2016\/07\/Babyfil-affiche-3_wp-692x1024.jpg?resize=350%2C200","width":350,"height":200},"classes":[]},{"id":4413,"url":"https:\/\/lesgravereaux.marret.co\/index.php\/les-etablissements-gravereaux\/les-produits-des-etablissements-gravereaux\/babyfil\/babyfil-la-publicite\/","url_meta":{"origin":2895,"position":2},"title":"Babyfil, la publicit\u00e9","author":"marretgravereaux","date":"8 juillet 2016","format":false,"excerpt":"Les \u00c9tablissements Gravereaux se sont lanc\u00e9s dans la fabrication et la commercialisation des v\u00eatements pour enfants pendant la Seconde Guerre mondiale; mais ce n\u2019est qu\u2019\u00e0 partir des ann\u00e9es 1950 que la mode enfantine y a pris autant d\u2019importance, occupant, \u00e0 certains moments, plus de deux cents employ\u00e9s \u00e0 la fabrication\u2026","rel":"","context":"Article similaire","block_context":{"text":"Article similaire","link":""},"img":{"alt_text":"Chemise 2-3 (2011-22 _011)_wp","src":"https:\/\/i0.wp.com\/lesgravereaux.marret.co\/wp-content\/uploads\/2016\/03\/Chemise-2-3-2011-22-_011_wp-997x1024.jpg?resize=350%2C200","width":350,"height":200},"classes":[]},{"id":2901,"url":"https:\/\/lesgravereaux.marret.co\/index.php\/les-etablissements-gravereaux\/les-produits-des-etablissements-gravereaux\/babyfil\/babyfil-des-buvards-sur-lhistoire-de-lautomobile\/","url_meta":{"origin":2895,"position":3},"title":"Babyfil &#8211; des buvards sur l&rsquo;histoire de l&rsquo;automobile","author":"marretgravereaux","date":"21 mai 2016","format":false,"excerpt":"En faisant imprimer et en distribuant des buvards sur le th\u00e8me de La belle histoire de l'automobile, les \u00c9tablissements Gravereaux visent bien s\u00fbr \u00e0 faire conna\u00eetre la marque Babyfil aupr\u00e8s des gar\u00e7onnets, plus port\u00e9s vers la voiture que les fillettes (\u00e0 qui sont destin\u00e9s des buvards sur l'histoire du costume);\u00a0en\u2026","rel":"","context":"Article similaire","block_context":{"text":"Article similaire","link":""},"img":{"alt_text":"Babyfil, Buvard - S Automobile 01-S (1769)_wp","src":"https:\/\/i0.wp.com\/lesgravereaux.marret.co\/wp-content\/uploads\/2016\/05\/Babyfil-Buvard-S-Automobile-01-S-1769_wp.jpg?resize=350%2C200","width":350,"height":200},"classes":[]},{"id":2766,"url":"https:\/\/lesgravereaux.marret.co\/index.php\/les-etablissements-gravereaux\/les-produits-des-etablissements-gravereaux\/babyfil\/","url_meta":{"origin":2895,"position":4},"title":"Babyfil","author":"marretgravereaux","date":"19 mai 2016","format":false,"excerpt":"\u00c0 la fin de la Seconde Guerre mondiale, les \u00c9tablissements Gravereaux veulent diversifier leur production. Apr\u00e8s les cols et les chemises pour hommes, fabriqu\u00e9s principalement depuis vingt ans sous la marque\u00a0Triplefil, apr\u00e8s les v\u00eatements pour dames, largement produits et vendus pendant la guerre, la Maison Gravereaux d\u00e9cide de se lancer\u2026","rel":"","context":"Article similaire","block_context":{"text":"Article similaire","link":""},"img":{"alt_text":"Robe b\u00e9b\u00e9 1-1","src":"https:\/\/i0.wp.com\/lesgravereaux.marret.co\/wp-content\/uploads\/2016\/05\/Robe-b%C3%A9b%C3%A9-1-1-2007-33_018_wp-1024x672.jpg?resize=350%2C200","width":350,"height":200},"classes":[]},{"id":2922,"url":"https:\/\/lesgravereaux.marret.co\/index.php\/les-etablissements-gravereaux\/les-produits-des-etablissements-gravereaux\/babyfil\/babyfil-a-cholet\/","url_meta":{"origin":2895,"position":5},"title":"Babyfil&#8230; \u00e0 Cholet","author":"marretgravereaux","date":"21 mai 2016","format":false,"excerpt":"Le Mus\u00e9e du Textile de Cholet tenait, du 3\u00a0d\u00e9cembre 2011 au 18 mars 2012, une exposition sur la mode enfantine sous le th\u00e8me \u00ab\u00a0\u00c0 fleur de peau\u00a0\u00bb. \u00c0 cette occasion et en collaboration avec le Mus\u00e9e de la Chemiserie et de l'\u00c9l\u00e9gance masculine d\u2019Argenton-sur-Creuse, il pr\u00e9sentait quelques produits et documents\u2026","rel":"","context":"Article similaire","block_context":{"text":"Article similaire","link":""},"img":{"alt_text":"\u00c0 fleur de peau - carte exposition_wp","src":"https:\/\/i0.wp.com\/lesgravereaux.marret.co\/wp-content\/uploads\/2016\/05\/%C3%80-fleur-de-peau-carte-exposition_wp.jpg?resize=350%2C200","width":350,"height":200},"classes":[]}],"_links":{"self":[{"href":"https:\/\/lesgravereaux.marret.co\/index.php\/wp-json\/wp\/v2\/pages\/2895","targetHints":{"allow":["GET"]}}],"collection":[{"href":"https:\/\/lesgravereaux.marret.co\/index.php\/wp-json\/wp\/v2\/pages"}],"about":[{"href":"https:\/\/lesgravereaux.marret.co\/index.php\/wp-json\/wp\/v2\/types\/page"}],"author":[{"embeddable":true,"href":"https:\/\/lesgravereaux.marret.co\/index.php\/wp-json\/wp\/v2\/users\/1"}],"replies":[{"embeddable":true,"href":"https:\/\/lesgravereaux.marret.co\/index.php\/wp-json\/wp\/v2\/comments?post=2895"}],"version-history":[{"count":0,"href":"https:\/\/lesgravereaux.marret.co\/index.php\/wp-json\/wp\/v2\/pages\/2895\/revisions"}],"up":[{"embeddable":true,"href":"https:\/\/lesgravereaux.marret.co\/index.php\/wp-json\/wp\/v2\/pages\/2766"}],"wp:attachment":[{"href":"https:\/\/lesgravereaux.marret.co\/index.php\/wp-json\/wp\/v2\/media?parent=2895"}],"curies":[{"name":"wp","href":"https:\/\/api.w.org\/{rel}","templated":true}]}}