{"id":2884,"date":"2016-05-20T23:31:52","date_gmt":"2016-05-20T22:31:52","guid":{"rendered":"http:\/\/lesgravereaux.marret.co\/?page_id=2884"},"modified":"2017-08-02T03:12:33","modified_gmt":"2017-08-02T02:12:33","slug":"brassac-les-mines","status":"publish","type":"page","link":"https:\/\/lesgravereaux.marret.co\/index.php\/les-etablissements-gravereaux\/brassac-les-mines\/","title":{"rendered":"Brassac-les-Mines"},"content":{"rendered":"<p>Pendant la Premi\u00e8re Guerre mondiale, les \u00c9tablissements Gravereaux fabriquent des masques \u00e0 gaz pour l\u2019Arm\u00e9e fran\u00e7aise. Cependant, en 1918, le Gouvernement fran\u00e7ais s\u2019inqui\u00e8te des avanc\u00e9es allemandes; l\u2019Administration de la Guerre exige donc de Ren\u00e9 Gravereaux qu\u2019il prenne les dispositions pertinentes pour pouvoir, si n\u00e9cessaire, d\u00e9m\u00e9nager son usine dans le Centre de la France. Celui-ci ach\u00e8te donc \u00e0 Monsieur Cochon-Quinette une usine de fabrication de v\u00eatements situ\u00e9e \u00e0 Brassac-les-Mines (Puy-de-D\u00f4me).<\/p>\n<p><a href=\"https:\/\/i0.wp.com\/lesgravereaux.marret.co\/wp-content\/uploads\/2016\/05\/brassac-1-OG1726_wp.jpg?ssl=1\"><img data-recalc-dims=\"1\" loading=\"lazy\" decoding=\"async\" data-attachment-id=\"2615\" data-permalink=\"https:\/\/lesgravereaux.marret.co\/index.php\/les-etablissements-gravereaux\/les-produits-des-etablissements-gravereaux\/le-materiel-de-protection-gravereaux\/brassac-1-og1726_wp\/\" data-orig-file=\"https:\/\/i0.wp.com\/lesgravereaux.marret.co\/wp-content\/uploads\/2016\/05\/brassac-1-OG1726_wp.jpg?fit=886%2C555&amp;ssl=1\" data-orig-size=\"886,555\" data-comments-opened=\"1\" data-image-meta=\"{&quot;aperture&quot;:&quot;0&quot;,&quot;credit&quot;:&quot;&quot;,&quot;camera&quot;:&quot;&quot;,&quot;caption&quot;:&quot;1919&quot;,&quot;created_timestamp&quot;:&quot;0&quot;,&quot;copyright&quot;:&quot;&quot;,&quot;focal_length&quot;:&quot;0&quot;,&quot;iso&quot;:&quot;0&quot;,&quot;shutter_speed&quot;:&quot;0&quot;,&quot;title&quot;:&quot;1919&quot;,&quot;orientation&quot;:&quot;1&quot;}\" data-image-title=\"brassac-1 &amp;#8211; OG1726_wp\" data-image-description=\"\" data-image-caption=\"\" data-medium-file=\"https:\/\/i0.wp.com\/lesgravereaux.marret.co\/wp-content\/uploads\/2016\/05\/brassac-1-OG1726_wp.jpg?fit=300%2C188&amp;ssl=1\" data-large-file=\"https:\/\/i0.wp.com\/lesgravereaux.marret.co\/wp-content\/uploads\/2016\/05\/brassac-1-OG1726_wp.jpg?fit=640%2C401&amp;ssl=1\" width=\"309\" height=\"194\" class=\"alignnone wp-image-2615\" alt=\"brassac-1 - OG1726_wp\" src=\"https:\/\/i0.wp.com\/lesgravereaux.marret.co\/wp-content\/uploads\/2016\/05\/brassac-1-OG1726_wp.jpg?resize=309%2C194&#038;ssl=1\" data-wp-pid=\"2615\" srcset=\"https:\/\/i0.wp.com\/lesgravereaux.marret.co\/wp-content\/uploads\/2016\/05\/brassac-1-OG1726_wp.jpg?w=886&amp;ssl=1 886w, https:\/\/i0.wp.com\/lesgravereaux.marret.co\/wp-content\/uploads\/2016\/05\/brassac-1-OG1726_wp.jpg?resize=300%2C188&amp;ssl=1 300w, https:\/\/i0.wp.com\/lesgravereaux.marret.co\/wp-content\/uploads\/2016\/05\/brassac-1-OG1726_wp.jpg?resize=768%2C481&amp;ssl=1 768w, https:\/\/i0.wp.com\/lesgravereaux.marret.co\/wp-content\/uploads\/2016\/05\/brassac-1-OG1726_wp.jpg?resize=800%2C501&amp;ssl=1 800w, https:\/\/i0.wp.com\/lesgravereaux.marret.co\/wp-content\/uploads\/2016\/05\/brassac-1-OG1726_wp.jpg?resize=600%2C376&amp;ssl=1 600w\" sizes=\"auto, (max-width: 309px) 100vw, 309px\" \/>&nbsp; <\/a><a href=\"https:\/\/i0.wp.com\/lesgravereaux.marret.co\/wp-content\/uploads\/2016\/05\/brassac-3-OG1728_wp.jpg?ssl=1\"><img data-recalc-dims=\"1\" loading=\"lazy\" decoding=\"async\" data-attachment-id=\"2617\" data-permalink=\"https:\/\/lesgravereaux.marret.co\/index.php\/les-etablissements-gravereaux\/brassac-les-mines\/brassac-3-og1728_wp\/\" data-orig-file=\"https:\/\/i0.wp.com\/lesgravereaux.marret.co\/wp-content\/uploads\/2016\/05\/brassac-3-OG1728_wp.jpg?fit=886%2C617&amp;ssl=1\" data-orig-size=\"886,617\" data-comments-opened=\"1\" data-image-meta=\"{&quot;aperture&quot;:&quot;0&quot;,&quot;credit&quot;:&quot;&quot;,&quot;camera&quot;:&quot;&quot;,&quot;caption&quot;:&quot;1919&quot;,&quot;created_timestamp&quot;:&quot;0&quot;,&quot;copyright&quot;:&quot;&quot;,&quot;focal_length&quot;:&quot;0&quot;,&quot;iso&quot;:&quot;0&quot;,&quot;shutter_speed&quot;:&quot;0&quot;,&quot;title&quot;:&quot;1919&quot;,&quot;orientation&quot;:&quot;1&quot;}\" data-image-title=\"brassac-3 &amp;#8211; OG1728_wp\" data-image-description=\"\" data-image-caption=\"&lt;p&gt;1919&lt;\/p&gt;\n\" data-medium-file=\"https:\/\/i0.wp.com\/lesgravereaux.marret.co\/wp-content\/uploads\/2016\/05\/brassac-3-OG1728_wp.jpg?fit=300%2C209&amp;ssl=1\" data-large-file=\"https:\/\/i0.wp.com\/lesgravereaux.marret.co\/wp-content\/uploads\/2016\/05\/brassac-3-OG1728_wp.jpg?fit=640%2C446&amp;ssl=1\" width=\"281\" height=\"196\" class=\" wp-image-2617\" alt=\"1919\" src=\"https:\/\/i0.wp.com\/lesgravereaux.marret.co\/wp-content\/uploads\/2016\/05\/brassac-3-OG1728_wp.jpg?resize=281%2C196&#038;ssl=1\" data-wp-pid=\"2617\" srcset=\"https:\/\/i0.wp.com\/lesgravereaux.marret.co\/wp-content\/uploads\/2016\/05\/brassac-3-OG1728_wp.jpg?w=886&amp;ssl=1 886w, https:\/\/i0.wp.com\/lesgravereaux.marret.co\/wp-content\/uploads\/2016\/05\/brassac-3-OG1728_wp.jpg?resize=300%2C209&amp;ssl=1 300w, https:\/\/i0.wp.com\/lesgravereaux.marret.co\/wp-content\/uploads\/2016\/05\/brassac-3-OG1728_wp.jpg?resize=768%2C535&amp;ssl=1 768w, https:\/\/i0.wp.com\/lesgravereaux.marret.co\/wp-content\/uploads\/2016\/05\/brassac-3-OG1728_wp.jpg?resize=800%2C557&amp;ssl=1 800w, https:\/\/i0.wp.com\/lesgravereaux.marret.co\/wp-content\/uploads\/2016\/05\/brassac-3-OG1728_wp.jpg?resize=600%2C418&amp;ssl=1 600w\" sizes=\"auto, (max-width: 281px) 100vw, 281px\" \/><\/a><\/p>\n<p style=\"text-align: center;\"><span style=\"font-size: 10pt;\"><em>L&rsquo;usine de Brassac-les-Mines en 1919<\/em><\/span><\/p>\n<p>En 1930, la Maison Gravereaux d\u00e9cide de relancer la fabrication de masques \u00e0 gaz et de <a href=\"https:\/\/i0.wp.com\/lesgravereaux.marret.co\/wp-content\/uploads\/2016\/05\/Brassac-les-Mines-Ets-Gravereaux-2a_wp.jpg?ssl=1\"><img data-recalc-dims=\"1\" loading=\"lazy\" decoding=\"async\" data-attachment-id=\"2619\" data-permalink=\"https:\/\/lesgravereaux.marret.co\/index.php\/les-etablissements-gravereaux\/boulogne-lusine\/brassac-les-mines-ets-gravereaux-2a_wp\/\" data-orig-file=\"https:\/\/i0.wp.com\/lesgravereaux.marret.co\/wp-content\/uploads\/2016\/05\/Brassac-les-Mines-Ets-Gravereaux-2a_wp.jpg?fit=827%2C536&amp;ssl=1\" data-orig-size=\"827,536\" data-comments-opened=\"1\" data-image-meta=\"{&quot;aperture&quot;:&quot;0&quot;,&quot;credit&quot;:&quot;&quot;,&quot;camera&quot;:&quot;&quot;,&quot;caption&quot;:&quot;&quot;,&quot;created_timestamp&quot;:&quot;0&quot;,&quot;copyright&quot;:&quot;&quot;,&quot;focal_length&quot;:&quot;0&quot;,&quot;iso&quot;:&quot;0&quot;,&quot;shutter_speed&quot;:&quot;0&quot;,&quot;title&quot;:&quot;&quot;,&quot;orientation&quot;:&quot;1&quot;}\" data-image-title=\"Brassac-les-Mines &amp;#8211; Ets Gravereaux 2a_wp\" data-image-description=\"\" data-image-caption=\"\" data-medium-file=\"https:\/\/i0.wp.com\/lesgravereaux.marret.co\/wp-content\/uploads\/2016\/05\/Brassac-les-Mines-Ets-Gravereaux-2a_wp.jpg?fit=300%2C194&amp;ssl=1\" data-large-file=\"https:\/\/i0.wp.com\/lesgravereaux.marret.co\/wp-content\/uploads\/2016\/05\/Brassac-les-Mines-Ets-Gravereaux-2a_wp.jpg?fit=640%2C415&amp;ssl=1\" width=\"350\" height=\"227\" class=\"wp-image-2619 alignright\" alt=\"Brassac-les-Mines - Ets Gravereaux 2a_wp\" src=\"https:\/\/i0.wp.com\/lesgravereaux.marret.co\/wp-content\/uploads\/2016\/05\/Brassac-les-Mines-Ets-Gravereaux-2a_wp.jpg?resize=350%2C227&#038;ssl=1\" data-wp-pid=\"2619\" srcset=\"https:\/\/i0.wp.com\/lesgravereaux.marret.co\/wp-content\/uploads\/2016\/05\/Brassac-les-Mines-Ets-Gravereaux-2a_wp.jpg?w=827&amp;ssl=1 827w, https:\/\/i0.wp.com\/lesgravereaux.marret.co\/wp-content\/uploads\/2016\/05\/Brassac-les-Mines-Ets-Gravereaux-2a_wp.jpg?resize=300%2C194&amp;ssl=1 300w, https:\/\/i0.wp.com\/lesgravereaux.marret.co\/wp-content\/uploads\/2016\/05\/Brassac-les-Mines-Ets-Gravereaux-2a_wp.jpg?resize=768%2C498&amp;ssl=1 768w, https:\/\/i0.wp.com\/lesgravereaux.marret.co\/wp-content\/uploads\/2016\/05\/Brassac-les-Mines-Ets-Gravereaux-2a_wp.jpg?resize=800%2C519&amp;ssl=1 800w, https:\/\/i0.wp.com\/lesgravereaux.marret.co\/wp-content\/uploads\/2016\/05\/Brassac-les-Mines-Ets-Gravereaux-2a_wp.jpg?resize=600%2C389&amp;ssl=1 600w\" sizes=\"auto, (max-width: 350px) 100vw, 350px\" \/><\/a>mat\u00e9riel de protection. Elle choisit de consacrer l\u2019usine de Brassac \u00e0 la seule production de mat\u00e9riel pour les Administrations de la Guerre et de l\u2019Air. L\u2019entreprise prosp\u00e8re et plus de 800&nbsp;personnes travaillent, en 1933, dans l\u2019usine de Brassac-les-Mines, mais aussi dans des ateliers situ\u00e9s \u00e0 proximit\u00e9. L\u2019on y fabrique alors <a href=\"https:\/\/lesgravereaux.marret.co\/index.php\/les-etablissements-gravereaux\/les-produits-des-etablissements-gravereaux\/le-materiel-de-protection-gravereaux\/les-masques-a-gaz-pour-les-civils\/\">masques \u00e0 gaz<\/a>, militaires ou civils, sacs porte-masque, mais aussi <a href=\"https:\/\/lesgravereaux.marret.co\/index.php\/les-etablissements-gravereaux\/les-produits-des-etablissements-gravereaux\/le-materiel-de-protection-gravereaux\/les-parachutes\/\">parachutes<\/a>, sacs et valises pour parachutes\u2026<\/p>\n<p>Les contrats avec le Gouvernement n\u00e9cessitent d\u2019importants investissements, mais s\u2019av\u00e8rent assez peu rentables. En outre, des erreurs de fabrication et de gestion ainsi que, en m\u00eame temps, des placements hasardeux m\u00e8nent les \u00c9tablissements Gravereaux au bord de la faillite et, en 1936, \u00e0 une liquidation judiciaire. Moyennant certaines conditions, le Tribunal consent toutefois \u00e0 ce que Ren\u00e9 Gravereaux conserve son \u00ab&nbsp;<em>Fonds de Commerce de Cols et Chemises<\/em>&nbsp;\u00bb; en contrepartie, il doit abandonner \u00e0 ses cr\u00e9anciers la totalit\u00e9 de son actif commercial li\u00e9 \u00e0 la fabrication et \u00e0 la vente de masques \u00e0 gaz, appareils de protection, abris collectifs et parachutes, dont les usines de <em>Brassac-les-Mines<\/em>, de <em>La Combelle<\/em> et de <em>Sainte-Florine<\/em>. Les \u00c9tablissements Ducellier, sp\u00e9cialis\u00e9s dans l\u2019\u00e9quipement \u00e9lectrique automobile, rach\u00e8teront l\u2019\u00e9tablissement de Brassac-les-Mines en 1937.<\/p>\n","protected":false},"excerpt":{"rendered":"<p>Pendant la Premi\u00e8re Guerre mondiale, les \u00c9tablissements Gravereaux fabriquent des masques \u00e0 gaz pour l\u2019Arm\u00e9e fran\u00e7aise. Cependant, en 1918, le Gouvernement fran\u00e7ais s\u2019inqui\u00e8te des avanc\u00e9es allemandes; l\u2019Administration de la Guerre exige donc de Ren\u00e9 Gravereaux qu\u2019il prenne les dispositions pertinentes &hellip; <a href=\"https:\/\/lesgravereaux.marret.co\/index.php\/les-etablissements-gravereaux\/brassac-les-mines\/\">Continuer la lecture <span class=\"meta-nav\">&rarr;<\/span><\/a><\/p>\n","protected":false},"author":1,"featured_media":0,"parent":615,"menu_order":0,"comment_status":"closed","ping_status":"closed","template":"","meta":{"ngg_post_thumbnail":0,"jetpack_post_was_ever_published":false,"footnotes":""},"class_list":["post-2884","page","type-page","status-publish","hentry"],"jetpack_sharing_enabled":true,"jetpack_shortlink":"https:\/\/wp.me\/P7ERyi-Kw","jetpack-related-posts":[{"id":2856,"url":"https:\/\/lesgravereaux.marret.co\/index.php\/les-etablissements-gravereaux\/boulogne-lusine\/","url_meta":{"origin":2884,"position":0},"title":"Boulogne &#8211; l&rsquo;usine","author":"marretgravereaux","date":"20 mai 2016","format":false,"excerpt":"Au cours de leur demi-si\u00e8cle d\u2019existence, Les \u00c9tablissements Gravereaux ont fabriqu\u00e9 leurs produits dans plusieurs manufactures et ateliers. D\u00e8s 1910, l\u2019usine de Boulogne-sur-Seine a \u00e9t\u00e9 au centre de leurs op\u00e9rations, tant pour la fabrication de cols que, pendant la guerre de 1914-1918, pour celles des masques \u00e0 gaz. Toutefois, des\u2026","rel":"","context":"Article similaire","block_context":{"text":"Article similaire","link":""},"img":{"alt_text":"Brassac-les-Mines - Ets Gravereaux 2a_wp","src":"https:\/\/i0.wp.com\/lesgravereaux.marret.co\/wp-content\/uploads\/2016\/05\/Brassac-les-Mines-Ets-Gravereaux-2a_wp.jpg?resize=350%2C200","width":350,"height":200},"classes":[]},{"id":2636,"url":"https:\/\/lesgravereaux.marret.co\/index.php\/les-etablissements-gravereaux\/les-produits-des-etablissements-gravereaux\/le-materiel-de-protection-gravereaux\/","url_meta":{"origin":2884,"position":1},"title":"Le mat\u00e9riel de protection Gravereaux","author":"marretgravereaux","date":"15 mai 2016","format":false,"excerpt":"L\u2019implication de la Maison Gravereaux dans la fabrication de mat\u00e9riel de protection date de la Premi\u00e8re Guerre mondiale. Jean-Ren\u00e9 Gravereaux raconte\u00a0: \u00ab\u00a0La guerre d\u00e9clar\u00e9e, mon p\u00e8re \u00e9tait mobilis\u00e9 \u00e0 fin ao\u00fbt 1914. [\u2026] Il devait participer au combat de Charleroi et \u00eatre d\u00e9mobilis\u00e9, tr\u00e8s rapidement, comme p\u00e8re de famille nombreuse\u2026","rel":"","context":"Article similaire","block_context":{"text":"Article similaire","link":""},"img":{"alt_text":"brassac-1 - OG1726_wp","src":"https:\/\/i0.wp.com\/lesgravereaux.marret.co\/wp-content\/uploads\/2016\/05\/brassac-1-OG1726_wp.jpg?resize=350%2C200","width":350,"height":200},"classes":[]},{"id":615,"url":"https:\/\/lesgravereaux.marret.co\/index.php\/les-etablissements-gravereaux\/","url_meta":{"origin":2884,"position":2},"title":"Les \u00c9tablissements Gravereaux","author":"marretgravereaux","date":"7 mars 2016","format":false,"excerpt":"\u00a0 La \u00ab\u00a0Maison Gravereaux\u00a0\u00bb na\u00eet en 1910 alors que Ren\u00e9 Gravereaux s\u2019associe \u00e0 un fabricant de faux cols; la nouvelle soci\u00e9t\u00e9 a pour objet \u00ab\u00a0la fabrication et le commerce de faux cols, manchettes et autres articles similaires et le blanchissage sp\u00e9cial \u00e0 neuf\u00a0\u00bb. Au cours de la Premi\u00e8re Guerre mondiale,\u2026","rel":"","context":"Article similaire","block_context":{"text":"Article similaire","link":""},"img":{"alt_text":"1910 EtsGr - Cat c1a_wp","src":"https:\/\/i0.wp.com\/marret.co\/wp-content\/uploads\/2016\/03\/1910-EtsGr-Cat-c1a_wp-1-1024x729.jpg?resize=350%2C200","width":350,"height":200},"classes":[]},{"id":5275,"url":"https:\/\/lesgravereaux.marret.co\/index.php\/les-etablissements-gravereaux\/les-produits-des-etablissements-gravereaux\/le-catalogue-rg-vers-1931\/","url_meta":{"origin":2884,"position":3},"title":"Le catalogue RG (vers 1933)","author":"marretgravereaux","date":"20 avril 2017","format":false,"excerpt":"Au d\u00e9but des ann\u00e9es 1930, les \u00c9tablissements Gravereaux connaissent une p\u00e9riode faste. Comptant plus de 250\u00a0employ\u00e9s, l\u2019usine de Boulogne se consacre \u00e0 la fabrication des articles de chemiserie et de lingerie, alors que la production des \u00e9quipements militaires et de protection a \u00e9t\u00e9 regroup\u00e9e dans le Puy-de-D\u00f4me, aux usines de\u2026","rel":"","context":"Article similaire","block_context":{"text":"Article similaire","link":""},"img":{"alt_text":"","src":"","width":0,"height":0},"classes":[]},{"id":3110,"url":"https:\/\/lesgravereaux.marret.co\/index.php\/les-etablissements-gravereaux\/petite-chronologie\/","url_meta":{"origin":2884,"position":4},"title":"Petite chronologie","author":"marretgravereaux","date":"24 mai 2016","format":false,"excerpt":"1910 (21 juin) Gaston Chastel et Ren\u00e9 Gravereaux cr\u00e9ent une soci\u00e9t\u00e9 en nom collectif. Ren\u00e9 Gravereaux apporte 150\u00a0000\u00a0francs et Gaston Chastel 370\u00a0000\u00a0francs. Cette entreprise - dont le si\u00e8ge social est situ\u00e9 rue du faubourg Poissonni\u00e8re - est sp\u00e9cialis\u00e9e dans la fabrication de faux-cols, manchettes, et autres articles de lingerie, ainsi\u2026","rel":"","context":"Article similaire","block_context":{"text":"Article similaire","link":""},"img":{"alt_text":"R Gravereaux - Lettre-re\u00e7u (en-t\u00eate)_wp","src":"https:\/\/i0.wp.com\/lesgravereaux.marret.co\/wp-content\/uploads\/2016\/05\/R-Gravereaux-Lettre-re%C3%A7u-en-t%C3%AAte_wp.jpg?resize=350%2C200","width":350,"height":200},"classes":[]},{"id":2766,"url":"https:\/\/lesgravereaux.marret.co\/index.php\/les-etablissements-gravereaux\/les-produits-des-etablissements-gravereaux\/babyfil\/","url_meta":{"origin":2884,"position":5},"title":"Babyfil","author":"marretgravereaux","date":"19 mai 2016","format":false,"excerpt":"\u00c0 la fin de la Seconde Guerre mondiale, les \u00c9tablissements Gravereaux veulent diversifier leur production. Apr\u00e8s les cols et les chemises pour hommes, fabriqu\u00e9s principalement depuis vingt ans sous la marque\u00a0Triplefil, apr\u00e8s les v\u00eatements pour dames, largement produits et vendus pendant la guerre, la Maison Gravereaux d\u00e9cide de se lancer\u2026","rel":"","context":"Article similaire","block_context":{"text":"Article similaire","link":""},"img":{"alt_text":"Robe b\u00e9b\u00e9 1-1","src":"https:\/\/i0.wp.com\/lesgravereaux.marret.co\/wp-content\/uploads\/2016\/05\/Robe-b%C3%A9b%C3%A9-1-1-2007-33_018_wp-1024x672.jpg?resize=350%2C200","width":350,"height":200},"classes":[]}],"_links":{"self":[{"href":"https:\/\/lesgravereaux.marret.co\/index.php\/wp-json\/wp\/v2\/pages\/2884","targetHints":{"allow":["GET"]}}],"collection":[{"href":"https:\/\/lesgravereaux.marret.co\/index.php\/wp-json\/wp\/v2\/pages"}],"about":[{"href":"https:\/\/lesgravereaux.marret.co\/index.php\/wp-json\/wp\/v2\/types\/page"}],"author":[{"embeddable":true,"href":"https:\/\/lesgravereaux.marret.co\/index.php\/wp-json\/wp\/v2\/users\/1"}],"replies":[{"embeddable":true,"href":"https:\/\/lesgravereaux.marret.co\/index.php\/wp-json\/wp\/v2\/comments?post=2884"}],"version-history":[{"count":0,"href":"https:\/\/lesgravereaux.marret.co\/index.php\/wp-json\/wp\/v2\/pages\/2884\/revisions"}],"up":[{"embeddable":true,"href":"https:\/\/lesgravereaux.marret.co\/index.php\/wp-json\/wp\/v2\/pages\/615"}],"wp:attachment":[{"href":"https:\/\/lesgravereaux.marret.co\/index.php\/wp-json\/wp\/v2\/media?parent=2884"}],"curies":[{"name":"wp","href":"https:\/\/api.w.org\/{rel}","templated":true}]}}