{"id":2766,"date":"2016-05-19T04:09:42","date_gmt":"2016-05-19T03:09:42","guid":{"rendered":"http:\/\/lesgravereaux.marret.co\/?page_id=2766"},"modified":"2016-06-12T17:07:16","modified_gmt":"2016-06-12T16:07:16","slug":"babyfil","status":"publish","type":"page","link":"https:\/\/lesgravereaux.marret.co\/index.php\/les-etablissements-gravereaux\/les-produits-des-etablissements-gravereaux\/babyfil\/","title":{"rendered":"Babyfil"},"content":{"rendered":"<p>\u00c0 la fin de la Seconde Guerre mondiale, les \u00c9tablissements Gravereaux veulent diversifier leur production. Apr\u00e8s les cols et les chemises pour hommes, fabriqu\u00e9s principalement depuis vingt ans sous la marque\u00a0<strong>Triplefil<\/strong>, apr\u00e8s les v\u00eatements pour dames, largement produits et vendus pendant la guerre, la Maison Gravereaux d\u00e9cide de se lancer dans la mode enfantine, quasi inexistante \u00e0 cette \u00e9poque.<\/p>\n<p><strong><a href=\"https:\/\/i0.wp.com\/lesgravereaux.marret.co\/wp-content\/uploads\/2016\/05\/Robe-b%C3%A9b%C3%A9-1-1-2007-33_018_wp.jpg?ssl=1\"><img data-recalc-dims=\"1\" loading=\"lazy\" decoding=\"async\" data-attachment-id=\"2808\" data-permalink=\"https:\/\/lesgravereaux.marret.co\/index.php\/les-etablissements-gravereaux\/les-produits-des-etablissements-gravereaux\/babyfil\/sony-dsc-15\/\" data-orig-file=\"https:\/\/i0.wp.com\/lesgravereaux.marret.co\/wp-content\/uploads\/2016\/05\/Robe-b%C3%A9b%C3%A9-1-1-2007-33_018_wp.jpg?fit=1181%2C775&amp;ssl=1\" data-orig-size=\"1181,775\" data-comments-opened=\"1\" data-image-meta=\"{&quot;aperture&quot;:&quot;5.6&quot;,&quot;credit&quot;:&quot;&quot;,&quot;camera&quot;:&quot;DSLR-A100&quot;,&quot;caption&quot;:&quot;SONY DSC&quot;,&quot;created_timestamp&quot;:&quot;1197737014&quot;,&quot;copyright&quot;:&quot;&quot;,&quot;focal_length&quot;:&quot;60&quot;,&quot;iso&quot;:&quot;400&quot;,&quot;shutter_speed&quot;:&quot;0.0125&quot;,&quot;title&quot;:&quot;SONY DSC&quot;,&quot;orientation&quot;:&quot;1&quot;}\" data-image-title=\"Robe b\u00e9b\u00e9 1-1\" data-image-description=\"\" data-image-caption=\"\" data-medium-file=\"https:\/\/i0.wp.com\/lesgravereaux.marret.co\/wp-content\/uploads\/2016\/05\/Robe-b%C3%A9b%C3%A9-1-1-2007-33_018_wp.jpg?fit=300%2C197&amp;ssl=1\" data-large-file=\"https:\/\/i0.wp.com\/lesgravereaux.marret.co\/wp-content\/uploads\/2016\/05\/Robe-b%C3%A9b%C3%A9-1-1-2007-33_018_wp.jpg?fit=640%2C420&amp;ssl=1\" class=\"wp-image-2808 alignright\" src=\"https:\/\/i0.wp.com\/lesgravereaux.marret.co\/wp-content\/uploads\/2016\/05\/Robe-b%C3%A9b%C3%A9-1-1-2007-33_018_wp.jpg?resize=250%2C164&#038;ssl=1\" alt=\"Robe b\u00e9b\u00e9 1-1\" width=\"250\" height=\"164\" data-wp-pid=\"2808\" srcset=\"https:\/\/i0.wp.com\/lesgravereaux.marret.co\/wp-content\/uploads\/2016\/05\/Robe-b%C3%A9b%C3%A9-1-1-2007-33_018_wp.jpg?resize=1024%2C672&amp;ssl=1 1024w, https:\/\/i0.wp.com\/lesgravereaux.marret.co\/wp-content\/uploads\/2016\/05\/Robe-b%C3%A9b%C3%A9-1-1-2007-33_018_wp.jpg?resize=300%2C197&amp;ssl=1 300w, https:\/\/i0.wp.com\/lesgravereaux.marret.co\/wp-content\/uploads\/2016\/05\/Robe-b%C3%A9b%C3%A9-1-1-2007-33_018_wp.jpg?resize=768%2C504&amp;ssl=1 768w, https:\/\/i0.wp.com\/lesgravereaux.marret.co\/wp-content\/uploads\/2016\/05\/Robe-b%C3%A9b%C3%A9-1-1-2007-33_018_wp.jpg?resize=800%2C525&amp;ssl=1 800w, https:\/\/i0.wp.com\/lesgravereaux.marret.co\/wp-content\/uploads\/2016\/05\/Robe-b%C3%A9b%C3%A9-1-1-2007-33_018_wp.jpg?resize=600%2C394&amp;ssl=1 600w, https:\/\/i0.wp.com\/lesgravereaux.marret.co\/wp-content\/uploads\/2016\/05\/Robe-b%C3%A9b%C3%A9-1-1-2007-33_018_wp.jpg?w=1181&amp;ssl=1 1181w\" sizes=\"auto, (max-width: 250px) 100vw, 250px\" \/><\/a>Babyfil<\/strong> voit le jour en 1948 et sous cette marque apparaissent la layette ainsi que les v\u00eatements pour enfants jusqu\u2019\u00e0 16 ans. Les deux filles de Ren\u00e9 Gravereaux travaillant dans l\u2019entreprise se partagent la t\u00e2che\u00a0: la cr\u00e9ation et le <em>patronage<\/em> sont l\u2019apanage de Suzanne Gravereaux (Marret); elle choisit \u00e9galement les tissus avec sa s\u0153ur Fran\u00e7oise Gravereaux (Lesur). Cette derni\u00e8re s\u2019occupe ensuite de la partie commerciale, calculant les prix de revient et s\u2019assurant de la production.<\/p>\n<p><a href=\"https:\/\/i0.wp.com\/lesgravereaux.marret.co\/wp-content\/uploads\/2016\/05\/Argenton-usine-IL013_wp.jpg?ssl=1\"><img data-recalc-dims=\"1\" loading=\"lazy\" decoding=\"async\" data-attachment-id=\"2801\" data-permalink=\"https:\/\/lesgravereaux.marret.co\/index.php\/les-etablissements-gravereaux\/les-produits-des-etablissements-gravereaux\/babyfil\/argenton-usine-il013_wp\/\" data-orig-file=\"https:\/\/i0.wp.com\/lesgravereaux.marret.co\/wp-content\/uploads\/2016\/05\/Argenton-usine-IL013_wp.jpg?fit=886%2C757&amp;ssl=1\" data-orig-size=\"886,757\" data-comments-opened=\"1\" data-image-meta=\"{&quot;aperture&quot;:&quot;0&quot;,&quot;credit&quot;:&quot;&quot;,&quot;camera&quot;:&quot;&quot;,&quot;caption&quot;:&quot;&quot;,&quot;created_timestamp&quot;:&quot;0&quot;,&quot;copyright&quot;:&quot;&quot;,&quot;focal_length&quot;:&quot;0&quot;,&quot;iso&quot;:&quot;0&quot;,&quot;shutter_speed&quot;:&quot;0&quot;,&quot;title&quot;:&quot;&quot;,&quot;orientation&quot;:&quot;1&quot;}\" data-image-title=\"Argenton, usine &amp;#8211; IL013_wp\" data-image-description=\"\" data-image-caption=\"\" data-medium-file=\"https:\/\/i0.wp.com\/lesgravereaux.marret.co\/wp-content\/uploads\/2016\/05\/Argenton-usine-IL013_wp.jpg?fit=300%2C256&amp;ssl=1\" data-large-file=\"https:\/\/i0.wp.com\/lesgravereaux.marret.co\/wp-content\/uploads\/2016\/05\/Argenton-usine-IL013_wp.jpg?fit=640%2C547&amp;ssl=1\" class=\"wp-image-2801 alignleft\" src=\"https:\/\/i0.wp.com\/lesgravereaux.marret.co\/wp-content\/uploads\/2016\/05\/Argenton-usine-IL013_wp.jpg?resize=250%2C214&#038;ssl=1\" alt=\"Argenton, usine - IL013_wp\" width=\"250\" height=\"214\" data-wp-pid=\"2801\" srcset=\"https:\/\/i0.wp.com\/lesgravereaux.marret.co\/wp-content\/uploads\/2016\/05\/Argenton-usine-IL013_wp.jpg?w=886&amp;ssl=1 886w, https:\/\/i0.wp.com\/lesgravereaux.marret.co\/wp-content\/uploads\/2016\/05\/Argenton-usine-IL013_wp.jpg?resize=300%2C256&amp;ssl=1 300w, https:\/\/i0.wp.com\/lesgravereaux.marret.co\/wp-content\/uploads\/2016\/05\/Argenton-usine-IL013_wp.jpg?resize=768%2C656&amp;ssl=1 768w, https:\/\/i0.wp.com\/lesgravereaux.marret.co\/wp-content\/uploads\/2016\/05\/Argenton-usine-IL013_wp.jpg?resize=800%2C684&amp;ssl=1 800w, https:\/\/i0.wp.com\/lesgravereaux.marret.co\/wp-content\/uploads\/2016\/05\/Argenton-usine-IL013_wp.jpg?resize=600%2C513&amp;ssl=1 600w\" sizes=\"auto, (max-width: 250px) 100vw, 250px\" \/><\/a>Parler de mode enfantine implique aussi de cr\u00e9er p\u00e9riodiquement de collections; les \u00c9tablissements Gravereaux en lancent deux par ann\u00e9e\u2026 Layette avec des \u00ab<em>\u00a0smocks\u00a0<\/em>\u00bb (broderies sur fronces), barboteuses, salopettes et robes, pyjamas, etc. connaissent un grand de succ\u00e8s; la production de tous ces v\u00eatements, essentiellement \u00e0 Argenton-sur-Creuse et dans la r\u00e9gion, emploie \u00e0 certains moments plus de deux cents personnes.<\/p>\n<p><a href=\"https:\/\/i0.wp.com\/lesgravereaux.marret.co\/wp-content\/uploads\/2016\/05\/Babyfil-Buvard-G-4-3_wp.jpg?ssl=1\"><img data-recalc-dims=\"1\" loading=\"lazy\" decoding=\"async\" data-attachment-id=\"2776\" data-permalink=\"https:\/\/lesgravereaux.marret.co\/index.php\/les-etablissements-gravereaux\/les-produits-des-etablissements-gravereaux\/babyfil\/babyfil-buvard-g-4-3_wp\/\" data-orig-file=\"https:\/\/i0.wp.com\/lesgravereaux.marret.co\/wp-content\/uploads\/2016\/05\/Babyfil-Buvard-G-4-3_wp.jpg?fit=886%2C571&amp;ssl=1\" data-orig-size=\"886,571\" data-comments-opened=\"1\" data-image-meta=\"{&quot;aperture&quot;:&quot;0&quot;,&quot;credit&quot;:&quot;&quot;,&quot;camera&quot;:&quot;&quot;,&quot;caption&quot;:&quot;&quot;,&quot;created_timestamp&quot;:&quot;0&quot;,&quot;copyright&quot;:&quot;&quot;,&quot;focal_length&quot;:&quot;0&quot;,&quot;iso&quot;:&quot;0&quot;,&quot;shutter_speed&quot;:&quot;0&quot;,&quot;title&quot;:&quot;&quot;,&quot;orientation&quot;:&quot;1&quot;}\" data-image-title=\"Babyfil, Buvard &amp;#8211; G 4 3_wp\" data-image-description=\"\" data-image-caption=\"\" data-medium-file=\"https:\/\/i0.wp.com\/lesgravereaux.marret.co\/wp-content\/uploads\/2016\/05\/Babyfil-Buvard-G-4-3_wp.jpg?fit=300%2C193&amp;ssl=1\" data-large-file=\"https:\/\/i0.wp.com\/lesgravereaux.marret.co\/wp-content\/uploads\/2016\/05\/Babyfil-Buvard-G-4-3_wp.jpg?fit=640%2C412&amp;ssl=1\" class=\"wp-image-2776 alignright\" src=\"https:\/\/i0.wp.com\/lesgravereaux.marret.co\/wp-content\/uploads\/2016\/05\/Babyfil-Buvard-G-4-3_wp.jpg?resize=242%2C156&#038;ssl=1\" alt=\"Babyfil, Buvard - G 4 3_wp\" width=\"242\" height=\"156\" data-wp-pid=\"2776\" srcset=\"https:\/\/i0.wp.com\/lesgravereaux.marret.co\/wp-content\/uploads\/2016\/05\/Babyfil-Buvard-G-4-3_wp.jpg?w=886&amp;ssl=1 886w, https:\/\/i0.wp.com\/lesgravereaux.marret.co\/wp-content\/uploads\/2016\/05\/Babyfil-Buvard-G-4-3_wp.jpg?resize=300%2C193&amp;ssl=1 300w, https:\/\/i0.wp.com\/lesgravereaux.marret.co\/wp-content\/uploads\/2016\/05\/Babyfil-Buvard-G-4-3_wp.jpg?resize=768%2C495&amp;ssl=1 768w, https:\/\/i0.wp.com\/lesgravereaux.marret.co\/wp-content\/uploads\/2016\/05\/Babyfil-Buvard-G-4-3_wp.jpg?resize=800%2C516&amp;ssl=1 800w, https:\/\/i0.wp.com\/lesgravereaux.marret.co\/wp-content\/uploads\/2016\/05\/Babyfil-Buvard-G-4-3_wp.jpg?resize=600%2C387&amp;ssl=1 600w\" sizes=\"auto, (max-width: 242px) 100vw, 242px\" \/><\/a>Quant \u00e0 la commercialisation de ces produits, elle s\u2019appuie sur les m\u00eames strat\u00e9gies que pour la mode adulte\u00a0: pr\u00e9sentation des collections, diffusion dans toute la France par des repr\u00e9sentants, publicit\u00e9 dans la presse sp\u00e9cialis\u00e9e et promotion aupr\u00e8s des enfants eux-m\u00eames.<\/p>\n","protected":false},"excerpt":{"rendered":"<p>\u00c0 la fin de la Seconde Guerre mondiale, les \u00c9tablissements Gravereaux veulent diversifier leur production. Apr\u00e8s les cols et les chemises pour hommes, fabriqu\u00e9s principalement depuis vingt ans sous la marque\u00a0Triplefil, apr\u00e8s les v\u00eatements pour dames, largement produits et vendus &hellip; <a href=\"https:\/\/lesgravereaux.marret.co\/index.php\/les-etablissements-gravereaux\/les-produits-des-etablissements-gravereaux\/babyfil\/\">Continuer la lecture <span class=\"meta-nav\">&rarr;<\/span><\/a><\/p>\n","protected":false},"author":1,"featured_media":0,"parent":3116,"menu_order":0,"comment_status":"closed","ping_status":"closed","template":"","meta":{"ngg_post_thumbnail":0,"jetpack_post_was_ever_published":false,"footnotes":""},"class_list":["post-2766","page","type-page","status-publish","hentry"],"jetpack_sharing_enabled":true,"jetpack_shortlink":"https:\/\/wp.me\/P7ERyi-IC","jetpack-related-posts":[{"id":1204,"url":"https:\/\/lesgravereaux.marret.co\/index.php\/les-etablissements-gravereaux\/les-produits-des-etablissements-gravereaux\/babyfil\/une-exposition-babyfil\/","url_meta":{"origin":2766,"position":0},"title":"Une exposition Babyfil","author":"marretgravereaux","date":"18 mars 2016","format":false,"excerpt":"En 2013, le Mus\u00e9e de la Chemiserie et de l'\u00c9l\u00e9gance masculine d'Argenton-sur-Creuse a mis \u00e0 l'honneur les produits Babyfil - la principale marque de mode enfantine des \u00c9tablissements Gravereaux \u2013 en y tenant une exposition. Babyfil, une mode enfantine argentonnaise La SOGEC, entreprise de confection dirig\u00e9e par Jean-Ren\u00e9 Gravereaux, est\u2026","rel":"","context":"Dans &quot;Les \u00c9tablissements Gravereaux&quot;","block_context":{"text":"Les \u00c9tablissements Gravereaux","link":"https:\/\/lesgravereaux.marret.co\/index.php\/category\/les-etablissements-gravereaux\/"},"img":{"alt_text":"Babyfil affiche-3_wp","src":"https:\/\/i0.wp.com\/lesgravereaux.marret.co\/wp-content\/uploads\/2016\/07\/Babyfil-affiche-3_wp-692x1024.jpg?resize=350%2C200","width":350,"height":200},"classes":[]},{"id":2922,"url":"https:\/\/lesgravereaux.marret.co\/index.php\/les-etablissements-gravereaux\/les-produits-des-etablissements-gravereaux\/babyfil\/babyfil-a-cholet\/","url_meta":{"origin":2766,"position":1},"title":"Babyfil&#8230; \u00e0 Cholet","author":"marretgravereaux","date":"21 mai 2016","format":false,"excerpt":"Le Mus\u00e9e du Textile de Cholet tenait, du 3\u00a0d\u00e9cembre 2011 au 18 mars 2012, une exposition sur la mode enfantine sous le th\u00e8me \u00ab\u00a0\u00c0 fleur de peau\u00a0\u00bb. \u00c0 cette occasion et en collaboration avec le Mus\u00e9e de la Chemiserie et de l'\u00c9l\u00e9gance masculine d\u2019Argenton-sur-Creuse, il pr\u00e9sentait quelques produits et documents\u2026","rel":"","context":"Article similaire","block_context":{"text":"Article similaire","link":""},"img":{"alt_text":"\u00c0 fleur de peau - carte exposition_wp","src":"https:\/\/i0.wp.com\/lesgravereaux.marret.co\/wp-content\/uploads\/2016\/05\/%C3%80-fleur-de-peau-carte-exposition_wp.jpg?resize=350%2C200","width":350,"height":200},"classes":[]},{"id":4413,"url":"https:\/\/lesgravereaux.marret.co\/index.php\/les-etablissements-gravereaux\/les-produits-des-etablissements-gravereaux\/babyfil\/babyfil-la-publicite\/","url_meta":{"origin":2766,"position":2},"title":"Babyfil, la publicit\u00e9","author":"marretgravereaux","date":"8 juillet 2016","format":false,"excerpt":"Les \u00c9tablissements Gravereaux se sont lanc\u00e9s dans la fabrication et la commercialisation des v\u00eatements pour enfants pendant la Seconde Guerre mondiale; mais ce n\u2019est qu\u2019\u00e0 partir des ann\u00e9es 1950 que la mode enfantine y a pris autant d\u2019importance, occupant, \u00e0 certains moments, plus de deux cents employ\u00e9s \u00e0 la fabrication\u2026","rel":"","context":"Article similaire","block_context":{"text":"Article similaire","link":""},"img":{"alt_text":"Chemise 2-3 (2011-22 _011)_wp","src":"https:\/\/i0.wp.com\/lesgravereaux.marret.co\/wp-content\/uploads\/2016\/03\/Chemise-2-3-2011-22-_011_wp-997x1024.jpg?resize=350%2C200","width":350,"height":200},"classes":[]},{"id":3149,"url":"https:\/\/lesgravereaux.marret.co\/index.php\/les-etablissements-gravereaux\/les-objets-promotionnels\/","url_meta":{"origin":2766,"position":3},"title":"Les objets promotionnels","author":"marretgravereaux","date":"12 juin 2016","format":false,"excerpt":"Au fil des ans, les \u00c9tablissements Gravereaux font fabriquer et distribuer divers objets promotionnels. Une grande partie d'entre\u00a0 eux sont\u00a0distribu\u00e9s aux\u00a0clients eux-m\u00eames et\u00a0choisis alors selon la client\u00e8le vis\u00e9e... Les produits des \u00c9tablissements Gravereaux concernent\u00a0d'abord les hommes et l'on ne s'\u00e9tonnera pas que, dans les ann\u00e9es 1950-1960,\u00a0plusieurs objets s'adressent aux fumeurs\u2026","rel":"","context":"Article similaire","block_context":{"text":"Article similaire","link":""},"img":{"alt_text":"Triplefil, Marque-pages 1_wp","src":"https:\/\/i0.wp.com\/lesgravereaux.marret.co\/wp-content\/uploads\/2016\/05\/Triplefil-Marque-pages-1_wp.jpg?resize=350%2C200","width":350,"height":200},"classes":[]},{"id":3131,"url":"https:\/\/lesgravereaux.marret.co\/index.php\/les-etablissements-gravereaux\/les-marques-gravereaux\/","url_meta":{"origin":2766,"position":4},"title":"Les marques Gravereaux","author":"marretgravereaux","date":"25 mai 2016","format":false,"excerpt":"Les \u00c9tablissements Gravereaux ont toujours accord\u00e9 beaucoup d\u2019importance aux marques de commerce; ils en ont donc d\u00e9pos\u00e9 un grand nombre aupr\u00e8s du Tribunal de commerce. Les deux plus importantes furent R.G. et Triplefil qui apparurent sur tous les articles, de la chemiserie aux v\u00eatements de nuit, pyjamas ou robes de\u2026","rel":"","context":"Article similaire","block_context":{"text":"Article similaire","link":""},"img":{"alt_text":"R Gravereaux - Lettre-re\u00e7u a_wp","src":"https:\/\/i0.wp.com\/lesgravereaux.marret.co\/wp-content\/uploads\/2016\/05\/R-Gravereaux-Lettre-re%C3%A7u-a_wp.jpg?resize=350%2C200","width":350,"height":200},"classes":[]},{"id":4331,"url":"https:\/\/lesgravereaux.marret.co\/index.php\/les-etablissements-gravereaux\/les-produits-des-etablissements-gravereaux\/bellafil\/","url_meta":{"origin":2766,"position":5},"title":"Bellafil","author":"marretgravereaux","date":"7 juillet 2016","format":false,"excerpt":"Les \u00c9tablissements Gravereaux se sont d\u2019abord fait conna\u00eetre par leurs cols et leurs chemises pour hommes, la marque Triplefil faisant leur r\u00e9putation pendant pr\u00e8s d\u2019un demi-si\u00e8cle. Toutefois, d\u00e8s la fin des ann\u00e9es 1930, la Maison Gravereaux cherche \u00e0 diversifier sa production et elle commence \u00e0 fabriquer des v\u00eatements pour femmes,\u2026","rel":"","context":"Article similaire","block_context":{"text":"Article similaire","link":""},"img":{"alt_text":"1939-05 Adam Chemisier no76 p32-3p_wp","src":"https:\/\/i0.wp.com\/lesgravereaux.marret.co\/wp-content\/uploads\/2016\/07\/1939-05-Adam-Chemisier-no76-p32-3p_wp.jpg?resize=350%2C200","width":350,"height":200},"classes":[]}],"_links":{"self":[{"href":"https:\/\/lesgravereaux.marret.co\/index.php\/wp-json\/wp\/v2\/pages\/2766","targetHints":{"allow":["GET"]}}],"collection":[{"href":"https:\/\/lesgravereaux.marret.co\/index.php\/wp-json\/wp\/v2\/pages"}],"about":[{"href":"https:\/\/lesgravereaux.marret.co\/index.php\/wp-json\/wp\/v2\/types\/page"}],"author":[{"embeddable":true,"href":"https:\/\/lesgravereaux.marret.co\/index.php\/wp-json\/wp\/v2\/users\/1"}],"replies":[{"embeddable":true,"href":"https:\/\/lesgravereaux.marret.co\/index.php\/wp-json\/wp\/v2\/comments?post=2766"}],"version-history":[{"count":0,"href":"https:\/\/lesgravereaux.marret.co\/index.php\/wp-json\/wp\/v2\/pages\/2766\/revisions"}],"up":[{"embeddable":true,"href":"https:\/\/lesgravereaux.marret.co\/index.php\/wp-json\/wp\/v2\/pages\/3116"}],"wp:attachment":[{"href":"https:\/\/lesgravereaux.marret.co\/index.php\/wp-json\/wp\/v2\/media?parent=2766"}],"curies":[{"name":"wp","href":"https:\/\/api.w.org\/{rel}","templated":true}]}}