{"id":2761,"date":"2016-05-19T03:18:14","date_gmt":"2016-05-19T02:18:14","guid":{"rendered":"http:\/\/lesgravereaux.marret.co\/?page_id=2761"},"modified":"2016-06-12T16:26:05","modified_gmt":"2016-06-12T15:26:05","slug":"triplefil","status":"publish","type":"page","link":"https:\/\/lesgravereaux.marret.co\/index.php\/les-etablissements-gravereaux\/les-produits-des-etablissements-gravereaux\/triplefil\/","title":{"rendered":"Triplefil"},"content":{"rendered":"<p><a href=\"https:\/\/i0.wp.com\/lesgravereaux.marret.co\/wp-content\/uploads\/2016\/05\/1910-EtsGr-Cat-p07a_wp.jpg?ssl=1\"><img data-recalc-dims=\"1\" loading=\"lazy\" decoding=\"async\" data-attachment-id=\"2649\" data-permalink=\"https:\/\/lesgravereaux.marret.co\/index.php\/les-etablissements-gravereaux\/les-produits-des-etablissements-gravereaux\/les-premiers-cols\/1910-etsgr-cat-p07a_wp\/\" data-orig-file=\"https:\/\/i0.wp.com\/lesgravereaux.marret.co\/wp-content\/uploads\/2016\/05\/1910-EtsGr-Cat-p07a_wp.jpg?fit=591%2C574&amp;ssl=1\" data-orig-size=\"591,574\" data-comments-opened=\"1\" data-image-meta=\"{&quot;aperture&quot;:&quot;0&quot;,&quot;credit&quot;:&quot;&quot;,&quot;camera&quot;:&quot;&quot;,&quot;caption&quot;:&quot;&quot;,&quot;created_timestamp&quot;:&quot;0&quot;,&quot;copyright&quot;:&quot;&quot;,&quot;focal_length&quot;:&quot;0&quot;,&quot;iso&quot;:&quot;0&quot;,&quot;shutter_speed&quot;:&quot;0&quot;,&quot;title&quot;:&quot;&quot;,&quot;orientation&quot;:&quot;1&quot;}\" data-image-title=\"1910 EtsGr &amp;#8211; Cat p07a_wp\" data-image-description=\"\" data-image-caption=\"\" data-medium-file=\"https:\/\/i0.wp.com\/lesgravereaux.marret.co\/wp-content\/uploads\/2016\/05\/1910-EtsGr-Cat-p07a_wp.jpg?fit=300%2C291&amp;ssl=1\" data-large-file=\"https:\/\/i0.wp.com\/lesgravereaux.marret.co\/wp-content\/uploads\/2016\/05\/1910-EtsGr-Cat-p07a_wp.jpg?fit=591%2C574&amp;ssl=1\" class=\"wp-image-2649 alignright\" src=\"https:\/\/i0.wp.com\/lesgravereaux.marret.co\/wp-content\/uploads\/2016\/05\/1910-EtsGr-Cat-p07a_wp.jpg?resize=149%2C144&#038;ssl=1\" alt=\"1910 EtsGr - Cat p07a_wp\" width=\"149\" height=\"144\" data-wp-pid=\"2649\" srcset=\"https:\/\/i0.wp.com\/lesgravereaux.marret.co\/wp-content\/uploads\/2016\/05\/1910-EtsGr-Cat-p07a_wp.jpg?w=591&amp;ssl=1 591w, https:\/\/i0.wp.com\/lesgravereaux.marret.co\/wp-content\/uploads\/2016\/05\/1910-EtsGr-Cat-p07a_wp.jpg?resize=300%2C291&amp;ssl=1 300w\" sizes=\"auto, (max-width: 149px) 100vw, 149px\" \/><\/a>Au d\u00e9but de son existence, la Maison Gravereaux\u00a0commercialise sa production et \u00e9tablit sa r\u00e9putation par son seul nom de famille; dans son catalogue de 1910, la Manufacture de cols et manchettes R.\u00a0Gravereaux donne bien un nom \u00e0 ses divers produits (un col\u00a0Billy, des manchettes\u00a0Alvarez, un plastron Ruy Blas, etc.), mais ce n\u2019est que pour les identifier.<\/p>\n<p><a href=\"https:\/\/i0.wp.com\/lesgravereaux.marret.co\/wp-content\/uploads\/2016\/05\/1929-11-30-LIllustration-pXLIX-partie_wp.jpg?ssl=1\"><img data-recalc-dims=\"1\" loading=\"lazy\" decoding=\"async\" data-attachment-id=\"2763\" data-permalink=\"https:\/\/lesgravereaux.marret.co\/index.php\/les-etablissements-gravereaux\/les-produits-des-etablissements-gravereaux\/triplefil\/1929-11-30-lillustration-pxlix-partie_wp\/\" data-orig-file=\"https:\/\/i0.wp.com\/lesgravereaux.marret.co\/wp-content\/uploads\/2016\/05\/1929-11-30-LIllustration-pXLIX-partie_wp.jpg?fit=765%2C886&amp;ssl=1\" data-orig-size=\"765,886\" data-comments-opened=\"1\" data-image-meta=\"{&quot;aperture&quot;:&quot;0&quot;,&quot;credit&quot;:&quot;&quot;,&quot;camera&quot;:&quot;&quot;,&quot;caption&quot;:&quot;&quot;,&quot;created_timestamp&quot;:&quot;0&quot;,&quot;copyright&quot;:&quot;&quot;,&quot;focal_length&quot;:&quot;0&quot;,&quot;iso&quot;:&quot;0&quot;,&quot;shutter_speed&quot;:&quot;0&quot;,&quot;title&quot;:&quot;&quot;,&quot;orientation&quot;:&quot;1&quot;}\" data-image-title=\"1929-11-30 L&amp;rsquo;Illustration pXLIX (partie)_wp\" data-image-description=\"\" data-image-caption=\"\" data-medium-file=\"https:\/\/i0.wp.com\/lesgravereaux.marret.co\/wp-content\/uploads\/2016\/05\/1929-11-30-LIllustration-pXLIX-partie_wp.jpg?fit=259%2C300&amp;ssl=1\" data-large-file=\"https:\/\/i0.wp.com\/lesgravereaux.marret.co\/wp-content\/uploads\/2016\/05\/1929-11-30-LIllustration-pXLIX-partie_wp.jpg?fit=640%2C741&amp;ssl=1\" class=\"wp-image-2763 alignleft\" src=\"https:\/\/i0.wp.com\/lesgravereaux.marret.co\/wp-content\/uploads\/2016\/05\/1929-11-30-LIllustration-pXLIX-partie_wp.jpg?resize=200%2C232&#038;ssl=1\" alt=\"1929-11-30 L'Illustration pXLIX (partie)_wp\" width=\"200\" height=\"232\" data-wp-pid=\"2763\" srcset=\"https:\/\/i0.wp.com\/lesgravereaux.marret.co\/wp-content\/uploads\/2016\/05\/1929-11-30-LIllustration-pXLIX-partie_wp.jpg?w=765&amp;ssl=1 765w, https:\/\/i0.wp.com\/lesgravereaux.marret.co\/wp-content\/uploads\/2016\/05\/1929-11-30-LIllustration-pXLIX-partie_wp.jpg?resize=259%2C300&amp;ssl=1 259w, https:\/\/i0.wp.com\/lesgravereaux.marret.co\/wp-content\/uploads\/2016\/05\/1929-11-30-LIllustration-pXLIX-partie_wp.jpg?resize=518%2C600&amp;ssl=1 518w\" sizes=\"auto, (max-width: 200px) 100vw, 200px\" \/><\/a>\u00c0 partir de 1917, les \u00c9tablissements Gravereaux d\u00e9posent diverses marques de fabrique au Tribunal de Commerce. Triplefil voit le jour en 1928 pour d\u00e9signer des produits de la classe\u00a049 \u2013 la lingerie \u2013, mais aussi de la classe\u00a047, les tissus. Elle demeurera, pendant pr\u00e8s de quarante ans, la marque phare de la maison.<\/p>\n<p>La r\u00e9putation de la marque Triplefil, comme produit de qualit\u00e9, augmente au fil des ans; elle est telle, en 1939, que les \u00c9tablissements Gravereaux la font appara\u00eetre sur de multiples produits\u00a0: chemises, cale\u00e7ons, chemisettes, pyjamas, robes de chambre, chemisiers pour dames et cols!<\/p>\n<p><a href=\"https:\/\/i0.wp.com\/lesgravereaux.marret.co\/wp-content\/uploads\/2016\/05\/Triplefil-Cendrier-publicitaire-2-1_wp.jpg?ssl=1\"><img data-recalc-dims=\"1\" loading=\"lazy\" decoding=\"async\" data-attachment-id=\"2755\" data-permalink=\"https:\/\/lesgravereaux.marret.co\/index.php\/les-etablissements-gravereaux\/les-produits-des-etablissements-gravereaux\/triplefil\/sony-dsc-14\/\" data-orig-file=\"https:\/\/i0.wp.com\/lesgravereaux.marret.co\/wp-content\/uploads\/2016\/05\/Triplefil-Cendrier-publicitaire-2-1_wp.jpg?fit=886%2C829&amp;ssl=1\" data-orig-size=\"886,829\" data-comments-opened=\"1\" data-image-meta=\"{&quot;aperture&quot;:&quot;5.6&quot;,&quot;credit&quot;:&quot;&quot;,&quot;camera&quot;:&quot;DSLR-A100&quot;,&quot;caption&quot;:&quot;SONY DSC&quot;,&quot;created_timestamp&quot;:&quot;1228146231&quot;,&quot;copyright&quot;:&quot;&quot;,&quot;focal_length&quot;:&quot;30&quot;,&quot;iso&quot;:&quot;400&quot;,&quot;shutter_speed&quot;:&quot;0.016666666666667&quot;,&quot;title&quot;:&quot;SONY DSC&quot;,&quot;orientation&quot;:&quot;1&quot;}\" data-image-title=\"Triplefil, Cendrier publicitaire France\" data-image-description=\"\" data-image-caption=\"&lt;p&gt;Cendrier&lt;\/p&gt;\n\" data-medium-file=\"https:\/\/i0.wp.com\/lesgravereaux.marret.co\/wp-content\/uploads\/2016\/05\/Triplefil-Cendrier-publicitaire-2-1_wp.jpg?fit=300%2C281&amp;ssl=1\" data-large-file=\"https:\/\/i0.wp.com\/lesgravereaux.marret.co\/wp-content\/uploads\/2016\/05\/Triplefil-Cendrier-publicitaire-2-1_wp.jpg?fit=640%2C599&amp;ssl=1\" class=\"wp-image-2755 alignright\" src=\"https:\/\/i0.wp.com\/lesgravereaux.marret.co\/wp-content\/uploads\/2016\/05\/Triplefil-Cendrier-publicitaire-2-1_wp.jpg?resize=205%2C192&#038;ssl=1\" alt=\"Triplefil, Cendrier publicitaire France\" width=\"205\" height=\"192\" data-wp-pid=\"2755\" srcset=\"https:\/\/i0.wp.com\/lesgravereaux.marret.co\/wp-content\/uploads\/2016\/05\/Triplefil-Cendrier-publicitaire-2-1_wp.jpg?w=886&amp;ssl=1 886w, https:\/\/i0.wp.com\/lesgravereaux.marret.co\/wp-content\/uploads\/2016\/05\/Triplefil-Cendrier-publicitaire-2-1_wp.jpg?resize=300%2C281&amp;ssl=1 300w, https:\/\/i0.wp.com\/lesgravereaux.marret.co\/wp-content\/uploads\/2016\/05\/Triplefil-Cendrier-publicitaire-2-1_wp.jpg?resize=768%2C719&amp;ssl=1 768w, https:\/\/i0.wp.com\/lesgravereaux.marret.co\/wp-content\/uploads\/2016\/05\/Triplefil-Cendrier-publicitaire-2-1_wp.jpg?resize=800%2C749&amp;ssl=1 800w, https:\/\/i0.wp.com\/lesgravereaux.marret.co\/wp-content\/uploads\/2016\/05\/Triplefil-Cendrier-publicitaire-2-1_wp.jpg?resize=600%2C561&amp;ssl=1 600w\" sizes=\"auto, (max-width: 205px) 100vw, 205px\" \/><\/a>Dans les ann\u00e9es 1950 et 1960, Triplefil demeure la marque privil\u00e9gi\u00e9e de la Maison et elle est au c\u0153ur des campagnes de mise en march\u00e9. On la retrouve donc presque toujours dans les annonces publicitaires ou sur les objets promotionnels, souvent seule ou quelquefois associ\u00e9e avec les autres marques de l\u2019entreprise\u00a0: Babyfil et Bellafil.<\/p>\n","protected":false},"excerpt":{"rendered":"<p>Au d\u00e9but de son existence, la Maison Gravereaux\u00a0commercialise sa production et \u00e9tablit sa r\u00e9putation par son seul nom de famille; dans son catalogue de 1910, la Manufacture de cols et manchettes R.\u00a0Gravereaux donne bien un nom \u00e0 ses divers produits &hellip; <a href=\"https:\/\/lesgravereaux.marret.co\/index.php\/les-etablissements-gravereaux\/les-produits-des-etablissements-gravereaux\/triplefil\/\">Continuer la lecture <span class=\"meta-nav\">&rarr;<\/span><\/a><\/p>\n","protected":false},"author":1,"featured_media":0,"parent":3116,"menu_order":0,"comment_status":"closed","ping_status":"closed","template":"","meta":{"ngg_post_thumbnail":0,"jetpack_post_was_ever_published":false,"footnotes":""},"class_list":["post-2761","page","type-page","status-publish","hentry"],"jetpack_sharing_enabled":true,"jetpack_shortlink":"https:\/\/wp.me\/P7ERyi-Ix","jetpack-related-posts":[{"id":3102,"url":"https:\/\/lesgravereaux.marret.co\/index.php\/les-etablissements-gravereaux\/les-etablissements-gravereaux-a-la-foire-de-paris\/","url_meta":{"origin":2761,"position":0},"title":"Les \u00c9tablissements Gravereaux \u00e0 la Foire de Paris","author":"marretgravereaux","date":"24 mai 2016","format":false,"excerpt":"D\u00e8s la cr\u00e9ation de son entreprise, en 1910, Ren\u00e9 Gravereaux cherche \u00e0 fabriquer des cols et des manchettes de haute qualit\u00e9 qu'il destine\u00a0\u00e0 une\u00a0client\u00e8le qui saura l'appr\u00e9cier.\u00a0C'est dans cette perspective que\u00a0les \u00c9tablissements Gravereaux pr\u00e9sentent leurs produits \u00e0 la Foire de Paris, en 1917 et en 1919... les journalistes ne manquent\u2026","rel":"","context":"Article similaire","block_context":{"text":"Article similaire","link":""},"img":{"alt_text":"1917-05-17 Le Gaulois p2 (d\u00e9tail)_wp","src":"https:\/\/i0.wp.com\/lesgravereaux.marret.co\/wp-content\/uploads\/2016\/05\/1917-05-17-Le-Gaulois-p2-d%C3%A9tail_wp.jpg?resize=350%2C200","width":350,"height":200},"classes":[]},{"id":2660,"url":"https:\/\/lesgravereaux.marret.co\/index.php\/les-etablissements-gravereaux\/les-produits-des-etablissements-gravereaux\/les-premiers-cols\/","url_meta":{"origin":2761,"position":1},"title":"Les premiers cols","author":"marretgravereaux","date":"15 mai 2016","format":false,"excerpt":"L\u2019histoire des \u00c9tablissements Gravereaux commence en 1910 alors que Ren\u00e9 Gravereaux s\u2019associe \u00e0 un fabricant de faux-cols, Gaston Chastel, dans une entreprise sp\u00e9cialis\u00e9e dans la fabrication de faux-cols, manchettes et autres articles de lingerie, ainsi que dans le blanchissage \u00e0 neuf. Comme pr\u00e9vu lors de la constitution de la soci\u00e9t\u00e9,\u2026","rel":"","context":"Article similaire","block_context":{"text":"Article similaire","link":""},"img":{"alt_text":"1910 EtsGr - Cat p02a_wp","src":"https:\/\/i0.wp.com\/lesgravereaux.marret.co\/wp-content\/uploads\/2016\/05\/1910-EtsGr-Cat-p02a_wp-1024x638.jpg?resize=350%2C200","width":350,"height":200},"classes":[]},{"id":3110,"url":"https:\/\/lesgravereaux.marret.co\/index.php\/les-etablissements-gravereaux\/petite-chronologie\/","url_meta":{"origin":2761,"position":2},"title":"Petite chronologie","author":"marretgravereaux","date":"24 mai 2016","format":false,"excerpt":"1910 (21 juin) Gaston Chastel et Ren\u00e9 Gravereaux cr\u00e9ent une soci\u00e9t\u00e9 en nom collectif. Ren\u00e9 Gravereaux apporte 150\u00a0000\u00a0francs et Gaston Chastel 370\u00a0000\u00a0francs. Cette entreprise - dont le si\u00e8ge social est situ\u00e9 rue du faubourg Poissonni\u00e8re - est sp\u00e9cialis\u00e9e dans la fabrication de faux-cols, manchettes, et autres articles de lingerie, ainsi\u2026","rel":"","context":"Article similaire","block_context":{"text":"Article similaire","link":""},"img":{"alt_text":"R Gravereaux - Lettre-re\u00e7u (en-t\u00eate)_wp","src":"https:\/\/i0.wp.com\/lesgravereaux.marret.co\/wp-content\/uploads\/2016\/05\/R-Gravereaux-Lettre-re%C3%A7u-en-t%C3%AAte_wp.jpg?resize=350%2C200","width":350,"height":200},"classes":[]},{"id":5275,"url":"https:\/\/lesgravereaux.marret.co\/index.php\/les-etablissements-gravereaux\/les-produits-des-etablissements-gravereaux\/le-catalogue-rg-vers-1931\/","url_meta":{"origin":2761,"position":3},"title":"Le catalogue RG (vers 1933)","author":"marretgravereaux","date":"20 avril 2017","format":false,"excerpt":"Au d\u00e9but des ann\u00e9es 1930, les \u00c9tablissements Gravereaux connaissent une p\u00e9riode faste. Comptant plus de 250\u00a0employ\u00e9s, l\u2019usine de Boulogne se consacre \u00e0 la fabrication des articles de chemiserie et de lingerie, alors que la production des \u00e9quipements militaires et de protection a \u00e9t\u00e9 regroup\u00e9e dans le Puy-de-D\u00f4me, aux usines de\u2026","rel":"","context":"Article similaire","block_context":{"text":"Article similaire","link":""},"img":{"alt_text":"","src":"","width":0,"height":0},"classes":[]},{"id":2693,"url":"https:\/\/lesgravereaux.marret.co\/index.php\/les-etablissements-gravereaux\/les-produits-des-etablissements-gravereaux\/les-cols-triplefil\/","url_meta":{"origin":2761,"position":4},"title":"Les cols Triplefil","author":"marretgravereaux","date":"16 mai 2016","format":false,"excerpt":"D\u00e8s le d\u00e9but de son existence, la Maison Gravereaux\u00a0attribue un nom \u00e0 ses produits; c\u2019est ainsi que l\u2019on trouve, dans son premier catalogue publi\u00e9 en\u00a01910, un faux-col dur Ren\u00e9, des manchettes Alvarez, un faux-col mou Match, un faux-col pour femme Josette, un faux-col pour enfant G\u00e9rard ou un plastron Marchand\u2026\u2026","rel":"","context":"Article similaire","block_context":{"text":"Article similaire","link":""},"img":{"alt_text":"1910 EtsGr - Cat p11a_wp","src":"https:\/\/i0.wp.com\/lesgravereaux.marret.co\/wp-content\/uploads\/2016\/05\/1910-EtsGr-Cat-p11a_wp.jpg?resize=350%2C200","width":350,"height":200},"classes":[]},{"id":3116,"url":"https:\/\/lesgravereaux.marret.co\/index.php\/les-etablissements-gravereaux\/les-produits-des-etablissements-gravereaux\/","url_meta":{"origin":2761,"position":5},"title":"Les produits des \u00c9tablissements Gravereaux","author":"marretgravereaux","date":"25 mai 2016","format":false,"excerpt":"Lorsqu\u2019en 1910 Ren\u00e9 Gravereaux s\u2019associe avec Gaston Chastel, c\u2019est pour cr\u00e9er une Manufacture de cols et manchettes, avec, pour objet la fabrication, le commerce et le blanchissage \u00e0 neuf de ces articles La Premi\u00e8re Guerre mondiale am\u00e8ne la Maison Gravereaux \u00e0 se lancer dans la fabrication de masques \u00e0 gaz\u2026","rel":"","context":"Article similaire","block_context":{"text":"Article similaire","link":""},"img":{"alt_text":"1910 EtsGr - Cat p11a_wp","src":"https:\/\/i0.wp.com\/lesgravereaux.marret.co\/wp-content\/uploads\/2016\/05\/1910-EtsGr-Cat-p11a_wp.jpg?resize=350%2C200","width":350,"height":200},"classes":[]}],"_links":{"self":[{"href":"https:\/\/lesgravereaux.marret.co\/index.php\/wp-json\/wp\/v2\/pages\/2761","targetHints":{"allow":["GET"]}}],"collection":[{"href":"https:\/\/lesgravereaux.marret.co\/index.php\/wp-json\/wp\/v2\/pages"}],"about":[{"href":"https:\/\/lesgravereaux.marret.co\/index.php\/wp-json\/wp\/v2\/types\/page"}],"author":[{"embeddable":true,"href":"https:\/\/lesgravereaux.marret.co\/index.php\/wp-json\/wp\/v2\/users\/1"}],"replies":[{"embeddable":true,"href":"https:\/\/lesgravereaux.marret.co\/index.php\/wp-json\/wp\/v2\/comments?post=2761"}],"version-history":[{"count":0,"href":"https:\/\/lesgravereaux.marret.co\/index.php\/wp-json\/wp\/v2\/pages\/2761\/revisions"}],"up":[{"embeddable":true,"href":"https:\/\/lesgravereaux.marret.co\/index.php\/wp-json\/wp\/v2\/pages\/3116"}],"wp:attachment":[{"href":"https:\/\/lesgravereaux.marret.co\/index.php\/wp-json\/wp\/v2\/media?parent=2761"}],"curies":[{"name":"wp","href":"https:\/\/api.w.org\/{rel}","templated":true}]}}