{"id":2559,"date":"2016-05-12T14:46:41","date_gmt":"2016-05-12T13:46:41","guid":{"rendered":"http:\/\/lesgravereaux.marret.co\/?page_id=2559"},"modified":"2016-06-12T16:15:37","modified_gmt":"2016-06-12T15:15:37","slug":"robert-gravereaux-portraitiste","status":"publish","type":"page","link":"https:\/\/lesgravereaux.marret.co\/index.php\/la-famille-gravereaux\/robert-gravereaux\/robert-gravereaux-portraitiste\/","title":{"rendered":"Robert Gravereaux, portraitiste?"},"content":{"rendered":"<p><a href=\"https:\/\/i0.wp.com\/lesgravereaux.marret.co\/wp-content\/uploads\/2016\/05\/1928-Gravereaux-Robert-Carnet-05_wp.jpg?ssl=1\"><img data-recalc-dims=\"1\" loading=\"lazy\" decoding=\"async\" data-attachment-id=\"2523\" data-permalink=\"https:\/\/lesgravereaux.marret.co\/index.php\/la-famille-gravereaux\/robert-gravereaux\/robert-gravereaux-portraitiste\/1928-gravereaux-robert-carnet-05_wp\/\" data-orig-file=\"https:\/\/i0.wp.com\/lesgravereaux.marret.co\/wp-content\/uploads\/2016\/05\/1928-Gravereaux-Robert-Carnet-05_wp.jpg?fit=682%2C1181&amp;ssl=1\" data-orig-size=\"682,1181\" data-comments-opened=\"1\" data-image-meta=\"{&quot;aperture&quot;:&quot;0&quot;,&quot;credit&quot;:&quot;&quot;,&quot;camera&quot;:&quot;&quot;,&quot;caption&quot;:&quot;&quot;,&quot;created_timestamp&quot;:&quot;0&quot;,&quot;copyright&quot;:&quot;&quot;,&quot;focal_length&quot;:&quot;0&quot;,&quot;iso&quot;:&quot;0&quot;,&quot;shutter_speed&quot;:&quot;0&quot;,&quot;title&quot;:&quot;&quot;,&quot;orientation&quot;:&quot;1&quot;}\" data-image-title=\"1928 Gravereaux, Robert &amp;#8211; Carnet 05_wp\" data-image-description=\"\" data-image-caption=\"\" data-medium-file=\"https:\/\/i0.wp.com\/lesgravereaux.marret.co\/wp-content\/uploads\/2016\/05\/1928-Gravereaux-Robert-Carnet-05_wp.jpg?fit=173%2C300&amp;ssl=1\" data-large-file=\"https:\/\/i0.wp.com\/lesgravereaux.marret.co\/wp-content\/uploads\/2016\/05\/1928-Gravereaux-Robert-Carnet-05_wp.jpg?fit=591%2C1024&amp;ssl=1\" class=\"wp-image-2523 alignleft\" src=\"https:\/\/i0.wp.com\/lesgravereaux.marret.co\/wp-content\/uploads\/2016\/05\/1928-Gravereaux-Robert-Carnet-05_wp.jpg?resize=173%2C300&#038;ssl=1\" alt=\"1928 Gravereaux, Robert - Carnet 05_wp\" width=\"173\" height=\"300\" data-wp-pid=\"2523\" srcset=\"https:\/\/i0.wp.com\/lesgravereaux.marret.co\/wp-content\/uploads\/2016\/05\/1928-Gravereaux-Robert-Carnet-05_wp.jpg?resize=591%2C1024&amp;ssl=1 591w, https:\/\/i0.wp.com\/lesgravereaux.marret.co\/wp-content\/uploads\/2016\/05\/1928-Gravereaux-Robert-Carnet-05_wp.jpg?resize=173%2C300&amp;ssl=1 173w, https:\/\/i0.wp.com\/lesgravereaux.marret.co\/wp-content\/uploads\/2016\/05\/1928-Gravereaux-Robert-Carnet-05_wp.jpg?resize=346%2C600&amp;ssl=1 346w, https:\/\/i0.wp.com\/lesgravereaux.marret.co\/wp-content\/uploads\/2016\/05\/1928-Gravereaux-Robert-Carnet-05_wp.jpg?w=682&amp;ssl=1 682w\" sizes=\"auto, (max-width: 173px) 100vw, 173px\" \/><\/a><\/p>\n<p>Robert Gravereaux aime dessiner son p\u00e8re et en montrer les traits distinctifs&#8230;<\/p>\n<p><a href=\"https:\/\/i0.wp.com\/lesgravereaux.marret.co\/wp-content\/uploads\/2016\/05\/1928-Gravereaux-Robert-Carnet-01_wp.jpg?ssl=1\"><img data-recalc-dims=\"1\" loading=\"lazy\" decoding=\"async\" data-attachment-id=\"2521\" data-permalink=\"https:\/\/lesgravereaux.marret.co\/index.php\/la-famille-gravereaux\/robert-gravereaux\/robert-gravereaux-portraitiste\/1928-gravereaux-robert-carnet-01_wp\/\" data-orig-file=\"https:\/\/i0.wp.com\/lesgravereaux.marret.co\/wp-content\/uploads\/2016\/05\/1928-Gravereaux-Robert-Carnet-01_wp.jpg?fit=1181%2C782&amp;ssl=1\" data-orig-size=\"1181,782\" data-comments-opened=\"1\" data-image-meta=\"{&quot;aperture&quot;:&quot;0&quot;,&quot;credit&quot;:&quot;&quot;,&quot;camera&quot;:&quot;&quot;,&quot;caption&quot;:&quot;&quot;,&quot;created_timestamp&quot;:&quot;0&quot;,&quot;copyright&quot;:&quot;&quot;,&quot;focal_length&quot;:&quot;0&quot;,&quot;iso&quot;:&quot;0&quot;,&quot;shutter_speed&quot;:&quot;0&quot;,&quot;title&quot;:&quot;&quot;,&quot;orientation&quot;:&quot;1&quot;}\" data-image-title=\"1928 Gravereaux, Robert &amp;#8211; Carnet 01_wp\" data-image-description=\"\" data-image-caption=\"\" data-medium-file=\"https:\/\/i0.wp.com\/lesgravereaux.marret.co\/wp-content\/uploads\/2016\/05\/1928-Gravereaux-Robert-Carnet-01_wp.jpg?fit=300%2C199&amp;ssl=1\" data-large-file=\"https:\/\/i0.wp.com\/lesgravereaux.marret.co\/wp-content\/uploads\/2016\/05\/1928-Gravereaux-Robert-Carnet-01_wp.jpg?fit=640%2C424&amp;ssl=1\" class=\"wp-image-2521 alignnone\" src=\"https:\/\/i0.wp.com\/lesgravereaux.marret.co\/wp-content\/uploads\/2016\/05\/1928-Gravereaux-Robert-Carnet-01_wp.jpg?resize=300%2C199&#038;ssl=1\" alt=\"1928 Gravereaux, Robert - Carnet 01_wp\" width=\"300\" height=\"199\" data-wp-pid=\"2521\" srcset=\"https:\/\/i0.wp.com\/lesgravereaux.marret.co\/wp-content\/uploads\/2016\/05\/1928-Gravereaux-Robert-Carnet-01_wp.jpg?resize=1024%2C678&amp;ssl=1 1024w, https:\/\/i0.wp.com\/lesgravereaux.marret.co\/wp-content\/uploads\/2016\/05\/1928-Gravereaux-Robert-Carnet-01_wp.jpg?resize=300%2C199&amp;ssl=1 300w, https:\/\/i0.wp.com\/lesgravereaux.marret.co\/wp-content\/uploads\/2016\/05\/1928-Gravereaux-Robert-Carnet-01_wp.jpg?resize=768%2C509&amp;ssl=1 768w, https:\/\/i0.wp.com\/lesgravereaux.marret.co\/wp-content\/uploads\/2016\/05\/1928-Gravereaux-Robert-Carnet-01_wp.jpg?resize=800%2C530&amp;ssl=1 800w, https:\/\/i0.wp.com\/lesgravereaux.marret.co\/wp-content\/uploads\/2016\/05\/1928-Gravereaux-Robert-Carnet-01_wp.jpg?resize=600%2C397&amp;ssl=1 600w, https:\/\/i0.wp.com\/lesgravereaux.marret.co\/wp-content\/uploads\/2016\/05\/1928-Gravereaux-Robert-Carnet-01_wp.jpg?w=1181&amp;ssl=1 1181w\" sizes=\"auto, (max-width: 300px) 100vw, 300px\" \/><\/a><\/p>\n<p>Mais il fait aussi partie des scouts et, au cours des activit\u00e9s, son carnet \u00e0 la main, il en esquisse les portraits.<\/p>\n<p><a href=\"https:\/\/i0.wp.com\/lesgravereaux.marret.co\/wp-content\/uploads\/2016\/05\/1928-Gravereaux-Robert-Carnet-03_wp.jpg?ssl=1\"><img data-recalc-dims=\"1\" loading=\"lazy\" decoding=\"async\" data-attachment-id=\"2522\" data-permalink=\"https:\/\/lesgravereaux.marret.co\/index.php\/la-famille-gravereaux\/robert-gravereaux\/robert-gravereaux-portraitiste\/1928-gravereaux-robert-carnet-03_wp\/\" data-orig-file=\"https:\/\/i0.wp.com\/lesgravereaux.marret.co\/wp-content\/uploads\/2016\/05\/1928-Gravereaux-Robert-Carnet-03_wp.jpg?fit=1181%2C763&amp;ssl=1\" data-orig-size=\"1181,763\" data-comments-opened=\"1\" data-image-meta=\"{&quot;aperture&quot;:&quot;0&quot;,&quot;credit&quot;:&quot;&quot;,&quot;camera&quot;:&quot;&quot;,&quot;caption&quot;:&quot;&quot;,&quot;created_timestamp&quot;:&quot;0&quot;,&quot;copyright&quot;:&quot;&quot;,&quot;focal_length&quot;:&quot;0&quot;,&quot;iso&quot;:&quot;0&quot;,&quot;shutter_speed&quot;:&quot;0&quot;,&quot;title&quot;:&quot;&quot;,&quot;orientation&quot;:&quot;1&quot;}\" data-image-title=\"1928 Gravereaux, Robert &amp;#8211; Carnet 03_wp\" data-image-description=\"\" data-image-caption=\"\" data-medium-file=\"https:\/\/i0.wp.com\/lesgravereaux.marret.co\/wp-content\/uploads\/2016\/05\/1928-Gravereaux-Robert-Carnet-03_wp.jpg?fit=300%2C194&amp;ssl=1\" data-large-file=\"https:\/\/i0.wp.com\/lesgravereaux.marret.co\/wp-content\/uploads\/2016\/05\/1928-Gravereaux-Robert-Carnet-03_wp.jpg?fit=640%2C414&amp;ssl=1\" class=\"alignnone wp-image-2522\" src=\"https:\/\/i0.wp.com\/lesgravereaux.marret.co\/wp-content\/uploads\/2016\/05\/1928-Gravereaux-Robert-Carnet-03_wp.jpg?resize=300%2C194&#038;ssl=1\" alt=\"1928 Gravereaux, Robert - Carnet 03_wp\" width=\"300\" height=\"194\" data-wp-pid=\"2522\" srcset=\"https:\/\/i0.wp.com\/lesgravereaux.marret.co\/wp-content\/uploads\/2016\/05\/1928-Gravereaux-Robert-Carnet-03_wp.jpg?resize=1024%2C662&amp;ssl=1 1024w, https:\/\/i0.wp.com\/lesgravereaux.marret.co\/wp-content\/uploads\/2016\/05\/1928-Gravereaux-Robert-Carnet-03_wp.jpg?resize=300%2C194&amp;ssl=1 300w, https:\/\/i0.wp.com\/lesgravereaux.marret.co\/wp-content\/uploads\/2016\/05\/1928-Gravereaux-Robert-Carnet-03_wp.jpg?resize=768%2C496&amp;ssl=1 768w, https:\/\/i0.wp.com\/lesgravereaux.marret.co\/wp-content\/uploads\/2016\/05\/1928-Gravereaux-Robert-Carnet-03_wp.jpg?resize=800%2C517&amp;ssl=1 800w, https:\/\/i0.wp.com\/lesgravereaux.marret.co\/wp-content\/uploads\/2016\/05\/1928-Gravereaux-Robert-Carnet-03_wp.jpg?resize=600%2C388&amp;ssl=1 600w, https:\/\/i0.wp.com\/lesgravereaux.marret.co\/wp-content\/uploads\/2016\/05\/1928-Gravereaux-Robert-Carnet-03_wp.jpg?w=1181&amp;ssl=1 1181w\" sizes=\"auto, (max-width: 300px) 100vw, 300px\" \/><\/a> <a href=\"https:\/\/i0.wp.com\/lesgravereaux.marret.co\/wp-content\/uploads\/2016\/05\/Gravereaux-Robert-16-1a-wp.jpg?ssl=1\"><img data-recalc-dims=\"1\" loading=\"lazy\" decoding=\"async\" data-attachment-id=\"2526\" data-permalink=\"https:\/\/lesgravereaux.marret.co\/index.php\/la-famille-gravereaux\/robert-gravereaux\/robert-gravereaux-portraitiste\/gravereaux-robert-16-1a-wp-2\/\" data-orig-file=\"https:\/\/i0.wp.com\/lesgravereaux.marret.co\/wp-content\/uploads\/2016\/05\/Gravereaux-Robert-16-1a-wp.jpg?fit=1575%2C1022&amp;ssl=1\" data-orig-size=\"1575,1022\" data-comments-opened=\"1\" data-image-meta=\"{&quot;aperture&quot;:&quot;0&quot;,&quot;credit&quot;:&quot;&quot;,&quot;camera&quot;:&quot;CanoScan LiDE 110&quot;,&quot;caption&quot;:&quot;&quot;,&quot;created_timestamp&quot;:&quot;1338399279&quot;,&quot;copyright&quot;:&quot;&quot;,&quot;focal_length&quot;:&quot;0&quot;,&quot;iso&quot;:&quot;0&quot;,&quot;shutter_speed&quot;:&quot;0&quot;,&quot;title&quot;:&quot;&quot;,&quot;orientation&quot;:&quot;1&quot;}\" data-image-title=\"Gravereaux, Robert 16-1a wp\" data-image-description=\"\" data-image-caption=\"\" data-medium-file=\"https:\/\/i0.wp.com\/lesgravereaux.marret.co\/wp-content\/uploads\/2016\/05\/Gravereaux-Robert-16-1a-wp.jpg?fit=300%2C195&amp;ssl=1\" data-large-file=\"https:\/\/i0.wp.com\/lesgravereaux.marret.co\/wp-content\/uploads\/2016\/05\/Gravereaux-Robert-16-1a-wp.jpg?fit=640%2C415&amp;ssl=1\" class=\"alignnone wp-image-2526\" src=\"https:\/\/i0.wp.com\/lesgravereaux.marret.co\/wp-content\/uploads\/2016\/05\/Gravereaux-Robert-16-1a-wp.jpg?resize=300%2C194&#038;ssl=1\" alt=\"Gravereaux, Robert 16-1a wp\" width=\"300\" height=\"194\" data-wp-pid=\"2526\" srcset=\"https:\/\/i0.wp.com\/lesgravereaux.marret.co\/wp-content\/uploads\/2016\/05\/Gravereaux-Robert-16-1a-wp.jpg?resize=1024%2C664&amp;ssl=1 1024w, https:\/\/i0.wp.com\/lesgravereaux.marret.co\/wp-content\/uploads\/2016\/05\/Gravereaux-Robert-16-1a-wp.jpg?resize=300%2C195&amp;ssl=1 300w, https:\/\/i0.wp.com\/lesgravereaux.marret.co\/wp-content\/uploads\/2016\/05\/Gravereaux-Robert-16-1a-wp.jpg?resize=768%2C498&amp;ssl=1 768w, https:\/\/i0.wp.com\/lesgravereaux.marret.co\/wp-content\/uploads\/2016\/05\/Gravereaux-Robert-16-1a-wp.jpg?resize=800%2C519&amp;ssl=1 800w, https:\/\/i0.wp.com\/lesgravereaux.marret.co\/wp-content\/uploads\/2016\/05\/Gravereaux-Robert-16-1a-wp.jpg?resize=600%2C389&amp;ssl=1 600w, https:\/\/i0.wp.com\/lesgravereaux.marret.co\/wp-content\/uploads\/2016\/05\/Gravereaux-Robert-16-1a-wp.jpg?w=1575&amp;ssl=1 1575w, https:\/\/i0.wp.com\/lesgravereaux.marret.co\/wp-content\/uploads\/2016\/05\/Gravereaux-Robert-16-1a-wp.jpg?w=1280&amp;ssl=1 1280w\" sizes=\"auto, (max-width: 300px) 100vw, 300px\" \/><\/a><\/p>\n<p>Et au fil de ses rencontres, il dessine, il s&rsquo;essaie&#8230;<\/p>\n<p><a href=\"https:\/\/i0.wp.com\/lesgravereaux.marret.co\/wp-content\/uploads\/2016\/05\/Gravereaux-Robert-39a-wp.jpg?ssl=1\"><img data-recalc-dims=\"1\" loading=\"lazy\" decoding=\"async\" data-attachment-id=\"2528\" data-permalink=\"https:\/\/lesgravereaux.marret.co\/index.php\/la-famille-gravereaux\/robert-gravereaux\/robert-gravereaux-portraitiste\/gravereaux-robert-39a-wp-2\/\" data-orig-file=\"https:\/\/i0.wp.com\/lesgravereaux.marret.co\/wp-content\/uploads\/2016\/05\/Gravereaux-Robert-39a-wp.jpg?fit=1575%2C1304&amp;ssl=1\" data-orig-size=\"1575,1304\" data-comments-opened=\"1\" data-image-meta=\"{&quot;aperture&quot;:&quot;0&quot;,&quot;credit&quot;:&quot;&quot;,&quot;camera&quot;:&quot;CanoScan LiDE 110&quot;,&quot;caption&quot;:&quot;&quot;,&quot;created_timestamp&quot;:&quot;1338401598&quot;,&quot;copyright&quot;:&quot;&quot;,&quot;focal_length&quot;:&quot;0&quot;,&quot;iso&quot;:&quot;0&quot;,&quot;shutter_speed&quot;:&quot;0&quot;,&quot;title&quot;:&quot;&quot;,&quot;orientation&quot;:&quot;1&quot;}\" data-image-title=\"Gravereaux, Robert 39a wp\" data-image-description=\"\" data-image-caption=\"\" data-medium-file=\"https:\/\/i0.wp.com\/lesgravereaux.marret.co\/wp-content\/uploads\/2016\/05\/Gravereaux-Robert-39a-wp.jpg?fit=300%2C248&amp;ssl=1\" data-large-file=\"https:\/\/i0.wp.com\/lesgravereaux.marret.co\/wp-content\/uploads\/2016\/05\/Gravereaux-Robert-39a-wp.jpg?fit=640%2C530&amp;ssl=1\" class=\"wp-image-2528 alignleft\" src=\"https:\/\/i0.wp.com\/lesgravereaux.marret.co\/wp-content\/uploads\/2016\/05\/Gravereaux-Robert-39a-wp.jpg?resize=300%2C194&#038;ssl=1\" alt=\"Gravereaux, Robert 39a wp\" width=\"300\" height=\"194\" data-wp-pid=\"2528\" \/><\/a><\/p>\n<p>&nbsp;<\/p>\n<p><a href=\"https:\/\/i0.wp.com\/lesgravereaux.marret.co\/wp-content\/uploads\/2016\/05\/Gravereaux-Robert-40a-wp.jpg?ssl=1\"><img data-recalc-dims=\"1\" loading=\"lazy\" decoding=\"async\" data-attachment-id=\"2529\" data-permalink=\"https:\/\/lesgravereaux.marret.co\/index.php\/la-famille-gravereaux\/robert-gravereaux\/robert-gravereaux-portraitiste\/gravereaux-robert-40a-wp-2\/\" data-orig-file=\"https:\/\/i0.wp.com\/lesgravereaux.marret.co\/wp-content\/uploads\/2016\/05\/Gravereaux-Robert-40a-wp.jpg?fit=1575%2C1325&amp;ssl=1\" data-orig-size=\"1575,1325\" data-comments-opened=\"1\" data-image-meta=\"{&quot;aperture&quot;:&quot;0&quot;,&quot;credit&quot;:&quot;&quot;,&quot;camera&quot;:&quot;CanoScan LiDE 110&quot;,&quot;caption&quot;:&quot;&quot;,&quot;created_timestamp&quot;:&quot;1338401600&quot;,&quot;copyright&quot;:&quot;&quot;,&quot;focal_length&quot;:&quot;0&quot;,&quot;iso&quot;:&quot;0&quot;,&quot;shutter_speed&quot;:&quot;0&quot;,&quot;title&quot;:&quot;&quot;,&quot;orientation&quot;:&quot;1&quot;}\" data-image-title=\"Gravereaux, Robert 40a wp\" data-image-description=\"\" data-image-caption=\"\" data-medium-file=\"https:\/\/i0.wp.com\/lesgravereaux.marret.co\/wp-content\/uploads\/2016\/05\/Gravereaux-Robert-40a-wp.jpg?fit=300%2C252&amp;ssl=1\" data-large-file=\"https:\/\/i0.wp.com\/lesgravereaux.marret.co\/wp-content\/uploads\/2016\/05\/Gravereaux-Robert-40a-wp.jpg?fit=640%2C538&amp;ssl=1\" class=\"alignnone wp-image-2529\" src=\"https:\/\/i0.wp.com\/lesgravereaux.marret.co\/wp-content\/uploads\/2016\/05\/Gravereaux-Robert-40a-wp.jpg?resize=300%2C194&#038;ssl=1\" alt=\"Gravereaux, Robert 40a wp\" width=\"300\" height=\"194\" data-wp-pid=\"2529\" \/><\/a><a href=\"https:\/\/i0.wp.com\/lesgravereaux.marret.co\/wp-content\/uploads\/2016\/05\/Gravereaux-Robert-25a-wp.jpg?ssl=1\"><img data-recalc-dims=\"1\" loading=\"lazy\" decoding=\"async\" data-attachment-id=\"2527\" data-permalink=\"https:\/\/lesgravereaux.marret.co\/index.php\/la-famille-gravereaux\/robert-gravereaux\/robert-gravereaux-portraitiste\/gravereaux-robert-25a-wp-2\/\" data-orig-file=\"https:\/\/i0.wp.com\/lesgravereaux.marret.co\/wp-content\/uploads\/2016\/05\/Gravereaux-Robert-25a-wp.jpg?fit=1575%2C1186&amp;ssl=1\" data-orig-size=\"1575,1186\" data-comments-opened=\"1\" data-image-meta=\"{&quot;aperture&quot;:&quot;0&quot;,&quot;credit&quot;:&quot;&quot;,&quot;camera&quot;:&quot;CanoScan LiDE 110&quot;,&quot;caption&quot;:&quot;&quot;,&quot;created_timestamp&quot;:&quot;1338399277&quot;,&quot;copyright&quot;:&quot;&quot;,&quot;focal_length&quot;:&quot;0&quot;,&quot;iso&quot;:&quot;0&quot;,&quot;shutter_speed&quot;:&quot;0&quot;,&quot;title&quot;:&quot;&quot;,&quot;orientation&quot;:&quot;1&quot;}\" data-image-title=\"Gravereaux, Robert 25a wp\" data-image-description=\"\" data-image-caption=\"\" data-medium-file=\"https:\/\/i0.wp.com\/lesgravereaux.marret.co\/wp-content\/uploads\/2016\/05\/Gravereaux-Robert-25a-wp.jpg?fit=300%2C226&amp;ssl=1\" data-large-file=\"https:\/\/i0.wp.com\/lesgravereaux.marret.co\/wp-content\/uploads\/2016\/05\/Gravereaux-Robert-25a-wp.jpg?fit=640%2C482&amp;ssl=1\" class=\"alignnone wp-image-2527\" src=\"https:\/\/i0.wp.com\/lesgravereaux.marret.co\/wp-content\/uploads\/2016\/05\/Gravereaux-Robert-25a-wp.jpg?resize=300%2C194&#038;ssl=1\" alt=\"Gravereaux, Robert 25a wp\" width=\"300\" height=\"194\" data-wp-pid=\"2527\" \/><\/a><\/p>\n","protected":false},"excerpt":{"rendered":"<p>Robert Gravereaux aime dessiner son p\u00e8re et en montrer les traits distinctifs&#8230; Mais il fait aussi partie des scouts et, au cours des activit\u00e9s, son carnet \u00e0 la main, il en esquisse les portraits. Et au fil de ses rencontres, &hellip; <a href=\"https:\/\/lesgravereaux.marret.co\/index.php\/la-famille-gravereaux\/robert-gravereaux\/robert-gravereaux-portraitiste\/\">Continuer la lecture <span class=\"meta-nav\">&rarr;<\/span><\/a><\/p>\n","protected":false},"author":1,"featured_media":0,"parent":2481,"menu_order":0,"comment_status":"closed","ping_status":"closed","template":"","meta":{"ngg_post_thumbnail":0,"jetpack_post_was_ever_published":false,"footnotes":""},"class_list":["post-2559","page","type-page","status-publish","hentry"],"jetpack_sharing_enabled":true,"jetpack_shortlink":"https:\/\/wp.me\/P7ERyi-Fh","jetpack-related-posts":[{"id":2481,"url":"https:\/\/lesgravereaux.marret.co\/index.php\/la-famille-gravereaux\/robert-gravereaux\/","url_meta":{"origin":2559,"position":0},"title":"Robert Gravereaux","author":"marretgravereaux","date":"11 mai 2016","format":false,"excerpt":"Robert Gravereaux est n\u00e9 \u00e0 Croissy-sur-Seine, le 27 mai 1917. Lieutenant au 5e\u00a0Bataillon de chasseurs \u00e0 pied, il a\u00a0\u00e9t\u00e9 bless\u00e9 \u00e0 Boulogne-sur-Mer, lors du si\u00e8ge de la ville par les Allemands, le 25\u00a0mai\u00a01940; il d\u00e9c\u00e8de de ses blessures le 28\u00a0mai. Le Matin, 25 octobre 1940 \u00a0 \u00a0 Le dossier \u00ab\u00a0M\u00e9moire\u2026","rel":"","context":"Article similaire","block_context":{"text":"Article similaire","link":""},"img":{"alt_text":"Le Matin - 25 octobre 1940","src":"https:\/\/i0.wp.com\/lesgravereaux.marret.co\/wp-content\/uploads\/2016\/05\/1940-10-25-Gravereaux-Robert-D%C3%A9c%C3%A8s-Le-Matin_wp.jpg?resize=350%2C200","width":350,"height":200},"classes":[]},{"id":2531,"url":"https:\/\/lesgravereaux.marret.co\/index.php\/la-famille-gravereaux\/robert-gravereaux\/croissy-vu-par-robert-gravereaux\/","url_meta":{"origin":2559,"position":1},"title":"Croissy&#8230; vu par Robert Gravereaux","author":"marretgravereaux","date":"12 mai 2016","format":false,"excerpt":"Croissy, son jardin familial, les gens qui y passent, tout est pr\u00e9texte pour des aquarelles. Et Robert Gravereaux ne se prive pas de sortir son carnet\u2026 \u00a0 \u00a0 \u00a0 \u00a0","rel":"","context":"Article similaire","block_context":{"text":"Article similaire","link":""},"img":{"alt_text":"Gravereaux, Robert 11-1a wp","src":"https:\/\/i0.wp.com\/lesgravereaux.marret.co\/wp-content\/uploads\/2016\/05\/Gravereaux-Robert-11-1a-wp-1024x629.jpg?resize=350%2C200","width":350,"height":200},"classes":[]},{"id":1344,"url":"https:\/\/lesgravereaux.marret.co\/index.php\/la-famille-gravereaux\/une-famille-dartistes\/","url_meta":{"origin":2559,"position":2},"title":"Une famille d&rsquo;artistes","author":"marretgravereaux","date":"12 juin 2016","format":false,"excerpt":"\u00a0 Ren\u00e9 Gravereaux (1875-1960) et Marthe Ancelot (1881-1972) ont eu dix enfants. On ne sait si leur grand-p\u00e8re, Jules Gravereaux (1844-1916) les a encourag\u00e9s ou s\u2019il les a inspir\u00e9s, mais ils ont, tous ou presque, d\u00e9montr\u00e9 des talents de dessinateurs! \u00a0 Philippe Gravereaux (1904-1987) aurait r\u00e9alis\u00e9 quelques dessins, dont celui\u2026","rel":"","context":"Article similaire","block_context":{"text":"Article similaire","link":""},"img":{"alt_text":"Gravereaux, Philippe (2011-12_012)_wp","src":"https:\/\/i0.wp.com\/lesgravereaux.marret.co\/wp-content\/uploads\/2016\/06\/Gravereaux-Philippe-2011-12_012_wp.jpg?resize=350%2C200","width":350,"height":200},"classes":[]},{"id":688,"url":"https:\/\/lesgravereaux.marret.co\/index.php\/jules-gravereaux\/des-evenements-de-sa-vie\/jules-gravereaux-son-deces\/le-deces-de-jules-gravereaux\/","url_meta":{"origin":2559,"position":3},"title":"Le d\u00e9c\u00e8s de Jules Gravereaux &#8211; dans la presse fran\u00e7aise","author":"marretgravereaux","date":"8 mars 2016","format":false,"excerpt":"Jules Gravereaux est d\u00e9c\u00e9d\u00e9 le 23 mars 1916, \u00e0 son domicile du 4, avenue de Villars.\u00a0Ses obs\u00e8ques eurent lieu deux jours plus tard, en l'\u00e9glise Saint-Fran\u00e7ois-Xavier. \u00a0 \u00a0 Dans les journaux, plusieurs hommages lui furent rendus... Avant-hier ont \u00e9t\u00e9, c\u00e9l\u00e9br\u00e9es, \u00e0 midi, en l'\u00e9glise Saint-Fran\u00e7ois-Xavier, en pr\u00e9sence d'une assistance nombreuse,\u2026","rel":"","context":"Article similaire","block_context":{"text":"Article similaire","link":""},"img":{"alt_text":"1916-03-25 Gravereaux, Jules - Enterrement - JLM0348_wp","src":"https:\/\/i0.wp.com\/marret.co\/wp-content\/uploads\/2016\/03\/1916-03-25-Gravereaux-Jules-Enterrement-JLM0348_wp-1024x708.jpg?resize=350%2C200","width":350,"height":200},"classes":[]},{"id":863,"url":"https:\/\/lesgravereaux.marret.co\/index.php\/jules-gravereaux\/jules-gravereaux-ses-ancetres\/jean-narcisse-mathurin-gravereaux\/narcisse-gravereaux\/","url_meta":{"origin":2559,"position":4},"title":"Narcisse Gravereaux","author":"marretgravereaux","date":"11 mars 2016","format":false,"excerpt":"Louis Narcisse Gravereaux \u00e9tait le deuxi\u00e8me enfant (hormis les mort-n\u00e9s) de Jean-Narcisse Mathurin Gravereaux et Marie Henriette Gervais. Il est n\u00e9 le 4 d\u00e9cembre 1837 \u00e0 Vitry-sur-Seine. Le 7 d\u00e9cembre 1871, il \u00e9pousait Mathilde Thuillier; deux ans apr\u00e8s son fr\u00e8re, Jules \u00e9pousait sa belle-s\u0153ur Laure\u2026 Dipl\u00f4m\u00e9 des Beaux-Arts, il est\u2026","rel":"","context":"Article similaire","block_context":{"text":"Article similaire","link":""},"img":{"alt_text":"","src":"https:\/\/i0.wp.com\/lesgravereaux.marret.co\/wp-content\/uploads\/2019\/02\/Gravereaux-Narcisse-01a_wp.jpg?resize=350%2C200","width":350,"height":200},"classes":[]},{"id":2551,"url":"https:\/\/lesgravereaux.marret.co\/index.php\/571-2\/a-lhay-vers-1927\/","url_meta":{"origin":2559,"position":5},"title":"\u00c0 L&rsquo;Ha\u00ff&#8230; vers 1927","author":"marretgravereaux","date":"12 mai 2016","format":false,"excerpt":"Un bal \u00e0 L'Ha\u00ff-les-Roses, pour les dix-huit ans de petites-filles de Jules Gravereaux Ont \u00e9t\u00e9 identifi\u00e9es, de gauche \u00e0 droite\u00a0: ???, Fran\u00e7oise Gravereaux (Lesur), Suzanne Gravereaux (Marret), Gladys Tourret (Gravereaux), Jacqueline Gravereaux (Fanet), ???, Andr\u00e9e Fanet (Andr\u00e9), ??? Si vous pouvez identifier les autres personnes, apporter des corrections ou en\u2026","rel":"","context":"Article similaire","block_context":{"text":"Article similaire","link":""},"img":{"alt_text":"1929v - Bal \u00e0 l'Hay - JLM0081_wp","src":"https:\/\/i0.wp.com\/lesgravereaux.marret.co\/wp-content\/uploads\/2016\/05\/1929v-Bal-%C3%A0-lHay-JLM0081_wp-1024x703.jpg?resize=350%2C200","width":350,"height":200,"srcset":"https:\/\/i0.wp.com\/lesgravereaux.marret.co\/wp-content\/uploads\/2016\/05\/1929v-Bal-%C3%A0-lHay-JLM0081_wp-1024x703.jpg?resize=350%2C200 1x, https:\/\/i0.wp.com\/lesgravereaux.marret.co\/wp-content\/uploads\/2016\/05\/1929v-Bal-%C3%A0-lHay-JLM0081_wp-1024x703.jpg?resize=525%2C300 1.5x"},"classes":[]}],"_links":{"self":[{"href":"https:\/\/lesgravereaux.marret.co\/index.php\/wp-json\/wp\/v2\/pages\/2559","targetHints":{"allow":["GET"]}}],"collection":[{"href":"https:\/\/lesgravereaux.marret.co\/index.php\/wp-json\/wp\/v2\/pages"}],"about":[{"href":"https:\/\/lesgravereaux.marret.co\/index.php\/wp-json\/wp\/v2\/types\/page"}],"author":[{"embeddable":true,"href":"https:\/\/lesgravereaux.marret.co\/index.php\/wp-json\/wp\/v2\/users\/1"}],"replies":[{"embeddable":true,"href":"https:\/\/lesgravereaux.marret.co\/index.php\/wp-json\/wp\/v2\/comments?post=2559"}],"version-history":[{"count":0,"href":"https:\/\/lesgravereaux.marret.co\/index.php\/wp-json\/wp\/v2\/pages\/2559\/revisions"}],"up":[{"embeddable":true,"href":"https:\/\/lesgravereaux.marret.co\/index.php\/wp-json\/wp\/v2\/pages\/2481"}],"wp:attachment":[{"href":"https:\/\/lesgravereaux.marret.co\/index.php\/wp-json\/wp\/v2\/media?parent=2559"}],"curies":[{"name":"wp","href":"https:\/\/api.w.org\/{rel}","templated":true}]}}