{"id":2551,"date":"2016-05-12T03:42:38","date_gmt":"2016-05-12T02:42:38","guid":{"rendered":"http:\/\/lesgravereaux.marret.co\/?page_id=2551"},"modified":"2018-03-07T22:58:57","modified_gmt":"2018-03-07T21:58:57","slug":"a-lhay-vers-1927","status":"publish","type":"page","link":"https:\/\/lesgravereaux.marret.co\/index.php\/571-2\/a-lhay-vers-1927\/","title":{"rendered":"\u00c0 L&rsquo;Ha\u00ff&#8230; vers 1927"},"content":{"rendered":"<p style=\"text-align: center;\"><a href=\"https:\/\/i0.wp.com\/lesgravereaux.marret.co\/wp-content\/uploads\/2016\/05\/1929v-Bal-%C3%A0-lHay-JLM0081_wp.jpg?ssl=1\"><img data-recalc-dims=\"1\" loading=\"lazy\" decoding=\"async\" data-attachment-id=\"2550\" data-permalink=\"https:\/\/lesgravereaux.marret.co\/index.php\/571-2\/a-lhay-vers-1927\/1929v-bal-a-lhay-jlm0081_wp\/\" data-orig-file=\"https:\/\/i0.wp.com\/lesgravereaux.marret.co\/wp-content\/uploads\/2016\/05\/1929v-Bal-%C3%A0-lHay-JLM0081_wp.jpg?fit=2362%2C1621&amp;ssl=1\" data-orig-size=\"2362,1621\" data-comments-opened=\"1\" data-image-meta=\"{&quot;aperture&quot;:&quot;0&quot;,&quot;credit&quot;:&quot;&quot;,&quot;camera&quot;:&quot;&quot;,&quot;caption&quot;:&quot;&quot;,&quot;created_timestamp&quot;:&quot;1148228024&quot;,&quot;copyright&quot;:&quot;&quot;,&quot;focal_length&quot;:&quot;0&quot;,&quot;iso&quot;:&quot;0&quot;,&quot;shutter_speed&quot;:&quot;0&quot;,&quot;title&quot;:&quot;&quot;,&quot;orientation&quot;:&quot;1&quot;}\" data-image-title=\"1932v &amp;#8211; Bal \u00e0 l&amp;rsquo;Hay &amp;#8211; JLM0081_wp\" data-image-description=\"\" data-image-caption=\"\" data-medium-file=\"https:\/\/i0.wp.com\/lesgravereaux.marret.co\/wp-content\/uploads\/2016\/05\/1929v-Bal-%C3%A0-lHay-JLM0081_wp.jpg?fit=300%2C206&amp;ssl=1\" data-large-file=\"https:\/\/i0.wp.com\/lesgravereaux.marret.co\/wp-content\/uploads\/2016\/05\/1929v-Bal-%C3%A0-lHay-JLM0081_wp.jpg?fit=640%2C439&amp;ssl=1\" width=\"640\" height=\"439\" class=\"alignnone size-large wp-image-2550\" alt=\"1929v - Bal \u00e0 l'Hay - JLM0081_wp\" src=\"https:\/\/i0.wp.com\/lesgravereaux.marret.co\/wp-content\/uploads\/2016\/05\/1929v-Bal-%C3%A0-lHay-JLM0081_wp.jpg?resize=640%2C439&#038;ssl=1\" data-wp-pid=\"2550\" srcset=\"https:\/\/i0.wp.com\/lesgravereaux.marret.co\/wp-content\/uploads\/2016\/05\/1929v-Bal-%C3%A0-lHay-JLM0081_wp.jpg?resize=1024%2C703&amp;ssl=1 1024w, https:\/\/i0.wp.com\/lesgravereaux.marret.co\/wp-content\/uploads\/2016\/05\/1929v-Bal-%C3%A0-lHay-JLM0081_wp.jpg?resize=300%2C206&amp;ssl=1 300w, https:\/\/i0.wp.com\/lesgravereaux.marret.co\/wp-content\/uploads\/2016\/05\/1929v-Bal-%C3%A0-lHay-JLM0081_wp.jpg?resize=768%2C527&amp;ssl=1 768w, https:\/\/i0.wp.com\/lesgravereaux.marret.co\/wp-content\/uploads\/2016\/05\/1929v-Bal-%C3%A0-lHay-JLM0081_wp.jpg?resize=800%2C549&amp;ssl=1 800w, https:\/\/i0.wp.com\/lesgravereaux.marret.co\/wp-content\/uploads\/2016\/05\/1929v-Bal-%C3%A0-lHay-JLM0081_wp.jpg?resize=600%2C412&amp;ssl=1 600w, https:\/\/i0.wp.com\/lesgravereaux.marret.co\/wp-content\/uploads\/2016\/05\/1929v-Bal-%C3%A0-lHay-JLM0081_wp.jpg?w=1280&amp;ssl=1 1280w, https:\/\/i0.wp.com\/lesgravereaux.marret.co\/wp-content\/uploads\/2016\/05\/1929v-Bal-%C3%A0-lHay-JLM0081_wp.jpg?w=1920&amp;ssl=1 1920w\" sizes=\"auto, (max-width: 640px) 100vw, 640px\" \/><\/a><strong>Un bal \u00e0 L&rsquo;Ha\u00ff-les-Roses,<br \/>\npour les dix-huit ans de petites-filles de Jules Gravereaux<\/strong><\/p>\n<p>Ont \u00e9t\u00e9 identifi\u00e9es, de gauche \u00e0 droite&nbsp;:<\/p>\n<p>???, Fran\u00e7oise Gravereaux (Lesur), Suzanne Gravereaux (Marret),<br \/>\nGladys Tourret (Gravereaux), Jacqueline Gravereaux (Fanet), ???,<br \/>\nAndr\u00e9e Fanet (Andr\u00e9), ???<\/p>\n<p>Si vous pouvez identifier les autres personnes, apporter des corrections ou en raconter plus sur cette f\u00eate familiale, <a href=\"https:\/\/lesgravereaux.marret.co\/index.php\/contact-edimestre\/\" target=\"_blank\" rel=\"noopener\">communiquez avec l\u2019\u00e9dimest<\/a><span style=\"font-size: 12pt;\">re&nbsp;<span style=\"text-align: left; color: #444444; text-transform: none; line-height: 18px; text-indent: 0px; letter-spacing: normal; font-family: Georgia,'Bitstream Charter',serif; font-style: normal; font-variant: normal; font-weight: 400; text-decoration: none; word-spacing: 0px; display: inline !important; white-space: normal; cursor: text; orphans: 2; float: none; -webkit-text-stroke-width: 0px; background-color: transparent;\">responsable de ce site.<\/span><\/span><\/p>\n<hr>\n<p style=\"text-align: center;\">Et si Robert Gravereaux avait croqu\u00e9 la r\u00e9p\u00e9tition de cette photo,<br \/>\nses s\u0153urs et ses cousines y apparaissant?<\/p>\n<p><a href=\"https:\/\/i0.wp.com\/lesgravereaux.marret.co\/wp-content\/uploads\/2016\/05\/1932-Gravereaux-Robert-Carnet-Croissy-15_wp.jpg?ssl=1\"><img data-recalc-dims=\"1\" loading=\"lazy\" decoding=\"async\" data-attachment-id=\"2498\" data-permalink=\"https:\/\/lesgravereaux.marret.co\/index.php\/571-2\/a-lhay-vers-1927\/1932-gravereaux-robert-carnet-croissy-15_wp\/\" data-orig-file=\"https:\/\/i0.wp.com\/lesgravereaux.marret.co\/wp-content\/uploads\/2016\/05\/1932-Gravereaux-Robert-Carnet-Croissy-15_wp.jpg?fit=1181%2C1021&amp;ssl=1\" data-orig-size=\"1181,1021\" data-comments-opened=\"1\" data-image-meta=\"{&quot;aperture&quot;:&quot;0&quot;,&quot;credit&quot;:&quot;&quot;,&quot;camera&quot;:&quot;&quot;,&quot;caption&quot;:&quot;&quot;,&quot;created_timestamp&quot;:&quot;0&quot;,&quot;copyright&quot;:&quot;&quot;,&quot;focal_length&quot;:&quot;0&quot;,&quot;iso&quot;:&quot;0&quot;,&quot;shutter_speed&quot;:&quot;0&quot;,&quot;title&quot;:&quot;&quot;,&quot;orientation&quot;:&quot;1&quot;}\" data-image-title=\"1932 Gravereaux, Robert &amp;#8211; Carnet Croissy 15_wp\" data-image-description=\"\" data-image-caption=\"\" data-medium-file=\"https:\/\/i0.wp.com\/lesgravereaux.marret.co\/wp-content\/uploads\/2016\/05\/1932-Gravereaux-Robert-Carnet-Croissy-15_wp.jpg?fit=300%2C259&amp;ssl=1\" data-large-file=\"https:\/\/i0.wp.com\/lesgravereaux.marret.co\/wp-content\/uploads\/2016\/05\/1932-Gravereaux-Robert-Carnet-Croissy-15_wp.jpg?fit=640%2C553&amp;ssl=1\" width=\"640\" height=\"553\" class=\"alignnone size-large wp-image-2498\" alt=\"1932 Gravereaux, Robert - Carnet Croissy 15_wp\" src=\"https:\/\/i0.wp.com\/lesgravereaux.marret.co\/wp-content\/uploads\/2016\/05\/1932-Gravereaux-Robert-Carnet-Croissy-15_wp.jpg?resize=640%2C553&#038;ssl=1\" data-wp-pid=\"2498\" srcset=\"https:\/\/i0.wp.com\/lesgravereaux.marret.co\/wp-content\/uploads\/2016\/05\/1932-Gravereaux-Robert-Carnet-Croissy-15_wp.jpg?resize=1024%2C885&amp;ssl=1 1024w, https:\/\/i0.wp.com\/lesgravereaux.marret.co\/wp-content\/uploads\/2016\/05\/1932-Gravereaux-Robert-Carnet-Croissy-15_wp.jpg?resize=300%2C259&amp;ssl=1 300w, https:\/\/i0.wp.com\/lesgravereaux.marret.co\/wp-content\/uploads\/2016\/05\/1932-Gravereaux-Robert-Carnet-Croissy-15_wp.jpg?resize=768%2C664&amp;ssl=1 768w, https:\/\/i0.wp.com\/lesgravereaux.marret.co\/wp-content\/uploads\/2016\/05\/1932-Gravereaux-Robert-Carnet-Croissy-15_wp.jpg?resize=800%2C692&amp;ssl=1 800w, https:\/\/i0.wp.com\/lesgravereaux.marret.co\/wp-content\/uploads\/2016\/05\/1932-Gravereaux-Robert-Carnet-Croissy-15_wp.jpg?resize=600%2C519&amp;ssl=1 600w, https:\/\/i0.wp.com\/lesgravereaux.marret.co\/wp-content\/uploads\/2016\/05\/1932-Gravereaux-Robert-Carnet-Croissy-15_wp.jpg?w=1181&amp;ssl=1 1181w\" sizes=\"auto, (max-width: 640px) 100vw, 640px\" \/><\/a><\/p>\n","protected":false},"excerpt":{"rendered":"<p>Un bal \u00e0 L&rsquo;Ha\u00ff-les-Roses, pour les dix-huit ans de petites-filles de Jules Gravereaux Ont \u00e9t\u00e9 identifi\u00e9es, de gauche \u00e0 droite&nbsp;: ???, Fran\u00e7oise Gravereaux (Lesur), Suzanne Gravereaux (Marret), Gladys Tourret (Gravereaux), Jacqueline Gravereaux (Fanet), ???, Andr\u00e9e Fanet (Andr\u00e9), ??? Si vous &hellip; <a href=\"https:\/\/lesgravereaux.marret.co\/index.php\/571-2\/a-lhay-vers-1927\/\">Continuer la lecture <span class=\"meta-nav\">&rarr;<\/span><\/a><\/p>\n","protected":false},"author":1,"featured_media":0,"parent":571,"menu_order":0,"comment_status":"closed","ping_status":"closed","template":"","meta":{"ngg_post_thumbnail":0,"jetpack_post_was_ever_published":false,"footnotes":""},"class_list":["post-2551","page","type-page","status-publish","hentry"],"jetpack_sharing_enabled":true,"jetpack_shortlink":"https:\/\/wp.me\/P7ERyi-F9","jetpack-related-posts":[{"id":3709,"url":"https:\/\/lesgravereaux.marret.co\/index.php\/jules-gravereaux\/des-evenements-de-sa-vie\/jules-gravereaux-son-deces\/lhay-les-roses-lavenue-jules-gravereaux\/","url_meta":{"origin":2551,"position":0},"title":"L&rsquo;Ha\u00ff-les-Roses &#8211; L&rsquo;avenue Jules Gravereaux","author":"marretgravereaux","date":"17 juin 2016","format":false,"excerpt":"Dans les semaines qui ont suivi le d\u00e9c\u00e8s de Jules Gravereaux, la ville de L\u2019Ha\u00ff-les-Roses a jug\u00e9 bon de l\u2019honorer de fa\u00e7on toute particuli\u00e8re\u2026 (3e Bur.) \u2014 Administration communale. \u2014 Bry-sur-Marne, L'Ha\u00ff-les-Roses, Nogent-sur-Marne et Saint-Maur\u00a0: d\u00e9nominations de voies publiques. (D\u00e9crets.) Par d\u00e9cret du 30 ao\u00fbt 1916 a \u00e9t\u00e9 approuv\u00e9e la\u2026","rel":"","context":"Article similaire","block_context":{"text":"Article similaire","link":""},"img":{"alt_text":"Paris (D\u00e9partement). Recueil des actes administratifs, bulletin","src":"https:\/\/i0.wp.com\/lesgravereaux.marret.co\/wp-content\/uploads\/2016\/06\/1916-08-Actes-administratifs-Pr%C3%A9fecture-de-la-Seine-3_wp.jpg?resize=350%2C200","width":350,"height":200},"classes":[]},{"id":2957,"url":"https:\/\/lesgravereaux.marret.co\/index.php\/571-2\/3-juin-1994-cousinade-gravereaux\/","url_meta":{"origin":2551,"position":1},"title":"3 juin 1994 &#8211; Cousinade Gravereaux","author":"marretgravereaux","date":"22 mai 2016","format":false,"excerpt":"Ils \u00e9taient presque tous l\u00e0, les descendants du cr\u00e9ateur de la roseraie de L\u2019Ha\u00ff, des\u00a0arri\u00e8res petits-enfants avec leurs conjoints et leurs propres enfants\u2026 et ils entouraient les petits-enfants de Jules Gravereaux encore vivants\u00a0: H\u00e9l\u00e8ne Ballu, Marie-Th\u00e9r\u00e8se Ballu, Bernard Gravereaux, Jacqueline Gravereaux (Fanet), Jean-Ren\u00e9 Gravereaux, Nicole Gravereaux (Drouet) et Suzanne Gravereaux\u2026","rel":"","context":"Article similaire","block_context":{"text":"Article similaire","link":""},"img":{"alt_text":"1994-06-03 Cousinade Gravereaux (JLM0525v2)","src":"https:\/\/i0.wp.com\/lesgravereaux.marret.co\/wp-content\/uploads\/2016\/05\/1994-06-03-Cousinade-Gravereaux-JLM0525v2-1024x766.jpg?resize=350%2C200","width":350,"height":200,"srcset":"https:\/\/i0.wp.com\/lesgravereaux.marret.co\/wp-content\/uploads\/2016\/05\/1994-06-03-Cousinade-Gravereaux-JLM0525v2-1024x766.jpg?resize=350%2C200 1x, https:\/\/i0.wp.com\/lesgravereaux.marret.co\/wp-content\/uploads\/2016\/05\/1994-06-03-Cousinade-Gravereaux-JLM0525v2-1024x766.jpg?resize=525%2C300 1.5x"},"classes":[]},{"id":1523,"url":"https:\/\/lesgravereaux.marret.co\/index.php\/liens-utiles\/","url_meta":{"origin":2551,"position":2},"title":"Liens utiles","author":"marretgravereaux","date":"10 avril 2016","format":false,"excerpt":"Les liens pour :\u00a0-\u00a0La famille Gravereaux -\u00a0Jules Gravereaux - Denis Gravereaux\u00a0-\u00a0Sylvie de Beco\u00a0-\u00a0Jean-Claude Pascal - La roseraie de l'Ha\u00ff -\u00a0Les \u00c9tablissements Gravereaux\u00a0-\u00a0Associations et organismes \u00a0 \u00a0Jules Gravereaux Wikipedia - Jules Gravereaux \u00a0\u00a0 La roseraie de l'Ha\u00ff La Roseraie du Val-de-Marne Wikipedia - La Roseraie du Val-de-Marne HelpMeFind - Roseraie du\u2026","rel":"","context":"Article similaire","block_context":{"text":"Article similaire","link":""},"img":{"alt_text":"Roses de Malmaison - p01b_wp","src":"https:\/\/i0.wp.com\/lesgravereaux.marret.co\/wp-content\/uploads\/2016\/03\/Roses-de-Malmaison-p01b_wp.jpg?resize=350%2C200","width":350,"height":200},"classes":[]},{"id":577,"url":"https:\/\/lesgravereaux.marret.co\/index.php\/jules-gravereaux\/portraits-de-jules-gravereaux\/le-buste-de-jules-gravereaux\/","url_meta":{"origin":2551,"position":3},"title":"Le buste de Jules Gravereaux","author":"marretgravereaux","date":"7 mars 2016","format":false,"excerpt":"En 1914, le sculpteur Carillon ex\u00e9cutait un buste de Jules Gravereaux... Pr\u00e9sent\u00e9 au Salon des artistes fran\u00e7ais de cette ann\u00e9e-l\u00e0, il y fut remarqu\u00e9, comme le souligne Lucien Klotz, critique \u00e0 La Presse\u00a0: \u00ab\u00a0M. Carion a expos\u00e9 le buste de M. Gravereaux, propri\u00e9taire de la roseraie L'Hay, le plus beau\u2026","rel":"","context":"Article similaire","block_context":{"text":"Article similaire","link":""},"img":{"alt_text":"1914 Carillon, Rene - Buste de Jules Gravereaux 2_wp","src":"https:\/\/i0.wp.com\/marret.co\/wp-content\/uploads\/2016\/03\/1914-Carillon-Rene-Buste-de-Jules-Gravereaux-2_wp-846x1024.jpg?resize=350%2C200","width":350,"height":200},"classes":[]},{"id":2001,"url":"https:\/\/lesgravereaux.marret.co\/index.php\/jules-gravereaux\/1294-2\/des-roses\/aux-noms-de-la-rose\/","url_meta":{"origin":2551,"position":4},"title":"Aux noms de la rose&#8230;","author":"marretgravereaux","date":"25 avril 2016","format":false,"excerpt":"Jules Gravereaux a cr\u00e9\u00e9 plus d'une centaine de roses et il a donn\u00e9 \u00e0 celles-ci le nom de membres de sa famille, d'amis ou de personnes connues, ainsi que de certains lieux ou \u00e9v\u00e8nements. Diverses recherches ont permis d'identifier, de fa\u00e7on certaine ou probable, les personnes vis\u00e9es... Si vous avez\u2026","rel":"","context":"Article similaire","block_context":{"text":"Article similaire","link":""},"img":{"alt_text":"1902 RdlH - Catalogue p91A_wp","src":"https:\/\/i0.wp.com\/lesgravereaux.marret.co\/wp-content\/uploads\/2016\/04\/1902-RdlH-Catalogue-p91A_wp-628x1024.jpg?resize=350%2C200","width":350,"height":200},"classes":[]},{"id":3326,"url":"https:\/\/lesgravereaux.marret.co\/index.php\/571-2\/la-journee-de-jules-gravereaux\/","url_meta":{"origin":2551,"position":5},"title":"28 mai 2016 &#8211; La journ\u00e9e de Jules Gravereaux","author":"marretgravereaux","date":"10 juin 2016","format":false,"excerpt":"La ville de L'Ha\u00ff-les-Roses, les associations locales et la famille Gravereaux avaient d\u00e9cid\u00e9 de souligner le centenaire du d\u00e9c\u00e8s de Jules Gravereaux en organisant des activit\u00e9s le 18 mai 2016\u2026 Nathalie Ferrand, auteur du livre \u00ab\u00a0Cr\u00e9ateur de roses\u00a0\u00bb a prononc\u00e9 une conf\u00e9rence sur le th\u00e8me \u00ab\u00a0Rayonnement de Jules Gravereaux en\u2026","rel":"","context":"Dans &quot;Jules Gravereaux&quot;","block_context":{"text":"Jules Gravereaux","link":"https:\/\/lesgravereaux.marret.co\/index.php\/category\/jules-gravereaux\/"},"img":{"alt_text":"File0032a","src":"https:\/\/i0.wp.com\/lesgravereaux.marret.co\/wp-content\/uploads\/2015\/10\/File0032a.jpg?resize=350%2C200","width":350,"height":200},"classes":[]}],"_links":{"self":[{"href":"https:\/\/lesgravereaux.marret.co\/index.php\/wp-json\/wp\/v2\/pages\/2551","targetHints":{"allow":["GET"]}}],"collection":[{"href":"https:\/\/lesgravereaux.marret.co\/index.php\/wp-json\/wp\/v2\/pages"}],"about":[{"href":"https:\/\/lesgravereaux.marret.co\/index.php\/wp-json\/wp\/v2\/types\/page"}],"author":[{"embeddable":true,"href":"https:\/\/lesgravereaux.marret.co\/index.php\/wp-json\/wp\/v2\/users\/1"}],"replies":[{"embeddable":true,"href":"https:\/\/lesgravereaux.marret.co\/index.php\/wp-json\/wp\/v2\/comments?post=2551"}],"version-history":[{"count":0,"href":"https:\/\/lesgravereaux.marret.co\/index.php\/wp-json\/wp\/v2\/pages\/2551\/revisions"}],"up":[{"embeddable":true,"href":"https:\/\/lesgravereaux.marret.co\/index.php\/wp-json\/wp\/v2\/pages\/571"}],"wp:attachment":[{"href":"https:\/\/lesgravereaux.marret.co\/index.php\/wp-json\/wp\/v2\/media?parent=2551"}],"curies":[{"name":"wp","href":"https:\/\/api.w.org\/{rel}","templated":true}]}}