{"id":2531,"date":"2016-05-12T03:18:25","date_gmt":"2016-05-12T02:18:25","guid":{"rendered":"http:\/\/lesgravereaux.marret.co\/?page_id=2531"},"modified":"2016-06-21T18:17:16","modified_gmt":"2016-06-21T17:17:16","slug":"croissy-vu-par-robert-gravereaux","status":"publish","type":"page","link":"https:\/\/lesgravereaux.marret.co\/index.php\/la-famille-gravereaux\/robert-gravereaux\/croissy-vu-par-robert-gravereaux\/","title":{"rendered":"Croissy&#8230; vu par Robert Gravereaux"},"content":{"rendered":"<p><a href=\"https:\/\/i0.wp.com\/lesgravereaux.marret.co\/wp-content\/uploads\/2016\/05\/Gravereaux-Robert-11-1a-wp.jpg?ssl=1\"><img data-recalc-dims=\"1\" loading=\"lazy\" decoding=\"async\" data-attachment-id=\"2485\" data-permalink=\"https:\/\/lesgravereaux.marret.co\/index.php\/la-famille-gravereaux\/robert-gravereaux\/gravereaux-robert-11-1a-wp-2\/\" data-orig-file=\"https:\/\/i0.wp.com\/lesgravereaux.marret.co\/wp-content\/uploads\/2016\/05\/Gravereaux-Robert-11-1a-wp.jpg?fit=1575%2C967&amp;ssl=1\" data-orig-size=\"1575,967\" data-comments-opened=\"1\" data-image-meta=\"{&quot;aperture&quot;:&quot;0&quot;,&quot;credit&quot;:&quot;&quot;,&quot;camera&quot;:&quot;CanoScan LiDE 110&quot;,&quot;caption&quot;:&quot;&quot;,&quot;created_timestamp&quot;:&quot;1338399280&quot;,&quot;copyright&quot;:&quot;&quot;,&quot;focal_length&quot;:&quot;0&quot;,&quot;iso&quot;:&quot;0&quot;,&quot;shutter_speed&quot;:&quot;0&quot;,&quot;title&quot;:&quot;&quot;,&quot;orientation&quot;:&quot;1&quot;}\" data-image-title=\"Gravereaux, Robert 11-1a wp\" data-image-description=\"\" data-image-caption=\"\" data-medium-file=\"https:\/\/i0.wp.com\/lesgravereaux.marret.co\/wp-content\/uploads\/2016\/05\/Gravereaux-Robert-11-1a-wp.jpg?fit=300%2C184&amp;ssl=1\" data-large-file=\"https:\/\/i0.wp.com\/lesgravereaux.marret.co\/wp-content\/uploads\/2016\/05\/Gravereaux-Robert-11-1a-wp.jpg?fit=640%2C393&amp;ssl=1\" class=\"wp-image-2485 alignright\" src=\"https:\/\/i0.wp.com\/lesgravereaux.marret.co\/wp-content\/uploads\/2016\/05\/Gravereaux-Robert-11-1a-wp.jpg?resize=301%2C185&#038;ssl=1\" alt=\"Gravereaux, Robert 11-1a wp\" width=\"301\" height=\"185\" data-wp-pid=\"2485\" srcset=\"https:\/\/i0.wp.com\/lesgravereaux.marret.co\/wp-content\/uploads\/2016\/05\/Gravereaux-Robert-11-1a-wp.jpg?resize=1024%2C629&amp;ssl=1 1024w, https:\/\/i0.wp.com\/lesgravereaux.marret.co\/wp-content\/uploads\/2016\/05\/Gravereaux-Robert-11-1a-wp.jpg?resize=300%2C184&amp;ssl=1 300w, https:\/\/i0.wp.com\/lesgravereaux.marret.co\/wp-content\/uploads\/2016\/05\/Gravereaux-Robert-11-1a-wp.jpg?resize=768%2C472&amp;ssl=1 768w, https:\/\/i0.wp.com\/lesgravereaux.marret.co\/wp-content\/uploads\/2016\/05\/Gravereaux-Robert-11-1a-wp.jpg?resize=800%2C491&amp;ssl=1 800w, https:\/\/i0.wp.com\/lesgravereaux.marret.co\/wp-content\/uploads\/2016\/05\/Gravereaux-Robert-11-1a-wp.jpg?resize=600%2C368&amp;ssl=1 600w, https:\/\/i0.wp.com\/lesgravereaux.marret.co\/wp-content\/uploads\/2016\/05\/Gravereaux-Robert-11-1a-wp.jpg?w=1575&amp;ssl=1 1575w, https:\/\/i0.wp.com\/lesgravereaux.marret.co\/wp-content\/uploads\/2016\/05\/Gravereaux-Robert-11-1a-wp.jpg?w=1280&amp;ssl=1 1280w\" sizes=\"auto, (max-width: 301px) 100vw, 301px\" \/><\/a><\/p>\n<p>Croissy, son jardin familial, les gens qui y passent, tout est pr\u00e9texte pour des aquarelles. Et Robert Gravereaux ne se prive pas de sortir son carnet\u2026<\/p>\n<p>&nbsp;<\/p>\n<p>&nbsp;<\/p>\n<p>&nbsp;<\/p>\n<p><div id=\"metaslider-id-3792\" style=\"max-width: 920px; margin: 0 auto;\" class=\"ml-slider-3-105-0 metaslider metaslider-nivo metaslider-3792 ml-slider has-dots-nav ms-theme-default\" role=\"region\" aria-label=\"Croissy (Robert G)\" data-height=\"690\" data-width=\"920\">\n    <div id=\"metaslider_container_3792\">\n        <div class='slider-wrapper theme-default'><div class='ribbon'><\/div><div id='metaslider_3792' class='nivoSlider'><img data-recalc-dims=\"1\" loading=\"lazy\" decoding=\"async\" src=\"https:\/\/i0.wp.com\/lesgravereaux.marret.co\/wp-content\/uploads\/2016\/05\/1928-Gravereaux-Robert-Carnet-02_wp.jpg?resize=640%2C480&#038;ssl=1\" height=\"480\" width=\"640\" alt=\"\" class=\"slider-3792 slide-2501 msDefaultImage\" \/><img data-recalc-dims=\"1\" loading=\"lazy\" decoding=\"async\" src=\"https:\/\/i0.wp.com\/lesgravereaux.marret.co\/wp-content\/uploads\/2016\/05\/1932-Gravereaux-Robert-Carnet-Croissy-14_wp.jpg?resize=640%2C480&#038;ssl=1\" height=\"480\" width=\"640\" alt=\"\" class=\"slider-3792 slide-2508 msDefaultImage\" \/><img data-recalc-dims=\"1\" loading=\"lazy\" decoding=\"async\" src=\"https:\/\/i0.wp.com\/lesgravereaux.marret.co\/wp-content\/uploads\/2016\/05\/1932-Gravereaux-Robert-Carnet-Croissy-23_wp.jpg?resize=640%2C480&#038;ssl=1\" height=\"480\" width=\"640\" data-caption=\"dat&eacute;e du 2\/8\/1932...\r\nRobert Gravereaux n&#039;a donc que 15 ans\" alt=\"\" class=\"slider-3792 slide-2487 msDefaultImage\" \/><img data-recalc-dims=\"1\" loading=\"lazy\" decoding=\"async\" src=\"https:\/\/i0.wp.com\/lesgravereaux.marret.co\/wp-content\/uploads\/2016\/05\/1932-Gravereaux-Robert-Carnet-Croissy-04_wp.jpg?resize=640%2C480&#038;ssl=1\" height=\"480\" width=\"640\" alt=\"\" class=\"slider-3792 slide-2504 msDefaultImage\" \/><img data-recalc-dims=\"1\" loading=\"lazy\" decoding=\"async\" src=\"https:\/\/i0.wp.com\/lesgravereaux.marret.co\/wp-content\/uploads\/2016\/05\/1932-Gravereaux-Robert-Carnet-Croissy-06_wp.jpg?resize=640%2C480&#038;ssl=1\" height=\"480\" width=\"640\" data-caption=\"Le tennis... et son histoire\" alt=\"\" class=\"slider-3792 slide-2505 msDefaultImage\" \/><img data-recalc-dims=\"1\" loading=\"lazy\" decoding=\"async\" src=\"https:\/\/i0.wp.com\/lesgravereaux.marret.co\/wp-content\/uploads\/2016\/05\/1932-Gravereaux-Robert-Carnet-Croissy-17_wp.jpg?resize=640%2C480&#038;ssl=1\" height=\"480\" width=\"640\" data-caption=\"Dans l&rsquo;ancienne salle de billard?\" alt=\"\" class=\"slider-3792 slide-2509 msDefaultImage\" \/><img data-recalc-dims=\"1\" loading=\"lazy\" decoding=\"async\" src=\"https:\/\/i0.wp.com\/lesgravereaux.marret.co\/wp-content\/uploads\/2016\/05\/1932-Gravereaux-Robert-Carnet-Croissy-02_wp.jpg?resize=640%2C480&#038;ssl=1\" height=\"480\" width=\"640\" data-caption=\"La chambre de Robert?\" alt=\"\" class=\"slider-3792 slide-2503 msDefaultImage\" \/><img data-recalc-dims=\"1\" loading=\"lazy\" decoding=\"async\" src=\"https:\/\/i0.wp.com\/lesgravereaux.marret.co\/wp-content\/uploads\/2016\/02\/Gravereaux-Robert-15-1a-wp.jpg?resize=640%2C480&#038;ssl=1\" height=\"480\" width=\"640\" data-caption=\"&laquo; Vue de ma chambre &raquo; souligne Robert Gravereaux\r\nLes quatre h&ecirc;tres rouges, entre la grande maison et la berge de la Prairie\" alt=\"\" class=\"slider-3792 slide-212 msDefaultImage\" \/><img data-recalc-dims=\"1\" loading=\"lazy\" decoding=\"async\" src=\"https:\/\/i0.wp.com\/lesgravereaux.marret.co\/wp-content\/uploads\/2016\/02\/Gravereaux-Robert-22-1a-wp.jpg?resize=640%2C480&#038;ssl=1\" height=\"480\" width=\"640\" data-caption=\"La grille d&rsquo;entr&eacute;e, sur la berge de la Prairie,\r\n au bord de la Seine.\" alt=\"\" class=\"slider-3792 slide-216 msDefaultImage\" \/><img data-recalc-dims=\"1\" loading=\"lazy\" decoding=\"async\" src=\"https:\/\/i0.wp.com\/lesgravereaux.marret.co\/wp-content\/uploads\/2016\/02\/Gravereaux-Robert-23-1a-wp.jpg?resize=640%2C480&#038;ssl=1\" height=\"480\" width=\"640\" data-caption=\"La grille de la propri&eacute;t&eacute; vers la Seine\" alt=\"\" class=\"slider-3792 slide-217 msDefaultImage\" \/><img data-recalc-dims=\"1\" loading=\"lazy\" decoding=\"async\" src=\"https:\/\/i0.wp.com\/lesgravereaux.marret.co\/wp-content\/uploads\/2016\/05\/Gravereaux-Robert-24a-wp.jpg?resize=640%2C480&#038;ssl=1\" height=\"480\" width=\"640\" data-caption=\"Sur la Seine, face &agrave; Bougival\" alt=\"\" class=\"slider-3792 slide-2510 msDefaultImage\" \/><img data-recalc-dims=\"1\" loading=\"lazy\" decoding=\"async\" src=\"https:\/\/i0.wp.com\/lesgravereaux.marret.co\/wp-content\/uploads\/2016\/05\/1928-Gravereaux-Robert-Carnet-08_wp.jpg?resize=640%2C480&#038;ssl=1\" height=\"480\" width=\"640\" alt=\"\" class=\"slider-3792 slide-2502 msDefaultImage\" \/><img data-recalc-dims=\"1\" loading=\"lazy\" decoding=\"async\" src=\"https:\/\/i0.wp.com\/lesgravereaux.marret.co\/wp-content\/uploads\/2016\/05\/1932-Gravereaux-Robert-Carnet-Croissy-08_wp.jpg?resize=640%2C480&#038;ssl=1\" height=\"480\" width=\"640\" data-caption=\"Dans le jardin, on tricote...\" alt=\"\" class=\"slider-3792 slide-2525 msDefaultImage\" \/><img data-recalc-dims=\"1\" loading=\"lazy\" decoding=\"async\" src=\"https:\/\/i0.wp.com\/lesgravereaux.marret.co\/wp-content\/uploads\/2016\/05\/1928-Gravereaux-Robert-Carnet-06_wp.jpg?resize=640%2C480&#038;ssl=1\" height=\"480\" width=\"640\" data-caption=\"ou l&#039;on parle autour de la table\" alt=\"\" class=\"slider-3792 slide-2524 msDefaultImage\" \/><img data-recalc-dims=\"1\" loading=\"lazy\" decoding=\"async\" src=\"https:\/\/i0.wp.com\/lesgravereaux.marret.co\/wp-content\/uploads\/2016\/05\/1932-Gravereaux-Robert-Carnet-Croissy-13_wp.jpg?resize=640%2C480&#038;ssl=1\" height=\"480\" width=\"640\" alt=\"\" class=\"slider-3792 slide-2507 msDefaultImage\" \/><\/div><\/div>\n        \n    <\/div>\n<\/div><div id=\"metaslider-id-3792\" style=\"max-width: 920px; margin: 0 auto;\" class=\"ml-slider-3-105-0 metaslider metaslider-nivo metaslider-3792 ml-slider has-dots-nav ms-theme-default\" role=\"region\" aria-label=\"Croissy (Robert G)\" data-height=\"690\" data-width=\"920\">\n    <div id=\"metaslider_container_3792\">\n        <div class='slider-wrapper theme-default'><div class='ribbon'><\/div><div id='metaslider_3792' class='nivoSlider'><img data-recalc-dims=\"1\" loading=\"lazy\" decoding=\"async\" src=\"https:\/\/i0.wp.com\/lesgravereaux.marret.co\/wp-content\/uploads\/2016\/05\/1928-Gravereaux-Robert-Carnet-02_wp.jpg?resize=640%2C480&#038;ssl=1\" height=\"480\" width=\"640\" alt=\"\" class=\"slider-3792 slide-2501 msDefaultImage\" \/><img data-recalc-dims=\"1\" loading=\"lazy\" decoding=\"async\" src=\"https:\/\/i0.wp.com\/lesgravereaux.marret.co\/wp-content\/uploads\/2016\/05\/1932-Gravereaux-Robert-Carnet-Croissy-14_wp.jpg?resize=640%2C480&#038;ssl=1\" height=\"480\" width=\"640\" alt=\"\" class=\"slider-3792 slide-2508 msDefaultImage\" \/><img data-recalc-dims=\"1\" loading=\"lazy\" decoding=\"async\" src=\"https:\/\/i0.wp.com\/lesgravereaux.marret.co\/wp-content\/uploads\/2016\/05\/1932-Gravereaux-Robert-Carnet-Croissy-23_wp.jpg?resize=640%2C480&#038;ssl=1\" height=\"480\" width=\"640\" data-caption=\"dat&eacute;e du 2\/8\/1932...\r\nRobert Gravereaux n&#039;a donc que 15 ans\" alt=\"\" class=\"slider-3792 slide-2487 msDefaultImage\" \/><img data-recalc-dims=\"1\" loading=\"lazy\" decoding=\"async\" src=\"https:\/\/i0.wp.com\/lesgravereaux.marret.co\/wp-content\/uploads\/2016\/05\/1932-Gravereaux-Robert-Carnet-Croissy-04_wp.jpg?resize=640%2C480&#038;ssl=1\" height=\"480\" width=\"640\" alt=\"\" class=\"slider-3792 slide-2504 msDefaultImage\" \/><img data-recalc-dims=\"1\" loading=\"lazy\" decoding=\"async\" src=\"https:\/\/i0.wp.com\/lesgravereaux.marret.co\/wp-content\/uploads\/2016\/05\/1932-Gravereaux-Robert-Carnet-Croissy-06_wp.jpg?resize=640%2C480&#038;ssl=1\" height=\"480\" width=\"640\" data-caption=\"Le tennis... et son histoire\" alt=\"\" class=\"slider-3792 slide-2505 msDefaultImage\" \/><img data-recalc-dims=\"1\" loading=\"lazy\" decoding=\"async\" src=\"https:\/\/i0.wp.com\/lesgravereaux.marret.co\/wp-content\/uploads\/2016\/05\/1932-Gravereaux-Robert-Carnet-Croissy-17_wp.jpg?resize=640%2C480&#038;ssl=1\" height=\"480\" width=\"640\" data-caption=\"Dans l&rsquo;ancienne salle de billard?\" alt=\"\" class=\"slider-3792 slide-2509 msDefaultImage\" \/><img data-recalc-dims=\"1\" loading=\"lazy\" decoding=\"async\" src=\"https:\/\/i0.wp.com\/lesgravereaux.marret.co\/wp-content\/uploads\/2016\/05\/1932-Gravereaux-Robert-Carnet-Croissy-02_wp.jpg?resize=640%2C480&#038;ssl=1\" height=\"480\" width=\"640\" data-caption=\"La chambre de Robert?\" alt=\"\" class=\"slider-3792 slide-2503 msDefaultImage\" \/><img data-recalc-dims=\"1\" loading=\"lazy\" decoding=\"async\" src=\"https:\/\/i0.wp.com\/lesgravereaux.marret.co\/wp-content\/uploads\/2016\/02\/Gravereaux-Robert-15-1a-wp.jpg?resize=640%2C480&#038;ssl=1\" height=\"480\" width=\"640\" data-caption=\"&laquo; Vue de ma chambre &raquo; souligne Robert Gravereaux\r\nLes quatre h&ecirc;tres rouges, entre la grande maison et la berge de la Prairie\" alt=\"\" class=\"slider-3792 slide-212 msDefaultImage\" \/><img data-recalc-dims=\"1\" loading=\"lazy\" decoding=\"async\" src=\"https:\/\/i0.wp.com\/lesgravereaux.marret.co\/wp-content\/uploads\/2016\/02\/Gravereaux-Robert-22-1a-wp.jpg?resize=640%2C480&#038;ssl=1\" height=\"480\" width=\"640\" data-caption=\"La grille d&rsquo;entr&eacute;e, sur la berge de la Prairie,\r\n au bord de la Seine.\" alt=\"\" class=\"slider-3792 slide-216 msDefaultImage\" \/><img data-recalc-dims=\"1\" loading=\"lazy\" decoding=\"async\" src=\"https:\/\/i0.wp.com\/lesgravereaux.marret.co\/wp-content\/uploads\/2016\/02\/Gravereaux-Robert-23-1a-wp.jpg?resize=640%2C480&#038;ssl=1\" height=\"480\" width=\"640\" data-caption=\"La grille de la propri&eacute;t&eacute; vers la Seine\" alt=\"\" class=\"slider-3792 slide-217 msDefaultImage\" \/><img data-recalc-dims=\"1\" loading=\"lazy\" decoding=\"async\" src=\"https:\/\/i0.wp.com\/lesgravereaux.marret.co\/wp-content\/uploads\/2016\/05\/Gravereaux-Robert-24a-wp.jpg?resize=640%2C480&#038;ssl=1\" height=\"480\" width=\"640\" data-caption=\"Sur la Seine, face &agrave; Bougival\" alt=\"\" class=\"slider-3792 slide-2510 msDefaultImage\" \/><img data-recalc-dims=\"1\" loading=\"lazy\" decoding=\"async\" src=\"https:\/\/i0.wp.com\/lesgravereaux.marret.co\/wp-content\/uploads\/2016\/05\/1928-Gravereaux-Robert-Carnet-08_wp.jpg?resize=640%2C480&#038;ssl=1\" height=\"480\" width=\"640\" alt=\"\" class=\"slider-3792 slide-2502 msDefaultImage\" \/><img data-recalc-dims=\"1\" loading=\"lazy\" decoding=\"async\" src=\"https:\/\/i0.wp.com\/lesgravereaux.marret.co\/wp-content\/uploads\/2016\/05\/1932-Gravereaux-Robert-Carnet-Croissy-08_wp.jpg?resize=640%2C480&#038;ssl=1\" height=\"480\" width=\"640\" data-caption=\"Dans le jardin, on tricote...\" alt=\"\" class=\"slider-3792 slide-2525 msDefaultImage\" \/><img data-recalc-dims=\"1\" loading=\"lazy\" decoding=\"async\" src=\"https:\/\/i0.wp.com\/lesgravereaux.marret.co\/wp-content\/uploads\/2016\/05\/1928-Gravereaux-Robert-Carnet-06_wp.jpg?resize=640%2C480&#038;ssl=1\" height=\"480\" width=\"640\" data-caption=\"ou l&#039;on parle autour de la table\" alt=\"\" class=\"slider-3792 slide-2524 msDefaultImage\" \/><img data-recalc-dims=\"1\" loading=\"lazy\" decoding=\"async\" src=\"https:\/\/i0.wp.com\/lesgravereaux.marret.co\/wp-content\/uploads\/2016\/05\/1932-Gravereaux-Robert-Carnet-Croissy-13_wp.jpg?resize=640%2C480&#038;ssl=1\" height=\"480\" width=\"640\" alt=\"\" class=\"slider-3792 slide-2507 msDefaultImage\" \/><\/div><\/div>\n        \n    <\/div>\n<\/div><\/p>\n<p>&nbsp;<\/p>\n","protected":false},"excerpt":{"rendered":"<p>Croissy, son jardin familial, les gens qui y passent, tout est pr\u00e9texte pour des aquarelles. Et Robert Gravereaux ne se prive pas de sortir son carnet\u2026 &nbsp; &nbsp; &nbsp; &nbsp;<\/p>\n","protected":false},"author":1,"featured_media":0,"parent":2481,"menu_order":0,"comment_status":"closed","ping_status":"closed","template":"","meta":{"ngg_post_thumbnail":0,"jetpack_post_was_ever_published":false,"footnotes":""},"class_list":["post-2531","page","type-page","status-publish","hentry"],"jetpack_sharing_enabled":true,"jetpack_shortlink":"https:\/\/wp.me\/P7ERyi-EP","jetpack-related-posts":[{"id":2570,"url":"https:\/\/lesgravereaux.marret.co\/index.php\/la-famille-gravereaux\/robert-gravereaux\/robert-gravereaux-dans-le-midi\/","url_meta":{"origin":2531,"position":0},"title":"Robert Gravereaux, dans le Midi","author":"marretgravereaux","date":"12 mai 2016","format":false,"excerpt":"","rel":"","context":"Article similaire","block_context":{"text":"Article similaire","link":""},"img":{"alt_text":"1932 Gravereaux, Robert - Carnet Croissy 12_wp","src":"https:\/\/i0.wp.com\/lesgravereaux.marret.co\/wp-content\/uploads\/2016\/05\/1932-Gravereaux-Robert-Carnet-Croissy-12_wp-1024x900.jpg?resize=350%2C200","width":350,"height":200},"classes":[]},{"id":1238,"url":"https:\/\/lesgravereaux.marret.co\/index.php\/la-famille-gravereaux\/croissy-la-propriete-ancelot-gravereaux\/la-propriete-de-croissy-vu-par\/","url_meta":{"origin":2531,"position":1},"title":"Croissy, vu par&#8230; Raymond Gravereaux et Gilles Thin","author":"marretgravereaux","date":"19 mars 2016","format":false,"excerpt":"Raymond Gravereaux et Gilles Thin, son gendre, ont peint \u2014 chacun \u00e0 leur \u00e9poque et \u00e0 leur fa\u00e7on \u2014 une partie de la propri\u00e9t\u00e9 de Croissy... . La grande maison par\u00a0Raymond Gravereaux juin 1925 (collection Jean-Luc Marret) . Le salon par\u00a0Raymond Gravereaux 1930 (collection Jean-Luc Marret) \u00a0 . Le billard\u2026","rel":"","context":"Article similaire","block_context":{"text":"Article similaire","link":""},"img":{"alt_text":"1925-06 GRAVEREAUX, Raymond - La grande maison de Croissy a wp","src":"https:\/\/i0.wp.com\/marret.co\/wp-content\/uploads\/2016\/02\/1925-06-GRAVEREAUX-Raymond-La-grande-maison-de-Croissy-a-wp-1024x860.jpg?resize=350%2C200","width":350,"height":200},"classes":[]},{"id":2481,"url":"https:\/\/lesgravereaux.marret.co\/index.php\/la-famille-gravereaux\/robert-gravereaux\/","url_meta":{"origin":2531,"position":2},"title":"Robert Gravereaux","author":"marretgravereaux","date":"11 mai 2016","format":false,"excerpt":"Robert Gravereaux est n\u00e9 \u00e0 Croissy-sur-Seine, le 27 mai 1917. Lieutenant au 5e\u00a0Bataillon de chasseurs \u00e0 pied, il a\u00a0\u00e9t\u00e9 bless\u00e9 \u00e0 Boulogne-sur-Mer, lors du si\u00e8ge de la ville par les Allemands, le 25\u00a0mai\u00a01940; il d\u00e9c\u00e8de de ses blessures le 28\u00a0mai. Le Matin, 25 octobre 1940 \u00a0 \u00a0 Le dossier \u00ab\u00a0M\u00e9moire\u2026","rel":"","context":"Article similaire","block_context":{"text":"Article similaire","link":""},"img":{"alt_text":"Le Matin - 25 octobre 1940","src":"https:\/\/i0.wp.com\/lesgravereaux.marret.co\/wp-content\/uploads\/2016\/05\/1940-10-25-Gravereaux-Robert-D%C3%A9c%C3%A8s-Le-Matin_wp.jpg?resize=350%2C200","width":350,"height":200},"classes":[]},{"id":603,"url":"https:\/\/lesgravereaux.marret.co\/index.php\/la-famille-gravereaux\/croissy-la-propriete-ancelot-gravereaux\/","url_meta":{"origin":2531,"position":3},"title":"Croissy &#8211; la propri\u00e9t\u00e9 Ancelot-Gravereaux","author":"marretgravereaux","date":"7 mars 2016","format":false,"excerpt":"En 1883, Beno\u00eet-Donatien Caillau fait l\u2019acquisition d\u2019une maison \u00e0 Croissy-sur-Seine. \u00ab\u00a0D'une propri\u00e9t\u00e9 sise \u00e0 Croissy, canton de Saint-Germain-en-Laye, arrondissement de Versailles (Seine-et-Oise, le long de la Seine, berge de la Prairie, comprenant\u00a0: une maison d'habitation \u00e9lev\u00e9e sur caves, d'un rez-de-chauss\u00e9e, d'un premier \u00e9tage carr\u00e9 et d\u2019un deuxi\u00e8me \u00e9tage mansard\u00e9\u00a0: Corps\u2026","rel":"","context":"Article similaire","block_context":{"text":"Article similaire","link":""},"img":{"alt_text":"Croissy - Vue prise dans l'ile_wp","src":"https:\/\/i0.wp.com\/marret.co\/wp-content\/uploads\/2016\/03\/Croissy-Vue-prise-dans-lile_wp-1024x661.jpg?resize=350%2C200","width":350,"height":200},"classes":[]},{"id":3640,"url":"https:\/\/lesgravereaux.marret.co\/index.php\/la-famille-gravereaux\/raymond-gravereaux\/raymond-gravereaux-dessins-et-peintures\/","url_meta":{"origin":2531,"position":4},"title":"Raymond Gravereaux &#8211; Dessins et peintures","author":"marretgravereaux","date":"16 juin 2016","format":false,"excerpt":"Dans les ann\u00e9es 1920, Raymond Gravereaux se pr\u00e9pare \u00e0 devenir architecte et l'\u00c9cole des Beaux-Arts est sa porte d'entr\u00e9e. Il d\u00e9veloppe d\u00e9j\u00e0 ses talents de dessinateur en crayonnant et peignant, chaque fois que l'occasion se pr\u00e9sente. La propri\u00e9t\u00e9 de ses parents ou les lieux qu'il visite sont autant d'opportunit\u00e9s pour\u2026","rel":"","context":"Article similaire","block_context":{"text":"Article similaire","link":""},"img":{"alt_text":"1925-06 GRAVEREAUX, Raymond - La grande maison de Croissy a wp","src":"https:\/\/i0.wp.com\/lesgravereaux.marret.co\/wp-content\/uploads\/2016\/02\/1925-06-GRAVEREAUX-Raymond-La-grande-maison-de-Croissy-a-wp-1024x860.jpg?resize=350%2C200","width":350,"height":200},"classes":[]},{"id":2551,"url":"https:\/\/lesgravereaux.marret.co\/index.php\/571-2\/a-lhay-vers-1927\/","url_meta":{"origin":2531,"position":5},"title":"\u00c0 L&rsquo;Ha\u00ff&#8230; vers 1927","author":"marretgravereaux","date":"12 mai 2016","format":false,"excerpt":"Un bal \u00e0 L'Ha\u00ff-les-Roses, pour les dix-huit ans de petites-filles de Jules Gravereaux Ont \u00e9t\u00e9 identifi\u00e9es, de gauche \u00e0 droite\u00a0: ???, Fran\u00e7oise Gravereaux (Lesur), Suzanne Gravereaux (Marret), Gladys Tourret (Gravereaux), Jacqueline Gravereaux (Fanet), ???, Andr\u00e9e Fanet (Andr\u00e9), ??? Si vous pouvez identifier les autres personnes, apporter des corrections ou en\u2026","rel":"","context":"Article similaire","block_context":{"text":"Article similaire","link":""},"img":{"alt_text":"1929v - Bal \u00e0 l'Hay - JLM0081_wp","src":"https:\/\/i0.wp.com\/lesgravereaux.marret.co\/wp-content\/uploads\/2016\/05\/1929v-Bal-%C3%A0-lHay-JLM0081_wp-1024x703.jpg?resize=350%2C200","width":350,"height":200,"srcset":"https:\/\/i0.wp.com\/lesgravereaux.marret.co\/wp-content\/uploads\/2016\/05\/1929v-Bal-%C3%A0-lHay-JLM0081_wp-1024x703.jpg?resize=350%2C200 1x, https:\/\/i0.wp.com\/lesgravereaux.marret.co\/wp-content\/uploads\/2016\/05\/1929v-Bal-%C3%A0-lHay-JLM0081_wp-1024x703.jpg?resize=525%2C300 1.5x"},"classes":[]}],"_links":{"self":[{"href":"https:\/\/lesgravereaux.marret.co\/index.php\/wp-json\/wp\/v2\/pages\/2531","targetHints":{"allow":["GET"]}}],"collection":[{"href":"https:\/\/lesgravereaux.marret.co\/index.php\/wp-json\/wp\/v2\/pages"}],"about":[{"href":"https:\/\/lesgravereaux.marret.co\/index.php\/wp-json\/wp\/v2\/types\/page"}],"author":[{"embeddable":true,"href":"https:\/\/lesgravereaux.marret.co\/index.php\/wp-json\/wp\/v2\/users\/1"}],"replies":[{"embeddable":true,"href":"https:\/\/lesgravereaux.marret.co\/index.php\/wp-json\/wp\/v2\/comments?post=2531"}],"version-history":[{"count":0,"href":"https:\/\/lesgravereaux.marret.co\/index.php\/wp-json\/wp\/v2\/pages\/2531\/revisions"}],"up":[{"embeddable":true,"href":"https:\/\/lesgravereaux.marret.co\/index.php\/wp-json\/wp\/v2\/pages\/2481"}],"wp:attachment":[{"href":"https:\/\/lesgravereaux.marret.co\/index.php\/wp-json\/wp\/v2\/media?parent=2531"}],"curies":[{"name":"wp","href":"https:\/\/api.w.org\/{rel}","templated":true}]}}