{"id":2481,"date":"2016-05-11T15:45:02","date_gmt":"2016-05-11T14:45:02","guid":{"rendered":"http:\/\/lesgravereaux.marret.co\/?page_id=2481"},"modified":"2019-04-02T17:23:06","modified_gmt":"2019-04-02T16:23:06","slug":"robert-gravereaux","status":"publish","type":"page","link":"https:\/\/lesgravereaux.marret.co\/index.php\/la-famille-gravereaux\/robert-gravereaux\/","title":{"rendered":"Robert Gravereaux"},"content":{"rendered":"<p>Robert Gravereaux est n\u00e9 \u00e0 Croissy-sur-Seine, le 27 mai 1917.<\/p>\n<p><a href=\"https:\/\/i0.wp.com\/lesgravereaux.marret.co\/wp-content\/uploads\/2016\/05\/1940-10-25-Gravereaux-Robert-D%C3%A9c%C3%A8s-Le-Matin_wp.jpg?ssl=1\"><img data-recalc-dims=\"1\" loading=\"lazy\" decoding=\"async\" data-attachment-id=\"2484\" data-permalink=\"https:\/\/lesgravereaux.marret.co\/index.php\/la-famille-gravereaux\/robert-gravereaux\/java-printing-2\/\" data-orig-file=\"https:\/\/i0.wp.com\/lesgravereaux.marret.co\/wp-content\/uploads\/2016\/05\/1940-10-25-Gravereaux-Robert-D%C3%A9c%C3%A8s-Le-Matin_wp.jpg?fit=591%2C184&amp;ssl=1\" data-orig-size=\"591,184\" data-comments-opened=\"1\" data-image-meta=\"{&quot;aperture&quot;:&quot;0&quot;,&quot;credit&quot;:&quot;Jean-Luc&quot;,&quot;camera&quot;:&quot;&quot;,&quot;caption&quot;:&quot;&quot;,&quot;created_timestamp&quot;:&quot;0&quot;,&quot;copyright&quot;:&quot;&quot;,&quot;focal_length&quot;:&quot;0&quot;,&quot;iso&quot;:&quot;0&quot;,&quot;shutter_speed&quot;:&quot;0&quot;,&quot;title&quot;:&quot;Java Printing&quot;,&quot;orientation&quot;:&quot;1&quot;}\" data-image-title=\"Le Matin &amp;#8211; 25 octobre 1940\" data-image-description=\"\" data-image-caption=\"\" data-medium-file=\"https:\/\/i0.wp.com\/lesgravereaux.marret.co\/wp-content\/uploads\/2016\/05\/1940-10-25-Gravereaux-Robert-D%C3%A9c%C3%A8s-Le-Matin_wp.jpg?fit=300%2C93&amp;ssl=1\" data-large-file=\"https:\/\/i0.wp.com\/lesgravereaux.marret.co\/wp-content\/uploads\/2016\/05\/1940-10-25-Gravereaux-Robert-D%C3%A9c%C3%A8s-Le-Matin_wp.jpg?fit=591%2C184&amp;ssl=1\" class=\"wp-image-2484 alignright\" src=\"https:\/\/i0.wp.com\/lesgravereaux.marret.co\/wp-content\/uploads\/2016\/05\/1940-10-25-Gravereaux-Robert-D%C3%A9c%C3%A8s-Le-Matin_wp.jpg?resize=250%2C78&#038;ssl=1\" alt=\"Le Matin - 25 octobre 1940\" width=\"250\" height=\"78\" data-wp-pid=\"2484\" srcset=\"https:\/\/i0.wp.com\/lesgravereaux.marret.co\/wp-content\/uploads\/2016\/05\/1940-10-25-Gravereaux-Robert-D%C3%A9c%C3%A8s-Le-Matin_wp.jpg?w=591&amp;ssl=1 591w, https:\/\/i0.wp.com\/lesgravereaux.marret.co\/wp-content\/uploads\/2016\/05\/1940-10-25-Gravereaux-Robert-D%C3%A9c%C3%A8s-Le-Matin_wp.jpg?resize=300%2C93&amp;ssl=1 300w\" sizes=\"auto, (max-width: 250px) 100vw, 250px\" \/><\/a>Lieutenant au 5e&nbsp;Bataillon de chasseurs \u00e0 pied, il a&nbsp;\u00e9t\u00e9 bless\u00e9 \u00e0 Boulogne-sur-Mer, lors du si\u00e8ge de la ville par les Allemands, le 25&nbsp;mai&nbsp;1940; il d\u00e9c\u00e8de de ses blessures le 28&nbsp;mai.<\/p>\n<p style=\"text-align: right;\"><span style=\"font-size: 10pt;\"><em>Le Matin, 25 octobre 1940<\/em><\/span><\/p>\n<p><a href=\"https:\/\/i0.wp.com\/lesgravereaux.marret.co\/wp-content\/uploads\/2016\/05\/1940-05-28-Gravereaux-Robert-D%C3%A9c%C3%A8s-M%C3%A9moire-des-hommes_wp.jpg?ssl=1\"><img data-recalc-dims=\"1\" loading=\"lazy\" decoding=\"async\" data-attachment-id=\"2483\" data-permalink=\"https:\/\/lesgravereaux.marret.co\/index.php\/la-famille-gravereaux\/robert-gravereaux\/maxthon-4\/\" data-orig-file=\"https:\/\/i0.wp.com\/lesgravereaux.marret.co\/wp-content\/uploads\/2016\/05\/1940-05-28-Gravereaux-Robert-D%C3%A9c%C3%A8s-M%C3%A9moire-des-hommes_wp.jpg?fit=929%2C886&amp;ssl=1\" data-orig-size=\"929,886\" data-comments-opened=\"1\" data-image-meta=\"{&quot;aperture&quot;:&quot;0&quot;,&quot;credit&quot;:&quot;Jean-Luc&quot;,&quot;camera&quot;:&quot;&quot;,&quot;caption&quot;:&quot;&quot;,&quot;created_timestamp&quot;:&quot;0&quot;,&quot;copyright&quot;:&quot;&quot;,&quot;focal_length&quot;:&quot;0&quot;,&quot;iso&quot;:&quot;0&quot;,&quot;shutter_speed&quot;:&quot;0&quot;,&quot;title&quot;:&quot;Maxthon&quot;,&quot;orientation&quot;:&quot;1&quot;}\" data-image-title=\"M\u00e9moire des hommes (28-05-1940)\" data-image-description=\"\" data-image-caption=\"\" data-medium-file=\"https:\/\/i0.wp.com\/lesgravereaux.marret.co\/wp-content\/uploads\/2016\/05\/1940-05-28-Gravereaux-Robert-D%C3%A9c%C3%A8s-M%C3%A9moire-des-hommes_wp.jpg?fit=300%2C286&amp;ssl=1\" data-large-file=\"https:\/\/i0.wp.com\/lesgravereaux.marret.co\/wp-content\/uploads\/2016\/05\/1940-05-28-Gravereaux-Robert-D%C3%A9c%C3%A8s-M%C3%A9moire-des-hommes_wp.jpg?fit=640%2C610&amp;ssl=1\" class=\"wp-image-2483 alignleft\" src=\"https:\/\/i0.wp.com\/lesgravereaux.marret.co\/wp-content\/uploads\/2016\/05\/1940-05-28-Gravereaux-Robert-D%C3%A9c%C3%A8s-M%C3%A9moire-des-hommes_wp.jpg?resize=301%2C287&#038;ssl=1\" alt=\"M\u00e9moire des hommes (28-05-1940)\" width=\"301\" height=\"287\" data-wp-pid=\"2483\" srcset=\"https:\/\/i0.wp.com\/lesgravereaux.marret.co\/wp-content\/uploads\/2016\/05\/1940-05-28-Gravereaux-Robert-D%C3%A9c%C3%A8s-M%C3%A9moire-des-hommes_wp.jpg?w=929&amp;ssl=1 929w, https:\/\/i0.wp.com\/lesgravereaux.marret.co\/wp-content\/uploads\/2016\/05\/1940-05-28-Gravereaux-Robert-D%C3%A9c%C3%A8s-M%C3%A9moire-des-hommes_wp.jpg?resize=300%2C286&amp;ssl=1 300w, https:\/\/i0.wp.com\/lesgravereaux.marret.co\/wp-content\/uploads\/2016\/05\/1940-05-28-Gravereaux-Robert-D%C3%A9c%C3%A8s-M%C3%A9moire-des-hommes_wp.jpg?resize=768%2C732&amp;ssl=1 768w, https:\/\/i0.wp.com\/lesgravereaux.marret.co\/wp-content\/uploads\/2016\/05\/1940-05-28-Gravereaux-Robert-D%C3%A9c%C3%A8s-M%C3%A9moire-des-hommes_wp.jpg?resize=800%2C763&amp;ssl=1 800w, https:\/\/i0.wp.com\/lesgravereaux.marret.co\/wp-content\/uploads\/2016\/05\/1940-05-28-Gravereaux-Robert-D%C3%A9c%C3%A8s-M%C3%A9moire-des-hommes_wp.jpg?resize=600%2C572&amp;ssl=1 600w\" sizes=\"auto, (max-width: 301px) 100vw, 301px\" \/><\/a><\/p>\n<p>&nbsp;<\/p>\n<p>&nbsp;<\/p>\n<p>Le dossier \u00ab&nbsp;M\u00e9moire des hommes&nbsp;\u00bb du Minist\u00e8re de la D\u00e9fense mentionne, par erreur, Ren\u00e9 Louis GRAVEREAUX, son p\u00e8re&#8230;<\/p>\n<p>&nbsp;<\/p>\n<p>comme l&rsquo;avait fait le Journal officiel du 5 janvier 1994, en le citant :<\/p>\n<p style=\"text-align: center;\" align=\"LEFT\"><a href=\"https:\/\/i0.wp.com\/lesgravereaux.marret.co\/wp-content\/uploads\/2016\/07\/1944-01-05-Journal-officiel-de-la-R%C3%A9publique-francaise-p89_wp.jpg?ssl=1\"><img data-recalc-dims=\"1\" loading=\"lazy\" decoding=\"async\" data-attachment-id=\"4470\" data-permalink=\"https:\/\/lesgravereaux.marret.co\/index.php\/la-famille-gravereaux\/robert-gravereaux\/1944-01-05-journal-officiel-de-la-republique-francaise-p89_wp\/\" data-orig-file=\"https:\/\/i0.wp.com\/lesgravereaux.marret.co\/wp-content\/uploads\/2016\/07\/1944-01-05-Journal-officiel-de-la-R%C3%A9publique-francaise-p89_wp.jpg?fit=591%2C328&amp;ssl=1\" data-orig-size=\"591,328\" data-comments-opened=\"1\" data-image-meta=\"{&quot;aperture&quot;:&quot;0&quot;,&quot;credit&quot;:&quot;&quot;,&quot;camera&quot;:&quot;&quot;,&quot;caption&quot;:&quot;&quot;,&quot;created_timestamp&quot;:&quot;0&quot;,&quot;copyright&quot;:&quot;&quot;,&quot;focal_length&quot;:&quot;0&quot;,&quot;iso&quot;:&quot;0&quot;,&quot;shutter_speed&quot;:&quot;0&quot;,&quot;title&quot;:&quot;&quot;,&quot;orientation&quot;:&quot;1&quot;}\" data-image-title=\"1944-01-05 Journal officiel de la R\u00e9publique francaise p89_wp\" data-image-description=\"\" data-image-caption=\"\" data-medium-file=\"https:\/\/i0.wp.com\/lesgravereaux.marret.co\/wp-content\/uploads\/2016\/07\/1944-01-05-Journal-officiel-de-la-R%C3%A9publique-francaise-p89_wp.jpg?fit=300%2C166&amp;ssl=1\" data-large-file=\"https:\/\/i0.wp.com\/lesgravereaux.marret.co\/wp-content\/uploads\/2016\/07\/1944-01-05-Journal-officiel-de-la-R%C3%A9publique-francaise-p89_wp.jpg?fit=591%2C328&amp;ssl=1\" class=\"wp-image-4470 alignright\" src=\"https:\/\/i0.wp.com\/lesgravereaux.marret.co\/wp-content\/uploads\/2016\/07\/1944-01-05-Journal-officiel-de-la-R%C3%A9publique-francaise-p89_wp.jpg?resize=346%2C192&#038;ssl=1\" alt=\"1944-01-05 Journal officiel de la R\u00e9publique francaise p89_wp\" width=\"346\" height=\"192\" data-wp-pid=\"4470\" srcset=\"https:\/\/i0.wp.com\/lesgravereaux.marret.co\/wp-content\/uploads\/2016\/07\/1944-01-05-Journal-officiel-de-la-R%C3%A9publique-francaise-p89_wp.jpg?w=591&amp;ssl=1 591w, https:\/\/i0.wp.com\/lesgravereaux.marret.co\/wp-content\/uploads\/2016\/07\/1944-01-05-Journal-officiel-de-la-R%C3%A9publique-francaise-p89_wp.jpg?resize=300%2C166&amp;ssl=1 300w\" sizes=\"auto, (max-width: 346px) 100vw, 346px\" \/><\/a>5e bataillon de chasseurs.<\/p>\n<p>GRAVEREAUX (Ren\u00e9-Louis), sous-lieutenant, classe 1937, du recrutement de Versailles : officier d&rsquo;une bravoure exceptionnelle, tr\u00e8s bon chef de section, calme et r\u00e9fl\u00e9chi. Apr\u00e8s s&rsquo;\u00eatre particuli\u00e8rement distingu\u00e9, les 23 et 24 mai 1910, \u00e0 la d\u00e9fense du point d&rsquo;appui du pont de la Lampe sur la Liane, a trouv\u00e9 une mort glorieuse, le 25 mai, \u00e0 Boulogne-sur-Mer, alors qu&rsquo;il d\u00e9fendait, avec une superbe \u00e9nergie, la porte de Calais contre une attaque d&rsquo;engins blind\u00e9s appuy\u00e9s par des tirs tr\u00e8s denses d&rsquo;artillerie. A \u00e9t\u00e9 cit\u00e9.<\/p>\n<p style=\"text-align: center;\">~~~~~<\/p>\n<p><a href=\"https:\/\/i0.wp.com\/lesgravereaux.marret.co\/wp-content\/uploads\/2016\/05\/Gravereaux-Robert-11-1a-wp.jpg?ssl=1\"><img data-recalc-dims=\"1\" loading=\"lazy\" decoding=\"async\" data-attachment-id=\"2485\" data-permalink=\"https:\/\/lesgravereaux.marret.co\/index.php\/la-famille-gravereaux\/robert-gravereaux\/gravereaux-robert-11-1a-wp-2\/\" data-orig-file=\"https:\/\/i0.wp.com\/lesgravereaux.marret.co\/wp-content\/uploads\/2016\/05\/Gravereaux-Robert-11-1a-wp.jpg?fit=1575%2C967&amp;ssl=1\" data-orig-size=\"1575,967\" data-comments-opened=\"1\" data-image-meta=\"{&quot;aperture&quot;:&quot;0&quot;,&quot;credit&quot;:&quot;&quot;,&quot;camera&quot;:&quot;CanoScan LiDE 110&quot;,&quot;caption&quot;:&quot;&quot;,&quot;created_timestamp&quot;:&quot;1338399280&quot;,&quot;copyright&quot;:&quot;&quot;,&quot;focal_length&quot;:&quot;0&quot;,&quot;iso&quot;:&quot;0&quot;,&quot;shutter_speed&quot;:&quot;0&quot;,&quot;title&quot;:&quot;&quot;,&quot;orientation&quot;:&quot;1&quot;}\" data-image-title=\"Gravereaux, Robert 11-1a wp\" data-image-description=\"\" data-image-caption=\"\" data-medium-file=\"https:\/\/i0.wp.com\/lesgravereaux.marret.co\/wp-content\/uploads\/2016\/05\/Gravereaux-Robert-11-1a-wp.jpg?fit=300%2C184&amp;ssl=1\" data-large-file=\"https:\/\/i0.wp.com\/lesgravereaux.marret.co\/wp-content\/uploads\/2016\/05\/Gravereaux-Robert-11-1a-wp.jpg?fit=640%2C393&amp;ssl=1\" class=\"wp-image-2485 alignright\" src=\"https:\/\/i0.wp.com\/lesgravereaux.marret.co\/wp-content\/uploads\/2016\/05\/Gravereaux-Robert-11-1a-wp.jpg?resize=304%2C187&#038;ssl=1\" alt=\"Gravereaux, Robert 11-1a wp\" width=\"304\" height=\"187\" data-wp-pid=\"2485\" srcset=\"https:\/\/i0.wp.com\/lesgravereaux.marret.co\/wp-content\/uploads\/2016\/05\/Gravereaux-Robert-11-1a-wp.jpg?resize=1024%2C629&amp;ssl=1 1024w, https:\/\/i0.wp.com\/lesgravereaux.marret.co\/wp-content\/uploads\/2016\/05\/Gravereaux-Robert-11-1a-wp.jpg?resize=300%2C184&amp;ssl=1 300w, https:\/\/i0.wp.com\/lesgravereaux.marret.co\/wp-content\/uploads\/2016\/05\/Gravereaux-Robert-11-1a-wp.jpg?resize=768%2C472&amp;ssl=1 768w, https:\/\/i0.wp.com\/lesgravereaux.marret.co\/wp-content\/uploads\/2016\/05\/Gravereaux-Robert-11-1a-wp.jpg?resize=800%2C491&amp;ssl=1 800w, https:\/\/i0.wp.com\/lesgravereaux.marret.co\/wp-content\/uploads\/2016\/05\/Gravereaux-Robert-11-1a-wp.jpg?resize=600%2C368&amp;ssl=1 600w, https:\/\/i0.wp.com\/lesgravereaux.marret.co\/wp-content\/uploads\/2016\/05\/Gravereaux-Robert-11-1a-wp.jpg?w=1575&amp;ssl=1 1575w, https:\/\/i0.wp.com\/lesgravereaux.marret.co\/wp-content\/uploads\/2016\/05\/Gravereaux-Robert-11-1a-wp.jpg?w=1280&amp;ssl=1 1280w\" sizes=\"auto, (max-width: 304px) 100vw, 304px\" \/><\/a><\/p>\n<p>&nbsp;<\/p>\n<p>Comme la majeure partie des enfants de Ren\u00e9 Gravereaux, il avait un talent de dessinateur. En t\u00e9moignent d\u2019ailleurs les dessins apparaissant dans plusieurs carnets qu\u2019il a laiss\u00e9s (Archives Herv\u00e9 Lesur).<\/p>\n<p>&nbsp;<\/p>\n<p><a href=\"https:\/\/i0.wp.com\/lesgravereaux.marret.co\/wp-content\/uploads\/2016\/05\/1932-Gravereaux-Robert-Carnet-Croissy-23_wp.jpg?ssl=1\"><img data-recalc-dims=\"1\" loading=\"lazy\" decoding=\"async\" data-attachment-id=\"2487\" data-permalink=\"https:\/\/lesgravereaux.marret.co\/index.php\/la-famille-gravereaux\/robert-gravereaux\/1932-gravereaux-robert-carnet-croissy-23_wp\/\" data-orig-file=\"https:\/\/i0.wp.com\/lesgravereaux.marret.co\/wp-content\/uploads\/2016\/05\/1932-Gravereaux-Robert-Carnet-Croissy-23_wp.jpg?fit=1181%2C1009&amp;ssl=1\" data-orig-size=\"1181,1009\" data-comments-opened=\"1\" data-image-meta=\"{&quot;aperture&quot;:&quot;0&quot;,&quot;credit&quot;:&quot;&quot;,&quot;camera&quot;:&quot;&quot;,&quot;caption&quot;:&quot;&quot;,&quot;created_timestamp&quot;:&quot;0&quot;,&quot;copyright&quot;:&quot;&quot;,&quot;focal_length&quot;:&quot;0&quot;,&quot;iso&quot;:&quot;0&quot;,&quot;shutter_speed&quot;:&quot;0&quot;,&quot;title&quot;:&quot;&quot;,&quot;orientation&quot;:&quot;1&quot;}\" data-image-title=\"1932 Gravereaux, Robert &amp;#8211; Carnet Croissy 23_wp\" data-image-description=\"\" data-image-caption=\"&lt;p&gt;dat\u00e9e du 2\/8\/1932&amp;#8230;&lt;br \/&gt;\nRobert Gravereaux n&amp;rsquo;a donc que 15 ans&lt;\/p&gt;\n\" data-medium-file=\"https:\/\/i0.wp.com\/lesgravereaux.marret.co\/wp-content\/uploads\/2016\/05\/1932-Gravereaux-Robert-Carnet-Croissy-23_wp.jpg?fit=300%2C256&amp;ssl=1\" data-large-file=\"https:\/\/i0.wp.com\/lesgravereaux.marret.co\/wp-content\/uploads\/2016\/05\/1932-Gravereaux-Robert-Carnet-Croissy-23_wp.jpg?fit=640%2C547&amp;ssl=1\" class=\"wp-image-2487 alignleft\" src=\"https:\/\/i0.wp.com\/lesgravereaux.marret.co\/wp-content\/uploads\/2016\/05\/1932-Gravereaux-Robert-Carnet-Croissy-23_wp.jpg?resize=301%2C287&#038;ssl=1\" alt=\"1932 Gravereaux, Robert - Carnet Croissy 23_wp\" width=\"301\" height=\"287\" data-wp-pid=\"2487\"><\/a><\/p>\n<p>&nbsp;<\/p>\n<p>Une premi\u00e8re s\u00e9rie de ces peintures ou dessins montre <a href=\"https:\/\/lesgravereaux.marret.co\/index.php\/la-famille-gravereaux\/robert-gravereaux\/robert-gravereaux-portraitiste\/\">diverses personnes<\/a> parmi lesquelles son p\u00e8re, sa famille et des scouts qu\u2019il c\u00f4toyait. Dans une deuxi\u00e8me s\u00e9rie, c\u2019est <a href=\"https:\/\/lesgravereaux.marret.co\/index.php\/la-famille-gravereaux\/robert-gravereaux\/croissy-vu-par-robert-gravereaux\/\">Croissy<\/a> \u2014 et le jardin familial \u2014 qui sont \u00e0 l\u2019honneur. Et lorsqu&rsquo;il est dans le <a href=\"https:\/\/lesgravereaux.marret.co\/index.php\/la-famille-gravereaux\/robert-gravereaux\/robert-gravereaux-dans-le-midi\/\">midi<\/a> de la France, il ne manque pas l\u2019occasion de peindre&#8230;<\/p>\n","protected":false},"excerpt":{"rendered":"<p>Robert Gravereaux est n\u00e9 \u00e0 Croissy-sur-Seine, le 27 mai 1917. Lieutenant au 5e&nbsp;Bataillon de chasseurs \u00e0 pied, il a&nbsp;\u00e9t\u00e9 bless\u00e9 \u00e0 Boulogne-sur-Mer, lors du si\u00e8ge de la ville par les Allemands, le 25&nbsp;mai&nbsp;1940; il d\u00e9c\u00e8de de ses blessures le 28&nbsp;mai. &hellip; <a href=\"https:\/\/lesgravereaux.marret.co\/index.php\/la-famille-gravereaux\/robert-gravereaux\/\">Continuer la lecture <span class=\"meta-nav\">&rarr;<\/span><\/a><\/p>\n","protected":false},"author":1,"featured_media":0,"parent":645,"menu_order":0,"comment_status":"closed","ping_status":"closed","template":"","meta":{"ngg_post_thumbnail":0,"jetpack_post_was_ever_published":false,"footnotes":""},"class_list":["post-2481","page","type-page","status-publish","hentry"],"jetpack_sharing_enabled":true,"jetpack_shortlink":"https:\/\/wp.me\/P7ERyi-E1","jetpack-related-posts":[{"id":1344,"url":"https:\/\/lesgravereaux.marret.co\/index.php\/la-famille-gravereaux\/une-famille-dartistes\/","url_meta":{"origin":2481,"position":0},"title":"Une famille d&rsquo;artistes","author":"marretgravereaux","date":"12 juin 2016","format":false,"excerpt":"\u00a0 Ren\u00e9 Gravereaux (1875-1960) et Marthe Ancelot (1881-1972) ont eu dix enfants. On ne sait si leur grand-p\u00e8re, Jules Gravereaux (1844-1916) les a encourag\u00e9s ou s\u2019il les a inspir\u00e9s, mais ils ont, tous ou presque, d\u00e9montr\u00e9 des talents de dessinateurs! \u00a0 Philippe Gravereaux (1904-1987) aurait r\u00e9alis\u00e9 quelques dessins, dont celui\u2026","rel":"","context":"Article similaire","block_context":{"text":"Article similaire","link":""},"img":{"alt_text":"Gravereaux, Philippe (2011-12_012)_wp","src":"https:\/\/i0.wp.com\/lesgravereaux.marret.co\/wp-content\/uploads\/2016\/06\/Gravereaux-Philippe-2011-12_012_wp.jpg?resize=350%2C200","width":350,"height":200},"classes":[]},{"id":3110,"url":"https:\/\/lesgravereaux.marret.co\/index.php\/les-etablissements-gravereaux\/petite-chronologie\/","url_meta":{"origin":2481,"position":1},"title":"Petite chronologie","author":"marretgravereaux","date":"24 mai 2016","format":false,"excerpt":"1910 (21 juin) Gaston Chastel et Ren\u00e9 Gravereaux cr\u00e9ent une soci\u00e9t\u00e9 en nom collectif. Ren\u00e9 Gravereaux apporte 150\u00a0000\u00a0francs et Gaston Chastel 370\u00a0000\u00a0francs. Cette entreprise - dont le si\u00e8ge social est situ\u00e9 rue du faubourg Poissonni\u00e8re - est sp\u00e9cialis\u00e9e dans la fabrication de faux-cols, manchettes, et autres articles de lingerie, ainsi\u2026","rel":"","context":"Article similaire","block_context":{"text":"Article similaire","link":""},"img":{"alt_text":"R Gravereaux - Lettre-re\u00e7u (en-t\u00eate)_wp","src":"https:\/\/i0.wp.com\/lesgravereaux.marret.co\/wp-content\/uploads\/2016\/05\/R-Gravereaux-Lettre-re%C3%A7u-en-t%C3%AAte_wp.jpg?resize=350%2C200","width":350,"height":200},"classes":[]},{"id":651,"url":"https:\/\/lesgravereaux.marret.co\/index.php\/la-famille-gravereaux\/claude-gravereaux\/","url_meta":{"origin":2481,"position":2},"title":"Claude Gravereaux","author":"marretgravereaux","date":"7 mars 2016","format":false,"excerpt":"Claude GRAVEREAUX est n\u00e9 le 2 mai 1913. Il est le quatri\u00e8me enfant de\u00a0Paul Louis Gravereaux (27\u00a0janvier\u00a01876 \u2013 1934) et de Claire Marguerite Bonnevey (1881 - 1971). En 1936, il \u00e9pouse Jacqueline Hollingsworth. Joueur de hockey sur gazon, il fait partie de l\u2019\u00e9quipe de France lors des Jeux olympiques de\u2026","rel":"","context":"Article similaire","block_context":{"text":"Article similaire","link":""},"img":{"alt_text":"Unforgettable New Canaanites - Warren Allen Smith - p101c","src":"https:\/\/i0.wp.com\/marret.co\/wp-content\/uploads\/2016\/03\/Unforgettable-New-Canaanites-Warren-Allen-Smith-p101c.jpg?resize=350%2C200","width":350,"height":200},"classes":[]},{"id":2832,"url":"https:\/\/lesgravereaux.marret.co\/index.php\/les-etablissements-gravereaux\/argenton-la-sogec\/","url_meta":{"origin":2481,"position":3},"title":"Argenton &#8211; La SOGEC","author":"marretgravereaux","date":"20 mai 2016","format":false,"excerpt":"ou les \u00c9tablissements Gravereaux dans la Creuse Les \u00c9tablissements Gravereaux faisaient affaire, d\u00e8s 1930, avec un fa\u00e7onnier, propri\u00e9taire de deux ateliers, \u00e0 Argenton et \u00e0 Levroux. En 1940, pr\u00e9voyant l\u2019arriv\u00e9e des Allemands en r\u00e9gion parisienne, Ren\u00e9 Gravereaux d\u00e9cide de transf\u00e9rer les produits finis et les tissus de l\u2019usine de Boulogne-sur-Seine\u2026","rel":"","context":"Article similaire","block_context":{"text":"Article similaire","link":""},"img":{"alt_text":"","src":"https:\/\/i0.wp.com\/lesgravereaux.marret.co\/wp-content\/uploads\/2017\/06\/Argenton-et-la-Creuse-01.jpg?resize=350%2C200","width":350,"height":200},"classes":[]},{"id":2559,"url":"https:\/\/lesgravereaux.marret.co\/index.php\/la-famille-gravereaux\/robert-gravereaux\/robert-gravereaux-portraitiste\/","url_meta":{"origin":2481,"position":4},"title":"Robert Gravereaux, portraitiste?","author":"marretgravereaux","date":"12 mai 2016","format":false,"excerpt":"Robert Gravereaux aime dessiner son p\u00e8re et en montrer les traits distinctifs... Mais il fait aussi partie des scouts et, au cours des activit\u00e9s, son carnet \u00e0 la main, il en esquisse les portraits. Et au fil de ses rencontres, il dessine, il s'essaie... \u00a0","rel":"","context":"Article similaire","block_context":{"text":"Article similaire","link":""},"img":{"alt_text":"1928 Gravereaux, Robert - Carnet 05_wp","src":"https:\/\/i0.wp.com\/lesgravereaux.marret.co\/wp-content\/uploads\/2016\/05\/1928-Gravereaux-Robert-Carnet-05_wp-591x1024.jpg?resize=350%2C200","width":350,"height":200},"classes":[]},{"id":1146,"url":"https:\/\/lesgravereaux.marret.co\/index.php\/la-famille-gravereaux\/claude-gravereaux\/claude-gravereaux-heros-de-guerre\/","url_meta":{"origin":2481,"position":5},"title":"Claude Gravereaux, h\u00e9ros de guerre","author":"marretgravereaux","date":"16 mars 2016","format":false,"excerpt":"L\u2019Arm\u00e9e donne des fun\u00e9railles militaires ici au \u00ab\u00a0symbole d\u2019une volont\u00e9\u00a0fran\u00e7aise imp\u00e9rissable\u00a0\u00bb Traduction de l\u2019article faite par Anne Gravereaux Le Lieutenant Claude Gravereaux, bless\u00e9 \u00e0 Namur en 1940, s\u2019\u00e9tait engag\u00e9 \u00e0 nouveau pour aider les forces des \u00c9tats-Unis en Afrique Le Lieutenant Claude Gravereaux, un soldat de la France Libre qui\u2026","rel":"","context":"Article similaire","block_context":{"text":"Article similaire","link":""},"img":{"alt_text":"1943-11-25 New-York Times (OG) v2a_wp","src":"https:\/\/i0.wp.com\/marret.co\/wp-content\/uploads\/2016\/03\/1943-11-25-New-York-Times-OG-v2a_wp.jpg?resize=350%2C200","width":350,"height":200},"classes":[]}],"_links":{"self":[{"href":"https:\/\/lesgravereaux.marret.co\/index.php\/wp-json\/wp\/v2\/pages\/2481","targetHints":{"allow":["GET"]}}],"collection":[{"href":"https:\/\/lesgravereaux.marret.co\/index.php\/wp-json\/wp\/v2\/pages"}],"about":[{"href":"https:\/\/lesgravereaux.marret.co\/index.php\/wp-json\/wp\/v2\/types\/page"}],"author":[{"embeddable":true,"href":"https:\/\/lesgravereaux.marret.co\/index.php\/wp-json\/wp\/v2\/users\/1"}],"replies":[{"embeddable":true,"href":"https:\/\/lesgravereaux.marret.co\/index.php\/wp-json\/wp\/v2\/comments?post=2481"}],"version-history":[{"count":0,"href":"https:\/\/lesgravereaux.marret.co\/index.php\/wp-json\/wp\/v2\/pages\/2481\/revisions"}],"up":[{"embeddable":true,"href":"https:\/\/lesgravereaux.marret.co\/index.php\/wp-json\/wp\/v2\/pages\/645"}],"wp:attachment":[{"href":"https:\/\/lesgravereaux.marret.co\/index.php\/wp-json\/wp\/v2\/media?parent=2481"}],"curies":[{"name":"wp","href":"https:\/\/api.w.org\/{rel}","templated":true}]}}