{"id":2467,"date":"2016-05-11T03:17:15","date_gmt":"2016-05-11T02:17:15","guid":{"rendered":"http:\/\/lesgravereaux.marret.co\/?page_id=2467"},"modified":"2016-06-12T17:13:58","modified_gmt":"2016-06-12T16:13:58","slug":"lexposition-retrospective-1910","status":"publish","type":"page","link":"https:\/\/lesgravereaux.marret.co\/index.php\/jules-gravereaux\/1294-2\/lexposition-retrospective-1910\/","title":{"rendered":"L&rsquo;Exposition r\u00e9trospective (1910)"},"content":{"rendered":"<p><a href=\"https:\/\/i0.wp.com\/lesgravereaux.marret.co\/wp-content\/uploads\/2016\/05\/1910-05-22-LAvenir-de-Saint-Germain_wp.jpg?ssl=1\"><img data-recalc-dims=\"1\" loading=\"lazy\" decoding=\"async\" data-attachment-id=\"2466\" data-permalink=\"https:\/\/lesgravereaux.marret.co\/index.php\/jules-gravereaux\/1294-2\/lexposition-retrospective-1910\/1910-05-22-lavenir-de-saint-germain_wp\/\" data-orig-file=\"https:\/\/i0.wp.com\/lesgravereaux.marret.co\/wp-content\/uploads\/2016\/05\/1910-05-22-LAvenir-de-Saint-Germain_wp.jpg?fit=556%2C886&amp;ssl=1\" data-orig-size=\"556,886\" data-comments-opened=\"1\" data-image-meta=\"{&quot;aperture&quot;:&quot;0&quot;,&quot;credit&quot;:&quot;&quot;,&quot;camera&quot;:&quot;&quot;,&quot;caption&quot;:&quot;&quot;,&quot;created_timestamp&quot;:&quot;0&quot;,&quot;copyright&quot;:&quot;&quot;,&quot;focal_length&quot;:&quot;0&quot;,&quot;iso&quot;:&quot;0&quot;,&quot;shutter_speed&quot;:&quot;0&quot;,&quot;title&quot;:&quot;&quot;,&quot;orientation&quot;:&quot;1&quot;}\" data-image-title=\"1910-05-22 L&amp;rsquo;Avenir de Saint-Germain_wp\" data-image-description=\"\" data-image-caption=\"\" data-medium-file=\"https:\/\/i0.wp.com\/lesgravereaux.marret.co\/wp-content\/uploads\/2016\/05\/1910-05-22-LAvenir-de-Saint-Germain_wp.jpg?fit=188%2C300&amp;ssl=1\" data-large-file=\"https:\/\/i0.wp.com\/lesgravereaux.marret.co\/wp-content\/uploads\/2016\/05\/1910-05-22-LAvenir-de-Saint-Germain_wp.jpg?fit=556%2C886&amp;ssl=1\" class=\"wp-image-2466 alignleft\" src=\"https:\/\/i0.wp.com\/lesgravereaux.marret.co\/wp-content\/uploads\/2016\/05\/1910-05-22-LAvenir-de-Saint-Germain_wp.jpg?resize=300%2C478&#038;ssl=1\" alt=\"1910-05-22 L'Avenir de Saint-Germain_wp\" width=\"300\" height=\"478\" data-wp-pid=\"2466\" srcset=\"https:\/\/i0.wp.com\/lesgravereaux.marret.co\/wp-content\/uploads\/2016\/05\/1910-05-22-LAvenir-de-Saint-Germain_wp.jpg?w=556&amp;ssl=1 556w, https:\/\/i0.wp.com\/lesgravereaux.marret.co\/wp-content\/uploads\/2016\/05\/1910-05-22-LAvenir-de-Saint-Germain_wp.jpg?resize=188%2C300&amp;ssl=1 188w, https:\/\/i0.wp.com\/lesgravereaux.marret.co\/wp-content\/uploads\/2016\/05\/1910-05-22-LAvenir-de-Saint-Germain_wp.jpg?resize=377%2C600&amp;ssl=1 377w\" sizes=\"auto, (max-width: 300px) 100vw, 300px\" \/><\/a><\/p>\n<p style=\"text-align: right;\"><a href=\"https:\/\/i0.wp.com\/lesgravereaux.marret.co\/wp-content\/uploads\/2016\/05\/%C3%89tiquette-1910-Histoire-r%C3%A9trospective-2011-04_266wp.jpg?ssl=1\"><img data-recalc-dims=\"1\" loading=\"lazy\" decoding=\"async\" data-attachment-id=\"2470\" data-permalink=\"https:\/\/lesgravereaux.marret.co\/index.php\/jules-gravereaux\/1294-2\/lexposition-retrospective-1910\/etiquette-1910-histoire-retrospective-2011-04_266wp\/\" data-orig-file=\"https:\/\/i0.wp.com\/lesgravereaux.marret.co\/wp-content\/uploads\/2016\/05\/%C3%89tiquette-1910-Histoire-r%C3%A9trospective-2011-04_266wp.jpg?fit=591%2C216&amp;ssl=1\" data-orig-size=\"591,216\" data-comments-opened=\"1\" data-image-meta=\"{&quot;aperture&quot;:&quot;4.5&quot;,&quot;credit&quot;:&quot;&quot;,&quot;camera&quot;:&quot;Canon EOS DIGITAL REBEL XSi&quot;,&quot;caption&quot;:&quot;&quot;,&quot;created_timestamp&quot;:&quot;1300692667&quot;,&quot;copyright&quot;:&quot;&quot;,&quot;focal_length&quot;:&quot;23&quot;,&quot;iso&quot;:&quot;400&quot;,&quot;shutter_speed&quot;:&quot;0.016666666666667&quot;,&quot;title&quot;:&quot;&quot;,&quot;orientation&quot;:&quot;1&quot;}\" data-image-title=\"\u00c9tiquette 1910 &amp;#8211; Histoire r\u00e9trospective (2011-04_266)wp\" data-image-description=\"\" data-image-caption=\"\" data-medium-file=\"https:\/\/i0.wp.com\/lesgravereaux.marret.co\/wp-content\/uploads\/2016\/05\/%C3%89tiquette-1910-Histoire-r%C3%A9trospective-2011-04_266wp.jpg?fit=300%2C110&amp;ssl=1\" data-large-file=\"https:\/\/i0.wp.com\/lesgravereaux.marret.co\/wp-content\/uploads\/2016\/05\/%C3%89tiquette-1910-Histoire-r%C3%A9trospective-2011-04_266wp.jpg?fit=591%2C216&amp;ssl=1\" class=\"alignnone wp-image-2470\" src=\"https:\/\/i0.wp.com\/lesgravereaux.marret.co\/wp-content\/uploads\/2016\/05\/%C3%89tiquette-1910-Histoire-r%C3%A9trospective-2011-04_266wp.jpg?resize=289%2C106&#038;ssl=1\" alt=\"\u00c9tiquette 1910 - Histoire r\u00e9trospective (2011-04_266)wp\" width=\"289\" height=\"106\" data-wp-pid=\"2470\" srcset=\"https:\/\/i0.wp.com\/lesgravereaux.marret.co\/wp-content\/uploads\/2016\/05\/%C3%89tiquette-1910-Histoire-r%C3%A9trospective-2011-04_266wp.jpg?w=591&amp;ssl=1 591w, https:\/\/i0.wp.com\/lesgravereaux.marret.co\/wp-content\/uploads\/2016\/05\/%C3%89tiquette-1910-Histoire-r%C3%A9trospective-2011-04_266wp.jpg?resize=300%2C110&amp;ssl=1 300w\" sizes=\"auto, (max-width: 289px) 100vw, 289px\" \/><\/a><span style=\"font-size: 10pt;\"><em>\u00c9tiquette provenant de<br \/>\nl&rsquo;ancien Mus\u00e9e de la Rose,<br \/>\ndans la Roseraie de L&rsquo;Ha\u00ff<\/em><\/span><\/p>\n<p>&nbsp;<\/p>\n<p>&nbsp;<\/p>\n<p><span style=\"font-size: 10pt;\"><em>L&rsquo;Avenir de Saint-Germain, <\/em><\/span><br \/>\n<span style=\"font-size: 10pt;\"><em>22 mai 1910<\/em><\/span><\/p>\n<hr \/>\n<p><a href=\"https:\/\/i0.wp.com\/lesgravereaux.marret.co\/wp-content\/uploads\/2016\/05\/1910-05-23-Le-Figaro-p1-1_wp.jpg?ssl=1\"><img data-recalc-dims=\"1\" loading=\"lazy\" decoding=\"async\" data-attachment-id=\"2471\" data-permalink=\"https:\/\/lesgravereaux.marret.co\/index.php\/jules-gravereaux\/1294-2\/lexposition-retrospective-1910\/1910-05-23-le-figaro-p1-1_wp\/\" data-orig-file=\"https:\/\/i0.wp.com\/lesgravereaux.marret.co\/wp-content\/uploads\/2016\/05\/1910-05-23-Le-Figaro-p1-1_wp.jpg?fit=359%2C591&amp;ssl=1\" data-orig-size=\"359,591\" data-comments-opened=\"1\" data-image-meta=\"{&quot;aperture&quot;:&quot;0&quot;,&quot;credit&quot;:&quot;&quot;,&quot;camera&quot;:&quot;&quot;,&quot;caption&quot;:&quot;&quot;,&quot;created_timestamp&quot;:&quot;0&quot;,&quot;copyright&quot;:&quot;&quot;,&quot;focal_length&quot;:&quot;0&quot;,&quot;iso&quot;:&quot;0&quot;,&quot;shutter_speed&quot;:&quot;0&quot;,&quot;title&quot;:&quot;&quot;,&quot;orientation&quot;:&quot;1&quot;}\" data-image-title=\"1910-05-23 Le Figaro p1-1_wp\" data-image-description=\"\" data-image-caption=\"\" data-medium-file=\"https:\/\/i0.wp.com\/lesgravereaux.marret.co\/wp-content\/uploads\/2016\/05\/1910-05-23-Le-Figaro-p1-1_wp.jpg?fit=182%2C300&amp;ssl=1\" data-large-file=\"https:\/\/i0.wp.com\/lesgravereaux.marret.co\/wp-content\/uploads\/2016\/05\/1910-05-23-Le-Figaro-p1-1_wp.jpg?fit=359%2C591&amp;ssl=1\" class=\"wp-image-2471 alignright\" src=\"https:\/\/i0.wp.com\/lesgravereaux.marret.co\/wp-content\/uploads\/2016\/05\/1910-05-23-Le-Figaro-p1-1_wp.jpg?resize=300%2C478&#038;ssl=1\" alt=\"1910-05-23 Le Figaro p1-1_wp\" width=\"300\" height=\"478\" data-wp-pid=\"2471\" \/><\/a><\/p>\n<p style=\"text-align: center;\">La vie de Paris<br \/>\n~~~~~<\/p>\n<p style=\"text-align: center;\"><strong>Le Royaume des Roses<\/strong><br \/>\n~~~~~~~<\/p>\n<p>\u00ab\u00a0Il est certainement enviable d&rsquo;\u00eatre le roi du p\u00e9trole, ou le roi de l&rsquo;acier, ou de tel autre formidable royaume industriel. Mais ce n&rsquo;est pas un mince titre d&rsquo;honneur que d&rsquo;\u00eatre le roi des roses, et le possesseur de la Roseraie de L&rsquo;Hay n&rsquo;a pas \u00e0 l&rsquo;heure actuelle de rival qui chez nous pourrait le lui disputer. Je ne vous parlerai pas aujourd&rsquo;hui de cette orgiaque for\u00eat fleurie du petit village qui domine Bourg-la-Reine, o\u00f9 toutes les roses de l&rsquo;univers se trouvent r\u00e9unies en d&rsquo;inimaginables profusions. C&rsquo;est d\u00e9j\u00e0 assez difficile que de vous donner une id\u00e9e de toutes les choses inanim\u00e9es, rassembl\u00e9es par M. Gravereaux, qui furent inspir\u00e9es par la fleur vivante, ou qui sont relatives \u00e0 son histoire.<\/p>\n<p>\u00ab\u00a0Histoire singuli\u00e8re, myst\u00e9rieuse, parfois dramatique, souvent \u00e9mouvante, enivrante toujours. Le collectionneur a rassembl\u00e9 tous les documents connus et inconnus, qui ont trait aux origines de la rose. C&rsquo;est naturellement au berceau du genre humain, en l&rsquo;in\u00e9puisable et insondable Asie, qu&rsquo;elle a pris naissance. Cette pal\u00e9ontologie de l&rsquo;adorable fleur, se constitue de moulages, de relev\u00e9s sur les monuments les plus anciens et les plus v\u00e9n\u00e9rables. De la Perse, cela passe \u00e0 l&rsquo;Arabie, puis \u00e0 la Gr\u00e8ce, puis \u00e0 Rome, et l&rsquo;on peut voir dans les vitrines cette chose troublante des roses retrouv\u00e9es dans la tombe d&rsquo;une jeune chr\u00e9tienne, et \u00e0 c\u00f4t\u00e9 de ces minuscules et noir\u00e2tres momies de fleurs, le type m\u00eame de la rose, tr\u00e8s simple, qui se peut cultiver encore \u00e0 pr\u00e9sent.<\/p>\n<p>\u00ab\u00a0Car, ce qui n&rsquo;est pas moins surprenant, et ce qui est tout \u00e0 l&rsquo;honneur des hommes, la rose, avec son affolante multiplicit\u00e9 de races, de familles, d&rsquo;esp\u00e8ces, de formes, de couleurs, n&rsquo;est pas moins une cr\u00e9ation, de l&rsquo;humanit\u00e9 que,de la nature. La nature donne un th\u00e8me, l&rsquo;homme le varie et l&rsquo;enrichit \u00e0 l&rsquo;infini. Les anciens po\u00e8tes persans, qui ont chant\u00e9 la gloire de la rose en des vers aussi capiteux qu&rsquo;elle, seraient eux-m\u00eames surpris des transformations et des enrichissements par lesquels les rosi\u00e9ristes modernes ont accru son royaume. \u00c0 c\u00f4t\u00e9 de ces documents <a href=\"https:\/\/i0.wp.com\/lesgravereaux.marret.co\/wp-content\/uploads\/2016\/04\/1910-Guide-Exposition-r%C3%A9trospective-c0_wp.jpg?ssl=1\"><img data-recalc-dims=\"1\" loading=\"lazy\" decoding=\"async\" data-attachment-id=\"1904\" data-permalink=\"https:\/\/lesgravereaux.marret.co\/index.php\/jules-gravereaux\/jules-gravereaux-ses-ecrits\/1910-guide-pour-une-exposition\/1910-guide-exposition-retrospective-c0_wp\/\" data-orig-file=\"https:\/\/i0.wp.com\/lesgravereaux.marret.co\/wp-content\/uploads\/2016\/04\/1910-Guide-Exposition-r%C3%A9trospective-c0_wp.jpg?fit=762%2C1181&amp;ssl=1\" data-orig-size=\"762,1181\" data-comments-opened=\"1\" data-image-meta=\"{&quot;aperture&quot;:&quot;0&quot;,&quot;credit&quot;:&quot;&quot;,&quot;camera&quot;:&quot;&quot;,&quot;caption&quot;:&quot;&quot;,&quot;created_timestamp&quot;:&quot;0&quot;,&quot;copyright&quot;:&quot;&quot;,&quot;focal_length&quot;:&quot;0&quot;,&quot;iso&quot;:&quot;0&quot;,&quot;shutter_speed&quot;:&quot;0&quot;,&quot;title&quot;:&quot;&quot;,&quot;orientation&quot;:&quot;1&quot;}\" data-image-title=\"1910 Guide Exposition r\u00e9trospective c0_wp\" data-image-description=\"\" data-image-caption=\"\" data-medium-file=\"https:\/\/i0.wp.com\/lesgravereaux.marret.co\/wp-content\/uploads\/2016\/04\/1910-Guide-Exposition-r%C3%A9trospective-c0_wp.jpg?fit=194%2C300&amp;ssl=1\" data-large-file=\"https:\/\/i0.wp.com\/lesgravereaux.marret.co\/wp-content\/uploads\/2016\/04\/1910-Guide-Exposition-r%C3%A9trospective-c0_wp.jpg?fit=640%2C991&amp;ssl=1\" class=\"wp-image-1904 alignleft\" src=\"https:\/\/i0.wp.com\/lesgravereaux.marret.co\/wp-content\/uploads\/2016\/04\/1910-Guide-Exposition-r%C3%A9trospective-c0_wp.jpg?resize=300%2C465&#038;ssl=1\" alt=\"1910 Guide Exposition r\u00e9trospective c0_wp\" width=\"300\" height=\"465\" data-wp-pid=\"1904\" srcset=\"https:\/\/i0.wp.com\/lesgravereaux.marret.co\/wp-content\/uploads\/2016\/04\/1910-Guide-Exposition-r%C3%A9trospective-c0_wp.jpg?resize=661%2C1024&amp;ssl=1 661w, https:\/\/i0.wp.com\/lesgravereaux.marret.co\/wp-content\/uploads\/2016\/04\/1910-Guide-Exposition-r%C3%A9trospective-c0_wp.jpg?resize=194%2C300&amp;ssl=1 194w, https:\/\/i0.wp.com\/lesgravereaux.marret.co\/wp-content\/uploads\/2016\/04\/1910-Guide-Exposition-r%C3%A9trospective-c0_wp.jpg?resize=387%2C600&amp;ssl=1 387w, https:\/\/i0.wp.com\/lesgravereaux.marret.co\/wp-content\/uploads\/2016\/04\/1910-Guide-Exposition-r%C3%A9trospective-c0_wp.jpg?w=762&amp;ssl=1 762w\" sizes=\"auto, (max-width: 300px) 100vw, 300px\" \/><\/a>d&rsquo;histoire et de ces titres de noblesse qui ont permis \u00e0 M. Gravereaux de dresser un arbre g\u00e9n\u00e9alogique de la rose, aussi branchu et aussi somptueux que celui des familles imp\u00e9riales les plus illustres, commence la s\u00e9rie plus consid\u00e9rable encore des travaux qui, dans tous les arts, ont puis\u00e9 dans le calice embaum\u00e9 et vermeil leurs inspirations.<\/p>\n<p>\u00ab\u00a0Voici tout d&rsquo;abord \u00e9troitement m\u00eal\u00e9e d&rsquo;ailleurs \u00e0 l&rsquo;histoire, principalement celle de France et celle d&rsquo;Angleterre la rose dans l&rsquo;h\u00e9raldique et dans la numismatique. Blason de mainte aristocratie, insigne de mainte monnaie d&rsquo;argent ou d&rsquo;or, elle \u00e9voque tour \u00e0 tour des id\u00e9es touchantes et redoutables. Une main princi\u00e8re a momentan\u00e9ment pr\u00eat\u00e9 pour l&rsquo;exposition une suite d&rsquo;\u00e9tains \u00e0 la rose, qui est sans prix.<\/p>\n<p>\u00ab\u00a0Puis, dans l&rsquo;architecture, o\u00f9 elle est un ornement ou un symbole qui va jusqu&rsquo;\u00e0 l&rsquo;\u00e9panouissement gigantesque des mystiques verri\u00e8res. Dans le travail du m\u00e9tal, o\u00f9 elle va du robuste \u00ab\u00a0chef-d&rsquo;\u0153uvre\u00a0\u00bb des ferronniers, jusqu&rsquo;au bijou le plus d\u00e9licat. Plus encore dans la broderie, la dentelle, tous les arts textiles, et enfin dans le papier peint en toutes ces sortes de besognes, M. Gravereaux a recueilli des sp\u00e9cimens innombrables, de toutes \u00e9poques et de tous pays, et c&rsquo;est vraiment, cette suite de vitrines, un hommage aussi \u00e9clatant \u00e0 l&rsquo;industrie de l&rsquo;homme qu&rsquo;\u00e0 la supr\u00eame beaut\u00e9 de la fleur.<\/p>\n<p><a href=\"https:\/\/i0.wp.com\/lesgravereaux.marret.co\/wp-content\/uploads\/2016\/04\/1910-Guide-Exposition-r%C3%A9trospective-p02_wp.jpg?ssl=1\"><img data-recalc-dims=\"1\" loading=\"lazy\" decoding=\"async\" data-attachment-id=\"1906\" data-permalink=\"https:\/\/lesgravereaux.marret.co\/index.php\/jules-gravereaux\/jules-gravereaux-ses-ecrits\/1910-guide-pour-une-exposition\/1910-guide-exposition-retrospective-p02_wp\/\" data-orig-file=\"https:\/\/i0.wp.com\/lesgravereaux.marret.co\/wp-content\/uploads\/2016\/04\/1910-Guide-Exposition-r%C3%A9trospective-p02_wp.jpg?fit=767%2C1181&amp;ssl=1\" data-orig-size=\"767,1181\" data-comments-opened=\"1\" data-image-meta=\"{&quot;aperture&quot;:&quot;0&quot;,&quot;credit&quot;:&quot;&quot;,&quot;camera&quot;:&quot;&quot;,&quot;caption&quot;:&quot;&quot;,&quot;created_timestamp&quot;:&quot;0&quot;,&quot;copyright&quot;:&quot;&quot;,&quot;focal_length&quot;:&quot;0&quot;,&quot;iso&quot;:&quot;0&quot;,&quot;shutter_speed&quot;:&quot;0&quot;,&quot;title&quot;:&quot;&quot;,&quot;orientation&quot;:&quot;1&quot;}\" data-image-title=\"1910 Guide Exposition r\u00e9trospective p02_wp\" data-image-description=\"\" data-image-caption=\"\" data-medium-file=\"https:\/\/i0.wp.com\/lesgravereaux.marret.co\/wp-content\/uploads\/2016\/04\/1910-Guide-Exposition-r%C3%A9trospective-p02_wp.jpg?fit=195%2C300&amp;ssl=1\" data-large-file=\"https:\/\/i0.wp.com\/lesgravereaux.marret.co\/wp-content\/uploads\/2016\/04\/1910-Guide-Exposition-r%C3%A9trospective-p02_wp.jpg?fit=640%2C986&amp;ssl=1\" class=\"wp-image-1906 alignright\" src=\"https:\/\/i0.wp.com\/lesgravereaux.marret.co\/wp-content\/uploads\/2016\/04\/1910-Guide-Exposition-r%C3%A9trospective-p02_wp.jpg?resize=300%2C465&#038;ssl=1\" alt=\"1910 Guide Exposition r\u00e9trospective p02_wp\" width=\"300\" height=\"465\" data-wp-pid=\"1906\" \/><\/a>\u00ab\u00a0Et quand on a parcouru tout cela, on n&rsquo;est encore qu&rsquo;\u00e0 la moiti\u00e9 du voyage. Il y a encore toute la litt\u00e9rature, toute l&rsquo;imagerie, et enfin toute la peinture. Livres illustr\u00e9s des po\u00e8tes, des jardiniers, des parfumeurs et m\u00eame des confiseurs, car on a non seulement fait de la rose le plus suave et le plus altier des embl\u00e8mes, mais encore,on ne sait combien de confitures et de liqueurs, de telle sorte que les palais qu&rsquo;elle a d\u00e9cor\u00e9s ne sont pas plus nombreux que ceux qu&rsquo;elle a caress\u00e9s. Estampes de tous caract\u00e8res, de toutes \u00e9poques, de tous sentiments\u00a0: il y a des gravures, des lithographies en noir ou en couleurs, dont beaucoup seraient maintenant introuvables o\u00f9 la fleur glorieuse figure, soit comme personnage principal, soit comme accessoire, et va m\u00eame jusqu&rsquo;\u00e0 jouer, sans perdre de sa fiert\u00e9, le r\u00f4le de figurante dans des caricatures. L&rsquo;\u00e9norme r\u00e9pertoire de pi\u00e8ces, d&rsquo;objets, d&rsquo;\u0153uvres d&rsquo;art, que tout cela repr\u00e9sente, se termine sur les \u00e9clatants ou gracieux travaux des peintres modernes, depuis Rivoire jusqu&rsquo;\u00e0 Cesbron, depuis Madeleine Lemaire jusqu&rsquo;\u00e0 Bienv\u00e9t\u00fb et Rosenstock, tous group\u00e9s autour de cet anc\u00eatre c\u00e9l\u00e8bre et prestigieux: Redout\u00e9\u00a0!<\/p>\n<p>\u00ab\u00a0Tels sont les \u00e9tonnements et les plaisirs que nous r\u00e9serve, pour peu de jours, la prochaine exposition florale. Tel est l&rsquo;effort, unique, de ce passionn\u00e9 qui, apr\u00e8s avoir rassembl\u00e9 tant de richesses, se donne la joie de r\u00e9pandre \u00e0 travers le monde des rejetons de la roseraie de L&rsquo;Hay, et qui, apr\u00e8s avoir dot\u00e9 Bagatelle d&rsquo;une \u00ab\u00a0filiale\u00a0\u00bb d\u00e9licieuse, s&rsquo;appr\u00eate \u00e0 orner La Malmaison, et peut-\u00eatre d&rsquo;autres domaines nationaux encore, d&rsquo;une pareille splendeur. \u00bb<\/p>\n<p style=\"text-align: right;\"><em><span style=\"font-size: 10pt;\">Ars\u00e8ne Alexandre. Le Figaro, 23 mai 1910.<\/span><\/em><\/p>\n<p><span style=\"font-size: 10pt;\"><em>Illustrations provenant du Guide\u00a0<span style=\"font-size: 10pt;\">pour<\/span> servir \u00e0 la visite<br \/>\nde notre exposition r\u00e9trospective de la rose.<br \/>\nRoseraie de L&rsquo;Hay.<\/em><\/span><\/p>\n","protected":false},"excerpt":{"rendered":"<p>\u00c9tiquette provenant de l&rsquo;ancien Mus\u00e9e de la Rose, dans la Roseraie de L&rsquo;Ha\u00ff &nbsp; &nbsp; L&rsquo;Avenir de Saint-Germain, 22 mai 1910 La vie de Paris ~~~~~ Le Royaume des Roses ~~~~~~~ \u00ab\u00a0Il est certainement enviable d&rsquo;\u00eatre le roi du p\u00e9trole, &hellip; <a href=\"https:\/\/lesgravereaux.marret.co\/index.php\/jules-gravereaux\/1294-2\/lexposition-retrospective-1910\/\">Continuer la lecture <span class=\"meta-nav\">&rarr;<\/span><\/a><\/p>\n","protected":false},"author":1,"featured_media":0,"parent":1294,"menu_order":0,"comment_status":"closed","ping_status":"closed","template":"","meta":{"ngg_post_thumbnail":0,"jetpack_post_was_ever_published":false,"footnotes":""},"class_list":["post-2467","page","type-page","status-publish","hentry"],"jetpack_sharing_enabled":true,"jetpack_shortlink":"https:\/\/wp.me\/P7ERyi-DN","jetpack-related-posts":[{"id":1536,"url":"https:\/\/lesgravereaux.marret.co\/index.php\/571-2\/1910-le-19-juin\/","url_meta":{"origin":2467,"position":0},"title":"19 juin 1910 &#8211; Bapt\u00eames familiaux","author":"marretgravereaux","date":"10 avril 2016","format":false,"excerpt":"Le 19 juin 1910, le cardinal L\u00e9on-Adolphe Amette, archev\u00eaque de Paris, c\u00e9l\u00e9brait dans la chapelle de L'Ha\u00ff, le bapt\u00eame d\u2019H\u00e9l\u00e8ne Ballu (n\u00e9e \u00e0 L\u2019Ha\u00ff le 11\u00a0juin\u00a01910) et de Suzanne Gravereaux (n\u00e9e \u00e0 Paris VIIe le 22\u00a0novembre\u00a01909). Une r\u00e9ception familiale a suivi la c\u00e9r\u00e9monie religieuse. \u00a0 \u00a0 \u00a0 \u00a0 \u00a0 Source\u00a0:\u2026","rel":"","context":"Article similaire","block_context":{"text":"Article similaire","link":""},"img":{"alt_text":"1910-06-19 Gravereaux, Suzanne - JLM0285N_wp","src":"https:\/\/i0.wp.com\/lesgravereaux.marret.co\/wp-content\/uploads\/2016\/03\/1910-06-19-Gravereaux-Suzanne-JLM0285N_wp-1024x721.jpg?resize=350%2C200","width":350,"height":200},"classes":[]},{"id":2660,"url":"https:\/\/lesgravereaux.marret.co\/index.php\/les-etablissements-gravereaux\/les-produits-des-etablissements-gravereaux\/les-premiers-cols\/","url_meta":{"origin":2467,"position":1},"title":"Les premiers cols","author":"marretgravereaux","date":"15 mai 2016","format":false,"excerpt":"L\u2019histoire des \u00c9tablissements Gravereaux commence en 1910 alors que Ren\u00e9 Gravereaux s\u2019associe \u00e0 un fabricant de faux-cols, Gaston Chastel, dans une entreprise sp\u00e9cialis\u00e9e dans la fabrication de faux-cols, manchettes et autres articles de lingerie, ainsi que dans le blanchissage \u00e0 neuf. Comme pr\u00e9vu lors de la constitution de la soci\u00e9t\u00e9,\u2026","rel":"","context":"Article similaire","block_context":{"text":"Article similaire","link":""},"img":{"alt_text":"1910 EtsGr - Cat p02a_wp","src":"https:\/\/i0.wp.com\/lesgravereaux.marret.co\/wp-content\/uploads\/2016\/05\/1910-EtsGr-Cat-p02a_wp-1024x638.jpg?resize=350%2C200","width":350,"height":200},"classes":[]},{"id":1911,"url":"https:\/\/lesgravereaux.marret.co\/index.php\/jules-gravereaux\/jules-gravereaux-ses-ecrits\/1910-guide-pour-une-exposition\/","url_meta":{"origin":2467,"position":2},"title":"1910 &#8211; Guide pour une exposition","author":"marretgravereaux","date":"24 avril 2016","format":false,"excerpt":"Roseraie de L\u2019Ha\u00ff. Guide pour servir \u00e0 la visite de notre Exposition r\u00e9trospective de la rose. Extrait de La Rose \u00e0 travers les \u00e2ges (En pr\u00e9paration.) Plantes et Documents de la Roseraie de L'Hay. Exposition internationale d'horticulture de Paris, mai 1910.- Paris\u00a0: impr. Lahure, 1910. 32\u00a0p. 25\u00a0cm. ~~~~~~~ En mai\u2026","rel":"","context":"Article similaire","block_context":{"text":"Article similaire","link":""},"img":{"alt_text":"1910 Guide Exposition r\u00e9trospective c0_wp","src":"https:\/\/i0.wp.com\/lesgravereaux.marret.co\/wp-content\/uploads\/2016\/04\/1910-Guide-Exposition-r%C3%A9trospective-c0_wp-661x1024.jpg?resize=350%2C200","width":350,"height":200},"classes":[]},{"id":2856,"url":"https:\/\/lesgravereaux.marret.co\/index.php\/les-etablissements-gravereaux\/boulogne-lusine\/","url_meta":{"origin":2467,"position":3},"title":"Boulogne &#8211; l&rsquo;usine","author":"marretgravereaux","date":"20 mai 2016","format":false,"excerpt":"Au cours de leur demi-si\u00e8cle d\u2019existence, Les \u00c9tablissements Gravereaux ont fabriqu\u00e9 leurs produits dans plusieurs manufactures et ateliers. D\u00e8s 1910, l\u2019usine de Boulogne-sur-Seine a \u00e9t\u00e9 au centre de leurs op\u00e9rations, tant pour la fabrication de cols que, pendant la guerre de 1914-1918, pour celles des masques \u00e0 gaz. Toutefois, des\u2026","rel":"","context":"Article similaire","block_context":{"text":"Article similaire","link":""},"img":{"alt_text":"Brassac-les-Mines - Ets Gravereaux 2a_wp","src":"https:\/\/i0.wp.com\/lesgravereaux.marret.co\/wp-content\/uploads\/2016\/05\/Brassac-les-Mines-Ets-Gravereaux-2a_wp.jpg?resize=350%2C200","width":350,"height":200},"classes":[]},{"id":972,"url":"https:\/\/lesgravereaux.marret.co\/index.php\/des-roseraies\/la-roseraie-de-bagatelle\/la-visite-du-roi-de-bulgarie\/","url_meta":{"origin":2467,"position":4},"title":"La visite du Roi de Bulgarie","author":"marretgravereaux","date":"13 mars 2016","format":false,"excerpt":"Le 24 juin 1910, le roi Ferdinand de Bulgarie et son \u00e9pouse, la reine \u00c9l\u00e9onora, ont visit\u00e9 la roseraie de Bagatelle. \u00a0 Au premier plan, la reine \u00c9l\u00e9onora et le roi Ferdinand de Bulgarie; derri\u00e8re eux et au centre, Jules Gravereaux Source : archives priv\u00e9es \u00a0 \u00a0 Le Figaro du\u2026","rel":"","context":"Article similaire","block_context":{"text":"Article similaire","link":""},"img":{"alt_text":"1910-06-24 Les souverains bulgares \u00e0 Bagatelle - 132","src":"https:\/\/i0.wp.com\/marret.co\/wp-content\/uploads\/2016\/03\/1910-06-24-Les-souverains-bulgares-a-Bagatelle-132b_wp-1024x719.jpg?resize=350%2C200","width":350,"height":200},"classes":[]},{"id":3745,"url":"https:\/\/lesgravereaux.marret.co\/index.php\/jules-gravereaux\/jules-gravereaux-honneurs-et-medailles\/jules-gravereaux-nomme-a-lordre-de-la-legion-dhonneur\/","url_meta":{"origin":2467,"position":5},"title":"Jules Gravereaux nomm\u00e9 \u00e0 l&rsquo;Ordre de la L\u00e9gion d&rsquo;honneur","author":"marretgravereaux","date":"20 juin 2016","format":false,"excerpt":"Chevalier de la L\u00e9gion d\u2019honneur Par d\u00e9crets du Pr\u00e9sident de la R\u00e9publique en date du 3 juin 1902, rendus sur la proposition du ministre de l'Agriculture, apr\u00e8s d\u00e9claration du Conseil de l'ordre national de la L\u00e9gion d'honneur, en date du 2 juin 1902, portant que les nominations qui font l'objet\u2026","rel":"","context":"Article similaire","block_context":{"text":"Article similaire","link":""},"img":{"alt_text":"L\u00e9gion d'honneur - Chevalier (m\u00e9daille)_wp","src":"https:\/\/i0.wp.com\/lesgravereaux.marret.co\/wp-content\/uploads\/2016\/06\/L%C3%A9gion-dhonneur-Chevalier-m%C3%A9daille_wp.jpg?resize=350%2C200","width":350,"height":200},"classes":[]}],"_links":{"self":[{"href":"https:\/\/lesgravereaux.marret.co\/index.php\/wp-json\/wp\/v2\/pages\/2467","targetHints":{"allow":["GET"]}}],"collection":[{"href":"https:\/\/lesgravereaux.marret.co\/index.php\/wp-json\/wp\/v2\/pages"}],"about":[{"href":"https:\/\/lesgravereaux.marret.co\/index.php\/wp-json\/wp\/v2\/types\/page"}],"author":[{"embeddable":true,"href":"https:\/\/lesgravereaux.marret.co\/index.php\/wp-json\/wp\/v2\/users\/1"}],"replies":[{"embeddable":true,"href":"https:\/\/lesgravereaux.marret.co\/index.php\/wp-json\/wp\/v2\/comments?post=2467"}],"version-history":[{"count":0,"href":"https:\/\/lesgravereaux.marret.co\/index.php\/wp-json\/wp\/v2\/pages\/2467\/revisions"}],"up":[{"embeddable":true,"href":"https:\/\/lesgravereaux.marret.co\/index.php\/wp-json\/wp\/v2\/pages\/1294"}],"wp:attachment":[{"href":"https:\/\/lesgravereaux.marret.co\/index.php\/wp-json\/wp\/v2\/media?parent=2467"}],"curies":[{"name":"wp","href":"https:\/\/api.w.org\/{rel}","templated":true}]}}