{"id":2449,"date":"2016-05-10T22:32:11","date_gmt":"2016-05-10T21:32:11","guid":{"rendered":"http:\/\/lesgravereaux.marret.co\/?page_id=2449"},"modified":"2019-01-31T22:11:57","modified_gmt":"2019-01-31T21:11:57","slug":"rosa-x-gravereauxiana","status":"publish","type":"page","link":"https:\/\/lesgravereaux.marret.co\/index.php\/jules-gravereaux\/1294-2\/des-roses\/rosa-x-gravereauxiana\/","title":{"rendered":"Rosa x gravereauxiana"},"content":{"rendered":"<p><a href=\"https:\/\/i0.wp.com\/lesgravereaux.marret.co\/wp-content\/uploads\/2016\/05\/Rosa-Gravereauxiana-Herbier-Museum-Paris-2722189-d%C3%A9tail_wp.jpg?ssl=1\"><img data-recalc-dims=\"1\" loading=\"lazy\" decoding=\"async\" data-attachment-id=\"2452\" data-permalink=\"https:\/\/lesgravereaux.marret.co\/index.php\/jules-gravereaux\/1294-2\/des-roses\/rosa-x-gravereauxiana\/rosa-gravereauxiana-herbier-museum-paris-2722189-detail_wp\/\" data-orig-file=\"https:\/\/i0.wp.com\/lesgravereaux.marret.co\/wp-content\/uploads\/2016\/05\/Rosa-Gravereauxiana-Herbier-Museum-Paris-2722189-d%C3%A9tail_wp.jpg?fit=591%2C327&amp;ssl=1\" data-orig-size=\"591,327\" data-comments-opened=\"1\" data-image-meta=\"{&quot;aperture&quot;:&quot;0&quot;,&quot;credit&quot;:&quot;&quot;,&quot;camera&quot;:&quot;&quot;,&quot;caption&quot;:&quot;&quot;,&quot;created_timestamp&quot;:&quot;0&quot;,&quot;copyright&quot;:&quot;&quot;,&quot;focal_length&quot;:&quot;0&quot;,&quot;iso&quot;:&quot;0&quot;,&quot;shutter_speed&quot;:&quot;0&quot;,&quot;title&quot;:&quot;&quot;,&quot;orientation&quot;:&quot;1&quot;}\" data-image-title=\"Rosa Gravereauxiana (Herbier Museum Paris) 2722189 d\u00e9tail_wp\" data-image-description=\"\" data-image-caption=\"\" data-medium-file=\"https:\/\/i0.wp.com\/lesgravereaux.marret.co\/wp-content\/uploads\/2016\/05\/Rosa-Gravereauxiana-Herbier-Museum-Paris-2722189-d%C3%A9tail_wp.jpg?fit=300%2C166&amp;ssl=1\" data-large-file=\"https:\/\/i0.wp.com\/lesgravereaux.marret.co\/wp-content\/uploads\/2016\/05\/Rosa-Gravereauxiana-Herbier-Museum-Paris-2722189-d%C3%A9tail_wp.jpg?fit=591%2C327&amp;ssl=1\" class=\"wp-image-2452 alignleft\" src=\"https:\/\/i0.wp.com\/lesgravereaux.marret.co\/wp-content\/uploads\/2016\/05\/Rosa-Gravereauxiana-Herbier-Museum-Paris-2722189-d%C3%A9tail_wp.jpg?resize=351%2C194&#038;ssl=1\" alt=\"Rosa Gravereauxiana (Herbier Museum Paris) 2722189 d\u00e9tail_wp\" width=\"351\" height=\"194\" data-wp-pid=\"2452\" srcset=\"https:\/\/i0.wp.com\/lesgravereaux.marret.co\/wp-content\/uploads\/2016\/05\/Rosa-Gravereauxiana-Herbier-Museum-Paris-2722189-d%C3%A9tail_wp.jpg?w=591&amp;ssl=1 591w, https:\/\/i0.wp.com\/lesgravereaux.marret.co\/wp-content\/uploads\/2016\/05\/Rosa-Gravereauxiana-Herbier-Museum-Paris-2722189-d%C3%A9tail_wp.jpg?resize=300%2C166&amp;ssl=1 300w\" sizes=\"auto, (max-width: 351px) 100vw, 351px\" \/><\/a>R\u00e9sultat d\u2019une hybridation de R. gallica et R. micrantha, la Rosa\u00a0x\u00a0 gravereauxiana est due \u00e0 un botaniste gersois, Louis Duffort, qui la d\u00e9crit dans un bulletin de vulgarisation scientifique, <em>Contribution \u00e0 la Flore du d\u00e9partement du Gers<\/em>, publi\u00e9 en 1904.<\/p>\n<p><a href=\"https:\/\/i0.wp.com\/lesgravereaux.marret.co\/wp-content\/uploads\/2016\/05\/1904-11-01-Le-Monde-des-plantes-p44-d%C3%A9tail_wp.jpg?ssl=1\"><img data-recalc-dims=\"1\" loading=\"lazy\" decoding=\"async\" data-attachment-id=\"2451\" data-permalink=\"https:\/\/lesgravereaux.marret.co\/index.php\/jules-gravereaux\/1294-2\/des-roses\/rosa-x-gravereauxiana\/1904-11-01-le-monde-des-plantes-p44-detail_wp\/\" data-orig-file=\"https:\/\/i0.wp.com\/lesgravereaux.marret.co\/wp-content\/uploads\/2016\/05\/1904-11-01-Le-Monde-des-plantes-p44-d%C3%A9tail_wp.jpg?fit=591%2C266&amp;ssl=1\" data-orig-size=\"591,266\" data-comments-opened=\"1\" data-image-meta=\"{&quot;aperture&quot;:&quot;0&quot;,&quot;credit&quot;:&quot;&quot;,&quot;camera&quot;:&quot;&quot;,&quot;caption&quot;:&quot;&quot;,&quot;created_timestamp&quot;:&quot;0&quot;,&quot;copyright&quot;:&quot;&quot;,&quot;focal_length&quot;:&quot;0&quot;,&quot;iso&quot;:&quot;0&quot;,&quot;shutter_speed&quot;:&quot;0&quot;,&quot;title&quot;:&quot;&quot;,&quot;orientation&quot;:&quot;1&quot;}\" data-image-title=\"1904-11-01 Le Monde des plantes, p44 (d\u00e9tail)_wp\" data-image-description=\"\" data-image-caption=\"\" data-medium-file=\"https:\/\/i0.wp.com\/lesgravereaux.marret.co\/wp-content\/uploads\/2016\/05\/1904-11-01-Le-Monde-des-plantes-p44-d%C3%A9tail_wp.jpg?fit=300%2C135&amp;ssl=1\" data-large-file=\"https:\/\/i0.wp.com\/lesgravereaux.marret.co\/wp-content\/uploads\/2016\/05\/1904-11-01-Le-Monde-des-plantes-p44-d%C3%A9tail_wp.jpg?fit=591%2C266&amp;ssl=1\" class=\"wp-image-2451 alignright\" src=\"https:\/\/i0.wp.com\/lesgravereaux.marret.co\/wp-content\/uploads\/2016\/05\/1904-11-01-Le-Monde-des-plantes-p44-d%C3%A9tail_wp.jpg?resize=351%2C194&#038;ssl=1\" alt=\"1904-11-01 Le Monde des plantes, p44 (d\u00e9tail)_wp\" width=\"351\" height=\"194\" data-wp-pid=\"2451\" \/><\/a>Dans la revue Le Monde des plantes, de novembre 1904, ladite\u00a0publication fait l&rsquo;objet d&rsquo;un commentaire&#8230;<\/p>\n<p>Louis Duffort\u00a0conservait des exemplaires s\u00e9ch\u00e9s de ce rosier dans un herbier qui a \u00e9t\u00e9 donn\u00e9 au Museum national d\u2019histoire naturelle.<\/p>\n<hr \/>\n<p><a href=\"https:\/\/i0.wp.com\/lesgravereaux.marret.co\/wp-content\/uploads\/2016\/05\/Rosa-Gravereauxiana-Herbier-Museum-Paris-2722190_wp.jpg?ssl=1\"><img data-recalc-dims=\"1\" loading=\"lazy\" decoding=\"async\" data-attachment-id=\"2453\" data-permalink=\"https:\/\/lesgravereaux.marret.co\/index.php\/jules-gravereaux\/1294-2\/des-roses\/rosa-x-gravereauxiana\/rosa-gravereauxiana-herbier-museum-paris-2722190_wp\/\" data-orig-file=\"https:\/\/i0.wp.com\/lesgravereaux.marret.co\/wp-content\/uploads\/2016\/05\/Rosa-Gravereauxiana-Herbier-Museum-Paris-2722190_wp.jpg?fit=753%2C1181&amp;ssl=1\" data-orig-size=\"753,1181\" data-comments-opened=\"1\" data-image-meta=\"{&quot;aperture&quot;:&quot;0&quot;,&quot;credit&quot;:&quot;&quot;,&quot;camera&quot;:&quot;&quot;,&quot;caption&quot;:&quot;&quot;,&quot;created_timestamp&quot;:&quot;0&quot;,&quot;copyright&quot;:&quot;&quot;,&quot;focal_length&quot;:&quot;0&quot;,&quot;iso&quot;:&quot;0&quot;,&quot;shutter_speed&quot;:&quot;0&quot;,&quot;title&quot;:&quot;&quot;,&quot;orientation&quot;:&quot;1&quot;}\" data-image-title=\"Rosa Gravereauxiana (Herbier Museum Paris) 2722190_wp\" data-image-description=\"\" data-image-caption=\"\" data-medium-file=\"https:\/\/i0.wp.com\/lesgravereaux.marret.co\/wp-content\/uploads\/2016\/05\/Rosa-Gravereauxiana-Herbier-Museum-Paris-2722190_wp.jpg?fit=191%2C300&amp;ssl=1\" data-large-file=\"https:\/\/i0.wp.com\/lesgravereaux.marret.co\/wp-content\/uploads\/2016\/05\/Rosa-Gravereauxiana-Herbier-Museum-Paris-2722190_wp.jpg?fit=640%2C1004&amp;ssl=1\" class=\"wp-image-2453 alignleft\" src=\"https:\/\/i0.wp.com\/lesgravereaux.marret.co\/wp-content\/uploads\/2016\/05\/Rosa-Gravereauxiana-Herbier-Museum-Paris-2722190_wp.jpg?resize=372%2C584&#038;ssl=1\" alt=\"Rosa Gravereauxiana (Herbier Museum Paris) 2722190_wp\" width=\"372\" height=\"584\" data-wp-pid=\"2453\" srcset=\"https:\/\/i0.wp.com\/lesgravereaux.marret.co\/wp-content\/uploads\/2016\/05\/Rosa-Gravereauxiana-Herbier-Museum-Paris-2722190_wp.jpg?resize=653%2C1024&amp;ssl=1 653w, https:\/\/i0.wp.com\/lesgravereaux.marret.co\/wp-content\/uploads\/2016\/05\/Rosa-Gravereauxiana-Herbier-Museum-Paris-2722190_wp.jpg?resize=191%2C300&amp;ssl=1 191w, https:\/\/i0.wp.com\/lesgravereaux.marret.co\/wp-content\/uploads\/2016\/05\/Rosa-Gravereauxiana-Herbier-Museum-Paris-2722190_wp.jpg?resize=383%2C600&amp;ssl=1 383w, https:\/\/i0.wp.com\/lesgravereaux.marret.co\/wp-content\/uploads\/2016\/05\/Rosa-Gravereauxiana-Herbier-Museum-Paris-2722190_wp.jpg?w=753&amp;ssl=1 753w\" sizes=\"auto, (max-width: 372px) 100vw, 372px\" \/><\/a><\/p>\n<p>&nbsp;<\/p>\n<p>&nbsp;<\/p>\n<p>Taxonomie de<br \/>\nR. gravereauxiana\u00a0:<\/p>\n<p>Plantae<br \/>\nEmbranchement\u00a0: Magnoliophyta<br \/>\nClasse\u00a0: Magnoliopsida<br \/>\nOrdre\u00a0: Rosales<br \/>\nFamille\u00a0: Rosaceae<br \/>\nGenre\u00a0: Rosa<br \/>\n\u00c9pith\u00e8te sp\u00e9cifique\u00a0: gravereauxiana<\/p>\n","protected":false},"excerpt":{"rendered":"<p>R\u00e9sultat d\u2019une hybridation de R. gallica et R. micrantha, la Rosa\u00a0x\u00a0 gravereauxiana est due \u00e0 un botaniste gersois, Louis Duffort, qui la d\u00e9crit dans un bulletin de vulgarisation scientifique, Contribution \u00e0 la Flore du d\u00e9partement du Gers, publi\u00e9 en 1904. &hellip; <a href=\"https:\/\/lesgravereaux.marret.co\/index.php\/jules-gravereaux\/1294-2\/des-roses\/rosa-x-gravereauxiana\/\">Continuer la lecture <span class=\"meta-nav\">&rarr;<\/span><\/a><\/p>\n","protected":false},"author":1,"featured_media":0,"parent":2065,"menu_order":0,"comment_status":"closed","ping_status":"closed","template":"","meta":{"ngg_post_thumbnail":0,"jetpack_post_was_ever_published":false,"footnotes":""},"class_list":["post-2449","page","type-page","status-publish","hentry"],"jetpack_sharing_enabled":true,"jetpack_shortlink":"https:\/\/wp.me\/P7ERyi-Dv","jetpack-related-posts":[{"id":5628,"url":"https:\/\/lesgravereaux.marret.co\/index.php\/jules-gravereaux\/jules-gravereaux-ses-ecrits\/1901-rapport-sur-la-culture-des-roses-dans-la-peninsule-des-balkans\/","url_meta":{"origin":2449,"position":0},"title":"1901 &#8211; Rapport sur la culture des roses dans la p\u00e9ninsule des Balkans","author":"marretgravereaux","date":"7 mars 2018","format":false,"excerpt":"MONSIEUR LE MINISTRE, Vous avez bien voulu nous confier une mission ayant pour objet l'\u00e9tude des roses des Balkans. Avant d'entrer dans le d\u00e9tail de nos observations et de nos travaux, nous croyons devoir en soumettre le r\u00e9sultat, en quelques mots, \u00e0 votre haute comp\u00e9tence. Nos \u00e9tudes ont port\u00e9 sur\u2026","rel":"","context":"Article similaire","block_context":{"text":"Article similaire","link":""},"img":{"alt_text":"","src":"https:\/\/i0.wp.com\/lesgravereaux.marret.co\/wp-content\/uploads\/2018\/03\/JG-1901-La-culture-des-roses-2011-04_087b_wp-659x1024.jpg?resize=350%2C200","width":350,"height":200},"classes":[]},{"id":3720,"url":"https:\/\/lesgravereaux.marret.co\/index.php\/jules-gravereaux\/jules-gravereaux-honneurs-et-medailles\/","url_meta":{"origin":2449,"position":1},"title":"Jules Gravereaux &#8211; Honneurs et m\u00e9dailles","author":"marretgravereaux","date":"19 juin 2016","format":false,"excerpt":"Jules Gravereaux a acquis la propri\u00e9t\u00e9 de L\u2019Ha\u00ff en 1892 et il commen\u00e7a \u00e0 y installer une collection de roses vers 1894. Mais ce n\u2019est qu\u2019en 1899 qu\u2019\u00c9douard Andr\u00e9, architecte-paysager reconnu cr\u00e9a la premi\u00e8re roseraie. Celle-ci acquit tr\u00e8s rapidement une notori\u00e9t\u00e9 internationale, la publication de l\u2019inventaire des collections et l\u2019article\u2026","rel":"","context":"Article similaire","block_context":{"text":"Article similaire","link":""},"img":{"alt_text":"Jules Gravereaux - OG053c","src":"https:\/\/i0.wp.com\/lesgravereaux.marret.co\/wp-content\/uploads\/2015\/10\/Jules-Gravereaux-OG053c-e1466353135600-649x1024.jpg?resize=350%2C200","width":350,"height":200},"classes":[]},{"id":1968,"url":"https:\/\/lesgravereaux.marret.co\/index.php\/jules-gravereaux\/jules-gravereaux-ses-ecrits\/1901-rapport-sur-la-culture-des-roses-dans-la-peninsule-des-balkans\/1901-rapport-sur-la-culture-des-roses\/","url_meta":{"origin":2449,"position":2},"title":"1901 &#8211; La culture des roses dans les Balkans (commentaire)","author":"marretgravereaux","date":"25 avril 2016","format":false,"excerpt":"GRAVEREAUX, Jules. Rapport sur la culture des roses dans la p\u00e9ninsule des Balkans \/ par J. Gravereaux. Extrait du Bulletin du Minist\u00e8re de l'Agriculture, 1901, no\u00a03. Paris\u00a0: Impr. nationale, 1901.- 9\u00a0p.; 27\u00a0cm. ~~~~~~~ L\u2019auteur est cet amateur qui a fond\u00e9 la Roseraie de l\u2019Hay (Seine), d\u00e9j\u00e0 c\u00e9l\u00e8bre quoique de cr\u00e9ation\u2026","rel":"","context":"Article similaire","block_context":{"text":"Article similaire","link":""},"img":{"alt_text":"1901 La culture des roses p02 - YH069_wp","src":"https:\/\/i0.wp.com\/lesgravereaux.marret.co\/wp-content\/uploads\/2016\/04\/1901-La-culture-des-roses-p02-YH069_wp-741x1024.jpg?resize=350%2C200","width":350,"height":200},"classes":[]},{"id":5400,"url":"https:\/\/lesgravereaux.marret.co\/index.php\/jules-gravereaux\/jules-gravereaux-honneurs-et-medailles\/jules-gravereaux-a-lexposition-universelle-de-1900\/","url_meta":{"origin":2449,"position":3},"title":"Jules Gravereaux, \u00e0 l&rsquo;Exposition universelle de 1900","author":"marretgravereaux","date":"14 ao\u00fbt 2017","format":false,"excerpt":"En 1900, Jules Gravereaux a cr\u00e9\u00e9 la roseraie de L\u2019Ha\u00ff, r\u00e9uni dans celle-ci une imposante collection de roses et r\u00e9dig\u00e9 ses premi\u00e8res publications. Il d\u00e9cide de participer \u00e0 l\u2019Exposition Universelle Internationale et il s\u2019inscrit dans le groupe VIII destin\u00e9 \u00e0 l\u2019horticulture; plus pr\u00e9cis\u00e9ment, dans la classe 43 r\u00e9serv\u00e9e au Mat\u00e9riel\u2026","rel":"","context":"Article similaire","block_context":{"text":"Article similaire","link":""},"img":{"alt_text":"","src":"https:\/\/i0.wp.com\/lesgravereaux.marret.co\/wp-content\/uploads\/2017\/08\/Chaplain-Exposition-universelle-1900-63mm-24-2a_wp.jpg?resize=350%2C200","width":350,"height":200},"classes":[]},{"id":596,"url":"https:\/\/lesgravereaux.marret.co\/index.php\/la-roseraie-de-lhay\/","url_meta":{"origin":2449,"position":4},"title":"La roseraie de L&rsquo;Ha\u00ff","author":"marretgravereaux","date":"7 mars 2016","format":false,"excerpt":"\u00c2g\u00e9 de quarante-huit ans et jeune retrait\u00e9, Jules Gravereaux fait l'acquisition, en 1892, d'un domaine situ\u00e9 dans la commune de L'Ha\u00ff. Cette propri\u00e9t\u00e9 de onze hectares domine le vallon de la Bi\u00e8vre et la ville de Bourg-la-Reine; elle n\u2019est en outre qu\u2019\u00e0 quelques kilom\u00e8tres de Vitry-sur-Seine, l\u00e0 o\u00f9 Jules Gravereaux\u2026","rel":"","context":"Article similaire","block_context":{"text":"Article similaire","link":""},"img":{"alt_text":"Jules Gravereaux - OG053_wp","src":"https:\/\/i0.wp.com\/marret.co\/wp-content\/uploads\/2016\/03\/File3745-OG053_wp-667x1024.jpg?resize=350%2C200","width":350,"height":200},"classes":[]},{"id":706,"url":"https:\/\/lesgravereaux.marret.co\/index.php\/jules-gravereaux\/des-evenements-de-sa-vie\/biographie-de-jules-gravereaux-par-david-bois\/","url_meta":{"origin":2449,"position":5},"title":"Biographie de Jules Gravereaux (par D\u00e9sir\u00e9 Bois)","author":"marretgravereaux","date":"8 mars 2016","format":false,"excerpt":"Extrait du Journal de la Soci\u00e9t\u00e9 d\u2019horticulture de France (Cahier de juillet 1916) NOTICE BIOGRAPHIQUE SUR M. JULES GRAVEREAUX par M. D. Bois M. Jules Gravereaux est d\u00e9c\u00e9d\u00e9 \u00e0 Paris le 25 mars dernier, dans sa soixante-douzi\u00e8me ann\u00e9e. Il \u00e9tait officier de la L\u00e9gion d'honneur et commandeur du M\u00e9rite agricole.\u2026","rel":"","context":"Article similaire","block_context":{"text":"Article similaire","link":""},"img":{"alt_text":"1916-07 S.N.H.F - photo_wp","src":"https:\/\/i0.wp.com\/marret.co\/wp-content\/uploads\/2016\/03\/1916-07-S.N.H.F-photo_wp-854x1024.jpg?resize=350%2C200","width":350,"height":200},"classes":[]}],"_links":{"self":[{"href":"https:\/\/lesgravereaux.marret.co\/index.php\/wp-json\/wp\/v2\/pages\/2449","targetHints":{"allow":["GET"]}}],"collection":[{"href":"https:\/\/lesgravereaux.marret.co\/index.php\/wp-json\/wp\/v2\/pages"}],"about":[{"href":"https:\/\/lesgravereaux.marret.co\/index.php\/wp-json\/wp\/v2\/types\/page"}],"author":[{"embeddable":true,"href":"https:\/\/lesgravereaux.marret.co\/index.php\/wp-json\/wp\/v2\/users\/1"}],"replies":[{"embeddable":true,"href":"https:\/\/lesgravereaux.marret.co\/index.php\/wp-json\/wp\/v2\/comments?post=2449"}],"version-history":[{"count":0,"href":"https:\/\/lesgravereaux.marret.co\/index.php\/wp-json\/wp\/v2\/pages\/2449\/revisions"}],"up":[{"embeddable":true,"href":"https:\/\/lesgravereaux.marret.co\/index.php\/wp-json\/wp\/v2\/pages\/2065"}],"wp:attachment":[{"href":"https:\/\/lesgravereaux.marret.co\/index.php\/wp-json\/wp\/v2\/media?parent=2449"}],"curies":[{"name":"wp","href":"https:\/\/api.w.org\/{rel}","templated":true}]}}