{"id":2384,"date":"2016-05-10T00:59:55","date_gmt":"2016-05-09T23:59:55","guid":{"rendered":"http:\/\/lesgravereaux.marret.co\/?page_id=2384"},"modified":"2016-06-12T16:58:08","modified_gmt":"2016-06-12T15:58:08","slug":"limpromptu-de-grenelle-6-mai-1922","status":"publish","type":"page","link":"https:\/\/lesgravereaux.marret.co\/index.php\/la-famille-gravereaux\/la-famille-gravereaux-au-theatre\/limpromptu-de-grenelle-6-mai-1922\/","title":{"rendered":"L&rsquo;Impromptu de Grenelle ( 6 mai 1922)"},"content":{"rendered":"<p>&nbsp;<\/p>\n<p><a href=\"https:\/\/i0.wp.com\/lesgravereaux.marret.co\/wp-content\/uploads\/2016\/05\/1922-LImpromptu-de-Grenelle-Programme-p1_wp.jpg?ssl=1\"><img data-recalc-dims=\"1\" loading=\"lazy\" decoding=\"async\" data-attachment-id=\"2342\" data-permalink=\"https:\/\/lesgravereaux.marret.co\/index.php\/la-famille-gravereaux\/la-famille-gravereaux-au-theatre\/limpromptu-de-grenelle-6-mai-1922\/1922-limpromptu-de-grenelle-programme-p1_wp\/\" data-orig-file=\"https:\/\/i0.wp.com\/lesgravereaux.marret.co\/wp-content\/uploads\/2016\/05\/1922-LImpromptu-de-Grenelle-Programme-p1_wp.jpg?fit=1181%2C1099&amp;ssl=1\" data-orig-size=\"1181,1099\" data-comments-opened=\"1\" data-image-meta=\"{&quot;aperture&quot;:&quot;0&quot;,&quot;credit&quot;:&quot;&quot;,&quot;camera&quot;:&quot;&quot;,&quot;caption&quot;:&quot;&quot;,&quot;created_timestamp&quot;:&quot;0&quot;,&quot;copyright&quot;:&quot;&quot;,&quot;focal_length&quot;:&quot;0&quot;,&quot;iso&quot;:&quot;0&quot;,&quot;shutter_speed&quot;:&quot;0&quot;,&quot;title&quot;:&quot;&quot;,&quot;orientation&quot;:&quot;1&quot;}\" data-image-title=\"1922 L&amp;rsquo;Impromptu de Grenelle &amp;#8211; Programme p1_wp\" data-image-description=\"\" data-image-caption=\"\" data-medium-file=\"https:\/\/i0.wp.com\/lesgravereaux.marret.co\/wp-content\/uploads\/2016\/05\/1922-LImpromptu-de-Grenelle-Programme-p1_wp.jpg?fit=300%2C279&amp;ssl=1\" data-large-file=\"https:\/\/i0.wp.com\/lesgravereaux.marret.co\/wp-content\/uploads\/2016\/05\/1922-LImpromptu-de-Grenelle-Programme-p1_wp.jpg?fit=640%2C596&amp;ssl=1\" class=\"wp-image-2342 aligncenter\" src=\"https:\/\/i0.wp.com\/lesgravereaux.marret.co\/wp-content\/uploads\/2016\/05\/1922-LImpromptu-de-Grenelle-Programme-p1_wp.jpg?resize=502%2C467&#038;ssl=1\" alt=\"1922 L'Impromptu de Grenelle - Programme p1_wp\" width=\"502\" height=\"467\" data-wp-pid=\"2342\" srcset=\"https:\/\/i0.wp.com\/lesgravereaux.marret.co\/wp-content\/uploads\/2016\/05\/1922-LImpromptu-de-Grenelle-Programme-p1_wp.jpg?resize=1024%2C953&amp;ssl=1 1024w, https:\/\/i0.wp.com\/lesgravereaux.marret.co\/wp-content\/uploads\/2016\/05\/1922-LImpromptu-de-Grenelle-Programme-p1_wp.jpg?resize=300%2C279&amp;ssl=1 300w, https:\/\/i0.wp.com\/lesgravereaux.marret.co\/wp-content\/uploads\/2016\/05\/1922-LImpromptu-de-Grenelle-Programme-p1_wp.jpg?resize=768%2C715&amp;ssl=1 768w, https:\/\/i0.wp.com\/lesgravereaux.marret.co\/wp-content\/uploads\/2016\/05\/1922-LImpromptu-de-Grenelle-Programme-p1_wp.jpg?resize=800%2C744&amp;ssl=1 800w, https:\/\/i0.wp.com\/lesgravereaux.marret.co\/wp-content\/uploads\/2016\/05\/1922-LImpromptu-de-Grenelle-Programme-p1_wp.jpg?resize=600%2C558&amp;ssl=1 600w, https:\/\/i0.wp.com\/lesgravereaux.marret.co\/wp-content\/uploads\/2016\/05\/1922-LImpromptu-de-Grenelle-Programme-p1_wp.jpg?w=1181&amp;ssl=1 1181w\" sizes=\"auto, (max-width: 502px) 100vw, 502px\" \/><\/a><\/p>\n<blockquote>\n<p style=\"text-align: center;\">Pour l&rsquo;UNIQUE REPR\u00c9SENTATION offerte,<br \/>\nle 6 Mai 1922,<br \/>\nsur une sc\u00e8ne mont\u00e9e sp\u00e9cialement,<br \/>\nen leur h\u00f4tel, 65 Avenue de S\u00e9gur,<br \/>\npar<br \/>\nMONSIEUR et MADAME REN\u00c9 GRAVEREAUX,<\/p>\n<p style=\"text-align: center;\">mise en sc\u00e8ne de TONY MELLIV,<br \/>\ncostumes ex\u00e9cut\u00e9s d&rsquo;apr\u00e8s les maquettes de SOLRAC.<\/p>\n<\/blockquote>\n<p style=\"text-align: left;\"><a href=\"https:\/\/i0.wp.com\/lesgravereaux.marret.co\/wp-content\/uploads\/2016\/05\/1922-LImpromptu-de-Grenelle-Programme-p2_wp.jpg?ssl=1\"><img data-recalc-dims=\"1\" loading=\"lazy\" decoding=\"async\" data-attachment-id=\"2343\" data-permalink=\"https:\/\/lesgravereaux.marret.co\/index.php\/la-famille-gravereaux\/la-famille-gravereaux-au-theatre\/limpromptu-de-grenelle-6-mai-1922\/1922-limpromptu-de-grenelle-programme-p2_wp\/\" data-orig-file=\"https:\/\/i0.wp.com\/lesgravereaux.marret.co\/wp-content\/uploads\/2016\/05\/1922-LImpromptu-de-Grenelle-Programme-p2_wp.jpg?fit=2362%2C1098&amp;ssl=1\" data-orig-size=\"2362,1098\" data-comments-opened=\"1\" data-image-meta=\"{&quot;aperture&quot;:&quot;0&quot;,&quot;credit&quot;:&quot;&quot;,&quot;camera&quot;:&quot;&quot;,&quot;caption&quot;:&quot;&quot;,&quot;created_timestamp&quot;:&quot;0&quot;,&quot;copyright&quot;:&quot;&quot;,&quot;focal_length&quot;:&quot;0&quot;,&quot;iso&quot;:&quot;0&quot;,&quot;shutter_speed&quot;:&quot;0&quot;,&quot;title&quot;:&quot;&quot;,&quot;orientation&quot;:&quot;1&quot;}\" data-image-title=\"1922 L&amp;rsquo;Impromptu de Grenelle &amp;#8211; Programme p2_wp\" data-image-description=\"\" data-image-caption=\"\" data-medium-file=\"https:\/\/i0.wp.com\/lesgravereaux.marret.co\/wp-content\/uploads\/2016\/05\/1922-LImpromptu-de-Grenelle-Programme-p2_wp.jpg?fit=300%2C139&amp;ssl=1\" data-large-file=\"https:\/\/i0.wp.com\/lesgravereaux.marret.co\/wp-content\/uploads\/2016\/05\/1922-LImpromptu-de-Grenelle-Programme-p2_wp.jpg?fit=640%2C298&amp;ssl=1\" class=\"alignnone size-large wp-image-2343\" src=\"https:\/\/i0.wp.com\/lesgravereaux.marret.co\/wp-content\/uploads\/2016\/05\/1922-LImpromptu-de-Grenelle-Programme-p2_wp.jpg?resize=640%2C298&#038;ssl=1\" alt=\"1922 L'Impromptu de Grenelle - Programme p2_wp\" width=\"640\" height=\"298\" data-wp-pid=\"2343\" srcset=\"https:\/\/i0.wp.com\/lesgravereaux.marret.co\/wp-content\/uploads\/2016\/05\/1922-LImpromptu-de-Grenelle-Programme-p2_wp.jpg?resize=1024%2C476&amp;ssl=1 1024w, https:\/\/i0.wp.com\/lesgravereaux.marret.co\/wp-content\/uploads\/2016\/05\/1922-LImpromptu-de-Grenelle-Programme-p2_wp.jpg?resize=300%2C139&amp;ssl=1 300w, https:\/\/i0.wp.com\/lesgravereaux.marret.co\/wp-content\/uploads\/2016\/05\/1922-LImpromptu-de-Grenelle-Programme-p2_wp.jpg?resize=768%2C357&amp;ssl=1 768w, https:\/\/i0.wp.com\/lesgravereaux.marret.co\/wp-content\/uploads\/2016\/05\/1922-LImpromptu-de-Grenelle-Programme-p2_wp.jpg?resize=800%2C372&amp;ssl=1 800w, https:\/\/i0.wp.com\/lesgravereaux.marret.co\/wp-content\/uploads\/2016\/05\/1922-LImpromptu-de-Grenelle-Programme-p2_wp.jpg?resize=600%2C279&amp;ssl=1 600w, https:\/\/i0.wp.com\/lesgravereaux.marret.co\/wp-content\/uploads\/2016\/05\/1922-LImpromptu-de-Grenelle-Programme-p2_wp.jpg?w=1280&amp;ssl=1 1280w, https:\/\/i0.wp.com\/lesgravereaux.marret.co\/wp-content\/uploads\/2016\/05\/1922-LImpromptu-de-Grenelle-Programme-p2_wp.jpg?w=1920&amp;ssl=1 1920w\" sizes=\"auto, (max-width: 640px) 100vw, 640px\" \/><\/a><\/p>\n<p style=\"text-align: left;\">\u00a0<a href=\"https:\/\/i0.wp.com\/lesgravereaux.marret.co\/wp-content\/uploads\/2016\/05\/1922-LImpromptu-de-Grenelle-p01_wp.jpg?ssl=1\"><img data-recalc-dims=\"1\" loading=\"lazy\" decoding=\"async\" data-attachment-id=\"2344\" data-permalink=\"https:\/\/lesgravereaux.marret.co\/index.php\/la-famille-gravereaux\/la-famille-gravereaux-au-theatre\/limpromptu-de-grenelle-6-mai-1922\/1922-limpromptu-de-grenelle-p01_wp\/\" data-orig-file=\"https:\/\/i0.wp.com\/lesgravereaux.marret.co\/wp-content\/uploads\/2016\/05\/1922-LImpromptu-de-Grenelle-p01_wp.jpg?fit=921%2C1181&amp;ssl=1\" data-orig-size=\"921,1181\" data-comments-opened=\"1\" data-image-meta=\"{&quot;aperture&quot;:&quot;0&quot;,&quot;credit&quot;:&quot;&quot;,&quot;camera&quot;:&quot;&quot;,&quot;caption&quot;:&quot;&quot;,&quot;created_timestamp&quot;:&quot;0&quot;,&quot;copyright&quot;:&quot;&quot;,&quot;focal_length&quot;:&quot;0&quot;,&quot;iso&quot;:&quot;0&quot;,&quot;shutter_speed&quot;:&quot;0&quot;,&quot;title&quot;:&quot;&quot;,&quot;orientation&quot;:&quot;1&quot;}\" data-image-title=\"1922 L&amp;rsquo;Impromptu de Grenelle p01_wp\" data-image-description=\"\" data-image-caption=\"\" data-medium-file=\"https:\/\/i0.wp.com\/lesgravereaux.marret.co\/wp-content\/uploads\/2016\/05\/1922-LImpromptu-de-Grenelle-p01_wp.jpg?fit=234%2C300&amp;ssl=1\" data-large-file=\"https:\/\/i0.wp.com\/lesgravereaux.marret.co\/wp-content\/uploads\/2016\/05\/1922-LImpromptu-de-Grenelle-p01_wp.jpg?fit=640%2C820&amp;ssl=1\" class=\"wp-image-2344 alignnone\" src=\"https:\/\/i0.wp.com\/lesgravereaux.marret.co\/wp-content\/uploads\/2016\/05\/1922-LImpromptu-de-Grenelle-p01_wp.jpg?resize=308%2C395&#038;ssl=1\" alt=\"1922 L'Impromptu de Grenelle p01_wp\" width=\"308\" height=\"395\" data-wp-pid=\"2344\" srcset=\"https:\/\/i0.wp.com\/lesgravereaux.marret.co\/wp-content\/uploads\/2016\/05\/1922-LImpromptu-de-Grenelle-p01_wp.jpg?resize=799%2C1024&amp;ssl=1 799w, https:\/\/i0.wp.com\/lesgravereaux.marret.co\/wp-content\/uploads\/2016\/05\/1922-LImpromptu-de-Grenelle-p01_wp.jpg?resize=234%2C300&amp;ssl=1 234w, https:\/\/i0.wp.com\/lesgravereaux.marret.co\/wp-content\/uploads\/2016\/05\/1922-LImpromptu-de-Grenelle-p01_wp.jpg?resize=768%2C985&amp;ssl=1 768w, https:\/\/i0.wp.com\/lesgravereaux.marret.co\/wp-content\/uploads\/2016\/05\/1922-LImpromptu-de-Grenelle-p01_wp.jpg?resize=800%2C1026&amp;ssl=1 800w, https:\/\/i0.wp.com\/lesgravereaux.marret.co\/wp-content\/uploads\/2016\/05\/1922-LImpromptu-de-Grenelle-p01_wp.jpg?resize=468%2C600&amp;ssl=1 468w, https:\/\/i0.wp.com\/lesgravereaux.marret.co\/wp-content\/uploads\/2016\/05\/1922-LImpromptu-de-Grenelle-p01_wp.jpg?w=921&amp;ssl=1 921w\" sizes=\"auto, (max-width: 308px) 100vw, 308px\" \/>\u00a0 <\/a><a href=\"https:\/\/i0.wp.com\/lesgravereaux.marret.co\/wp-content\/uploads\/2016\/05\/1922-LImpromptu-de-Grenelle-pa8_wp.jpg?ssl=1\"><img data-recalc-dims=\"1\" loading=\"lazy\" decoding=\"async\" data-attachment-id=\"2352\" data-permalink=\"https:\/\/lesgravereaux.marret.co\/index.php\/la-famille-gravereaux\/la-famille-gravereaux-au-theatre\/limpromptu-de-grenelle-6-mai-1922\/1922-limpromptu-de-grenelle-pa8_wp\/\" data-orig-file=\"https:\/\/i0.wp.com\/lesgravereaux.marret.co\/wp-content\/uploads\/2016\/05\/1922-LImpromptu-de-Grenelle-pa8_wp.jpg?fit=933%2C1181&amp;ssl=1\" data-orig-size=\"933,1181\" data-comments-opened=\"1\" data-image-meta=\"{&quot;aperture&quot;:&quot;0&quot;,&quot;credit&quot;:&quot;&quot;,&quot;camera&quot;:&quot;&quot;,&quot;caption&quot;:&quot;&quot;,&quot;created_timestamp&quot;:&quot;0&quot;,&quot;copyright&quot;:&quot;&quot;,&quot;focal_length&quot;:&quot;0&quot;,&quot;iso&quot;:&quot;0&quot;,&quot;shutter_speed&quot;:&quot;0&quot;,&quot;title&quot;:&quot;&quot;,&quot;orientation&quot;:&quot;1&quot;}\" data-image-title=\"1922 L&amp;rsquo;Impromptu de Grenelle pa8_wp\" data-image-description=\"\" data-image-caption=\"\" data-medium-file=\"https:\/\/i0.wp.com\/lesgravereaux.marret.co\/wp-content\/uploads\/2016\/05\/1922-LImpromptu-de-Grenelle-pa8_wp.jpg?fit=237%2C300&amp;ssl=1\" data-large-file=\"https:\/\/i0.wp.com\/lesgravereaux.marret.co\/wp-content\/uploads\/2016\/05\/1922-LImpromptu-de-Grenelle-pa8_wp.jpg?fit=640%2C810&amp;ssl=1\" class=\"alignnone wp-image-2352\" src=\"https:\/\/i0.wp.com\/lesgravereaux.marret.co\/wp-content\/uploads\/2016\/05\/1922-LImpromptu-de-Grenelle-pa8_wp.jpg?resize=308%2C395&#038;ssl=1\" alt=\"1922 L'Impromptu de Grenelle pa8_wp\" width=\"308\" height=\"395\" data-wp-pid=\"2352\" \/><\/a><a href=\"https:\/\/lesgravereaux.marret.co\/wp-content\/uploads\/2016\/05\/1922-LImpromptu-de-Grenelle-p01_wp.jpg\"><br \/>\n<\/a><\/p>\n<p style=\"text-align: left;\">Le texte int\u00e9gral <a href=\"https:\/\/lesgravereaux.marret.co\/wp-content\/uploads\/2016\/05\/LImpromptu-de-Grenelle-1922.pdf\">L&rsquo;Impromptu de Grenelle (1922)<\/a>\u00a0a \u00e9t\u00e9 publi\u00e9 en quelques exemplaires pour la famille&#8230;<\/p>\n<p style=\"padding-left: 30px;\"><em>JUSTIFICATION DU TIRAGE<\/em><\/p>\n<p style=\"padding-left: 30px;\"><em>Il a \u00e9t\u00e9 tir\u00e9 de cet ouvrage, compl\u00e8tement in\u00e9dit:<\/em><\/p>\n<p style=\"padding-left: 30px;\"><em>3 EXEMPLAIRES HORS COMMERCE avec un \u00e9tat des illustrations, accompagn\u00e9s d&rsquo;un dessin original, paraph\u00e9s par l&rsquo;auteur, le dessinateur et l&rsquo;\u00e9diteur, et r\u00e9serv\u00e9s \u00e0 Monsieur Maurice Grasset, \u00e0 Monsieur Ren\u00e9 Gravereaux et \u00e0 Monsieur Pierre Villeminot \u00e9diteur, num\u00e9rot\u00e9s I, 2 &amp; 3.<\/em><\/p>\n<p style=\"padding-left: 30px;\"><em>5 EXEMPLAIRES semblables aux pr\u00e9c\u00e9deats,num\u00e9rot\u00e9s de 4 \u00e0 8.<\/em><\/p>\n<p style=\"padding-left: 30px;\"><em>42 EXEMPLAIRES avec un \u00e9tat des illustrations, num\u00e9rot\u00e9s de 9 \u00e0 50 et paraph\u00e9s par l&rsquo;\u00e9diteur.<\/em><\/p>\n<blockquote><p>EXEMPLAIRE N<sup>0<\/sup><\/p>\n<p>Edition originale<\/p><\/blockquote>\n","protected":false},"excerpt":{"rendered":"<p>&nbsp; Pour l&rsquo;UNIQUE REPR\u00c9SENTATION offerte, le 6 Mai 1922, sur une sc\u00e8ne mont\u00e9e sp\u00e9cialement, en leur h\u00f4tel, 65 Avenue de S\u00e9gur, par MONSIEUR et MADAME REN\u00c9 GRAVEREAUX, mise en sc\u00e8ne de TONY MELLIV, costumes ex\u00e9cut\u00e9s d&rsquo;apr\u00e8s les maquettes de SOLRAC. &hellip; <a href=\"https:\/\/lesgravereaux.marret.co\/index.php\/la-famille-gravereaux\/la-famille-gravereaux-au-theatre\/limpromptu-de-grenelle-6-mai-1922\/\">Continuer la lecture <span class=\"meta-nav\">&rarr;<\/span><\/a><\/p>\n","protected":false},"author":1,"featured_media":0,"parent":2377,"menu_order":0,"comment_status":"closed","ping_status":"closed","template":"","meta":{"ngg_post_thumbnail":0,"jetpack_post_was_ever_published":false,"footnotes":""},"class_list":["post-2384","page","type-page","status-publish","hentry"],"jetpack_sharing_enabled":true,"jetpack_shortlink":"https:\/\/wp.me\/P7ERyi-Cs","jetpack-related-posts":[{"id":2377,"url":"https:\/\/lesgravereaux.marret.co\/index.php\/la-famille-gravereaux\/la-famille-gravereaux-au-theatre\/","url_meta":{"origin":2384,"position":0},"title":"La famille Gravereaux au th\u00e9\u00e2tre","author":"marretgravereaux","date":"9 mai 2016","format":false,"excerpt":"En se mariant avec Laure Thuillier, Jules Gravereaux entrait dans une famille au talent artistique ind\u00e9niable. Sa belle-s\u0153ur, Louise Victoire Thuillier avait remport\u00e9 un premier prix de piano et un 1er prix de solf\u00e8ge au Conservatoire; elle fit d\u2019ailleurs carri\u00e8re \u00e0 l\u2019Op\u00e9ra-Comique et \u00e0 la Gait\u00e9 Lyrique, o\u00f9 elle cr\u00e9a\u2026","rel":"","context":"Article similaire","block_context":{"text":"Article similaire","link":""},"img":{"alt_text":"1903-03-30 Gravereaux, Jules - Spectacle (Journal des debats) 2_wp","src":"https:\/\/i0.wp.com\/lesgravereaux.marret.co\/wp-content\/uploads\/2016\/05\/1903-03-30-Gravereaux-Jules-Spectacle-Journal-des-debats-2_wp-1024x683.jpg?resize=350%2C200","width":350,"height":200},"classes":[]},{"id":571,"url":"https:\/\/lesgravereaux.marret.co\/index.php\/571-2\/","url_meta":{"origin":2384,"position":1},"title":"Les f\u00eates \u00e0 L&rsquo;Ha\u00ff","author":"marretgravereaux","date":"7 mars 2016","format":false,"excerpt":"Jules Gravereaux aimait recevoir, non seulement sa famille, mais aussi les membres de nombreuses associations auxquelles il ouvrit la porte du domaine de L'Ha\u00ff, pour une simple visite de la roseraie ou pour un spectacle au th\u00e9\u00e2tre de\u00a0verdure. Bien qu'incomplet, le calendrier ci-apr\u00e8s donne une id\u00e9e de ces r\u00e9ceptions qui\u2026","rel":"","context":"Article similaire","block_context":{"text":"Article similaire","link":""},"img":{"alt_text":"","src":"https:\/\/i0.wp.com\/lesgravereaux.marret.co\/wp-content\/uploads\/2016\/04\/LHay-Visite-de-la-roseraie-47-J-843_wp-1024x759.jpg?resize=350%2C200","width":350,"height":200,"srcset":"https:\/\/i0.wp.com\/lesgravereaux.marret.co\/wp-content\/uploads\/2016\/04\/LHay-Visite-de-la-roseraie-47-J-843_wp-1024x759.jpg?resize=350%2C200 1x, https:\/\/i0.wp.com\/lesgravereaux.marret.co\/wp-content\/uploads\/2016\/04\/LHay-Visite-de-la-roseraie-47-J-843_wp-1024x759.jpg?resize=525%2C300 1.5x"},"classes":[]},{"id":2390,"url":"https:\/\/lesgravereaux.marret.co\/index.php\/la-famille-gravereaux\/la-famille-gravereaux-au-theatre\/passons-nos-clous-avril-mai-1931\/","url_meta":{"origin":2384,"position":2},"title":"Passons nos clous (avril-mai 1931)","author":"marretgravereaux","date":"10 mai 2016","format":false,"excerpt":"Marcel Villeminot est l\u2019auteur de la pi\u00e8ce\u00a0Passons nos clous qui a \u00e9t\u00e9 jou\u00e9e \u00e0 quatre reprises (entre le 28 avril et le 2 mai 1931), au domicile m\u00eame de ses parents, un h\u00f4tel particulier situ\u00e9 au 39\u00a0avenue de Breteuil. \u00a0 \u00a0 Le 30\u00a0avril, la pr\u00e9sentation de la pi\u00e8ce fait l\u2019objet\u2026","rel":"","context":"Article similaire","block_context":{"text":"Article similaire","link":""},"img":{"alt_text":"Marcel Villeminot - FF035_wp","src":"https:\/\/i0.wp.com\/lesgravereaux.marret.co\/wp-content\/uploads\/2016\/05\/Livret-2-Marcel-Villeminot-FF035_wp.jpg?resize=350%2C200","width":350,"height":200},"classes":[]},{"id":1042,"url":"https:\/\/lesgravereaux.marret.co\/index.php\/la-roseraie-de-lhay\/la-chapelle\/","url_meta":{"origin":2384,"position":3},"title":"La chapelle","author":"marretgravereaux","date":"13 mars 2016","format":false,"excerpt":"\u00c0 l\u2019origine, ce b\u00e2timent servait de grange, voire d\u2019appentis pour entreposer les outils de jardinage servant \u00e0 entretenir le jardin et le potager de la propri\u00e9t\u00e9. Jules Gravereaux a d\u00e9cid\u00e9 de le transformer et d\u2019en faire une chapelle, obtenant de l\u2019Archev\u00each\u00e9, en 1905, que des messes y soient dites\u2026 Apr\u00e8s\u2026","rel":"","context":"Article similaire","block_context":{"text":"Article similaire","link":""},"img":{"alt_text":"1905-01-16 Archeveche de Paris - Autorisation de celebration_wp","src":"https:\/\/i0.wp.com\/marret.co\/wp-content\/uploads\/2016\/03\/1905-01-16-Archeveche-de-Paris-Autorisation-de-celebration_wp-609x1024.jpg?resize=350%2C200","width":350,"height":200},"classes":[]},{"id":2183,"url":"https:\/\/lesgravereaux.marret.co\/index.php\/jean-claude-pascal\/jean-claude-pascal-le-comedien\/adieu-prudence\/","url_meta":{"origin":2384,"position":4},"title":"Adieu Prudence","author":"marretgravereaux","date":"5 mai 2016","format":false,"excerpt":"Dans sa version fran\u00e7aise, la pi\u00e8ce de Leslie Stevens,\u00a0Adieu Prudence, a \u00e9t\u00e9 cr\u00e9\u00e9e en 1961 au Th\u00e9\u00e2tre du Gymnase. Elle a \u00e9t\u00e9 reprise \u00e0 la t\u00e9l\u00e9vision dans le cadre d\u2019\u00ab\u00a0Au th\u00e9\u00e2tre ce soir\u00a0\u00bb. Mise en sc\u00e8ne d\u2019Alain Feydeau\u00a0et r\u00e9alisation de Pierre Sabbagh. L\u2019\u00e9mission est enregistr\u00e9e au th\u00e9\u00e2tre Marigny, le 10\u00a0novembre\u00a01984\u2026","rel":"","context":"Article similaire","block_context":{"text":"Article similaire","link":""},"img":{"alt_text":"1984 Adieu Prudence DVD1 wp","src":"https:\/\/i0.wp.com\/lesgravereaux.marret.co\/wp-content\/uploads\/2016\/05\/1984-Adieu-Prudence-DVD1-wp-705x1024.jpg?resize=350%2C200","width":350,"height":200},"classes":[]},{"id":1595,"url":"https:\/\/lesgravereaux.marret.co\/index.php\/571-2\/17-juin-1906-la-fete-des-rosati\/","url_meta":{"origin":2384,"position":5},"title":"17 juin 1906 &#8211; La f\u00eate des Rosati","author":"marretgravereaux","date":"20 avril 2016","format":false,"excerpt":"En 1905, Jules Gravereaux rencontre les Rosati et se lie d\u2019amiti\u00e9 avec eux. Comme ceux-ci ne disposent pas de lieu de repr\u00e9sentation, il d\u00e9cide de faire construire un th\u00e9\u00e2tre de verdure dans la roseraie et de l\u2019inaugurer lors de leur f\u00eate annuelle. Le 17 juin 1906, les Rosati se retrouvent\u2026","rel":"","context":"Article similaire","block_context":{"text":"Article similaire","link":""},"img":{"alt_text":"Java Printing","src":"https:\/\/i0.wp.com\/lesgravereaux.marret.co\/wp-content\/uploads\/2016\/04\/1906-06-16-Le-Petit-Parisien_wp.jpg?resize=350%2C200","width":350,"height":200},"classes":[]}],"_links":{"self":[{"href":"https:\/\/lesgravereaux.marret.co\/index.php\/wp-json\/wp\/v2\/pages\/2384","targetHints":{"allow":["GET"]}}],"collection":[{"href":"https:\/\/lesgravereaux.marret.co\/index.php\/wp-json\/wp\/v2\/pages"}],"about":[{"href":"https:\/\/lesgravereaux.marret.co\/index.php\/wp-json\/wp\/v2\/types\/page"}],"author":[{"embeddable":true,"href":"https:\/\/lesgravereaux.marret.co\/index.php\/wp-json\/wp\/v2\/users\/1"}],"replies":[{"embeddable":true,"href":"https:\/\/lesgravereaux.marret.co\/index.php\/wp-json\/wp\/v2\/comments?post=2384"}],"version-history":[{"count":0,"href":"https:\/\/lesgravereaux.marret.co\/index.php\/wp-json\/wp\/v2\/pages\/2384\/revisions"}],"up":[{"embeddable":true,"href":"https:\/\/lesgravereaux.marret.co\/index.php\/wp-json\/wp\/v2\/pages\/2377"}],"wp:attachment":[{"href":"https:\/\/lesgravereaux.marret.co\/index.php\/wp-json\/wp\/v2\/media?parent=2384"}],"curies":[{"name":"wp","href":"https:\/\/api.w.org\/{rel}","templated":true}]}}