{"id":22928,"date":"2022-04-28T17:50:06","date_gmt":"2022-04-28T16:50:06","guid":{"rendered":"https:\/\/lesgravereaux.marret.co\/?page_id=22928"},"modified":"2022-04-28T18:50:10","modified_gmt":"2022-04-28T17:50:10","slug":"les-poemes-illustres","status":"publish","type":"page","link":"https:\/\/lesgravereaux.marret.co\/index.php\/la-famille-gravereaux\/gerard-gravereaux\/les-poemes-illustres\/","title":{"rendered":"Les po\u00e8mes illustr\u00e9s"},"content":{"rendered":"<p>Henry-G\u00e9rard Gravereaux a r\u00e9alis\u00e9 diverses \u00e9tudes \u00e0 la mine de plomb, dont la majorit\u00e9 portant sur des nus, ainsi que de nombreuses peintures. Mais il a \u00e9galement effectu\u00e9, pour le plaisir, de petits dessins pour illustrer des menus lors de repas de No\u00ebl familiaux, ainsi que pour accompagner des po\u00e8mes qu\u2019il avait particuli\u00e8rement aim\u00e9s\u2026<\/p>\n<h2><strong><span lang=\"FR\" style=\"font-size: 12pt;\">Apollinaire \u2013 Le pont Mirabeau<\/span><\/strong><\/h2>\n<p><a href=\"https:\/\/i0.wp.com\/lesgravereaux.marret.co\/wp-content\/uploads\/2022\/04\/HGG-Le-pont-Mirabeau-Apollinaire_H150.jpg?ssl=1\"><img data-recalc-dims=\"1\" loading=\"lazy\" decoding=\"async\" data-attachment-id=\"22944\" data-permalink=\"https:\/\/lesgravereaux.marret.co\/index.php\/la-famille-gravereaux\/gerard-gravereaux\/les-poemes-illustres\/hgg-le-pont-mirabeau-apollinaire_h150\/\" data-orig-file=\"https:\/\/i0.wp.com\/lesgravereaux.marret.co\/wp-content\/uploads\/2022\/04\/HGG-Le-pont-Mirabeau-Apollinaire_H150.jpg?fit=1500%2C2000&amp;ssl=1\" data-orig-size=\"1500,2000\" data-comments-opened=\"1\" data-image-meta=\"{&quot;aperture&quot;:&quot;0&quot;,&quot;credit&quot;:&quot;&quot;,&quot;camera&quot;:&quot;&quot;,&quot;caption&quot;:&quot;&quot;,&quot;created_timestamp&quot;:&quot;1649862761&quot;,&quot;copyright&quot;:&quot;&quot;,&quot;focal_length&quot;:&quot;0&quot;,&quot;iso&quot;:&quot;0&quot;,&quot;shutter_speed&quot;:&quot;0&quot;,&quot;title&quot;:&quot;&quot;,&quot;orientation&quot;:&quot;1&quot;}\" data-image-title=\"HGG Le pont Mirabeau (Apollinaire)_H150\" data-image-description=\"\" data-image-caption=\"\" data-medium-file=\"https:\/\/i0.wp.com\/lesgravereaux.marret.co\/wp-content\/uploads\/2022\/04\/HGG-Le-pont-Mirabeau-Apollinaire_H150.jpg?fit=225%2C300&amp;ssl=1\" data-large-file=\"https:\/\/i0.wp.com\/lesgravereaux.marret.co\/wp-content\/uploads\/2022\/04\/HGG-Le-pont-Mirabeau-Apollinaire_H150.jpg?fit=640%2C853&amp;ssl=1\" class=\"wp-image-22944 aligncenter\" src=\"https:\/\/i0.wp.com\/lesgravereaux.marret.co\/wp-content\/uploads\/2022\/04\/HGG-Le-pont-Mirabeau-Apollinaire_H150.jpg?resize=375%2C500&#038;ssl=1\" alt=\"\" width=\"375\" height=\"500\" data-wp-pid=\"22944\" srcset=\"https:\/\/i0.wp.com\/lesgravereaux.marret.co\/wp-content\/uploads\/2022\/04\/HGG-Le-pont-Mirabeau-Apollinaire_H150.jpg?resize=225%2C300&amp;ssl=1 225w, https:\/\/i0.wp.com\/lesgravereaux.marret.co\/wp-content\/uploads\/2022\/04\/HGG-Le-pont-Mirabeau-Apollinaire_H150.jpg?resize=768%2C1024&amp;ssl=1 768w, https:\/\/i0.wp.com\/lesgravereaux.marret.co\/wp-content\/uploads\/2022\/04\/HGG-Le-pont-Mirabeau-Apollinaire_H150.jpg?resize=1152%2C1536&amp;ssl=1 1152w, https:\/\/i0.wp.com\/lesgravereaux.marret.co\/wp-content\/uploads\/2022\/04\/HGG-Le-pont-Mirabeau-Apollinaire_H150.jpg?w=1500&amp;ssl=1 1500w, https:\/\/i0.wp.com\/lesgravereaux.marret.co\/wp-content\/uploads\/2022\/04\/HGG-Le-pont-Mirabeau-Apollinaire_H150.jpg?w=1280&amp;ssl=1 1280w\" sizes=\"auto, (max-width: 375px) 100vw, 375px\" \/><\/a><\/p>\n<p style=\"text-align: right;\"><em>Guillaume Apollinaire. Alcools. 1913.<\/em><\/p>\n<p><strong>Du Bellay \u2013 Heureux qui comme Ulysse<\/strong><\/p>\n<p style=\"text-align: right;\"><em><a href=\"https:\/\/i0.wp.com\/lesgravereaux.marret.co\/wp-content\/uploads\/2022\/04\/HGG-Heureux-qui-comme-Ulysse-Du-Bellay_H150.jpg?ssl=1\"><img data-recalc-dims=\"1\" loading=\"lazy\" decoding=\"async\" data-attachment-id=\"22942\" data-permalink=\"https:\/\/lesgravereaux.marret.co\/index.php\/la-famille-gravereaux\/gerard-gravereaux\/les-poemes-illustres\/hgg-heureux-qui-comme-ulysse-du-bellay_h150\/\" data-orig-file=\"https:\/\/i0.wp.com\/lesgravereaux.marret.co\/wp-content\/uploads\/2022\/04\/HGG-Heureux-qui-comme-Ulysse-Du-Bellay_H150.jpg?fit=1500%2C2125&amp;ssl=1\" data-orig-size=\"1500,2125\" data-comments-opened=\"1\" data-image-meta=\"{&quot;aperture&quot;:&quot;0&quot;,&quot;credit&quot;:&quot;&quot;,&quot;camera&quot;:&quot;&quot;,&quot;caption&quot;:&quot;&quot;,&quot;created_timestamp&quot;:&quot;1649862655&quot;,&quot;copyright&quot;:&quot;&quot;,&quot;focal_length&quot;:&quot;0&quot;,&quot;iso&quot;:&quot;0&quot;,&quot;shutter_speed&quot;:&quot;0&quot;,&quot;title&quot;:&quot;&quot;,&quot;orientation&quot;:&quot;1&quot;}\" data-image-title=\"HGG Heureux qui comme Ulysse (Du Bellay)_H150\" data-image-description=\"\" data-image-caption=\"\" data-medium-file=\"https:\/\/i0.wp.com\/lesgravereaux.marret.co\/wp-content\/uploads\/2022\/04\/HGG-Heureux-qui-comme-Ulysse-Du-Bellay_H150.jpg?fit=212%2C300&amp;ssl=1\" data-large-file=\"https:\/\/i0.wp.com\/lesgravereaux.marret.co\/wp-content\/uploads\/2022\/04\/HGG-Heureux-qui-comme-Ulysse-Du-Bellay_H150.jpg?fit=640%2C906&amp;ssl=1\" class=\"wp-image-22942 aligncenter\" src=\"https:\/\/i0.wp.com\/lesgravereaux.marret.co\/wp-content\/uploads\/2022\/04\/HGG-Heureux-qui-comme-Ulysse-Du-Bellay_H150.jpg?resize=353%2C500&#038;ssl=1\" alt=\"\" width=\"353\" height=\"500\" data-wp-pid=\"22942\" srcset=\"https:\/\/i0.wp.com\/lesgravereaux.marret.co\/wp-content\/uploads\/2022\/04\/HGG-Heureux-qui-comme-Ulysse-Du-Bellay_H150.jpg?resize=212%2C300&amp;ssl=1 212w, https:\/\/i0.wp.com\/lesgravereaux.marret.co\/wp-content\/uploads\/2022\/04\/HGG-Heureux-qui-comme-Ulysse-Du-Bellay_H150.jpg?resize=723%2C1024&amp;ssl=1 723w, https:\/\/i0.wp.com\/lesgravereaux.marret.co\/wp-content\/uploads\/2022\/04\/HGG-Heureux-qui-comme-Ulysse-Du-Bellay_H150.jpg?resize=768%2C1088&amp;ssl=1 768w, https:\/\/i0.wp.com\/lesgravereaux.marret.co\/wp-content\/uploads\/2022\/04\/HGG-Heureux-qui-comme-Ulysse-Du-Bellay_H150.jpg?resize=1084%2C1536&amp;ssl=1 1084w, https:\/\/i0.wp.com\/lesgravereaux.marret.co\/wp-content\/uploads\/2022\/04\/HGG-Heureux-qui-comme-Ulysse-Du-Bellay_H150.jpg?resize=1446%2C2048&amp;ssl=1 1446w, https:\/\/i0.wp.com\/lesgravereaux.marret.co\/wp-content\/uploads\/2022\/04\/HGG-Heureux-qui-comme-Ulysse-Du-Bellay_H150.jpg?w=1500&amp;ssl=1 1500w, https:\/\/i0.wp.com\/lesgravereaux.marret.co\/wp-content\/uploads\/2022\/04\/HGG-Heureux-qui-comme-Ulysse-Du-Bellay_H150.jpg?w=1280&amp;ssl=1 1280w\" sizes=\"auto, (max-width: 353px) 100vw, 353px\" \/><\/a><\/em><em>Joachim Du Bellay. Regrets, Sonnet XXXI. 1558.<\/em><\/p>\n<p><strong>Musset \u2013 Le rideau de ma voisine<\/strong><\/p>\n<p style=\"text-align: right;\"><a href=\"https:\/\/i0.wp.com\/lesgravereaux.marret.co\/wp-content\/uploads\/2022\/04\/HGG-Le-rideau-de-ma-voisine-Musset-Geraldy-2_H150.jpg?ssl=1\"><img data-recalc-dims=\"1\" loading=\"lazy\" decoding=\"async\" data-attachment-id=\"22946\" data-permalink=\"https:\/\/lesgravereaux.marret.co\/index.php\/la-famille-gravereaux\/gerard-gravereaux\/les-poemes-illustres\/hgg-le-rideau-de-ma-voisine-musset-geraldy-2_h150\/\" data-orig-file=\"https:\/\/i0.wp.com\/lesgravereaux.marret.co\/wp-content\/uploads\/2022\/04\/HGG-Le-rideau-de-ma-voisine-Musset-Geraldy-2_H150.jpg?fit=1500%2C2218&amp;ssl=1\" data-orig-size=\"1500,2218\" data-comments-opened=\"1\" data-image-meta=\"{&quot;aperture&quot;:&quot;0&quot;,&quot;credit&quot;:&quot;&quot;,&quot;camera&quot;:&quot;&quot;,&quot;caption&quot;:&quot;&quot;,&quot;created_timestamp&quot;:&quot;0&quot;,&quot;copyright&quot;:&quot;&quot;,&quot;focal_length&quot;:&quot;0&quot;,&quot;iso&quot;:&quot;0&quot;,&quot;shutter_speed&quot;:&quot;0&quot;,&quot;title&quot;:&quot;&quot;,&quot;orientation&quot;:&quot;1&quot;}\" data-image-title=\"HGG Le rideau de ma voisine (Musset &amp;#8211; G\u00e9raldy) 2_H150\" data-image-description=\"\" data-image-caption=\"\" data-medium-file=\"https:\/\/i0.wp.com\/lesgravereaux.marret.co\/wp-content\/uploads\/2022\/04\/HGG-Le-rideau-de-ma-voisine-Musset-Geraldy-2_H150.jpg?fit=203%2C300&amp;ssl=1\" data-large-file=\"https:\/\/i0.wp.com\/lesgravereaux.marret.co\/wp-content\/uploads\/2022\/04\/HGG-Le-rideau-de-ma-voisine-Musset-Geraldy-2_H150.jpg?fit=640%2C946&amp;ssl=1\" class=\"wp-image-22946 aligncenter\" src=\"https:\/\/i0.wp.com\/lesgravereaux.marret.co\/wp-content\/uploads\/2022\/04\/HGG-Le-rideau-de-ma-voisine-Musset-Geraldy-2_H150.jpg?resize=337%2C498&#038;ssl=1\" alt=\"\" width=\"337\" height=\"498\" data-wp-pid=\"22946\" srcset=\"https:\/\/i0.wp.com\/lesgravereaux.marret.co\/wp-content\/uploads\/2022\/04\/HGG-Le-rideau-de-ma-voisine-Musset-Geraldy-2_H150.jpg?resize=203%2C300&amp;ssl=1 203w, https:\/\/i0.wp.com\/lesgravereaux.marret.co\/wp-content\/uploads\/2022\/04\/HGG-Le-rideau-de-ma-voisine-Musset-Geraldy-2_H150.jpg?resize=693%2C1024&amp;ssl=1 693w, https:\/\/i0.wp.com\/lesgravereaux.marret.co\/wp-content\/uploads\/2022\/04\/HGG-Le-rideau-de-ma-voisine-Musset-Geraldy-2_H150.jpg?resize=768%2C1136&amp;ssl=1 768w, https:\/\/i0.wp.com\/lesgravereaux.marret.co\/wp-content\/uploads\/2022\/04\/HGG-Le-rideau-de-ma-voisine-Musset-Geraldy-2_H150.jpg?resize=1039%2C1536&amp;ssl=1 1039w, https:\/\/i0.wp.com\/lesgravereaux.marret.co\/wp-content\/uploads\/2022\/04\/HGG-Le-rideau-de-ma-voisine-Musset-Geraldy-2_H150.jpg?resize=1385%2C2048&amp;ssl=1 1385w, https:\/\/i0.wp.com\/lesgravereaux.marret.co\/wp-content\/uploads\/2022\/04\/HGG-Le-rideau-de-ma-voisine-Musset-Geraldy-2_H150.jpg?w=1500&amp;ssl=1 1500w, https:\/\/i0.wp.com\/lesgravereaux.marret.co\/wp-content\/uploads\/2022\/04\/HGG-Le-rideau-de-ma-voisine-Musset-Geraldy-2_H150.jpg?w=1280&amp;ssl=1 1280w\" sizes=\"auto, (max-width: 337px) 100vw, 337px\" \/><\/a><em>Alfred de Musset. Po\u00e9sies nouvelles. 1850.<\/em><\/p>\n<p>Henry-G\u00e9rard Gravereaux attribue le po\u00e8me \u00e0 Paul G\u00e9raldy. En fait, Just Geraldy (1808-1869) a compos\u00e9 une musique sur le po\u00e8me <em>La Chanson de Fortunio<\/em>, \u00e9crit par Alfred de Musset, et publi\u00e9 dans le m\u00eame recueil, <em>Po\u00e9sies nouvelles<\/em>.<\/p>\n<p><strong>Verlaine \u2013 Cort\u00e8ge<\/strong><\/p>\n<p style=\"text-align: right;\"><a href=\"https:\/\/i0.wp.com\/lesgravereaux.marret.co\/wp-content\/uploads\/2022\/04\/HGG-Cortege-Verlaine-1_H150.jpg?ssl=1\"><img data-recalc-dims=\"1\" loading=\"lazy\" decoding=\"async\" data-attachment-id=\"22940\" data-permalink=\"https:\/\/lesgravereaux.marret.co\/index.php\/la-famille-gravereaux\/gerard-gravereaux\/les-poemes-illustres\/hgg-cortege-verlaine-1_h150\/\" data-orig-file=\"https:\/\/i0.wp.com\/lesgravereaux.marret.co\/wp-content\/uploads\/2022\/04\/HGG-Cortege-Verlaine-1_H150.jpg?fit=1500%2C2193&amp;ssl=1\" data-orig-size=\"1500,2193\" data-comments-opened=\"1\" data-image-meta=\"{&quot;aperture&quot;:&quot;0&quot;,&quot;credit&quot;:&quot;&quot;,&quot;camera&quot;:&quot;&quot;,&quot;caption&quot;:&quot;&quot;,&quot;created_timestamp&quot;:&quot;0&quot;,&quot;copyright&quot;:&quot;&quot;,&quot;focal_length&quot;:&quot;0&quot;,&quot;iso&quot;:&quot;0&quot;,&quot;shutter_speed&quot;:&quot;0&quot;,&quot;title&quot;:&quot;&quot;,&quot;orientation&quot;:&quot;1&quot;}\" data-image-title=\"HGG &amp;#8211; Cort\u00e8ge (Verlaine) 1_H150\" data-image-description=\"\" data-image-caption=\"\" data-medium-file=\"https:\/\/i0.wp.com\/lesgravereaux.marret.co\/wp-content\/uploads\/2022\/04\/HGG-Cortege-Verlaine-1_H150.jpg?fit=205%2C300&amp;ssl=1\" data-large-file=\"https:\/\/i0.wp.com\/lesgravereaux.marret.co\/wp-content\/uploads\/2022\/04\/HGG-Cortege-Verlaine-1_H150.jpg?fit=640%2C936&amp;ssl=1\" class=\"wp-image-22940 aligncenter\" src=\"https:\/\/i0.wp.com\/lesgravereaux.marret.co\/wp-content\/uploads\/2022\/04\/HGG-Cortege-Verlaine-1_H150.jpg?resize=388%2C568&#038;ssl=1\" alt=\"\" width=\"388\" height=\"568\" data-wp-pid=\"22940\" srcset=\"https:\/\/i0.wp.com\/lesgravereaux.marret.co\/wp-content\/uploads\/2022\/04\/HGG-Cortege-Verlaine-1_H150.jpg?resize=205%2C300&amp;ssl=1 205w, https:\/\/i0.wp.com\/lesgravereaux.marret.co\/wp-content\/uploads\/2022\/04\/HGG-Cortege-Verlaine-1_H150.jpg?resize=700%2C1024&amp;ssl=1 700w, https:\/\/i0.wp.com\/lesgravereaux.marret.co\/wp-content\/uploads\/2022\/04\/HGG-Cortege-Verlaine-1_H150.jpg?resize=768%2C1123&amp;ssl=1 768w, https:\/\/i0.wp.com\/lesgravereaux.marret.co\/wp-content\/uploads\/2022\/04\/HGG-Cortege-Verlaine-1_H150.jpg?resize=1051%2C1536&amp;ssl=1 1051w, https:\/\/i0.wp.com\/lesgravereaux.marret.co\/wp-content\/uploads\/2022\/04\/HGG-Cortege-Verlaine-1_H150.jpg?resize=1401%2C2048&amp;ssl=1 1401w, https:\/\/i0.wp.com\/lesgravereaux.marret.co\/wp-content\/uploads\/2022\/04\/HGG-Cortege-Verlaine-1_H150.jpg?w=1500&amp;ssl=1 1500w, https:\/\/i0.wp.com\/lesgravereaux.marret.co\/wp-content\/uploads\/2022\/04\/HGG-Cortege-Verlaine-1_H150.jpg?w=1280&amp;ssl=1 1280w\" sizes=\"auto, (max-width: 388px) 100vw, 388px\" \/><\/a><a href=\"https:\/\/i0.wp.com\/lesgravereaux.marret.co\/wp-content\/uploads\/2022\/04\/HGG-Cortege-Verlaine-2_H150.jpg?ssl=1\"><img data-recalc-dims=\"1\" loading=\"lazy\" decoding=\"async\" data-attachment-id=\"22941\" data-permalink=\"https:\/\/lesgravereaux.marret.co\/index.php\/la-famille-gravereaux\/gerard-gravereaux\/les-poemes-illustres\/hgg-cortege-verlaine-2_h150\/\" data-orig-file=\"https:\/\/i0.wp.com\/lesgravereaux.marret.co\/wp-content\/uploads\/2022\/04\/HGG-Cortege-Verlaine-2_H150.jpg?fit=1500%2C1920&amp;ssl=1\" data-orig-size=\"1500,1920\" data-comments-opened=\"1\" data-image-meta=\"{&quot;aperture&quot;:&quot;0&quot;,&quot;credit&quot;:&quot;&quot;,&quot;camera&quot;:&quot;&quot;,&quot;caption&quot;:&quot;&quot;,&quot;created_timestamp&quot;:&quot;0&quot;,&quot;copyright&quot;:&quot;&quot;,&quot;focal_length&quot;:&quot;0&quot;,&quot;iso&quot;:&quot;0&quot;,&quot;shutter_speed&quot;:&quot;0&quot;,&quot;title&quot;:&quot;&quot;,&quot;orientation&quot;:&quot;1&quot;}\" data-image-title=\"HGG &amp;#8211; Cort\u00e8ge (Verlaine) 2_H150\" data-image-description=\"\" data-image-caption=\"\" data-medium-file=\"https:\/\/i0.wp.com\/lesgravereaux.marret.co\/wp-content\/uploads\/2022\/04\/HGG-Cortege-Verlaine-2_H150.jpg?fit=234%2C300&amp;ssl=1\" data-large-file=\"https:\/\/i0.wp.com\/lesgravereaux.marret.co\/wp-content\/uploads\/2022\/04\/HGG-Cortege-Verlaine-2_H150.jpg?fit=640%2C819&amp;ssl=1\" class=\"wp-image-22941 aligncenter\" src=\"https:\/\/i0.wp.com\/lesgravereaux.marret.co\/wp-content\/uploads\/2022\/04\/HGG-Cortege-Verlaine-2_H150.jpg?resize=389%2C499&#038;ssl=1\" alt=\"\" width=\"389\" height=\"499\" data-wp-pid=\"22941\" srcset=\"https:\/\/i0.wp.com\/lesgravereaux.marret.co\/wp-content\/uploads\/2022\/04\/HGG-Cortege-Verlaine-2_H150.jpg?resize=234%2C300&amp;ssl=1 234w, https:\/\/i0.wp.com\/lesgravereaux.marret.co\/wp-content\/uploads\/2022\/04\/HGG-Cortege-Verlaine-2_H150.jpg?resize=800%2C1024&amp;ssl=1 800w, https:\/\/i0.wp.com\/lesgravereaux.marret.co\/wp-content\/uploads\/2022\/04\/HGG-Cortege-Verlaine-2_H150.jpg?resize=768%2C983&amp;ssl=1 768w, https:\/\/i0.wp.com\/lesgravereaux.marret.co\/wp-content\/uploads\/2022\/04\/HGG-Cortege-Verlaine-2_H150.jpg?resize=1200%2C1536&amp;ssl=1 1200w, https:\/\/i0.wp.com\/lesgravereaux.marret.co\/wp-content\/uploads\/2022\/04\/HGG-Cortege-Verlaine-2_H150.jpg?w=1500&amp;ssl=1 1500w, https:\/\/i0.wp.com\/lesgravereaux.marret.co\/wp-content\/uploads\/2022\/04\/HGG-Cortege-Verlaine-2_H150.jpg?w=1280&amp;ssl=1 1280w\" sizes=\"auto, (max-width: 389px) 100vw, 389px\" \/><\/a><em>Paul Verlaine. F\u00eates galantes. 1869.<\/em><\/p>\n<p><strong>Verlaine \u2013 Pantomime<\/strong><\/p>\n<p style=\"text-align: right;\"><a href=\"https:\/\/i0.wp.com\/lesgravereaux.marret.co\/wp-content\/uploads\/2022\/04\/HGG-Pantomine-Verlaine_H150.jpg?ssl=1\"><img data-recalc-dims=\"1\" loading=\"lazy\" decoding=\"async\" data-attachment-id=\"22947\" data-permalink=\"https:\/\/lesgravereaux.marret.co\/index.php\/la-famille-gravereaux\/gerard-gravereaux\/les-poemes-illustres\/hgg-pantomine-verlaine_h150\/\" data-orig-file=\"https:\/\/i0.wp.com\/lesgravereaux.marret.co\/wp-content\/uploads\/2022\/04\/HGG-Pantomine-Verlaine_H150.jpg?fit=1500%2C2000&amp;ssl=1\" data-orig-size=\"1500,2000\" data-comments-opened=\"1\" data-image-meta=\"{&quot;aperture&quot;:&quot;0&quot;,&quot;credit&quot;:&quot;&quot;,&quot;camera&quot;:&quot;&quot;,&quot;caption&quot;:&quot;&quot;,&quot;created_timestamp&quot;:&quot;1649862701&quot;,&quot;copyright&quot;:&quot;&quot;,&quot;focal_length&quot;:&quot;0&quot;,&quot;iso&quot;:&quot;0&quot;,&quot;shutter_speed&quot;:&quot;0&quot;,&quot;title&quot;:&quot;&quot;,&quot;orientation&quot;:&quot;1&quot;}\" data-image-title=\"HGG Pantomine (Verlaine)_H150\" data-image-description=\"\" data-image-caption=\"\" data-medium-file=\"https:\/\/i0.wp.com\/lesgravereaux.marret.co\/wp-content\/uploads\/2022\/04\/HGG-Pantomine-Verlaine_H150.jpg?fit=225%2C300&amp;ssl=1\" data-large-file=\"https:\/\/i0.wp.com\/lesgravereaux.marret.co\/wp-content\/uploads\/2022\/04\/HGG-Pantomine-Verlaine_H150.jpg?fit=640%2C853&amp;ssl=1\" class=\"wp-image-22947 aligncenter\" src=\"https:\/\/i0.wp.com\/lesgravereaux.marret.co\/wp-content\/uploads\/2022\/04\/HGG-Pantomine-Verlaine_H150.jpg?resize=375%2C500&#038;ssl=1\" alt=\"\" width=\"375\" height=\"500\" data-wp-pid=\"22947\" srcset=\"https:\/\/i0.wp.com\/lesgravereaux.marret.co\/wp-content\/uploads\/2022\/04\/HGG-Pantomine-Verlaine_H150.jpg?resize=225%2C300&amp;ssl=1 225w, https:\/\/i0.wp.com\/lesgravereaux.marret.co\/wp-content\/uploads\/2022\/04\/HGG-Pantomine-Verlaine_H150.jpg?resize=768%2C1024&amp;ssl=1 768w, https:\/\/i0.wp.com\/lesgravereaux.marret.co\/wp-content\/uploads\/2022\/04\/HGG-Pantomine-Verlaine_H150.jpg?resize=1152%2C1536&amp;ssl=1 1152w, https:\/\/i0.wp.com\/lesgravereaux.marret.co\/wp-content\/uploads\/2022\/04\/HGG-Pantomine-Verlaine_H150.jpg?w=1500&amp;ssl=1 1500w, https:\/\/i0.wp.com\/lesgravereaux.marret.co\/wp-content\/uploads\/2022\/04\/HGG-Pantomine-Verlaine_H150.jpg?w=1280&amp;ssl=1 1280w\" sizes=\"auto, (max-width: 375px) 100vw, 375px\" \/><\/a><em>Paul Verlaine. F\u00eates galantes. 1869.<\/em><\/p>\n","protected":false},"excerpt":{"rendered":"<p>Henry-G\u00e9rard Gravereaux a r\u00e9alis\u00e9 diverses \u00e9tudes \u00e0 la mine de plomb, dont la majorit\u00e9 portant sur des nus, ainsi que de nombreuses peintures. Mais il a \u00e9galement effectu\u00e9, pour le plaisir, de petits dessins pour illustrer des menus lors de &hellip; <a href=\"https:\/\/lesgravereaux.marret.co\/index.php\/la-famille-gravereaux\/gerard-gravereaux\/les-poemes-illustres\/\">Continuer la lecture <span class=\"meta-nav\">&rarr;<\/span><\/a><\/p>\n","protected":false},"author":1,"featured_media":0,"parent":1159,"menu_order":0,"comment_status":"closed","ping_status":"closed","template":"","meta":{"ngg_post_thumbnail":0,"jetpack_post_was_ever_published":false,"footnotes":""},"class_list":["post-22928","page","type-page","status-publish","hentry"],"jetpack_sharing_enabled":true,"jetpack_shortlink":"https:\/\/wp.me\/P7ERyi-5XO","jetpack-related-posts":[{"id":1595,"url":"https:\/\/lesgravereaux.marret.co\/index.php\/571-2\/17-juin-1906-la-fete-des-rosati\/","url_meta":{"origin":22928,"position":0},"title":"17 juin 1906 &#8211; La f\u00eate des Rosati","author":"marretgravereaux","date":"20 avril 2016","format":false,"excerpt":"En 1905, Jules Gravereaux rencontre les Rosati et se lie d\u2019amiti\u00e9 avec eux. Comme ceux-ci ne disposent pas de lieu de repr\u00e9sentation, il d\u00e9cide de faire construire un th\u00e9\u00e2tre de verdure dans la roseraie et de l\u2019inaugurer lors de leur f\u00eate annuelle. Le 17 juin 1906, les Rosati se retrouvent\u2026","rel":"","context":"Article similaire","block_context":{"text":"Article similaire","link":""},"img":{"alt_text":"Java Printing","src":"https:\/\/i0.wp.com\/lesgravereaux.marret.co\/wp-content\/uploads\/2016\/04\/1906-06-16-Le-Petit-Parisien_wp.jpg?resize=350%2C200","width":350,"height":200},"classes":[]},{"id":2108,"url":"https:\/\/lesgravereaux.marret.co\/index.php\/la-famille-gravereaux\/1983-la-famille-gravereaux-h-ballu\/","url_meta":{"origin":22928,"position":1},"title":"1983 &#8211; La famille Gravereaux  (H. Ballu)","author":"marretgravereaux","date":"1 mai 2016","format":false,"excerpt":"La famille de Jules Gravereaux et Laure Thuillier\u00a0en 1983 \u00a0 En 1983, H\u00e9l\u00e8ne Ballu fait \u00e9diter, \u00e0 compte d'auteur, une brochure sur la famille Gravereaux qu'elle distribue \u00e0 tous les descendants de Jules Gravereaux ainsi qu'\u00e0 quelques collat\u00e9raux.\u00a0Henri Gravereaux - son oncle -\u00a0avait r\u00e9dig\u00e9 des notes g\u00e9n\u00e9alogiques en 1943; H\u00e9l\u00e8ne\u2026","rel":"","context":"Article similaire","block_context":{"text":"Article similaire","link":""},"img":{"alt_text":"1983 Ballu, H\u00e9l\u00e8ne - Brochure c0","src":"https:\/\/i0.wp.com\/lesgravereaux.marret.co\/wp-content\/uploads\/2016\/05\/1983-Ballu-H%C3%A9l%C3%A8ne-Brochure-c0.jpg?resize=350%2C200","width":350,"height":200},"classes":[]},{"id":2693,"url":"https:\/\/lesgravereaux.marret.co\/index.php\/les-etablissements-gravereaux\/les-produits-des-etablissements-gravereaux\/les-cols-triplefil\/","url_meta":{"origin":22928,"position":2},"title":"Les cols Triplefil","author":"marretgravereaux","date":"16 mai 2016","format":false,"excerpt":"D\u00e8s le d\u00e9but de son existence, la Maison Gravereaux\u00a0attribue un nom \u00e0 ses produits; c\u2019est ainsi que l\u2019on trouve, dans son premier catalogue publi\u00e9 en\u00a01910, un faux-col dur Ren\u00e9, des manchettes Alvarez, un faux-col mou Match, un faux-col pour femme Josette, un faux-col pour enfant G\u00e9rard ou un plastron Marchand\u2026\u2026","rel":"","context":"Article similaire","block_context":{"text":"Article similaire","link":""},"img":{"alt_text":"1910 EtsGr - Cat p11a_wp","src":"https:\/\/i0.wp.com\/lesgravereaux.marret.co\/wp-content\/uploads\/2016\/05\/1910-EtsGr-Cat-p11a_wp.jpg?resize=350%2C200","width":350,"height":200},"classes":[]},{"id":615,"url":"https:\/\/lesgravereaux.marret.co\/index.php\/les-etablissements-gravereaux\/","url_meta":{"origin":22928,"position":3},"title":"Les \u00c9tablissements Gravereaux","author":"marretgravereaux","date":"7 mars 2016","format":false,"excerpt":"\u00a0 La \u00ab\u00a0Maison Gravereaux\u00a0\u00bb na\u00eet en 1910 alors que Ren\u00e9 Gravereaux s\u2019associe \u00e0 un fabricant de faux cols; la nouvelle soci\u00e9t\u00e9 a pour objet \u00ab\u00a0la fabrication et le commerce de faux cols, manchettes et autres articles similaires et le blanchissage sp\u00e9cial \u00e0 neuf\u00a0\u00bb. Au cours de la Premi\u00e8re Guerre mondiale,\u2026","rel":"","context":"Article similaire","block_context":{"text":"Article similaire","link":""},"img":{"alt_text":"1910 EtsGr - Cat c1a_wp","src":"https:\/\/i0.wp.com\/marret.co\/wp-content\/uploads\/2016\/03\/1910-EtsGr-Cat-c1a_wp-1-1024x729.jpg?resize=350%2C200","width":350,"height":200},"classes":[]},{"id":2922,"url":"https:\/\/lesgravereaux.marret.co\/index.php\/les-etablissements-gravereaux\/les-produits-des-etablissements-gravereaux\/babyfil\/babyfil-a-cholet\/","url_meta":{"origin":22928,"position":4},"title":"Babyfil&#8230; \u00e0 Cholet","author":"marretgravereaux","date":"21 mai 2016","format":false,"excerpt":"Le Mus\u00e9e du Textile de Cholet tenait, du 3\u00a0d\u00e9cembre 2011 au 18 mars 2012, une exposition sur la mode enfantine sous le th\u00e8me \u00ab\u00a0\u00c0 fleur de peau\u00a0\u00bb. \u00c0 cette occasion et en collaboration avec le Mus\u00e9e de la Chemiserie et de l'\u00c9l\u00e9gance masculine d\u2019Argenton-sur-Creuse, il pr\u00e9sentait quelques produits et documents\u2026","rel":"","context":"Article similaire","block_context":{"text":"Article similaire","link":""},"img":{"alt_text":"\u00c0 fleur de peau - carte exposition_wp","src":"https:\/\/i0.wp.com\/lesgravereaux.marret.co\/wp-content\/uploads\/2016\/05\/%C3%80-fleur-de-peau-carte-exposition_wp.jpg?resize=350%2C200","width":350,"height":200},"classes":[]},{"id":4386,"url":"https:\/\/lesgravereaux.marret.co\/index.php\/le-musee-de-la-chemiserie-et-de-lelegance-masculine\/a-lorigine-du-musee\/","url_meta":{"origin":22928,"position":5},"title":"\u00c0 l&rsquo;origine du Mus\u00e9e&#8230;","author":"marretgravereaux","date":"8 juillet 2016","format":false,"excerpt":"Transcription d'une partie du catalogue de\u00a0l'exposition \u00ab Histoires d'hommes \u00bb tenue en 2013. (Avec l'autorisation du Mus\u00e9e) Le mus\u00e9e a aujourd'hui 20 ans puisqu'il s'est ouvert au public en 1993. Mais en fait, son origine remonte au d\u00e9but des ann\u00e9es 1980 quand Jean-Ren\u00e9 et Solange Gravereaux eurent l'id\u00e9e de cr\u00e9er\u2026","rel":"","context":"Article similaire","block_context":{"text":"Article similaire","link":""},"img":{"alt_text":"MdlC (2011-09_009)_wp","src":"https:\/\/i0.wp.com\/lesgravereaux.marret.co\/wp-content\/uploads\/2016\/07\/MdlC-2011-09_009_wp.jpg?resize=350%2C200","width":350,"height":200},"classes":[]}],"_links":{"self":[{"href":"https:\/\/lesgravereaux.marret.co\/index.php\/wp-json\/wp\/v2\/pages\/22928","targetHints":{"allow":["GET"]}}],"collection":[{"href":"https:\/\/lesgravereaux.marret.co\/index.php\/wp-json\/wp\/v2\/pages"}],"about":[{"href":"https:\/\/lesgravereaux.marret.co\/index.php\/wp-json\/wp\/v2\/types\/page"}],"author":[{"embeddable":true,"href":"https:\/\/lesgravereaux.marret.co\/index.php\/wp-json\/wp\/v2\/users\/1"}],"replies":[{"embeddable":true,"href":"https:\/\/lesgravereaux.marret.co\/index.php\/wp-json\/wp\/v2\/comments?post=22928"}],"version-history":[{"count":7,"href":"https:\/\/lesgravereaux.marret.co\/index.php\/wp-json\/wp\/v2\/pages\/22928\/revisions"}],"predecessor-version":[{"id":22951,"href":"https:\/\/lesgravereaux.marret.co\/index.php\/wp-json\/wp\/v2\/pages\/22928\/revisions\/22951"}],"up":[{"embeddable":true,"href":"https:\/\/lesgravereaux.marret.co\/index.php\/wp-json\/wp\/v2\/pages\/1159"}],"wp:attachment":[{"href":"https:\/\/lesgravereaux.marret.co\/index.php\/wp-json\/wp\/v2\/media?parent=22928"}],"curies":[{"name":"wp","href":"https:\/\/api.w.org\/{rel}","templated":true}]}}