{"id":2240,"date":"2016-05-06T04:20:51","date_gmt":"2016-05-06T03:20:51","guid":{"rendered":"http:\/\/lesgravereaux.marret.co\/?page_id=2240"},"modified":"2016-06-12T16:01:04","modified_gmt":"2016-06-12T15:01:04","slug":"jean-claude-pascal-au-cinema","status":"publish","type":"page","link":"https:\/\/lesgravereaux.marret.co\/index.php\/jean-claude-pascal\/jean-claude-pascal-au-cinema\/","title":{"rendered":"Jean-Claude Pascal au cin\u00e9ma"},"content":{"rendered":"<p><a href=\"https:\/\/i0.wp.com\/lesgravereaux.marret.co\/wp-content\/uploads\/2016\/05\/Le-rendez-vous-26_wp.jpg?ssl=1\"><img data-recalc-dims=\"1\" loading=\"lazy\" decoding=\"async\" data-attachment-id=\"2245\" data-permalink=\"https:\/\/lesgravereaux.marret.co\/index.php\/jean-claude-pascal\/jean-claude-pascal-au-cinema\/le-rendez-vous-26_wp\/\" data-orig-file=\"https:\/\/i0.wp.com\/lesgravereaux.marret.co\/wp-content\/uploads\/2016\/05\/Le-rendez-vous-26_wp.jpg?fit=1035%2C1575&amp;ssl=1\" data-orig-size=\"1035,1575\" data-comments-opened=\"1\" data-image-meta=\"{&quot;aperture&quot;:&quot;0&quot;,&quot;credit&quot;:&quot;&quot;,&quot;camera&quot;:&quot;Nikon SUPER COOLSCAN 5000 ED&quot;,&quot;caption&quot;:&quot;&quot;,&quot;created_timestamp&quot;:&quot;0&quot;,&quot;copyright&quot;:&quot;&quot;,&quot;focal_length&quot;:&quot;0&quot;,&quot;iso&quot;:&quot;0&quot;,&quot;shutter_speed&quot;:&quot;0&quot;,&quot;title&quot;:&quot;&quot;,&quot;orientation&quot;:&quot;1&quot;}\" data-image-title=\"Le rendez-vous 26_wp\" data-image-description=\"\" data-image-caption=\"\" data-medium-file=\"https:\/\/i0.wp.com\/lesgravereaux.marret.co\/wp-content\/uploads\/2016\/05\/Le-rendez-vous-26_wp.jpg?fit=197%2C300&amp;ssl=1\" data-large-file=\"https:\/\/i0.wp.com\/lesgravereaux.marret.co\/wp-content\/uploads\/2016\/05\/Le-rendez-vous-26_wp.jpg?fit=640%2C974&amp;ssl=1\" class=\"wp-image-2245 alignleft\" src=\"https:\/\/i0.wp.com\/lesgravereaux.marret.co\/wp-content\/uploads\/2016\/05\/Le-rendez-vous-26_wp.jpg?resize=119%2C181&#038;ssl=1\" alt=\"Le rendez-vous 26_wp\" width=\"119\" height=\"181\" data-wp-pid=\"2245\" srcset=\"https:\/\/i0.wp.com\/lesgravereaux.marret.co\/wp-content\/uploads\/2016\/05\/Le-rendez-vous-26_wp.jpg?resize=673%2C1024&amp;ssl=1 673w, https:\/\/i0.wp.com\/lesgravereaux.marret.co\/wp-content\/uploads\/2016\/05\/Le-rendez-vous-26_wp.jpg?resize=197%2C300&amp;ssl=1 197w, https:\/\/i0.wp.com\/lesgravereaux.marret.co\/wp-content\/uploads\/2016\/05\/Le-rendez-vous-26_wp.jpg?resize=768%2C1169&amp;ssl=1 768w, https:\/\/i0.wp.com\/lesgravereaux.marret.co\/wp-content\/uploads\/2016\/05\/Le-rendez-vous-26_wp.jpg?resize=789%2C1200&amp;ssl=1 789w, https:\/\/i0.wp.com\/lesgravereaux.marret.co\/wp-content\/uploads\/2016\/05\/Le-rendez-vous-26_wp.jpg?resize=394%2C600&amp;ssl=1 394w, https:\/\/i0.wp.com\/lesgravereaux.marret.co\/wp-content\/uploads\/2016\/05\/Le-rendez-vous-26_wp.jpg?w=1035&amp;ssl=1 1035w\" sizes=\"auto, (max-width: 119px) 100vw, 119px\" \/><\/a>Au cours de sa carri\u00e8re d\u2019acteur, Jean-Claude Pascal a jou\u00e9 dans une quarantaine de films. Comme il \u2019appara\u00eet pas au g\u00e9n\u00e9rique de certains d\u2019entre eux et que l\u2019un est rest\u00e9 inachev\u00e9, la liste officielle n\u2019en comporterait que trente-cinq.<\/p>\n<p>Il a \u00e9galement tourn\u00e9 pour la t\u00e9l\u00e9vision dans treize films, mini-s\u00e9ries ou s\u00e9ries.<\/p>\n<table width=\"910\">\n<tbody>\n<tr>\n<td width=\"62\"><em>Ann\u00e9e<\/em><\/td>\n<td width=\"370\"><em>Titre du film<\/em><\/td>\n<td width=\"478\"><em>R\u00f4le<\/em><\/td>\n<\/tr>\n<tr>\n<td width=\"62\">1949<\/td>\n<td width=\"370\">Le jugement de Dieu<\/td>\n<td width=\"478\">Le prince Albert de Bavi\u00e8re<\/td>\n<\/tr>\n<tr>\n<td width=\"62\">1951<\/td>\n<td width=\"370\">Les Mousquetaires du roi *<\/td>\n<td width=\"478\"><\/td>\n<\/tr>\n<tr>\n<td width=\"62\">1951<\/td>\n<td width=\"370\">Quatre roses rouges<\/td>\n<td width=\"478\">Pietro Leandri<\/td>\n<\/tr>\n<tr>\n<td width=\"62\">1951<\/td>\n<td width=\"370\">Un grand patron<\/td>\n<td width=\"478\">Marcillac<\/td>\n<\/tr>\n<tr>\n<td width=\"62\">1952<\/td>\n<td width=\"370\">Ils \u00e9taient cinq<\/td>\n<td width=\"478\">Philippe<\/td>\n<\/tr>\n<tr>\n<td width=\"62\">1952<\/td>\n<td width=\"370\">La For\u00eat de l&rsquo;adieu<\/td>\n<td width=\"478\">Jean-Pierre<\/td>\n<\/tr>\n<tr>\n<td width=\"62\">1952<\/td>\n<td width=\"370\">Le plus heureux des hommes<\/td>\n<td width=\"478\">Michel Brissac<\/td>\n<\/tr>\n<tr>\n<td width=\"62\">1952<\/td>\n<td width=\"370\">Le rideau cramoisi<\/td>\n<td width=\"478\">L&rsquo;officier<\/td>\n<\/tr>\n<tr>\n<td width=\"62\">1952<\/td>\n<td width=\"370\">Un caprice de Caroline ch\u00e9rie<\/td>\n<td width=\"478\">Livio<\/td>\n<\/tr>\n<tr>\n<td width=\"62\">1953<\/td>\n<td width=\"370\">Alerte au Sud<\/td>\n<td width=\"478\">Jean Pasqier<\/td>\n<\/tr>\n<tr>\n<td width=\"62\">1953<\/td>\n<td width=\"370\">C\u0153ur frivole<br \/>\nou la grande com\u00e9die **<\/td>\n<td width=\"478\"><\/td>\n<\/tr>\n<tr>\n<td width=\"62\">1953<\/td>\n<td width=\"370\">La Rage au corps<\/td>\n<td width=\"478\">Gino<\/td>\n<\/tr>\n<tr>\n<td width=\"62\">1953<\/td>\n<td width=\"370\">Le Chevalier de la nuit<\/td>\n<td width=\"478\">Georges de S\u00e9gar \/ L&rsquo;inconnu<\/td>\n<\/tr>\n<tr>\n<td width=\"62\">1953<\/td>\n<td width=\"370\">Le Grand Jeu<\/td>\n<td width=\"478\">Pierre Martel<\/td>\n<\/tr>\n<tr>\n<td width=\"62\">1953<\/td>\n<td width=\"370\">Les Enfants de l&rsquo;amour<\/td>\n<td width=\"478\">Le docteur Baurain<\/td>\n<\/tr>\n<tr>\n<td width=\"62\">1953<\/td>\n<td width=\"370\">Si Versailles m&rsquo;\u00e9tait cont\u00e9<\/td>\n<td width=\"478\">Axel de Fersen<\/td>\n<\/tr>\n<tr>\n<td width=\"62\">1954<\/td>\n<td width=\"370\">Le Fils de Caroline ch\u00e9rie<\/td>\n<td width=\"478\">Juan d&rsquo;Aranda \/ de Sallanches<\/td>\n<\/tr>\n<tr>\n<td width=\"62\">1954<\/td>\n<td width=\"370\">Les Trois Voleurs<\/td>\n<td width=\"478\">Gastone Cascarilla<\/td>\n<\/tr>\n<tr>\n<td width=\"62\">1954<\/td>\n<td width=\"370\">Napol\u00e9on ***<\/td>\n<td width=\"478\"><strong>???<\/strong><\/td>\n<\/tr>\n<tr>\n<td width=\"62\">1955<\/td>\n<td width=\"370\">Les Mauvaises Rencontres<\/td>\n<td width=\"478\">Blaise Walter<\/td>\n<\/tr>\n<tr>\n<td width=\"62\">1955<\/td>\n<td width=\"370\">Milord l&rsquo;arsouille<\/td>\n<td width=\"478\">Lord Henry de Seymour<br \/>\ndit Milord l&rsquo;Arsouille<\/td>\n<\/tr>\n<tr>\n<td width=\"62\">1956<\/td>\n<td width=\"370\">La Ch\u00e2telaine du Liban<\/td>\n<td width=\"478\">Jean Dom\u00e8vre<\/td>\n<\/tr>\n<tr>\n<td width=\"62\">1956<\/td>\n<td width=\"370\">Le Salaire du p\u00e9ch\u00e9<\/td>\n<td width=\"478\">Jean de Charvin<\/td>\n<\/tr>\n<tr>\n<td width=\"62\">1957<\/td>\n<td width=\"370\">Les Lavandi\u00e8res du Portugal<\/td>\n<td width=\"478\">Jean-Fran\u00e7ois Aubray<\/td>\n<\/tr>\n<tr>\n<td width=\"62\">1958<\/td>\n<td width=\"370\">Guinguette<\/td>\n<td width=\"478\">Marco<\/td>\n<\/tr>\n<tr>\n<td width=\"62\">1958<\/td>\n<td width=\"370\">Le Fric<\/td>\n<td width=\"478\">Jacques Moulin<\/td>\n<\/tr>\n<tr>\n<td width=\"62\">1958<\/td>\n<td width=\"370\">P\u00eacheur d&rsquo;Islande<\/td>\n<td width=\"478\">Guillaume Floury dit &lsquo;Yan&rsquo;<\/td>\n<\/tr>\n<tr>\n<td width=\"62\">1959<\/td>\n<td width=\"370\">La Belle et l&rsquo;Empereur<br \/>\nou La belle menteuse<\/td>\n<td width=\"478\">Tsar Alexandre 1er<\/td>\n<\/tr>\n<tr>\n<td width=\"62\">1959<\/td>\n<td width=\"370\">Les Arrivistes<br \/>\nou La Rabouilleuse<\/td>\n<td width=\"478\">Philippe Brideau<\/td>\n<\/tr>\n<tr>\n<td width=\"62\">1959<\/td>\n<td width=\"370\">L&rsquo;Homme de la fronti\u00e8re<\/td>\n<td width=\"478\">Javier<\/td>\n<\/tr>\n<tr>\n<td width=\"62\">1959<\/td>\n<td width=\"370\">Pr\u00e9m\u00e9ditation<\/td>\n<td width=\"478\">Bernard Sommet<\/td>\n<\/tr>\n<tr>\n<td width=\"62\">1961<\/td>\n<td width=\"370\">Indomptable Ang\u00e9lique ***<\/td>\n<td width=\"478\"><\/td>\n<\/tr>\n<tr>\n<td width=\"62\">1961<\/td>\n<td width=\"370\">Le rendez-vous<\/td>\n<td width=\"478\">Pierre Larivi\u00e8re<\/td>\n<\/tr>\n<tr>\n<td width=\"62\">1962<\/td>\n<td width=\"370\">La Salamandre d&rsquo;or<\/td>\n<td width=\"478\">Antoine de Montpezat<\/td>\n<\/tr>\n<tr>\n<td width=\"62\">1964<\/td>\n<td width=\"370\">Ang\u00e9lique,<br \/>\nMarquise des Anges<\/td>\n<td width=\"478\"><strong>???<\/strong><\/td>\n<\/tr>\n<tr>\n<td width=\"62\">1964<\/td>\n<td width=\"370\">Le Faux pas<\/td>\n<td width=\"478\">Robert<\/td>\n<\/tr>\n<tr>\n<td width=\"62\">1966<\/td>\n<td width=\"370\">Op\u00e9ration opium<\/td>\n<td width=\"478\">Galam Khan<\/td>\n<\/tr>\n<tr>\n<td width=\"62\">1967<\/td>\n<td width=\"370\">Ang\u00e9lique et le sultan<\/td>\n<td width=\"478\">Osman Ferradji<\/td>\n<\/tr>\n<tr>\n<td width=\"62\">1967<\/td>\n<td width=\"370\">Les Quatre Mariages de Marisol<\/td>\n<td width=\"478\">Frank Moore<\/td>\n<\/tr>\n<tr>\n<td width=\"62\">1969<\/td>\n<td width=\"370\">Les Toits de Saint-Paul<\/td>\n<td width=\"478\">Dr. Pasucha<\/td>\n<\/tr>\n<tr>\n<td width=\"62\">1973<\/td>\n<td width=\"370\">La Couture Fran\u00e7aise **<\/td>\n<td width=\"478\"><\/td>\n<\/tr>\n<\/tbody>\n<\/table>\n<p>* Inachev\u00e9&#8230;<br \/>\n** Court m\u00e9trage &#8211; Jean-Claude Pascal fait la narration<br \/>\n*** Non cr\u00e9dit\u00e9<\/p>\n<table width=\"728\">\n<tbody>\n<tr>\n<td width=\"49\"><em>Ann\u00e9e<\/em><\/td>\n<td width=\"296\"><em>Titre du film<br \/>\nou de la s\u00e9rie t\u00e9l\u00e9vis\u00e9e<\/em><\/td>\n<td width=\"383\"><em>R\u00f4le<\/em><\/td>\n<\/tr>\n<tr>\n<td>1961<\/td>\n<td>On vous \u00e9crira<\/td>\n<td width=\"383\"><\/td>\n<\/tr>\n<tr>\n<td>1963<\/td>\n<td>Teuf-teuf<\/td>\n<td width=\"383\"><\/td>\n<\/tr>\n<tr>\n<td>1964<\/td>\n<td>Sans merveille<\/td>\n<td>Franck<\/td>\n<\/tr>\n<tr>\n<td>1964<\/td>\n<td>Vol 272<\/td>\n<td>Marc<\/td>\n<\/tr>\n<tr>\n<td>1965<\/td>\n<td>Une nuit sans lendemain<\/td>\n<td>L&rsquo;acteur \/ Le cadet \/ Le cheik \/ Le paysan \/ L&rsquo;adolescent<\/td>\n<\/tr>\n<tr>\n<td>1966<\/td>\n<td>Comment ne pas \u00e9pouser\u00a0 un milliardaire<\/td>\n<td>Le Commandant Jean Le Roy-Dantec<\/td>\n<\/tr>\n<tr>\n<td width=\"49\">1967<\/td>\n<td width=\"296\">M\u00e9lodie d&rsquo;amour &#8211; Erinnerung an eine vergangene Liebe<\/td>\n<td width=\"383\">Er<\/td>\n<\/tr>\n<tr>\n<td width=\"49\">1971<\/td>\n<td width=\"296\">Scala heute &#8211; Revue mit neuen Bildern und alten Erinnerungen<\/td>\n<td width=\"383\">Der Maler<\/td>\n<\/tr>\n<tr>\n<td>1973<\/td>\n<td>Le temps de vivre,\u00a0 le temps d&rsquo;aimer<\/td>\n<td>Jean<\/td>\n<\/tr>\n<tr>\n<td>1974<\/td>\n<td>Les Brigades du Tigre<\/td>\n<td>Dervaux<\/td>\n<\/tr>\n<tr>\n<td>1976<\/td>\n<td>Le chirurgien de Saint-Chad<\/td>\n<td>Dr Patrick Villaresi<\/td>\n<\/tr>\n<tr>\n<td>1983<\/td>\n<td>Liebe l\u00e4\u00dft alle Blumen bl\u00fchen \/ L&rsquo;attrapeur<\/td>\n<td>Le marquis de Formenti\u00e8re<\/td>\n<\/tr>\n<tr>\n<td width=\"49\"><\/td>\n<td width=\"296\">Une autre vie<\/td>\n<td width=\"383\"><\/td>\n<\/tr>\n<\/tbody>\n<\/table>\n","protected":false},"excerpt":{"rendered":"<p>Au cours de sa carri\u00e8re d\u2019acteur, Jean-Claude Pascal a jou\u00e9 dans une quarantaine de films. Comme il \u2019appara\u00eet pas au g\u00e9n\u00e9rique de certains d\u2019entre eux et que l\u2019un est rest\u00e9 inachev\u00e9, la liste officielle n\u2019en comporterait que trente-cinq. Il a &hellip; <a href=\"https:\/\/lesgravereaux.marret.co\/index.php\/jean-claude-pascal\/jean-claude-pascal-au-cinema\/\">Continuer la lecture <span class=\"meta-nav\">&rarr;<\/span><\/a><\/p>\n","protected":false},"author":1,"featured_media":0,"parent":654,"menu_order":0,"comment_status":"closed","ping_status":"closed","template":"","meta":{"ngg_post_thumbnail":0,"jetpack_post_was_ever_published":false,"footnotes":""},"class_list":["post-2240","page","type-page","status-publish","hentry"],"jetpack_sharing_enabled":true,"jetpack_shortlink":"https:\/\/wp.me\/P7ERyi-A8","jetpack-related-posts":[{"id":2138,"url":"https:\/\/lesgravereaux.marret.co\/index.php\/jean-claude-pascal\/jean-claude-pascal-le-comedien\/","url_meta":{"origin":2240,"position":0},"title":"Jean-Claude Pascal, au th\u00e9\u00e2tre","author":"marretgravereaux","date":"4 mai 2016","format":false,"excerpt":"Jean-Claude Pascal amorce sa carri\u00e8re professionnelle en \u00e9tant styliste chez de grands couturiers. Alors qu\u2019il travaille chez Robert Piguet, on lui demande de r\u00e9aliser des costumes pour le Don Juan que Louis Jouvet met en sc\u00e8ne \u00e0 l\u2019Ath\u00e9n\u00e9e. Ce sera son premier pas dans le monde du th\u00e9\u00e2tre. Le milieu\u2026","rel":"","context":"Article similaire","block_context":{"text":"Article similaire","link":""},"img":{"alt_text":"1956 Les francais a Moscou p03 wp","src":"https:\/\/i0.wp.com\/lesgravereaux.marret.co\/wp-content\/uploads\/2016\/05\/1956-Les-francais-a-Moscou-p03-wp-656x1024.jpg?resize=350%2C200","width":350,"height":200},"classes":[]},{"id":2185,"url":"https:\/\/lesgravereaux.marret.co\/index.php\/jean-claude-pascal\/jean-claude-pascal-le-comedien\/la-femme-en-blanc\/","url_meta":{"origin":2240,"position":1},"title":"La femme en blanc","author":"marretgravereaux","date":"5 mai 2016","format":false,"excerpt":"Pi\u00e8ce en trois actes de Marcel Achard, La femme en blanc a \u00e9t\u00e9 pr\u00e9sent\u00e9e pour la premi\u00e8re fois en 1933 \u00e0 Paris, au Th\u00e9\u00e2tre Michel. Jean-Claude Pascal et Ren\u00e9e Saint-Cyr l\u2019ont jou\u00e9e ensemble \u00e0 Bruxelles, en octobre 1950, au Th\u00e9\u00e2tre Royal des Galeries St-Hubert. Ils l\u2019ont reprise lors d\u2019une tourn\u00e9e\u2026","rel":"","context":"Article similaire","block_context":{"text":"Article similaire","link":""},"img":{"alt_text":"Ren\u00e9e St-Cyr (RarePixVintageActresses)_wp","src":"https:\/\/i0.wp.com\/lesgravereaux.marret.co\/wp-content\/uploads\/2016\/05\/Ren%C3%A9e-St-Cyr-RarePixVintageActresses_wp.jpg?resize=350%2C200","width":350,"height":200},"classes":[]},{"id":2238,"url":"https:\/\/lesgravereaux.marret.co\/index.php\/jean-claude-pascal\/jean-claude-pascal-en-videos\/","url_meta":{"origin":2240,"position":2},"title":"Jean-Claude Pascal sur les vid\u00e9os de l&rsquo;INA","author":"marretgravereaux","date":"12 juin 2016","format":false,"excerpt":"L'Institut National de l'Audiovisuel - L'Ina - est une entreprise publique culturelle de l'audiovisuel charg\u00e9e de la sauvegarde, de la valorisation et de la transmission du patrimoine audiovisuel fran\u00e7ais. Sur son site, on trouve divers enregistrements d'anciennes \u00e9missions de t\u00e9l\u00e9vision, dont plusieurs montrent\u00a0Jean-Claude Pascal; certaines de celles-ci apparaissent ci-apr\u00e8s. Jean\u2026","rel":"","context":"Article similaire","block_context":{"text":"Article similaire","link":""},"img":{"alt_text":"ina-1","src":"https:\/\/i0.wp.com\/lesgravereaux.marret.co\/wp-content\/uploads\/2016\/09\/INA-1.png?resize=350%2C200","width":350,"height":200},"classes":[]},{"id":654,"url":"https:\/\/lesgravereaux.marret.co\/index.php\/jean-claude-pascal\/","url_meta":{"origin":2240,"position":3},"title":"Jean-Claude Pascal","author":"marretgravereaux","date":"7 mars 2016","format":false,"excerpt":"Jean-Claude VILLEMINOT est n\u00e9 \u00e0 Paris le 24 octobre 1927.Il est le fils de Roger Maurice No\u00ebl VILLEMINOT (23 d\u00e9cembre 1903 \u2013 28 mars 1928) et de Arlette Jeanne Marie Madeleine LEMOINE (18 ao\u00fbt 1908 \u2014 29 janvier 2009). Son p\u00e8re \u00e9tant d\u00e9c\u00e9d\u00e9 alors qu\u2019il n\u2019a que quelques mois, il\u2026","rel":"","context":"Article similaire","block_context":{"text":"Article similaire","link":""},"img":{"alt_text":"2004 Jean-Claude Pascal - Sa garde-robe, de l'etre au paraitre c4a","src":"https:\/\/i0.wp.com\/marret.co\/wp-content\/uploads\/2016\/03\/2004-Jean-Claude-Pascal-Sa-garde-robe-de-letre-au-paraitre-c4a-713x1024.jpg?resize=350%2C200","width":350,"height":200},"classes":[]},{"id":2262,"url":"https:\/\/lesgravereaux.marret.co\/index.php\/jean-claude-pascal\/jean-claude-pascal-le-styliste\/","url_meta":{"origin":2240,"position":4},"title":"Jean-Claude Pascal, le styliste","author":"marretgravereaux","date":"7 mai 2016","format":false,"excerpt":"En juillet 1946, Jean-Claude Pascal passe des vacances sur la C\u00f4te d\u2019Azur. Il rencontre par hasard Christian Dior, alors mod\u00e9liste; celui-ci, connaissant son inactivit\u00e9, l\u2019incite \u00e0 apprendre \u00e0 dessiner. Ce sera donc avec Ren\u00e9 Gruau, dessinateur professionnel et ami commun, que Jean-Claude Pascal s\u2019ing\u00e9niera, pendant les mois suivants, \u00ab\u00a0\u00e0 noircir\u2026","rel":"","context":"Article similaire","block_context":{"text":"Article similaire","link":""},"img":{"alt_text":"JCP - Dessin 06_wp","src":"https:\/\/i0.wp.com\/lesgravereaux.marret.co\/wp-content\/uploads\/2016\/05\/JCP-Dessin-06_wp.jpg?resize=350%2C200","width":350,"height":200},"classes":[]},{"id":2227,"url":"https:\/\/lesgravereaux.marret.co\/index.php\/jean-claude-pascal\/jean-claude-pascal-le-chanteur\/","url_meta":{"origin":2240,"position":5},"title":"Jean-Claude Pascal, le chanteur","author":"marretgravereaux","date":"5 mai 2016","format":false,"excerpt":"Jean-Claude Pascal a fait ses d\u00e9buts musicaux vers 1955. Mais c\u2019est en 1961 que le grand public le d\u00e9couvre lorsqu\u2019il participe au sixi\u00e8me\u00a0\u00a0Grand prix de l\u2019Eurovision qui a lieu \u00e0 Cannes devant les cam\u00e9ras europ\u00e9ennes; repr\u00e9sentant le Luxembourg, il interpr\u00e8te la chanson\u00a0Nous les amoureux\u00a0(de Maurice Vidalin et Jacques Datin) \u2026\u2026","rel":"","context":"Article similaire","block_context":{"text":"Article similaire","link":""},"img":{"alt_text":"1961-12 JCP \u00e0 Bobino c wp","src":"https:\/\/i0.wp.com\/lesgravereaux.marret.co\/wp-content\/uploads\/2016\/05\/1961-12-JCP-%C3%A0-Bobino-c-wp-1014x1024.jpg?resize=350%2C200","width":350,"height":200},"classes":[]}],"_links":{"self":[{"href":"https:\/\/lesgravereaux.marret.co\/index.php\/wp-json\/wp\/v2\/pages\/2240","targetHints":{"allow":["GET"]}}],"collection":[{"href":"https:\/\/lesgravereaux.marret.co\/index.php\/wp-json\/wp\/v2\/pages"}],"about":[{"href":"https:\/\/lesgravereaux.marret.co\/index.php\/wp-json\/wp\/v2\/types\/page"}],"author":[{"embeddable":true,"href":"https:\/\/lesgravereaux.marret.co\/index.php\/wp-json\/wp\/v2\/users\/1"}],"replies":[{"embeddable":true,"href":"https:\/\/lesgravereaux.marret.co\/index.php\/wp-json\/wp\/v2\/comments?post=2240"}],"version-history":[{"count":0,"href":"https:\/\/lesgravereaux.marret.co\/index.php\/wp-json\/wp\/v2\/pages\/2240\/revisions"}],"up":[{"embeddable":true,"href":"https:\/\/lesgravereaux.marret.co\/index.php\/wp-json\/wp\/v2\/pages\/654"}],"wp:attachment":[{"href":"https:\/\/lesgravereaux.marret.co\/index.php\/wp-json\/wp\/v2\/media?parent=2240"}],"curies":[{"name":"wp","href":"https:\/\/api.w.org\/{rel}","templated":true}]}}