{"id":2238,"date":"2016-06-12T16:01:30","date_gmt":"2016-06-12T15:01:30","guid":{"rendered":"http:\/\/lesgravereaux.marret.co\/?page_id=2238"},"modified":"2025-12-08T17:17:25","modified_gmt":"2025-12-08T16:17:25","slug":"jean-claude-pascal-en-videos","status":"publish","type":"page","link":"https:\/\/lesgravereaux.marret.co\/index.php\/jean-claude-pascal\/jean-claude-pascal-en-videos\/","title":{"rendered":"Jean-Claude Pascal sur les vid\u00e9os de l&rsquo;INA"},"content":{"rendered":"<p><a href=\"https:\/\/i0.wp.com\/lesgravereaux.marret.co\/wp-content\/uploads\/2016\/09\/INA-1.png?ssl=1\"><img data-recalc-dims=\"1\" loading=\"lazy\" decoding=\"async\" data-attachment-id=\"4895\" data-permalink=\"https:\/\/lesgravereaux.marret.co\/index.php\/jean-claude-pascal\/jean-claude-pascal-en-videos\/ina-1\/\" data-orig-file=\"https:\/\/i0.wp.com\/lesgravereaux.marret.co\/wp-content\/uploads\/2016\/09\/INA-1.png?fit=225%2C225&amp;ssl=1\" data-orig-size=\"225,225\" data-comments-opened=\"1\" data-image-meta=\"{&quot;aperture&quot;:&quot;0&quot;,&quot;credit&quot;:&quot;&quot;,&quot;camera&quot;:&quot;&quot;,&quot;caption&quot;:&quot;&quot;,&quot;created_timestamp&quot;:&quot;0&quot;,&quot;copyright&quot;:&quot;&quot;,&quot;focal_length&quot;:&quot;0&quot;,&quot;iso&quot;:&quot;0&quot;,&quot;shutter_speed&quot;:&quot;0&quot;,&quot;title&quot;:&quot;&quot;,&quot;orientation&quot;:&quot;0&quot;}\" data-image-title=\"ina-1\" data-image-description=\"\" data-image-caption=\"\" data-medium-file=\"https:\/\/i0.wp.com\/lesgravereaux.marret.co\/wp-content\/uploads\/2016\/09\/INA-1.png?fit=225%2C225&amp;ssl=1\" data-large-file=\"https:\/\/i0.wp.com\/lesgravereaux.marret.co\/wp-content\/uploads\/2016\/09\/INA-1.png?fit=225%2C225&amp;ssl=1\" class=\"wp-image-4895 alignleft\" src=\"https:\/\/i0.wp.com\/lesgravereaux.marret.co\/wp-content\/uploads\/2016\/09\/INA-1.png?resize=101%2C101&#038;ssl=1\" alt=\"ina-1\" width=\"101\" height=\"101\" data-wp-pid=\"4895\" srcset=\"https:\/\/i0.wp.com\/lesgravereaux.marret.co\/wp-content\/uploads\/2016\/09\/INA-1.png?w=225&amp;ssl=1 225w, https:\/\/i0.wp.com\/lesgravereaux.marret.co\/wp-content\/uploads\/2016\/09\/INA-1.png?resize=150%2C150&amp;ssl=1 150w\" sizes=\"auto, (max-width: 101px) 100vw, 101px\" \/><\/a><\/p>\n<p>L&rsquo;Institut National de<span style=\"font-family: georgia,palatino,serif;\"> l&rsquo;Audiovisuel &#8211; <\/span><span style=\"font-size: 12pt;\">L&rsquo;Ina &#8211; est une entreprise publique culturelle de l&rsquo;audiovisuel charg\u00e9e de la sauvegarde, de la valorisation et de la transmission du patrimoine audiovisuel fran\u00e7ais.<\/span><\/p>\n<h3 style=\"text-align: left;\"><span style=\"font-size: 12pt;\">Sur son <a href=\"http:\/\/www.ina.fr\/\" target=\"_blank\" rel=\"noopener\">site<\/a>, on trouve divers enregistrements d&rsquo;anciennes \u00e9missions de t\u00e9l\u00e9vision, dont plusieurs montrent&nbsp;Jean-Claude Pascal; certaines de celles-ci apparaissent ci-apr\u00e8s<span style=\"font-family: georgia,palatino,serif;\">.<\/span><\/span><\/h3>\n<h3><strong>Jean Claude Pascal \u00e0 propos de ses voyages et sa vie professionnelle<\/strong><\/h3>\n<p>(Office national de radiodiffusion t\u00e9l\u00e9vision fran\u00e7aise). 15\/06\/1957; 4&nbsp;min&nbsp;58&nbsp;s.<\/p>\n<p>Jacques CHANCEL interviewe Jean Claude PASCAL qui participe \u00e0 \u00ab\u00a0La kermesse aux \u00e9toiles\u00a0\u00bb. Il parle de sa carri\u00e8re au cin\u00e9ma et au th\u00e9\u00e2tre, de ses coups de c\u0153ur, projets et voyages. Il raconte des anecdotes sur les langues portugaises et espagnoles puis explique comment il a d\u00e9but\u00e9 au cin\u00e9ma. Il s&rsquo;agit de la premi\u00e8re apparition identifi\u00e9e de Jacques CHANCEL \u00e0 la t\u00e9l\u00e9vision.&nbsp;<br \/>\n<iframe loading=\"lazy\" src=\"https:\/\/player.ina.fr\/player\/embed\/I08055935\/1\/1b0bd203fbcd702f9bc9b10ac3d0fc21\/620\/349\/0\" width=\"620\" height=\"349\" frameborder=\"0\" marginwidth=\"0\" marginheight=\"0\" scrolling=\"no\"><\/iframe><\/p>\n<p>&nbsp;<\/p>\n<h3 style=\"text-align: center;\"><span style=\"color: #0000ff; font-family: georgia,palatino,serif; font-size: 14pt;\"><strong>Jean-Claude Pascal au th\u00e9\u00e2tre\u2026<\/strong> <\/span><\/h3>\n<h3><strong>Jean-Claude PASCAL et Danielle DARRIEUX<br \/>\n\u00e0 propos de la pi\u00e8ce \u00ab\u00a0Les amants terribles\u00a0\u00bb<\/strong><\/h3>\n<p>\u00c9mission&nbsp;: Samedi soir (Office national de radiodiffusion t\u00e9l\u00e9vision fran\u00e7aise). 31\/03\/1973; 5&nbsp;min&nbsp;26&nbsp;s.<\/p>\n<p>Philippe BOUVARD d\u00e9voile, cach\u00e9s derri\u00e8re un rideau, Jean-Claude PASCAL et Danielle DARRIEUX, com\u00e9diens dans la pi\u00e8ce de No\u00ebl COWARD au Th\u00e9\u00e2tre Montparnasse, \u00ab\u00a0Les amants terribles\u00a0\u00bb, mise en sc\u00e8ne par Raymond GEROME. Ils parlent de la pi\u00e8ce. Danielle DARRIEUX parle de sa carri\u00e8re am\u00e9ricaine et avoue sa timidit\u00e9 pendant les interviews.<\/p>\n<p><iframe loading=\"lazy\" src=\"https:\/\/player.ina.fr\/player\/embed\/I00013129\/58146\/10b9672231b79e857479aff243efb68c\/620\/349\/0\" width=\"620\" height=\"349\" frameborder=\"0\" marginwidth=\"0\" marginheight=\"0\" scrolling=\"no\"><\/iframe><\/p>\n<hr>\n<h3><strong>B\u00e9r\u00e9nice \u00e0 l&rsquo;auditorium de Lyon<\/strong><\/h3>\n<p>\u00c9mission&nbsp;: Pleins feux (T\u00e9l\u00e9vision Fran\u00e7aise 1). 27\/06\/1982; 4&nbsp;min&nbsp;3&nbsp;s.<\/p>\n<p>\u00c0 l&rsquo;auditorium Maurice Ravel de Lyon, Jean Claude PASCAL a mis en sc\u00e8ne \u00ab\u00a0B\u00e9r\u00e9nice\u00a0\u00bb de RACINE. Il parle de sa conception de l&rsquo;oeuvre. Extrait, montrant les splendides costumes qu&rsquo;a dessin\u00e9s Jean Claude PASCAL pour la pi\u00e8ce. <span style=\"color: #ff00ff;\"><a style=\"color: #ff00ff;\" href=\"https:\/\/www.ina.fr\/ina-eclaire-actu\/video\/cpa8205336903\/berenice-a-l-auditorium-de-lyon\"><strong><em>Voir<\/em><\/strong><\/a><\/span><\/p>\n<p>&nbsp;<\/p>\n<p style=\"text-align: center;\"><span style=\"color: #0000ff; font-family: arial black,sans-serif;\"><span style=\"font-family: georgia,palatino,serif; font-size: 14pt;\"><strong>Jean-Claude Pascal au cin\u00e9ma\u2026<\/strong> <\/span><\/span><\/p>\n<h3><strong>7e festival international du film<\/strong><\/h3>\n<p>\u00c9mission&nbsp;: Les Actualit\u00e9s fran\u00e7aises. 08\/04\/1954; 1&nbsp;min&nbsp;18&nbsp;s.<\/p>\n<p>Reportage consacr\u00e9 au 7e festival international du film avec des images de vedettes sur la Croisette ou lors de la mont\u00e9e des marches du palais : Jean Claude PASCAL, Daniel GELIN, Gina LOLLOBRIGIDA, Fran\u00e7oise ARNOUL, Yvonne De CARLO, Karl MOEHNER.<br \/>\n<iframe loading=\"lazy\" src=\"https:\/\/player.ina.fr\/player\/embed\/AFE00001267\/58146\/10b9672231b79e857479aff243efb68c\/620\/349\/0\" width=\"620\" height=\"349\" frameborder=\"0\" marginwidth=\"0\" marginheight=\"0\" scrolling=\"no\"><\/iframe><\/p>\n<hr>\n<h3><strong><span style=\"color: #000000;\">Danielle DARRIEUX \u00e0 propos de Jean-Claude PASCAL<\/span><\/strong><\/h3>\n<p>\u00c9mission&nbsp;: Les joies de la vie (Office national de radiodiffusion t\u00e9l\u00e9vision fran\u00e7aise). 02\/12\/1957&nbsp;3701; 1&nbsp;min&nbsp;52&nbsp;s.<\/p>\n<p>Danielle DARRIEUX, qui vient de tourner dans le film de Denys de la Patelli\u00e8re \u00ab\u00a0Le salaire du p\u00e9ch\u00e9\u00a0\u00bb avec Jean-Claude PASCAL, souligne le talent de celui-ci avec qui elle aimerait faire une com\u00e9die musicale. Le journaliste pr\u00e9cise qu&rsquo;elle a refus\u00e9, par timidit\u00e9, de chanter dans l&rsquo;\u00e9mission.<br \/>\n<iframe loading=\"lazy\" src=\"https:\/\/player.ina.fr\/player\/embed\/I00013930\/58146\/10b9672231b79e857479aff243efb68c\/620\/349\/0\" width=\"620\" height=\"349\" frameborder=\"0\" marginwidth=\"0\" marginheight=\"0\" scrolling=\"no\"><\/iframe><\/p>\n<hr>\n<h3><strong>Jean Marie Proslier \u00ab\u00a0Un agent de police raconte le tournage d&rsquo;un film \u00ab\u00a0<\/strong><\/h3>\n<p>\u00c9mission&nbsp;: Les joies de la vie (Office national de radiodiffusion t\u00e9l\u00e9vision fran\u00e7aise). 02\/12\/1957; 6&nbsp;min&nbsp;30&nbsp;s.<\/p>\n<p>JEAN-MARIE PROSLIER interpr\u00e8te un sketch : un agent de police, reconverti en figurant, raconte le tournage d&rsquo;un film avec Jean-Claude Pascal.<br \/>\n<iframe loading=\"lazy\" src=\"https:\/\/player.ina.fr\/player\/embed\/I07146744\/58146\/10b9672231b79e857479aff243efb68c\/620\/349\/0\" width=\"620\" height=\"349\" frameborder=\"0\" marginwidth=\"0\" marginheight=\"0\" scrolling=\"no\"><\/iframe><\/p>\n<hr>\n<h3><strong>Cin\u00e9ma : \u00e9mission du 22 mai 1986<\/strong><\/h3>\n<p>\u00c9mission&nbsp;: Page sp\u00e9ciale (France R\u00e9gions 3 Marseille). 22\/05\/1986; 8&nbsp;min&nbsp;16&nbsp;s.<\/p>\n<p>Retour sur le Palmar\u00e8s du Festival de Cannes 1986. Pour Jean Claude PASCAL, le festival \u00e9tait une obligation lorsqu&rsquo;il \u00e9tait producteur m\u00eame si les interviews \u00e9taient une charge. Aujourd&rsquo;hui il ne s&rsquo;int\u00e9resse plus du tout au cin\u00e9ma.<br \/>\n<iframe loading=\"lazy\" src=\"https:\/\/player.ina.fr\/player\/embed\/RAC8812262857\/58146\/10b9672231b79e857479aff243efb68c\/620\/349\/0\" width=\"620\" height=\"349\" frameborder=\"0\" marginwidth=\"0\" marginheight=\"0\" scrolling=\"no\"><\/iframe><\/p>\n<p>&nbsp;<\/p>\n<p style=\"text-align: center;\"><span style=\"color: #0000ff; font-family: arial black,sans-serif;\"><span style=\"font-family: georgia,palatino,serif; font-size: 14pt;\"><strong><span style=\"color: #0000ff;\">Jean-Claude Pascal chante et imite\u2026<\/span><\/strong> <\/span><\/span><\/p>\n<h3><strong>Jean Claude Pascal \u00ab\u00a0Rome\u00a0\u00bb<\/strong><\/h3>\n<p>\u00c9mission&nbsp;: Les joies de la vie (Office national de radiodiffusion t\u00e9l\u00e9vision fran\u00e7aise). 02\/12\/1957; 2&nbsp;min&nbsp;10&nbsp;s.<\/p>\n<p>Jean Claude PASCAL chante \u00ab\u00a0Rome\u00a0\u00bb. <a href=\"https:\/\/www.ina.fr\/ina-eclaire-actu\/video\/i07146757\/jean-claude-pascal-rome\"><span style=\"color: #ff00ff;\"><em><strong>Voir<\/strong><\/em><\/span><\/a><\/p>\n<hr>\n<h3><strong>Jean Claude Pascal \u00ab\u00a0Julie\u00a0\u00bb<\/strong><\/h3>\n<p>\u00c9mission&nbsp;: Les joies de la vie (Office national de radiodiffusion t\u00e9l\u00e9vision fran\u00e7aise). 02\/12\/1957; 2&nbsp;min&nbsp;39&nbsp;s.<\/p>\n<p>Jean Claude PASCAL interpr\u00e8te \u00ab\u00a0Julie\u00a0\u00bb. <a href=\"https:\/\/www.ina.fr\/ina-eclaire-actu\/video\/i07146750\/jean-claude-pascal-julie\"><span style=\"color: #ff00ff;\"><em><strong>Voir<\/strong><\/em><\/span><\/a>&nbsp;<\/p>\n<hr>\n<h3><strong>Remise du Grand Prix Eurovision 1961 \u00e0 Jean-Claude Pascal (Luxembourg)<\/strong><\/h3>\n<p>Grand prix Eurovision de la chanson (Office national de radiodiffusion t\u00e9l\u00e9vision fran\u00e7aise). 18\/03\/1961; 2&nbsp;min&nbsp;16&nbsp;s.<\/p>\n<p>Proclamation du r\u00e9sultat par Jacqueline JOUBERT : 1<sup>er<\/sup> le Luxembourg avec la chanson \u00ab\u00a0Nous les amoureux\u00a0\u00bb. Jean-Claude PASCAL rejoint la pr\u00e9sentatrice et re\u00e7oit le Grand Prix Eurovision 1961 des mains de la danseuse Tessa BEAUMONT. Jean-Claude PASCAL, \u00e9mu, tient par les \u00e9paules Jacqueline JOUBERT. \u00c9change de propos entre la pr\u00e9sentatrice et le chanteur.&nbsp;<br \/>\n<iframe loading=\"lazy\" src=\"https:\/\/player.ina.fr\/player\/embed\/I00005165\/1\/1b0bd203fbcd702f9bc9b10ac3d0fc21\/620\/349\/0\" width=\"620\" height=\"349\" frameborder=\"0\" marginwidth=\"0\" marginheight=\"0\" scrolling=\"no\"><\/iframe><\/p>\n<hr>\n<h3><strong>Jean Claude Pascal \u00ab\u00a0Papa est un po\u00e8te\u00a0\u00bb<\/strong><\/h3>\n<p>(R.T.F.). 30\/10\/1961; 2&nbsp;min&nbsp;20&nbsp;s.<\/p>\n<p>Jean Claude PASCAL chante \u00ab\u00a0Papa est un po\u00e8te\u00a0\u00bb. <span style=\"color: #ff00ff;\"><em><strong>Voir<\/strong><\/em><\/span>&nbsp;<br \/>\n<iframe loading=\"lazy\" src=\"https:\/\/player.ina.fr\/player\/embed\/I07092116\/1\/1b0bd203fbcd702f9bc9b10ac3d0fc21\/620\/349\/0\" width=\"620\" height=\"349\" frameborder=\"0\" marginwidth=\"0\" marginheight=\"0\" scrolling=\"no\"><\/iframe><\/p>\n<hr>\n<h3><strong>Jean-Claude Pascal imitateur<\/strong><\/h3>\n<p>\u00c9mission&nbsp;: Toute la chanson (Office national de radiodiffusion t\u00e9l\u00e9vision fran\u00e7aise). 08\/10\/1962; 5&nbsp;min&nbsp;35&nbsp;s.<\/p>\n<p>Jean Claude PASCAL imite Charles Trenet en chantant \u00ab\u00a0La mer\u00a0\u00bb, Jean Sablon, \u00ab\u00a0Vous qui passez sans me voir\u00a0\u00bb, Tino Rossi, \u00ab\u00a0Petit papa No\u00ebl\u00a0\u00bb, Pierre Fresnay et Jean Marais en r\u00e9citant \u00ab\u00a0Mon r\u00eave familier\u00a0\u00bb, po\u00e8me de Paul Verlaine, et Gilbert B\u00e9caud \u00ab\u00a0Viens danser\u00a0\u00bb. Les imitations sont de courts extraits des morceaux choisis.<br \/>\n<iframe loading=\"lazy\" src=\"https:\/\/player.ina.fr\/player\/embed\/I05040815\/1\/1b0bd203fbcd702f9bc9b10ac3d0fc21\/620\/349\/0\" width=\"620\" height=\"349\" frameborder=\"0\" marginwidth=\"0\" marginheight=\"0\" scrolling=\"no\"><\/iframe><\/p>\n<hr>\n<h3><strong>Jean Claude Pascal \u00ab\u00a0Chez moi\u00a0\u00bb<\/strong><\/h3>\n<p>\u00c9mission&nbsp;: Douce France (Office national de radiodiffusion t\u00e9l\u00e9vision fran\u00e7aise). 09\/12\/1963; 3&nbsp;min&nbsp;23&nbsp;s.<\/p>\n<p>Jean Claude PASCAL chante \u00ab\u00a0Chez moi\u00a0\u00bb.<br \/>\n<iframe loading=\"lazy\" src=\"https:\/\/player.ina.fr\/player\/embed\/I07095320\/1\/1b0bd203fbcd702f9bc9b10ac3d0fc21\/620\/349\/0\" width=\"620\" height=\"349\" frameborder=\"0\" marginwidth=\"0\" marginheight=\"0\" scrolling=\"no\"><\/iframe><\/p>\n<hr>\n<h3><strong>Jean-Claude Pascal \u00ab\u00a0Revoir Paris\u00a0\u00bb<\/strong><\/h3>\n<p>\u00c9mission&nbsp;: Douce France (Office national de radiodiffusion t\u00e9l\u00e9vision fran\u00e7aise). 09\/12\/1963; 2&nbsp;min&nbsp;44&nbsp;s.<\/p>\n<p>Jean-Claude PASCAL chante \u00ab\u00a0Revoir Paris\u00a0\u00bb, chanson de Charles Trenet.<br \/>\n<iframe loading=\"lazy\" src=\"https:\/\/player.ina.fr\/player\/embed\/I05245682\/1\/1b0bd203fbcd702f9bc9b10ac3d0fc21\/620\/349\/0\" width=\"620\" height=\"349\" frameborder=\"0\" marginwidth=\"0\" marginheight=\"0\" scrolling=\"no\"><\/iframe><\/p>\n<hr>\n<h3><strong>Jean Claude Pascal \u00ab\u00a0Le plat pays\u00a0\u00bb<\/strong><\/h3>\n<p>\u00c9mission&nbsp;: Palmar\u00e8s des chansons (Office national de radiodiffusion t\u00e9l\u00e9vision fran\u00e7aise). 10\/11\/1966; 2&nbsp;min&nbsp;52&nbsp;s.<\/p>\n<p>Jean Claude PASCAL interpr\u00e8te la chanson de Jacques BREL <a href=\"https:\/\/www.ina.fr\/ina-eclaire-actu\/video\/i07044410\/jean-claude-pascal-le-plat-pays\">\u00ab\u00a0Le plat pays\u00a0\u00bb<\/a>.<\/p>\n<hr>\n<h3><strong>Jean-Claude Pascal chante \u00ab\u00a0La chasse aux papillons\u00a0\u00bb<\/strong><\/h3>\n<p>\u00c9mission&nbsp;: Palmar\u00e8s des chansons (Office national de radiodiffusion t\u00e9l\u00e9vision fran\u00e7aise). 19\/01\/1967; 2&nbsp;min&nbsp;14&nbsp;s.<\/p>\n<p>Sur la sc\u00e8ne de Bobino, le com\u00e9dien Jean-Claude PASCAL chante \u00ab\u00a0La chasse aux papillons\u00a0\u00bb accompagn\u00e9 par l&rsquo;orchestre de Raymond LEFEVRE.<br \/>\n<iframe loading=\"lazy\" src=\"https:\/\/player.ina.fr\/player\/embed\/I00014899\/1\/1b0bd203fbcd702f9bc9b10ac3d0fc21\/620\/349\/0\" width=\"620\" height=\"349\" frameborder=\"0\" marginwidth=\"0\" marginheight=\"0\" scrolling=\"no\"><\/iframe><\/p>\n<p>&nbsp;<\/p>\n","protected":false},"excerpt":{"rendered":"<p>L&rsquo;Institut National de l&rsquo;Audiovisuel &#8211; L&rsquo;Ina &#8211; est une entreprise publique culturelle de l&rsquo;audiovisuel charg\u00e9e de la sauvegarde, de la valorisation et de la transmission du patrimoine audiovisuel fran\u00e7ais. Sur son site, on trouve divers enregistrements d&rsquo;anciennes \u00e9missions de t\u00e9l\u00e9vision, &hellip; <a href=\"https:\/\/lesgravereaux.marret.co\/index.php\/jean-claude-pascal\/jean-claude-pascal-en-videos\/\">Continuer la lecture <span class=\"meta-nav\">&rarr;<\/span><\/a><\/p>\n","protected":false},"author":1,"featured_media":0,"parent":654,"menu_order":0,"comment_status":"closed","ping_status":"closed","template":"","meta":{"ngg_post_thumbnail":0,"jetpack_post_was_ever_published":false,"footnotes":""},"class_list":["post-2238","page","type-page","status-publish","hentry"],"jetpack_sharing_enabled":true,"jetpack_shortlink":"https:\/\/wp.me\/P7ERyi-A6","jetpack-related-posts":[{"id":2197,"url":"https:\/\/lesgravereaux.marret.co\/index.php\/jean-claude-pascal\/jean-claude-pascal-le-comedien\/les-amants-terribles\/","url_meta":{"origin":2238,"position":0},"title":"Les amants terribles","author":"marretgravereaux","date":"5 mai 2016","format":false,"excerpt":"La pi\u00e8ce de No\u00ebl\u00a0Coward, Les amants terribles, aurait \u00e9t\u00e9 jou\u00e9e pour une premi\u00e8re fois \u00e0 Paris, au Th\u00e9\u00e2tre Michel puis adapt\u00e9e pour le cin\u00e9ma en 1936. \u00a0 Elle a \u00e9t\u00e9 reprise en avril 1973, au Th\u00e9\u00e2tre Montparnasse, alors que Jean-Claude Pascal y jouait aux c\u00f4t\u00e9s de Danielle Darrieux, Agathe Natanson,\u2026","rel":"","context":"Article similaire","block_context":{"text":"Article similaire","link":""},"img":{"alt_text":"1973 - Les amants terribles p05 wp","src":"https:\/\/i0.wp.com\/lesgravereaux.marret.co\/wp-content\/uploads\/2016\/05\/1973-Les-amants-terribles-p05-wp-669x1024.jpg?resize=350%2C200","width":350,"height":200},"classes":[]},{"id":4963,"url":"https:\/\/lesgravereaux.marret.co\/index.php\/jean-claude-pascal\/a-propos-de-jean-claude-pascal\/","url_meta":{"origin":2238,"position":1},"title":"\u00c0 propos de Jean-Claude Pascal","author":"marretgravereaux","date":"19 septembre 2016","format":false,"excerpt":"Publications\u00a0: Jean-Claude Pascal se raconte dans un livre autobiographique\u00a0: \u00a0 PASCAL, Jean-Claude. Le beau masque. \u00c9ditions Robert Laffont.\u00a01986, 346\u00a0p. \u00ab\u00a0T\u00e9moignage autobiographique d\u2019un fils de la grande bourgeoisie fran\u00e7aise qui fut successivement dessinateur-mod\u00e9liste, acteur au th\u00e9\u00e2tre, star de cin\u00e9ma, vedette de la chanson et \u00e9crivain\u2026\u00a0\u00bb \u00a0 \u00a0 D\u00e9positaire des archives, des\u2026","rel":"","context":"Article similaire","block_context":{"text":"Article similaire","link":""},"img":{"alt_text":"Le beau masque c1 wp","src":"https:\/\/i0.wp.com\/lesgravereaux.marret.co\/wp-content\/uploads\/2016\/02\/Le-beau-masque-c1-wp-649x1024.jpg?resize=350%2C200","width":350,"height":200},"classes":[]},{"id":2138,"url":"https:\/\/lesgravereaux.marret.co\/index.php\/jean-claude-pascal\/jean-claude-pascal-le-comedien\/","url_meta":{"origin":2238,"position":2},"title":"Jean-Claude Pascal, au th\u00e9\u00e2tre","author":"marretgravereaux","date":"4 mai 2016","format":false,"excerpt":"Jean-Claude Pascal amorce sa carri\u00e8re professionnelle en \u00e9tant styliste chez de grands couturiers. Alors qu\u2019il travaille chez Robert Piguet, on lui demande de r\u00e9aliser des costumes pour le Don Juan que Louis Jouvet met en sc\u00e8ne \u00e0 l\u2019Ath\u00e9n\u00e9e. Ce sera son premier pas dans le monde du th\u00e9\u00e2tre. Le milieu\u2026","rel":"","context":"Article similaire","block_context":{"text":"Article similaire","link":""},"img":{"alt_text":"1956 Les francais a Moscou p03 wp","src":"https:\/\/i0.wp.com\/lesgravereaux.marret.co\/wp-content\/uploads\/2016\/05\/1956-Les-francais-a-Moscou-p03-wp-656x1024.jpg?resize=350%2C200","width":350,"height":200},"classes":[]},{"id":2262,"url":"https:\/\/lesgravereaux.marret.co\/index.php\/jean-claude-pascal\/jean-claude-pascal-le-styliste\/","url_meta":{"origin":2238,"position":3},"title":"Jean-Claude Pascal, le styliste","author":"marretgravereaux","date":"7 mai 2016","format":false,"excerpt":"En juillet 1946, Jean-Claude Pascal passe des vacances sur la C\u00f4te d\u2019Azur. Il rencontre par hasard Christian Dior, alors mod\u00e9liste; celui-ci, connaissant son inactivit\u00e9, l\u2019incite \u00e0 apprendre \u00e0 dessiner. Ce sera donc avec Ren\u00e9 Gruau, dessinateur professionnel et ami commun, que Jean-Claude Pascal s\u2019ing\u00e9niera, pendant les mois suivants, \u00ab\u00a0\u00e0 noircir\u2026","rel":"","context":"Article similaire","block_context":{"text":"Article similaire","link":""},"img":{"alt_text":"JCP - Dessin 06_wp","src":"https:\/\/i0.wp.com\/lesgravereaux.marret.co\/wp-content\/uploads\/2016\/05\/JCP-Dessin-06_wp.jpg?resize=350%2C200","width":350,"height":200},"classes":[]},{"id":4858,"url":"https:\/\/lesgravereaux.marret.co\/index.php\/jean-claude-pascal\/jean-claude-pascal-le-chanteur\/jean-claude-pascal-sur-disque\/","url_meta":{"origin":2238,"position":4},"title":"Jean-Claude Pascal&#8230; sur disques","author":"marretgravereaux","date":"30 juillet 2016","format":false,"excerpt":"Pendant plus de vingt-cinq ans, Jean-Claude Pascal interpr\u00e8te de nombreuses chansons, dont une tr\u00e8s grande partie l'a d\u00e9j\u00e0 \u00e9t\u00e9\u00a0par de tr\u00e8s grands artistes, mais il y ajoute son style, sa couleur et son charme naturel. Sa carri\u00e8re conna\u00eet un \u00e9lan consid\u00e9rable lorsqu\u2019en 1961, il remporte le Grand prix Eurovision de\u2026","rel":"","context":"Article similaire","block_context":{"text":"Article similaire","link":""},"img":{"alt_text":"Partition - L'Amour c'est comme un jour 2 wp","src":"https:\/\/i0.wp.com\/lesgravereaux.marret.co\/wp-content\/uploads\/2016\/05\/Partition-LAmour-cest-comme-un-jour-2-wp-805x1024.jpg?resize=350%2C200","width":350,"height":200},"classes":[]},{"id":2183,"url":"https:\/\/lesgravereaux.marret.co\/index.php\/jean-claude-pascal\/jean-claude-pascal-le-comedien\/adieu-prudence\/","url_meta":{"origin":2238,"position":5},"title":"Adieu Prudence","author":"marretgravereaux","date":"5 mai 2016","format":false,"excerpt":"Dans sa version fran\u00e7aise, la pi\u00e8ce de Leslie Stevens,\u00a0Adieu Prudence, a \u00e9t\u00e9 cr\u00e9\u00e9e en 1961 au Th\u00e9\u00e2tre du Gymnase. Elle a \u00e9t\u00e9 reprise \u00e0 la t\u00e9l\u00e9vision dans le cadre d\u2019\u00ab\u00a0Au th\u00e9\u00e2tre ce soir\u00a0\u00bb. Mise en sc\u00e8ne d\u2019Alain Feydeau\u00a0et r\u00e9alisation de Pierre Sabbagh. L\u2019\u00e9mission est enregistr\u00e9e au th\u00e9\u00e2tre Marigny, le 10\u00a0novembre\u00a01984\u2026","rel":"","context":"Article similaire","block_context":{"text":"Article similaire","link":""},"img":{"alt_text":"1984 Adieu Prudence DVD1 wp","src":"https:\/\/i0.wp.com\/lesgravereaux.marret.co\/wp-content\/uploads\/2016\/05\/1984-Adieu-Prudence-DVD1-wp-705x1024.jpg?resize=350%2C200","width":350,"height":200},"classes":[]}],"_links":{"self":[{"href":"https:\/\/lesgravereaux.marret.co\/index.php\/wp-json\/wp\/v2\/pages\/2238","targetHints":{"allow":["GET"]}}],"collection":[{"href":"https:\/\/lesgravereaux.marret.co\/index.php\/wp-json\/wp\/v2\/pages"}],"about":[{"href":"https:\/\/lesgravereaux.marret.co\/index.php\/wp-json\/wp\/v2\/types\/page"}],"author":[{"embeddable":true,"href":"https:\/\/lesgravereaux.marret.co\/index.php\/wp-json\/wp\/v2\/users\/1"}],"replies":[{"embeddable":true,"href":"https:\/\/lesgravereaux.marret.co\/index.php\/wp-json\/wp\/v2\/comments?post=2238"}],"version-history":[{"count":3,"href":"https:\/\/lesgravereaux.marret.co\/index.php\/wp-json\/wp\/v2\/pages\/2238\/revisions"}],"predecessor-version":[{"id":23238,"href":"https:\/\/lesgravereaux.marret.co\/index.php\/wp-json\/wp\/v2\/pages\/2238\/revisions\/23238"}],"up":[{"embeddable":true,"href":"https:\/\/lesgravereaux.marret.co\/index.php\/wp-json\/wp\/v2\/pages\/654"}],"wp:attachment":[{"href":"https:\/\/lesgravereaux.marret.co\/index.php\/wp-json\/wp\/v2\/media?parent=2238"}],"curies":[{"name":"wp","href":"https:\/\/api.w.org\/{rel}","templated":true}]}}