{"id":2227,"date":"2016-05-05T14:28:34","date_gmt":"2016-05-05T13:28:34","guid":{"rendered":"http:\/\/lesgravereaux.marret.co\/?page_id=2227"},"modified":"2016-09-18T23:06:30","modified_gmt":"2016-09-18T22:06:30","slug":"jean-claude-pascal-le-chanteur","status":"publish","type":"page","link":"https:\/\/lesgravereaux.marret.co\/index.php\/jean-claude-pascal\/jean-claude-pascal-le-chanteur\/","title":{"rendered":"Jean-Claude Pascal, le chanteur"},"content":{"rendered":"<p>Jean-Claude Pascal a fait ses d\u00e9buts musicaux vers 1955. Mais c\u2019est en 1961 que le grand public le d\u00e9couvre lorsqu\u2019il participe au sixi\u00e8me\u00a0\u00a0<em>Grand prix de l\u2019Eurovision<\/em> qui a lieu \u00e0 Cannes devant les cam\u00e9ras europ\u00e9ennes; repr\u00e9sentant le Luxembourg, il interpr\u00e8te la chanson\u00a0<a href=\"https:\/\/lesgravereaux.marret.co\/index.php\/nous-les-amoureux\/\"><strong>Nous les amoureux\u00a0<\/strong><\/a>(de Maurice Vidalin et Jacques Datin) \u2026 et remporte le Prix.<\/p>\n<p><span class=\"embed-youtube\" style=\"text-align:center; display: block;\"><iframe loading=\"lazy\" class=\"youtube-player\" width=\"640\" height=\"360\" src=\"https:\/\/www.youtube.com\/embed\/g5ZDbEBt3iY?version=3&#038;rel=1&#038;showsearch=0&#038;showinfo=1&#038;iv_load_policy=1&#038;fs=1&#038;hl=fr-FR&#038;autohide=2&#038;wmode=transparent\" allowfullscreen=\"true\" style=\"border:0;\" sandbox=\"allow-scripts allow-same-origin allow-popups allow-presentation allow-popups-to-escape-sandbox\"><\/iframe><\/span><\/p>\n<p><a href=\"https:\/\/i0.wp.com\/lesgravereaux.marret.co\/wp-content\/uploads\/2016\/05\/1961-12-JCP-%C3%A0-Bobino-c-wp.jpg?ssl=1\"><img data-recalc-dims=\"1\" loading=\"lazy\" decoding=\"async\" data-attachment-id=\"2216\" data-permalink=\"https:\/\/lesgravereaux.marret.co\/index.php\/jean-claude-pascal\/jean-claude-pascal-le-chanteur\/1961-12-jcp-a-bobino-c-wp\/\" data-orig-file=\"https:\/\/i0.wp.com\/lesgravereaux.marret.co\/wp-content\/uploads\/2016\/05\/1961-12-JCP-%C3%A0-Bobino-c-wp.jpg?fit=1169%2C1181&amp;ssl=1\" data-orig-size=\"1169,1181\" data-comments-opened=\"1\" data-image-meta=\"{&quot;aperture&quot;:&quot;0&quot;,&quot;credit&quot;:&quot;&quot;,&quot;camera&quot;:&quot;&quot;,&quot;caption&quot;:&quot;&quot;,&quot;created_timestamp&quot;:&quot;0&quot;,&quot;copyright&quot;:&quot;&quot;,&quot;focal_length&quot;:&quot;0&quot;,&quot;iso&quot;:&quot;0&quot;,&quot;shutter_speed&quot;:&quot;0&quot;,&quot;title&quot;:&quot;&quot;,&quot;orientation&quot;:&quot;1&quot;}\" data-image-title=\"1961-12 JCP \u00e0 Bobino c wp\" data-image-description=\"\" data-image-caption=\"\" data-medium-file=\"https:\/\/i0.wp.com\/lesgravereaux.marret.co\/wp-content\/uploads\/2016\/05\/1961-12-JCP-%C3%A0-Bobino-c-wp.jpg?fit=297%2C300&amp;ssl=1\" data-large-file=\"https:\/\/i0.wp.com\/lesgravereaux.marret.co\/wp-content\/uploads\/2016\/05\/1961-12-JCP-%C3%A0-Bobino-c-wp.jpg?fit=640%2C646&amp;ssl=1\" class=\"wp-image-2216 alignright\" src=\"https:\/\/i0.wp.com\/lesgravereaux.marret.co\/wp-content\/uploads\/2016\/05\/1961-12-JCP-%C3%A0-Bobino-c-wp.jpg?resize=199%2C201&#038;ssl=1\" alt=\"1961-12 JCP \u00e0 Bobino c wp\" width=\"199\" height=\"201\" data-wp-pid=\"2216\" srcset=\"https:\/\/i0.wp.com\/lesgravereaux.marret.co\/wp-content\/uploads\/2016\/05\/1961-12-JCP-%C3%A0-Bobino-c-wp.jpg?resize=1014%2C1024&amp;ssl=1 1014w, https:\/\/i0.wp.com\/lesgravereaux.marret.co\/wp-content\/uploads\/2016\/05\/1961-12-JCP-%C3%A0-Bobino-c-wp.jpg?resize=297%2C300&amp;ssl=1 297w, https:\/\/i0.wp.com\/lesgravereaux.marret.co\/wp-content\/uploads\/2016\/05\/1961-12-JCP-%C3%A0-Bobino-c-wp.jpg?resize=768%2C776&amp;ssl=1 768w, https:\/\/i0.wp.com\/lesgravereaux.marret.co\/wp-content\/uploads\/2016\/05\/1961-12-JCP-%C3%A0-Bobino-c-wp.jpg?resize=800%2C808&amp;ssl=1 800w, https:\/\/i0.wp.com\/lesgravereaux.marret.co\/wp-content\/uploads\/2016\/05\/1961-12-JCP-%C3%A0-Bobino-c-wp.jpg?resize=594%2C600&amp;ssl=1 594w, https:\/\/i0.wp.com\/lesgravereaux.marret.co\/wp-content\/uploads\/2016\/05\/1961-12-JCP-%C3%A0-Bobino-c-wp.jpg?w=1169&amp;ssl=1 1169w\" sizes=\"auto, (max-width: 199px) 100vw, 199px\" \/><\/a><\/p>\n<p>Quelques mois plus tard, il donne son premier r\u00e9cital \u00e0 Bobino\u00a0; ses chansons ont \u00e9t\u00e9 \u00e9crites par des auteurs encore peu connus\u00a0: Bernard Dimey, Jean Ferrat, Serge Gainsbourg, et quelques autres\u00a0!<\/p>\n<p>En 1962, il remporte le prix de <em>l\u2019Acad\u00e9mie Charles Cros<\/em> et poursuit ses activit\u00e9s d\u2019interpr\u00e8te en chantant dans de nombreuses langues et en parcourant le monde avec son orchestre. Il enregistrera plus d&rsquo;une cinquantaine de\u00a0<a href=\"https:\/\/lesgravereaux.marret.co\/index.php\/jean-claude-pascal-sur-disque\/\">disques<\/a>; certains\u00a0en allemand, dont un 33 tours complet et il remportera un grand succ\u00e8s dans cette langue en reprenant la chanson Kilimandjaro, que Pascal Danel avait cr\u00e9\u00e9e.<\/p>\n<p><a href=\"https:\/\/i0.wp.com\/lesgravereaux.marret.co\/wp-content\/uploads\/2016\/05\/Partition-C%C3%A9tait-moi-wp.jpg?ssl=1\"><img data-recalc-dims=\"1\" loading=\"lazy\" decoding=\"async\" data-attachment-id=\"2219\" data-permalink=\"https:\/\/lesgravereaux.marret.co\/index.php\/jean-claude-pascal\/jean-claude-pascal-le-chanteur\/partition-cetait-moi-wp\/\" data-orig-file=\"https:\/\/i0.wp.com\/lesgravereaux.marret.co\/wp-content\/uploads\/2016\/05\/Partition-C%C3%A9tait-moi-wp.jpg?fit=906%2C1181&amp;ssl=1\" data-orig-size=\"906,1181\" data-comments-opened=\"1\" data-image-meta=\"{&quot;aperture&quot;:&quot;0&quot;,&quot;credit&quot;:&quot;&quot;,&quot;camera&quot;:&quot;&quot;,&quot;caption&quot;:&quot;&quot;,&quot;created_timestamp&quot;:&quot;0&quot;,&quot;copyright&quot;:&quot;&quot;,&quot;focal_length&quot;:&quot;0&quot;,&quot;iso&quot;:&quot;0&quot;,&quot;shutter_speed&quot;:&quot;0&quot;,&quot;title&quot;:&quot;&quot;,&quot;orientation&quot;:&quot;1&quot;}\" data-image-title=\"Partition &amp;#8211; C&amp;rsquo;\u00e9tait moi wp\" data-image-description=\"\" data-image-caption=\"\" data-medium-file=\"https:\/\/i0.wp.com\/lesgravereaux.marret.co\/wp-content\/uploads\/2016\/05\/Partition-C%C3%A9tait-moi-wp.jpg?fit=230%2C300&amp;ssl=1\" data-large-file=\"https:\/\/i0.wp.com\/lesgravereaux.marret.co\/wp-content\/uploads\/2016\/05\/Partition-C%C3%A9tait-moi-wp.jpg?fit=640%2C834&amp;ssl=1\" class=\"wp-image-2219 alignleft\" src=\"https:\/\/i0.wp.com\/lesgravereaux.marret.co\/wp-content\/uploads\/2016\/05\/Partition-C%C3%A9tait-moi-wp.jpg?resize=203%2C265&#038;ssl=1\" alt=\"Partition - C'\u00e9tait moi wp\" width=\"203\" height=\"265\" data-wp-pid=\"2219\" srcset=\"https:\/\/i0.wp.com\/lesgravereaux.marret.co\/wp-content\/uploads\/2016\/05\/Partition-C%C3%A9tait-moi-wp.jpg?resize=786%2C1024&amp;ssl=1 786w, https:\/\/i0.wp.com\/lesgravereaux.marret.co\/wp-content\/uploads\/2016\/05\/Partition-C%C3%A9tait-moi-wp.jpg?resize=230%2C300&amp;ssl=1 230w, https:\/\/i0.wp.com\/lesgravereaux.marret.co\/wp-content\/uploads\/2016\/05\/Partition-C%C3%A9tait-moi-wp.jpg?resize=768%2C1001&amp;ssl=1 768w, https:\/\/i0.wp.com\/lesgravereaux.marret.co\/wp-content\/uploads\/2016\/05\/Partition-C%C3%A9tait-moi-wp.jpg?resize=800%2C1043&amp;ssl=1 800w, https:\/\/i0.wp.com\/lesgravereaux.marret.co\/wp-content\/uploads\/2016\/05\/Partition-C%C3%A9tait-moi-wp.jpg?resize=460%2C600&amp;ssl=1 460w, https:\/\/i0.wp.com\/lesgravereaux.marret.co\/wp-content\/uploads\/2016\/05\/Partition-C%C3%A9tait-moi-wp.jpg?w=906&amp;ssl=1 906w\" sizes=\"auto, (max-width: 203px) 100vw, 203px\" \/><\/a>Jean-Claude Pascal a compos\u00e9 quelques chansons, mais il\u00a0a surtout mis \u00e0 son r\u00e9pertoire celles que les plus grands avaient fait conna\u00eetre, de Charles Aznavour \u00e0 \u00c9dith Piaf, en passant par Barbara, Guy B\u00e9art, Jacques Brel, Georges Brassens, Jean Ferrat, etc. sans oublier Gilbert B\u00e9caud, n\u00e9, comme lui, le 24 octobre 1927.<\/p>\n<p>Il recommence \u00e0 tourner au cin\u00e9ma dans les ann\u00e9es \u201970 et d\u00e9laisse quelque peu la chanson. Ce qui ne l\u2019emp\u00eachera pas de participer \u00e0 nouveau, en 1981 et comme repr\u00e9sentant du Luxembourg, au\u00a0<em>Grand Prix Eurovision\u00a0de la Chanson<\/em>, alors qu&rsquo;il interpr\u00e8te\u00a0<strong>C&rsquo;est peut-\u00eatre pas l&rsquo;Am\u00e9rique<\/strong>.<\/p>\n<p>&nbsp;<\/p>\n","protected":false},"excerpt":{"rendered":"<p>Jean-Claude Pascal a fait ses d\u00e9buts musicaux vers 1955. Mais c\u2019est en 1961 que le grand public le d\u00e9couvre lorsqu\u2019il participe au sixi\u00e8me\u00a0\u00a0Grand prix de l\u2019Eurovision qui a lieu \u00e0 Cannes devant les cam\u00e9ras europ\u00e9ennes; repr\u00e9sentant le Luxembourg, il interpr\u00e8te &hellip; <a href=\"https:\/\/lesgravereaux.marret.co\/index.php\/jean-claude-pascal\/jean-claude-pascal-le-chanteur\/\">Continuer la lecture <span class=\"meta-nav\">&rarr;<\/span><\/a><\/p>\n","protected":false},"author":1,"featured_media":0,"parent":654,"menu_order":0,"comment_status":"closed","ping_status":"closed","template":"","meta":{"ngg_post_thumbnail":0,"jetpack_post_was_ever_published":false,"footnotes":""},"class_list":["post-2227","page","type-page","status-publish","hentry"],"jetpack_sharing_enabled":true,"jetpack_shortlink":"https:\/\/wp.me\/P7ERyi-zV","jetpack-related-posts":[{"id":4858,"url":"https:\/\/lesgravereaux.marret.co\/index.php\/jean-claude-pascal\/jean-claude-pascal-le-chanteur\/jean-claude-pascal-sur-disque\/","url_meta":{"origin":2227,"position":0},"title":"Jean-Claude Pascal&#8230; sur disques","author":"marretgravereaux","date":"30 juillet 2016","format":false,"excerpt":"Pendant plus de vingt-cinq ans, Jean-Claude Pascal interpr\u00e8te de nombreuses chansons, dont une tr\u00e8s grande partie l'a d\u00e9j\u00e0 \u00e9t\u00e9\u00a0par de tr\u00e8s grands artistes, mais il y ajoute son style, sa couleur et son charme naturel. Sa carri\u00e8re conna\u00eet un \u00e9lan consid\u00e9rable lorsqu\u2019en 1961, il remporte le Grand prix Eurovision de\u2026","rel":"","context":"Article similaire","block_context":{"text":"Article similaire","link":""},"img":{"alt_text":"Partition - L'Amour c'est comme un jour 2 wp","src":"https:\/\/i0.wp.com\/lesgravereaux.marret.co\/wp-content\/uploads\/2016\/05\/Partition-LAmour-cest-comme-un-jour-2-wp-805x1024.jpg?resize=350%2C200","width":350,"height":200},"classes":[]},{"id":2238,"url":"https:\/\/lesgravereaux.marret.co\/index.php\/jean-claude-pascal\/jean-claude-pascal-en-videos\/","url_meta":{"origin":2227,"position":1},"title":"Jean-Claude Pascal sur les vid\u00e9os de l&rsquo;INA","author":"marretgravereaux","date":"12 juin 2016","format":false,"excerpt":"L'Institut National de l'Audiovisuel - L'Ina - est une entreprise publique culturelle de l'audiovisuel charg\u00e9e de la sauvegarde, de la valorisation et de la transmission du patrimoine audiovisuel fran\u00e7ais. Sur son site, on trouve divers enregistrements d'anciennes \u00e9missions de t\u00e9l\u00e9vision, dont plusieurs montrent\u00a0Jean-Claude Pascal; certaines de celles-ci apparaissent ci-apr\u00e8s. Jean\u2026","rel":"","context":"Article similaire","block_context":{"text":"Article similaire","link":""},"img":{"alt_text":"ina-1","src":"https:\/\/i0.wp.com\/lesgravereaux.marret.co\/wp-content\/uploads\/2016\/09\/INA-1.png?resize=350%2C200","width":350,"height":200},"classes":[]},{"id":654,"url":"https:\/\/lesgravereaux.marret.co\/index.php\/jean-claude-pascal\/","url_meta":{"origin":2227,"position":2},"title":"Jean-Claude Pascal","author":"marretgravereaux","date":"7 mars 2016","format":false,"excerpt":"Jean-Claude VILLEMINOT est n\u00e9 \u00e0 Paris le 24 octobre 1927.Il est le fils de Roger Maurice No\u00ebl VILLEMINOT (23 d\u00e9cembre 1903 \u2013 28 mars 1928) et de Arlette Jeanne Marie Madeleine LEMOINE (18 ao\u00fbt 1908 \u2014 29 janvier 2009). Son p\u00e8re \u00e9tant d\u00e9c\u00e9d\u00e9 alors qu\u2019il n\u2019a que quelques mois, il\u2026","rel":"","context":"Article similaire","block_context":{"text":"Article similaire","link":""},"img":{"alt_text":"2004 Jean-Claude Pascal - Sa garde-robe, de l'etre au paraitre c4a","src":"https:\/\/i0.wp.com\/marret.co\/wp-content\/uploads\/2016\/03\/2004-Jean-Claude-Pascal-Sa-garde-robe-de-letre-au-paraitre-c4a-713x1024.jpg?resize=350%2C200","width":350,"height":200},"classes":[]},{"id":2262,"url":"https:\/\/lesgravereaux.marret.co\/index.php\/jean-claude-pascal\/jean-claude-pascal-le-styliste\/","url_meta":{"origin":2227,"position":3},"title":"Jean-Claude Pascal, le styliste","author":"marretgravereaux","date":"7 mai 2016","format":false,"excerpt":"En juillet 1946, Jean-Claude Pascal passe des vacances sur la C\u00f4te d\u2019Azur. Il rencontre par hasard Christian Dior, alors mod\u00e9liste; celui-ci, connaissant son inactivit\u00e9, l\u2019incite \u00e0 apprendre \u00e0 dessiner. Ce sera donc avec Ren\u00e9 Gruau, dessinateur professionnel et ami commun, que Jean-Claude Pascal s\u2019ing\u00e9niera, pendant les mois suivants, \u00ab\u00a0\u00e0 noircir\u2026","rel":"","context":"Article similaire","block_context":{"text":"Article similaire","link":""},"img":{"alt_text":"JCP - Dessin 06_wp","src":"https:\/\/i0.wp.com\/lesgravereaux.marret.co\/wp-content\/uploads\/2016\/05\/JCP-Dessin-06_wp.jpg?resize=350%2C200","width":350,"height":200},"classes":[]},{"id":2138,"url":"https:\/\/lesgravereaux.marret.co\/index.php\/jean-claude-pascal\/jean-claude-pascal-le-comedien\/","url_meta":{"origin":2227,"position":4},"title":"Jean-Claude Pascal, au th\u00e9\u00e2tre","author":"marretgravereaux","date":"4 mai 2016","format":false,"excerpt":"Jean-Claude Pascal amorce sa carri\u00e8re professionnelle en \u00e9tant styliste chez de grands couturiers. Alors qu\u2019il travaille chez Robert Piguet, on lui demande de r\u00e9aliser des costumes pour le Don Juan que Louis Jouvet met en sc\u00e8ne \u00e0 l\u2019Ath\u00e9n\u00e9e. Ce sera son premier pas dans le monde du th\u00e9\u00e2tre. Le milieu\u2026","rel":"","context":"Article similaire","block_context":{"text":"Article similaire","link":""},"img":{"alt_text":"1956 Les francais a Moscou p03 wp","src":"https:\/\/i0.wp.com\/lesgravereaux.marret.co\/wp-content\/uploads\/2016\/05\/1956-Les-francais-a-Moscou-p03-wp-656x1024.jpg?resize=350%2C200","width":350,"height":200},"classes":[]},{"id":4932,"url":"https:\/\/lesgravereaux.marret.co\/index.php\/jean-claude-pascal\/jean-claude-pascal-le-chanteur\/nous-les-amoureux\/","url_meta":{"origin":2227,"position":5},"title":"Nous les amoureux","author":"marretgravereaux","date":"18 septembre 2016","format":false,"excerpt":"Le premier disque de Jean-Claude Pascal D\u00e9j\u00e0 (La Voix de son Ma\u00eetre\u00a0 \/ Path\u00e9-Marconi), daterait de 1955; mais c\u2019est six ans plus tard que sa carri\u00e8re s\u2019envole\u2026 Le Concours Eurovision de la chanson 1961 a lieu \u00e0 Cannes, dans le Palais des Festivals, le samedi 18 mars et seize pays\u2026","rel":"","context":"Article similaire","block_context":{"text":"Article similaire","link":""},"img":{"alt_text":"Partition - Nous les amoureux wp","src":"https:\/\/i0.wp.com\/lesgravereaux.marret.co\/wp-content\/uploads\/2016\/05\/Partition-Nous-les-amoureux-wp-796x1024.jpg?resize=350%2C200","width":350,"height":200},"classes":[]}],"_links":{"self":[{"href":"https:\/\/lesgravereaux.marret.co\/index.php\/wp-json\/wp\/v2\/pages\/2227","targetHints":{"allow":["GET"]}}],"collection":[{"href":"https:\/\/lesgravereaux.marret.co\/index.php\/wp-json\/wp\/v2\/pages"}],"about":[{"href":"https:\/\/lesgravereaux.marret.co\/index.php\/wp-json\/wp\/v2\/types\/page"}],"author":[{"embeddable":true,"href":"https:\/\/lesgravereaux.marret.co\/index.php\/wp-json\/wp\/v2\/users\/1"}],"replies":[{"embeddable":true,"href":"https:\/\/lesgravereaux.marret.co\/index.php\/wp-json\/wp\/v2\/comments?post=2227"}],"version-history":[{"count":0,"href":"https:\/\/lesgravereaux.marret.co\/index.php\/wp-json\/wp\/v2\/pages\/2227\/revisions"}],"up":[{"embeddable":true,"href":"https:\/\/lesgravereaux.marret.co\/index.php\/wp-json\/wp\/v2\/pages\/654"}],"wp:attachment":[{"href":"https:\/\/lesgravereaux.marret.co\/index.php\/wp-json\/wp\/v2\/media?parent=2227"}],"curies":[{"name":"wp","href":"https:\/\/api.w.org\/{rel}","templated":true}]}}