{"id":2208,"date":"2016-05-05T03:57:07","date_gmt":"2016-05-05T02:57:07","guid":{"rendered":"http:\/\/lesgravereaux.marret.co\/?page_id=2208"},"modified":"2016-07-30T23:42:06","modified_gmt":"2016-07-30T22:42:06","slug":"jean-claude-pascal-lecrivain","status":"publish","type":"page","link":"https:\/\/lesgravereaux.marret.co\/index.php\/jean-claude-pascal\/jean-claude-pascal-lecrivain\/","title":{"rendered":"Jean-Claude Pascal, l&rsquo;\u00e9crivain"},"content":{"rendered":"<p style=\"text-align: center;\"><strong><u>Une autobiographie\u2026<\/u><\/strong><\/p>\n<p><strong><a href=\"https:\/\/i0.wp.com\/lesgravereaux.marret.co\/wp-content\/uploads\/2016\/02\/Le-beau-masque-c1-wp.jpg?ssl=1\"><img data-recalc-dims=\"1\" loading=\"lazy\" decoding=\"async\" data-attachment-id=\"277\" data-permalink=\"https:\/\/lesgravereaux.marret.co\/index.php\/jean-claude-pascal\/jean-claude-pascal-lecrivain\/le-beau-masque-c1-wp\/\" data-orig-file=\"https:\/\/i0.wp.com\/lesgravereaux.marret.co\/wp-content\/uploads\/2016\/02\/Le-beau-masque-c1-wp.jpg?fit=748%2C1181&amp;ssl=1\" data-orig-size=\"748,1181\" data-comments-opened=\"1\" data-image-meta=\"{&quot;aperture&quot;:&quot;0&quot;,&quot;credit&quot;:&quot;&quot;,&quot;camera&quot;:&quot;&quot;,&quot;caption&quot;:&quot;&quot;,&quot;created_timestamp&quot;:&quot;0&quot;,&quot;copyright&quot;:&quot;&quot;,&quot;focal_length&quot;:&quot;0&quot;,&quot;iso&quot;:&quot;0&quot;,&quot;shutter_speed&quot;:&quot;0&quot;,&quot;title&quot;:&quot;&quot;,&quot;orientation&quot;:&quot;1&quot;}\" data-image-title=\"Le beau masque c1 wp\" data-image-description=\"\" data-image-caption=\"\" data-medium-file=\"https:\/\/i0.wp.com\/lesgravereaux.marret.co\/wp-content\/uploads\/2016\/02\/Le-beau-masque-c1-wp.jpg?fit=190%2C300&amp;ssl=1\" data-large-file=\"https:\/\/i0.wp.com\/lesgravereaux.marret.co\/wp-content\/uploads\/2016\/02\/Le-beau-masque-c1-wp.jpg?fit=640%2C1010&amp;ssl=1\" class=\"wp-image-277 alignleft\" src=\"https:\/\/i0.wp.com\/lesgravereaux.marret.co\/wp-content\/uploads\/2016\/02\/Le-beau-masque-c1-wp.jpg?resize=120%2C189&#038;ssl=1\" alt=\"Le beau masque c1 wp\" width=\"120\" height=\"189\" data-wp-pid=\"277\" srcset=\"https:\/\/i0.wp.com\/lesgravereaux.marret.co\/wp-content\/uploads\/2016\/02\/Le-beau-masque-c1-wp.jpg?resize=649%2C1024&amp;ssl=1 649w, https:\/\/i0.wp.com\/lesgravereaux.marret.co\/wp-content\/uploads\/2016\/02\/Le-beau-masque-c1-wp.jpg?resize=190%2C300&amp;ssl=1 190w, https:\/\/i0.wp.com\/lesgravereaux.marret.co\/wp-content\/uploads\/2016\/02\/Le-beau-masque-c1-wp.jpg?resize=380%2C600&amp;ssl=1 380w, https:\/\/i0.wp.com\/lesgravereaux.marret.co\/wp-content\/uploads\/2016\/02\/Le-beau-masque-c1-wp.jpg?w=748&amp;ssl=1 748w\" sizes=\"auto, (max-width: 120px) 100vw, 120px\" \/><\/a>Le beau masque<\/strong><\/p>\n<p>T\u00e9moignage autobiographique d\u2019un fils de la grande bourgeoisie fran\u00e7aise qui fut successivement dessinateur-mod\u00e9liste, acteur au th\u00e9\u00e2tre, star de cin\u00e9ma, vedette de la chanson et \u00e9crivain\u2026<\/p>\n<p style=\"text-align: right;\"><em>\u00c9ditions Robert Laffont. Mars 1986.<\/em><\/p>\n<p style=\"text-align: center;\"><strong><u>Trois romans policiers\u2026<\/u><\/strong><\/p>\n<p><strong><a href=\"https:\/\/i0.wp.com\/lesgravereaux.marret.co\/wp-content\/uploads\/2016\/02\/Le-panier-de-crabes-c1-wp.jpg?ssl=1\"><img data-recalc-dims=\"1\" loading=\"lazy\" decoding=\"async\" data-attachment-id=\"281\" data-permalink=\"https:\/\/lesgravereaux.marret.co\/index.php\/jean-claude-pascal\/jean-claude-pascal-lecrivain\/le-panier-de-crabes-c1-wp\/\" data-orig-file=\"https:\/\/i0.wp.com\/lesgravereaux.marret.co\/wp-content\/uploads\/2016\/02\/Le-panier-de-crabes-c1-wp.jpg?fit=719%2C1181&amp;ssl=1\" data-orig-size=\"719,1181\" data-comments-opened=\"1\" data-image-meta=\"{&quot;aperture&quot;:&quot;0&quot;,&quot;credit&quot;:&quot;&quot;,&quot;camera&quot;:&quot;&quot;,&quot;caption&quot;:&quot;&quot;,&quot;created_timestamp&quot;:&quot;0&quot;,&quot;copyright&quot;:&quot;&quot;,&quot;focal_length&quot;:&quot;0&quot;,&quot;iso&quot;:&quot;0&quot;,&quot;shutter_speed&quot;:&quot;0&quot;,&quot;title&quot;:&quot;&quot;,&quot;orientation&quot;:&quot;1&quot;}\" data-image-title=\"Le panier de crabes c1 wp\" data-image-description=\"\" data-image-caption=\"\" data-medium-file=\"https:\/\/i0.wp.com\/lesgravereaux.marret.co\/wp-content\/uploads\/2016\/02\/Le-panier-de-crabes-c1-wp.jpg?fit=183%2C300&amp;ssl=1\" data-large-file=\"https:\/\/i0.wp.com\/lesgravereaux.marret.co\/wp-content\/uploads\/2016\/02\/Le-panier-de-crabes-c1-wp.jpg?fit=623%2C1024&amp;ssl=1\" class=\"wp-image-281 alignleft\" src=\"https:\/\/i0.wp.com\/lesgravereaux.marret.co\/wp-content\/uploads\/2016\/02\/Le-panier-de-crabes-c1-wp.jpg?resize=120%2C189&#038;ssl=1\" alt=\"Le panier de crabes c1 wp\" width=\"120\" height=\"189\" data-wp-pid=\"281\" \/><\/a>Le panier de crabes<br \/>\n(L&rsquo;\u00e9trange aventure de la Baronne von T.)<\/strong><\/p>\n<p style=\"padding-left: 30px;\">R\u00e9cit d&rsquo;un fait divers assez ahurissant\u00a0: De l&rsquo;argent, beaucoup d&rsquo;argent. Des bijoux, beaucoup de bijoux. Du flegme dans l&rsquo;horreur. Du sang-froid. Et une baronne, la baronne von T. \u00ab\u00a0T\u00a0\u00bb comme terrifiante. Et des \u00ab\u00a0baronne von T, croyez-moi, j&rsquo;en ai connu quelques-unes.\u00a0\u00a0\u00a0\u00a0 <em>J-C Pascal<\/em><\/p>\n<p style=\"text-align: right;\"><em>\u00c9ditions Fleuve Noir. Novembre 1986.<\/em><\/p>\n<p><strong><a href=\"https:\/\/i0.wp.com\/lesgravereaux.marret.co\/wp-content\/uploads\/2016\/02\/Le-fauve-c1-wp.jpg?ssl=1\"><img data-recalc-dims=\"1\" loading=\"lazy\" decoding=\"async\" data-attachment-id=\"279\" data-permalink=\"https:\/\/lesgravereaux.marret.co\/index.php\/jean-claude-pascal\/jean-claude-pascal-lecrivain\/le-fauve-c1-wp\/\" data-orig-file=\"https:\/\/i0.wp.com\/lesgravereaux.marret.co\/wp-content\/uploads\/2016\/02\/Le-fauve-c1-wp.jpg?fit=735%2C1181&amp;ssl=1\" data-orig-size=\"735,1181\" data-comments-opened=\"1\" data-image-meta=\"{&quot;aperture&quot;:&quot;0&quot;,&quot;credit&quot;:&quot;&quot;,&quot;camera&quot;:&quot;&quot;,&quot;caption&quot;:&quot;&quot;,&quot;created_timestamp&quot;:&quot;0&quot;,&quot;copyright&quot;:&quot;&quot;,&quot;focal_length&quot;:&quot;0&quot;,&quot;iso&quot;:&quot;0&quot;,&quot;shutter_speed&quot;:&quot;0&quot;,&quot;title&quot;:&quot;&quot;,&quot;orientation&quot;:&quot;1&quot;}\" data-image-title=\"Le fauve c1 wp\" data-image-description=\"\" data-image-caption=\"\" data-medium-file=\"https:\/\/i0.wp.com\/lesgravereaux.marret.co\/wp-content\/uploads\/2016\/02\/Le-fauve-c1-wp.jpg?fit=187%2C300&amp;ssl=1\" data-large-file=\"https:\/\/i0.wp.com\/lesgravereaux.marret.co\/wp-content\/uploads\/2016\/02\/Le-fauve-c1-wp.jpg?fit=637%2C1024&amp;ssl=1\" class=\"wp-image-279 alignleft\" src=\"https:\/\/i0.wp.com\/lesgravereaux.marret.co\/wp-content\/uploads\/2016\/02\/Le-fauve-c1-wp.jpg?resize=120%2C189&#038;ssl=1\" alt=\"Le fauve c1 wp\" width=\"120\" height=\"189\" data-wp-pid=\"279\" \/><\/a>Le fauve<br \/>\n(Les intrigues sournoises de la Baronne von T)<\/strong><\/p>\n<p>Une femme amoureuse. Un homme amoureux\u2026 d\u2019une autre. L\u2019autre est amoureuse\u2026 de l\u2019argent. L\u2019argent? On le cherche\u2026 on le trouve\u2026 on veut le garder! La BARONNE VON T. ne laissera pas l\u2019occasion passer\u2026 Terrifiante, machiav\u00e9lique et tortueuse, elle trouvera le moyen d\u2019exercer au d\u00e9triment des autres son diabolique et redoutable pouvoir.<\/p>\n<p>Mais\u2026 LE FAUVE, lucide, opportuniste et sournois, n\u2019est-il pas capable de la battre sur son propre terrain? Un joli duo en perspective. Il est des blessures mortelles qui ne laissent pas de traces visibles\u2026 dans un premier temps.\u00a0LA BARONNE VON T. \u2026Malheureux sont ceux qui font sa connaissance. Cette femme est dangereuse.\u00a0\u00a0\u00a0\u00a0\u00a0<em>J-C Pascal<\/em><\/p>\n<p style=\"text-align: right;\"><em>\u00c9ditions Fleuve Noir. F\u00e9vrier 1987.<\/em><\/p>\n<p><strong><a href=\"https:\/\/i0.wp.com\/lesgravereaux.marret.co\/wp-content\/uploads\/2016\/02\/La-garce-c1-wp.jpg?ssl=1\"><img data-recalc-dims=\"1\" loading=\"lazy\" decoding=\"async\" data-attachment-id=\"269\" data-permalink=\"https:\/\/lesgravereaux.marret.co\/index.php\/jean-claude-pascal\/jean-claude-pascal-lecrivain\/la-garce-c1-wp\/\" data-orig-file=\"https:\/\/i0.wp.com\/lesgravereaux.marret.co\/wp-content\/uploads\/2016\/02\/La-garce-c1-wp.jpg?fit=732%2C1181&amp;ssl=1\" data-orig-size=\"732,1181\" data-comments-opened=\"1\" data-image-meta=\"{&quot;aperture&quot;:&quot;0&quot;,&quot;credit&quot;:&quot;&quot;,&quot;camera&quot;:&quot;HP Scanjet 4800&quot;,&quot;caption&quot;:&quot;&quot;,&quot;created_timestamp&quot;:&quot;1172853355&quot;,&quot;copyright&quot;:&quot;&quot;,&quot;focal_length&quot;:&quot;0&quot;,&quot;iso&quot;:&quot;0&quot;,&quot;shutter_speed&quot;:&quot;0&quot;,&quot;title&quot;:&quot;&quot;,&quot;orientation&quot;:&quot;1&quot;}\" data-image-title=\"La garce c1 wp\" data-image-description=\"\" data-image-caption=\"\" data-medium-file=\"https:\/\/i0.wp.com\/lesgravereaux.marret.co\/wp-content\/uploads\/2016\/02\/La-garce-c1-wp.jpg?fit=186%2C300&amp;ssl=1\" data-large-file=\"https:\/\/i0.wp.com\/lesgravereaux.marret.co\/wp-content\/uploads\/2016\/02\/La-garce-c1-wp.jpg?fit=635%2C1024&amp;ssl=1\" class=\"wp-image-269 alignleft\" src=\"https:\/\/i0.wp.com\/lesgravereaux.marret.co\/wp-content\/uploads\/2016\/02\/La-garce-c1-wp.jpg?resize=120%2C189&#038;ssl=1\" alt=\"La garce c1 wp\" width=\"120\" height=\"189\" data-wp-pid=\"269\" \/><\/a>La garce<br \/>\n(L&rsquo;effroyable nature de la Baronne von T.)<\/strong><\/p>\n<p>Les m\u00eames personnages agissent sournoisement sur cet \u00e9chiquier terrifiant. \u00c9RIC, le FAUVE sera le roi noir. Le roi blanc, c\u2019est PETER SCHWEITZER, le banquier suisse! Il y en a un de trop sur ce damier brulant\u2026<\/p>\n<p>Une effroyable bataille de dames se pr\u00e9pare. LA BARONNE VON T. et sa fille SYLVIE vont s\u2019affronter au milieu des fous, des cavaliers et des pions\u2026 De ces deux femmes, laquelle sera la plus \u00ab\u00a0GARCE\u00a0\u00bb? Il faudra quelques affrontements sordides avant de pouvoir d\u00e9cider. Et si le diable s\u2019en m\u00ealait? Le diable? Ou l\u2019ignoble BARONNE\u00a0\u00a0VON T. \u2026\u00a0\u00a0\u00a0 <em>J-C Pascal<\/em><\/p>\n<p style=\"text-align: right;\"><em>\u00c9ditions Fleuve Noir. Avril 1987.<\/em><\/p>\n<p style=\"text-align: center;\"><strong><u>Deux romans<\/u><\/strong><\/p>\n<p><strong><a href=\"https:\/\/i0.wp.com\/lesgravereaux.marret.co\/wp-content\/uploads\/2016\/02\/LArc-en-ciel-de-novembre-c1-wp.jpg?ssl=1\"><img data-recalc-dims=\"1\" loading=\"lazy\" decoding=\"async\" data-attachment-id=\"275\" data-permalink=\"https:\/\/lesgravereaux.marret.co\/index.php\/jean-claude-pascal\/jean-claude-pascal-lecrivain\/larc-en-ciel-de-novembre-c1-wp\/\" data-orig-file=\"https:\/\/i0.wp.com\/lesgravereaux.marret.co\/wp-content\/uploads\/2016\/02\/LArc-en-ciel-de-novembre-c1-wp.jpg?fit=750%2C1181&amp;ssl=1\" data-orig-size=\"750,1181\" data-comments-opened=\"1\" data-image-meta=\"{&quot;aperture&quot;:&quot;0&quot;,&quot;credit&quot;:&quot;&quot;,&quot;camera&quot;:&quot;&quot;,&quot;caption&quot;:&quot;&quot;,&quot;created_timestamp&quot;:&quot;0&quot;,&quot;copyright&quot;:&quot;&quot;,&quot;focal_length&quot;:&quot;0&quot;,&quot;iso&quot;:&quot;0&quot;,&quot;shutter_speed&quot;:&quot;0&quot;,&quot;title&quot;:&quot;&quot;,&quot;orientation&quot;:&quot;1&quot;}\" data-image-title=\"L&amp;rsquo;Arc-en-ciel de novembre c1 wp\" data-image-description=\"\" data-image-caption=\"\" data-medium-file=\"https:\/\/i0.wp.com\/lesgravereaux.marret.co\/wp-content\/uploads\/2016\/02\/LArc-en-ciel-de-novembre-c1-wp.jpg?fit=191%2C300&amp;ssl=1\" data-large-file=\"https:\/\/i0.wp.com\/lesgravereaux.marret.co\/wp-content\/uploads\/2016\/02\/LArc-en-ciel-de-novembre-c1-wp.jpg?fit=640%2C1008&amp;ssl=1\" class=\"wp-image-275 alignleft\" src=\"https:\/\/i0.wp.com\/lesgravereaux.marret.co\/wp-content\/uploads\/2016\/02\/LArc-en-ciel-de-novembre-c1-wp.jpg?resize=120%2C189&#038;ssl=1\" alt=\"L'Arc-en-ciel de novembre c1 wp\" width=\"120\" height=\"189\" data-wp-pid=\"275\" srcset=\"https:\/\/i0.wp.com\/lesgravereaux.marret.co\/wp-content\/uploads\/2016\/02\/LArc-en-ciel-de-novembre-c1-wp.jpg?resize=650%2C1024&amp;ssl=1 650w, https:\/\/i0.wp.com\/lesgravereaux.marret.co\/wp-content\/uploads\/2016\/02\/LArc-en-ciel-de-novembre-c1-wp.jpg?resize=191%2C300&amp;ssl=1 191w, https:\/\/i0.wp.com\/lesgravereaux.marret.co\/wp-content\/uploads\/2016\/02\/LArc-en-ciel-de-novembre-c1-wp.jpg?resize=381%2C600&amp;ssl=1 381w, https:\/\/i0.wp.com\/lesgravereaux.marret.co\/wp-content\/uploads\/2016\/02\/LArc-en-ciel-de-novembre-c1-wp.jpg?w=750&amp;ssl=1 750w\" sizes=\"auto, (max-width: 120px) 100vw, 120px\" \/><\/a>L\u2019Arc-en-ciel de novembre<br \/>\n(Un Cardinal venu d\u2019Espagne\u2026)<\/strong><\/p>\n<p>De Barcelone \u00e0 Madrid, de Paris \u00e0 New York, Carlos Ortega nous fait traverser le si\u00e8cle, les heures tumultueuses de la \u00ab\u00a0dr\u00f4le de guerre\u00a0\u00bb. Jeune orphelin espagnol recueilli par des religieux, il s&rsquo;exilera en Am\u00e9rique, deviendra pianiste de renom, fera salle comble \u00e0 Carnegie Hall et finira ses jours cardinal, en Italie.<\/p>\n<p>Un grand roman d&rsquo;apprentissage o\u00f9 l&rsquo;on accompagne un homme en qu\u00eate d&rsquo;absolu, en proie au doute. Un homme ordinaire au destin extraordinaire, hant\u00e9 par la musique depuis son plus jeune \u00e2ge, confront\u00e9 \u00e0 des temp\u00e9raments volcaniques et attachants, \u00e0 Marie, qui lui voue un amour violent.<\/p>\n<p style=\"text-align: right;\"><em>\u00c9ditions du Rocher. Janvier 1989.<\/em><\/p>\n<p><strong><a href=\"https:\/\/i0.wp.com\/lesgravereaux.marret.co\/wp-content\/uploads\/2016\/03\/Lenfant-et-les-giboulees-c1-wp.jpg?ssl=1\"><img data-recalc-dims=\"1\" loading=\"lazy\" decoding=\"async\" data-attachment-id=\"333\" data-permalink=\"https:\/\/lesgravereaux.marret.co\/index.php\/jean-claude-pascal\/jean-claude-pascal-lecrivain\/lenfant-et-les-giboulees-c1-wp\/\" data-orig-file=\"https:\/\/i0.wp.com\/lesgravereaux.marret.co\/wp-content\/uploads\/2016\/03\/Lenfant-et-les-giboulees-c1-wp.jpg?fit=700%2C1181&amp;ssl=1\" data-orig-size=\"700,1181\" data-comments-opened=\"1\" data-image-meta=\"{&quot;aperture&quot;:&quot;0&quot;,&quot;credit&quot;:&quot;&quot;,&quot;camera&quot;:&quot;&quot;,&quot;caption&quot;:&quot;&quot;,&quot;created_timestamp&quot;:&quot;0&quot;,&quot;copyright&quot;:&quot;&quot;,&quot;focal_length&quot;:&quot;0&quot;,&quot;iso&quot;:&quot;0&quot;,&quot;shutter_speed&quot;:&quot;0&quot;,&quot;title&quot;:&quot;&quot;,&quot;orientation&quot;:&quot;1&quot;}\" data-image-title=\"L&amp;rsquo;enfant et les giboulees c1 wp\" data-image-description=\"\" data-image-caption=\"\" data-medium-file=\"https:\/\/i0.wp.com\/lesgravereaux.marret.co\/wp-content\/uploads\/2016\/03\/Lenfant-et-les-giboulees-c1-wp.jpg?fit=178%2C300&amp;ssl=1\" data-large-file=\"https:\/\/i0.wp.com\/lesgravereaux.marret.co\/wp-content\/uploads\/2016\/03\/Lenfant-et-les-giboulees-c1-wp.jpg?fit=607%2C1024&amp;ssl=1\" class=\"wp-image-333 alignleft\" src=\"https:\/\/i0.wp.com\/lesgravereaux.marret.co\/wp-content\/uploads\/2016\/03\/Lenfant-et-les-giboulees-c1-wp.jpg?resize=120%2C189&#038;ssl=1\" alt=\"L'enfant et les giboulees c1 wp\" width=\"120\" height=\"189\" data-wp-pid=\"333\" \/><\/a>L&rsquo;enfant et les giboul\u00e9es<\/strong><\/p>\n<p>Aupr\u00e8s de ses grands-parents, Michel grandit au rythme de longues promenades, \u00e0 la d\u00e9couverte d&rsquo;une nature qui ne cesse de le bouleverser.\u00a0Michel vient d&rsquo;avoir sept ans. Sa m\u00e8re qui vit \u00e0 Paris dans une atmosph\u00e8re \u00e9tourdissante d\u00e9cide soudain de le reprendre. Contraint de partir, l&rsquo;enfant est plong\u00e9 dans un monde aux antipodes du sien, un monde trouve artificiel, peu amical, celui de la ville et des mondanit\u00e9s, celui du Paris des Ann\u00e9es Folles. Commencent alors les d\u00e9chirements, les fugues, les retrouvailles, les disputes familiales, et cette complicit\u00e9 exceptionnelle entre Michel et son oncle. Une tendresse qui sauvera Alexis de l&rsquo;isolement, lui offrant le fils qu&rsquo;il n&rsquo;a jamais eu.<\/p>\n<p style=\"text-align: right;\"><em>\u00c9ditions du Rocher. F\u00e9vrier 1990.\u00a0Presses Pocket. 1991.<\/em><\/p>\n<p style=\"text-align: center;\"><strong><u>Deux biographies historiques\u2026<\/u><\/strong><\/p>\n<p><strong><a href=\"https:\/\/i0.wp.com\/lesgravereaux.marret.co\/wp-content\/uploads\/2016\/02\/La-reine-maudite-c1-wp.jpg?ssl=1\"><img data-recalc-dims=\"1\" loading=\"lazy\" decoding=\"async\" data-attachment-id=\"271\" data-permalink=\"https:\/\/lesgravereaux.marret.co\/index.php\/jean-claude-pascal\/jean-claude-pascal-lecrivain\/la-reine-maudite-c1-wp\/\" data-orig-file=\"https:\/\/i0.wp.com\/lesgravereaux.marret.co\/wp-content\/uploads\/2016\/02\/La-reine-maudite-c1-wp.jpg?fit=760%2C1181&amp;ssl=1\" data-orig-size=\"760,1181\" data-comments-opened=\"1\" data-image-meta=\"{&quot;aperture&quot;:&quot;0&quot;,&quot;credit&quot;:&quot;&quot;,&quot;camera&quot;:&quot;&quot;,&quot;caption&quot;:&quot;&quot;,&quot;created_timestamp&quot;:&quot;0&quot;,&quot;copyright&quot;:&quot;&quot;,&quot;focal_length&quot;:&quot;0&quot;,&quot;iso&quot;:&quot;0&quot;,&quot;shutter_speed&quot;:&quot;0&quot;,&quot;title&quot;:&quot;&quot;,&quot;orientation&quot;:&quot;1&quot;}\" data-image-title=\"La reine maudite c1 wp\" data-image-description=\"\" data-image-caption=\"\" data-medium-file=\"https:\/\/i0.wp.com\/lesgravereaux.marret.co\/wp-content\/uploads\/2016\/02\/La-reine-maudite-c1-wp.jpg?fit=193%2C300&amp;ssl=1\" data-large-file=\"https:\/\/i0.wp.com\/lesgravereaux.marret.co\/wp-content\/uploads\/2016\/02\/La-reine-maudite-c1-wp.jpg?fit=640%2C994&amp;ssl=1\" class=\"wp-image-271 alignleft\" src=\"https:\/\/i0.wp.com\/lesgravereaux.marret.co\/wp-content\/uploads\/2016\/02\/La-reine-maudite-c1-wp.jpg?resize=120%2C189&#038;ssl=1\" alt=\"La reine maudite c1 wp\" width=\"120\" height=\"189\" data-wp-pid=\"271\" \/><\/a>La Reine maudite, le dossier Marie Stuart<\/strong><\/p>\n<p>Marie Stuart, la reine maudite, l\u2019une des figures les plus fascinantes de l\u2019Histoire, l\u2019un des destins les plus tragiques, celui d\u2019une femme orgueilleuse, d\u00e9chir\u00e9e, imprudente, traversant avec fougue une \u00e9poque violente, esclave de son amour du pouvoir\u2026<\/p>\n<p>Jean-Claude Pascal est aussi \u2014 seul un cercle d&rsquo;intimes le savait \u2014 un historien qui poss\u00e8de une biblioth\u00e8que et accumule une documentation consid\u00e9rable depuis sa jeunesse sur les XVI, XVIIe. XVIIIe si\u00e8cles. Il nous livre \u00e0 pr\u00e9sent le fruit d&rsquo;un travail acharn\u00e9, m\u00e9ticuleux et passionn\u00e9.<\/p>\n<p style=\"text-align: right;\"><em>\u00c9ditions du Rocher. Mars 1988.<\/em><\/p>\n<p><strong><a href=\"https:\/\/i0.wp.com\/lesgravereaux.marret.co\/wp-content\/uploads\/2016\/02\/Lamant-du-roi-c1-wp.jpg?ssl=1\"><img data-recalc-dims=\"1\" loading=\"lazy\" decoding=\"async\" data-attachment-id=\"273\" data-permalink=\"https:\/\/lesgravereaux.marret.co\/index.php\/jean-claude-pascal\/jean-claude-pascal-lecrivain\/lamant-du-roi-c1-wp\/\" data-orig-file=\"https:\/\/i0.wp.com\/lesgravereaux.marret.co\/wp-content\/uploads\/2016\/02\/Lamant-du-roi-c1-wp.jpg?fit=833%2C1181&amp;ssl=1\" data-orig-size=\"833,1181\" data-comments-opened=\"1\" data-image-meta=\"{&quot;aperture&quot;:&quot;0&quot;,&quot;credit&quot;:&quot;&quot;,&quot;camera&quot;:&quot;HP Scanjet 4800&quot;,&quot;caption&quot;:&quot;&quot;,&quot;created_timestamp&quot;:&quot;1172853149&quot;,&quot;copyright&quot;:&quot;&quot;,&quot;focal_length&quot;:&quot;0&quot;,&quot;iso&quot;:&quot;0&quot;,&quot;shutter_speed&quot;:&quot;0&quot;,&quot;title&quot;:&quot;&quot;,&quot;orientation&quot;:&quot;1&quot;}\" data-image-title=\"L&amp;rsquo;amant du roi c1 wp\" data-image-description=\"\" data-image-caption=\"\" data-medium-file=\"https:\/\/i0.wp.com\/lesgravereaux.marret.co\/wp-content\/uploads\/2016\/02\/Lamant-du-roi-c1-wp.jpg?fit=212%2C300&amp;ssl=1\" data-large-file=\"https:\/\/i0.wp.com\/lesgravereaux.marret.co\/wp-content\/uploads\/2016\/02\/Lamant-du-roi-c1-wp.jpg?fit=640%2C908&amp;ssl=1\" class=\"wp-image-273 alignleft\" src=\"https:\/\/i0.wp.com\/lesgravereaux.marret.co\/wp-content\/uploads\/2016\/02\/Lamant-du-roi-c1-wp.jpg?resize=120%2C189&#038;ssl=1\" alt=\"L'amant du roi c1 wp\" width=\"120\" height=\"189\" data-wp-pid=\"273\" \/><\/a>L\u2019amant du Roi, Louis XIII \u2013 Luynes<\/strong><\/p>\n<p>Charles d&rsquo;Albert de Luynes., gentilhomme opportuniste et chaleureux aime les honneurs, l&rsquo;or et les femmes\u00a0; Louis XIII a dix ans. Luynes devient le compagnon de chasse, le consolateur et le favori, dans toute l&rsquo;acception du terme. Il sera un conseiller d\u00e9vou\u00e9 pour ce prince humili\u00e9 par sa m\u00e8re, terroris\u00e9 par son m\u00e9tier de roi.<\/p>\n<p>Jean-Claude Pascal, \u00e0 l&rsquo;inverse des historiens qui l&rsquo;ont pr\u00e9c\u00e9d\u00e9, s&rsquo;est particuli\u00e8rement attach\u00e9 \u00e0 la vie priv\u00e9e et \u00e0 la psychologie de Louis XIII ; on visite l&rsquo;\u00e9trange personnalit\u00e9 du Roi comme un mus\u00e9e des curiosit\u00e9s : pervers, voyeur, solitaire, taciturne, sournois, sadique, et surtout malheureux.<\/p>\n<p style=\"text-align: right;\"><em>\u00c9ditions du Rocher. Mai 1991.<\/em><\/p>\n<p style=\"text-align: center;\">~~~<\/p>\n<p>&nbsp;<\/p>\n","protected":false},"excerpt":{"rendered":"<p>Une autobiographie\u2026 Le beau masque T\u00e9moignage autobiographique d\u2019un fils de la grande bourgeoisie fran\u00e7aise qui fut successivement dessinateur-mod\u00e9liste, acteur au th\u00e9\u00e2tre, star de cin\u00e9ma, vedette de la chanson et \u00e9crivain\u2026 \u00c9ditions Robert Laffont. Mars 1986. Trois romans policiers\u2026 Le panier &hellip; <a href=\"https:\/\/lesgravereaux.marret.co\/index.php\/jean-claude-pascal\/jean-claude-pascal-lecrivain\/\">Continuer la lecture <span class=\"meta-nav\">&rarr;<\/span><\/a><\/p>\n","protected":false},"author":1,"featured_media":0,"parent":654,"menu_order":0,"comment_status":"closed","ping_status":"closed","template":"","meta":{"ngg_post_thumbnail":0,"jetpack_post_was_ever_published":false,"footnotes":""},"class_list":["post-2208","page","type-page","status-publish","hentry"],"jetpack_sharing_enabled":true,"jetpack_shortlink":"https:\/\/wp.me\/P7ERyi-zC","jetpack-related-posts":[],"_links":{"self":[{"href":"https:\/\/lesgravereaux.marret.co\/index.php\/wp-json\/wp\/v2\/pages\/2208","targetHints":{"allow":["GET"]}}],"collection":[{"href":"https:\/\/lesgravereaux.marret.co\/index.php\/wp-json\/wp\/v2\/pages"}],"about":[{"href":"https:\/\/lesgravereaux.marret.co\/index.php\/wp-json\/wp\/v2\/types\/page"}],"author":[{"embeddable":true,"href":"https:\/\/lesgravereaux.marret.co\/index.php\/wp-json\/wp\/v2\/users\/1"}],"replies":[{"embeddable":true,"href":"https:\/\/lesgravereaux.marret.co\/index.php\/wp-json\/wp\/v2\/comments?post=2208"}],"version-history":[{"count":0,"href":"https:\/\/lesgravereaux.marret.co\/index.php\/wp-json\/wp\/v2\/pages\/2208\/revisions"}],"up":[{"embeddable":true,"href":"https:\/\/lesgravereaux.marret.co\/index.php\/wp-json\/wp\/v2\/pages\/654"}],"wp:attachment":[{"href":"https:\/\/lesgravereaux.marret.co\/index.php\/wp-json\/wp\/v2\/media?parent=2208"}],"curies":[{"name":"wp","href":"https:\/\/api.w.org\/{rel}","templated":true}]}}