{"id":2169,"date":"2016-05-04T15:58:37","date_gmt":"2016-05-04T14:58:37","guid":{"rendered":"http:\/\/lesgravereaux.marret.co\/?page_id=2169"},"modified":"2022-06-21T22:06:45","modified_gmt":"2022-06-21T21:06:45","slug":"la-dame-aux-camelias-1952","status":"publish","type":"page","link":"https:\/\/lesgravereaux.marret.co\/index.php\/jean-claude-pascal\/jean-claude-pascal-le-comedien\/la-dame-aux-camelias-1952\/","title":{"rendered":"La dame aux cam\u00e9lias"},"content":{"rendered":"<p><a href=\"https:\/\/i0.wp.com\/lesgravereaux.marret.co\/wp-content\/uploads\/2016\/05\/Anatole-Jean-Jean-Claude-Pascal-le-bel-elegant-p23_wp.jpg?ssl=1\"><img data-recalc-dims=\"1\" loading=\"lazy\" decoding=\"async\" data-attachment-id=\"2173\" data-permalink=\"https:\/\/lesgravereaux.marret.co\/index.php\/jean-claude-pascal\/jean-claude-pascal-le-comedien\/la-dame-aux-camelias-1952\/anatole-jean-jean-claude-pascal-le-bel-elegant-p23_wp\/\" data-orig-file=\"https:\/\/i0.wp.com\/lesgravereaux.marret.co\/wp-content\/uploads\/2016\/05\/Anatole-Jean-Jean-Claude-Pascal-le-bel-elegant-p23_wp.jpg?fit=1093%2C1575&amp;ssl=1\" data-orig-size=\"1093,1575\" data-comments-opened=\"1\" data-image-meta=\"{&quot;aperture&quot;:&quot;0&quot;,&quot;credit&quot;:&quot;&quot;,&quot;camera&quot;:&quot;HP pstc5100&quot;,&quot;caption&quot;:&quot;&quot;,&quot;created_timestamp&quot;:&quot;1456941532&quot;,&quot;copyright&quot;:&quot;&quot;,&quot;focal_length&quot;:&quot;0&quot;,&quot;iso&quot;:&quot;0&quot;,&quot;shutter_speed&quot;:&quot;0&quot;,&quot;title&quot;:&quot;&quot;,&quot;orientation&quot;:&quot;1&quot;}\" data-image-title=\"Anatole, Jean &amp;#8211; Jean-Claude Pascal, le bel elegant p23_wp\" data-image-description=\"\" data-image-caption=\"\" data-medium-file=\"https:\/\/i0.wp.com\/lesgravereaux.marret.co\/wp-content\/uploads\/2016\/05\/Anatole-Jean-Jean-Claude-Pascal-le-bel-elegant-p23_wp.jpg?fit=208%2C300&amp;ssl=1\" data-large-file=\"https:\/\/i0.wp.com\/lesgravereaux.marret.co\/wp-content\/uploads\/2016\/05\/Anatole-Jean-Jean-Claude-Pascal-le-bel-elegant-p23_wp.jpg?fit=640%2C922&amp;ssl=1\" class=\"wp-image-2173 alignright\" src=\"https:\/\/i0.wp.com\/lesgravereaux.marret.co\/wp-content\/uploads\/2016\/05\/Anatole-Jean-Jean-Claude-Pascal-le-bel-elegant-p23_wp.jpg?resize=331%2C477&#038;ssl=1\" alt=\"Anatole, Jean - Jean-Claude Pascal, le bel elegant p23_wp\" width=\"331\" height=\"477\" data-wp-pid=\"2173\" srcset=\"https:\/\/i0.wp.com\/lesgravereaux.marret.co\/wp-content\/uploads\/2016\/05\/Anatole-Jean-Jean-Claude-Pascal-le-bel-elegant-p23_wp.jpg?resize=711%2C1024&amp;ssl=1 711w, https:\/\/i0.wp.com\/lesgravereaux.marret.co\/wp-content\/uploads\/2016\/05\/Anatole-Jean-Jean-Claude-Pascal-le-bel-elegant-p23_wp.jpg?resize=208%2C300&amp;ssl=1 208w, https:\/\/i0.wp.com\/lesgravereaux.marret.co\/wp-content\/uploads\/2016\/05\/Anatole-Jean-Jean-Claude-Pascal-le-bel-elegant-p23_wp.jpg?resize=768%2C1107&amp;ssl=1 768w, https:\/\/i0.wp.com\/lesgravereaux.marret.co\/wp-content\/uploads\/2016\/05\/Anatole-Jean-Jean-Claude-Pascal-le-bel-elegant-p23_wp.jpg?resize=800%2C1153&amp;ssl=1 800w, https:\/\/i0.wp.com\/lesgravereaux.marret.co\/wp-content\/uploads\/2016\/05\/Anatole-Jean-Jean-Claude-Pascal-le-bel-elegant-p23_wp.jpg?resize=416%2C600&amp;ssl=1 416w, https:\/\/i0.wp.com\/lesgravereaux.marret.co\/wp-content\/uploads\/2016\/05\/Anatole-Jean-Jean-Claude-Pascal-le-bel-elegant-p23_wp.jpg?w=1093&amp;ssl=1 1093w\" sizes=\"auto, (max-width: 331px) 100vw, 331px\" \/><\/a>Jean-Claude Pascal a commenc\u00e9 sa carri\u00e8re de com\u00e9dien en 1949, au c\u00f4t\u00e9 de la \u00ab&nbsp;grande&nbsp;\u00bb Edwige Feuill\u00e8re. Malgr\u00e9 une audition peu r\u00e9ussie, elle a cru en lui et l&rsquo;a engag\u00e9 pour \u00eatre son&nbsp;Armand Duval dans La Dame aux Cam\u00e9lias. La premi\u00e8re pr\u00e9sentation de la pi\u00e8ce,&nbsp;\u00e0 \u00c9vian, est un triomphe&#8230;<\/p>\n<p>Revenu en coulisses, Jean-Claude Pascal \u00e9clate en sanglots et Edwige Feuill\u00e8re lui murmure alors&nbsp;\u00ab&nbsp;<strong><em>Je m&rsquo;en doutais, petit imb\u00e9cile, que vous aviez du talent&nbsp;<\/em>\u00bb!<\/strong><\/p>\n<p>Ils partent alors en tourn\u00e9e avant de revenir&nbsp;jouer cette pi\u00e8ce \u00e0 Paris de 1950 \u00e0 1952.<\/p>\n<p>&nbsp;<\/p>\n<p style=\"text-align: right;\"><span style=\"font-size: 10pt;\"><em>Photo publi\u00e9e dans&nbsp;:<br \/>\nAnatole, Jean &#8211; Jean-Claude Pascal, le bel \u00e9l\u00e9gant<\/em><\/span><\/p>\n<hr>\n<p><a href=\"https:\/\/i0.wp.com\/lesgravereaux.marret.co\/wp-content\/uploads\/2016\/03\/1952-La-Dame-aux-camelias-c1-wp.jpg?ssl=1\"><img data-recalc-dims=\"1\" loading=\"lazy\" decoding=\"async\" data-attachment-id=\"306\" data-permalink=\"https:\/\/lesgravereaux.marret.co\/index.php\/jean-claude-pascal\/jean-claude-pascal-le-comedien\/la-dame-aux-camelias-1952\/1952-la-dame-aux-camelias-c1-wp\/\" data-orig-file=\"https:\/\/i0.wp.com\/lesgravereaux.marret.co\/wp-content\/uploads\/2016\/03\/1952-La-Dame-aux-camelias-c1-wp.jpg?fit=849%2C1181&amp;ssl=1\" data-orig-size=\"849,1181\" data-comments-opened=\"1\" data-image-meta=\"{&quot;aperture&quot;:&quot;0&quot;,&quot;credit&quot;:&quot;&quot;,&quot;camera&quot;:&quot;&quot;,&quot;caption&quot;:&quot;&quot;,&quot;created_timestamp&quot;:&quot;0&quot;,&quot;copyright&quot;:&quot;&quot;,&quot;focal_length&quot;:&quot;0&quot;,&quot;iso&quot;:&quot;0&quot;,&quot;shutter_speed&quot;:&quot;0&quot;,&quot;title&quot;:&quot;&quot;,&quot;orientation&quot;:&quot;1&quot;}\" data-image-title=\"1952 La Dame aux camelias c1 wp\" data-image-description=\"\" data-image-caption=\"\" data-medium-file=\"https:\/\/i0.wp.com\/lesgravereaux.marret.co\/wp-content\/uploads\/2016\/03\/1952-La-Dame-aux-camelias-c1-wp.jpg?fit=216%2C300&amp;ssl=1\" data-large-file=\"https:\/\/i0.wp.com\/lesgravereaux.marret.co\/wp-content\/uploads\/2016\/03\/1952-La-Dame-aux-camelias-c1-wp.jpg?fit=640%2C890&amp;ssl=1\" class=\"alignnone wp-image-306\" src=\"https:\/\/i0.wp.com\/lesgravereaux.marret.co\/wp-content\/uploads\/2016\/03\/1952-La-Dame-aux-camelias-c1-wp.jpg?resize=309%2C433&#038;ssl=1\" alt=\"1952 La Dame aux camelias c1 wp\" width=\"309\" height=\"433\" data-wp-pid=\"306\"><\/a>&nbsp;<a href=\"https:\/\/i0.wp.com\/lesgravereaux.marret.co\/wp-content\/uploads\/2016\/03\/1952-La-Dame-aux-camelias-p01-wp.jpg?ssl=1\"><img data-recalc-dims=\"1\" loading=\"lazy\" decoding=\"async\" data-attachment-id=\"307\" data-permalink=\"https:\/\/lesgravereaux.marret.co\/index.php\/jean-claude-pascal\/jean-claude-pascal-le-comedien\/la-dame-aux-camelias-1952\/1952-la-dame-aux-camelias-p01-wp\/\" data-orig-file=\"https:\/\/i0.wp.com\/lesgravereaux.marret.co\/wp-content\/uploads\/2016\/03\/1952-La-Dame-aux-camelias-p01-wp.jpg?fit=847%2C1181&amp;ssl=1\" data-orig-size=\"847,1181\" data-comments-opened=\"1\" data-image-meta=\"{&quot;aperture&quot;:&quot;0&quot;,&quot;credit&quot;:&quot;&quot;,&quot;camera&quot;:&quot;&quot;,&quot;caption&quot;:&quot;&quot;,&quot;created_timestamp&quot;:&quot;0&quot;,&quot;copyright&quot;:&quot;&quot;,&quot;focal_length&quot;:&quot;0&quot;,&quot;iso&quot;:&quot;0&quot;,&quot;shutter_speed&quot;:&quot;0&quot;,&quot;title&quot;:&quot;&quot;,&quot;orientation&quot;:&quot;1&quot;}\" data-image-title=\"1952 La Dame aux camelias p01 wp\" data-image-description=\"\" data-image-caption=\"\" data-medium-file=\"https:\/\/i0.wp.com\/lesgravereaux.marret.co\/wp-content\/uploads\/2016\/03\/1952-La-Dame-aux-camelias-p01-wp.jpg?fit=215%2C300&amp;ssl=1\" data-large-file=\"https:\/\/i0.wp.com\/lesgravereaux.marret.co\/wp-content\/uploads\/2016\/03\/1952-La-Dame-aux-camelias-p01-wp.jpg?fit=640%2C893&amp;ssl=1\" class=\"alignnone wp-image-307\" src=\"https:\/\/i0.wp.com\/lesgravereaux.marret.co\/wp-content\/uploads\/2016\/03\/1952-La-Dame-aux-camelias-p01-wp.jpg?resize=309%2C433&#038;ssl=1\" alt=\"1952 La Dame aux camelias p01 wp\" width=\"309\" height=\"433\" data-wp-pid=\"307\" srcset=\"https:\/\/i0.wp.com\/lesgravereaux.marret.co\/wp-content\/uploads\/2016\/03\/1952-La-Dame-aux-camelias-p01-wp.jpg?resize=215%2C300&amp;ssl=1 215w, https:\/\/i0.wp.com\/lesgravereaux.marret.co\/wp-content\/uploads\/2016\/03\/1952-La-Dame-aux-camelias-p01-wp.jpg?zoom=2&amp;resize=309%2C433&amp;ssl=1 618w\" sizes=\"auto, (max-width: 309px) 100vw, 309px\" \/><\/a><\/p>\n<p><a href=\"https:\/\/i0.wp.com\/lesgravereaux.marret.co\/wp-content\/uploads\/2016\/03\/1952-La-Dame-aux-camelias-p16-17-wp.jpg?ssl=1\"><img data-recalc-dims=\"1\" loading=\"lazy\" decoding=\"async\" data-attachment-id=\"310\" data-permalink=\"https:\/\/lesgravereaux.marret.co\/index.php\/jean-claude-pascal\/jean-claude-pascal-le-comedien\/la-dame-aux-camelias-1952\/1952-la-dame-aux-camelias-p16-17-wp\/\" data-orig-file=\"https:\/\/i0.wp.com\/lesgravereaux.marret.co\/wp-content\/uploads\/2016\/03\/1952-La-Dame-aux-camelias-p16-17-wp.jpg?fit=1781%2C1181&amp;ssl=1\" data-orig-size=\"1781,1181\" data-comments-opened=\"1\" data-image-meta=\"{&quot;aperture&quot;:&quot;0&quot;,&quot;credit&quot;:&quot;&quot;,&quot;camera&quot;:&quot;&quot;,&quot;caption&quot;:&quot;&quot;,&quot;created_timestamp&quot;:&quot;0&quot;,&quot;copyright&quot;:&quot;&quot;,&quot;focal_length&quot;:&quot;0&quot;,&quot;iso&quot;:&quot;0&quot;,&quot;shutter_speed&quot;:&quot;0&quot;,&quot;title&quot;:&quot;&quot;,&quot;orientation&quot;:&quot;1&quot;}\" data-image-title=\"1952 La Dame aux camelias p16-17 wp\" data-image-description=\"\" data-image-caption=\"\" data-medium-file=\"https:\/\/i0.wp.com\/lesgravereaux.marret.co\/wp-content\/uploads\/2016\/03\/1952-La-Dame-aux-camelias-p16-17-wp.jpg?fit=300%2C199&amp;ssl=1\" data-large-file=\"https:\/\/i0.wp.com\/lesgravereaux.marret.co\/wp-content\/uploads\/2016\/03\/1952-La-Dame-aux-camelias-p16-17-wp.jpg?fit=640%2C424&amp;ssl=1\" class=\"alignnone size-large wp-image-310\" src=\"https:\/\/i0.wp.com\/lesgravereaux.marret.co\/wp-content\/uploads\/2016\/03\/1952-La-Dame-aux-camelias-p16-17-wp.jpg?resize=640%2C424&#038;ssl=1\" alt=\"1952 La Dame aux camelias p16-17 wp\" width=\"640\" height=\"424\" data-wp-pid=\"310\" srcset=\"https:\/\/i0.wp.com\/lesgravereaux.marret.co\/wp-content\/uploads\/2016\/03\/1952-La-Dame-aux-camelias-p16-17-wp.jpg?resize=1024%2C679&amp;ssl=1 1024w, https:\/\/i0.wp.com\/lesgravereaux.marret.co\/wp-content\/uploads\/2016\/03\/1952-La-Dame-aux-camelias-p16-17-wp.jpg?resize=300%2C199&amp;ssl=1 300w, https:\/\/i0.wp.com\/lesgravereaux.marret.co\/wp-content\/uploads\/2016\/03\/1952-La-Dame-aux-camelias-p16-17-wp.jpg?resize=768%2C509&amp;ssl=1 768w, https:\/\/i0.wp.com\/lesgravereaux.marret.co\/wp-content\/uploads\/2016\/03\/1952-La-Dame-aux-camelias-p16-17-wp.jpg?resize=800%2C530&amp;ssl=1 800w, https:\/\/i0.wp.com\/lesgravereaux.marret.co\/wp-content\/uploads\/2016\/03\/1952-La-Dame-aux-camelias-p16-17-wp.jpg?resize=600%2C398&amp;ssl=1 600w, https:\/\/i0.wp.com\/lesgravereaux.marret.co\/wp-content\/uploads\/2016\/03\/1952-La-Dame-aux-camelias-p16-17-wp.jpg?w=1781&amp;ssl=1 1781w, https:\/\/i0.wp.com\/lesgravereaux.marret.co\/wp-content\/uploads\/2016\/03\/1952-La-Dame-aux-camelias-p16-17-wp.jpg?w=1280&amp;ssl=1 1280w\" sizes=\"auto, (max-width: 640px) 100vw, 640px\" \/><\/a><\/p>\n<p><a href=\"https:\/\/i0.wp.com\/lesgravereaux.marret.co\/wp-content\/uploads\/2016\/03\/1952-La-Dame-aux-camelias-p11-wp.jpg?ssl=1\"><img data-recalc-dims=\"1\" loading=\"lazy\" decoding=\"async\" data-attachment-id=\"309\" data-permalink=\"https:\/\/lesgravereaux.marret.co\/index.php\/jean-claude-pascal\/jean-claude-pascal-le-comedien\/la-dame-aux-camelias-1952\/1952-la-dame-aux-camelias-p11-wp\/\" data-orig-file=\"https:\/\/i0.wp.com\/lesgravereaux.marret.co\/wp-content\/uploads\/2016\/03\/1952-La-Dame-aux-camelias-p11-wp.jpg?fit=824%2C1181&amp;ssl=1\" data-orig-size=\"824,1181\" data-comments-opened=\"1\" data-image-meta=\"{&quot;aperture&quot;:&quot;0&quot;,&quot;credit&quot;:&quot;&quot;,&quot;camera&quot;:&quot;&quot;,&quot;caption&quot;:&quot;&quot;,&quot;created_timestamp&quot;:&quot;0&quot;,&quot;copyright&quot;:&quot;&quot;,&quot;focal_length&quot;:&quot;0&quot;,&quot;iso&quot;:&quot;0&quot;,&quot;shutter_speed&quot;:&quot;0&quot;,&quot;title&quot;:&quot;&quot;,&quot;orientation&quot;:&quot;1&quot;}\" data-image-title=\"1952 La Dame aux camelias p11 wp\" data-image-description=\"\" data-image-caption=\"\" data-medium-file=\"https:\/\/i0.wp.com\/lesgravereaux.marret.co\/wp-content\/uploads\/2016\/03\/1952-La-Dame-aux-camelias-p11-wp.jpg?fit=209%2C300&amp;ssl=1\" data-large-file=\"https:\/\/i0.wp.com\/lesgravereaux.marret.co\/wp-content\/uploads\/2016\/03\/1952-La-Dame-aux-camelias-p11-wp.jpg?fit=640%2C918&amp;ssl=1\" class=\"alignnone wp-image-309\" src=\"https:\/\/i0.wp.com\/lesgravereaux.marret.co\/wp-content\/uploads\/2016\/03\/1952-La-Dame-aux-camelias-p11-wp.jpg?resize=302%2C434&#038;ssl=1\" alt=\"1952 La Dame aux camelias p11 wp\" width=\"302\" height=\"434\" data-wp-pid=\"309\" srcset=\"https:\/\/i0.wp.com\/lesgravereaux.marret.co\/wp-content\/uploads\/2016\/03\/1952-La-Dame-aux-camelias-p11-wp.jpg?resize=714%2C1024&amp;ssl=1 714w, https:\/\/i0.wp.com\/lesgravereaux.marret.co\/wp-content\/uploads\/2016\/03\/1952-La-Dame-aux-camelias-p11-wp.jpg?resize=209%2C300&amp;ssl=1 209w, https:\/\/i0.wp.com\/lesgravereaux.marret.co\/wp-content\/uploads\/2016\/03\/1952-La-Dame-aux-camelias-p11-wp.jpg?resize=768%2C1101&amp;ssl=1 768w, https:\/\/i0.wp.com\/lesgravereaux.marret.co\/wp-content\/uploads\/2016\/03\/1952-La-Dame-aux-camelias-p11-wp.jpg?resize=800%2C1147&amp;ssl=1 800w, https:\/\/i0.wp.com\/lesgravereaux.marret.co\/wp-content\/uploads\/2016\/03\/1952-La-Dame-aux-camelias-p11-wp.jpg?w=824&amp;ssl=1 824w\" sizes=\"auto, (max-width: 302px) 100vw, 302px\" \/>&nbsp;<\/a><a href=\"https:\/\/i0.wp.com\/lesgravereaux.marret.co\/wp-content\/uploads\/2016\/03\/1952-La-Dame-aux-camelias-p07-wp.jpg?ssl=1\"><img data-recalc-dims=\"1\" loading=\"lazy\" decoding=\"async\" data-attachment-id=\"308\" data-permalink=\"https:\/\/lesgravereaux.marret.co\/index.php\/jean-claude-pascal\/jean-claude-pascal-le-comedien\/la-dame-aux-camelias-1952\/1952-la-dame-aux-camelias-p07-wp\/\" data-orig-file=\"https:\/\/i0.wp.com\/lesgravereaux.marret.co\/wp-content\/uploads\/2016\/03\/1952-La-Dame-aux-camelias-p07-wp.jpg?fit=843%2C1181&amp;ssl=1\" data-orig-size=\"843,1181\" data-comments-opened=\"1\" data-image-meta=\"{&quot;aperture&quot;:&quot;0&quot;,&quot;credit&quot;:&quot;&quot;,&quot;camera&quot;:&quot;&quot;,&quot;caption&quot;:&quot;&quot;,&quot;created_timestamp&quot;:&quot;0&quot;,&quot;copyright&quot;:&quot;&quot;,&quot;focal_length&quot;:&quot;0&quot;,&quot;iso&quot;:&quot;0&quot;,&quot;shutter_speed&quot;:&quot;0&quot;,&quot;title&quot;:&quot;&quot;,&quot;orientation&quot;:&quot;1&quot;}\" data-image-title=\"1952 La Dame aux camelias p07 wp\" data-image-description=\"\" data-image-caption=\"\" data-medium-file=\"https:\/\/i0.wp.com\/lesgravereaux.marret.co\/wp-content\/uploads\/2016\/03\/1952-La-Dame-aux-camelias-p07-wp.jpg?fit=214%2C300&amp;ssl=1\" data-large-file=\"https:\/\/i0.wp.com\/lesgravereaux.marret.co\/wp-content\/uploads\/2016\/03\/1952-La-Dame-aux-camelias-p07-wp.jpg?fit=640%2C897&amp;ssl=1\" class=\"alignnone wp-image-308\" src=\"https:\/\/i0.wp.com\/lesgravereaux.marret.co\/wp-content\/uploads\/2016\/03\/1952-La-Dame-aux-camelias-p07-wp.jpg?resize=309%2C433&#038;ssl=1\" alt=\"1952 La Dame aux camelias p07 wp\" width=\"309\" height=\"433\" data-wp-pid=\"308\" srcset=\"https:\/\/i0.wp.com\/lesgravereaux.marret.co\/wp-content\/uploads\/2016\/03\/1952-La-Dame-aux-camelias-p07-wp.jpg?resize=731%2C1024&amp;ssl=1 731w, https:\/\/i0.wp.com\/lesgravereaux.marret.co\/wp-content\/uploads\/2016\/03\/1952-La-Dame-aux-camelias-p07-wp.jpg?resize=214%2C300&amp;ssl=1 214w, https:\/\/i0.wp.com\/lesgravereaux.marret.co\/wp-content\/uploads\/2016\/03\/1952-La-Dame-aux-camelias-p07-wp.jpg?resize=768%2C1076&amp;ssl=1 768w, https:\/\/i0.wp.com\/lesgravereaux.marret.co\/wp-content\/uploads\/2016\/03\/1952-La-Dame-aux-camelias-p07-wp.jpg?resize=800%2C1121&amp;ssl=1 800w, https:\/\/i0.wp.com\/lesgravereaux.marret.co\/wp-content\/uploads\/2016\/03\/1952-La-Dame-aux-camelias-p07-wp.jpg?resize=428%2C600&amp;ssl=1 428w, https:\/\/i0.wp.com\/lesgravereaux.marret.co\/wp-content\/uploads\/2016\/03\/1952-La-Dame-aux-camelias-p07-wp.jpg?w=843&amp;ssl=1 843w\" sizes=\"auto, (max-width: 309px) 100vw, 309px\" \/><\/a><\/p>\n","protected":false},"excerpt":{"rendered":"<p>Jean-Claude Pascal a commenc\u00e9 sa carri\u00e8re de com\u00e9dien en 1949, au c\u00f4t\u00e9 de la \u00ab&nbsp;grande&nbsp;\u00bb Edwige Feuill\u00e8re. Malgr\u00e9 une audition peu r\u00e9ussie, elle a cru en lui et l&rsquo;a engag\u00e9 pour \u00eatre son&nbsp;Armand Duval dans La Dame aux Cam\u00e9lias. La &hellip; <a href=\"https:\/\/lesgravereaux.marret.co\/index.php\/jean-claude-pascal\/jean-claude-pascal-le-comedien\/la-dame-aux-camelias-1952\/\">Continuer la lecture <span class=\"meta-nav\">&rarr;<\/span><\/a><\/p>\n","protected":false},"author":1,"featured_media":0,"parent":2138,"menu_order":0,"comment_status":"closed","ping_status":"closed","template":"","meta":{"ngg_post_thumbnail":0,"jetpack_post_was_ever_published":false,"footnotes":""},"class_list":["post-2169","page","type-page","status-publish","hentry"],"jetpack_sharing_enabled":true,"jetpack_shortlink":"https:\/\/wp.me\/P7ERyi-yZ","jetpack-related-posts":[{"id":2138,"url":"https:\/\/lesgravereaux.marret.co\/index.php\/jean-claude-pascal\/jean-claude-pascal-le-comedien\/","url_meta":{"origin":2169,"position":0},"title":"Jean-Claude Pascal, au th\u00e9\u00e2tre","author":"marretgravereaux","date":"4 mai 2016","format":false,"excerpt":"Jean-Claude Pascal amorce sa carri\u00e8re professionnelle en \u00e9tant styliste chez de grands couturiers. Alors qu\u2019il travaille chez Robert Piguet, on lui demande de r\u00e9aliser des costumes pour le Don Juan que Louis Jouvet met en sc\u00e8ne \u00e0 l\u2019Ath\u00e9n\u00e9e. Ce sera son premier pas dans le monde du th\u00e9\u00e2tre. Le milieu\u2026","rel":"","context":"Article similaire","block_context":{"text":"Article similaire","link":""},"img":{"alt_text":"1956 Les francais a Moscou p03 wp","src":"https:\/\/i0.wp.com\/lesgravereaux.marret.co\/wp-content\/uploads\/2016\/05\/1956-Les-francais-a-Moscou-p03-wp-656x1024.jpg?resize=350%2C200","width":350,"height":200},"classes":[]},{"id":654,"url":"https:\/\/lesgravereaux.marret.co\/index.php\/jean-claude-pascal\/","url_meta":{"origin":2169,"position":1},"title":"Jean-Claude Pascal","author":"marretgravereaux","date":"7 mars 2016","format":false,"excerpt":"Jean-Claude VILLEMINOT est n\u00e9 \u00e0 Paris le 24 octobre 1927.Il est le fils de Roger Maurice No\u00ebl VILLEMINOT (23 d\u00e9cembre 1903 \u2013 28 mars 1928) et de Arlette Jeanne Marie Madeleine LEMOINE (18 ao\u00fbt 1908 \u2014 29 janvier 2009). Son p\u00e8re \u00e9tant d\u00e9c\u00e9d\u00e9 alors qu\u2019il n\u2019a que quelques mois, il\u2026","rel":"","context":"Article similaire","block_context":{"text":"Article similaire","link":""},"img":{"alt_text":"2004 Jean-Claude Pascal - Sa garde-robe, de l'etre au paraitre c4a","src":"https:\/\/i0.wp.com\/marret.co\/wp-content\/uploads\/2016\/03\/2004-Jean-Claude-Pascal-Sa-garde-robe-de-letre-au-paraitre-c4a-713x1024.jpg?resize=350%2C200","width":350,"height":200},"classes":[]},{"id":2262,"url":"https:\/\/lesgravereaux.marret.co\/index.php\/jean-claude-pascal\/jean-claude-pascal-le-styliste\/","url_meta":{"origin":2169,"position":2},"title":"Jean-Claude Pascal, le styliste","author":"marretgravereaux","date":"7 mai 2016","format":false,"excerpt":"En juillet 1946, Jean-Claude Pascal passe des vacances sur la C\u00f4te d\u2019Azur. Il rencontre par hasard Christian Dior, alors mod\u00e9liste; celui-ci, connaissant son inactivit\u00e9, l\u2019incite \u00e0 apprendre \u00e0 dessiner. Ce sera donc avec Ren\u00e9 Gruau, dessinateur professionnel et ami commun, que Jean-Claude Pascal s\u2019ing\u00e9niera, pendant les mois suivants, \u00ab\u00a0\u00e0 noircir\u2026","rel":"","context":"Article similaire","block_context":{"text":"Article similaire","link":""},"img":{"alt_text":"JCP - Dessin 06_wp","src":"https:\/\/i0.wp.com\/lesgravereaux.marret.co\/wp-content\/uploads\/2016\/05\/JCP-Dessin-06_wp.jpg?resize=350%2C200","width":350,"height":200},"classes":[]},{"id":2377,"url":"https:\/\/lesgravereaux.marret.co\/index.php\/la-famille-gravereaux\/la-famille-gravereaux-au-theatre\/","url_meta":{"origin":2169,"position":3},"title":"La famille Gravereaux au th\u00e9\u00e2tre","author":"marretgravereaux","date":"9 mai 2016","format":false,"excerpt":"En se mariant avec Laure Thuillier, Jules Gravereaux entrait dans une famille au talent artistique ind\u00e9niable. Sa belle-s\u0153ur, Louise Victoire Thuillier avait remport\u00e9 un premier prix de piano et un 1er prix de solf\u00e8ge au Conservatoire; elle fit d\u2019ailleurs carri\u00e8re \u00e0 l\u2019Op\u00e9ra-Comique et \u00e0 la Gait\u00e9 Lyrique, o\u00f9 elle cr\u00e9a\u2026","rel":"","context":"Article similaire","block_context":{"text":"Article similaire","link":""},"img":{"alt_text":"1903-03-30 Gravereaux, Jules - Spectacle (Journal des debats) 2_wp","src":"https:\/\/i0.wp.com\/lesgravereaux.marret.co\/wp-content\/uploads\/2016\/05\/1903-03-30-Gravereaux-Jules-Spectacle-Journal-des-debats-2_wp-1024x683.jpg?resize=350%2C200","width":350,"height":200},"classes":[]},{"id":2197,"url":"https:\/\/lesgravereaux.marret.co\/index.php\/jean-claude-pascal\/jean-claude-pascal-le-comedien\/les-amants-terribles\/","url_meta":{"origin":2169,"position":4},"title":"Les amants terribles","author":"marretgravereaux","date":"5 mai 2016","format":false,"excerpt":"La pi\u00e8ce de No\u00ebl\u00a0Coward, Les amants terribles, aurait \u00e9t\u00e9 jou\u00e9e pour une premi\u00e8re fois \u00e0 Paris, au Th\u00e9\u00e2tre Michel puis adapt\u00e9e pour le cin\u00e9ma en 1936. \u00a0 Elle a \u00e9t\u00e9 reprise en avril 1973, au Th\u00e9\u00e2tre Montparnasse, alors que Jean-Claude Pascal y jouait aux c\u00f4t\u00e9s de Danielle Darrieux, Agathe Natanson,\u2026","rel":"","context":"Article similaire","block_context":{"text":"Article similaire","link":""},"img":{"alt_text":"1973 - Les amants terribles p05 wp","src":"https:\/\/i0.wp.com\/lesgravereaux.marret.co\/wp-content\/uploads\/2016\/05\/1973-Les-amants-terribles-p05-wp-669x1024.jpg?resize=350%2C200","width":350,"height":200},"classes":[]},{"id":2238,"url":"https:\/\/lesgravereaux.marret.co\/index.php\/jean-claude-pascal\/jean-claude-pascal-en-videos\/","url_meta":{"origin":2169,"position":5},"title":"Jean-Claude Pascal sur les vid\u00e9os de l&rsquo;INA","author":"marretgravereaux","date":"12 juin 2016","format":false,"excerpt":"L'Institut National de l'Audiovisuel - L'Ina - est une entreprise publique culturelle de l'audiovisuel charg\u00e9e de la sauvegarde, de la valorisation et de la transmission du patrimoine audiovisuel fran\u00e7ais. Sur son site, on trouve divers enregistrements d'anciennes \u00e9missions de t\u00e9l\u00e9vision, dont plusieurs montrent\u00a0Jean-Claude Pascal; certaines de celles-ci apparaissent ci-apr\u00e8s. Jean\u2026","rel":"","context":"Article similaire","block_context":{"text":"Article similaire","link":""},"img":{"alt_text":"ina-1","src":"https:\/\/i0.wp.com\/lesgravereaux.marret.co\/wp-content\/uploads\/2016\/09\/INA-1.png?resize=350%2C200","width":350,"height":200},"classes":[]}],"_links":{"self":[{"href":"https:\/\/lesgravereaux.marret.co\/index.php\/wp-json\/wp\/v2\/pages\/2169","targetHints":{"allow":["GET"]}}],"collection":[{"href":"https:\/\/lesgravereaux.marret.co\/index.php\/wp-json\/wp\/v2\/pages"}],"about":[{"href":"https:\/\/lesgravereaux.marret.co\/index.php\/wp-json\/wp\/v2\/types\/page"}],"author":[{"embeddable":true,"href":"https:\/\/lesgravereaux.marret.co\/index.php\/wp-json\/wp\/v2\/users\/1"}],"replies":[{"embeddable":true,"href":"https:\/\/lesgravereaux.marret.co\/index.php\/wp-json\/wp\/v2\/comments?post=2169"}],"version-history":[{"count":1,"href":"https:\/\/lesgravereaux.marret.co\/index.php\/wp-json\/wp\/v2\/pages\/2169\/revisions"}],"predecessor-version":[{"id":22983,"href":"https:\/\/lesgravereaux.marret.co\/index.php\/wp-json\/wp\/v2\/pages\/2169\/revisions\/22983"}],"up":[{"embeddable":true,"href":"https:\/\/lesgravereaux.marret.co\/index.php\/wp-json\/wp\/v2\/pages\/2138"}],"wp:attachment":[{"href":"https:\/\/lesgravereaux.marret.co\/index.php\/wp-json\/wp\/v2\/media?parent=2169"}],"curies":[{"name":"wp","href":"https:\/\/api.w.org\/{rel}","templated":true}]}}