{"id":2138,"date":"2016-05-04T04:28:23","date_gmt":"2016-05-04T03:28:23","guid":{"rendered":"http:\/\/lesgravereaux.marret.co\/?page_id=2138"},"modified":"2016-09-16T00:32:41","modified_gmt":"2016-09-15T23:32:41","slug":"jean-claude-pascal-le-comedien","status":"publish","type":"page","link":"https:\/\/lesgravereaux.marret.co\/index.php\/jean-claude-pascal\/jean-claude-pascal-le-comedien\/","title":{"rendered":"Jean-Claude Pascal, au th\u00e9\u00e2tre"},"content":{"rendered":"<p>Jean-Claude Pascal amorce sa carri\u00e8re professionnelle en \u00e9tant styliste chez de grands couturiers. Alors qu\u2019il travaille chez Robert Piguet, on lui demande de r\u00e9aliser des costumes pour le <em>Don Juan<\/em> que Louis Jouvet met en sc\u00e8ne \u00e0 l\u2019Ath\u00e9n\u00e9e. Ce sera son premier pas dans le monde du th\u00e9\u00e2tre.<\/p>\n<p><a href=\"https:\/\/i0.wp.com\/lesgravereaux.marret.co\/wp-content\/uploads\/2016\/05\/1956-Les-francais-a-Moscou-p03-wp.jpg?ssl=1\"><img data-recalc-dims=\"1\" loading=\"lazy\" decoding=\"async\" data-attachment-id=\"2140\" data-permalink=\"https:\/\/lesgravereaux.marret.co\/index.php\/jean-claude-pascal\/jean-claude-pascal-le-comedien\/1956-les-francais-a-moscou-p03-wp-2\/\" data-orig-file=\"https:\/\/i0.wp.com\/lesgravereaux.marret.co\/wp-content\/uploads\/2016\/05\/1956-Les-francais-a-Moscou-p03-wp.jpg?fit=757%2C1181&amp;ssl=1\" data-orig-size=\"757,1181\" data-comments-opened=\"1\" data-image-meta=\"{&quot;aperture&quot;:&quot;0&quot;,&quot;credit&quot;:&quot;&quot;,&quot;camera&quot;:&quot;&quot;,&quot;caption&quot;:&quot;&quot;,&quot;created_timestamp&quot;:&quot;0&quot;,&quot;copyright&quot;:&quot;&quot;,&quot;focal_length&quot;:&quot;0&quot;,&quot;iso&quot;:&quot;0&quot;,&quot;shutter_speed&quot;:&quot;0&quot;,&quot;title&quot;:&quot;&quot;,&quot;orientation&quot;:&quot;1&quot;}\" data-image-title=\"1956 Les francais a Moscou p03 wp\" data-image-description=\"\" data-image-caption=\"\" data-medium-file=\"https:\/\/i0.wp.com\/lesgravereaux.marret.co\/wp-content\/uploads\/2016\/05\/1956-Les-francais-a-Moscou-p03-wp.jpg?fit=192%2C300&amp;ssl=1\" data-large-file=\"https:\/\/i0.wp.com\/lesgravereaux.marret.co\/wp-content\/uploads\/2016\/05\/1956-Les-francais-a-Moscou-p03-wp.jpg?fit=640%2C999&amp;ssl=1\" class=\"wp-image-2140 alignright\" src=\"https:\/\/i0.wp.com\/lesgravereaux.marret.co\/wp-content\/uploads\/2016\/05\/1956-Les-francais-a-Moscou-p03-wp.jpg?resize=305%2C476&#038;ssl=1\" alt=\"1956 Les francais a Moscou p03 wp\" width=\"305\" height=\"476\" data-wp-pid=\"2140\" srcset=\"https:\/\/i0.wp.com\/lesgravereaux.marret.co\/wp-content\/uploads\/2016\/05\/1956-Les-francais-a-Moscou-p03-wp.jpg?resize=656%2C1024&amp;ssl=1 656w, https:\/\/i0.wp.com\/lesgravereaux.marret.co\/wp-content\/uploads\/2016\/05\/1956-Les-francais-a-Moscou-p03-wp.jpg?resize=192%2C300&amp;ssl=1 192w, https:\/\/i0.wp.com\/lesgravereaux.marret.co\/wp-content\/uploads\/2016\/05\/1956-Les-francais-a-Moscou-p03-wp.jpg?resize=385%2C600&amp;ssl=1 385w, https:\/\/i0.wp.com\/lesgravereaux.marret.co\/wp-content\/uploads\/2016\/05\/1956-Les-francais-a-Moscou-p03-wp.jpg?w=757&amp;ssl=1 757w\" sizes=\"auto, (max-width: 305px) 100vw, 305px\" \/><\/a>Le milieu le fascine et il d\u00e9cide, en 1948, de s\u2019inscrire au Cours Simon; il y travaille comme un forcen\u00e9 pour apprendre le m\u00e9tier de com\u00e9dien\u2026 L\u2019ann\u00e9e suivant, Edwige Feuill\u00e8re cherchant un partenaire pour jouer au th\u00e9\u00e2tre, Ren\u00e9 Simon lui envoie Jean-Claude Pascal pour passer une audition. Celui-ci n\u2019a pas appris la sc\u00e8ne souhait\u00e9e, se trompe, mais Edwige Feuill\u00e8re d\u00e9c\u00e8le son talent et l\u2019engage pour interpr\u00e9ter <em>Armand Duval<\/em> dans <a href=\"https:\/\/lesgravereaux.marret.co\/index.php\/la-dame-aux-camelias-1952\/\"><strong><em>La dame aux cam\u00e9lias<\/em><\/strong><\/a>. La premi\u00e8re repr\u00e9sentation, \u00e0 \u00c9vian, est un succ\u00e8s, et Jean-Claude Pascal amorce sa carri\u00e8re de com\u00e9dien.<\/p>\n<p>Mais il a aussi \u00e9t\u00e9 rep\u00e9r\u00e9 par des r\u00e9alisateurs qui l\u2019entra\u00eenent \u00e0 jouer dans leurs films; et il les encha\u00eene, les uns apr\u00e8s les autres. En 1955, c\u2019est comme chanteur qu\u2019il fait ses d\u00e9buts et l\u00e0 encore, il conna\u00eet le succ\u00e8s.<\/p>\n<p>Pendant toute sa carri\u00e8re artistique, il ne montera donc sur sc\u00e8ne qu\u2019\u00e0 quelques reprises, jouant dans<\/p>\n<ul>\n<li style=\"padding-left: 30px;\"><a href=\"https:\/\/lesgravereaux.marret.co\/index.php\/la-femme-en-blanc\/\">La femme en blanc<\/a><\/li>\n<li style=\"padding-left: 30px;\"><a href=\"https:\/\/lesgravereaux.marret.co\/index.php\/les-francais-a-moscou\/\">Les Fran\u00e7ais \u00e0 Moscou<\/a><\/li>\n<li style=\"padding-left: 30px;\"><a href=\"https:\/\/lesgravereaux.marret.co\/index.php\/les-amants-terribles\/\">Les amants terribles<\/a>.<\/li>\n<\/ul>\n<p>Il appara\u00eetra \u00e9galement\u00a0dans des pi\u00e8ces film\u00e9es pour la t\u00e9l\u00e9vision, dans le cadre de l&rsquo;\u00e9mission\u00a0<em>Au th\u00e9\u00e2tre ce soir<\/em>\u00a0:<\/p>\n<ul>\n<li style=\"padding-left: 30px;\">Les Fran\u00e7ais \u00e0 Moscou<\/li>\n<li style=\"padding-left: 30px;\"><a href=\"https:\/\/lesgravereaux.marret.co\/index.php\/adieu-prudence\/\">Adieu Prudence<\/a>.<\/li>\n<\/ul>\n<p>Curieux et polyvalent, il reviendra au th\u00e9\u00e2tre en 1982 alors qu&rsquo;il concevra les costumes, cr\u00e9era les d\u00e9cors\u00a0et assurera la mise en sc\u00e8ne de <em>B\u00e9r\u00e9nice<\/em>, de Racine,\u00a0\u00e0 l&rsquo;auditorium Maurice Ravel, lors du 37<sup>e<\/sup> Festival\u00a0de Lyon.<\/p>\n<p>La t\u00e9l\u00e9vision fran\u00e7aise (TF1) en fait \u00e9tat dans l&rsquo;\u00e9mission <strong>Pleins feux<\/strong> du 27 juin 1982.<\/p>\n<blockquote><p>A l&rsquo;auditorium Maurice Ravel de Lyon, Jean Claude PASCAL a mis en sc\u00e8ne \u00ab\u00a0B\u00e9r\u00e9nice\u00a0\u00bb de RACINE. Il parle de sa conception de l&rsquo;oeuvre. Extrait, montrant les splendides costumes qu&rsquo;a dessin\u00e9s Jean Claude PASCAL pour la pi\u00e8ce.<\/p><\/blockquote>\n<p><iframe loading=\"lazy\" src=\"https:\/\/player.ina.fr\/player\/embed\/CPA8205336903\/1\/1b0bd203fbcd702f9bc9b10ac3d0fc21\/620\/349\/0\" width=\"620\" height=\"349\" frameborder=\"0\" marginwidth=\"0\" marginheight=\"0\" scrolling=\"no\"><\/iframe><\/p>\n","protected":false},"excerpt":{"rendered":"<p>Jean-Claude Pascal amorce sa carri\u00e8re professionnelle en \u00e9tant styliste chez de grands couturiers. Alors qu\u2019il travaille chez Robert Piguet, on lui demande de r\u00e9aliser des costumes pour le Don Juan que Louis Jouvet met en sc\u00e8ne \u00e0 l\u2019Ath\u00e9n\u00e9e. Ce sera &hellip; <a href=\"https:\/\/lesgravereaux.marret.co\/index.php\/jean-claude-pascal\/jean-claude-pascal-le-comedien\/\">Continuer la lecture <span class=\"meta-nav\">&rarr;<\/span><\/a><\/p>\n","protected":false},"author":1,"featured_media":0,"parent":654,"menu_order":0,"comment_status":"closed","ping_status":"closed","template":"","meta":{"ngg_post_thumbnail":0,"jetpack_post_was_ever_published":false,"footnotes":""},"class_list":["post-2138","page","type-page","status-publish","hentry"],"jetpack_sharing_enabled":true,"jetpack_shortlink":"https:\/\/wp.me\/P7ERyi-yu","jetpack-related-posts":[{"id":2169,"url":"https:\/\/lesgravereaux.marret.co\/index.php\/jean-claude-pascal\/jean-claude-pascal-le-comedien\/la-dame-aux-camelias-1952\/","url_meta":{"origin":2138,"position":0},"title":"La dame aux cam\u00e9lias","author":"marretgravereaux","date":"4 mai 2016","format":false,"excerpt":"Jean-Claude Pascal a commenc\u00e9 sa carri\u00e8re de com\u00e9dien en 1949, au c\u00f4t\u00e9 de la \u00ab\u00a0grande\u00a0\u00bb Edwige Feuill\u00e8re. Malgr\u00e9 une audition peu r\u00e9ussie, elle a cru en lui et l'a engag\u00e9 pour \u00eatre son\u00a0Armand Duval dans La Dame aux Cam\u00e9lias. La premi\u00e8re pr\u00e9sentation de la pi\u00e8ce,\u00a0\u00e0 \u00c9vian, est un triomphe... Revenu\u2026","rel":"","context":"Article similaire","block_context":{"text":"Article similaire","link":""},"img":{"alt_text":"Anatole, Jean - Jean-Claude Pascal, le bel elegant p23_wp","src":"https:\/\/i0.wp.com\/lesgravereaux.marret.co\/wp-content\/uploads\/2016\/05\/Anatole-Jean-Jean-Claude-Pascal-le-bel-elegant-p23_wp-711x1024.jpg?resize=350%2C200","width":350,"height":200},"classes":[]},{"id":654,"url":"https:\/\/lesgravereaux.marret.co\/index.php\/jean-claude-pascal\/","url_meta":{"origin":2138,"position":1},"title":"Jean-Claude Pascal","author":"marretgravereaux","date":"7 mars 2016","format":false,"excerpt":"Jean-Claude VILLEMINOT est n\u00e9 \u00e0 Paris le 24 octobre 1927.Il est le fils de Roger Maurice No\u00ebl VILLEMINOT (23 d\u00e9cembre 1903 \u2013 28 mars 1928) et de Arlette Jeanne Marie Madeleine LEMOINE (18 ao\u00fbt 1908 \u2014 29 janvier 2009). Son p\u00e8re \u00e9tant d\u00e9c\u00e9d\u00e9 alors qu\u2019il n\u2019a que quelques mois, il\u2026","rel":"","context":"Article similaire","block_context":{"text":"Article similaire","link":""},"img":{"alt_text":"2004 Jean-Claude Pascal - Sa garde-robe, de l'etre au paraitre c4a","src":"https:\/\/i0.wp.com\/marret.co\/wp-content\/uploads\/2016\/03\/2004-Jean-Claude-Pascal-Sa-garde-robe-de-letre-au-paraitre-c4a-713x1024.jpg?resize=350%2C200","width":350,"height":200},"classes":[]},{"id":2262,"url":"https:\/\/lesgravereaux.marret.co\/index.php\/jean-claude-pascal\/jean-claude-pascal-le-styliste\/","url_meta":{"origin":2138,"position":2},"title":"Jean-Claude Pascal, le styliste","author":"marretgravereaux","date":"7 mai 2016","format":false,"excerpt":"En juillet 1946, Jean-Claude Pascal passe des vacances sur la C\u00f4te d\u2019Azur. Il rencontre par hasard Christian Dior, alors mod\u00e9liste; celui-ci, connaissant son inactivit\u00e9, l\u2019incite \u00e0 apprendre \u00e0 dessiner. Ce sera donc avec Ren\u00e9 Gruau, dessinateur professionnel et ami commun, que Jean-Claude Pascal s\u2019ing\u00e9niera, pendant les mois suivants, \u00ab\u00a0\u00e0 noircir\u2026","rel":"","context":"Article similaire","block_context":{"text":"Article similaire","link":""},"img":{"alt_text":"JCP - Dessin 06_wp","src":"https:\/\/i0.wp.com\/lesgravereaux.marret.co\/wp-content\/uploads\/2016\/05\/JCP-Dessin-06_wp.jpg?resize=350%2C200","width":350,"height":200},"classes":[]},{"id":2189,"url":"https:\/\/lesgravereaux.marret.co\/index.php\/jean-claude-pascal\/jean-claude-pascal-le-comedien\/les-francais-a-moscou\/","url_meta":{"origin":2138,"position":3},"title":"Les fran\u00e7ais \u00e0 Moscou","author":"marretgravereaux","date":"5 mai 2016","format":false,"excerpt":"\u00c0 la fin de l\u2019ann\u00e9e 1956, Jean-Claude Pascal se rend \u00e0 Alger pour la premi\u00e8re repr\u00e9sentation de la pi\u00e8ce en trois actes de Pol Quentin\u00a0Les Fran\u00e7ais \u00e0 Moscou (Mise en sc\u00e8ne de Jacques Charon).\u00a0La guerre d\u2019Alg\u00e9rie est en marche et, pendant la repr\u00e9sentation, les bombes \u00e9clatent en ville... L'histoire En\u2026","rel":"","context":"Article similaire","block_context":{"text":"Article similaire","link":""},"img":{"alt_text":"1956 Les francais a Moscou - Programme jpg wp","src":"https:\/\/i0.wp.com\/lesgravereaux.marret.co\/wp-content\/uploads\/2016\/05\/1956-Les-francais-a-Moscou-Programme-jpg-wp-679x1024.jpg?resize=350%2C200","width":350,"height":200},"classes":[]},{"id":2238,"url":"https:\/\/lesgravereaux.marret.co\/index.php\/jean-claude-pascal\/jean-claude-pascal-en-videos\/","url_meta":{"origin":2138,"position":4},"title":"Jean-Claude Pascal sur les vid\u00e9os de l&rsquo;INA","author":"marretgravereaux","date":"12 juin 2016","format":false,"excerpt":"L'Institut National de l'Audiovisuel - L'Ina - est une entreprise publique culturelle de l'audiovisuel charg\u00e9e de la sauvegarde, de la valorisation et de la transmission du patrimoine audiovisuel fran\u00e7ais. Sur son site, on trouve divers enregistrements d'anciennes \u00e9missions de t\u00e9l\u00e9vision, dont plusieurs montrent\u00a0Jean-Claude Pascal; certaines de celles-ci apparaissent ci-apr\u00e8s. Jean\u2026","rel":"","context":"Article similaire","block_context":{"text":"Article similaire","link":""},"img":{"alt_text":"ina-1","src":"https:\/\/i0.wp.com\/lesgravereaux.marret.co\/wp-content\/uploads\/2016\/09\/INA-1.png?resize=350%2C200","width":350,"height":200},"classes":[]},{"id":2197,"url":"https:\/\/lesgravereaux.marret.co\/index.php\/jean-claude-pascal\/jean-claude-pascal-le-comedien\/les-amants-terribles\/","url_meta":{"origin":2138,"position":5},"title":"Les amants terribles","author":"marretgravereaux","date":"5 mai 2016","format":false,"excerpt":"La pi\u00e8ce de No\u00ebl\u00a0Coward, Les amants terribles, aurait \u00e9t\u00e9 jou\u00e9e pour une premi\u00e8re fois \u00e0 Paris, au Th\u00e9\u00e2tre Michel puis adapt\u00e9e pour le cin\u00e9ma en 1936. \u00a0 Elle a \u00e9t\u00e9 reprise en avril 1973, au Th\u00e9\u00e2tre Montparnasse, alors que Jean-Claude Pascal y jouait aux c\u00f4t\u00e9s de Danielle Darrieux, Agathe Natanson,\u2026","rel":"","context":"Article similaire","block_context":{"text":"Article similaire","link":""},"img":{"alt_text":"1973 - Les amants terribles p05 wp","src":"https:\/\/i0.wp.com\/lesgravereaux.marret.co\/wp-content\/uploads\/2016\/05\/1973-Les-amants-terribles-p05-wp-669x1024.jpg?resize=350%2C200","width":350,"height":200},"classes":[]}],"_links":{"self":[{"href":"https:\/\/lesgravereaux.marret.co\/index.php\/wp-json\/wp\/v2\/pages\/2138","targetHints":{"allow":["GET"]}}],"collection":[{"href":"https:\/\/lesgravereaux.marret.co\/index.php\/wp-json\/wp\/v2\/pages"}],"about":[{"href":"https:\/\/lesgravereaux.marret.co\/index.php\/wp-json\/wp\/v2\/types\/page"}],"author":[{"embeddable":true,"href":"https:\/\/lesgravereaux.marret.co\/index.php\/wp-json\/wp\/v2\/users\/1"}],"replies":[{"embeddable":true,"href":"https:\/\/lesgravereaux.marret.co\/index.php\/wp-json\/wp\/v2\/comments?post=2138"}],"version-history":[{"count":0,"href":"https:\/\/lesgravereaux.marret.co\/index.php\/wp-json\/wp\/v2\/pages\/2138\/revisions"}],"up":[{"embeddable":true,"href":"https:\/\/lesgravereaux.marret.co\/index.php\/wp-json\/wp\/v2\/pages\/654"}],"wp:attachment":[{"href":"https:\/\/lesgravereaux.marret.co\/index.php\/wp-json\/wp\/v2\/media?parent=2138"}],"curies":[{"name":"wp","href":"https:\/\/api.w.org\/{rel}","templated":true}]}}