{"id":2129,"date":"2016-05-01T23:21:10","date_gmt":"2016-05-01T22:21:10","guid":{"rendered":"http:\/\/lesgravereaux.marret.co\/?page_id=2129"},"modified":"2016-06-12T16:14:49","modified_gmt":"2016-06-12T15:14:49","slug":"pique-nique-a-la-roseraie-juin-2011","status":"publish","type":"page","link":"https:\/\/lesgravereaux.marret.co\/index.php\/571-2\/pique-nique-a-la-roseraie-juin-2011\/","title":{"rendered":"juin 2011 &#8211; Pique-nique \u00e0 la roseraie"},"content":{"rendered":"<p><a href=\"https:\/\/i0.wp.com\/lesgravereaux.marret.co\/wp-content\/uploads\/2016\/05\/2011-06-06-Le-Parisien_wp.jpg?ssl=1\"><img data-recalc-dims=\"1\" loading=\"lazy\" decoding=\"async\" data-attachment-id=\"2124\" data-permalink=\"https:\/\/lesgravereaux.marret.co\/index.php\/571-2\/pique-nique-a-la-roseraie-juin-2011\/httpwww-leparisien-frimprimer-phpurlhttpwww-leparisi\/\" data-orig-file=\"https:\/\/i0.wp.com\/lesgravereaux.marret.co\/wp-content\/uploads\/2016\/05\/2011-06-06-Le-Parisien_wp.jpg?fit=1181%2C919&amp;ssl=1\" data-orig-size=\"1181,919\" data-comments-opened=\"1\" data-image-meta=\"{&quot;aperture&quot;:&quot;0&quot;,&quot;credit&quot;:&quot;Jean-Luc&quot;,&quot;camera&quot;:&quot;&quot;,&quot;caption&quot;:&quot;&quot;,&quot;created_timestamp&quot;:&quot;0&quot;,&quot;copyright&quot;:&quot;&quot;,&quot;focal_length&quot;:&quot;0&quot;,&quot;iso&quot;:&quot;0&quot;,&quot;shutter_speed&quot;:&quot;0&quot;,&quot;title&quot;:&quot;http:\/\/www.leparisien.fr\/imprimer.php?url=http%3A\/\/www.leparisi&quot;,&quot;orientation&quot;:&quot;1&quot;}\" data-image-title=\"http:\/\/www.leparisien.fr\/imprimer.php?url=http%3A\/\/www.leparisi\" data-image-description=\"\" data-image-caption=\"\" data-medium-file=\"https:\/\/i0.wp.com\/lesgravereaux.marret.co\/wp-content\/uploads\/2016\/05\/2011-06-06-Le-Parisien_wp.jpg?fit=300%2C233&amp;ssl=1\" data-large-file=\"https:\/\/i0.wp.com\/lesgravereaux.marret.co\/wp-content\/uploads\/2016\/05\/2011-06-06-Le-Parisien_wp.jpg?fit=640%2C498&amp;ssl=1\" class=\"alignnone size-large wp-image-2124\" src=\"https:\/\/i0.wp.com\/lesgravereaux.marret.co\/wp-content\/uploads\/2016\/05\/2011-06-06-Le-Parisien_wp.jpg?resize=640%2C498&#038;ssl=1\" alt=\"http:\/\/www.leparisien.fr\/imprimer.php?url=http%3A\/\/www.leparisi\" width=\"640\" height=\"498\" data-wp-pid=\"2124\" srcset=\"https:\/\/i0.wp.com\/lesgravereaux.marret.co\/wp-content\/uploads\/2016\/05\/2011-06-06-Le-Parisien_wp.jpg?resize=1024%2C797&amp;ssl=1 1024w, https:\/\/i0.wp.com\/lesgravereaux.marret.co\/wp-content\/uploads\/2016\/05\/2011-06-06-Le-Parisien_wp.jpg?resize=300%2C233&amp;ssl=1 300w, https:\/\/i0.wp.com\/lesgravereaux.marret.co\/wp-content\/uploads\/2016\/05\/2011-06-06-Le-Parisien_wp.jpg?resize=768%2C598&amp;ssl=1 768w, https:\/\/i0.wp.com\/lesgravereaux.marret.co\/wp-content\/uploads\/2016\/05\/2011-06-06-Le-Parisien_wp.jpg?resize=800%2C623&amp;ssl=1 800w, https:\/\/i0.wp.com\/lesgravereaux.marret.co\/wp-content\/uploads\/2016\/05\/2011-06-06-Le-Parisien_wp.jpg?resize=600%2C467&amp;ssl=1 600w, https:\/\/i0.wp.com\/lesgravereaux.marret.co\/wp-content\/uploads\/2016\/05\/2011-06-06-Le-Parisien_wp.jpg?w=1181&amp;ssl=1 1181w\" sizes=\"auto, (max-width: 640px) 100vw, 640px\" \/><\/a><\/p>\n<p style=\"text-align: center;\"><span style=\"font-size: 10pt;\"><em>Le Parisien, 6 juin 2011<\/em><\/span><\/p>\n","protected":false},"excerpt":{"rendered":"<p>Le Parisien, 6 juin 2011<\/p>\n","protected":false},"author":1,"featured_media":0,"parent":571,"menu_order":0,"comment_status":"closed","ping_status":"closed","template":"","meta":{"ngg_post_thumbnail":0,"jetpack_post_was_ever_published":false,"footnotes":""},"class_list":["post-2129","page","type-page","status-publish","hentry"],"jetpack_sharing_enabled":true,"jetpack_shortlink":"https:\/\/wp.me\/P7ERyi-yl","jetpack-related-posts":[{"id":1616,"url":"https:\/\/lesgravereaux.marret.co\/index.php\/571-2\/13-juin-1909-fete-des-rosati\/","url_meta":{"origin":2129,"position":0},"title":"13 juin 1909 &#8211; F\u00eate des Rosati","author":"marretgravereaux","date":"20 avril 2016","format":false,"excerpt":"Le 13 juin 1909, Jules Gravereaux re\u00e7oit\u00a0les Rosati\u00a0pour la deuxi\u00e8me fois... Ceux-ci donnent, en une matin\u00e9e r\u00e9serv\u00e9e \u00e0 leurs membres et aux Amis des Roses, les premi\u00e8res repr\u00e9sentations de deux actes en vers : l\u2019\u00c9veil, par Albert Acremant, musique de Maurice de Villers, et Adonis, de Mlle de Villers, musique\u2026","rel":"","context":"Article similaire","block_context":{"text":"Article similaire","link":""},"img":{"alt_text":"Les Rosati (FRAD094_47J_001250_0001)_wp","src":"https:\/\/i0.wp.com\/lesgravereaux.marret.co\/wp-content\/uploads\/2016\/04\/Les-Rosati-FRAD094_47J_001250_0001_wp.jpg?resize=350%2C200","width":350,"height":200},"classes":[]},{"id":571,"url":"https:\/\/lesgravereaux.marret.co\/index.php\/571-2\/","url_meta":{"origin":2129,"position":1},"title":"Les f\u00eates \u00e0 L&rsquo;Ha\u00ff","author":"marretgravereaux","date":"7 mars 2016","format":false,"excerpt":"Jules Gravereaux aimait recevoir, non seulement sa famille, mais aussi les membres de nombreuses associations auxquelles il ouvrit la porte du domaine de L'Ha\u00ff, pour une simple visite de la roseraie ou pour un spectacle au th\u00e9\u00e2tre de\u00a0verdure. Bien qu'incomplet, le calendrier ci-apr\u00e8s donne une id\u00e9e de ces r\u00e9ceptions qui\u2026","rel":"","context":"Article similaire","block_context":{"text":"Article similaire","link":""},"img":{"alt_text":"","src":"https:\/\/i0.wp.com\/lesgravereaux.marret.co\/wp-content\/uploads\/2016\/04\/LHay-Visite-de-la-roseraie-47-J-843_wp-1024x759.jpg?resize=350%2C200","width":350,"height":200,"srcset":"https:\/\/i0.wp.com\/lesgravereaux.marret.co\/wp-content\/uploads\/2016\/04\/LHay-Visite-de-la-roseraie-47-J-843_wp-1024x759.jpg?resize=350%2C200 1x, https:\/\/i0.wp.com\/lesgravereaux.marret.co\/wp-content\/uploads\/2016\/04\/LHay-Visite-de-la-roseraie-47-J-843_wp-1024x759.jpg?resize=525%2C300 1.5x"},"classes":[]},{"id":593,"url":"https:\/\/lesgravereaux.marret.co\/index.php\/571-2\/lhay-jules-gravereaux-et-les-rosieres\/","url_meta":{"origin":2129,"position":2},"title":"L&rsquo;Ha\u00ff, Jules Gravereaux et les rosi\u00e8res","author":"marretgravereaux","date":"7 mars 2016","format":false,"excerpt":"L\u2019Association des Amis du Vieux L\u2019Ha\u00ff a publi\u00e9, en juin 2013, un fort int\u00e9ressant article sur les rosi\u00e8res de L\u2019Ha\u00ff en 1913-1914. Avec son autorisation, nous le reproduisons sur ce site. Quand L\u2019Ha\u00ff couronnait une Rosi\u00e8re Notre association, cr\u00e9\u00e9e en 1984, avait eu un pr\u00e9curseur : \u00ab Le Centre Culturel\u2026","rel":"","context":"Article similaire","block_context":{"text":"Article similaire","link":""},"img":{"alt_text":"1913-03-06 Ville de L'Hay - Visite a la Roseraie_wp","src":"https:\/\/i0.wp.com\/marret.co\/wp-content\/uploads\/2016\/03\/1913-03-06-Ville-de-LHay-Visite-a-la-Roseraie_wp.jpg?resize=350%2C200","width":350,"height":200,"srcset":"https:\/\/i0.wp.com\/marret.co\/wp-content\/uploads\/2016\/03\/1913-03-06-Ville-de-LHay-Visite-a-la-Roseraie_wp.jpg?resize=350%2C200 1x, https:\/\/i0.wp.com\/marret.co\/wp-content\/uploads\/2016\/03\/1913-03-06-Ville-de-LHay-Visite-a-la-Roseraie_wp.jpg?resize=525%2C300 1.5x"},"classes":[]},{"id":1478,"url":"https:\/\/lesgravereaux.marret.co\/index.php\/571-2\/2010-les-28-et-29-mai\/la-fete-de-la-rose-2010-dans-la-presse\/","url_meta":{"origin":2129,"position":3},"title":"La f\u00eate de la rose (2010) dans la presse","author":"marretgravereaux","date":"10 avril 2016","format":false,"excerpt":"\u00a0 \u00a0 \u00a0 \u00a0 \u00a0 \u00c0 L'Ha\u00ff - Bulletin de la ville de L'Ha\u00ff-les-Roses, mai 2010 \u00a0 \u00a0 \u00a0 \u00a0 \u00a0 \u00a0 \u00a0 \u00a0 \u00a0 \u00a0 \u00a0 \u00a0 \u00c0 L'Ha\u00ff - Bulletin de la ville de L'Ha\u00ff-les-Roses, mai 2010 \u00a0 \u00a0 \u00a0 \u00a0 \u00a0 \u00a0 \u00a0 \u00a0 \u00a0 \u00a0 \u00a0\u2026","rel":"","context":"Article similaire","block_context":{"text":"Article similaire","link":""},"img":{"alt_text":"2010-05 A L'Hay p10-11_wp","src":"https:\/\/i0.wp.com\/lesgravereaux.marret.co\/wp-content\/uploads\/2016\/04\/2010-05-A-LHay-p10-11_wp-712x1024.jpg?resize=350%2C200","width":350,"height":200},"classes":[]},{"id":66,"url":"https:\/\/lesgravereaux.marret.co\/","url_meta":{"origin":2129,"position":4},"title":"Les Gravereaux","author":"marretgravereaux","date":"24 octobre 2015","format":false,"excerpt":"Ce site est d\u00e9di\u00e9 aux descendants de Jean Baptiste GRAVEREAU (GRAVEREAU, GRAVEROT ou GRAVEREAUX ) dont certains, tels Jules Gravereaux ou Jean-Claude Pascal, connurent la c\u00e9l\u00e9brit\u00e9\u2026 Exposition sur le Mus\u00e9e de la Rose En 2024, les Archives d\u00e9partementales du Val-de-Marne ont tenu une exposition \u00e0 la Roseraie du Val-de-Marne sous\u2026","rel":"","context":"Article similaire","block_context":{"text":"Article similaire","link":""},"img":{"alt_text":"Roses de Malmaison - p01b_wp","src":"https:\/\/i0.wp.com\/lesgravereaux.marret.co\/wp-content\/uploads\/2016\/03\/Roses-de-Malmaison-p01b_wp.jpg?resize=350%2C200","width":350,"height":200},"classes":[]},{"id":801,"url":"https:\/\/lesgravereaux.marret.co\/index.php\/jules-gravereaux\/des-evenements-de-sa-vie\/","url_meta":{"origin":2129,"position":5},"title":"Des \u00e9v\u00e8nements de sa vie","author":"marretgravereaux","date":"10 mars 2016","format":false,"excerpt":"\u00a0 1er mai 1844\u00a0: Na\u00eet \u00e0 Vitry-sur-Seine. 16 mars 1856\u00a0: Commence son premier emploi, chez Mr Caillaut rue du Bac. 5 septembre 1864\u00a0: Entre au Bon March\u00e9. 20 f\u00e9vrier 1866\u00a0: Quitte volontairement le Bon March\u00e9 pour entrer au Louvre. 1870\u00a0: Fait son service militaire dans la Garde Nationale de la\u2026","rel":"","context":"Article similaire","block_context":{"text":"Article similaire","link":""},"img":{"alt_text":"Roses de Malmaison - p03_wp","src":"https:\/\/i0.wp.com\/marret.co\/wp-content\/uploads\/2016\/03\/Roses-de-Malmaison-p03_wp.jpg?resize=350%2C200","width":350,"height":200},"classes":[]}],"_links":{"self":[{"href":"https:\/\/lesgravereaux.marret.co\/index.php\/wp-json\/wp\/v2\/pages\/2129","targetHints":{"allow":["GET"]}}],"collection":[{"href":"https:\/\/lesgravereaux.marret.co\/index.php\/wp-json\/wp\/v2\/pages"}],"about":[{"href":"https:\/\/lesgravereaux.marret.co\/index.php\/wp-json\/wp\/v2\/types\/page"}],"author":[{"embeddable":true,"href":"https:\/\/lesgravereaux.marret.co\/index.php\/wp-json\/wp\/v2\/users\/1"}],"replies":[{"embeddable":true,"href":"https:\/\/lesgravereaux.marret.co\/index.php\/wp-json\/wp\/v2\/comments?post=2129"}],"version-history":[{"count":0,"href":"https:\/\/lesgravereaux.marret.co\/index.php\/wp-json\/wp\/v2\/pages\/2129\/revisions"}],"up":[{"embeddable":true,"href":"https:\/\/lesgravereaux.marret.co\/index.php\/wp-json\/wp\/v2\/pages\/571"}],"wp:attachment":[{"href":"https:\/\/lesgravereaux.marret.co\/index.php\/wp-json\/wp\/v2\/media?parent=2129"}],"curies":[{"name":"wp","href":"https:\/\/api.w.org\/{rel}","templated":true}]}}