{"id":2127,"date":"2016-05-01T23:18:58","date_gmt":"2016-05-01T22:18:58","guid":{"rendered":"http:\/\/lesgravereaux.marret.co\/?page_id=2127"},"modified":"2016-06-12T16:34:14","modified_gmt":"2016-06-12T15:34:14","slug":"cousinade-gravereaux-mai-2010","status":"publish","type":"page","link":"https:\/\/lesgravereaux.marret.co\/index.php\/571-2\/2010-les-28-et-29-mai\/cousinade-gravereaux-mai-2010\/","title":{"rendered":"28 mai 2010 &#8211; dans la presse"},"content":{"rendered":"<p><a href=\"https:\/\/i0.wp.com\/lesgravereaux.marret.co\/wp-content\/uploads\/2016\/05\/2010-05-29-Le-Parisien_wp.jpg?ssl=1\"><img data-recalc-dims=\"1\" loading=\"lazy\" decoding=\"async\" data-attachment-id=\"2123\" data-permalink=\"https:\/\/lesgravereaux.marret.co\/index.php\/571-2\/2010-les-28-et-29-mai\/cousinade-gravereaux-mai-2010\/2010-05-29-le-parisien_wp-2\/\" data-orig-file=\"https:\/\/i0.wp.com\/lesgravereaux.marret.co\/wp-content\/uploads\/2016\/05\/2010-05-29-Le-Parisien_wp.jpg?fit=790%2C1181&amp;ssl=1\" data-orig-size=\"790,1181\" data-comments-opened=\"1\" data-image-meta=\"{&quot;aperture&quot;:&quot;0&quot;,&quot;credit&quot;:&quot;&quot;,&quot;camera&quot;:&quot;&quot;,&quot;caption&quot;:&quot;&quot;,&quot;created_timestamp&quot;:&quot;0&quot;,&quot;copyright&quot;:&quot;&quot;,&quot;focal_length&quot;:&quot;0&quot;,&quot;iso&quot;:&quot;0&quot;,&quot;shutter_speed&quot;:&quot;0&quot;,&quot;title&quot;:&quot;&quot;,&quot;orientation&quot;:&quot;1&quot;}\" data-image-title=\"2010-05-29 Le Parisien_wp\" data-image-description=\"\" data-image-caption=\"\" data-medium-file=\"https:\/\/i0.wp.com\/lesgravereaux.marret.co\/wp-content\/uploads\/2016\/05\/2010-05-29-Le-Parisien_wp.jpg?fit=201%2C300&amp;ssl=1\" data-large-file=\"https:\/\/i0.wp.com\/lesgravereaux.marret.co\/wp-content\/uploads\/2016\/05\/2010-05-29-Le-Parisien_wp.jpg?fit=640%2C957&amp;ssl=1\" class=\"alignnone size-large wp-image-2123\" src=\"https:\/\/i0.wp.com\/lesgravereaux.marret.co\/wp-content\/uploads\/2016\/05\/2010-05-29-Le-Parisien_wp.jpg?resize=640%2C957&#038;ssl=1\" alt=\"2010-05-29 Le Parisien_wp\" width=\"640\" height=\"957\" data-wp-pid=\"2123\" srcset=\"https:\/\/i0.wp.com\/lesgravereaux.marret.co\/wp-content\/uploads\/2016\/05\/2010-05-29-Le-Parisien_wp.jpg?resize=685%2C1024&amp;ssl=1 685w, https:\/\/i0.wp.com\/lesgravereaux.marret.co\/wp-content\/uploads\/2016\/05\/2010-05-29-Le-Parisien_wp.jpg?resize=201%2C300&amp;ssl=1 201w, https:\/\/i0.wp.com\/lesgravereaux.marret.co\/wp-content\/uploads\/2016\/05\/2010-05-29-Le-Parisien_wp.jpg?resize=768%2C1148&amp;ssl=1 768w, https:\/\/i0.wp.com\/lesgravereaux.marret.co\/wp-content\/uploads\/2016\/05\/2010-05-29-Le-Parisien_wp.jpg?resize=401%2C600&amp;ssl=1 401w, https:\/\/i0.wp.com\/lesgravereaux.marret.co\/wp-content\/uploads\/2016\/05\/2010-05-29-Le-Parisien_wp.jpg?w=790&amp;ssl=1 790w\" sizes=\"auto, (max-width: 640px) 100vw, 640px\" \/><\/a><\/p>\n<p style=\"text-align: center;\"><span style=\"font-size: 10pt;\"><em>Le Parisien, 29 mai 2010<\/em><\/span><\/p>\n","protected":false},"excerpt":{"rendered":"<p>Le Parisien, 29 mai 2010<\/p>\n","protected":false},"author":1,"featured_media":0,"parent":1420,"menu_order":0,"comment_status":"closed","ping_status":"closed","template":"","meta":{"ngg_post_thumbnail":0,"jetpack_post_was_ever_published":false,"footnotes":""},"class_list":["post-2127","page","type-page","status-publish","hentry"],"jetpack_sharing_enabled":true,"jetpack_shortlink":"https:\/\/wp.me\/P7ERyi-yj","jetpack-related-posts":[{"id":1478,"url":"https:\/\/lesgravereaux.marret.co\/index.php\/571-2\/2010-les-28-et-29-mai\/la-fete-de-la-rose-2010-dans-la-presse\/","url_meta":{"origin":2127,"position":0},"title":"La f\u00eate de la rose (2010) dans la presse","author":"marretgravereaux","date":"10 avril 2016","format":false,"excerpt":"\u00a0 \u00a0 \u00a0 \u00a0 \u00a0 \u00c0 L'Ha\u00ff - Bulletin de la ville de L'Ha\u00ff-les-Roses, mai 2010 \u00a0 \u00a0 \u00a0 \u00a0 \u00a0 \u00a0 \u00a0 \u00a0 \u00a0 \u00a0 \u00a0 \u00a0 \u00c0 L'Ha\u00ff - Bulletin de la ville de L'Ha\u00ff-les-Roses, mai 2010 \u00a0 \u00a0 \u00a0 \u00a0 \u00a0 \u00a0 \u00a0 \u00a0 \u00a0 \u00a0 \u00a0\u2026","rel":"","context":"Article similaire","block_context":{"text":"Article similaire","link":""},"img":{"alt_text":"2010-05 A L'Hay p10-11_wp","src":"https:\/\/i0.wp.com\/lesgravereaux.marret.co\/wp-content\/uploads\/2016\/04\/2010-05-A-LHay-p10-11_wp-712x1024.jpg?resize=350%2C200","width":350,"height":200},"classes":[]},{"id":1420,"url":"https:\/\/lesgravereaux.marret.co\/index.php\/571-2\/2010-les-28-et-29-mai\/","url_meta":{"origin":2127,"position":1},"title":"28 mai 2010 &#8211; Cousinade familiale","author":"marretgravereaux","date":"9 avril 2016","format":false,"excerpt":"Les dirigeants de l\u2019association \u00ab Jules GRAVEREAUX \u00bb avaient invit\u00e9 les descendants de Germain S\u00e9bastien Graverot et Marie Marguerite Quenault \u00e0 se r\u00e9unir pour une r\u00e9union familiale ainsi que pour participer \u00e0 la F\u00eate de la Rose organis\u00e9e par la ville de L\u2019Ha\u00ff. La r\u00e9ponse fut exceptionnelle et pr\u00e8s de\u2026","rel":"","context":"Article similaire","block_context":{"text":"Article similaire","link":""},"img":{"alt_text":"2010-05 L'Ha\u00ff_003 - RLM0845a_wp","src":"https:\/\/i0.wp.com\/lesgravereaux.marret.co\/wp-content\/uploads\/2016\/04\/2010-05-LHa%C3%BF_003-RLM0845a_wp-1024x768.jpg?resize=350%2C200","width":350,"height":200},"classes":[]},{"id":1462,"url":"https:\/\/lesgravereaux.marret.co\/index.php\/571-2\/2010-les-28-et-29-mai\/la-fete-de-la-rose-2010\/","url_meta":{"origin":2127,"position":2},"title":"La f\u00eate de la rose (2010) en photos","author":"marretgravereaux","date":"9 avril 2016","format":false,"excerpt":"L'inauguration du buste de Jules Gravereaux \u00a0 \u00a0 \u00a0 \u00a0 \u00a0 Le pique-nique Les peintres en canotiers... \u00a0 \u00a0 et la danse en spectacle! \u00a0 \u00a0 Photos : Ville de L'Ha\u00ff-les-Roses","rel":"","context":"Article similaire","block_context":{"text":"Article similaire","link":""},"img":{"alt_text":"2010-05-28(VdlH)_02_wp","src":"https:\/\/i0.wp.com\/lesgravereaux.marret.co\/wp-content\/uploads\/2016\/04\/2010-05-28VdlH_02_wp-1024x681.jpg?resize=350%2C200","width":350,"height":200},"classes":[]},{"id":2116,"url":"https:\/\/lesgravereaux.marret.co\/index.php\/lassociation-jules-gravereaux\/","url_meta":{"origin":2127,"position":3},"title":"L&rsquo;Association Jules Gravereaux","author":"marretgravereaux","date":"1 mai 2016","format":false,"excerpt":"L\u2019Association Jules Gravereaux a pour vocation de perp\u00e9tuer la m\u00e9moire de Jules Gravereaux \u00e0 travers notamment\u00a0: le recueil de documents; l\u2019organisation de manifestations familiales; l\u2019acc\u00e8s \u00e0 un site internet. Fond\u00e9e en janvier 2010, elle a planifi\u00e9 et r\u00e9alis\u00e9 la Cousinade Gravereaux qui s'est tenue le 28 mai 2010 \u00e0 L'Ha\u00ff-les-Roses.\u2026","rel":"","context":"Article similaire","block_context":{"text":"Article similaire","link":""},"img":{"alt_text":"Jules Gravereaux - OG053c","src":"https:\/\/i0.wp.com\/lesgravereaux.marret.co\/wp-content\/uploads\/2015\/10\/Jules-Gravereaux-OG053c-649x1024.jpg?resize=350%2C200","width":350,"height":200},"classes":[]},{"id":2125,"url":"https:\/\/lesgravereaux.marret.co\/index.php\/lassociation-jules-gravereaux\/le-parrainage-de-la-fete-de-la-rose-2010\/","url_meta":{"origin":2127,"position":4},"title":"Le parrainage de la F\u00eate de la Rose (2010)","author":"marretgravereaux","date":"1 mai 2016","format":false,"excerpt":"Bulletin de la ville de L'Ha\u00ff-les-Roses, mai 2010.","rel":"","context":"Article similaire","block_context":{"text":"Article similaire","link":""},"img":{"alt_text":"2010-05 A L'Hay p11_wp","src":"https:\/\/i0.wp.com\/lesgravereaux.marret.co\/wp-content\/uploads\/2016\/05\/2010-05-A-LHay-p11_wp-548x1024.jpg?resize=350%2C200","width":350,"height":200,"srcset":"https:\/\/i0.wp.com\/lesgravereaux.marret.co\/wp-content\/uploads\/2016\/05\/2010-05-A-LHay-p11_wp-548x1024.jpg?resize=350%2C200 1x, https:\/\/i0.wp.com\/lesgravereaux.marret.co\/wp-content\/uploads\/2016\/05\/2010-05-A-LHay-p11_wp-548x1024.jpg?resize=525%2C300 1.5x"},"classes":[]},{"id":577,"url":"https:\/\/lesgravereaux.marret.co\/index.php\/jules-gravereaux\/portraits-de-jules-gravereaux\/le-buste-de-jules-gravereaux\/","url_meta":{"origin":2127,"position":5},"title":"Le buste de Jules Gravereaux","author":"marretgravereaux","date":"7 mars 2016","format":false,"excerpt":"En 1914, le sculpteur Carillon ex\u00e9cutait un buste de Jules Gravereaux... Pr\u00e9sent\u00e9 au Salon des artistes fran\u00e7ais de cette ann\u00e9e-l\u00e0, il y fut remarqu\u00e9, comme le souligne Lucien Klotz, critique \u00e0 La Presse\u00a0: \u00ab\u00a0M. Carion a expos\u00e9 le buste de M. Gravereaux, propri\u00e9taire de la roseraie L'Hay, le plus beau\u2026","rel":"","context":"Article similaire","block_context":{"text":"Article similaire","link":""},"img":{"alt_text":"1914 Carillon, Rene - Buste de Jules Gravereaux 2_wp","src":"https:\/\/i0.wp.com\/marret.co\/wp-content\/uploads\/2016\/03\/1914-Carillon-Rene-Buste-de-Jules-Gravereaux-2_wp-846x1024.jpg?resize=350%2C200","width":350,"height":200},"classes":[]}],"_links":{"self":[{"href":"https:\/\/lesgravereaux.marret.co\/index.php\/wp-json\/wp\/v2\/pages\/2127","targetHints":{"allow":["GET"]}}],"collection":[{"href":"https:\/\/lesgravereaux.marret.co\/index.php\/wp-json\/wp\/v2\/pages"}],"about":[{"href":"https:\/\/lesgravereaux.marret.co\/index.php\/wp-json\/wp\/v2\/types\/page"}],"author":[{"embeddable":true,"href":"https:\/\/lesgravereaux.marret.co\/index.php\/wp-json\/wp\/v2\/users\/1"}],"replies":[{"embeddable":true,"href":"https:\/\/lesgravereaux.marret.co\/index.php\/wp-json\/wp\/v2\/comments?post=2127"}],"version-history":[{"count":0,"href":"https:\/\/lesgravereaux.marret.co\/index.php\/wp-json\/wp\/v2\/pages\/2127\/revisions"}],"up":[{"embeddable":true,"href":"https:\/\/lesgravereaux.marret.co\/index.php\/wp-json\/wp\/v2\/pages\/1420"}],"wp:attachment":[{"href":"https:\/\/lesgravereaux.marret.co\/index.php\/wp-json\/wp\/v2\/media?parent=2127"}],"curies":[{"name":"wp","href":"https:\/\/api.w.org\/{rel}","templated":true}]}}