{"id":2125,"date":"2016-05-01T23:16:01","date_gmt":"2016-05-01T22:16:01","guid":{"rendered":"http:\/\/lesgravereaux.marret.co\/?page_id=2125"},"modified":"2016-06-12T16:37:28","modified_gmt":"2016-06-12T15:37:28","slug":"le-parrainage-de-la-fete-de-la-rose-2010","status":"publish","type":"page","link":"https:\/\/lesgravereaux.marret.co\/index.php\/lassociation-jules-gravereaux\/le-parrainage-de-la-fete-de-la-rose-2010\/","title":{"rendered":"Le parrainage de la F\u00eate de la Rose (2010)"},"content":{"rendered":"<p><a href=\"https:\/\/i0.wp.com\/lesgravereaux.marret.co\/wp-content\/uploads\/2016\/05\/2010-05-A-LHay-p11_wp.jpg?ssl=1\"><img data-recalc-dims=\"1\" loading=\"lazy\" decoding=\"async\" data-attachment-id=\"2122\" data-permalink=\"https:\/\/lesgravereaux.marret.co\/index.php\/lassociation-jules-gravereaux\/le-parrainage-de-la-fete-de-la-rose-2010\/2010-05-a-lhay-p11_wp-2\/\" data-orig-file=\"https:\/\/i0.wp.com\/lesgravereaux.marret.co\/wp-content\/uploads\/2016\/05\/2010-05-A-LHay-p11_wp.jpg?fit=632%2C1181&amp;ssl=1\" data-orig-size=\"632,1181\" data-comments-opened=\"1\" data-image-meta=\"{&quot;aperture&quot;:&quot;0&quot;,&quot;credit&quot;:&quot;&quot;,&quot;camera&quot;:&quot;&quot;,&quot;caption&quot;:&quot;&quot;,&quot;created_timestamp&quot;:&quot;0&quot;,&quot;copyright&quot;:&quot;&quot;,&quot;focal_length&quot;:&quot;0&quot;,&quot;iso&quot;:&quot;0&quot;,&quot;shutter_speed&quot;:&quot;0&quot;,&quot;title&quot;:&quot;&quot;,&quot;orientation&quot;:&quot;1&quot;}\" data-image-title=\"2010-05 A L&amp;rsquo;Hay p11_wp\" data-image-description=\"\" data-image-caption=\"\" data-medium-file=\"https:\/\/i0.wp.com\/lesgravereaux.marret.co\/wp-content\/uploads\/2016\/05\/2010-05-A-LHay-p11_wp.jpg?fit=161%2C300&amp;ssl=1\" data-large-file=\"https:\/\/i0.wp.com\/lesgravereaux.marret.co\/wp-content\/uploads\/2016\/05\/2010-05-A-LHay-p11_wp.jpg?fit=548%2C1024&amp;ssl=1\" class=\"alignnone size-large wp-image-2122\" src=\"https:\/\/i0.wp.com\/lesgravereaux.marret.co\/wp-content\/uploads\/2016\/05\/2010-05-A-LHay-p11_wp.jpg?resize=548%2C1024&#038;ssl=1\" alt=\"2010-05 A L'Hay p11_wp\" width=\"548\" height=\"1024\" data-wp-pid=\"2122\" srcset=\"https:\/\/i0.wp.com\/lesgravereaux.marret.co\/wp-content\/uploads\/2016\/05\/2010-05-A-LHay-p11_wp.jpg?resize=548%2C1024&amp;ssl=1 548w, https:\/\/i0.wp.com\/lesgravereaux.marret.co\/wp-content\/uploads\/2016\/05\/2010-05-A-LHay-p11_wp.jpg?resize=161%2C300&amp;ssl=1 161w, https:\/\/i0.wp.com\/lesgravereaux.marret.co\/wp-content\/uploads\/2016\/05\/2010-05-A-LHay-p11_wp.jpg?resize=321%2C600&amp;ssl=1 321w, https:\/\/i0.wp.com\/lesgravereaux.marret.co\/wp-content\/uploads\/2016\/05\/2010-05-A-LHay-p11_wp.jpg?w=632&amp;ssl=1 632w\" sizes=\"auto, (max-width: 548px) 100vw, 548px\" \/><\/a><\/p>\n<p style=\"text-align: center;\"><span style=\"font-size: 10pt;\"><em>Bulletin de la ville de L&rsquo;Ha\u00ff-les-Roses, mai 2010.<\/em><\/span><\/p>\n","protected":false},"excerpt":{"rendered":"<p>Bulletin de la ville de L&rsquo;Ha\u00ff-les-Roses, mai 2010.<\/p>\n","protected":false},"author":1,"featured_media":0,"parent":2116,"menu_order":0,"comment_status":"closed","ping_status":"closed","template":"","meta":{"ngg_post_thumbnail":0,"jetpack_post_was_ever_published":false,"footnotes":""},"class_list":["post-2125","page","type-page","status-publish","hentry"],"jetpack_sharing_enabled":true,"jetpack_shortlink":"https:\/\/wp.me\/P7ERyi-yh","jetpack-related-posts":[{"id":1478,"url":"https:\/\/lesgravereaux.marret.co\/index.php\/571-2\/2010-les-28-et-29-mai\/la-fete-de-la-rose-2010-dans-la-presse\/","url_meta":{"origin":2125,"position":0},"title":"La f\u00eate de la rose (2010) dans la presse","author":"marretgravereaux","date":"10 avril 2016","format":false,"excerpt":"\u00a0 \u00a0 \u00a0 \u00a0 \u00a0 \u00c0 L'Ha\u00ff - Bulletin de la ville de L'Ha\u00ff-les-Roses, mai 2010 \u00a0 \u00a0 \u00a0 \u00a0 \u00a0 \u00a0 \u00a0 \u00a0 \u00a0 \u00a0 \u00a0 \u00a0 \u00c0 L'Ha\u00ff - Bulletin de la ville de L'Ha\u00ff-les-Roses, mai 2010 \u00a0 \u00a0 \u00a0 \u00a0 \u00a0 \u00a0 \u00a0 \u00a0 \u00a0 \u00a0 \u00a0\u2026","rel":"","context":"Article similaire","block_context":{"text":"Article similaire","link":""},"img":{"alt_text":"2010-05 A L'Hay p10-11_wp","src":"https:\/\/i0.wp.com\/lesgravereaux.marret.co\/wp-content\/uploads\/2016\/04\/2010-05-A-LHay-p10-11_wp-712x1024.jpg?resize=350%2C200","width":350,"height":200},"classes":[]},{"id":1462,"url":"https:\/\/lesgravereaux.marret.co\/index.php\/571-2\/2010-les-28-et-29-mai\/la-fete-de-la-rose-2010\/","url_meta":{"origin":2125,"position":1},"title":"La f\u00eate de la rose (2010) en photos","author":"marretgravereaux","date":"9 avril 2016","format":false,"excerpt":"L'inauguration du buste de Jules Gravereaux \u00a0 \u00a0 \u00a0 \u00a0 \u00a0 Le pique-nique Les peintres en canotiers... \u00a0 \u00a0 et la danse en spectacle! \u00a0 \u00a0 Photos : Ville de L'Ha\u00ff-les-Roses","rel":"","context":"Article similaire","block_context":{"text":"Article similaire","link":""},"img":{"alt_text":"2010-05-28(VdlH)_02_wp","src":"https:\/\/i0.wp.com\/lesgravereaux.marret.co\/wp-content\/uploads\/2016\/04\/2010-05-28VdlH_02_wp-1024x681.jpg?resize=350%2C200","width":350,"height":200},"classes":[]},{"id":1420,"url":"https:\/\/lesgravereaux.marret.co\/index.php\/571-2\/2010-les-28-et-29-mai\/","url_meta":{"origin":2125,"position":2},"title":"28 mai 2010 &#8211; Cousinade familiale","author":"marretgravereaux","date":"9 avril 2016","format":false,"excerpt":"Les dirigeants de l\u2019association \u00ab Jules GRAVEREAUX \u00bb avaient invit\u00e9 les descendants de Germain S\u00e9bastien Graverot et Marie Marguerite Quenault \u00e0 se r\u00e9unir pour une r\u00e9union familiale ainsi que pour participer \u00e0 la F\u00eate de la Rose organis\u00e9e par la ville de L\u2019Ha\u00ff. La r\u00e9ponse fut exceptionnelle et pr\u00e8s de\u2026","rel":"","context":"Article similaire","block_context":{"text":"Article similaire","link":""},"img":{"alt_text":"2010-05 L'Ha\u00ff_003 - RLM0845a_wp","src":"https:\/\/i0.wp.com\/lesgravereaux.marret.co\/wp-content\/uploads\/2016\/04\/2010-05-LHa%C3%BF_003-RLM0845a_wp-1024x768.jpg?resize=350%2C200","width":350,"height":200},"classes":[]},{"id":1435,"url":"https:\/\/lesgravereaux.marret.co\/index.php\/jules-gravereaux\/portraits-de-jules-gravereaux\/le-buste-de-jules-gravereaux\/1435-2\/","url_meta":{"origin":2125,"position":3},"title":"L&rsquo;inauguration du buste de Jules Gravereaux","author":"marretgravereaux","date":"9 avril 2016","format":false,"excerpt":"Discours de Sophie Hasquenoph, Maire adjointe de L'Ha\u00ff, charg\u00e9e de la Culture,\u00a0 du devoir de m\u00e9moire et des Anciens Combattants Monsieur le sous-pr\u00e9fet, Mesdames, messieurs les membres de la famille Gravereaux, Mesdames, messieurs les \u00e9lus, Chers amis, C\u2019est vraiment avec un tr\u00e8s grand plaisir que je vous accueille ce matin,\u2026","rel":"","context":"Article similaire","block_context":{"text":"Article similaire","link":""},"img":{"alt_text":"2010-05 L'Ha\u00ff_287 - RLM1129_wp","src":"https:\/\/i0.wp.com\/lesgravereaux.marret.co\/wp-content\/uploads\/2016\/04\/2010-05-LHa%C3%BF_287-RLM1129_wp-768x1024.jpg?resize=350%2C200","width":350,"height":200},"classes":[]},{"id":18,"url":"https:\/\/lesgravereaux.marret.co\/index.php\/lhay-les-roses-une-appellation-centenaire\/","url_meta":{"origin":2125,"position":4},"title":"L\u2019Ha\u00ff-les-Roses \u2013 une appellation centenaire","author":"marretgravereaux","date":"22 octobre 2015","format":false,"excerpt":"Le changement de nom est d\u2019abord - on s'en \u00e9tonnera peut-\u00eatre - la cons\u00e9quence directe du d\u00e9veloppement du t\u00e9l\u00e9phone, comme l\u2019indique\u00a0le rapport du commissaire-enqu\u00eateur dans le registre des d\u00e9lib\u00e9rations de la commune\u2026 Avis motiv\u00e9 du Commissaire enqu\u00eateur Le Commissaire enqu\u00eateur apr\u00e8s avoir pris connaissance de la d\u00e9lib\u00e9ration du Conseil Municipal\u2026","rel":"","context":"Dans &quot;L'Ha\u00ff-les-Roses&quot;","block_context":{"text":"L'Ha\u00ff-les-Roses","link":"https:\/\/lesgravereaux.marret.co\/index.php\/category\/jules-gravereaux\/a-lhay-les-roses\/"},"img":{"alt_text":"1913-04 Ville de L'Hay - Rapport du commissaire-enqu\u00eateur_wp","src":"https:\/\/i0.wp.com\/lesgravereaux.marret.co\/wp-content\/uploads\/2016\/06\/1913-04-Ville-de-LHay-Rapport-du-commissaire-enqu%C3%AAteur_wp.jpg?resize=350%2C200","width":350,"height":200},"classes":[]},{"id":801,"url":"https:\/\/lesgravereaux.marret.co\/index.php\/jules-gravereaux\/des-evenements-de-sa-vie\/","url_meta":{"origin":2125,"position":5},"title":"Des \u00e9v\u00e8nements de sa vie","author":"marretgravereaux","date":"10 mars 2016","format":false,"excerpt":"\u00a0 1er mai 1844\u00a0: Na\u00eet \u00e0 Vitry-sur-Seine. 16 mars 1856\u00a0: Commence son premier emploi, chez Mr Caillaut rue du Bac. 5 septembre 1864\u00a0: Entre au Bon March\u00e9. 20 f\u00e9vrier 1866\u00a0: Quitte volontairement le Bon March\u00e9 pour entrer au Louvre. 1870\u00a0: Fait son service militaire dans la Garde Nationale de la\u2026","rel":"","context":"Article similaire","block_context":{"text":"Article similaire","link":""},"img":{"alt_text":"Roses de Malmaison - p03_wp","src":"https:\/\/i0.wp.com\/marret.co\/wp-content\/uploads\/2016\/03\/Roses-de-Malmaison-p03_wp.jpg?resize=350%2C200","width":350,"height":200},"classes":[]}],"_links":{"self":[{"href":"https:\/\/lesgravereaux.marret.co\/index.php\/wp-json\/wp\/v2\/pages\/2125","targetHints":{"allow":["GET"]}}],"collection":[{"href":"https:\/\/lesgravereaux.marret.co\/index.php\/wp-json\/wp\/v2\/pages"}],"about":[{"href":"https:\/\/lesgravereaux.marret.co\/index.php\/wp-json\/wp\/v2\/types\/page"}],"author":[{"embeddable":true,"href":"https:\/\/lesgravereaux.marret.co\/index.php\/wp-json\/wp\/v2\/users\/1"}],"replies":[{"embeddable":true,"href":"https:\/\/lesgravereaux.marret.co\/index.php\/wp-json\/wp\/v2\/comments?post=2125"}],"version-history":[{"count":0,"href":"https:\/\/lesgravereaux.marret.co\/index.php\/wp-json\/wp\/v2\/pages\/2125\/revisions"}],"up":[{"embeddable":true,"href":"https:\/\/lesgravereaux.marret.co\/index.php\/wp-json\/wp\/v2\/pages\/2116"}],"wp:attachment":[{"href":"https:\/\/lesgravereaux.marret.co\/index.php\/wp-json\/wp\/v2\/media?parent=2125"}],"curies":[{"name":"wp","href":"https:\/\/api.w.org\/{rel}","templated":true}]}}