{"id":2120,"date":"2016-05-01T23:01:32","date_gmt":"2016-05-01T22:01:32","guid":{"rendered":"http:\/\/lesgravereaux.marret.co\/?page_id=2120"},"modified":"2016-06-12T16:08:25","modified_gmt":"2016-06-12T15:08:25","slug":"lassociation-jules-gravereaux-ses-statuts","status":"publish","type":"page","link":"https:\/\/lesgravereaux.marret.co\/index.php\/lassociation-jules-gravereaux\/lassociation-jules-gravereaux-ses-statuts\/","title":{"rendered":"L&rsquo;Association Jules Gravereaux &#8211; ses statuts"},"content":{"rendered":"<h2 style=\"text-align: center;\"><strong>Statuts de l&rsquo;Association Jules Gravereaux<\/strong><\/h2>\n<p><strong>Article 1<\/strong><\/p>\n<p>Il est fond\u00e9 entre les adh\u00e9rents aux pr\u00e9sents statuts une association r\u00e9gie par la loi du 1erjuillet 1901 et le d\u00e9cret du 16 ao\u00fbt 1901, ayant pour titre\u00a0:<\/p>\n<p style=\"text-align: center;\"><em><strong>Association \u00ab\u00a0Jules GRAVEREAUX\u00a0\u00bb<\/strong><\/em><\/p>\n<p><strong>Article 2<\/strong><\/p>\n<p>Cette association a pour vocation de perp\u00e9tuer la m\u00e9moire de Jules GRAVEREAUX \u00e0 travers notamment\u00a0:<\/p>\n<ul>\n<li>le recueil de documents et\/ou objets de toutes natures concernant sa famille et son \u0153uvre\u00a0;<\/li>\n<li>l\u2019organisation de manifestations familiales\u00a0;<\/li>\n<li>l\u2019acc\u00e8s \u00e0 un site internet soutenant ces activit\u00e9s.<\/li>\n<\/ul>\n<p><strong>Article 3\u00a0: Si\u00e8ge social<\/strong><\/p>\n<p>Le si\u00e8ge social est fix\u00e9 au <em>12 berge de la Prairie, 78290 Croissy-sur-Seine<\/em>.<\/p>\n<p>Il pourra \u00eatre transf\u00e9r\u00e9 par simple d\u00e9cision du conseil d\u2019administration, ratifi\u00e9e lors de l\u2019assembl\u00e9e g\u00e9n\u00e9rale.<\/p>\n<p><strong>Article 4<\/strong><\/p>\n<p>L\u2019association se compose de\u00a0:<\/p>\n<p style=\"padding-left: 30px;\">a) Membres d\u2019honneur,<br \/>\nb) Membres fondateurs,<br \/>\nc) Membres actifs.<\/p>\n<p><strong>Article 5\u00a0: Admission<\/strong><\/p>\n<p>Pour faire partie de l\u2019association, il faut payer la cotisation.<\/p>\n<p><strong>Article 6\u00a0: Les membres<\/strong><\/p>\n<p>Sont membres d\u2019honneur ceux qui ont rendu des services signal\u00e9s \u00e0 l\u2019association\u00a0; ils sont dispens\u00e9s de cotisations.<\/p>\n<p>Sont membres fondateurs, les personnes qui versent un droit d\u2019entr\u00e9e de 100\u20ac et la cotisation pr\u00e9vue \u00e0 l\u2019alin\u00e9a suivant.<\/p>\n<p>Sont membres actifs ceux qui versent une cotisation de 15\u20ac sur appel du bureau de l\u2019association.<\/p>\n<p><strong>Article 7\u00a0: Radiations<\/strong><\/p>\n<p>La qualit\u00e9 de membre se perd par\u00a0:<\/p>\n<p style=\"padding-left: 30px;\">a) la d\u00e9mission\u00a0;<br \/>\nb) le d\u00e9c\u00e8s.<\/p>\n<p><strong>Article 8<\/strong><\/p>\n<p>Les ressources de l\u2019association comprennent\u00a0:<\/p>\n<p style=\"padding-left: 30px;\">1\u00b0) le montant des droits d\u2019entr\u00e9e des membres fondateurs et des cotisations des membres actifs\u00a0;<\/p>\n<p style=\"padding-left: 30px;\">2\u00b0) les subventions de l\u2019\u00c9tat, des r\u00e9gions, des d\u00e9partements et des communes\u00a0;<\/p>\n<p style=\"padding-left: 30px;\">3\u00b0) les appels de fonds pour les manifestations familiales\u00a0;<\/p>\n<p style=\"padding-left: 30px;\">4\u00b0) les dons et les legs.<\/p>\n<p><strong>Article 9\u00a0: Conseil d\u2019administration<\/strong><\/p>\n<p>L\u2019association est dirig\u00e9e par un conseil de quatre membres, \u00e9lus pour 5 ann\u00e9es par l\u2019assembl\u00e9e g\u00e9n\u00e9rale. Les membres sont r\u00e9\u00e9ligibles.<\/p>\n<p>Le conseil d\u2019administration choisit parmi ses membres, au scrutin secret, un bureau compos\u00e9 de\u00a0:<\/p>\n<p style=\"padding-left: 30px;\">1\u00b0) un pr\u00e9sident\u00a0;<br \/>\n2\u00b0) un vice-pr\u00e9sident\u00a0;<br \/>\n3\u00b0) un secr\u00e9taire\u00a0;<br \/>\n4\u00b0) un tr\u00e9sorier.<\/p>\n<p data-find=\"_1\">En cas de vacances, le conseil pourvoit provisoirement au remplacement de ses membres. Il est proc\u00e9d\u00e9 au remplacement d\u00e9finitif par la plus prochaine assembl\u00e9e g\u00e9n\u00e9rale. Les pouvoirs des membres ainsi \u00e9lus prennent fin \u00e0 l\u2019\u00e9poque o\u00f9 devrait normalement expirer le mandat des membres remplac\u00e9s.<\/p>\n<p><strong>Article 10\u00a0: R\u00e9union du conseil d\u2019administration<\/strong><\/p>\n<p>Le conseil d\u2019administration se r\u00e9unit au moins une fois par an, sur convocation du pr\u00e9sident, ou sur la demande du quart de ses membres.<\/p>\n<p>Les d\u00e9cisions sont prises \u00e0 la majorit\u00e9 des voix\u00a0; en cas de partage \u00e9gal des voix, celle du pr\u00e9sident est pr\u00e9pond\u00e9rante.<\/p>\n<p><strong>Article 11\u00a0: Assembl\u00e9e g\u00e9n\u00e9rale ordinaire<\/strong><\/p>\n<p>L\u2019assembl\u00e9e g\u00e9n\u00e9rale ordinaire comprend tous les membres de l\u2019association \u00e0 quelque titre qu\u2019ils y soient affili\u00e9s. L\u2019assembl\u00e9e g\u00e9n\u00e9rale ordinaire se r\u00e9unit chaque ann\u00e9e.<\/p>\n<p>Quinze jours au moins avant la date fix\u00e9e, les membres de l\u2019association sont convoqu\u00e9s par les soins du secr\u00e9taire. L\u2019ordre du jour est indiqu\u00e9 sur les convocations.<\/p>\n<p>Le pr\u00e9sident, assist\u00e9 des membres du bureau, pr\u00e9side l\u2019assembl\u00e9e et expose la situation morale de l\u2019association.<\/p>\n<p>Le tr\u00e9sorier rend compte de sa gestion et soumet le bilan \u00e0 l\u2019approbation de l\u2019assembl\u00e9e.<\/p>\n<p>Le cas \u00e9ch\u00e9ant, il est proc\u00e9d\u00e9, apr\u00e8s \u00e9puisement de l\u2019ordre du jour, au remplacement au scrutin secret des membres sortants du conseil d\u2019administration.<\/p>\n<p>L\u2019assembl\u00e9e ne peut valablement d\u00e9lib\u00e9rer que si la moiti\u00e9 au moins de ses membres sont pr\u00e9sents ou repr\u00e9sent\u00e9s.<\/p>\n<p>Chaque membre peut donner pouvoir \u00e0 un autre membre de l\u2019association de le repr\u00e9senter \u00e0 l\u2019assembl\u00e9e g\u00e9n\u00e9rale et de voter en son nom. Tout membre peut \u00eatre porteur de plus d\u2019un pouvoir.<\/p>\n<p>Les votes ont lieu au scrutin secret et \u00e0 la majorit\u00e9 absolue. Toutefois, une modification des statuts ne pourra \u00eatre adopt\u00e9e qu\u2019\u00e0 la majorit\u00e9 des deux tiers.<\/p>\n<p><strong>Article 12\u00a0: Assembl\u00e9e g\u00e9n\u00e9rale extraordinaire<\/strong><\/p>\n<p>Si besoin est, ou sur la demande de plus de la moiti\u00e9 des membres inscrits, le pr\u00e9sident peut convoquer une assembl\u00e9e g\u00e9n\u00e9rale extraordinaire suivant les formalit\u00e9s pr\u00e9vues \u00e0 l\u2019article 11.<\/p>\n<p><strong>Article 13\u00a0: R\u00e8glement int\u00e9rieur<\/strong><\/p>\n<p>Un r\u00e8glement int\u00e9rieur peut \u00eatre \u00e9tabli par le conseil d\u2019administration qui le fait alors approuver par l\u2019assembl\u00e9e g\u00e9n\u00e9rale.<\/p>\n<p>Ce r\u00e8glement \u00e9ventuel est destin\u00e9 \u00e0 fixer les divers points non pr\u00e9vus par les statuts, notamment ceux qui ont trait \u00e0 l\u2019administration interne de l\u2019association.<\/p>\n<p><strong>Article 14\u00a0: Dissolution<\/strong><\/p>\n<p data-find=\"_22\">En cas de dissolution prononc\u00e9e par au moins deux tiers des membres pr\u00e9sents \u00e0 l\u2019assembl\u00e9e g\u00e9n\u00e9rale, un ou plusieurs liquidateurs sont nomm\u00e9s par celle-ci et l\u2019actif, s\u2019il y a lieu, est d\u00e9volu conform\u00e9ment \u00e0 l\u2019article 9 de la loi du 1<sup>er<\/sup>\u00a0juillet 1901 et au d\u00e9cret du 16\u00a0ao\u00fbt 1901.<\/p>\n<p data-find=\"_22\"><a href=\"https:\/\/i0.wp.com\/lesgravereaux.marret.co\/wp-content\/uploads\/2016\/03\/Roses-de-Malmaison-p04_wp.jpg?ssl=1\"><img data-recalc-dims=\"1\" loading=\"lazy\" decoding=\"async\" data-attachment-id=\"632\" data-permalink=\"https:\/\/lesgravereaux.marret.co\/index.php\/2016\/03\/09\/des-videos-sur-lhay-et-les-roses\/roses-de-malmaison-p04_wp\/\" data-orig-file=\"https:\/\/i0.wp.com\/lesgravereaux.marret.co\/wp-content\/uploads\/2016\/03\/Roses-de-Malmaison-p04_wp.jpg?fit=291%2C295&amp;ssl=1\" data-orig-size=\"291,295\" data-comments-opened=\"1\" data-image-meta=\"{&quot;aperture&quot;:&quot;0&quot;,&quot;credit&quot;:&quot;&quot;,&quot;camera&quot;:&quot;HP Scanjet 4800&quot;,&quot;caption&quot;:&quot;&quot;,&quot;created_timestamp&quot;:&quot;1173795052&quot;,&quot;copyright&quot;:&quot;&quot;,&quot;focal_length&quot;:&quot;0&quot;,&quot;iso&quot;:&quot;0&quot;,&quot;shutter_speed&quot;:&quot;0&quot;,&quot;title&quot;:&quot;&quot;,&quot;orientation&quot;:&quot;1&quot;}\" data-image-title=\"Roses de Malmaison &amp;#8211; p04_wp\" data-image-description=\"\" data-image-caption=\"\" data-medium-file=\"https:\/\/i0.wp.com\/lesgravereaux.marret.co\/wp-content\/uploads\/2016\/03\/Roses-de-Malmaison-p04_wp.jpg?fit=291%2C295&amp;ssl=1\" data-large-file=\"https:\/\/i0.wp.com\/lesgravereaux.marret.co\/wp-content\/uploads\/2016\/03\/Roses-de-Malmaison-p04_wp.jpg?fit=291%2C295&amp;ssl=1\" class=\"wp-image-632 aligncenter\" src=\"https:\/\/i0.wp.com\/lesgravereaux.marret.co\/wp-content\/uploads\/2016\/03\/Roses-de-Malmaison-p04_wp.jpg?resize=101%2C102&#038;ssl=1\" alt=\"Roses de Malmaison - p04_wp\" width=\"101\" height=\"102\" data-wp-pid=\"632\" srcset=\"https:\/\/i0.wp.com\/lesgravereaux.marret.co\/wp-content\/uploads\/2016\/03\/Roses-de-Malmaison-p04_wp.jpg?w=291&amp;ssl=1 291w, https:\/\/i0.wp.com\/lesgravereaux.marret.co\/wp-content\/uploads\/2016\/03\/Roses-de-Malmaison-p04_wp.jpg?resize=150%2C150&amp;ssl=1 150w\" sizes=\"auto, (max-width: 101px) 100vw, 101px\" \/><\/a><\/p>\n<p>&nbsp;<\/p>\n","protected":false},"excerpt":{"rendered":"<p>Statuts de l&rsquo;Association Jules Gravereaux Article 1 Il est fond\u00e9 entre les adh\u00e9rents aux pr\u00e9sents statuts une association r\u00e9gie par la loi du 1erjuillet 1901 et le d\u00e9cret du 16 ao\u00fbt 1901, ayant pour titre\u00a0: Association \u00ab\u00a0Jules GRAVEREAUX\u00a0\u00bb Article 2 &hellip; <a href=\"https:\/\/lesgravereaux.marret.co\/index.php\/lassociation-jules-gravereaux\/lassociation-jules-gravereaux-ses-statuts\/\">Continuer la lecture <span class=\"meta-nav\">&rarr;<\/span><\/a><\/p>\n","protected":false},"author":1,"featured_media":0,"parent":2116,"menu_order":0,"comment_status":"closed","ping_status":"closed","template":"","meta":{"ngg_post_thumbnail":0,"jetpack_post_was_ever_published":false,"footnotes":""},"class_list":["post-2120","page","type-page","status-publish","hentry"],"jetpack_sharing_enabled":true,"jetpack_shortlink":"https:\/\/wp.me\/P7ERyi-yc","jetpack-related-posts":[{"id":2116,"url":"https:\/\/lesgravereaux.marret.co\/index.php\/lassociation-jules-gravereaux\/","url_meta":{"origin":2120,"position":0},"title":"L&rsquo;Association Jules Gravereaux","author":"marretgravereaux","date":"1 mai 2016","format":false,"excerpt":"L\u2019Association Jules Gravereaux a pour vocation de perp\u00e9tuer la m\u00e9moire de Jules Gravereaux \u00e0 travers notamment\u00a0: le recueil de documents; l\u2019organisation de manifestations familiales; l\u2019acc\u00e8s \u00e0 un site internet. Fond\u00e9e en janvier 2010, elle a planifi\u00e9 et r\u00e9alis\u00e9 la Cousinade Gravereaux qui s'est tenue le 28 mai 2010 \u00e0 L'Ha\u00ff-les-Roses.\u2026","rel":"","context":"Article similaire","block_context":{"text":"Article similaire","link":""},"img":{"alt_text":"Jules Gravereaux - OG053c","src":"https:\/\/i0.wp.com\/lesgravereaux.marret.co\/wp-content\/uploads\/2015\/10\/Jules-Gravereaux-OG053c-649x1024.jpg?resize=350%2C200","width":350,"height":200},"classes":[]},{"id":3326,"url":"https:\/\/lesgravereaux.marret.co\/index.php\/571-2\/la-journee-de-jules-gravereaux\/","url_meta":{"origin":2120,"position":1},"title":"28 mai 2016 &#8211; La journ\u00e9e de Jules Gravereaux","author":"marretgravereaux","date":"10 juin 2016","format":false,"excerpt":"La ville de L'Ha\u00ff-les-Roses, les associations locales et la famille Gravereaux avaient d\u00e9cid\u00e9 de souligner le centenaire du d\u00e9c\u00e8s de Jules Gravereaux en organisant des activit\u00e9s le 18 mai 2016\u2026 Nathalie Ferrand, auteur du livre \u00ab\u00a0Cr\u00e9ateur de roses\u00a0\u00bb a prononc\u00e9 une conf\u00e9rence sur le th\u00e8me \u00ab\u00a0Rayonnement de Jules Gravereaux en\u2026","rel":"","context":"Dans &quot;Jules Gravereaux&quot;","block_context":{"text":"Jules Gravereaux","link":"https:\/\/lesgravereaux.marret.co\/index.php\/category\/jules-gravereaux\/"},"img":{"alt_text":"File0032a","src":"https:\/\/i0.wp.com\/lesgravereaux.marret.co\/wp-content\/uploads\/2015\/10\/File0032a.jpg?resize=350%2C200","width":350,"height":200},"classes":[]},{"id":581,"url":"https:\/\/lesgravereaux.marret.co\/index.php\/jules-gravereaux\/portraits-de-jules-gravereaux\/le-buste-de-jules-gravereaux\/le-buste-de-jules-gravereaux-sa-renaissance\/","url_meta":{"origin":2120,"position":2},"title":"Le buste de Jules Gravereaux &#8211; sa renaissance","author":"marretgravereaux","date":"7 mars 2016","format":false,"excerpt":"Petite histoire du buste... par\u00a0Jean-Gilles Engerrand ancien pr\u00e9sident des Amis du vieux L'Ha\u00ff Photos\u00a0: Association des Amis du Vieux L'Ha\u00ff \u00ab\u00a0\u00c0 l'origine, le buste de Jules Gravereaux se trouvait sur une st\u00e8le au fond de ce que l'on nomme aujourd'hui le parking du square Allende. \u00c0 cet endroit, tous les\u2026","rel":"","context":"Article similaire","block_context":{"text":"Article similaire","link":""},"img":{"alt_text":"1914 Carillon, Rene - Buste de Jules Gravereaux avant restauration_wp","src":"https:\/\/i0.wp.com\/marret.co\/wp-content\/uploads\/2016\/03\/1914-Carillon-Rene-Buste-de-Jules-Gravereaux-avant-restauration_wp.jpg?resize=350%2C200","width":350,"height":200},"classes":[]},{"id":3720,"url":"https:\/\/lesgravereaux.marret.co\/index.php\/jules-gravereaux\/jules-gravereaux-honneurs-et-medailles\/","url_meta":{"origin":2120,"position":3},"title":"Jules Gravereaux &#8211; Honneurs et m\u00e9dailles","author":"marretgravereaux","date":"19 juin 2016","format":false,"excerpt":"Jules Gravereaux a acquis la propri\u00e9t\u00e9 de L\u2019Ha\u00ff en 1892 et il commen\u00e7a \u00e0 y installer une collection de roses vers 1894. Mais ce n\u2019est qu\u2019en 1899 qu\u2019\u00c9douard Andr\u00e9, architecte-paysager reconnu cr\u00e9a la premi\u00e8re roseraie. Celle-ci acquit tr\u00e8s rapidement une notori\u00e9t\u00e9 internationale, la publication de l\u2019inventaire des collections et l\u2019article\u2026","rel":"","context":"Article similaire","block_context":{"text":"Article similaire","link":""},"img":{"alt_text":"Jules Gravereaux - OG053c","src":"https:\/\/i0.wp.com\/lesgravereaux.marret.co\/wp-content\/uploads\/2015\/10\/Jules-Gravereaux-OG053c-e1466353135600-649x1024.jpg?resize=350%2C200","width":350,"height":200},"classes":[]},{"id":1968,"url":"https:\/\/lesgravereaux.marret.co\/index.php\/jules-gravereaux\/jules-gravereaux-ses-ecrits\/1901-rapport-sur-la-culture-des-roses-dans-la-peninsule-des-balkans\/1901-rapport-sur-la-culture-des-roses\/","url_meta":{"origin":2120,"position":4},"title":"1901 &#8211; La culture des roses dans les Balkans (commentaire)","author":"marretgravereaux","date":"25 avril 2016","format":false,"excerpt":"GRAVEREAUX, Jules. Rapport sur la culture des roses dans la p\u00e9ninsule des Balkans \/ par J. Gravereaux. Extrait du Bulletin du Minist\u00e8re de l'Agriculture, 1901, no\u00a03. Paris\u00a0: Impr. nationale, 1901.- 9\u00a0p.; 27\u00a0cm. ~~~~~~~ L\u2019auteur est cet amateur qui a fond\u00e9 la Roseraie de l\u2019Hay (Seine), d\u00e9j\u00e0 c\u00e9l\u00e8bre quoique de cr\u00e9ation\u2026","rel":"","context":"Article similaire","block_context":{"text":"Article similaire","link":""},"img":{"alt_text":"1901 La culture des roses p02 - YH069_wp","src":"https:\/\/i0.wp.com\/lesgravereaux.marret.co\/wp-content\/uploads\/2016\/04\/1901-La-culture-des-roses-p02-YH069_wp-741x1024.jpg?resize=350%2C200","width":350,"height":200},"classes":[]},{"id":566,"url":"https:\/\/lesgravereaux.marret.co\/index.php\/jules-gravereaux\/","url_meta":{"origin":2120,"position":5},"title":"Jules Gravereaux","author":"marretgravereaux","date":"7 mars 2016","format":false,"excerpt":"Jules GRAVEREAUX voit le jour le mercredi 1er mai 1844 \u00e0 Vitry-sur-Seine; il est le troisi\u00e8me enfant de Jean Narcisse Mathurin Gravereaux et Marie Henriette Gervais. Il commence \u00e0 travailler \u00e0 l\u2019\u00e2ge de 12 ans, d\u00e9butant chez une merci\u00e8re de la rue du Bac, madame Caillaut. En 1864, Jules Gravereaux\u2026","rel":"","context":"Article similaire","block_context":{"text":"Article similaire","link":""},"img":{"alt_text":"Jules Gravereaux - JLM0071a","src":"https:\/\/i0.wp.com\/marret.co\/wp-content\/uploads\/2015\/10\/Jules-Gravereaux-JLM0071a-740x1024.jpg?resize=350%2C200","width":350,"height":200},"classes":[]}],"_links":{"self":[{"href":"https:\/\/lesgravereaux.marret.co\/index.php\/wp-json\/wp\/v2\/pages\/2120","targetHints":{"allow":["GET"]}}],"collection":[{"href":"https:\/\/lesgravereaux.marret.co\/index.php\/wp-json\/wp\/v2\/pages"}],"about":[{"href":"https:\/\/lesgravereaux.marret.co\/index.php\/wp-json\/wp\/v2\/types\/page"}],"author":[{"embeddable":true,"href":"https:\/\/lesgravereaux.marret.co\/index.php\/wp-json\/wp\/v2\/users\/1"}],"replies":[{"embeddable":true,"href":"https:\/\/lesgravereaux.marret.co\/index.php\/wp-json\/wp\/v2\/comments?post=2120"}],"version-history":[{"count":0,"href":"https:\/\/lesgravereaux.marret.co\/index.php\/wp-json\/wp\/v2\/pages\/2120\/revisions"}],"up":[{"embeddable":true,"href":"https:\/\/lesgravereaux.marret.co\/index.php\/wp-json\/wp\/v2\/pages\/2116"}],"wp:attachment":[{"href":"https:\/\/lesgravereaux.marret.co\/index.php\/wp-json\/wp\/v2\/media?parent=2120"}],"curies":[{"name":"wp","href":"https:\/\/api.w.org\/{rel}","templated":true}]}}