{"id":2116,"date":"2016-05-01T22:44:15","date_gmt":"2016-05-01T21:44:15","guid":{"rendered":"http:\/\/lesgravereaux.marret.co\/?page_id=2116"},"modified":"2016-05-01T22:50:01","modified_gmt":"2016-05-01T21:50:01","slug":"lassociation-jules-gravereaux","status":"publish","type":"page","link":"https:\/\/lesgravereaux.marret.co\/index.php\/lassociation-jules-gravereaux\/","title":{"rendered":"L&rsquo;Association Jules Gravereaux"},"content":{"rendered":"<p><a href=\"https:\/\/i0.wp.com\/lesgravereaux.marret.co\/wp-content\/uploads\/2015\/10\/Jules-Gravereaux-OG053c.jpg?ssl=1\"><img data-recalc-dims=\"1\" loading=\"lazy\" decoding=\"async\" data-attachment-id=\"43\" data-permalink=\"https:\/\/lesgravereaux.marret.co\/index.php\/lassociation-jules-gravereaux\/jules-gravereaux-og053c\/\" data-orig-file=\"https:\/\/i0.wp.com\/lesgravereaux.marret.co\/wp-content\/uploads\/2015\/10\/Jules-Gravereaux-OG053c-e1466353135600.jpg?fit=1564%2C2467&amp;ssl=1\" data-orig-size=\"1564,2467\" data-comments-opened=\"1\" data-image-meta=\"{&quot;aperture&quot;:&quot;0&quot;,&quot;credit&quot;:&quot;&quot;,&quot;camera&quot;:&quot;&quot;,&quot;caption&quot;:&quot;&quot;,&quot;created_timestamp&quot;:&quot;0&quot;,&quot;copyright&quot;:&quot;&quot;,&quot;focal_length&quot;:&quot;0&quot;,&quot;iso&quot;:&quot;0&quot;,&quot;shutter_speed&quot;:&quot;0&quot;,&quot;title&quot;:&quot;&quot;,&quot;orientation&quot;:&quot;1&quot;}\" data-image-title=\"Jules Gravereaux &amp;#8211; OG053c\" data-image-description=\"\" data-image-caption=\"\" data-medium-file=\"https:\/\/i0.wp.com\/lesgravereaux.marret.co\/wp-content\/uploads\/2015\/10\/Jules-Gravereaux-OG053c-e1466353135600.jpg?fit=190%2C300&amp;ssl=1\" data-large-file=\"https:\/\/i0.wp.com\/lesgravereaux.marret.co\/wp-content\/uploads\/2015\/10\/Jules-Gravereaux-OG053c-e1466353135600.jpg?fit=640%2C1010&amp;ssl=1\" class=\"wp-image-43 alignright\" src=\"https:\/\/i0.wp.com\/lesgravereaux.marret.co\/wp-content\/uploads\/2015\/10\/Jules-Gravereaux-OG053c.jpg?resize=250%2C395&#038;ssl=1\" alt=\"Jules Gravereaux - OG053c\" width=\"250\" height=\"395\" data-wp-pid=\"43\" \/><\/a>L\u2019Association Jules Gravereaux a pour vocation de perp\u00e9tuer la m\u00e9moire de Jules Gravereaux \u00e0 travers notamment\u00a0:<\/p>\n<ul>\n<li>le recueil de documents;<\/li>\n<li>l\u2019organisation de manifestations familiales;<\/li>\n<li>l\u2019acc\u00e8s \u00e0 un site internet.<\/li>\n<\/ul>\n<p>Fond\u00e9e en janvier 2010, elle a planifi\u00e9 et r\u00e9alis\u00e9 la <em>Cousinade Gravereaux<\/em> qui s&rsquo;est tenue le 28 mai 2010 \u00e0 L&rsquo;Ha\u00ff-les-Roses.<\/p>\n<p>En 2016, l\u2019Association Jules Gravereaux a organis\u00e9 une rencontre familiale pour souligner le centenaire du d\u00e9c\u00e8s de Jules Gravereaux. Dans le cadre des activit\u00e9s qui souligneront cet anniversaire \u00e0 L\u2019Ha\u00ff-les-Roses, elle contribue \u00e0 l\u2019organisation de diverses activit\u00e9s; en outre, elle a invit\u00e9 tous les descendants de Jules Gravereaux \u00e0 se r\u00e9unir le 28\u00a0mai 2016 dans la roseraie pour comm\u00e9morer l\u2019\u0153uvre de leur anc\u00eatre.<\/p>\n<p>Pour devenir membre, il faut \u00eatre accept\u00e9 par le bureau de direction de l&rsquo;association et payer sa contribution annuelle, celle-ci ayant \u00e9t\u00e9 fix\u00e9e, pour 2016, \u00e0 20 euros.<\/p>\n<hr \/>\n<p>Pour plus de renseignements, s&rsquo;adresser \u00e0 <a href=\"mailto:\/\/thin.florence@gmail.com\">Florence Thin<\/a> ou \u00e0 <a href=\"mailto:\/\/gerard.lefebure78@gmail.com\">Francine Lef\u00e9bure<\/a><\/p>\n","protected":false},"excerpt":{"rendered":"<p>L\u2019Association Jules Gravereaux a pour vocation de perp\u00e9tuer la m\u00e9moire de Jules Gravereaux \u00e0 travers notamment\u00a0: le recueil de documents; l\u2019organisation de manifestations familiales; l\u2019acc\u00e8s \u00e0 un site internet. Fond\u00e9e en janvier 2010, elle a planifi\u00e9 et r\u00e9alis\u00e9 la Cousinade &hellip; <a href=\"https:\/\/lesgravereaux.marret.co\/index.php\/lassociation-jules-gravereaux\/\">Continuer la lecture <span class=\"meta-nav\">&rarr;<\/span><\/a><\/p>\n","protected":false},"author":1,"featured_media":0,"parent":0,"menu_order":0,"comment_status":"closed","ping_status":"closed","template":"","meta":{"ngg_post_thumbnail":0,"jetpack_post_was_ever_published":false,"footnotes":""},"class_list":["post-2116","page","type-page","status-publish","hentry"],"jetpack_sharing_enabled":true,"jetpack_shortlink":"https:\/\/wp.me\/P7ERyi-y8","jetpack-related-posts":[{"id":3326,"url":"https:\/\/lesgravereaux.marret.co\/index.php\/571-2\/la-journee-de-jules-gravereaux\/","url_meta":{"origin":2116,"position":0},"title":"28 mai 2016 &#8211; La journ\u00e9e de Jules Gravereaux","author":"marretgravereaux","date":"10 juin 2016","format":false,"excerpt":"La ville de L'Ha\u00ff-les-Roses, les associations locales et la famille Gravereaux avaient d\u00e9cid\u00e9 de souligner le centenaire du d\u00e9c\u00e8s de Jules Gravereaux en organisant des activit\u00e9s le 18 mai 2016\u2026 Nathalie Ferrand, auteur du livre \u00ab\u00a0Cr\u00e9ateur de roses\u00a0\u00bb a prononc\u00e9 une conf\u00e9rence sur le th\u00e8me \u00ab\u00a0Rayonnement de Jules Gravereaux en\u2026","rel":"","context":"Dans &quot;Jules Gravereaux&quot;","block_context":{"text":"Jules Gravereaux","link":"https:\/\/lesgravereaux.marret.co\/index.php\/category\/jules-gravereaux\/"},"img":{"alt_text":"File0032a","src":"https:\/\/i0.wp.com\/lesgravereaux.marret.co\/wp-content\/uploads\/2015\/10\/File0032a.jpg?resize=350%2C200","width":350,"height":200},"classes":[]},{"id":3709,"url":"https:\/\/lesgravereaux.marret.co\/index.php\/jules-gravereaux\/des-evenements-de-sa-vie\/jules-gravereaux-son-deces\/lhay-les-roses-lavenue-jules-gravereaux\/","url_meta":{"origin":2116,"position":1},"title":"L&rsquo;Ha\u00ff-les-Roses &#8211; L&rsquo;avenue Jules Gravereaux","author":"marretgravereaux","date":"17 juin 2016","format":false,"excerpt":"Dans les semaines qui ont suivi le d\u00e9c\u00e8s de Jules Gravereaux, la ville de L\u2019Ha\u00ff-les-Roses a jug\u00e9 bon de l\u2019honorer de fa\u00e7on toute particuli\u00e8re\u2026 (3e Bur.) \u2014 Administration communale. \u2014 Bry-sur-Marne, L'Ha\u00ff-les-Roses, Nogent-sur-Marne et Saint-Maur\u00a0: d\u00e9nominations de voies publiques. (D\u00e9crets.) Par d\u00e9cret du 30 ao\u00fbt 1916 a \u00e9t\u00e9 approuv\u00e9e la\u2026","rel":"","context":"Article similaire","block_context":{"text":"Article similaire","link":""},"img":{"alt_text":"Paris (D\u00e9partement). Recueil des actes administratifs, bulletin","src":"https:\/\/i0.wp.com\/lesgravereaux.marret.co\/wp-content\/uploads\/2016\/06\/1916-08-Actes-administratifs-Pr%C3%A9fecture-de-la-Seine-3_wp.jpg?resize=350%2C200","width":350,"height":200},"classes":[]},{"id":5282,"url":"https:\/\/lesgravereaux.marret.co\/index.php\/jules-gravereaux\/des-evenements-de-sa-vie\/jules-gravereaux-son-mariage\/laure-thuillier\/","url_meta":{"origin":2116,"position":2},"title":"Laure Thuillier","author":"marretgravereaux","date":"21 avril 2017","format":false,"excerpt":"Fille d\u2019Alexis Eug\u00e8ne Thuillier et de H\u00e9lo\u00efse Philiberte Gautier, Laure Marie Alexandrine THUILLIER na\u00eet le jeudi 30 d\u00e9cembre 1852 \u00e0 Paris. Elle vient d\u2019avoir 21\u00a0ans lorsqu\u2019elle \u00e9pouse Jules Gravereaux, le 9\u00a0ao\u00fbt 1873. Ce serait \u00e0 elle que l\u2019on doit la carri\u00e8re de Jules Gravereaux dans le monde des rosi\u00e9ristes. Sa\u2026","rel":"","context":"Article similaire","block_context":{"text":"Article similaire","link":""},"img":{"alt_text":"","src":"https:\/\/i0.wp.com\/lesgravereaux.marret.co\/wp-content\/uploads\/2015\/10\/Jules-Gravereaux-et-Laure-Thuillier-GV0066b-1024x882.jpg?resize=350%2C200","width":350,"height":200},"classes":[]},{"id":577,"url":"https:\/\/lesgravereaux.marret.co\/index.php\/jules-gravereaux\/portraits-de-jules-gravereaux\/le-buste-de-jules-gravereaux\/","url_meta":{"origin":2116,"position":3},"title":"Le buste de Jules Gravereaux","author":"marretgravereaux","date":"7 mars 2016","format":false,"excerpt":"En 1914, le sculpteur Carillon ex\u00e9cutait un buste de Jules Gravereaux... Pr\u00e9sent\u00e9 au Salon des artistes fran\u00e7ais de cette ann\u00e9e-l\u00e0, il y fut remarqu\u00e9, comme le souligne Lucien Klotz, critique \u00e0 La Presse\u00a0: \u00ab\u00a0M. Carion a expos\u00e9 le buste de M. Gravereaux, propri\u00e9taire de la roseraie L'Hay, le plus beau\u2026","rel":"","context":"Article similaire","block_context":{"text":"Article similaire","link":""},"img":{"alt_text":"1914 Carillon, Rene - Buste de Jules Gravereaux 2_wp","src":"https:\/\/i0.wp.com\/marret.co\/wp-content\/uploads\/2016\/03\/1914-Carillon-Rene-Buste-de-Jules-Gravereaux-2_wp-846x1024.jpg?resize=350%2C200","width":350,"height":200},"classes":[]},{"id":1211,"url":"https:\/\/lesgravereaux.marret.co\/index.php\/jules-gravereaux\/jules-gravereaux-et-lhay-documents-et-references\/","url_meta":{"origin":2116,"position":4},"title":"Jules Gravereaux et l&rsquo;Ha\u00ff &#8211; Documents et r\u00e9f\u00e9rences","author":"marretgravereaux","date":"18 mars 2016","format":false,"excerpt":"S\u2019il ne fallait mentionner qu\u2019un ouvrage \u00e0 lire pour conna\u00eetre l\u2019histoire de Jules Gravereaux et de la roseraie de L\u2019Ha\u00ff, ce serait certainement celui de Nadine Villalobos\u00a0: Floril\u00e8ge, la roseraie du Val-de-Marne \u00e0 L\u2019Ha\u00ff-les-Roses. Villa-Lobos, Nadine et B\u00e9atrice Pichon-Clarisse. Floril\u00e8ge \u00e0 L'Ha\u00ff-les-Roses - La roseraie du Val-de-Marne. Imprimerie Nationale, 2006.\u2026","rel":"","context":"Article similaire","block_context":{"text":"Article similaire","link":""},"img":{"alt_text":"Florilege c0_wp","src":"https:\/\/i0.wp.com\/marret.co\/wp-content\/uploads\/2016\/03\/Florilege-c0_wp-899x1024.jpg?resize=350%2C200","width":350,"height":200},"classes":[]},{"id":807,"url":"https:\/\/lesgravereaux.marret.co\/index.php\/jules-gravereaux\/portraits-de-jules-gravereaux\/","url_meta":{"origin":2116,"position":5},"title":"Portraits de Jules Gravereaux","author":"marretgravereaux","date":"10 mars 2016","format":false,"excerpt":"Tableau Portrait de Jules Gravereaux dans la roseraie de L\u2019Ha\u00ff\u00a0\u00a0 par Charles-Paul RENOUARD (1841-1919)\u00a0 Source : Archives d\u00e9partementales du Val-de-Marne \u00a0 M\u00e9daille M\u00e9daille\u00a0(38mm, fini bronze) con\u00e7ue par Jean-Luc Marret et frapp\u00e9e par l'atelier mon\u00e9taire\u00a0Pressed Metal Products\u00a0de Vancouver (Canada). Pour plus de d\u00e9tails et commande s'adresser \u00e0\u00a0Jean-Luc Marret. \u00a0 Buste R\u00e9alis\u00e9\u2026","rel":"","context":"Article similaire","block_context":{"text":"Article similaire","link":""},"img":{"alt_text":"Renouard, Charles-Paul (47 J 245)_wp","src":"https:\/\/i0.wp.com\/marret.co\/wp-content\/uploads\/2016\/03\/Renouard-Charles-Paul-47-J-245_wp-1024x743.jpg?resize=350%2C200","width":350,"height":200},"classes":[]}],"_links":{"self":[{"href":"https:\/\/lesgravereaux.marret.co\/index.php\/wp-json\/wp\/v2\/pages\/2116","targetHints":{"allow":["GET"]}}],"collection":[{"href":"https:\/\/lesgravereaux.marret.co\/index.php\/wp-json\/wp\/v2\/pages"}],"about":[{"href":"https:\/\/lesgravereaux.marret.co\/index.php\/wp-json\/wp\/v2\/types\/page"}],"author":[{"embeddable":true,"href":"https:\/\/lesgravereaux.marret.co\/index.php\/wp-json\/wp\/v2\/users\/1"}],"replies":[{"embeddable":true,"href":"https:\/\/lesgravereaux.marret.co\/index.php\/wp-json\/wp\/v2\/comments?post=2116"}],"version-history":[{"count":0,"href":"https:\/\/lesgravereaux.marret.co\/index.php\/wp-json\/wp\/v2\/pages\/2116\/revisions"}],"wp:attachment":[{"href":"https:\/\/lesgravereaux.marret.co\/index.php\/wp-json\/wp\/v2\/media?parent=2116"}],"curies":[{"name":"wp","href":"https:\/\/api.w.org\/{rel}","templated":true}]}}