{"id":2065,"date":"2016-04-26T18:52:19","date_gmt":"2016-04-26T17:52:19","guid":{"rendered":"http:\/\/lesgravereaux.marret.co\/?page_id=2065"},"modified":"2024-04-24T16:26:47","modified_gmt":"2024-04-24T15:26:47","slug":"des-roses","status":"publish","type":"page","link":"https:\/\/lesgravereaux.marret.co\/index.php\/jules-gravereaux\/1294-2\/des-roses\/","title":{"rendered":"Des roses"},"content":{"rendered":"<p>Dans sa roseraie de L\u2019Ha\u00ff, Jules Gravereaux a cr\u00e9\u00e9, par hybridation, plus d\u2019une <a href=\"https:\/\/lesgravereaux.marret.co\/index.php\/aux-noms-de-la-rose\/\">centaine de roses<\/a>. Il toucha \u00e0 des esp\u00e8ces ou \u00e0 des groupes divers (hybrides de&nbsp;<em>lutea<\/em>, de&nbsp;<em>microphylla<\/em>, de&nbsp;<em>wichura<\/em>, hybrides remontants ou hybrides de th\u00e9, &#8230;), <a href=\"https:\/\/i0.wp.com\/lesgravereaux.marret.co\/wp-content\/uploads\/2016\/04\/031%C2%A9-47-ROSERAIE-DE-LHAY-Le-Jardin-dessai_wp.jpg?ssl=1\"><img data-recalc-dims=\"1\" loading=\"lazy\" decoding=\"async\" data-attachment-id=\"2067\" data-permalink=\"https:\/\/lesgravereaux.marret.co\/index.php\/jules-gravereaux\/1294-2\/des-roses\/031-47-roseraie-de-lhay-le-jardin-dessai_wp\/\" data-orig-file=\"https:\/\/i0.wp.com\/lesgravereaux.marret.co\/wp-content\/uploads\/2016\/04\/031%C2%A9-47-ROSERAIE-DE-LHAY-Le-Jardin-dessai_wp.jpg?fit=522%2C827&amp;ssl=1\" data-orig-size=\"522,827\" data-comments-opened=\"1\" data-image-meta=\"{&quot;aperture&quot;:&quot;0&quot;,&quot;credit&quot;:&quot;&quot;,&quot;camera&quot;:&quot;&quot;,&quot;caption&quot;:&quot;&quot;,&quot;created_timestamp&quot;:&quot;0&quot;,&quot;copyright&quot;:&quot;&quot;,&quot;focal_length&quot;:&quot;0&quot;,&quot;iso&quot;:&quot;0&quot;,&quot;shutter_speed&quot;:&quot;0&quot;,&quot;title&quot;:&quot;&quot;,&quot;orientation&quot;:&quot;1&quot;}\" data-image-title=\"031\u00a9 47 ROSERAIE DE L&amp;rsquo;HAY &amp;#8211; Le Jardin d&amp;rsquo;essai_wp\" data-image-description=\"\" data-image-caption=\"\" data-medium-file=\"https:\/\/i0.wp.com\/lesgravereaux.marret.co\/wp-content\/uploads\/2016\/04\/031%C2%A9-47-ROSERAIE-DE-LHAY-Le-Jardin-dessai_wp.jpg?fit=189%2C300&amp;ssl=1\" data-large-file=\"https:\/\/i0.wp.com\/lesgravereaux.marret.co\/wp-content\/uploads\/2016\/04\/031%C2%A9-47-ROSERAIE-DE-LHAY-Le-Jardin-dessai_wp.jpg?fit=522%2C827&amp;ssl=1\" class=\"wp-image-2067 alignright\" src=\"https:\/\/i0.wp.com\/lesgravereaux.marret.co\/wp-content\/uploads\/2016\/04\/031%C2%A9-47-ROSERAIE-DE-LHAY-Le-Jardin-dessai_wp.jpg?resize=276%2C438&#038;ssl=1\" alt=\"031\u00a9 47 ROSERAIE DE L'HAY - Le Jardin d'essai_wp\" width=\"276\" height=\"438\" data-wp-pid=\"2067\" srcset=\"https:\/\/i0.wp.com\/lesgravereaux.marret.co\/wp-content\/uploads\/2016\/04\/031%C2%A9-47-ROSERAIE-DE-LHAY-Le-Jardin-dessai_wp.jpg?w=522&amp;ssl=1 522w, https:\/\/i0.wp.com\/lesgravereaux.marret.co\/wp-content\/uploads\/2016\/04\/031%C2%A9-47-ROSERAIE-DE-LHAY-Le-Jardin-dessai_wp.jpg?resize=189%2C300&amp;ssl=1 189w, https:\/\/i0.wp.com\/lesgravereaux.marret.co\/wp-content\/uploads\/2016\/04\/031%C2%A9-47-ROSERAIE-DE-LHAY-Le-Jardin-dessai_wp.jpg?resize=379%2C600&amp;ssl=1 379w\" sizes=\"auto, (max-width: 276px) 100vw, 276px\" \/><\/a>mais c\u2019est surtout gr\u00e2ce aux hybrides de&nbsp;<em>rugosa<\/em>&nbsp;qu\u2019il se fit conna\u00eetre. Parmi les autres roses qui firent sa c\u00e9l\u00e9brit\u00e9, on notera <a href=\"https:\/\/lesgravereaux.marret.co\/index.php\/la-roseraie-de-lhay\/la-rose-madame-raymond-poincare\/\"><em><strong>Madame Raymond Poincar\u00e9<\/strong><\/em><\/a>.&nbsp;Plus d\u2019un si\u00e8cle apr\u00e8s leur cr\u00e9ation, un certain nombre de ces hybrides sont encore disponibles chez les rosi\u00e9ristes modernes, parmi lesquels&nbsp;:<\/p>\n<ul>\n<li style=\"padding-left: 30px;\">Am\u00e9lie Gravereaux<\/li>\n<li style=\"padding-left: 30px;\">Ch\u00e2teau de la Juv\u00e9nie<\/li>\n<li style=\"padding-left: 30px;\">Georges Cain<\/li>\n<li style=\"padding-left: 30px;\">Madame Ancelot<\/li>\n<li style=\"padding-left: 30px;\">Madame Ballu<\/li>\n<li style=\"padding-left: 30px;\">Madame Tiret<\/li>\n<li style=\"padding-left: 30px;\">Madame Lucien Villeminot<\/li>\n<li style=\"padding-left: 30px;\">Monsieur Bienv\u00eatu<\/li>\n<li style=\"padding-left: 30px;\">Petite Fran\u00e7oise<\/li>\n<li style=\"padding-left: 30px;\">Potager du Dauphin<\/li>\n<li style=\"padding-left: 30px;\">Rose \u00e0 parfum de L&rsquo;Ha\u00ff<\/li>\n<li style=\"padding-left: 30px;\">Villa des Tibylles<\/li>\n<\/ul>\n<p><a href=\"https:\/\/i0.wp.com\/lesgravereaux.marret.co\/wp-content\/uploads\/2016\/04\/1902-RdlH-Catalogue-p91A_wp.jpg?ssl=1\"><img data-recalc-dims=\"1\" loading=\"lazy\" decoding=\"async\" data-attachment-id=\"1856\" data-permalink=\"https:\/\/lesgravereaux.marret.co\/index.php\/jules-gravereaux\/jules-gravereaux-ses-ecrits\/1902-catalogue\/1902-rdlh-catalogue-p91a_wp\/\" data-orig-file=\"https:\/\/i0.wp.com\/lesgravereaux.marret.co\/wp-content\/uploads\/2016\/04\/1902-RdlH-Catalogue-p91A_wp.jpg?fit=724%2C1181&amp;ssl=1\" data-orig-size=\"724,1181\" data-comments-opened=\"1\" data-image-meta=\"{&quot;aperture&quot;:&quot;0&quot;,&quot;credit&quot;:&quot;&quot;,&quot;camera&quot;:&quot;&quot;,&quot;caption&quot;:&quot;&quot;,&quot;created_timestamp&quot;:&quot;0&quot;,&quot;copyright&quot;:&quot;&quot;,&quot;focal_length&quot;:&quot;0&quot;,&quot;iso&quot;:&quot;0&quot;,&quot;shutter_speed&quot;:&quot;0&quot;,&quot;title&quot;:&quot;&quot;,&quot;orientation&quot;:&quot;1&quot;}\" data-image-title=\"1902 RdlH &amp;#8211; Catalogue p91A_wp\" data-image-description=\"\" data-image-caption=\"\" data-medium-file=\"https:\/\/i0.wp.com\/lesgravereaux.marret.co\/wp-content\/uploads\/2016\/04\/1902-RdlH-Catalogue-p91A_wp.jpg?fit=184%2C300&amp;ssl=1\" data-large-file=\"https:\/\/i0.wp.com\/lesgravereaux.marret.co\/wp-content\/uploads\/2016\/04\/1902-RdlH-Catalogue-p91A_wp.jpg?fit=628%2C1024&amp;ssl=1\" class=\"wp-image-1856 alignleft\" src=\"https:\/\/i0.wp.com\/lesgravereaux.marret.co\/wp-content\/uploads\/2016\/04\/1902-RdlH-Catalogue-p91A_wp.jpg?resize=198%2C322&#038;ssl=1\" alt=\"1902 RdlH - Catalogue p91A_wp\" width=\"198\" height=\"322\" data-wp-pid=\"1856\" srcset=\"https:\/\/i0.wp.com\/lesgravereaux.marret.co\/wp-content\/uploads\/2016\/04\/1902-RdlH-Catalogue-p91A_wp.jpg?resize=628%2C1024&amp;ssl=1 628w, https:\/\/i0.wp.com\/lesgravereaux.marret.co\/wp-content\/uploads\/2016\/04\/1902-RdlH-Catalogue-p91A_wp.jpg?resize=184%2C300&amp;ssl=1 184w, https:\/\/i0.wp.com\/lesgravereaux.marret.co\/wp-content\/uploads\/2016\/04\/1902-RdlH-Catalogue-p91A_wp.jpg?resize=368%2C600&amp;ssl=1 368w, https:\/\/i0.wp.com\/lesgravereaux.marret.co\/wp-content\/uploads\/2016\/04\/1902-RdlH-Catalogue-p91A_wp.jpg?w=724&amp;ssl=1 724w\" sizes=\"auto, (max-width: 198px) 100vw, 198px\" \/><\/a><\/p>\n<p>A la roseraie de L\u2019Ha\u00ff, plus d\u2019un hectare de terrain \u00e9tait r\u00e9serv\u00e9 aux essais de culture des rosiers \u00e0 parfum. En 1901, Jules Gravereaux avait effectu\u00e9 une mission dans les Balkans pour \u00e9tudier la culture des roses et la production d\u2019essence de rose. Il consacra plusieurs ann\u00e9es \u00e0 l\u2019\u00e9tude de ces vari\u00e9t\u00e9s et obtint par hybridation la&nbsp;<strong><em>Rose \u00e0 parfum de L\u2019Ha\u00ff<\/em><\/strong>,&nbsp;&nbsp;con\u00e7ue sp\u00e9cialement pour fournir un rendement \u00e9lev\u00e9 en essence de rose.<\/p>\n","protected":false},"excerpt":{"rendered":"<p>Dans sa roseraie de L\u2019Ha\u00ff, Jules Gravereaux a cr\u00e9\u00e9, par hybridation, plus d\u2019une centaine de roses. Il toucha \u00e0 des esp\u00e8ces ou \u00e0 des groupes divers (hybrides de&nbsp;lutea, de&nbsp;microphylla, de&nbsp;wichura, hybrides remontants ou hybrides de th\u00e9, &#8230;), mais c\u2019est surtout &hellip; <a href=\"https:\/\/lesgravereaux.marret.co\/index.php\/jules-gravereaux\/1294-2\/des-roses\/\">Continuer la lecture <span class=\"meta-nav\">&rarr;<\/span><\/a><\/p>\n","protected":false},"author":1,"featured_media":0,"parent":1294,"menu_order":0,"comment_status":"closed","ping_status":"closed","template":"","meta":{"ngg_post_thumbnail":0,"jetpack_post_was_ever_published":false,"footnotes":""},"class_list":["post-2065","page","type-page","status-publish","hentry"],"jetpack_sharing_enabled":true,"jetpack_shortlink":"https:\/\/wp.me\/P7ERyi-xj","jetpack-related-posts":[{"id":1270,"url":"https:\/\/lesgravereaux.marret.co\/index.php\/jules-gravereaux\/portraits-de-jules-gravereaux\/a-la-une\/","url_meta":{"origin":2065,"position":0},"title":"Jules Gravereaux \u00e0 la une","author":"marretgravereaux","date":"19 mars 2016","format":false,"excerpt":"Dans son\u00a0num\u00e9ro du 1er\u00a0juin 1907, la revue La Vie \u00e0 la Campagne affiche un portrait de Jules Gravereaux, \u00e0 la une de sa section informative\u2026 Elle le pr\u00e9sente dans son bas de vignette. JULES GRAVEREAUX. Chevalier de la L\u00e9gion d'Honneur, Officier du M\u00e9rite Agricole, propri\u00e9taire de la Roseraie de l'Hay\u2026","rel":"","context":"Article similaire","block_context":{"text":"Article similaire","link":""},"img":{"alt_text":"1907-06-01 La vie a la campagne a_wp","src":"https:\/\/i0.wp.com\/marret.co\/wp-content\/uploads\/2016\/03\/1907-06-01-La-vie-a-la-campagne-a_wp-726x1024.jpg?resize=350%2C200","width":350,"height":200},"classes":[]},{"id":1880,"url":"https:\/\/lesgravereaux.marret.co\/index.php\/jules-gravereaux\/jules-gravereaux-ses-ecrits\/1906-manuel-pour-la-description-des-rosiers\/","url_meta":{"origin":2065,"position":1},"title":"1906 &#8211; Manuel pour la description des rosiers","author":"marretgravereaux","date":"24 avril 2016","format":false,"excerpt":"Manuel pour la description des rosiers cultiv\u00e9s \u00e0 la Roseraie de L\u2019Ha\u00ff. 1906. In-8\u00b0, 52\u00a0pages, 4\u00a0planches en noir et 4\u00a0planches tableaux des couleurs. ~~~~~~~ Dans le cadre de ses activit\u00e9s scientifiques, le rhodologue Jules Gravereaux a voulu \u00e9tablir une fa\u00e7on de d\u00e9crire et classer les roses; il a pr\u00e9sent\u00e9 le\u2026","rel":"","context":"Article similaire","block_context":{"text":"Article similaire","link":""},"img":{"alt_text":"1906 Manuel pour la description des rosiers c1_wp","src":"https:\/\/i0.wp.com\/lesgravereaux.marret.co\/wp-content\/uploads\/2016\/04\/1906-Manuel-pour-la-description-des-rosiers-c1_wp-673x1024.jpg?resize=350%2C200","width":350,"height":200},"classes":[]},{"id":688,"url":"https:\/\/lesgravereaux.marret.co\/index.php\/jules-gravereaux\/des-evenements-de-sa-vie\/jules-gravereaux-son-deces\/le-deces-de-jules-gravereaux\/","url_meta":{"origin":2065,"position":2},"title":"Le d\u00e9c\u00e8s de Jules Gravereaux &#8211; dans la presse fran\u00e7aise","author":"marretgravereaux","date":"8 mars 2016","format":false,"excerpt":"Jules Gravereaux est d\u00e9c\u00e9d\u00e9 le 23 mars 1916, \u00e0 son domicile du 4, avenue de Villars.\u00a0Ses obs\u00e8ques eurent lieu deux jours plus tard, en l'\u00e9glise Saint-Fran\u00e7ois-Xavier. \u00a0 \u00a0 Dans les journaux, plusieurs hommages lui furent rendus... Avant-hier ont \u00e9t\u00e9, c\u00e9l\u00e9br\u00e9es, \u00e0 midi, en l'\u00e9glise Saint-Fran\u00e7ois-Xavier, en pr\u00e9sence d'une assistance nombreuse,\u2026","rel":"","context":"Article similaire","block_context":{"text":"Article similaire","link":""},"img":{"alt_text":"1916-03-25 Gravereaux, Jules - Enterrement - JLM0348_wp","src":"https:\/\/i0.wp.com\/marret.co\/wp-content\/uploads\/2016\/03\/1916-03-25-Gravereaux-Jules-Enterrement-JLM0348_wp-1024x708.jpg?resize=350%2C200","width":350,"height":200},"classes":[]},{"id":5628,"url":"https:\/\/lesgravereaux.marret.co\/index.php\/jules-gravereaux\/jules-gravereaux-ses-ecrits\/1901-rapport-sur-la-culture-des-roses-dans-la-peninsule-des-balkans\/","url_meta":{"origin":2065,"position":3},"title":"1901 &#8211; Rapport sur la culture des roses dans la p\u00e9ninsule des Balkans","author":"marretgravereaux","date":"7 mars 2018","format":false,"excerpt":"MONSIEUR LE MINISTRE, Vous avez bien voulu nous confier une mission ayant pour objet l'\u00e9tude des roses des Balkans. Avant d'entrer dans le d\u00e9tail de nos observations et de nos travaux, nous croyons devoir en soumettre le r\u00e9sultat, en quelques mots, \u00e0 votre haute comp\u00e9tence. Nos \u00e9tudes ont port\u00e9 sur\u2026","rel":"","context":"Article similaire","block_context":{"text":"Article similaire","link":""},"img":{"alt_text":"","src":"https:\/\/i0.wp.com\/lesgravereaux.marret.co\/wp-content\/uploads\/2018\/03\/JG-1901-La-culture-des-roses-2011-04_087b_wp-659x1024.jpg?resize=350%2C200","width":350,"height":200},"classes":[]},{"id":5087,"url":"https:\/\/lesgravereaux.marret.co\/index.php\/des-roseraies\/korompa-dolna-krupa-et-marie-henriette-chotek\/","url_meta":{"origin":2065,"position":4},"title":"Korompa (Doln\u00e1 Krup\u00e1) et Marie Henriette Chotek","author":"marretgravereaux","date":"30 octobre 2016","format":false,"excerpt":"Doln\u00e1 Krup\u00e1 est aujourd'hui un petit village de Slovaquie, dans la r\u00e9gion de Trnava, \u00e0 70\u00a0km au nord-ouest de Bratislava. \u00c0 l\u2019\u00e9poque de l\u2019empire austro-hongrois, ce bourg portait le nom de Korompa et la famille Chotek y avait un ch\u00e2teau c\u00e9l\u00e8bre, dans les ann\u00e9es 1900, pour sa roseraie... Marie Henriette\u2026","rel":"","context":"Article similaire","block_context":{"text":"Article similaire","link":""},"img":{"alt_text":"marie_henriette_chotek-01_wp","src":"https:\/\/i0.wp.com\/lesgravereaux.marret.co\/wp-content\/uploads\/2016\/10\/Marie_Henriette_Chotek-01_wp.jpg?resize=350%2C200","width":350,"height":200},"classes":[]},{"id":706,"url":"https:\/\/lesgravereaux.marret.co\/index.php\/jules-gravereaux\/des-evenements-de-sa-vie\/biographie-de-jules-gravereaux-par-david-bois\/","url_meta":{"origin":2065,"position":5},"title":"Biographie de Jules Gravereaux (par D\u00e9sir\u00e9 Bois)","author":"marretgravereaux","date":"8 mars 2016","format":false,"excerpt":"Extrait du Journal de la Soci\u00e9t\u00e9 d\u2019horticulture de France (Cahier de juillet 1916) NOTICE BIOGRAPHIQUE SUR M. JULES GRAVEREAUX par M. D. Bois M. Jules Gravereaux est d\u00e9c\u00e9d\u00e9 \u00e0 Paris le 25 mars dernier, dans sa soixante-douzi\u00e8me ann\u00e9e. Il \u00e9tait officier de la L\u00e9gion d'honneur et commandeur du M\u00e9rite agricole.\u2026","rel":"","context":"Article similaire","block_context":{"text":"Article similaire","link":""},"img":{"alt_text":"1916-07 S.N.H.F - photo_wp","src":"https:\/\/i0.wp.com\/marret.co\/wp-content\/uploads\/2016\/03\/1916-07-S.N.H.F-photo_wp-854x1024.jpg?resize=350%2C200","width":350,"height":200},"classes":[]}],"_links":{"self":[{"href":"https:\/\/lesgravereaux.marret.co\/index.php\/wp-json\/wp\/v2\/pages\/2065","targetHints":{"allow":["GET"]}}],"collection":[{"href":"https:\/\/lesgravereaux.marret.co\/index.php\/wp-json\/wp\/v2\/pages"}],"about":[{"href":"https:\/\/lesgravereaux.marret.co\/index.php\/wp-json\/wp\/v2\/types\/page"}],"author":[{"embeddable":true,"href":"https:\/\/lesgravereaux.marret.co\/index.php\/wp-json\/wp\/v2\/users\/1"}],"replies":[{"embeddable":true,"href":"https:\/\/lesgravereaux.marret.co\/index.php\/wp-json\/wp\/v2\/comments?post=2065"}],"version-history":[{"count":1,"href":"https:\/\/lesgravereaux.marret.co\/index.php\/wp-json\/wp\/v2\/pages\/2065\/revisions"}],"predecessor-version":[{"id":23122,"href":"https:\/\/lesgravereaux.marret.co\/index.php\/wp-json\/wp\/v2\/pages\/2065\/revisions\/23122"}],"up":[{"embeddable":true,"href":"https:\/\/lesgravereaux.marret.co\/index.php\/wp-json\/wp\/v2\/pages\/1294"}],"wp:attachment":[{"href":"https:\/\/lesgravereaux.marret.co\/index.php\/wp-json\/wp\/v2\/media?parent=2065"}],"curies":[{"name":"wp","href":"https:\/\/api.w.org\/{rel}","templated":true}]}}