{"id":2040,"date":"2016-04-26T11:43:27","date_gmt":"2016-04-26T10:43:27","guid":{"rendered":"http:\/\/lesgravereaux.marret.co\/?page_id=2040"},"modified":"2016-06-12T16:39:18","modified_gmt":"2016-06-12T15:39:18","slug":"la-roseraie-de-la-malmaison","status":"publish","type":"page","link":"https:\/\/lesgravereaux.marret.co\/index.php\/des-roseraies\/la-roseraie-de-la-malmaison\/","title":{"rendered":"La roseraie de la Malmaison"},"content":{"rendered":"<p>\u00ab\u00a0\u00c0 M. Gravereaux, M. Ajalbert soumit son id\u00e9e qui \u00e9tait charmante et ing\u00e9nieuse : cr\u00e9er \u00e0 Malmaison un Mus\u00e9e de la Rose au temps de Jos\u00e9phine : Il y avait l\u00e0 toute une s\u00e9rie d&rsquo;\u00e9tudes \u00e0 suivre pour lesquelles, par bonheur, Les Roses, le livre de Redout\u00e9, peintre de fleurs de S. M. l&rsquo;Imp\u00e9ratrice et Reine, facilitait les recherches. [\u2026]<\/p>\n<p><a href=\"https:\/\/i0.wp.com\/lesgravereaux.marret.co\/wp-content\/uploads\/2016\/04\/1912-05-15-La-vie-%C3%A0-la-campagne-p304c_wp.jpg?ssl=1\"><img data-recalc-dims=\"1\" loading=\"lazy\" decoding=\"async\" data-attachment-id=\"2044\" data-permalink=\"https:\/\/lesgravereaux.marret.co\/index.php\/des-roseraies\/la-roseraie-de-la-malmaison\/1912-05-15-la-vie-a-la-campagne-p304c_wp\/\" data-orig-file=\"https:\/\/i0.wp.com\/lesgravereaux.marret.co\/wp-content\/uploads\/2016\/04\/1912-05-15-La-vie-%C3%A0-la-campagne-p304c_wp.jpg?fit=1500%2C738&amp;ssl=1\" data-orig-size=\"1500,738\" data-comments-opened=\"1\" data-image-meta=\"{&quot;aperture&quot;:&quot;0&quot;,&quot;credit&quot;:&quot;&quot;,&quot;camera&quot;:&quot;&quot;,&quot;caption&quot;:&quot;&quot;,&quot;created_timestamp&quot;:&quot;0&quot;,&quot;copyright&quot;:&quot;&quot;,&quot;focal_length&quot;:&quot;0&quot;,&quot;iso&quot;:&quot;0&quot;,&quot;shutter_speed&quot;:&quot;0&quot;,&quot;title&quot;:&quot;&quot;,&quot;orientation&quot;:&quot;1&quot;}\" data-image-title=\"1912-05-15 La vie \u00e0 la campagne &amp;#8211; p304c_wp\" data-image-description=\"\" data-image-caption=\"\" data-medium-file=\"https:\/\/i0.wp.com\/lesgravereaux.marret.co\/wp-content\/uploads\/2016\/04\/1912-05-15-La-vie-%C3%A0-la-campagne-p304c_wp.jpg?fit=300%2C148&amp;ssl=1\" data-large-file=\"https:\/\/i0.wp.com\/lesgravereaux.marret.co\/wp-content\/uploads\/2016\/04\/1912-05-15-La-vie-%C3%A0-la-campagne-p304c_wp.jpg?fit=640%2C315&amp;ssl=1\" class=\"wp-image-2044 alignleft\" src=\"https:\/\/i0.wp.com\/lesgravereaux.marret.co\/wp-content\/uploads\/2016\/04\/1912-05-15-La-vie-%C3%A0-la-campagne-p304c_wp.jpg?resize=400%2C197&#038;ssl=1\" alt=\"1912-05-15 La vie \u00e0 la campagne - p304c_wp\" width=\"400\" height=\"197\" data-wp-pid=\"2044\" srcset=\"https:\/\/i0.wp.com\/lesgravereaux.marret.co\/wp-content\/uploads\/2016\/04\/1912-05-15-La-vie-%C3%A0-la-campagne-p304c_wp.jpg?resize=1024%2C504&amp;ssl=1 1024w, https:\/\/i0.wp.com\/lesgravereaux.marret.co\/wp-content\/uploads\/2016\/04\/1912-05-15-La-vie-%C3%A0-la-campagne-p304c_wp.jpg?resize=300%2C148&amp;ssl=1 300w, https:\/\/i0.wp.com\/lesgravereaux.marret.co\/wp-content\/uploads\/2016\/04\/1912-05-15-La-vie-%C3%A0-la-campagne-p304c_wp.jpg?resize=768%2C378&amp;ssl=1 768w, https:\/\/i0.wp.com\/lesgravereaux.marret.co\/wp-content\/uploads\/2016\/04\/1912-05-15-La-vie-%C3%A0-la-campagne-p304c_wp.jpg?resize=800%2C394&amp;ssl=1 800w, https:\/\/i0.wp.com\/lesgravereaux.marret.co\/wp-content\/uploads\/2016\/04\/1912-05-15-La-vie-%C3%A0-la-campagne-p304c_wp.jpg?resize=600%2C295&amp;ssl=1 600w, https:\/\/i0.wp.com\/lesgravereaux.marret.co\/wp-content\/uploads\/2016\/04\/1912-05-15-La-vie-%C3%A0-la-campagne-p304c_wp.jpg?w=1500&amp;ssl=1 1500w, https:\/\/i0.wp.com\/lesgravereaux.marret.co\/wp-content\/uploads\/2016\/04\/1912-05-15-La-vie-%C3%A0-la-campagne-p304c_wp.jpg?w=1280&amp;ssl=1 1280w\" sizes=\"auto, (max-width: 400px) 100vw, 400px\" \/><\/a>\u00ab\u00a0Durant que travaillait M. Gravereaux, qui avait accept\u00e9 le projet d&rsquo;enthousiasme, une autre t\u00e2che s&rsquo;imposait \u00e0 M. Ajalbert et elle n&rsquo;\u00e9tait point m\u00e9diocre. Il s&rsquo;agissait de mettre ces rosiers en belle vue, sans changer l&rsquo;aspect du parc et en profitant au contraire de cette occasion pour en rejoindre les parties et en souder les aspects. [\u2026]<\/p>\n<p><a href=\"https:\/\/i0.wp.com\/lesgravereaux.marret.co\/wp-content\/uploads\/2016\/04\/1912-05-15-La-vie-%C3%A0-la-campagne-p304b_wp.jpg?ssl=1\"><img data-recalc-dims=\"1\" loading=\"lazy\" decoding=\"async\" data-attachment-id=\"2043\" data-permalink=\"https:\/\/lesgravereaux.marret.co\/index.php\/des-roseraies\/la-roseraie-de-la-malmaison\/1912-05-15-la-vie-a-la-campagne-p304b_wp\/\" data-orig-file=\"https:\/\/i0.wp.com\/lesgravereaux.marret.co\/wp-content\/uploads\/2016\/04\/1912-05-15-La-vie-%C3%A0-la-campagne-p304b_wp.jpg?fit=1500%2C876&amp;ssl=1\" data-orig-size=\"1500,876\" data-comments-opened=\"1\" data-image-meta=\"{&quot;aperture&quot;:&quot;0&quot;,&quot;credit&quot;:&quot;&quot;,&quot;camera&quot;:&quot;&quot;,&quot;caption&quot;:&quot;&quot;,&quot;created_timestamp&quot;:&quot;0&quot;,&quot;copyright&quot;:&quot;&quot;,&quot;focal_length&quot;:&quot;0&quot;,&quot;iso&quot;:&quot;0&quot;,&quot;shutter_speed&quot;:&quot;0&quot;,&quot;title&quot;:&quot;&quot;,&quot;orientation&quot;:&quot;1&quot;}\" data-image-title=\"1912-05-15 La vie \u00e0 la campagne &amp;#8211; p304b_wp\" data-image-description=\"\" data-image-caption=\"\" data-medium-file=\"https:\/\/i0.wp.com\/lesgravereaux.marret.co\/wp-content\/uploads\/2016\/04\/1912-05-15-La-vie-%C3%A0-la-campagne-p304b_wp.jpg?fit=300%2C175&amp;ssl=1\" data-large-file=\"https:\/\/i0.wp.com\/lesgravereaux.marret.co\/wp-content\/uploads\/2016\/04\/1912-05-15-La-vie-%C3%A0-la-campagne-p304b_wp.jpg?fit=640%2C374&amp;ssl=1\" class=\"wp-image-2043 alignright\" src=\"https:\/\/i0.wp.com\/lesgravereaux.marret.co\/wp-content\/uploads\/2016\/04\/1912-05-15-La-vie-%C3%A0-la-campagne-p304b_wp.jpg?resize=400%2C197&#038;ssl=1\" alt=\"1912-05-15 La vie \u00e0 la campagne - p304b_wp\" width=\"400\" height=\"197\" data-wp-pid=\"2043\" \/><\/a>\u00ab\u00a0Il serait d&rsquo;un int\u00e9r\u00eat particulier de montrer comme sont dispos\u00e9es les esp\u00e8ces de roses suivant le plan de M. Touret et les conceptions de M. Gravereaux, mais ce serait l\u00e0 empi\u00e9ter sur le livre tr\u00e8s int\u00e9ressant et tr\u00e8s pr\u00e9cieux qui va para\u00eetre : Les Roses de l&rsquo;Imp\u00e9ratrice Jos\u00e9phine \u00e0 Malmaison, catalogue de la Collection. M. Gravereaux s&rsquo;est propos\u00e9 d&rsquo;abord de reconstituer la collection de roses form\u00e9e \u00e0 Malmaison et comprenant pr\u00e8s de deux cent cinquante esp\u00e8ces ou vari\u00e9t\u00e9s; il entreprenait l\u00e0 un travail dont auront seuls une id\u00e9e ceux qui savent avec quelle facilit\u00e9 les fleurs changent d&rsquo;\u00e9tat-civil. Rien de plus facile en horticulture que de faire du neuf avec du vieux et c&rsquo;est un prodige que, \u00e0 force de comparaisons avec les planches grav\u00e9es, \u00e0 force de correspondances et d&rsquo;\u00e9tudes, M. Gravereaux soit parvenu \u00e0 r\u00e9tablir cent quatre-vingt-dix-sept esp\u00e8ces sur les deux cent cinquante que poss\u00e9dait Jos\u00e9phine : leur floraison est br\u00e8ve et elle est unique, mais il y a, dans leur fra\u00eecheur, leur na\u00efvet\u00e9, leur gr\u00e2ce, leur parfum, un agr\u00e9ment qu&rsquo;on ne trouve pas aux roses plus civilis\u00e9es et plus modernes.\u00a0\u00bb<\/p>\n<p style=\"text-align: right;\"><span style=\"font-size: 10pt;\"><em>Fr\u00e9d\u00e9ric Masson, de l\u2019Acad\u00e9mie fran\u00e7aise.<\/em><\/span><br \/>\n<span style=\"font-size: 10pt;\"> <em>In Jules Gravereaux. La Malmaison &#8211; Les roses de l\u2019Imp\u00e9ratrice Jos\u00e9phine.<\/em><\/span><\/p>\n<p style=\"text-align: right;\"><em><span style=\"font-size: 10pt;\">Illustrations: La vie \u00e0 la campagne, 15 mai 1912.<\/span><\/em><\/p>\n<p style=\"text-align: right;\">\n","protected":false},"excerpt":{"rendered":"<p>\u00ab\u00a0\u00c0 M. Gravereaux, M. Ajalbert soumit son id\u00e9e qui \u00e9tait charmante et ing\u00e9nieuse : cr\u00e9er \u00e0 Malmaison un Mus\u00e9e de la Rose au temps de Jos\u00e9phine : Il y avait l\u00e0 toute une s\u00e9rie d&rsquo;\u00e9tudes \u00e0 suivre pour lesquelles, par &hellip; <a href=\"https:\/\/lesgravereaux.marret.co\/index.php\/des-roseraies\/la-roseraie-de-la-malmaison\/\">Continuer la lecture <span class=\"meta-nav\">&rarr;<\/span><\/a><\/p>\n","protected":false},"author":1,"featured_media":0,"parent":2036,"menu_order":0,"comment_status":"closed","ping_status":"closed","template":"","meta":{"ngg_post_thumbnail":0,"jetpack_post_was_ever_published":false,"footnotes":""},"class_list":["post-2040","page","type-page","status-publish","hentry"],"jetpack_sharing_enabled":true,"jetpack_shortlink":"https:\/\/wp.me\/P7ERyi-wU","jetpack-related-posts":[{"id":1926,"url":"https:\/\/lesgravereaux.marret.co\/index.php\/jules-gravereaux\/jules-gravereaux-ses-ecrits\/1912-les-roses-de-malmaison\/","url_meta":{"origin":2040,"position":0},"title":"1912 &#8211; Les roses de Malmaison","author":"marretgravereaux","date":"24 avril 2016","format":false,"excerpt":"Les Roses de l'imp\u00e9ratrice Jos\u00e9phine. La Malmaison \/ par J. Gravereaux. Pr\u00e9face de Fr\u00e9d\u00e9ric Masson de l'Acad\u00e9mie fran\u00e7aise. Paris\u00a0: \u00e9d. d'Art et de litt\u00e9rature, 1912.- 106 p.\u00a0: ill., couv. ill., reli\u00e9; 19\u00a0cm. ~~~~~~~ \u00ab\u00a0En fleurissant les jardins de toutes les Roses qu'il \u00e9tait alors possible de rassembler, l'Imp\u00e9ratrice Jos\u00e9phine eut\u2026","rel":"","context":"Article similaire","block_context":{"text":"Article similaire","link":""},"img":{"alt_text":"Roses de Malmaison - c0_wp","src":"https:\/\/i0.wp.com\/lesgravereaux.marret.co\/wp-content\/uploads\/2016\/03\/Roses-de-Malmaison-c0_wp-700x1024.jpg?resize=350%2C200","width":350,"height":200},"classes":[]},{"id":688,"url":"https:\/\/lesgravereaux.marret.co\/index.php\/jules-gravereaux\/des-evenements-de-sa-vie\/jules-gravereaux-son-deces\/le-deces-de-jules-gravereaux\/","url_meta":{"origin":2040,"position":1},"title":"Le d\u00e9c\u00e8s de Jules Gravereaux &#8211; dans la presse fran\u00e7aise","author":"marretgravereaux","date":"8 mars 2016","format":false,"excerpt":"Jules Gravereaux est d\u00e9c\u00e9d\u00e9 le 23 mars 1916, \u00e0 son domicile du 4, avenue de Villars.\u00a0Ses obs\u00e8ques eurent lieu deux jours plus tard, en l'\u00e9glise Saint-Fran\u00e7ois-Xavier. \u00a0 \u00a0 Dans les journaux, plusieurs hommages lui furent rendus... Avant-hier ont \u00e9t\u00e9, c\u00e9l\u00e9br\u00e9es, \u00e0 midi, en l'\u00e9glise Saint-Fran\u00e7ois-Xavier, en pr\u00e9sence d'une assistance nombreuse,\u2026","rel":"","context":"Article similaire","block_context":{"text":"Article similaire","link":""},"img":{"alt_text":"1916-03-25 Gravereaux, Jules - Enterrement - JLM0348_wp","src":"https:\/\/i0.wp.com\/marret.co\/wp-content\/uploads\/2016\/03\/1916-03-25-Gravereaux-Jules-Enterrement-JLM0348_wp-1024x708.jpg?resize=350%2C200","width":350,"height":200},"classes":[]},{"id":5176,"url":"https:\/\/lesgravereaux.marret.co\/index.php\/jules-gravereaux\/des-evenements-de-sa-vie\/biographie-de-jules-gravereaux-par-les-amis-des-roses\/","url_meta":{"origin":2040,"position":2},"title":"Biographie de Jules Gravereaux (par Les Amis des Roses)","author":"marretgravereaux","date":"13 f\u00e9vrier 2017","format":false,"excerpt":"Au moment o\u00f9 nous le pressentions le moins, alors que nous supposions notre Pr\u00e9sident d'honneur encore dans toute la force de sa robuste vieillesse, une fatale nouvelle nous parvint : M.\u00a0Jules Gravereaux \u00e9tait d\u00e9c\u00e9d\u00e9 le 23 mars en sein H\u00f4tel de l'avenue de Villars. Ce malheur nous fut connu trop\u2026","rel":"","context":"Article similaire","block_context":{"text":"Article similaire","link":""},"img":{"alt_text":"","src":"https:\/\/i0.wp.com\/lesgravereaux.marret.co\/wp-content\/uploads\/2017\/02\/1916-03-Les-amis-des-roses-LIII-p29_wp-667x1024.jpg?resize=350%2C200","width":350,"height":200},"classes":[]},{"id":1294,"url":"https:\/\/lesgravereaux.marret.co\/index.php\/jules-gravereaux\/1294-2\/","url_meta":{"origin":2040,"position":3},"title":"L&rsquo;\u0153uvre de Jules Gravereaux","author":"marretgravereaux","date":"20 mars 2016","format":false,"excerpt":"L\u2019\u0153uvre de M. Jules Gravereaux \u2013 La roseraie de l\u2019Ha\u00ff-les-Roses par Henri GRAVEREAUX, Ha\u00ff-les-Roses, in Les Amis des Roses, journal de la Soci\u00e9t\u00e9 fran\u00e7aise des rosi\u00e9ristes, novembre-d\u00e9cembre 1935. \u00a0 Vue de la Roseraie fran\u00e7aise. \u2014 Dans le fond, le Mus\u00e9e de la Rose. Nous avons demand\u00e9 au Lieutenant-Colonel H. GRAVEREAUX\u2026","rel":"","context":"Article similaire","block_context":{"text":"Article similaire","link":""},"img":{"alt_text":"1935 Amis des Roses couv_wp","src":"https:\/\/i0.wp.com\/marret.co\/wp-content\/uploads\/2016\/03\/1935-Amis-des-Roses-couv_wp.jpg?resize=350%2C200","width":350,"height":200},"classes":[]},{"id":2036,"url":"https:\/\/lesgravereaux.marret.co\/index.php\/des-roseraies\/","url_meta":{"origin":2040,"position":4},"title":"D&rsquo;autres roseraies","author":"marretgravereaux","date":"26 avril 2016","format":false,"excerpt":"Collectionneur de roses, Jules Gravereaux commence par en rassembler quelques-unes d\u00e8s 1894 dans son jardin de L\u2019Ha\u00ff; avec l\u2019aide du paysagiste \u00c9douard Andr\u00e9, il les installe une peu plus tard, dans ce qui est le 1er jardin \u00e0 leur \u00eatre exclusivement consacr\u00e9e, une roseraie \u2013 on parlait \u00e0 l\u2019\u00e9poque de\u2026","rel":"","context":"Article similaire","block_context":{"text":"Article similaire","link":""},"img":{"alt_text":"Jules Gravereaux - OG1332b","src":"https:\/\/i0.wp.com\/lesgravereaux.marret.co\/wp-content\/uploads\/2015\/10\/Jules-Gravereaux-OG1332b.jpg?resize=350%2C200","width":350,"height":200},"classes":[]},{"id":706,"url":"https:\/\/lesgravereaux.marret.co\/index.php\/jules-gravereaux\/des-evenements-de-sa-vie\/biographie-de-jules-gravereaux-par-david-bois\/","url_meta":{"origin":2040,"position":5},"title":"Biographie de Jules Gravereaux (par D\u00e9sir\u00e9 Bois)","author":"marretgravereaux","date":"8 mars 2016","format":false,"excerpt":"Extrait du Journal de la Soci\u00e9t\u00e9 d\u2019horticulture de France (Cahier de juillet 1916) NOTICE BIOGRAPHIQUE SUR M. JULES GRAVEREAUX par M. D. Bois M. Jules Gravereaux est d\u00e9c\u00e9d\u00e9 \u00e0 Paris le 25 mars dernier, dans sa soixante-douzi\u00e8me ann\u00e9e. Il \u00e9tait officier de la L\u00e9gion d'honneur et commandeur du M\u00e9rite agricole.\u2026","rel":"","context":"Article similaire","block_context":{"text":"Article similaire","link":""},"img":{"alt_text":"1916-07 S.N.H.F - photo_wp","src":"https:\/\/i0.wp.com\/marret.co\/wp-content\/uploads\/2016\/03\/1916-07-S.N.H.F-photo_wp-854x1024.jpg?resize=350%2C200","width":350,"height":200},"classes":[]}],"_links":{"self":[{"href":"https:\/\/lesgravereaux.marret.co\/index.php\/wp-json\/wp\/v2\/pages\/2040","targetHints":{"allow":["GET"]}}],"collection":[{"href":"https:\/\/lesgravereaux.marret.co\/index.php\/wp-json\/wp\/v2\/pages"}],"about":[{"href":"https:\/\/lesgravereaux.marret.co\/index.php\/wp-json\/wp\/v2\/types\/page"}],"author":[{"embeddable":true,"href":"https:\/\/lesgravereaux.marret.co\/index.php\/wp-json\/wp\/v2\/users\/1"}],"replies":[{"embeddable":true,"href":"https:\/\/lesgravereaux.marret.co\/index.php\/wp-json\/wp\/v2\/comments?post=2040"}],"version-history":[{"count":0,"href":"https:\/\/lesgravereaux.marret.co\/index.php\/wp-json\/wp\/v2\/pages\/2040\/revisions"}],"up":[{"embeddable":true,"href":"https:\/\/lesgravereaux.marret.co\/index.php\/wp-json\/wp\/v2\/pages\/2036"}],"wp:attachment":[{"href":"https:\/\/lesgravereaux.marret.co\/index.php\/wp-json\/wp\/v2\/media?parent=2040"}],"curies":[{"name":"wp","href":"https:\/\/api.w.org\/{rel}","templated":true}]}}