{"id":2036,"date":"2016-04-26T09:36:23","date_gmt":"2016-04-26T08:36:23","guid":{"rendered":"http:\/\/lesgravereaux.marret.co\/?page_id=2036"},"modified":"2016-10-30T23:42:57","modified_gmt":"2016-10-30T22:42:57","slug":"des-roseraies","status":"publish","type":"page","link":"https:\/\/lesgravereaux.marret.co\/index.php\/des-roseraies\/","title":{"rendered":"D&rsquo;autres roseraies"},"content":{"rendered":"<p><a href=\"https:\/\/i0.wp.com\/lesgravereaux.marret.co\/wp-content\/uploads\/2015\/10\/Jules-Gravereaux-OG1332b.jpg?ssl=1\"><img data-recalc-dims=\"1\" loading=\"lazy\" decoding=\"async\" data-attachment-id=\"45\" data-permalink=\"https:\/\/lesgravereaux.marret.co\/index.php\/jules-gravereaux\/jules-gravereaux-au-bon-marche\/jules-gravereaux-og1332b\/\" data-orig-file=\"https:\/\/i0.wp.com\/lesgravereaux.marret.co\/wp-content\/uploads\/2015\/10\/Jules-Gravereaux-OG1332b.jpg?fit=573%2C813&amp;ssl=1\" data-orig-size=\"573,813\" data-comments-opened=\"1\" data-image-meta=\"{&quot;aperture&quot;:&quot;0&quot;,&quot;credit&quot;:&quot;&quot;,&quot;camera&quot;:&quot;&quot;,&quot;caption&quot;:&quot;&quot;,&quot;created_timestamp&quot;:&quot;0&quot;,&quot;copyright&quot;:&quot;&quot;,&quot;focal_length&quot;:&quot;0&quot;,&quot;iso&quot;:&quot;0&quot;,&quot;shutter_speed&quot;:&quot;0&quot;,&quot;title&quot;:&quot;&quot;,&quot;orientation&quot;:&quot;1&quot;}\" data-image-title=\"Jules Gravereaux &amp;#8211; OG1332b\" data-image-description=\"\" data-image-caption=\"\" data-medium-file=\"https:\/\/i0.wp.com\/lesgravereaux.marret.co\/wp-content\/uploads\/2015\/10\/Jules-Gravereaux-OG1332b.jpg?fit=211%2C300&amp;ssl=1\" data-large-file=\"https:\/\/i0.wp.com\/lesgravereaux.marret.co\/wp-content\/uploads\/2015\/10\/Jules-Gravereaux-OG1332b.jpg?fit=573%2C813&amp;ssl=1\" width=\"150\" height=\"213\" class=\"wp-image-45 alignright\" alt=\"Jules Gravereaux - OG1332b\" src=\"https:\/\/i0.wp.com\/lesgravereaux.marret.co\/wp-content\/uploads\/2015\/10\/Jules-Gravereaux-OG1332b.jpg?resize=150%2C213&#038;ssl=1\" data-wp-pid=\"45\" srcset=\"https:\/\/i0.wp.com\/lesgravereaux.marret.co\/wp-content\/uploads\/2015\/10\/Jules-Gravereaux-OG1332b.jpg?w=573&amp;ssl=1 573w, https:\/\/i0.wp.com\/lesgravereaux.marret.co\/wp-content\/uploads\/2015\/10\/Jules-Gravereaux-OG1332b.jpg?resize=211%2C300&amp;ssl=1 211w, https:\/\/i0.wp.com\/lesgravereaux.marret.co\/wp-content\/uploads\/2015\/10\/Jules-Gravereaux-OG1332b.jpg?resize=423%2C600&amp;ssl=1 423w\" sizes=\"auto, (max-width: 150px) 100vw, 150px\" \/><\/a>Collectionneur de roses, Jules Gravereaux commence par en rassembler quelques-unes d\u00e8s 1894 dans son jardin de L\u2019Ha\u00ff; avec l\u2019aide du paysagiste \u00c9douard Andr\u00e9, il les installe une peu plus tard, dans ce qui est le 1<sup>er<\/sup> jardin \u00e0 leur \u00eatre exclusivement consacr\u00e9e, une roseraie \u2013 on parlait \u00e0 l\u2019\u00e9poque de <em>rosarium<\/em> \u2014 et en moins de vingt ans, la roseraie de L\u2019Ha\u00ff devient un lieu connu internationalement. Sa collection de roses est alors la plus grande du monde \u2013 son catalogue de 1902 en inventoriait plus de 7&nbsp;000 &#8211; et elle s\u2019accro\u00eet encore dans les ann\u00e9es suivantes.<\/p>\n<p>Jules Gravereaux a r\u00e9ussi \u00e0 cr\u00e9er et d\u00e9velopper sa roseraie gr\u00e2ce aux contacts qu\u2019il a nou\u00e9s \u00e0 travers le monde, mais surtout en Europe; en contrepartie, il a \u00e9galement contribu\u00e9 \u00e0 l\u2019\u00e9tablissement et l\u2019enrichissement de plusieurs autres roseraies.<\/p>\n<p><a href=\"https:\/\/lesgravereaux.marret.co\/index.php\/la-roseraie-de-sangerhausen\/\"><strong>La roseraie de Sangerhausen<\/strong><\/a><\/p>\n<p>La premi\u00e8re \u00e0 laquelle il collabore est celle qui voit le jour en 1903, \u00e0 Sangerhausen, en Allemagne, \u00e0 l\u2019instigation de Peter Lambert avec qui Jules Gravereaux entretient de nombreux \u00e9changes. Jules Gravereaux recevra d\u2019ailleurs de l\u2019Empereur d\u2019Allemagne, en 1910, la M\u00e9daille de 4<sup>e<\/sup> classe de l\u2019ordre de l\u2019Aigle rouge, \u00ab&nbsp;\u00e0 titre rosicole&nbsp;\u00bb<\/p>\n<p><a href=\"https:\/\/lesgravereaux.marret.co\/index.php\/la-roseraie-de-bagatelle\/\"><strong>La roseraie de Bagatelle<\/strong><\/a><\/p>\n<p>\u00c0 Paris, le pr\u00e9fet de la Seine fait appel \u00e0 Jules Gravereaux pour l\u2019aider \u00e0 installer une roseraie dans le domaine de Bagatelle; celui-ci participe donc \u00e0 sa cr\u00e9ation en 1906 et fournit alors plus de 1500 rosiers \u2013 les doubles de ce qu\u2019il poss\u00e8de \u00e0 L\u2019Ha\u00ff.<\/p>\n<p><a href=\"https:\/\/lesgravereaux.marret.co\/index.php\/des-roseraies\/la-roseraie-de-la-malmaison\/\"><strong>La roseraie de La Malmaison<\/strong><\/a><\/p>\n<p>Le conservateur du Mus\u00e9e de La Malmaison, Jean Ajalbert, sollicite Jules Gravereaux, en 1910, pour reconstituer, dans le parc, la roseraie telle qu\u2019elle existait \u00e0 l\u2019\u00e9poque de Jos\u00e9phine. Sur les deux-cent-cinquante esp\u00e8ces que celle-ci poss\u00e9dait, Jules Gravereaux r\u00e9ussit \u00e0 en r\u00e9tablir cent-quatre-vingt-dix-sept\u2026<\/p>\n<p><a href=\"https:\/\/lesgravereaux.marret.co\/index.php\/des-roseraies\/la-roseraie-de-lelysee\/\"><strong>La roseraie de L\u2019\u00c9lys\u00e9e<\/strong><\/a><\/p>\n<p>Puis c\u2019est le pr\u00e9sident de la R\u00e9publique, monsieur Raymond Poincar\u00e9 \u2013 ou plut\u00f4t son \u00e9pouse \u2013 qui l\u2019invite \u00e0 installer, en 1914, une roseraie dans les jardins de l\u2019\u00c9lys\u00e9e.<\/p>\n<p><a href=\"https:\/\/lesgravereaux.marret.co\/index.php\/korompa-dolna-krupa-et-marie-henriette-chotek\/\"><strong>La roseraie de Dolna Krupa<\/strong><\/a><\/p>\n<p>Pendant toutes ces ann\u00e9es, Jules Gravereaux a des relations soutenues avec la comtesse Chotek et lui fournit un nombre important de rosiers pour enrichir le \u00abrosarium\u00bb de celle-ci \u00e0 Dolna Krupa (actuellement en Slovaquie) d\u2019une grandeur comparable \u00e0 celles de Sangerhausen et L\u2019Ha\u00ff. La comtesse Marie Henriette Chotek l&rsquo;honore d&rsquo;ailleurs en 1913 en lui d\u00e9cernant un <a href=\"https:\/\/lesgravereaux.marret.co\/index.php\/jules-gravereaux-honore-par-la-comtesse-chotek\/\">ordre \u00ab&nbsp;maison <\/a>\u00bb.<\/p>\n<p>Chaque fois qu\u2019il en a l\u2019occasion, Jules Gravereaux donne \u00e0 ceux qui le lui demandent conseils\u2026 et rosiers. Dans son inventaire sur <a href=\"https:\/\/lesgravereaux.marret.co\/index.php\/1902-catalogue\/\"><em>Les roses cultiv\u00e9es \u00e0 L\u2019Ha\u00ff en 1902<\/em><\/a>, il avait \u00e9crit&nbsp;: \u00ab&nbsp;<em>Nous mettons gracieusement \u00e0 la disposition des \u00c9tablissements scientifiques et des amateurs des greffes, rameaux, graines ou des jeunes pieds (lorsque nous les poss\u00e9dons en double exemplaire) de toute la Collection Botanique<\/em>.&nbsp;\u00bb<\/p>\n<p>Les roseraies europ\u00e9ennes, publiques ou priv\u00e9es, lui doivent donc beaucoup\u2026<\/p>\n<p><a href=\"https:\/\/i0.wp.com\/lesgravereaux.marret.co\/wp-content\/uploads\/2016\/03\/Roses-de-Malmaison-p01b_wp.jpg?ssl=1\"><img data-recalc-dims=\"1\" loading=\"lazy\" decoding=\"async\" data-attachment-id=\"629\" data-permalink=\"https:\/\/lesgravereaux.marret.co\/index.php\/etablissement-gravereaux\/roses-de-malmaison-p01b_wp\/\" data-orig-file=\"https:\/\/i0.wp.com\/lesgravereaux.marret.co\/wp-content\/uploads\/2016\/03\/Roses-de-Malmaison-p01b_wp.jpg?fit=237%2C295&amp;ssl=1\" data-orig-size=\"237,295\" data-comments-opened=\"1\" data-image-meta=\"{&quot;aperture&quot;:&quot;0&quot;,&quot;credit&quot;:&quot;&quot;,&quot;camera&quot;:&quot;HP Scanjet 4800&quot;,&quot;caption&quot;:&quot;&quot;,&quot;created_timestamp&quot;:&quot;1173794878&quot;,&quot;copyright&quot;:&quot;&quot;,&quot;focal_length&quot;:&quot;0&quot;,&quot;iso&quot;:&quot;0&quot;,&quot;shutter_speed&quot;:&quot;0&quot;,&quot;title&quot;:&quot;&quot;,&quot;orientation&quot;:&quot;1&quot;}\" data-image-title=\"Roses de Malmaison &amp;#8211; p01b_wp\" data-image-description=\"\" data-image-caption=\"\" data-medium-file=\"https:\/\/i0.wp.com\/lesgravereaux.marret.co\/wp-content\/uploads\/2016\/03\/Roses-de-Malmaison-p01b_wp.jpg?fit=237%2C295&amp;ssl=1\" data-large-file=\"https:\/\/i0.wp.com\/lesgravereaux.marret.co\/wp-content\/uploads\/2016\/03\/Roses-de-Malmaison-p01b_wp.jpg?fit=237%2C295&amp;ssl=1\" width=\"75\" height=\"94\" class=\"wp-image-629 aligncenter\" alt=\"Roses de Malmaison - p01b_wp\" src=\"https:\/\/i0.wp.com\/lesgravereaux.marret.co\/wp-content\/uploads\/2016\/03\/Roses-de-Malmaison-p01b_wp.jpg?resize=75%2C94&#038;ssl=1\" data-wp-pid=\"629\"><\/a><\/p>\n","protected":false},"excerpt":{"rendered":"<p>Collectionneur de roses, Jules Gravereaux commence par en rassembler quelques-unes d\u00e8s 1894 dans son jardin de L\u2019Ha\u00ff; avec l\u2019aide du paysagiste \u00c9douard Andr\u00e9, il les installe une peu plus tard, dans ce qui est le 1er jardin \u00e0 leur \u00eatre &hellip; <a href=\"https:\/\/lesgravereaux.marret.co\/index.php\/des-roseraies\/\">Continuer la lecture <span class=\"meta-nav\">&rarr;<\/span><\/a><\/p>\n","protected":false},"author":1,"featured_media":0,"parent":0,"menu_order":0,"comment_status":"closed","ping_status":"closed","template":"","meta":{"ngg_post_thumbnail":0,"jetpack_post_was_ever_published":false,"footnotes":""},"class_list":["post-2036","page","type-page","status-publish","hentry"],"jetpack_sharing_enabled":true,"jetpack_shortlink":"https:\/\/wp.me\/P7ERyi-wQ","jetpack-related-posts":[{"id":596,"url":"https:\/\/lesgravereaux.marret.co\/index.php\/la-roseraie-de-lhay\/","url_meta":{"origin":2036,"position":0},"title":"La roseraie de L&rsquo;Ha\u00ff","author":"marretgravereaux","date":"7 mars 2016","format":false,"excerpt":"\u00c2g\u00e9 de quarante-huit ans et jeune retrait\u00e9, Jules Gravereaux fait l'acquisition, en 1892, d'un domaine situ\u00e9 dans la commune de L'Ha\u00ff. Cette propri\u00e9t\u00e9 de onze hectares domine le vallon de la Bi\u00e8vre et la ville de Bourg-la-Reine; elle n\u2019est en outre qu\u2019\u00e0 quelques kilom\u00e8tres de Vitry-sur-Seine, l\u00e0 o\u00f9 Jules Gravereaux\u2026","rel":"","context":"Article similaire","block_context":{"text":"Article similaire","link":""},"img":{"alt_text":"Jules Gravereaux - OG053_wp","src":"https:\/\/i0.wp.com\/marret.co\/wp-content\/uploads\/2016\/03\/File3745-OG053_wp-667x1024.jpg?resize=350%2C200","width":350,"height":200},"classes":[]},{"id":3684,"url":"https:\/\/lesgravereaux.marret.co\/index.php\/jules-gravereaux\/des-evenements-de-sa-vie\/biographie-de-jules-gravereaux-par-jean-luc-marret\/","url_meta":{"origin":2036,"position":1},"title":"Biographie de Jules Gravereaux (par Jean-Luc Marret)","author":"marretgravereaux","date":"17 juin 2016","format":false,"excerpt":"Discours d'hommage prononc\u00e9 par Jean-Luc Marret, son arri\u00e8re-petit-fils, le 23 mars 2016, au cimeti\u00e8re du Montparnasse, \u00e0 l'occasion d'une c\u00e9r\u00e9monie comm\u00e9morant le centi\u00e8me anniversaire de son d\u00e9c\u00e8s. Cadet de la famille, Jules Gravereaux na\u00eet le 1er mai 1844 \u00e0 Vitry-sur-Seine. Originaire du Bordelais, son arri\u00e8re-grand-p\u00e8re \u00e9tait venu s\u2019installer l\u00e0 un\u2026","rel":"","context":"Article similaire","block_context":{"text":"Article similaire","link":""},"img":{"alt_text":"2016-03-23 Cimeti\u00e8re Montparnasse RLM_1754a_wp","src":"https:\/\/i0.wp.com\/lesgravereaux.marret.co\/wp-content\/uploads\/2016\/06\/2016-03-23-Cimeti%C3%A8re-Montparnasse-RLM_1754a_wp.jpg?resize=350%2C200","width":350,"height":200},"classes":[]},{"id":1435,"url":"https:\/\/lesgravereaux.marret.co\/index.php\/jules-gravereaux\/portraits-de-jules-gravereaux\/le-buste-de-jules-gravereaux\/1435-2\/","url_meta":{"origin":2036,"position":2},"title":"L&rsquo;inauguration du buste de Jules Gravereaux","author":"marretgravereaux","date":"9 avril 2016","format":false,"excerpt":"Discours de Sophie Hasquenoph, Maire adjointe de L'Ha\u00ff, charg\u00e9e de la Culture,\u00a0 du devoir de m\u00e9moire et des Anciens Combattants Monsieur le sous-pr\u00e9fet, Mesdames, messieurs les membres de la famille Gravereaux, Mesdames, messieurs les \u00e9lus, Chers amis, C\u2019est vraiment avec un tr\u00e8s grand plaisir que je vous accueille ce matin,\u2026","rel":"","context":"Article similaire","block_context":{"text":"Article similaire","link":""},"img":{"alt_text":"2010-05 L'Ha\u00ff_287 - RLM1129_wp","src":"https:\/\/i0.wp.com\/lesgravereaux.marret.co\/wp-content\/uploads\/2016\/04\/2010-05-LHa%C3%BF_287-RLM1129_wp-768x1024.jpg?resize=350%2C200","width":350,"height":200},"classes":[]},{"id":2065,"url":"https:\/\/lesgravereaux.marret.co\/index.php\/jules-gravereaux\/1294-2\/des-roses\/","url_meta":{"origin":2036,"position":3},"title":"Des roses","author":"marretgravereaux","date":"26 avril 2016","format":false,"excerpt":"Dans sa roseraie de L\u2019Ha\u00ff, Jules Gravereaux a cr\u00e9\u00e9, par hybridation, plus d\u2019une centaine de roses. Il toucha \u00e0 des esp\u00e8ces ou \u00e0 des groupes divers (hybrides de\u00a0lutea, de\u00a0microphylla, de\u00a0wichura, hybrides remontants ou hybrides de th\u00e9, ...), mais c\u2019est surtout gr\u00e2ce aux hybrides de\u00a0rugosa\u00a0qu\u2019il se fit conna\u00eetre. Parmi les autres\u2026","rel":"","context":"Article similaire","block_context":{"text":"Article similaire","link":""},"img":{"alt_text":"031\u00a9 47 ROSERAIE DE L'HAY - Le Jardin d'essai_wp","src":"https:\/\/i0.wp.com\/lesgravereaux.marret.co\/wp-content\/uploads\/2016\/04\/031%C2%A9-47-ROSERAIE-DE-LHAY-Le-Jardin-dessai_wp.jpg?resize=350%2C200","width":350,"height":200},"classes":[]},{"id":577,"url":"https:\/\/lesgravereaux.marret.co\/index.php\/jules-gravereaux\/portraits-de-jules-gravereaux\/le-buste-de-jules-gravereaux\/","url_meta":{"origin":2036,"position":4},"title":"Le buste de Jules Gravereaux","author":"marretgravereaux","date":"7 mars 2016","format":false,"excerpt":"En 1914, le sculpteur Carillon ex\u00e9cutait un buste de Jules Gravereaux... Pr\u00e9sent\u00e9 au Salon des artistes fran\u00e7ais de cette ann\u00e9e-l\u00e0, il y fut remarqu\u00e9, comme le souligne Lucien Klotz, critique \u00e0 La Presse\u00a0: \u00ab\u00a0M. Carion a expos\u00e9 le buste de M. Gravereaux, propri\u00e9taire de la roseraie L'Hay, le plus beau\u2026","rel":"","context":"Article similaire","block_context":{"text":"Article similaire","link":""},"img":{"alt_text":"1914 Carillon, Rene - Buste de Jules Gravereaux 2_wp","src":"https:\/\/i0.wp.com\/marret.co\/wp-content\/uploads\/2016\/03\/1914-Carillon-Rene-Buste-de-Jules-Gravereaux-2_wp-846x1024.jpg?resize=350%2C200","width":350,"height":200},"classes":[]},{"id":1798,"url":"https:\/\/lesgravereaux.marret.co\/index.php\/jules-gravereaux\/jules-gravereaux-ses-ecrits\/","url_meta":{"origin":2036,"position":5},"title":"Jules Gravereaux &#8211; Ses \u00e9crits","author":"marretgravereaux","date":"23 avril 2016","format":false,"excerpt":"Jules Gravereaux\u00a0s'est aussi fait conna\u00eetre dans le monde de la rose comme un auteur. De 1899 \u00e0 1914, il a publi\u00e9 trois inventaires de la roseraie, les r\u00e9sultats de plusieurs de ses recherches ainsi que divers articles dans des revues horticoles. Toutefois,\u00a0par humilit\u00e9 et par respect pour ses collaborateurs, un\u2026","rel":"","context":"Article similaire","block_context":{"text":"Article similaire","link":""},"img":{"alt_text":"File0032a","src":"https:\/\/i0.wp.com\/lesgravereaux.marret.co\/wp-content\/uploads\/2015\/10\/File0032a.jpg?resize=350%2C200","width":350,"height":200},"classes":[]}],"_links":{"self":[{"href":"https:\/\/lesgravereaux.marret.co\/index.php\/wp-json\/wp\/v2\/pages\/2036","targetHints":{"allow":["GET"]}}],"collection":[{"href":"https:\/\/lesgravereaux.marret.co\/index.php\/wp-json\/wp\/v2\/pages"}],"about":[{"href":"https:\/\/lesgravereaux.marret.co\/index.php\/wp-json\/wp\/v2\/types\/page"}],"author":[{"embeddable":true,"href":"https:\/\/lesgravereaux.marret.co\/index.php\/wp-json\/wp\/v2\/users\/1"}],"replies":[{"embeddable":true,"href":"https:\/\/lesgravereaux.marret.co\/index.php\/wp-json\/wp\/v2\/comments?post=2036"}],"version-history":[{"count":0,"href":"https:\/\/lesgravereaux.marret.co\/index.php\/wp-json\/wp\/v2\/pages\/2036\/revisions"}],"wp:attachment":[{"href":"https:\/\/lesgravereaux.marret.co\/index.php\/wp-json\/wp\/v2\/media?parent=2036"}],"curies":[{"name":"wp","href":"https:\/\/api.w.org\/{rel}","templated":true}]}}