{"id":1972,"date":"2016-04-25T09:45:32","date_gmt":"2016-04-25T08:45:32","guid":{"rendered":"http:\/\/lesgravereaux.marret.co\/?page_id=1972"},"modified":"2016-06-12T16:45:32","modified_gmt":"2016-06-12T15:45:32","slug":"1906-les-roses-a-parfum","status":"publish","type":"page","link":"https:\/\/lesgravereaux.marret.co\/index.php\/jules-gravereaux\/jules-gravereaux-ses-ecrits\/1906-les-roses-a-parfum\/","title":{"rendered":"1906 &#8211; Les roses \u00e0 parfum et l&rsquo;essence de rose"},"content":{"rendered":"<p><strong>Les Roses \u00e0 parfum et la fabrication de l&rsquo;essence \u00e0 la roseraie de L&rsquo;Hay de 1901 \u00e0 1905 Extrait du <em>Bulletin de l&rsquo;Office de renseignements agricoles<\/em>, 1906, n\u00b0 3.- Paris\u00a0: Impr. nationale, 1906. 7 p., reli\u00e9; 24\u00a0cm.<\/strong><\/p>\n<p style=\"text-align: center;\">~~~~~~~<\/p>\n<p>\u00c0 la suite du rapport sur la culture des roses dans la p\u00e9ninsule des Balkans qu\u2019il a pr\u00e9sent\u00e9 au ministre de l\u2019Agriculture, Jules Gravereaux a poursuivi ses recherches et ses travaux, puis r\u00e9dige un nouveau rapport \u2026<\/p>\n<p style=\"padding-left: 30px;\"><a href=\"https:\/\/i0.wp.com\/lesgravereaux.marret.co\/wp-content\/uploads\/2016\/04\/1906-Les-roses-%C3%A0-parfum-2011-04_008a_wp.jpg?ssl=1\"><img data-recalc-dims=\"1\" loading=\"lazy\" decoding=\"async\" data-attachment-id=\"1970\" data-permalink=\"https:\/\/lesgravereaux.marret.co\/index.php\/jules-gravereaux\/jules-gravereaux-ses-ecrits\/1906-les-roses-a-parfum\/1906-les-roses-a-parfum-2011-04_008a_wp\/\" data-orig-file=\"https:\/\/i0.wp.com\/lesgravereaux.marret.co\/wp-content\/uploads\/2016\/04\/1906-Les-roses-%C3%A0-parfum-2011-04_008a_wp.jpg?fit=810%2C1181&amp;ssl=1\" data-orig-size=\"810,1181\" data-comments-opened=\"1\" data-image-meta=\"{&quot;aperture&quot;:&quot;5.6&quot;,&quot;credit&quot;:&quot;&quot;,&quot;camera&quot;:&quot;Canon EOS DIGITAL REBEL XSi&quot;,&quot;caption&quot;:&quot;&quot;,&quot;created_timestamp&quot;:&quot;1300685037&quot;,&quot;copyright&quot;:&quot;&quot;,&quot;focal_length&quot;:&quot;32&quot;,&quot;iso&quot;:&quot;400&quot;,&quot;shutter_speed&quot;:&quot;0.01&quot;,&quot;title&quot;:&quot;&quot;,&quot;orientation&quot;:&quot;1&quot;}\" data-image-title=\"1906 Les roses \u00e0 parfum (2011-04_008a)_wp\" data-image-description=\"\" data-image-caption=\"\" data-medium-file=\"https:\/\/i0.wp.com\/lesgravereaux.marret.co\/wp-content\/uploads\/2016\/04\/1906-Les-roses-%C3%A0-parfum-2011-04_008a_wp.jpg?fit=206%2C300&amp;ssl=1\" data-large-file=\"https:\/\/i0.wp.com\/lesgravereaux.marret.co\/wp-content\/uploads\/2016\/04\/1906-Les-roses-%C3%A0-parfum-2011-04_008a_wp.jpg?fit=640%2C934&amp;ssl=1\" class=\"wp-image-1970 alignleft\" src=\"https:\/\/i0.wp.com\/lesgravereaux.marret.co\/wp-content\/uploads\/2016\/04\/1906-Les-roses-%C3%A0-parfum-2011-04_008a_wp.jpg?resize=250%2C365&#038;ssl=1\" alt=\"1906 Les roses \u00e0 parfum (2011-04_008a)_wp\" width=\"250\" height=\"365\" data-wp-pid=\"1970\" srcset=\"https:\/\/i0.wp.com\/lesgravereaux.marret.co\/wp-content\/uploads\/2016\/04\/1906-Les-roses-%C3%A0-parfum-2011-04_008a_wp.jpg?resize=702%2C1024&amp;ssl=1 702w, https:\/\/i0.wp.com\/lesgravereaux.marret.co\/wp-content\/uploads\/2016\/04\/1906-Les-roses-%C3%A0-parfum-2011-04_008a_wp.jpg?resize=206%2C300&amp;ssl=1 206w, https:\/\/i0.wp.com\/lesgravereaux.marret.co\/wp-content\/uploads\/2016\/04\/1906-Les-roses-%C3%A0-parfum-2011-04_008a_wp.jpg?resize=768%2C1120&amp;ssl=1 768w, https:\/\/i0.wp.com\/lesgravereaux.marret.co\/wp-content\/uploads\/2016\/04\/1906-Les-roses-%C3%A0-parfum-2011-04_008a_wp.jpg?resize=800%2C1166&amp;ssl=1 800w, https:\/\/i0.wp.com\/lesgravereaux.marret.co\/wp-content\/uploads\/2016\/04\/1906-Les-roses-%C3%A0-parfum-2011-04_008a_wp.jpg?resize=412%2C600&amp;ssl=1 412w, https:\/\/i0.wp.com\/lesgravereaux.marret.co\/wp-content\/uploads\/2016\/04\/1906-Les-roses-%C3%A0-parfum-2011-04_008a_wp.jpg?w=810&amp;ssl=1 810w\" sizes=\"auto, (max-width: 250px) 100vw, 250px\" \/><\/a>\u00ab\u00a0[&#8230;] Ces consid\u00e9rations nous trac\u00e8rent notre programme, et, \u00e0 partir de cette \u00e9poque (1901), nous nous sommes livr\u00e9s, sans interruption, \u00e0 une s\u00e9rie de travaux dans l&rsquo;ordre suivant :<\/p>\n<p style=\"padding-left: 30px;\">Premi\u00e8re p\u00e9riode\u00a0: Obtention, au moyen de l\u2019hybridation, de roses \u00e0 parfum \u00e0 grand rendement.<\/p>\n<p style=\"padding-left: 30px;\">Deuxi\u00e8me p\u00e9riode\u00a0: Essais, avec les vari\u00e9t\u00e9s pr\u00e9sum\u00e9es les meilleures, de fabrication d&rsquo;essence de roses, d&rsquo;abord par distillation, puis par extraction.<\/p>\n<p style=\"padding-left: 30px;\">[\u2026]<\/p>\n<p style=\"padding-left: 30px;\">Nous croyons donc pouvoir conclure que :<\/p>\n<p style=\"padding-left: 30px;\">1\u00b0 Le proc\u00e9d\u00e9 d&rsquo;extraction de l&rsquo;essence de roses essay\u00e9 en 1905 \u00e0 la roseraie de L&rsquo;Ha\u00ff a permis d&rsquo;obtenir une essence plus pure et plus marchande que les essences import\u00e9es;<\/p>\n<p style=\"padding-left: 30px;\">2\u00b0 Les vari\u00e9t\u00e9s employ\u00e9es \u00e0 cette extraction et, en particulier, celles obtenues dans ce but \u00e0 la roseraie de L&rsquo;Ha\u00ff, se sont montr\u00e9es d&rsquo;un rendement sup\u00e9rieur \u00e0 ceux des roses ordinaires employ\u00e9es jusqu&rsquo;ici;<\/p>\n<p style=\"padding-left: 30px;\">3\u00b0 L&#8217;emploi de ces vari\u00e9t\u00e9s permet \u00e0 l&rsquo;extraction, au lieu d&rsquo;\u00eatre momentan\u00e9e et livr\u00e9e \u00e0 des \u00e0-coups, de s&rsquo;\u00e9tendre sur une grande partie de l&rsquo;ann\u00e9e;<\/p>\n<p style=\"padding-left: 30px;\">4\u00b0 La compl\u00e8te rusticit\u00e9 et l&rsquo;exceptionnelle vigueur de ces vari\u00e9t\u00e9s permettent d&rsquo;en installer des cultures de rapport, sans al\u00e9as caus\u00e9s par les intemp\u00e9ries, et cela jusque dans nord de la France.<\/p>\n<p style=\"padding-left: 30px;\">Nous croyons, Monsieur le Ministre, que ce sont l\u00e0 des indications pr\u00e9cieuses pour les industriels qui voudraient tenter la fabrication de l&rsquo;essence de roses en France. Nous sommes d&rsquo;ailleurs enti\u00e8rement \u00e0 leur disposition pour faciliter leurs essais, soit en leur donnant des plantes pour la multiplication, soit en leur fournissant toutes les explications de d\u00e9tail qu&rsquo;ils croiront devoir nous demander sur la fabrication.\u00a0\u00bb<\/p>\n<p style=\"text-align: right; padding-left: 30px;\"><span style=\"font-size: 10pt;\"><em>Jules Gravereaux.<br \/>\nLes roses \u00e0 parfum et la fabrication de l\u2019essence \u00e0 la roseraie de L\u2019Ha\u00ff,<br \/>\nin\u00a0Journal des Roses; avril 1906.<\/em><\/span><\/p>\n","protected":false},"excerpt":{"rendered":"<p>Les Roses \u00e0 parfum et la fabrication de l&rsquo;essence \u00e0 la roseraie de L&rsquo;Hay de 1901 \u00e0 1905 Extrait du Bulletin de l&rsquo;Office de renseignements agricoles, 1906, n\u00b0 3.- Paris\u00a0: Impr. nationale, 1906. 7 p., reli\u00e9; 24\u00a0cm. ~~~~~~~ \u00c0 la &hellip; <a href=\"https:\/\/lesgravereaux.marret.co\/index.php\/jules-gravereaux\/jules-gravereaux-ses-ecrits\/1906-les-roses-a-parfum\/\">Continuer la lecture <span class=\"meta-nav\">&rarr;<\/span><\/a><\/p>\n","protected":false},"author":1,"featured_media":0,"parent":1798,"menu_order":0,"comment_status":"closed","ping_status":"closed","template":"","meta":{"ngg_post_thumbnail":0,"jetpack_post_was_ever_published":false,"footnotes":""},"class_list":["post-1972","page","type-page","status-publish","hentry"],"jetpack_sharing_enabled":true,"jetpack_shortlink":"https:\/\/wp.me\/P7ERyi-vO","jetpack-related-posts":[{"id":1968,"url":"https:\/\/lesgravereaux.marret.co\/index.php\/jules-gravereaux\/jules-gravereaux-ses-ecrits\/1901-rapport-sur-la-culture-des-roses-dans-la-peninsule-des-balkans\/1901-rapport-sur-la-culture-des-roses\/","url_meta":{"origin":1972,"position":0},"title":"1901 &#8211; La culture des roses dans les Balkans (commentaire)","author":"marretgravereaux","date":"25 avril 2016","format":false,"excerpt":"GRAVEREAUX, Jules. Rapport sur la culture des roses dans la p\u00e9ninsule des Balkans \/ par J. Gravereaux. Extrait du Bulletin du Minist\u00e8re de l'Agriculture, 1901, no\u00a03. Paris\u00a0: Impr. nationale, 1901.- 9\u00a0p.; 27\u00a0cm. ~~~~~~~ L\u2019auteur est cet amateur qui a fond\u00e9 la Roseraie de l\u2019Hay (Seine), d\u00e9j\u00e0 c\u00e9l\u00e8bre quoique de cr\u00e9ation\u2026","rel":"","context":"Article similaire","block_context":{"text":"Article similaire","link":""},"img":{"alt_text":"1901 La culture des roses p02 - YH069_wp","src":"https:\/\/i0.wp.com\/lesgravereaux.marret.co\/wp-content\/uploads\/2016\/04\/1901-La-culture-des-roses-p02-YH069_wp-741x1024.jpg?resize=350%2C200","width":350,"height":200},"classes":[]},{"id":2077,"url":"https:\/\/lesgravereaux.marret.co\/index.php\/jules-gravereaux\/1294-2\/des-roses\/lessence-de-rose\/","url_meta":{"origin":1972,"position":1},"title":"L&rsquo;essence de rose","author":"marretgravereaux","date":"30 avril 2016","format":false,"excerpt":"D\u00e8s qu\u2019il\u00a0commence \u00e0 collectionner les roses, Jules Gravereaux s\u2019int\u00e9resse \u00e0 l\u2019obtention de roses nouvelles par hybridation et en 1894, il proc\u00e8de \u00e0 la f\u00e9condation de rosiers remarquables par leurs qualit\u00e9s odorantes. En 1901, le minist\u00e8re de l\u2019Agriculture le charge d\u2019une mission dans les Balkans pour \u00e9tudier les proc\u00e9d\u00e9s employ\u00e9s dans\u2026","rel":"","context":"Article similaire","block_context":{"text":"Article similaire","link":""},"img":{"alt_text":"1901 La culture des roses p02 - YH069_wp","src":"https:\/\/i0.wp.com\/lesgravereaux.marret.co\/wp-content\/uploads\/2016\/04\/1901-La-culture-des-roses-p02-YH069_wp-741x1024.jpg?resize=350%2C200","width":350,"height":200},"classes":[]},{"id":801,"url":"https:\/\/lesgravereaux.marret.co\/index.php\/jules-gravereaux\/des-evenements-de-sa-vie\/","url_meta":{"origin":1972,"position":2},"title":"Des \u00e9v\u00e8nements de sa vie","author":"marretgravereaux","date":"10 mars 2016","format":false,"excerpt":"\u00a0 1er mai 1844\u00a0: Na\u00eet \u00e0 Vitry-sur-Seine. 16 mars 1856\u00a0: Commence son premier emploi, chez Mr Caillaut rue du Bac. 5 septembre 1864\u00a0: Entre au Bon March\u00e9. 20 f\u00e9vrier 1866\u00a0: Quitte volontairement le Bon March\u00e9 pour entrer au Louvre. 1870\u00a0: Fait son service militaire dans la Garde Nationale de la\u2026","rel":"","context":"Article similaire","block_context":{"text":"Article similaire","link":""},"img":{"alt_text":"Roses de Malmaison - p03_wp","src":"https:\/\/i0.wp.com\/marret.co\/wp-content\/uploads\/2016\/03\/Roses-de-Malmaison-p03_wp.jpg?resize=350%2C200","width":350,"height":200},"classes":[]},{"id":1798,"url":"https:\/\/lesgravereaux.marret.co\/index.php\/jules-gravereaux\/jules-gravereaux-ses-ecrits\/","url_meta":{"origin":1972,"position":3},"title":"Jules Gravereaux &#8211; Ses \u00e9crits","author":"marretgravereaux","date":"23 avril 2016","format":false,"excerpt":"Jules Gravereaux\u00a0s'est aussi fait conna\u00eetre dans le monde de la rose comme un auteur. De 1899 \u00e0 1914, il a publi\u00e9 trois inventaires de la roseraie, les r\u00e9sultats de plusieurs de ses recherches ainsi que divers articles dans des revues horticoles. Toutefois,\u00a0par humilit\u00e9 et par respect pour ses collaborateurs, un\u2026","rel":"","context":"Article similaire","block_context":{"text":"Article similaire","link":""},"img":{"alt_text":"File0032a","src":"https:\/\/i0.wp.com\/lesgravereaux.marret.co\/wp-content\/uploads\/2015\/10\/File0032a.jpg?resize=350%2C200","width":350,"height":200},"classes":[]},{"id":5628,"url":"https:\/\/lesgravereaux.marret.co\/index.php\/jules-gravereaux\/jules-gravereaux-ses-ecrits\/1901-rapport-sur-la-culture-des-roses-dans-la-peninsule-des-balkans\/","url_meta":{"origin":1972,"position":4},"title":"1901 &#8211; Rapport sur la culture des roses dans la p\u00e9ninsule des Balkans","author":"marretgravereaux","date":"7 mars 2018","format":false,"excerpt":"MONSIEUR LE MINISTRE, Vous avez bien voulu nous confier une mission ayant pour objet l'\u00e9tude des roses des Balkans. Avant d'entrer dans le d\u00e9tail de nos observations et de nos travaux, nous croyons devoir en soumettre le r\u00e9sultat, en quelques mots, \u00e0 votre haute comp\u00e9tence. Nos \u00e9tudes ont port\u00e9 sur\u2026","rel":"","context":"Article similaire","block_context":{"text":"Article similaire","link":""},"img":{"alt_text":"","src":"https:\/\/i0.wp.com\/lesgravereaux.marret.co\/wp-content\/uploads\/2018\/03\/JG-1901-La-culture-des-roses-2011-04_087b_wp-659x1024.jpg?resize=350%2C200","width":350,"height":200},"classes":[]},{"id":1595,"url":"https:\/\/lesgravereaux.marret.co\/index.php\/571-2\/17-juin-1906-la-fete-des-rosati\/","url_meta":{"origin":1972,"position":5},"title":"17 juin 1906 &#8211; La f\u00eate des Rosati","author":"marretgravereaux","date":"20 avril 2016","format":false,"excerpt":"En 1905, Jules Gravereaux rencontre les Rosati et se lie d\u2019amiti\u00e9 avec eux. Comme ceux-ci ne disposent pas de lieu de repr\u00e9sentation, il d\u00e9cide de faire construire un th\u00e9\u00e2tre de verdure dans la roseraie et de l\u2019inaugurer lors de leur f\u00eate annuelle. Le 17 juin 1906, les Rosati se retrouvent\u2026","rel":"","context":"Article similaire","block_context":{"text":"Article similaire","link":""},"img":{"alt_text":"Java Printing","src":"https:\/\/i0.wp.com\/lesgravereaux.marret.co\/wp-content\/uploads\/2016\/04\/1906-06-16-Le-Petit-Parisien_wp.jpg?resize=350%2C200","width":350,"height":200},"classes":[]}],"_links":{"self":[{"href":"https:\/\/lesgravereaux.marret.co\/index.php\/wp-json\/wp\/v2\/pages\/1972","targetHints":{"allow":["GET"]}}],"collection":[{"href":"https:\/\/lesgravereaux.marret.co\/index.php\/wp-json\/wp\/v2\/pages"}],"about":[{"href":"https:\/\/lesgravereaux.marret.co\/index.php\/wp-json\/wp\/v2\/types\/page"}],"author":[{"embeddable":true,"href":"https:\/\/lesgravereaux.marret.co\/index.php\/wp-json\/wp\/v2\/users\/1"}],"replies":[{"embeddable":true,"href":"https:\/\/lesgravereaux.marret.co\/index.php\/wp-json\/wp\/v2\/comments?post=1972"}],"version-history":[{"count":0,"href":"https:\/\/lesgravereaux.marret.co\/index.php\/wp-json\/wp\/v2\/pages\/1972\/revisions"}],"up":[{"embeddable":true,"href":"https:\/\/lesgravereaux.marret.co\/index.php\/wp-json\/wp\/v2\/pages\/1798"}],"wp:attachment":[{"href":"https:\/\/lesgravereaux.marret.co\/index.php\/wp-json\/wp\/v2\/media?parent=1972"}],"curies":[{"name":"wp","href":"https:\/\/api.w.org\/{rel}","templated":true}]}}