{"id":1968,"date":"2016-04-25T09:07:51","date_gmt":"2016-04-25T08:07:51","guid":{"rendered":"http:\/\/lesgravereaux.marret.co\/?page_id=1968"},"modified":"2018-03-07T18:13:21","modified_gmt":"2018-03-07T17:13:21","slug":"1901-rapport-sur-la-culture-des-roses","status":"publish","type":"page","link":"https:\/\/lesgravereaux.marret.co\/index.php\/jules-gravereaux\/jules-gravereaux-ses-ecrits\/1901-rapport-sur-la-culture-des-roses-dans-la-peninsule-des-balkans\/1901-rapport-sur-la-culture-des-roses\/","title":{"rendered":"1901 &#8211; La culture des roses dans les Balkans (commentaire)"},"content":{"rendered":"<p><strong>GRAVEREAUX, Jules. Rapport sur la culture des roses dans la p\u00e9ninsule des Balkans \/ par J. Gravereaux. Extrait du <em>Bulletin du Minist\u00e8re de l&rsquo;Agriculture<\/em>, 1901, n<sup>o<\/sup>&nbsp;3. Paris&nbsp;: Impr. nationale, 1901.- 9&nbsp;p.; 27&nbsp;cm.<\/strong><\/p>\n<p style=\"text-align: center;\">~~~~~~~<\/p>\n<p><a href=\"https:\/\/i0.wp.com\/lesgravereaux.marret.co\/wp-content\/uploads\/2016\/04\/1901-La-culture-des-roses-p02-YH069_wp.jpg?ssl=1\"><img data-recalc-dims=\"1\" loading=\"lazy\" decoding=\"async\" data-attachment-id=\"1967\" data-permalink=\"https:\/\/lesgravereaux.marret.co\/index.php\/jules-gravereaux\/jules-gravereaux-ses-ecrits\/1901-rapport-sur-la-culture-des-roses-dans-la-peninsule-des-balkans\/1901-rapport-sur-la-culture-des-roses\/1901-la-culture-des-roses-p02-yh069_wp\/\" data-orig-file=\"https:\/\/i0.wp.com\/lesgravereaux.marret.co\/wp-content\/uploads\/2016\/04\/1901-La-culture-des-roses-p02-YH069_wp.jpg?fit=855%2C1181&amp;ssl=1\" data-orig-size=\"855,1181\" data-comments-opened=\"1\" data-image-meta=\"{&quot;aperture&quot;:&quot;0&quot;,&quot;credit&quot;:&quot;&quot;,&quot;camera&quot;:&quot;&quot;,&quot;caption&quot;:&quot;&quot;,&quot;created_timestamp&quot;:&quot;0&quot;,&quot;copyright&quot;:&quot;&quot;,&quot;focal_length&quot;:&quot;0&quot;,&quot;iso&quot;:&quot;0&quot;,&quot;shutter_speed&quot;:&quot;0&quot;,&quot;title&quot;:&quot;&quot;,&quot;orientation&quot;:&quot;1&quot;}\" data-image-title=\"1901 La culture des roses p02 &amp;#8211; YH069_wp\" data-image-description=\"\" data-image-caption=\"\" data-medium-file=\"https:\/\/i0.wp.com\/lesgravereaux.marret.co\/wp-content\/uploads\/2016\/04\/1901-La-culture-des-roses-p02-YH069_wp.jpg?fit=217%2C300&amp;ssl=1\" data-large-file=\"https:\/\/i0.wp.com\/lesgravereaux.marret.co\/wp-content\/uploads\/2016\/04\/1901-La-culture-des-roses-p02-YH069_wp.jpg?fit=640%2C884&amp;ssl=1\" width=\"250\" height=\"345\" class=\"wp-image-1967 alignleft\" alt=\"1901 La culture des roses p02 - YH069_wp\" src=\"https:\/\/i0.wp.com\/lesgravereaux.marret.co\/wp-content\/uploads\/2016\/04\/1901-La-culture-des-roses-p02-YH069_wp.jpg?resize=250%2C345&#038;ssl=1\" data-wp-pid=\"1967\" srcset=\"https:\/\/i0.wp.com\/lesgravereaux.marret.co\/wp-content\/uploads\/2016\/04\/1901-La-culture-des-roses-p02-YH069_wp.jpg?resize=741%2C1024&amp;ssl=1 741w, https:\/\/i0.wp.com\/lesgravereaux.marret.co\/wp-content\/uploads\/2016\/04\/1901-La-culture-des-roses-p02-YH069_wp.jpg?resize=217%2C300&amp;ssl=1 217w, https:\/\/i0.wp.com\/lesgravereaux.marret.co\/wp-content\/uploads\/2016\/04\/1901-La-culture-des-roses-p02-YH069_wp.jpg?resize=768%2C1061&amp;ssl=1 768w, https:\/\/i0.wp.com\/lesgravereaux.marret.co\/wp-content\/uploads\/2016\/04\/1901-La-culture-des-roses-p02-YH069_wp.jpg?resize=800%2C1105&amp;ssl=1 800w, https:\/\/i0.wp.com\/lesgravereaux.marret.co\/wp-content\/uploads\/2016\/04\/1901-La-culture-des-roses-p02-YH069_wp.jpg?resize=434%2C600&amp;ssl=1 434w, https:\/\/i0.wp.com\/lesgravereaux.marret.co\/wp-content\/uploads\/2016\/04\/1901-La-culture-des-roses-p02-YH069_wp.jpg?w=855&amp;ssl=1 855w\" sizes=\"auto, (max-width: 250px) 100vw, 250px\" \/><\/a>L\u2019auteur est cet amateur qui a fond\u00e9 la Roseraie de l\u2019Hay (Seine), d\u00e9j\u00e0 c\u00e9l\u00e8bre quoique de cr\u00e9ation r\u00e9cente. Ayant \u00e9t\u00e9 charg\u00e9 par le Ministre d\u2019une mission ayant pour but l\u2019\u00e9tude de la culture des roses \u00e0 parfum dans les Balkans, il a consign\u00e9 le r\u00e9sultat de son exploration dans un rapport ins\u00e9r\u00e9 au Bulletin du Minist\u00e8re de l\u2019Agriculture (1901 n\u00b03). Ce rapport, tr\u00e8s int\u00e9ressant, comprend deux parties : 1\u00b0 Partie botanique (r\u00e9colte des plantes sauvages du genre Rosa). 2\u00b0 \u00c9tude horticole et industrielle des roses \u00e0 parfum et production de l&rsquo;essence de roses en Bulgarie. L&rsquo;auteur a visit\u00e9 les jardins botaniques de Munich, Vienne, Budapest, Belgrade, Philippopoli, Constantinople, etc., et s&rsquo;est mis en relations d&rsquo;\u00e9change avec les directeurs de ces \u00e9tablissements publics et les rhodographes \u00e9trangers ce qui lui permettra de compl\u00e9ter la remarquable et nombreuse collection de Rosiers sauvages de sa Roseraie.<\/p>\n<p>C&rsquo;est la Bulgarie qui fournit aux parfumeurs fran\u00e7ais \u00e0 lieu pr\u00e8s toute l&rsquo;essence de roses dont ils ont besoin. Il parait que la production de la Roumanie orientale a atteint, en 1900, 2,500 kilogrammes dont la valeur varie entre 800 et 1000 francs.<\/p>\n<p>C\u2019est dans le but de s&rsquo;assurer s&rsquo;il ne serait pas possible d&rsquo;introduire en France ou dans les colonies fran\u00e7aises, la culture des Roses \u00e0 parfum que M. Gravereaux a entrepris son voyage. L&rsquo;Allemagne et la Russie font actuellement de nombreux essais de plantations de Rosiers dans le m\u00eame but : \u00e0 nous de pas trop nous laisser distancer par nos voisins.<\/p>\n<p style=\"text-align: right;\"><span style=\"font-size: 10pt;\"><em>Lyon-Horticole. 1901, no 18.<\/em><\/span><\/p>\n","protected":false},"excerpt":{"rendered":"<p>GRAVEREAUX, Jules. Rapport sur la culture des roses dans la p\u00e9ninsule des Balkans \/ par J. Gravereaux. Extrait du Bulletin du Minist\u00e8re de l&rsquo;Agriculture, 1901, no&nbsp;3. Paris&nbsp;: Impr. nationale, 1901.- 9&nbsp;p.; 27&nbsp;cm. ~~~~~~~ L\u2019auteur est cet amateur qui a fond\u00e9 &hellip; <a href=\"https:\/\/lesgravereaux.marret.co\/index.php\/jules-gravereaux\/jules-gravereaux-ses-ecrits\/1901-rapport-sur-la-culture-des-roses-dans-la-peninsule-des-balkans\/1901-rapport-sur-la-culture-des-roses\/\">Continuer la lecture <span class=\"meta-nav\">&rarr;<\/span><\/a><\/p>\n","protected":false},"author":1,"featured_media":0,"parent":5628,"menu_order":0,"comment_status":"closed","ping_status":"closed","template":"","meta":{"ngg_post_thumbnail":0,"jetpack_post_was_ever_published":false,"footnotes":""},"class_list":["post-1968","page","type-page","status-publish","hentry"],"jetpack_sharing_enabled":true,"jetpack_shortlink":"https:\/\/wp.me\/P7ERyi-vK","jetpack-related-posts":[{"id":1972,"url":"https:\/\/lesgravereaux.marret.co\/index.php\/jules-gravereaux\/jules-gravereaux-ses-ecrits\/1906-les-roses-a-parfum\/","url_meta":{"origin":1968,"position":0},"title":"1906 &#8211; Les roses \u00e0 parfum et l&rsquo;essence de rose","author":"marretgravereaux","date":"25 avril 2016","format":false,"excerpt":"Les Roses \u00e0 parfum et la fabrication de l'essence \u00e0 la roseraie de L'Hay de 1901 \u00e0 1905 Extrait du Bulletin de l'Office de renseignements agricoles, 1906, n\u00b0 3.- Paris\u00a0: Impr. nationale, 1906. 7 p., reli\u00e9; 24\u00a0cm. ~~~~~~~ \u00c0 la suite du rapport sur la culture des roses dans la\u2026","rel":"","context":"Article similaire","block_context":{"text":"Article similaire","link":""},"img":{"alt_text":"1906 Les roses \u00e0 parfum (2011-04_008a)_wp","src":"https:\/\/i0.wp.com\/lesgravereaux.marret.co\/wp-content\/uploads\/2016\/04\/1906-Les-roses-%C3%A0-parfum-2011-04_008a_wp-702x1024.jpg?resize=350%2C200","width":350,"height":200},"classes":[]},{"id":801,"url":"https:\/\/lesgravereaux.marret.co\/index.php\/jules-gravereaux\/des-evenements-de-sa-vie\/","url_meta":{"origin":1968,"position":1},"title":"Des \u00e9v\u00e8nements de sa vie","author":"marretgravereaux","date":"10 mars 2016","format":false,"excerpt":"\u00a0 1er mai 1844\u00a0: Na\u00eet \u00e0 Vitry-sur-Seine. 16 mars 1856\u00a0: Commence son premier emploi, chez Mr Caillaut rue du Bac. 5 septembre 1864\u00a0: Entre au Bon March\u00e9. 20 f\u00e9vrier 1866\u00a0: Quitte volontairement le Bon March\u00e9 pour entrer au Louvre. 1870\u00a0: Fait son service militaire dans la Garde Nationale de la\u2026","rel":"","context":"Article similaire","block_context":{"text":"Article similaire","link":""},"img":{"alt_text":"Roses de Malmaison - p03_wp","src":"https:\/\/i0.wp.com\/marret.co\/wp-content\/uploads\/2016\/03\/Roses-de-Malmaison-p03_wp.jpg?resize=350%2C200","width":350,"height":200},"classes":[]},{"id":1798,"url":"https:\/\/lesgravereaux.marret.co\/index.php\/jules-gravereaux\/jules-gravereaux-ses-ecrits\/","url_meta":{"origin":1968,"position":2},"title":"Jules Gravereaux &#8211; Ses \u00e9crits","author":"marretgravereaux","date":"23 avril 2016","format":false,"excerpt":"Jules Gravereaux\u00a0s'est aussi fait conna\u00eetre dans le monde de la rose comme un auteur. De 1899 \u00e0 1914, il a publi\u00e9 trois inventaires de la roseraie, les r\u00e9sultats de plusieurs de ses recherches ainsi que divers articles dans des revues horticoles. Toutefois,\u00a0par humilit\u00e9 et par respect pour ses collaborateurs, un\u2026","rel":"","context":"Article similaire","block_context":{"text":"Article similaire","link":""},"img":{"alt_text":"File0032a","src":"https:\/\/i0.wp.com\/lesgravereaux.marret.co\/wp-content\/uploads\/2015\/10\/File0032a.jpg?resize=350%2C200","width":350,"height":200},"classes":[]},{"id":2065,"url":"https:\/\/lesgravereaux.marret.co\/index.php\/jules-gravereaux\/1294-2\/des-roses\/","url_meta":{"origin":1968,"position":3},"title":"Des roses","author":"marretgravereaux","date":"26 avril 2016","format":false,"excerpt":"Dans sa roseraie de L\u2019Ha\u00ff, Jules Gravereaux a cr\u00e9\u00e9, par hybridation, plus d\u2019une centaine de roses. Il toucha \u00e0 des esp\u00e8ces ou \u00e0 des groupes divers (hybrides de\u00a0lutea, de\u00a0microphylla, de\u00a0wichura, hybrides remontants ou hybrides de th\u00e9, ...), mais c\u2019est surtout gr\u00e2ce aux hybrides de\u00a0rugosa\u00a0qu\u2019il se fit conna\u00eetre. Parmi les autres\u2026","rel":"","context":"Article similaire","block_context":{"text":"Article similaire","link":""},"img":{"alt_text":"031\u00a9 47 ROSERAIE DE L'HAY - Le Jardin d'essai_wp","src":"https:\/\/i0.wp.com\/lesgravereaux.marret.co\/wp-content\/uploads\/2016\/04\/031%C2%A9-47-ROSERAIE-DE-LHAY-Le-Jardin-dessai_wp.jpg?resize=350%2C200","width":350,"height":200},"classes":[]},{"id":2077,"url":"https:\/\/lesgravereaux.marret.co\/index.php\/jules-gravereaux\/1294-2\/des-roses\/lessence-de-rose\/","url_meta":{"origin":1968,"position":4},"title":"L&rsquo;essence de rose","author":"marretgravereaux","date":"30 avril 2016","format":false,"excerpt":"D\u00e8s qu\u2019il\u00a0commence \u00e0 collectionner les roses, Jules Gravereaux s\u2019int\u00e9resse \u00e0 l\u2019obtention de roses nouvelles par hybridation et en 1894, il proc\u00e8de \u00e0 la f\u00e9condation de rosiers remarquables par leurs qualit\u00e9s odorantes. En 1901, le minist\u00e8re de l\u2019Agriculture le charge d\u2019une mission dans les Balkans pour \u00e9tudier les proc\u00e9d\u00e9s employ\u00e9s dans\u2026","rel":"","context":"Article similaire","block_context":{"text":"Article similaire","link":""},"img":{"alt_text":"1901 La culture des roses p02 - YH069_wp","src":"https:\/\/i0.wp.com\/lesgravereaux.marret.co\/wp-content\/uploads\/2016\/04\/1901-La-culture-des-roses-p02-YH069_wp-741x1024.jpg?resize=350%2C200","width":350,"height":200},"classes":[]},{"id":3704,"url":"https:\/\/lesgravereaux.marret.co\/index.php\/jules-gravereaux\/des-evenements-de-sa-vie\/jules-gravereaux-son-deces\/le-deces-de-jules-gravereaux-dans-la-presse-etrangere\/","url_meta":{"origin":1968,"position":5},"title":"Le d\u00e9c\u00e8s de Jules Gravereaux &#8211; dans la presse \u00e9trang\u00e8re","author":"marretgravereaux","date":"17 juin 2016","format":false,"excerpt":"Le d\u00e9c\u00e8s de Jules Gravereaux a eu lieu en mars 1916, au milieu de la guerre\u00a01914-1918. Ce qui n\u2019a pas emp\u00each\u00e9 plusieurs journaux fran\u00e7ais, mais aussi ailleurs, d'en faire mention, voire d'y consacrer de longs articles... Peut-on laisser partir sans un adieu Jules Gravereaux, qui \u00e9tait non seulement le premier\u2026","rel":"","context":"Article similaire","block_context":{"text":"Article similaire","link":""},"img":{"alt_text":"1916-04-07 Gravereaux, Jules - D\u00e9c\u00e8s (L'\u00c9cho d'Alger) - Titre journal_wp","src":"https:\/\/i0.wp.com\/lesgravereaux.marret.co\/wp-content\/uploads\/2016\/06\/1916-04-07-Gravereaux-Jules-D%C3%A9c%C3%A8s-L%C3%89cho-dAlger-Titre-journal_wp.jpg?resize=350%2C200","width":350,"height":200,"srcset":"https:\/\/i0.wp.com\/lesgravereaux.marret.co\/wp-content\/uploads\/2016\/06\/1916-04-07-Gravereaux-Jules-D%C3%A9c%C3%A8s-L%C3%89cho-dAlger-Titre-journal_wp.jpg?resize=350%2C200 1x, https:\/\/i0.wp.com\/lesgravereaux.marret.co\/wp-content\/uploads\/2016\/06\/1916-04-07-Gravereaux-Jules-D%C3%A9c%C3%A8s-L%C3%89cho-dAlger-Titre-journal_wp.jpg?resize=525%2C300 1.5x, https:\/\/i0.wp.com\/lesgravereaux.marret.co\/wp-content\/uploads\/2016\/06\/1916-04-07-Gravereaux-Jules-D%C3%A9c%C3%A8s-L%C3%89cho-dAlger-Titre-journal_wp.jpg?resize=700%2C400 2x"},"classes":[]}],"_links":{"self":[{"href":"https:\/\/lesgravereaux.marret.co\/index.php\/wp-json\/wp\/v2\/pages\/1968","targetHints":{"allow":["GET"]}}],"collection":[{"href":"https:\/\/lesgravereaux.marret.co\/index.php\/wp-json\/wp\/v2\/pages"}],"about":[{"href":"https:\/\/lesgravereaux.marret.co\/index.php\/wp-json\/wp\/v2\/types\/page"}],"author":[{"embeddable":true,"href":"https:\/\/lesgravereaux.marret.co\/index.php\/wp-json\/wp\/v2\/users\/1"}],"replies":[{"embeddable":true,"href":"https:\/\/lesgravereaux.marret.co\/index.php\/wp-json\/wp\/v2\/comments?post=1968"}],"version-history":[{"count":0,"href":"https:\/\/lesgravereaux.marret.co\/index.php\/wp-json\/wp\/v2\/pages\/1968\/revisions"}],"up":[{"embeddable":true,"href":"https:\/\/lesgravereaux.marret.co\/index.php\/wp-json\/wp\/v2\/pages\/5628"}],"wp:attachment":[{"href":"https:\/\/lesgravereaux.marret.co\/index.php\/wp-json\/wp\/v2\/media?parent=1968"}],"curies":[{"name":"wp","href":"https:\/\/api.w.org\/{rel}","templated":true}]}}