{"id":1911,"date":"2016-04-24T18:23:47","date_gmt":"2016-04-24T17:23:47","guid":{"rendered":"http:\/\/lesgravereaux.marret.co\/?page_id=1911"},"modified":"2016-06-12T15:15:20","modified_gmt":"2016-06-12T14:15:20","slug":"1910-guide-pour-une-exposition","status":"publish","type":"page","link":"https:\/\/lesgravereaux.marret.co\/index.php\/jules-gravereaux\/jules-gravereaux-ses-ecrits\/1910-guide-pour-une-exposition\/","title":{"rendered":"1910 &#8211; Guide pour une exposition"},"content":{"rendered":"<h3><strong>Roseraie de L\u2019Ha\u00ff. Guide pour servir \u00e0 la visite de notre Exposition r\u00e9trospective de la rose. Extrait de La Rose \u00e0 travers les \u00e2ges (En pr\u00e9paration.) Plantes et Documents de la Roseraie de L&rsquo;Hay. Exposition internationale d&rsquo;horticulture de Paris, mai 1910.- Paris\u00a0: impr. Lahure, 1910. 32\u00a0p. 25\u00a0cm.<\/strong><\/h3>\n<p style=\"text-align: center;\">~~~~~~~<\/p>\n<p><a href=\"https:\/\/i0.wp.com\/lesgravereaux.marret.co\/wp-content\/uploads\/2016\/04\/1910-Guide-Exposition-r%C3%A9trospective-c0_wp.jpg?ssl=1\"><img data-recalc-dims=\"1\" loading=\"lazy\" decoding=\"async\" data-attachment-id=\"1904\" data-permalink=\"https:\/\/lesgravereaux.marret.co\/index.php\/jules-gravereaux\/jules-gravereaux-ses-ecrits\/1910-guide-pour-une-exposition\/1910-guide-exposition-retrospective-c0_wp\/\" data-orig-file=\"https:\/\/i0.wp.com\/lesgravereaux.marret.co\/wp-content\/uploads\/2016\/04\/1910-Guide-Exposition-r%C3%A9trospective-c0_wp.jpg?fit=762%2C1181&amp;ssl=1\" data-orig-size=\"762,1181\" data-comments-opened=\"1\" data-image-meta=\"{&quot;aperture&quot;:&quot;0&quot;,&quot;credit&quot;:&quot;&quot;,&quot;camera&quot;:&quot;&quot;,&quot;caption&quot;:&quot;&quot;,&quot;created_timestamp&quot;:&quot;0&quot;,&quot;copyright&quot;:&quot;&quot;,&quot;focal_length&quot;:&quot;0&quot;,&quot;iso&quot;:&quot;0&quot;,&quot;shutter_speed&quot;:&quot;0&quot;,&quot;title&quot;:&quot;&quot;,&quot;orientation&quot;:&quot;1&quot;}\" data-image-title=\"1910 Guide Exposition r\u00e9trospective c0_wp\" data-image-description=\"\" data-image-caption=\"\" data-medium-file=\"https:\/\/i0.wp.com\/lesgravereaux.marret.co\/wp-content\/uploads\/2016\/04\/1910-Guide-Exposition-r%C3%A9trospective-c0_wp.jpg?fit=194%2C300&amp;ssl=1\" data-large-file=\"https:\/\/i0.wp.com\/lesgravereaux.marret.co\/wp-content\/uploads\/2016\/04\/1910-Guide-Exposition-r%C3%A9trospective-c0_wp.jpg?fit=640%2C991&amp;ssl=1\" class=\"wp-image-1904 alignleft\" src=\"https:\/\/i0.wp.com\/lesgravereaux.marret.co\/wp-content\/uploads\/2016\/04\/1910-Guide-Exposition-r%C3%A9trospective-c0_wp.jpg?resize=250%2C388&#038;ssl=1\" alt=\"1910 Guide Exposition r\u00e9trospective c0_wp\" width=\"250\" height=\"388\" data-wp-pid=\"1904\" srcset=\"https:\/\/i0.wp.com\/lesgravereaux.marret.co\/wp-content\/uploads\/2016\/04\/1910-Guide-Exposition-r%C3%A9trospective-c0_wp.jpg?resize=661%2C1024&amp;ssl=1 661w, https:\/\/i0.wp.com\/lesgravereaux.marret.co\/wp-content\/uploads\/2016\/04\/1910-Guide-Exposition-r%C3%A9trospective-c0_wp.jpg?resize=194%2C300&amp;ssl=1 194w, https:\/\/i0.wp.com\/lesgravereaux.marret.co\/wp-content\/uploads\/2016\/04\/1910-Guide-Exposition-r%C3%A9trospective-c0_wp.jpg?resize=387%2C600&amp;ssl=1 387w, https:\/\/i0.wp.com\/lesgravereaux.marret.co\/wp-content\/uploads\/2016\/04\/1910-Guide-Exposition-r%C3%A9trospective-c0_wp.jpg?w=762&amp;ssl=1 762w\" sizes=\"auto, (max-width: 250px) 100vw, 250px\" \/><\/a>En mai 1910, la Soci\u00e9t\u00e9 nationale d\u2019horticulture de France a organis\u00e9, au Cours la Reine, une Exposition internationale horticole. \u00c0 cette occasion, Jules Gravereaux a pr\u00e9sent\u00e9 une Exposition r\u00e9trospective de la Rose qui montrait diff\u00e9rentes vari\u00e9t\u00e9s de rose existant depuis l\u2019Antiquit\u00e9 jusqu\u2019au XXe si\u00e8cle, sous forme de fossiles ou de plantes sur pied.<\/p>\n<p>En pr\u00e9paration \u00e0 cette exposition, Jules Gravereaux avait r\u00e9alis\u00e9, en 1909, un sommaire provisoire de ce qu\u2019il voulait pr\u00e9senter. Il r\u00e9digea, pour l\u2019exposition, l\u2019\u00e9quivalent d\u2019un catalogue; celui-ci \u00e9tait \u00e9galement une partie de ce qui devait \u00eatre plus tard, un livre sur <strong><em>La Rose \u00e0 travers les \u00e2ges<\/em><\/strong> qui, malheureusement, n\u2019a jamais vu le jour.<\/p>\n<p>La premi\u00e8re moiti\u00e9 du guide a \u00e9t\u00e9 reproduite dans <em>Le grand livre de la rose<\/em>, de Georges Delbard, \u00e9dit\u00e9 en avril 2002, p.\u00a025-54.<\/p>\n<p>&nbsp;<\/p>\n<p><a href=\"https:\/\/i0.wp.com\/lesgravereaux.marret.co\/wp-content\/uploads\/2016\/04\/1910-Guide-Exposition-r%C3%A9trospective-p03_wp.jpg?ssl=1\"><img data-recalc-dims=\"1\" loading=\"lazy\" decoding=\"async\" data-attachment-id=\"1910\" data-permalink=\"https:\/\/lesgravereaux.marret.co\/index.php\/jules-gravereaux\/jules-gravereaux-ses-ecrits\/1910-guide-pour-une-exposition\/1910-guide-exposition-retrospective-p03_wp\/\" data-orig-file=\"https:\/\/i0.wp.com\/lesgravereaux.marret.co\/wp-content\/uploads\/2016\/04\/1910-Guide-Exposition-r%C3%A9trospective-p03_wp.jpg?fit=770%2C1181&amp;ssl=1\" data-orig-size=\"770,1181\" data-comments-opened=\"1\" data-image-meta=\"{&quot;aperture&quot;:&quot;0&quot;,&quot;credit&quot;:&quot;&quot;,&quot;camera&quot;:&quot;&quot;,&quot;caption&quot;:&quot;&quot;,&quot;created_timestamp&quot;:&quot;0&quot;,&quot;copyright&quot;:&quot;&quot;,&quot;focal_length&quot;:&quot;0&quot;,&quot;iso&quot;:&quot;0&quot;,&quot;shutter_speed&quot;:&quot;0&quot;,&quot;title&quot;:&quot;&quot;,&quot;orientation&quot;:&quot;1&quot;}\" data-image-title=\"1910 Guide Exposition r\u00e9trospective p03_wp\" data-image-description=\"\" data-image-caption=\"\" data-medium-file=\"https:\/\/i0.wp.com\/lesgravereaux.marret.co\/wp-content\/uploads\/2016\/04\/1910-Guide-Exposition-r%C3%A9trospective-p03_wp.jpg?fit=196%2C300&amp;ssl=1\" data-large-file=\"https:\/\/i0.wp.com\/lesgravereaux.marret.co\/wp-content\/uploads\/2016\/04\/1910-Guide-Exposition-r%C3%A9trospective-p03_wp.jpg?fit=640%2C981&amp;ssl=1\" class=\"wp-image-1910 alignright\" src=\"https:\/\/i0.wp.com\/lesgravereaux.marret.co\/wp-content\/uploads\/2016\/04\/1910-Guide-Exposition-r%C3%A9trospective-p03_wp.jpg?resize=250%2C388&#038;ssl=1\" alt=\"1910 Guide Exposition r\u00e9trospective p03_wp\" width=\"250\" height=\"388\" data-wp-pid=\"1910\" \/><\/a><\/p>\n<p style=\"text-align: center;\"><span style=\"font-size: 12pt;\"><strong>Avant-propos<\/strong><\/span><\/p>\n<p>\u00c0 une \u00e9poque o\u00f9 l&rsquo;on est particuli\u00e8rement curieux des choses du pass\u00e9, o\u00f9 l&rsquo;on aime \u00e0 voir les perfectionnements successifs qu&rsquo;a apport\u00e9s \u00e0 toutes choses l&rsquo;intelligence humaine, nous avons pens\u00e9 qu&rsquo;il serait int\u00e9ressant de pr\u00e9senter un aper\u00e7u de l&rsquo;Histoire de la Rose en une Exposition, que nous avons divis\u00e9e en deux parties\u00a0: les \u00ab\u00a0Plantes vivantes\u00a0\u00bb et les \u00ab\u00a0Documents\u00a0\u00bb.<\/p>\n<p>Dans la Premi\u00e8re Partie, nous montrons d&rsquo;abord les Rosiers sauvages, ceux qui croissent naturellement sans le secours de l&rsquo;homme, dispos\u00e9s selon l&rsquo;ordre dans lequel nous pensons qu&rsquo;ils ont d\u00fb se r\u00e9pandre sur la Terre; imparfaits \u00e0 l&rsquo;origine, puis s&rsquo;adaptant au milieu, et enfin se perfectionnant. Ce sont ensuite, pr\u00e9sent\u00e9es chronologiquement\u00a0: 1<sup>o<\/sup> les Roses que les peuples anciens ont su discerner ou qu&rsquo;ils cultiv\u00e8rent; 2<sup>0<\/sup> celles que les \u00e9crivains du Moyen \u00c2ge ont d\u00e9crites ou repr\u00e9sent\u00e9es par l\u2019image, ou auxquelles un souvenir historique se rattache; 3<sup>0<\/sup> les Roses introduites de l&rsquo;Extr\u00eame-Orient au XVIII<sup>e<\/sup> si\u00e8cle, avec les principales formes nouvelles qui en ont r\u00e9sult\u00e9, et jusqu&rsquo;aux plus r\u00e9cents types des races cr\u00e9\u00e9es par les horticulteurs modernes.<\/p>\n<p>Dans la Seconde partie, nous montrons un choix fait entre tous les documents r\u00e9unis par nous sur la Rose, dans le domaine des Sciences, des Lettres et des Arts, en nous effor\u00e7ant de caract\u00e9riser, aux diff\u00e9rentes \u00e9poques de l&rsquo;histoire, soit les progr\u00e8s de la connaissance scientifique de la Rose et de son utilisation pratique, soit l&rsquo;\u00e9volution des id\u00e9es et des sentiments des \u00e9crivains qui l&rsquo;ont chant\u00e9e, des artistes et des d\u00e9corateurs qui l&rsquo;ont interpr\u00e9t\u00e9e.<\/p>\n<p>Ce guide se compose d&rsquo;\u00e9l\u00e9ments extraits de notre ouvrage en pr\u00e9paration \u00ab\u00a0La Rose \u00e0 travers les \u00c2ges\u00a0\u00bb. En mettant ainsi les amis de la Rose dans la confidence de nos recherches, nous avons l&rsquo;espoir de voir grandir en eux leur amour pour elle.<\/p>\n<p style=\"text-align: right;\"><strong><em>Roseraie de L&rsquo;Ha\u00ff<\/em><\/strong><\/p>\n<hr \/>\n<p><a href=\"https:\/\/i0.wp.com\/lesgravereaux.marret.co\/wp-content\/uploads\/2016\/04\/1910-Guide-Exposition-r%C3%A9trospective-p02_wp.jpg?ssl=1\"><img data-recalc-dims=\"1\" loading=\"lazy\" decoding=\"async\" data-attachment-id=\"1906\" data-permalink=\"https:\/\/lesgravereaux.marret.co\/index.php\/jules-gravereaux\/jules-gravereaux-ses-ecrits\/1910-guide-pour-une-exposition\/1910-guide-exposition-retrospective-p02_wp\/\" data-orig-file=\"https:\/\/i0.wp.com\/lesgravereaux.marret.co\/wp-content\/uploads\/2016\/04\/1910-Guide-Exposition-r%C3%A9trospective-p02_wp.jpg?fit=767%2C1181&amp;ssl=1\" data-orig-size=\"767,1181\" data-comments-opened=\"1\" data-image-meta=\"{&quot;aperture&quot;:&quot;0&quot;,&quot;credit&quot;:&quot;&quot;,&quot;camera&quot;:&quot;&quot;,&quot;caption&quot;:&quot;&quot;,&quot;created_timestamp&quot;:&quot;0&quot;,&quot;copyright&quot;:&quot;&quot;,&quot;focal_length&quot;:&quot;0&quot;,&quot;iso&quot;:&quot;0&quot;,&quot;shutter_speed&quot;:&quot;0&quot;,&quot;title&quot;:&quot;&quot;,&quot;orientation&quot;:&quot;1&quot;}\" data-image-title=\"1910 Guide Exposition r\u00e9trospective p02_wp\" data-image-description=\"\" data-image-caption=\"\" data-medium-file=\"https:\/\/i0.wp.com\/lesgravereaux.marret.co\/wp-content\/uploads\/2016\/04\/1910-Guide-Exposition-r%C3%A9trospective-p02_wp.jpg?fit=195%2C300&amp;ssl=1\" data-large-file=\"https:\/\/i0.wp.com\/lesgravereaux.marret.co\/wp-content\/uploads\/2016\/04\/1910-Guide-Exposition-r%C3%A9trospective-p02_wp.jpg?fit=640%2C986&amp;ssl=1\" class=\"wp-image-1906 alignleft\" src=\"https:\/\/i0.wp.com\/lesgravereaux.marret.co\/wp-content\/uploads\/2016\/04\/1910-Guide-Exposition-r%C3%A9trospective-p02_wp.jpg?resize=250%2C388&#038;ssl=1\" alt=\"1910 Guide Exposition r\u00e9trospective p02_wp\" width=\"250\" height=\"388\" data-wp-pid=\"1906\" \/><\/a><\/p>\n<p><a href=\"https:\/\/i0.wp.com\/lesgravereaux.marret.co\/wp-content\/uploads\/2016\/04\/1910-Guide-Exposition-r%C3%A9trospective-p04_wp.jpg?ssl=1\"><img data-recalc-dims=\"1\" loading=\"lazy\" decoding=\"async\" data-attachment-id=\"1907\" data-permalink=\"https:\/\/lesgravereaux.marret.co\/index.php\/jules-gravereaux\/jules-gravereaux-ses-ecrits\/1910-guide-pour-une-exposition\/1910-guide-exposition-retrospective-p04_wp\/\" data-orig-file=\"https:\/\/i0.wp.com\/lesgravereaux.marret.co\/wp-content\/uploads\/2016\/04\/1910-Guide-Exposition-r%C3%A9trospective-p04_wp.jpg?fit=768%2C1181&amp;ssl=1\" data-orig-size=\"768,1181\" data-comments-opened=\"1\" data-image-meta=\"{&quot;aperture&quot;:&quot;0&quot;,&quot;credit&quot;:&quot;&quot;,&quot;camera&quot;:&quot;&quot;,&quot;caption&quot;:&quot;&quot;,&quot;created_timestamp&quot;:&quot;0&quot;,&quot;copyright&quot;:&quot;&quot;,&quot;focal_length&quot;:&quot;0&quot;,&quot;iso&quot;:&quot;0&quot;,&quot;shutter_speed&quot;:&quot;0&quot;,&quot;title&quot;:&quot;&quot;,&quot;orientation&quot;:&quot;1&quot;}\" data-image-title=\"1910 Guide Exposition r\u00e9trospective p04_wp\" data-image-description=\"\" data-image-caption=\"\" data-medium-file=\"https:\/\/i0.wp.com\/lesgravereaux.marret.co\/wp-content\/uploads\/2016\/04\/1910-Guide-Exposition-r%C3%A9trospective-p04_wp.jpg?fit=195%2C300&amp;ssl=1\" data-large-file=\"https:\/\/i0.wp.com\/lesgravereaux.marret.co\/wp-content\/uploads\/2016\/04\/1910-Guide-Exposition-r%C3%A9trospective-p04_wp.jpg?fit=640%2C984&amp;ssl=1\" class=\"alignnone wp-image-1907\" src=\"https:\/\/i0.wp.com\/lesgravereaux.marret.co\/wp-content\/uploads\/2016\/04\/1910-Guide-Exposition-r%C3%A9trospective-p04_wp.jpg?resize=250%2C388&#038;ssl=1\" alt=\"1910 Guide Exposition r\u00e9trospective p04_wp\" width=\"250\" height=\"388\" data-wp-pid=\"1907\" \/><\/a><\/p>\n<p><a href=\"https:\/\/i0.wp.com\/lesgravereaux.marret.co\/wp-content\/uploads\/2016\/04\/1910-Guide-Exposition-r%C3%A9trospective-p20_wp.jpg?ssl=1\"><img data-recalc-dims=\"1\" loading=\"lazy\" decoding=\"async\" data-attachment-id=\"1908\" data-permalink=\"https:\/\/lesgravereaux.marret.co\/index.php\/jules-gravereaux\/jules-gravereaux-ses-ecrits\/1910-guide-pour-une-exposition\/1910-guide-exposition-retrospective-p20_wp\/\" data-orig-file=\"https:\/\/i0.wp.com\/lesgravereaux.marret.co\/wp-content\/uploads\/2016\/04\/1910-Guide-Exposition-r%C3%A9trospective-p20_wp.jpg?fit=770%2C1181&amp;ssl=1\" data-orig-size=\"770,1181\" data-comments-opened=\"1\" data-image-meta=\"{&quot;aperture&quot;:&quot;0&quot;,&quot;credit&quot;:&quot;&quot;,&quot;camera&quot;:&quot;&quot;,&quot;caption&quot;:&quot;&quot;,&quot;created_timestamp&quot;:&quot;0&quot;,&quot;copyright&quot;:&quot;&quot;,&quot;focal_length&quot;:&quot;0&quot;,&quot;iso&quot;:&quot;0&quot;,&quot;shutter_speed&quot;:&quot;0&quot;,&quot;title&quot;:&quot;&quot;,&quot;orientation&quot;:&quot;1&quot;}\" data-image-title=\"1910 Guide Exposition r\u00e9trospective p20_wp\" data-image-description=\"\" data-image-caption=\"\" data-medium-file=\"https:\/\/i0.wp.com\/lesgravereaux.marret.co\/wp-content\/uploads\/2016\/04\/1910-Guide-Exposition-r%C3%A9trospective-p20_wp.jpg?fit=196%2C300&amp;ssl=1\" data-large-file=\"https:\/\/i0.wp.com\/lesgravereaux.marret.co\/wp-content\/uploads\/2016\/04\/1910-Guide-Exposition-r%C3%A9trospective-p20_wp.jpg?fit=640%2C981&amp;ssl=1\" class=\"wp-image-1908 alignleft\" src=\"https:\/\/i0.wp.com\/lesgravereaux.marret.co\/wp-content\/uploads\/2016\/04\/1910-Guide-Exposition-r%C3%A9trospective-p20_wp.jpg?resize=250%2C388&#038;ssl=1\" alt=\"1910 Guide Exposition r\u00e9trospective p20_wp\" width=\"250\" height=\"388\" data-wp-pid=\"1908\" \/><\/a><\/p>\n<p><a href=\"https:\/\/i0.wp.com\/lesgravereaux.marret.co\/wp-content\/uploads\/2016\/04\/1910-Guide-Exposition-r%C3%A9trospective-p26a_wp.jpg?ssl=1\"><img data-recalc-dims=\"1\" loading=\"lazy\" decoding=\"async\" data-attachment-id=\"1909\" data-permalink=\"https:\/\/lesgravereaux.marret.co\/index.php\/jules-gravereaux\/jules-gravereaux-ses-ecrits\/1910-guide-pour-une-exposition\/1910-guide-exposition-retrospective-p26a_wp\/\" data-orig-file=\"https:\/\/i0.wp.com\/lesgravereaux.marret.co\/wp-content\/uploads\/2016\/04\/1910-Guide-Exposition-r%C3%A9trospective-p26a_wp.jpg?fit=827%2C794&amp;ssl=1\" data-orig-size=\"827,794\" data-comments-opened=\"1\" data-image-meta=\"{&quot;aperture&quot;:&quot;0&quot;,&quot;credit&quot;:&quot;&quot;,&quot;camera&quot;:&quot;&quot;,&quot;caption&quot;:&quot;&quot;,&quot;created_timestamp&quot;:&quot;0&quot;,&quot;copyright&quot;:&quot;&quot;,&quot;focal_length&quot;:&quot;0&quot;,&quot;iso&quot;:&quot;0&quot;,&quot;shutter_speed&quot;:&quot;0&quot;,&quot;title&quot;:&quot;&quot;,&quot;orientation&quot;:&quot;1&quot;}\" data-image-title=\"1910 Guide Exposition r\u00e9trospective p26a_wp\" data-image-description=\"\" data-image-caption=\"\" data-medium-file=\"https:\/\/i0.wp.com\/lesgravereaux.marret.co\/wp-content\/uploads\/2016\/04\/1910-Guide-Exposition-r%C3%A9trospective-p26a_wp.jpg?fit=300%2C288&amp;ssl=1\" data-large-file=\"https:\/\/i0.wp.com\/lesgravereaux.marret.co\/wp-content\/uploads\/2016\/04\/1910-Guide-Exposition-r%C3%A9trospective-p26a_wp.jpg?fit=640%2C614&amp;ssl=1\" class=\"alignnone wp-image-1909\" src=\"https:\/\/i0.wp.com\/lesgravereaux.marret.co\/wp-content\/uploads\/2016\/04\/1910-Guide-Exposition-r%C3%A9trospective-p26a_wp.jpg?resize=253%2C243&#038;ssl=1\" alt=\"1910 Guide Exposition r\u00e9trospective p26a_wp\" width=\"253\" height=\"243\" data-wp-pid=\"1909\" srcset=\"https:\/\/i0.wp.com\/lesgravereaux.marret.co\/wp-content\/uploads\/2016\/04\/1910-Guide-Exposition-r%C3%A9trospective-p26a_wp.jpg?w=827&amp;ssl=1 827w, https:\/\/i0.wp.com\/lesgravereaux.marret.co\/wp-content\/uploads\/2016\/04\/1910-Guide-Exposition-r%C3%A9trospective-p26a_wp.jpg?resize=300%2C288&amp;ssl=1 300w, https:\/\/i0.wp.com\/lesgravereaux.marret.co\/wp-content\/uploads\/2016\/04\/1910-Guide-Exposition-r%C3%A9trospective-p26a_wp.jpg?resize=768%2C737&amp;ssl=1 768w, https:\/\/i0.wp.com\/lesgravereaux.marret.co\/wp-content\/uploads\/2016\/04\/1910-Guide-Exposition-r%C3%A9trospective-p26a_wp.jpg?resize=800%2C768&amp;ssl=1 800w, https:\/\/i0.wp.com\/lesgravereaux.marret.co\/wp-content\/uploads\/2016\/04\/1910-Guide-Exposition-r%C3%A9trospective-p26a_wp.jpg?resize=600%2C576&amp;ssl=1 600w\" sizes=\"auto, (max-width: 253px) 100vw, 253px\" \/><\/a><\/p>\n<p>&nbsp;<\/p>\n<p>&nbsp;<\/p>\n","protected":false},"excerpt":{"rendered":"<p>Roseraie de L\u2019Ha\u00ff. Guide pour servir \u00e0 la visite de notre Exposition r\u00e9trospective de la rose. Extrait de La Rose \u00e0 travers les \u00e2ges (En pr\u00e9paration.) Plantes et Documents de la Roseraie de L&rsquo;Hay. Exposition internationale d&rsquo;horticulture de Paris, mai &hellip; <a href=\"https:\/\/lesgravereaux.marret.co\/index.php\/jules-gravereaux\/jules-gravereaux-ses-ecrits\/1910-guide-pour-une-exposition\/\">Continuer la lecture <span class=\"meta-nav\">&rarr;<\/span><\/a><\/p>\n","protected":false},"author":1,"featured_media":0,"parent":1798,"menu_order":0,"comment_status":"closed","ping_status":"closed","template":"","meta":{"ngg_post_thumbnail":0,"jetpack_post_was_ever_published":false,"footnotes":""},"class_list":["post-1911","page","type-page","status-publish","hentry"],"jetpack_sharing_enabled":true,"jetpack_shortlink":"https:\/\/wp.me\/P7ERyi-uP","jetpack-related-posts":[{"id":1798,"url":"https:\/\/lesgravereaux.marret.co\/index.php\/jules-gravereaux\/jules-gravereaux-ses-ecrits\/","url_meta":{"origin":1911,"position":0},"title":"Jules Gravereaux &#8211; Ses \u00e9crits","author":"marretgravereaux","date":"23 avril 2016","format":false,"excerpt":"Jules Gravereaux\u00a0s'est aussi fait conna\u00eetre dans le monde de la rose comme un auteur. De 1899 \u00e0 1914, il a publi\u00e9 trois inventaires de la roseraie, les r\u00e9sultats de plusieurs de ses recherches ainsi que divers articles dans des revues horticoles. Toutefois,\u00a0par humilit\u00e9 et par respect pour ses collaborateurs, un\u2026","rel":"","context":"Article similaire","block_context":{"text":"Article similaire","link":""},"img":{"alt_text":"File0032a","src":"https:\/\/i0.wp.com\/lesgravereaux.marret.co\/wp-content\/uploads\/2015\/10\/File0032a.jpg?resize=350%2C200","width":350,"height":200},"classes":[]},{"id":3720,"url":"https:\/\/lesgravereaux.marret.co\/index.php\/jules-gravereaux\/jules-gravereaux-honneurs-et-medailles\/","url_meta":{"origin":1911,"position":1},"title":"Jules Gravereaux &#8211; Honneurs et m\u00e9dailles","author":"marretgravereaux","date":"19 juin 2016","format":false,"excerpt":"Jules Gravereaux a acquis la propri\u00e9t\u00e9 de L\u2019Ha\u00ff en 1892 et il commen\u00e7a \u00e0 y installer une collection de roses vers 1894. Mais ce n\u2019est qu\u2019en 1899 qu\u2019\u00c9douard Andr\u00e9, architecte-paysager reconnu cr\u00e9a la premi\u00e8re roseraie. Celle-ci acquit tr\u00e8s rapidement une notori\u00e9t\u00e9 internationale, la publication de l\u2019inventaire des collections et l\u2019article\u2026","rel":"","context":"Article similaire","block_context":{"text":"Article similaire","link":""},"img":{"alt_text":"Jules Gravereaux - OG053c","src":"https:\/\/i0.wp.com\/lesgravereaux.marret.co\/wp-content\/uploads\/2015\/10\/Jules-Gravereaux-OG053c-e1466353135600-649x1024.jpg?resize=350%2C200","width":350,"height":200},"classes":[]},{"id":801,"url":"https:\/\/lesgravereaux.marret.co\/index.php\/jules-gravereaux\/des-evenements-de-sa-vie\/","url_meta":{"origin":1911,"position":2},"title":"Des \u00e9v\u00e8nements de sa vie","author":"marretgravereaux","date":"10 mars 2016","format":false,"excerpt":"\u00a0 1er mai 1844\u00a0: Na\u00eet \u00e0 Vitry-sur-Seine. 16 mars 1856\u00a0: Commence son premier emploi, chez Mr Caillaut rue du Bac. 5 septembre 1864\u00a0: Entre au Bon March\u00e9. 20 f\u00e9vrier 1866\u00a0: Quitte volontairement le Bon March\u00e9 pour entrer au Louvre. 1870\u00a0: Fait son service militaire dans la Garde Nationale de la\u2026","rel":"","context":"Article similaire","block_context":{"text":"Article similaire","link":""},"img":{"alt_text":"Roses de Malmaison - p03_wp","src":"https:\/\/i0.wp.com\/marret.co\/wp-content\/uploads\/2016\/03\/Roses-de-Malmaison-p03_wp.jpg?resize=350%2C200","width":350,"height":200},"classes":[]},{"id":2467,"url":"https:\/\/lesgravereaux.marret.co\/index.php\/jules-gravereaux\/1294-2\/lexposition-retrospective-1910\/","url_meta":{"origin":1911,"position":3},"title":"L&rsquo;Exposition r\u00e9trospective (1910)","author":"marretgravereaux","date":"11 mai 2016","format":false,"excerpt":"\u00c9tiquette provenant de l'ancien Mus\u00e9e de la Rose, dans la Roseraie de L'Ha\u00ff \u00a0 \u00a0 L'Avenir de Saint-Germain, 22 mai 1910 La vie de Paris ~~~~~ Le Royaume des Roses ~~~~~~~ \u00ab\u00a0Il est certainement enviable d'\u00eatre le roi du p\u00e9trole, ou le roi de l'acier, ou de tel autre formidable\u2026","rel":"","context":"Article similaire","block_context":{"text":"Article similaire","link":""},"img":{"alt_text":"1910-05-22 L'Avenir de Saint-Germain_wp","src":"https:\/\/i0.wp.com\/lesgravereaux.marret.co\/wp-content\/uploads\/2016\/05\/1910-05-22-LAvenir-de-Saint-Germain_wp.jpg?resize=350%2C200","width":350,"height":200},"classes":[]},{"id":706,"url":"https:\/\/lesgravereaux.marret.co\/index.php\/jules-gravereaux\/des-evenements-de-sa-vie\/biographie-de-jules-gravereaux-par-david-bois\/","url_meta":{"origin":1911,"position":4},"title":"Biographie de Jules Gravereaux (par D\u00e9sir\u00e9 Bois)","author":"marretgravereaux","date":"8 mars 2016","format":false,"excerpt":"Extrait du Journal de la Soci\u00e9t\u00e9 d\u2019horticulture de France (Cahier de juillet 1916) NOTICE BIOGRAPHIQUE SUR M. JULES GRAVEREAUX par M. D. Bois M. Jules Gravereaux est d\u00e9c\u00e9d\u00e9 \u00e0 Paris le 25 mars dernier, dans sa soixante-douzi\u00e8me ann\u00e9e. Il \u00e9tait officier de la L\u00e9gion d'honneur et commandeur du M\u00e9rite agricole.\u2026","rel":"","context":"Article similaire","block_context":{"text":"Article similaire","link":""},"img":{"alt_text":"1916-07 S.N.H.F - photo_wp","src":"https:\/\/i0.wp.com\/marret.co\/wp-content\/uploads\/2016\/03\/1916-07-S.N.H.F-photo_wp-854x1024.jpg?resize=350%2C200","width":350,"height":200},"classes":[]},{"id":1435,"url":"https:\/\/lesgravereaux.marret.co\/index.php\/jules-gravereaux\/portraits-de-jules-gravereaux\/le-buste-de-jules-gravereaux\/1435-2\/","url_meta":{"origin":1911,"position":5},"title":"L&rsquo;inauguration du buste de Jules Gravereaux","author":"marretgravereaux","date":"9 avril 2016","format":false,"excerpt":"Discours de Sophie Hasquenoph, Maire adjointe de L'Ha\u00ff, charg\u00e9e de la Culture,\u00a0 du devoir de m\u00e9moire et des Anciens Combattants Monsieur le sous-pr\u00e9fet, Mesdames, messieurs les membres de la famille Gravereaux, Mesdames, messieurs les \u00e9lus, Chers amis, C\u2019est vraiment avec un tr\u00e8s grand plaisir que je vous accueille ce matin,\u2026","rel":"","context":"Article similaire","block_context":{"text":"Article similaire","link":""},"img":{"alt_text":"2010-05 L'Ha\u00ff_287 - RLM1129_wp","src":"https:\/\/i0.wp.com\/lesgravereaux.marret.co\/wp-content\/uploads\/2016\/04\/2010-05-LHa%C3%BF_287-RLM1129_wp-768x1024.jpg?resize=350%2C200","width":350,"height":200},"classes":[]}],"_links":{"self":[{"href":"https:\/\/lesgravereaux.marret.co\/index.php\/wp-json\/wp\/v2\/pages\/1911","targetHints":{"allow":["GET"]}}],"collection":[{"href":"https:\/\/lesgravereaux.marret.co\/index.php\/wp-json\/wp\/v2\/pages"}],"about":[{"href":"https:\/\/lesgravereaux.marret.co\/index.php\/wp-json\/wp\/v2\/types\/page"}],"author":[{"embeddable":true,"href":"https:\/\/lesgravereaux.marret.co\/index.php\/wp-json\/wp\/v2\/users\/1"}],"replies":[{"embeddable":true,"href":"https:\/\/lesgravereaux.marret.co\/index.php\/wp-json\/wp\/v2\/comments?post=1911"}],"version-history":[{"count":0,"href":"https:\/\/lesgravereaux.marret.co\/index.php\/wp-json\/wp\/v2\/pages\/1911\/revisions"}],"up":[{"embeddable":true,"href":"https:\/\/lesgravereaux.marret.co\/index.php\/wp-json\/wp\/v2\/pages\/1798"}],"wp:attachment":[{"href":"https:\/\/lesgravereaux.marret.co\/index.php\/wp-json\/wp\/v2\/media?parent=1911"}],"curies":[{"name":"wp","href":"https:\/\/api.w.org\/{rel}","templated":true}]}}