{"id":1895,"date":"2016-04-24T16:37:18","date_gmt":"2016-04-24T15:37:18","guid":{"rendered":"http:\/\/lesgravereaux.marret.co\/?page_id=1895"},"modified":"2016-06-12T15:13:47","modified_gmt":"2016-06-12T14:13:47","slug":"1906-la-rose-dans-les-sciences","status":"publish","type":"page","link":"https:\/\/lesgravereaux.marret.co\/index.php\/jules-gravereaux\/jules-gravereaux-ses-ecrits\/1906-la-rose-dans-les-sciences\/","title":{"rendered":"1906 &#8211; La Rose dans les sciences&#8230;"},"content":{"rendered":"<h3><strong><em>La Rose dans les sciences, dans les lettres et dans les arts, <\/em>documents pour servir \u00e0 l&rsquo;histoire de la rose, r\u00e9unis au 1er mai 1906 [Texte imprim\u00e9]. Paris\u00a0: impr. de Lahure, 1906. In-8 \u00b0, 144 p., fig.<\/strong><\/h3>\n<p style=\"text-align: center;\">~~~~~~~<\/p>\n<p><a href=\"https:\/\/i0.wp.com\/lesgravereaux.marret.co\/wp-content\/uploads\/2016\/03\/1906-RdlH-La-Rose-dans-les-Sciences-c0_wp.jpg?ssl=1\"><img data-recalc-dims=\"1\" loading=\"lazy\" decoding=\"async\" data-attachment-id=\"1059\" data-permalink=\"https:\/\/lesgravereaux.marret.co\/index.php\/la-roseraie-de-lhay\/le-musee-de-la-rose\/1906-rdlh-la-rose-dans-les-sciences-c0_wp\/\" data-orig-file=\"https:\/\/i0.wp.com\/lesgravereaux.marret.co\/wp-content\/uploads\/2016\/03\/1906-RdlH-La-Rose-dans-les-Sciences-c0_wp.jpg?fit=993%2C1575&amp;ssl=1\" data-orig-size=\"993,1575\" data-comments-opened=\"1\" data-image-meta=\"{&quot;aperture&quot;:&quot;0&quot;,&quot;credit&quot;:&quot;&quot;,&quot;camera&quot;:&quot;&quot;,&quot;caption&quot;:&quot;&quot;,&quot;created_timestamp&quot;:&quot;0&quot;,&quot;copyright&quot;:&quot;&quot;,&quot;focal_length&quot;:&quot;0&quot;,&quot;iso&quot;:&quot;0&quot;,&quot;shutter_speed&quot;:&quot;0&quot;,&quot;title&quot;:&quot;&quot;,&quot;orientation&quot;:&quot;1&quot;}\" data-image-title=\"1906 RdlH &amp;#8211;  La Rose dans les Sciences c0_wp\" data-image-description=\"\" data-image-caption=\"\" data-medium-file=\"https:\/\/i0.wp.com\/lesgravereaux.marret.co\/wp-content\/uploads\/2016\/03\/1906-RdlH-La-Rose-dans-les-Sciences-c0_wp.jpg?fit=189%2C300&amp;ssl=1\" data-large-file=\"https:\/\/i0.wp.com\/lesgravereaux.marret.co\/wp-content\/uploads\/2016\/03\/1906-RdlH-La-Rose-dans-les-Sciences-c0_wp.jpg?fit=640%2C1014&amp;ssl=1\" class=\"wp-image-1059 alignleft\" src=\"https:\/\/i0.wp.com\/lesgravereaux.marret.co\/wp-content\/uploads\/2016\/03\/1906-RdlH-La-Rose-dans-les-Sciences-c0_wp.jpg?resize=300%2C476&#038;ssl=1\" alt=\"1906 RdlH - La Rose dans les Sciences c0_wp\" width=\"300\" height=\"476\" data-wp-pid=\"1059\" srcset=\"https:\/\/i0.wp.com\/lesgravereaux.marret.co\/wp-content\/uploads\/2016\/03\/1906-RdlH-La-Rose-dans-les-Sciences-c0_wp.jpg?resize=646%2C1024&amp;ssl=1 646w, https:\/\/i0.wp.com\/lesgravereaux.marret.co\/wp-content\/uploads\/2016\/03\/1906-RdlH-La-Rose-dans-les-Sciences-c0_wp.jpg?resize=189%2C300&amp;ssl=1 189w, https:\/\/i0.wp.com\/lesgravereaux.marret.co\/wp-content\/uploads\/2016\/03\/1906-RdlH-La-Rose-dans-les-Sciences-c0_wp.jpg?resize=768%2C1218&amp;ssl=1 768w, https:\/\/i0.wp.com\/lesgravereaux.marret.co\/wp-content\/uploads\/2016\/03\/1906-RdlH-La-Rose-dans-les-Sciences-c0_wp.jpg?resize=757%2C1200&amp;ssl=1 757w, https:\/\/i0.wp.com\/lesgravereaux.marret.co\/wp-content\/uploads\/2016\/03\/1906-RdlH-La-Rose-dans-les-Sciences-c0_wp.jpg?resize=378%2C600&amp;ssl=1 378w, https:\/\/i0.wp.com\/lesgravereaux.marret.co\/wp-content\/uploads\/2016\/03\/1906-RdlH-La-Rose-dans-les-Sciences-c0_wp.jpg?w=993&amp;ssl=1 993w\" sizes=\"auto, (max-width: 300px) 100vw, 300px\" \/><\/a><\/p>\n<p>&nbsp;<\/p>\n<p>Collectionneur dans l\u2019\u00e2me, Jules Gravereaux a voulu rassembler des objets et des documents relatifs \u00e0 la rose dans un Mus\u00e9e. Il en a fait aussi le recensement dans un ouvrage publi\u00e9 en 1906 qu\u2019il a distribu\u00e9 lors de la f\u00eate des Rosati, le 17 juin 1906.<\/p>\n<p>Ce livre est \u00e9galement \u00e0 la base de l\u2019inventaire du Fonds de la Rose \u2013 la collection du Mus\u00e9e \u2013 effectu\u00e9, en 1993, aux Archives du d\u00e9partement du Val-de-Marne.<\/p>\n<p style=\"text-align: center;\">~~~~~~~<\/p>\n<p>&nbsp;<\/p>\n<p>&nbsp;<\/p>\n<p>&nbsp;<\/p>\n<p><a href=\"https:\/\/i0.wp.com\/lesgravereaux.marret.co\/wp-content\/uploads\/2016\/04\/1906-RdlH-La-Rose-dans-les-Sciences-p05_wp.jpg?ssl=1\"><img data-recalc-dims=\"1\" loading=\"lazy\" decoding=\"async\" data-attachment-id=\"1892\" data-permalink=\"https:\/\/lesgravereaux.marret.co\/index.php\/jules-gravereaux\/jules-gravereaux-ses-ecrits\/1906-la-rose-dans-les-sciences\/1906-rdlh-la-rose-dans-les-sciences-p05_wp\/\" data-orig-file=\"https:\/\/i0.wp.com\/lesgravereaux.marret.co\/wp-content\/uploads\/2016\/04\/1906-RdlH-La-Rose-dans-les-Sciences-p05_wp.jpg?fit=745%2C1181&amp;ssl=1\" data-orig-size=\"745,1181\" data-comments-opened=\"1\" data-image-meta=\"{&quot;aperture&quot;:&quot;0&quot;,&quot;credit&quot;:&quot;&quot;,&quot;camera&quot;:&quot;&quot;,&quot;caption&quot;:&quot;&quot;,&quot;created_timestamp&quot;:&quot;0&quot;,&quot;copyright&quot;:&quot;&quot;,&quot;focal_length&quot;:&quot;0&quot;,&quot;iso&quot;:&quot;0&quot;,&quot;shutter_speed&quot;:&quot;0&quot;,&quot;title&quot;:&quot;&quot;,&quot;orientation&quot;:&quot;1&quot;}\" data-image-title=\"1906 RdlH &amp;#8211;  La Rose dans les Sciences p05_wp\" data-image-description=\"\" data-image-caption=\"\" data-medium-file=\"https:\/\/i0.wp.com\/lesgravereaux.marret.co\/wp-content\/uploads\/2016\/04\/1906-RdlH-La-Rose-dans-les-Sciences-p05_wp.jpg?fit=189%2C300&amp;ssl=1\" data-large-file=\"https:\/\/i0.wp.com\/lesgravereaux.marret.co\/wp-content\/uploads\/2016\/04\/1906-RdlH-La-Rose-dans-les-Sciences-p05_wp.jpg?fit=640%2C1014&amp;ssl=1\" class=\"wp-image-1892 alignright\" src=\"https:\/\/i0.wp.com\/lesgravereaux.marret.co\/wp-content\/uploads\/2016\/04\/1906-RdlH-La-Rose-dans-les-Sciences-p05_wp.jpg?resize=300%2C476&#038;ssl=1\" alt=\"1906 RdlH - La Rose dans les Sciences p05_wp\" width=\"300\" height=\"476\" data-wp-pid=\"1892\" srcset=\"https:\/\/i0.wp.com\/lesgravereaux.marret.co\/wp-content\/uploads\/2016\/04\/1906-RdlH-La-Rose-dans-les-Sciences-p05_wp.jpg?resize=646%2C1024&amp;ssl=1 646w, https:\/\/i0.wp.com\/lesgravereaux.marret.co\/wp-content\/uploads\/2016\/04\/1906-RdlH-La-Rose-dans-les-Sciences-p05_wp.jpg?resize=189%2C300&amp;ssl=1 189w, https:\/\/i0.wp.com\/lesgravereaux.marret.co\/wp-content\/uploads\/2016\/04\/1906-RdlH-La-Rose-dans-les-Sciences-p05_wp.jpg?resize=378%2C600&amp;ssl=1 378w, https:\/\/i0.wp.com\/lesgravereaux.marret.co\/wp-content\/uploads\/2016\/04\/1906-RdlH-La-Rose-dans-les-Sciences-p05_wp.jpg?w=745&amp;ssl=1 745w\" sizes=\"auto, (max-width: 300px) 100vw, 300px\" \/><\/a><\/p>\n<p style=\"text-align: center;\"><strong>Avant-propos<\/strong><\/p>\n<p>Apr\u00e8s avoir rassembl\u00e9, \u00e0 la Roseraie de L\u2019Ha\u00ff, tous les rosiers connus\u00a0: apr\u00e8s les avoir \u00e9tudi\u00e9s, puis class\u00e9s par sections, esp\u00e8ces, races et groupes\u00a0: apr\u00e8s avoir \u00e9tabli pour chacun d&rsquo;eux une fiche descriptive, nous nous sommes trouv\u00e9 de plus eu plus pris de passion pour la Reine des Fleurs. C&rsquo;est alors que, sortant du domaine de la botanique, nous avons, dans un tout autre ordre d&rsquo;id\u00e9es, con\u00e7u le projet de rechercher la Rose partout o\u00f9 elle se manifeste\u00a0: chez les Savants qui l&rsquo;ont servie, chez les Historiens et les Conteurs qui ont parl\u00e9 d\u2019elle, chez les Po\u00e8tes, qui l&rsquo;ont chant\u00e9e, chez les Artistes et les D\u00e9corateurs qui l&rsquo;ont interpr\u00e9t\u00e9e. Notre but est de nous pr\u00e9parer des mat\u00e9riaux pour \u00e9crire son Histoire aussi compl\u00e8te que possible, et sur un plan un peu diff\u00e9rent de ceux qui ont \u00e9t\u00e9 suivis jusqu&rsquo;\u00e0 ce jour.<\/p>\n<p>Les documents dont nous donnons aujourd&rsquo;hui la liste ont \u00e9t\u00e9 r\u00e9unis au cours d\u2019une premi\u00e8re p\u00e9riode de recherches. Ce classement provisoire, sans aucune pr\u00e9tention bibliographique ou autre, est fait de fa\u00e7on \u00e0 recevoir tous les renseignements que nous nous procurons chaque jour. Sa publication n&rsquo;a pour but que d&rsquo;appeler l&rsquo;attention des personnes qui voudraient bien nous aider dans notre t\u00e2che, en nous signalant tout ce qu&rsquo;elles peuvent conna\u00eetre avant trait \u00e0 la Rose. Nous proc\u00e9dons aujourd&rsquo;hui comme lorsqu&rsquo;il s&rsquo;est agi de rassembler toutes les sortes de Roses. \u00c0 cette \u00e9poque, tous les botanistes, horticulteurs et amateurs du Monde entier ont bien voulu r\u00e9pondre \u00e0 notre appel. Nous esp\u00e9rons \u00eatre aussi heureux an point de vue artistique et litt\u00e9raire que nous l&rsquo;avons \u00e9t\u00e9 au point de vue botanique et horticole.<\/p>\n<p style=\"text-align: right;\"><em>Jules Gravereaux.<\/em><\/p>\n<p><a href=\"https:\/\/i0.wp.com\/lesgravereaux.marret.co\/wp-content\/uploads\/2016\/04\/1906-RdlH-La-Rose-dans-les-Sciences-p18_wp.jpg?ssl=1\"><img data-recalc-dims=\"1\" loading=\"lazy\" decoding=\"async\" data-attachment-id=\"1893\" data-permalink=\"https:\/\/lesgravereaux.marret.co\/index.php\/jules-gravereaux\/jules-gravereaux-ses-ecrits\/1906-la-rose-dans-les-sciences\/1906-rdlh-la-rose-dans-les-sciences-p18_wp\/\" data-orig-file=\"https:\/\/i0.wp.com\/lesgravereaux.marret.co\/wp-content\/uploads\/2016\/04\/1906-RdlH-La-Rose-dans-les-Sciences-p18_wp.jpg?fit=750%2C1181&amp;ssl=1\" data-orig-size=\"750,1181\" data-comments-opened=\"1\" data-image-meta=\"{&quot;aperture&quot;:&quot;0&quot;,&quot;credit&quot;:&quot;&quot;,&quot;camera&quot;:&quot;&quot;,&quot;caption&quot;:&quot;&quot;,&quot;created_timestamp&quot;:&quot;0&quot;,&quot;copyright&quot;:&quot;&quot;,&quot;focal_length&quot;:&quot;0&quot;,&quot;iso&quot;:&quot;0&quot;,&quot;shutter_speed&quot;:&quot;0&quot;,&quot;title&quot;:&quot;&quot;,&quot;orientation&quot;:&quot;1&quot;}\" data-image-title=\"1906 RdlH &amp;#8211;  La Rose dans les Sciences p18_wp\" data-image-description=\"\" data-image-caption=\"\" data-medium-file=\"https:\/\/i0.wp.com\/lesgravereaux.marret.co\/wp-content\/uploads\/2016\/04\/1906-RdlH-La-Rose-dans-les-Sciences-p18_wp.jpg?fit=191%2C300&amp;ssl=1\" data-large-file=\"https:\/\/i0.wp.com\/lesgravereaux.marret.co\/wp-content\/uploads\/2016\/04\/1906-RdlH-La-Rose-dans-les-Sciences-p18_wp.jpg?fit=640%2C1008&amp;ssl=1\" class=\"alignnone wp-image-1893\" src=\"https:\/\/i0.wp.com\/lesgravereaux.marret.co\/wp-content\/uploads\/2016\/04\/1906-RdlH-La-Rose-dans-les-Sciences-p18_wp.jpg?resize=300%2C473&#038;ssl=1\" alt=\"1906 RdlH - La Rose dans les Sciences p18_wp\" width=\"300\" height=\"473\" data-wp-pid=\"1893\" srcset=\"https:\/\/i0.wp.com\/lesgravereaux.marret.co\/wp-content\/uploads\/2016\/04\/1906-RdlH-La-Rose-dans-les-Sciences-p18_wp.jpg?resize=650%2C1024&amp;ssl=1 650w, https:\/\/i0.wp.com\/lesgravereaux.marret.co\/wp-content\/uploads\/2016\/04\/1906-RdlH-La-Rose-dans-les-Sciences-p18_wp.jpg?resize=191%2C300&amp;ssl=1 191w, https:\/\/i0.wp.com\/lesgravereaux.marret.co\/wp-content\/uploads\/2016\/04\/1906-RdlH-La-Rose-dans-les-Sciences-p18_wp.jpg?resize=381%2C600&amp;ssl=1 381w, https:\/\/i0.wp.com\/lesgravereaux.marret.co\/wp-content\/uploads\/2016\/04\/1906-RdlH-La-Rose-dans-les-Sciences-p18_wp.jpg?w=750&amp;ssl=1 750w\" sizes=\"auto, (max-width: 300px) 100vw, 300px\" \/><\/a><\/p>\n<p><a href=\"https:\/\/i0.wp.com\/lesgravereaux.marret.co\/wp-content\/uploads\/2016\/04\/1906-RdlH-La-Rose-dans-les-Sciences-p57_wp.jpg?ssl=1\"><img data-recalc-dims=\"1\" loading=\"lazy\" decoding=\"async\" data-attachment-id=\"1894\" data-permalink=\"https:\/\/lesgravereaux.marret.co\/index.php\/jules-gravereaux\/jules-gravereaux-ses-ecrits\/1906-la-rose-dans-les-sciences\/1906-rdlh-la-rose-dans-les-sciences-p57_wp\/\" data-orig-file=\"https:\/\/i0.wp.com\/lesgravereaux.marret.co\/wp-content\/uploads\/2016\/04\/1906-RdlH-La-Rose-dans-les-Sciences-p57_wp.jpg?fit=827%2C582&amp;ssl=1\" data-orig-size=\"827,582\" data-comments-opened=\"1\" data-image-meta=\"{&quot;aperture&quot;:&quot;0&quot;,&quot;credit&quot;:&quot;&quot;,&quot;camera&quot;:&quot;&quot;,&quot;caption&quot;:&quot;&quot;,&quot;created_timestamp&quot;:&quot;0&quot;,&quot;copyright&quot;:&quot;&quot;,&quot;focal_length&quot;:&quot;0&quot;,&quot;iso&quot;:&quot;0&quot;,&quot;shutter_speed&quot;:&quot;0&quot;,&quot;title&quot;:&quot;&quot;,&quot;orientation&quot;:&quot;1&quot;}\" data-image-title=\"1906 RdlH &amp;#8211;  La Rose dans les Sciences p57_wp\" data-image-description=\"\" data-image-caption=\"\" data-medium-file=\"https:\/\/i0.wp.com\/lesgravereaux.marret.co\/wp-content\/uploads\/2016\/04\/1906-RdlH-La-Rose-dans-les-Sciences-p57_wp.jpg?fit=300%2C211&amp;ssl=1\" data-large-file=\"https:\/\/i0.wp.com\/lesgravereaux.marret.co\/wp-content\/uploads\/2016\/04\/1906-RdlH-La-Rose-dans-les-Sciences-p57_wp.jpg?fit=640%2C450&amp;ssl=1\" class=\"wp-image-1894 alignright\" src=\"https:\/\/i0.wp.com\/lesgravereaux.marret.co\/wp-content\/uploads\/2016\/04\/1906-RdlH-La-Rose-dans-les-Sciences-p57_wp.jpg?resize=476%2C335&#038;ssl=1\" alt=\"1906 RdlH - La Rose dans les Sciences p57_wp\" width=\"476\" height=\"335\" data-wp-pid=\"1894\" srcset=\"https:\/\/i0.wp.com\/lesgravereaux.marret.co\/wp-content\/uploads\/2016\/04\/1906-RdlH-La-Rose-dans-les-Sciences-p57_wp.jpg?w=827&amp;ssl=1 827w, https:\/\/i0.wp.com\/lesgravereaux.marret.co\/wp-content\/uploads\/2016\/04\/1906-RdlH-La-Rose-dans-les-Sciences-p57_wp.jpg?resize=300%2C211&amp;ssl=1 300w, https:\/\/i0.wp.com\/lesgravereaux.marret.co\/wp-content\/uploads\/2016\/04\/1906-RdlH-La-Rose-dans-les-Sciences-p57_wp.jpg?resize=768%2C540&amp;ssl=1 768w, https:\/\/i0.wp.com\/lesgravereaux.marret.co\/wp-content\/uploads\/2016\/04\/1906-RdlH-La-Rose-dans-les-Sciences-p57_wp.jpg?resize=800%2C563&amp;ssl=1 800w, https:\/\/i0.wp.com\/lesgravereaux.marret.co\/wp-content\/uploads\/2016\/04\/1906-RdlH-La-Rose-dans-les-Sciences-p57_wp.jpg?resize=600%2C422&amp;ssl=1 600w\" sizes=\"auto, (max-width: 476px) 100vw, 476px\" \/><\/a><\/p>\n<p>&nbsp;<\/p>\n","protected":false},"excerpt":{"rendered":"<p>La Rose dans les sciences, dans les lettres et dans les arts, documents pour servir \u00e0 l&rsquo;histoire de la rose, r\u00e9unis au 1er mai 1906 [Texte imprim\u00e9]. Paris\u00a0: impr. de Lahure, 1906. In-8 \u00b0, 144 p., fig. ~~~~~~~ &nbsp; Collectionneur &hellip; <a href=\"https:\/\/lesgravereaux.marret.co\/index.php\/jules-gravereaux\/jules-gravereaux-ses-ecrits\/1906-la-rose-dans-les-sciences\/\">Continuer la lecture <span class=\"meta-nav\">&rarr;<\/span><\/a><\/p>\n","protected":false},"author":1,"featured_media":0,"parent":1798,"menu_order":0,"comment_status":"closed","ping_status":"closed","template":"","meta":{"ngg_post_thumbnail":0,"jetpack_post_was_ever_published":false,"footnotes":""},"class_list":["post-1895","page","type-page","status-publish","hentry"],"jetpack_sharing_enabled":true,"jetpack_shortlink":"https:\/\/wp.me\/P7ERyi-uz","jetpack-related-posts":[{"id":1057,"url":"https:\/\/lesgravereaux.marret.co\/index.php\/la-roseraie-de-lhay\/le-musee-de-la-rose\/","url_meta":{"origin":1895,"position":0},"title":"Le Mus\u00e9e de la Rose","author":"marretgravereaux","date":"14 mars 2016","format":false,"excerpt":"Au fil des ans, Jules Gravereaux avait regroup\u00e9 dans sa roseraie de L\u2019Ha\u00ff toutes les esp\u00e8ces de roses existant alors. Il avait \u00e9galement rassembl\u00e9 de nombreux livres, p\u00e9riodiques et documents dont plusieurs lui ont servi pour ses diverses recherches. Il con\u00e7ut alors\u00a0le projet d\u2019un Mus\u00e9e de la Rose pour conserver\u2026","rel":"","context":"Article similaire","block_context":{"text":"Article similaire","link":""},"img":{"alt_text":"File0032a","src":"https:\/\/i0.wp.com\/marret.co\/wp-content\/uploads\/2015\/10\/File0032a.jpg?resize=350%2C200","width":350,"height":200},"classes":[]},{"id":1595,"url":"https:\/\/lesgravereaux.marret.co\/index.php\/571-2\/17-juin-1906-la-fete-des-rosati\/","url_meta":{"origin":1895,"position":1},"title":"17 juin 1906 &#8211; La f\u00eate des Rosati","author":"marretgravereaux","date":"20 avril 2016","format":false,"excerpt":"En 1905, Jules Gravereaux rencontre les Rosati et se lie d\u2019amiti\u00e9 avec eux. Comme ceux-ci ne disposent pas de lieu de repr\u00e9sentation, il d\u00e9cide de faire construire un th\u00e9\u00e2tre de verdure dans la roseraie et de l\u2019inaugurer lors de leur f\u00eate annuelle. Le 17 juin 1906, les Rosati se retrouvent\u2026","rel":"","context":"Article similaire","block_context":{"text":"Article similaire","link":""},"img":{"alt_text":"Java Printing","src":"https:\/\/i0.wp.com\/lesgravereaux.marret.co\/wp-content\/uploads\/2016\/04\/1906-06-16-Le-Petit-Parisien_wp.jpg?resize=350%2C200","width":350,"height":200},"classes":[]},{"id":606,"url":"https:\/\/lesgravereaux.marret.co\/index.php\/la-famille-gravereaux\/la-ronde-des-enfants\/","url_meta":{"origin":1895,"position":2},"title":"La ronde des enfants","author":"marretgravereaux","date":"7 mars 2016","format":false,"excerpt":"\u00c9poux de Blanche Gravereaux, Carlos Alvarez del Campo avait plusieurs talents, dont le dessin\u2026 Le 18 f\u00e9vrier 1912 (selon l\u2019indication port\u00e9e \u00e0 c\u00f4t\u00e9 de la signature \u00ab\u00a0Solray\u00a0\u00bb), il aurait dessin\u00e9 La ronde des enfants, d\u00e9diant celle-ci \u00e0 plusieurs de ses neveux et ses ni\u00e8ces. Quatre versions de cette ronde sont\u2026","rel":"","context":"Article similaire","block_context":{"text":"Article similaire","link":""},"img":{"alt_text":"GV044-2 - la ronde 1912b_wp","src":"https:\/\/i0.wp.com\/marret.co\/wp-content\/uploads\/2016\/03\/GV044-2-la-ronde-1912b_wp-1024x806.jpg?resize=350%2C200","width":350,"height":200,"srcset":"https:\/\/i0.wp.com\/marret.co\/wp-content\/uploads\/2016\/03\/GV044-2-la-ronde-1912b_wp-1024x806.jpg?resize=350%2C200 1x, https:\/\/i0.wp.com\/marret.co\/wp-content\/uploads\/2016\/03\/GV044-2-la-ronde-1912b_wp-1024x806.jpg?resize=525%2C300 1.5x"},"classes":[]},{"id":1798,"url":"https:\/\/lesgravereaux.marret.co\/index.php\/jules-gravereaux\/jules-gravereaux-ses-ecrits\/","url_meta":{"origin":1895,"position":3},"title":"Jules Gravereaux &#8211; Ses \u00e9crits","author":"marretgravereaux","date":"23 avril 2016","format":false,"excerpt":"Jules Gravereaux\u00a0s'est aussi fait conna\u00eetre dans le monde de la rose comme un auteur. De 1899 \u00e0 1914, il a publi\u00e9 trois inventaires de la roseraie, les r\u00e9sultats de plusieurs de ses recherches ainsi que divers articles dans des revues horticoles. Toutefois,\u00a0par humilit\u00e9 et par respect pour ses collaborateurs, un\u2026","rel":"","context":"Article similaire","block_context":{"text":"Article similaire","link":""},"img":{"alt_text":"File0032a","src":"https:\/\/i0.wp.com\/lesgravereaux.marret.co\/wp-content\/uploads\/2015\/10\/File0032a.jpg?resize=350%2C200","width":350,"height":200},"classes":[]},{"id":801,"url":"https:\/\/lesgravereaux.marret.co\/index.php\/jules-gravereaux\/des-evenements-de-sa-vie\/","url_meta":{"origin":1895,"position":4},"title":"Des \u00e9v\u00e8nements de sa vie","author":"marretgravereaux","date":"10 mars 2016","format":false,"excerpt":"\u00a0 1er mai 1844\u00a0: Na\u00eet \u00e0 Vitry-sur-Seine. 16 mars 1856\u00a0: Commence son premier emploi, chez Mr Caillaut rue du Bac. 5 septembre 1864\u00a0: Entre au Bon March\u00e9. 20 f\u00e9vrier 1866\u00a0: Quitte volontairement le Bon March\u00e9 pour entrer au Louvre. 1870\u00a0: Fait son service militaire dans la Garde Nationale de la\u2026","rel":"","context":"Article similaire","block_context":{"text":"Article similaire","link":""},"img":{"alt_text":"Roses de Malmaison - p03_wp","src":"https:\/\/i0.wp.com\/marret.co\/wp-content\/uploads\/2016\/03\/Roses-de-Malmaison-p03_wp.jpg?resize=350%2C200","width":350,"height":200},"classes":[]},{"id":1972,"url":"https:\/\/lesgravereaux.marret.co\/index.php\/jules-gravereaux\/jules-gravereaux-ses-ecrits\/1906-les-roses-a-parfum\/","url_meta":{"origin":1895,"position":5},"title":"1906 &#8211; Les roses \u00e0 parfum et l&rsquo;essence de rose","author":"marretgravereaux","date":"25 avril 2016","format":false,"excerpt":"Les Roses \u00e0 parfum et la fabrication de l'essence \u00e0 la roseraie de L'Hay de 1901 \u00e0 1905 Extrait du Bulletin de l'Office de renseignements agricoles, 1906, n\u00b0 3.- Paris\u00a0: Impr. nationale, 1906. 7 p., reli\u00e9; 24\u00a0cm. ~~~~~~~ \u00c0 la suite du rapport sur la culture des roses dans la\u2026","rel":"","context":"Article similaire","block_context":{"text":"Article similaire","link":""},"img":{"alt_text":"1906 Les roses \u00e0 parfum (2011-04_008a)_wp","src":"https:\/\/i0.wp.com\/lesgravereaux.marret.co\/wp-content\/uploads\/2016\/04\/1906-Les-roses-%C3%A0-parfum-2011-04_008a_wp-702x1024.jpg?resize=350%2C200","width":350,"height":200},"classes":[]}],"_links":{"self":[{"href":"https:\/\/lesgravereaux.marret.co\/index.php\/wp-json\/wp\/v2\/pages\/1895","targetHints":{"allow":["GET"]}}],"collection":[{"href":"https:\/\/lesgravereaux.marret.co\/index.php\/wp-json\/wp\/v2\/pages"}],"about":[{"href":"https:\/\/lesgravereaux.marret.co\/index.php\/wp-json\/wp\/v2\/types\/page"}],"author":[{"embeddable":true,"href":"https:\/\/lesgravereaux.marret.co\/index.php\/wp-json\/wp\/v2\/users\/1"}],"replies":[{"embeddable":true,"href":"https:\/\/lesgravereaux.marret.co\/index.php\/wp-json\/wp\/v2\/comments?post=1895"}],"version-history":[{"count":0,"href":"https:\/\/lesgravereaux.marret.co\/index.php\/wp-json\/wp\/v2\/pages\/1895\/revisions"}],"up":[{"embeddable":true,"href":"https:\/\/lesgravereaux.marret.co\/index.php\/wp-json\/wp\/v2\/pages\/1798"}],"wp:attachment":[{"href":"https:\/\/lesgravereaux.marret.co\/index.php\/wp-json\/wp\/v2\/media?parent=1895"}],"curies":[{"name":"wp","href":"https:\/\/api.w.org\/{rel}","templated":true}]}}