{"id":1809,"date":"2016-04-23T19:07:28","date_gmt":"2016-04-23T18:07:28","guid":{"rendered":"http:\/\/lesgravereaux.marret.co\/?page_id=1809"},"modified":"2016-06-12T15:11:11","modified_gmt":"2016-06-12T14:11:11","slug":"1899-collection-botanique","status":"publish","type":"page","link":"https:\/\/lesgravereaux.marret.co\/index.php\/jules-gravereaux\/jules-gravereaux-ses-ecrits\/1899-collection-botanique\/","title":{"rendered":"1899 &#8211; Collection botanique"},"content":{"rendered":"<p><span style=\"font-size: 12pt;\"><strong>Roseraie de L\u2019Ha\u00ff. Collection botanique de la roseraie de L&rsquo;Hay au 15 d\u00e9cembre 1899. Classification de F. Cr\u00e9pin.-Paris [1899]. \u2014 19\u00a0p., reli\u00e9; 22\u00a0cm.<\/strong><\/span><\/p>\n<p style=\"text-align: center;\">~~~~~~~<\/p>\n<p><a href=\"https:\/\/i0.wp.com\/lesgravereaux.marret.co\/wp-content\/uploads\/2016\/04\/1899-Collection-47J_005_003a_wp.jpg?ssl=1\"><img data-recalc-dims=\"1\" loading=\"lazy\" decoding=\"async\" data-attachment-id=\"1806\" data-permalink=\"https:\/\/lesgravereaux.marret.co\/index.php\/jules-gravereaux\/jules-gravereaux-ses-ecrits\/1899-collection-botanique\/1899-collection-47j_005_003a_wp\/\" data-orig-file=\"https:\/\/i0.wp.com\/lesgravereaux.marret.co\/wp-content\/uploads\/2016\/04\/1899-Collection-47J_005_003a_wp.jpg?fit=683%2C827&amp;ssl=1\" data-orig-size=\"683,827\" data-comments-opened=\"1\" data-image-meta=\"{&quot;aperture&quot;:&quot;0&quot;,&quot;credit&quot;:&quot;&quot;,&quot;camera&quot;:&quot;&quot;,&quot;caption&quot;:&quot;&quot;,&quot;created_timestamp&quot;:&quot;0&quot;,&quot;copyright&quot;:&quot;&quot;,&quot;focal_length&quot;:&quot;0&quot;,&quot;iso&quot;:&quot;0&quot;,&quot;shutter_speed&quot;:&quot;0&quot;,&quot;title&quot;:&quot;&quot;,&quot;orientation&quot;:&quot;1&quot;}\" data-image-title=\"1899 Collection (47J_005_003a)_wp\" data-image-description=\"\" data-image-caption=\"\" data-medium-file=\"https:\/\/i0.wp.com\/lesgravereaux.marret.co\/wp-content\/uploads\/2016\/04\/1899-Collection-47J_005_003a_wp.jpg?fit=248%2C300&amp;ssl=1\" data-large-file=\"https:\/\/i0.wp.com\/lesgravereaux.marret.co\/wp-content\/uploads\/2016\/04\/1899-Collection-47J_005_003a_wp.jpg?fit=640%2C775&amp;ssl=1\" class=\"wp-image-1806 alignleft\" src=\"https:\/\/i0.wp.com\/lesgravereaux.marret.co\/wp-content\/uploads\/2016\/04\/1899-Collection-47J_005_003a_wp.jpg?resize=300%2C363&#038;ssl=1\" alt=\"1899 Collection (47J_005_003a)_wp\" width=\"300\" height=\"363\" data-wp-pid=\"1806\" srcset=\"https:\/\/i0.wp.com\/lesgravereaux.marret.co\/wp-content\/uploads\/2016\/04\/1899-Collection-47J_005_003a_wp.jpg?w=683&amp;ssl=1 683w, https:\/\/i0.wp.com\/lesgravereaux.marret.co\/wp-content\/uploads\/2016\/04\/1899-Collection-47J_005_003a_wp.jpg?resize=248%2C300&amp;ssl=1 248w, https:\/\/i0.wp.com\/lesgravereaux.marret.co\/wp-content\/uploads\/2016\/04\/1899-Collection-47J_005_003a_wp.jpg?resize=496%2C600&amp;ssl=1 496w\" sizes=\"auto, (max-width: 300px) 100vw, 300px\" \/><\/a><\/p>\n<p>&nbsp;<\/p>\n<p>Catalogue de la Roseraie \u00e0 l\u2019Exposition Universelle.<\/p>\n<p>Liste de 500 vari\u00e9t\u00e9s de premier choix.<\/p>\n<p>&nbsp;<\/p>\n<p>&nbsp;<\/p>\n<hr \/>\n<p><a href=\"https:\/\/i0.wp.com\/lesgravereaux.marret.co\/wp-content\/uploads\/2016\/04\/1899-Collection-47J_005_004_wp.jpg?ssl=1\"><img data-recalc-dims=\"1\" loading=\"lazy\" decoding=\"async\" data-attachment-id=\"1807\" data-permalink=\"https:\/\/lesgravereaux.marret.co\/index.php\/jules-gravereaux\/jules-gravereaux-ses-ecrits\/1899-collection-botanique\/1899-collection-47j_005_004_wp\/\" data-orig-file=\"https:\/\/i0.wp.com\/lesgravereaux.marret.co\/wp-content\/uploads\/2016\/04\/1899-Collection-47J_005_004_wp.jpg?fit=719%2C1181&amp;ssl=1\" data-orig-size=\"719,1181\" data-comments-opened=\"1\" data-image-meta=\"{&quot;aperture&quot;:&quot;0&quot;,&quot;credit&quot;:&quot;&quot;,&quot;camera&quot;:&quot;&quot;,&quot;caption&quot;:&quot;&quot;,&quot;created_timestamp&quot;:&quot;0&quot;,&quot;copyright&quot;:&quot;&quot;,&quot;focal_length&quot;:&quot;0&quot;,&quot;iso&quot;:&quot;0&quot;,&quot;shutter_speed&quot;:&quot;0&quot;,&quot;title&quot;:&quot;&quot;,&quot;orientation&quot;:&quot;1&quot;}\" data-image-title=\"1899 Collection (47J_005_004)_wp\" data-image-description=\"\" data-image-caption=\"\" data-medium-file=\"https:\/\/i0.wp.com\/lesgravereaux.marret.co\/wp-content\/uploads\/2016\/04\/1899-Collection-47J_005_004_wp.jpg?fit=183%2C300&amp;ssl=1\" data-large-file=\"https:\/\/i0.wp.com\/lesgravereaux.marret.co\/wp-content\/uploads\/2016\/04\/1899-Collection-47J_005_004_wp.jpg?fit=623%2C1024&amp;ssl=1\" class=\"alignnone wp-image-1807\" src=\"https:\/\/i0.wp.com\/lesgravereaux.marret.co\/wp-content\/uploads\/2016\/04\/1899-Collection-47J_005_004_wp.jpg?resize=310%2C509&#038;ssl=1\" alt=\"1899 Collection (47J_005_004)_wp\" width=\"310\" height=\"509\" data-wp-pid=\"1807\" srcset=\"https:\/\/i0.wp.com\/lesgravereaux.marret.co\/wp-content\/uploads\/2016\/04\/1899-Collection-47J_005_004_wp.jpg?resize=623%2C1024&amp;ssl=1 623w, https:\/\/i0.wp.com\/lesgravereaux.marret.co\/wp-content\/uploads\/2016\/04\/1899-Collection-47J_005_004_wp.jpg?resize=183%2C300&amp;ssl=1 183w, https:\/\/i0.wp.com\/lesgravereaux.marret.co\/wp-content\/uploads\/2016\/04\/1899-Collection-47J_005_004_wp.jpg?resize=365%2C600&amp;ssl=1 365w, https:\/\/i0.wp.com\/lesgravereaux.marret.co\/wp-content\/uploads\/2016\/04\/1899-Collection-47J_005_004_wp.jpg?w=719&amp;ssl=1 719w\" sizes=\"auto, (max-width: 310px) 100vw, 310px\" \/><\/a>\u00a0 \u00a0<a href=\"https:\/\/i0.wp.com\/lesgravereaux.marret.co\/wp-content\/uploads\/2016\/04\/1899-Collection-47J_005_020_wp.jpg?ssl=1\"><img data-recalc-dims=\"1\" loading=\"lazy\" decoding=\"async\" data-attachment-id=\"1808\" data-permalink=\"https:\/\/lesgravereaux.marret.co\/index.php\/jules-gravereaux\/jules-gravereaux-ses-ecrits\/1899-collection-botanique\/1899-collection-47j_005_020_wp\/\" data-orig-file=\"https:\/\/i0.wp.com\/lesgravereaux.marret.co\/wp-content\/uploads\/2016\/04\/1899-Collection-47J_005_020_wp.jpg?fit=720%2C1181&amp;ssl=1\" data-orig-size=\"720,1181\" data-comments-opened=\"1\" data-image-meta=\"{&quot;aperture&quot;:&quot;0&quot;,&quot;credit&quot;:&quot;&quot;,&quot;camera&quot;:&quot;&quot;,&quot;caption&quot;:&quot;&quot;,&quot;created_timestamp&quot;:&quot;0&quot;,&quot;copyright&quot;:&quot;&quot;,&quot;focal_length&quot;:&quot;0&quot;,&quot;iso&quot;:&quot;0&quot;,&quot;shutter_speed&quot;:&quot;0&quot;,&quot;title&quot;:&quot;&quot;,&quot;orientation&quot;:&quot;1&quot;}\" data-image-title=\"1899 Collection (47J_005_020)_wp\" data-image-description=\"\" data-image-caption=\"\" data-medium-file=\"https:\/\/i0.wp.com\/lesgravereaux.marret.co\/wp-content\/uploads\/2016\/04\/1899-Collection-47J_005_020_wp.jpg?fit=183%2C300&amp;ssl=1\" data-large-file=\"https:\/\/i0.wp.com\/lesgravereaux.marret.co\/wp-content\/uploads\/2016\/04\/1899-Collection-47J_005_020_wp.jpg?fit=624%2C1024&amp;ssl=1\" class=\"alignnone wp-image-1808\" src=\"https:\/\/i0.wp.com\/lesgravereaux.marret.co\/wp-content\/uploads\/2016\/04\/1899-Collection-47J_005_020_wp.jpg?resize=310%2C509&#038;ssl=1\" alt=\"1899 Collection (47J_005_020)_wp\" width=\"310\" height=\"509\" data-wp-pid=\"1808\" srcset=\"https:\/\/i0.wp.com\/lesgravereaux.marret.co\/wp-content\/uploads\/2016\/04\/1899-Collection-47J_005_020_wp.jpg?resize=624%2C1024&amp;ssl=1 624w, https:\/\/i0.wp.com\/lesgravereaux.marret.co\/wp-content\/uploads\/2016\/04\/1899-Collection-47J_005_020_wp.jpg?resize=183%2C300&amp;ssl=1 183w, https:\/\/i0.wp.com\/lesgravereaux.marret.co\/wp-content\/uploads\/2016\/04\/1899-Collection-47J_005_020_wp.jpg?resize=366%2C600&amp;ssl=1 366w, https:\/\/i0.wp.com\/lesgravereaux.marret.co\/wp-content\/uploads\/2016\/04\/1899-Collection-47J_005_020_wp.jpg?w=720&amp;ssl=1 720w\" sizes=\"auto, (max-width: 310px) 100vw, 310px\" \/><\/a><\/p>\n<p style=\"text-align: center;\"><em>premi\u00e8re et derni\u00e8re page du volume<\/em><\/p>\n<p>&nbsp;<\/p>\n<p>&nbsp;<\/p>\n<p>&nbsp;<\/p>\n","protected":false},"excerpt":{"rendered":"<p>Roseraie de L\u2019Ha\u00ff. Collection botanique de la roseraie de L&rsquo;Hay au 15 d\u00e9cembre 1899. Classification de F. Cr\u00e9pin.-Paris [1899]. \u2014 19\u00a0p., reli\u00e9; 22\u00a0cm. ~~~~~~~ &nbsp; Catalogue de la Roseraie \u00e0 l\u2019Exposition Universelle. Liste de 500 vari\u00e9t\u00e9s de premier choix. &nbsp; &hellip; <a href=\"https:\/\/lesgravereaux.marret.co\/index.php\/jules-gravereaux\/jules-gravereaux-ses-ecrits\/1899-collection-botanique\/\">Continuer la lecture <span class=\"meta-nav\">&rarr;<\/span><\/a><\/p>\n","protected":false},"author":1,"featured_media":0,"parent":1798,"menu_order":0,"comment_status":"closed","ping_status":"closed","template":"","meta":{"ngg_post_thumbnail":0,"jetpack_post_was_ever_published":false,"footnotes":""},"class_list":["post-1809","page","type-page","status-publish","hentry"],"jetpack_sharing_enabled":true,"jetpack_shortlink":"https:\/\/wp.me\/P7ERyi-tb","jetpack-related-posts":[{"id":1798,"url":"https:\/\/lesgravereaux.marret.co\/index.php\/jules-gravereaux\/jules-gravereaux-ses-ecrits\/","url_meta":{"origin":1809,"position":0},"title":"Jules Gravereaux &#8211; Ses \u00e9crits","author":"marretgravereaux","date":"23 avril 2016","format":false,"excerpt":"Jules Gravereaux\u00a0s'est aussi fait conna\u00eetre dans le monde de la rose comme un auteur. De 1899 \u00e0 1914, il a publi\u00e9 trois inventaires de la roseraie, les r\u00e9sultats de plusieurs de ses recherches ainsi que divers articles dans des revues horticoles. Toutefois,\u00a0par humilit\u00e9 et par respect pour ses collaborateurs, un\u2026","rel":"","context":"Article similaire","block_context":{"text":"Article similaire","link":""},"img":{"alt_text":"File0032a","src":"https:\/\/i0.wp.com\/lesgravereaux.marret.co\/wp-content\/uploads\/2015\/10\/File0032a.jpg?resize=350%2C200","width":350,"height":200},"classes":[]},{"id":801,"url":"https:\/\/lesgravereaux.marret.co\/index.php\/jules-gravereaux\/des-evenements-de-sa-vie\/","url_meta":{"origin":1809,"position":1},"title":"Des \u00e9v\u00e8nements de sa vie","author":"marretgravereaux","date":"10 mars 2016","format":false,"excerpt":"\u00a0 1er mai 1844\u00a0: Na\u00eet \u00e0 Vitry-sur-Seine. 16 mars 1856\u00a0: Commence son premier emploi, chez Mr Caillaut rue du Bac. 5 septembre 1864\u00a0: Entre au Bon March\u00e9. 20 f\u00e9vrier 1866\u00a0: Quitte volontairement le Bon March\u00e9 pour entrer au Louvre. 1870\u00a0: Fait son service militaire dans la Garde Nationale de la\u2026","rel":"","context":"Article similaire","block_context":{"text":"Article similaire","link":""},"img":{"alt_text":"Roses de Malmaison - p03_wp","src":"https:\/\/i0.wp.com\/marret.co\/wp-content\/uploads\/2016\/03\/Roses-de-Malmaison-p03_wp.jpg?resize=350%2C200","width":350,"height":200},"classes":[]},{"id":596,"url":"https:\/\/lesgravereaux.marret.co\/index.php\/la-roseraie-de-lhay\/","url_meta":{"origin":1809,"position":2},"title":"La roseraie de L&rsquo;Ha\u00ff","author":"marretgravereaux","date":"7 mars 2016","format":false,"excerpt":"\u00c2g\u00e9 de quarante-huit ans et jeune retrait\u00e9, Jules Gravereaux fait l'acquisition, en 1892, d'un domaine situ\u00e9 dans la commune de L'Ha\u00ff. Cette propri\u00e9t\u00e9 de onze hectares domine le vallon de la Bi\u00e8vre et la ville de Bourg-la-Reine; elle n\u2019est en outre qu\u2019\u00e0 quelques kilom\u00e8tres de Vitry-sur-Seine, l\u00e0 o\u00f9 Jules Gravereaux\u2026","rel":"","context":"Article similaire","block_context":{"text":"Article similaire","link":""},"img":{"alt_text":"Jules Gravereaux - OG053_wp","src":"https:\/\/i0.wp.com\/marret.co\/wp-content\/uploads\/2016\/03\/File3745-OG053_wp-667x1024.jpg?resize=350%2C200","width":350,"height":200},"classes":[]},{"id":3605,"url":"https:\/\/lesgravereaux.marret.co\/index.php\/des-roseraies\/la-roseraie-de-sangerhausen\/","url_meta":{"origin":1809,"position":3},"title":"La roseraie de Sangerhausen","author":"marretgravereaux","date":"14 juin 2016","format":false,"excerpt":"Jules Gravereaux commence \u00e0 collectionner les roses vers 1894; d\u00e8s le d\u00e9but, il se met en contact avec les rosi\u00e9ristes et les rhodologues les plus r\u00e9put\u00e9s pour l\u2019aider dans cette t\u00e2che. C\u2019est ainsi qu\u2019il \u00e9tablit une correspondance r\u00e9guli\u00e8re avec Peter Lambert, rosi\u00e9riste, collectionneur et chercheur allemand. Lorsque celui-ci projette d\u2019\u00e9tablir\u2026","rel":"","context":"Article similaire","block_context":{"text":"Article similaire","link":""},"img":{"alt_text":"","src":"","width":0,"height":0},"classes":[]},{"id":3720,"url":"https:\/\/lesgravereaux.marret.co\/index.php\/jules-gravereaux\/jules-gravereaux-honneurs-et-medailles\/","url_meta":{"origin":1809,"position":4},"title":"Jules Gravereaux &#8211; Honneurs et m\u00e9dailles","author":"marretgravereaux","date":"19 juin 2016","format":false,"excerpt":"Jules Gravereaux a acquis la propri\u00e9t\u00e9 de L\u2019Ha\u00ff en 1892 et il commen\u00e7a \u00e0 y installer une collection de roses vers 1894. Mais ce n\u2019est qu\u2019en 1899 qu\u2019\u00c9douard Andr\u00e9, architecte-paysager reconnu cr\u00e9a la premi\u00e8re roseraie. Celle-ci acquit tr\u00e8s rapidement une notori\u00e9t\u00e9 internationale, la publication de l\u2019inventaire des collections et l\u2019article\u2026","rel":"","context":"Article similaire","block_context":{"text":"Article similaire","link":""},"img":{"alt_text":"Jules Gravereaux - OG053c","src":"https:\/\/i0.wp.com\/lesgravereaux.marret.co\/wp-content\/uploads\/2015\/10\/Jules-Gravereaux-OG053c-e1466353135600-649x1024.jpg?resize=350%2C200","width":350,"height":200},"classes":[]},{"id":1294,"url":"https:\/\/lesgravereaux.marret.co\/index.php\/jules-gravereaux\/1294-2\/","url_meta":{"origin":1809,"position":5},"title":"L&rsquo;\u0153uvre de Jules Gravereaux","author":"marretgravereaux","date":"20 mars 2016","format":false,"excerpt":"L\u2019\u0153uvre de M. Jules Gravereaux \u2013 La roseraie de l\u2019Ha\u00ff-les-Roses par Henri GRAVEREAUX, Ha\u00ff-les-Roses, in Les Amis des Roses, journal de la Soci\u00e9t\u00e9 fran\u00e7aise des rosi\u00e9ristes, novembre-d\u00e9cembre 1935. \u00a0 Vue de la Roseraie fran\u00e7aise. \u2014 Dans le fond, le Mus\u00e9e de la Rose. Nous avons demand\u00e9 au Lieutenant-Colonel H. GRAVEREAUX\u2026","rel":"","context":"Article similaire","block_context":{"text":"Article similaire","link":""},"img":{"alt_text":"1935 Amis des Roses couv_wp","src":"https:\/\/i0.wp.com\/marret.co\/wp-content\/uploads\/2016\/03\/1935-Amis-des-Roses-couv_wp.jpg?resize=350%2C200","width":350,"height":200},"classes":[]}],"_links":{"self":[{"href":"https:\/\/lesgravereaux.marret.co\/index.php\/wp-json\/wp\/v2\/pages\/1809","targetHints":{"allow":["GET"]}}],"collection":[{"href":"https:\/\/lesgravereaux.marret.co\/index.php\/wp-json\/wp\/v2\/pages"}],"about":[{"href":"https:\/\/lesgravereaux.marret.co\/index.php\/wp-json\/wp\/v2\/types\/page"}],"author":[{"embeddable":true,"href":"https:\/\/lesgravereaux.marret.co\/index.php\/wp-json\/wp\/v2\/users\/1"}],"replies":[{"embeddable":true,"href":"https:\/\/lesgravereaux.marret.co\/index.php\/wp-json\/wp\/v2\/comments?post=1809"}],"version-history":[{"count":0,"href":"https:\/\/lesgravereaux.marret.co\/index.php\/wp-json\/wp\/v2\/pages\/1809\/revisions"}],"up":[{"embeddable":true,"href":"https:\/\/lesgravereaux.marret.co\/index.php\/wp-json\/wp\/v2\/pages\/1798"}],"wp:attachment":[{"href":"https:\/\/lesgravereaux.marret.co\/index.php\/wp-json\/wp\/v2\/media?parent=1809"}],"curies":[{"name":"wp","href":"https:\/\/api.w.org\/{rel}","templated":true}]}}