{"id":18,"date":"2015-10-22T22:52:49","date_gmt":"2015-10-22T21:52:49","guid":{"rendered":"http:\/\/marret.co\/?p=18"},"modified":"2016-07-13T23:08:56","modified_gmt":"2016-07-13T22:08:56","slug":"lhay-les-roses-une-appellation-centenaire","status":"publish","type":"page","link":"https:\/\/lesgravereaux.marret.co\/index.php\/lhay-les-roses-une-appellation-centenaire\/","title":{"rendered":"L\u2019Ha\u00ff-les-Roses \u2013 une appellation centenaire"},"content":{"rendered":"<p>Le changement de nom est d\u2019abord &#8211; on s&rsquo;en \u00e9tonnera peut-\u00eatre &#8211; la cons\u00e9quence directe du d\u00e9veloppement du t\u00e9l\u00e9phone, comme l\u2019indique\u00a0le rapport du commissaire-enqu\u00eateur dans le registre des d\u00e9lib\u00e9rations de la commune\u2026<\/p>\n<p style=\"padding-left: 30px;\"><a href=\"https:\/\/i0.wp.com\/lesgravereaux.marret.co\/wp-content\/uploads\/2016\/06\/1913-04-Ville-de-LHay-Rapport-du-commissaire-enqu%C3%AAteur_wp.jpg?ssl=1\"><img data-recalc-dims=\"1\" loading=\"lazy\" decoding=\"async\" data-attachment-id=\"3924\" data-permalink=\"https:\/\/lesgravereaux.marret.co\/index.php\/lhay-les-roses-une-appellation-centenaire\/1913-04-ville-de-lhay-rapport-du-commissaire-enqueteur_wp\/\" data-orig-file=\"https:\/\/i0.wp.com\/lesgravereaux.marret.co\/wp-content\/uploads\/2016\/06\/1913-04-Ville-de-LHay-Rapport-du-commissaire-enqu%C3%AAteur_wp.jpg?fit=859%2C886&amp;ssl=1\" data-orig-size=\"859,886\" data-comments-opened=\"1\" data-image-meta=\"{&quot;aperture&quot;:&quot;0&quot;,&quot;credit&quot;:&quot;&quot;,&quot;camera&quot;:&quot;&quot;,&quot;caption&quot;:&quot;&quot;,&quot;created_timestamp&quot;:&quot;0&quot;,&quot;copyright&quot;:&quot;&quot;,&quot;focal_length&quot;:&quot;0&quot;,&quot;iso&quot;:&quot;0&quot;,&quot;shutter_speed&quot;:&quot;0&quot;,&quot;title&quot;:&quot;&quot;,&quot;orientation&quot;:&quot;1&quot;}\" data-image-title=\"1913-04 Ville de L&amp;rsquo;Hay &amp;#8211; Rapport du commissaire-enqu\u00eateur_wp\" data-image-description=\"\" data-image-caption=\"\" data-medium-file=\"https:\/\/i0.wp.com\/lesgravereaux.marret.co\/wp-content\/uploads\/2016\/06\/1913-04-Ville-de-LHay-Rapport-du-commissaire-enqu%C3%AAteur_wp.jpg?fit=291%2C300&amp;ssl=1\" data-large-file=\"https:\/\/i0.wp.com\/lesgravereaux.marret.co\/wp-content\/uploads\/2016\/06\/1913-04-Ville-de-LHay-Rapport-du-commissaire-enqu%C3%AAteur_wp.jpg?fit=640%2C660&amp;ssl=1\" class=\"wp-image-3924 alignright\" src=\"https:\/\/i0.wp.com\/lesgravereaux.marret.co\/wp-content\/uploads\/2016\/06\/1913-04-Ville-de-LHay-Rapport-du-commissaire-enqu%C3%AAteur_wp.jpg?resize=400%2C412&#038;ssl=1\" alt=\"1913-04 Ville de L'Hay - Rapport du commissaire-enqu\u00eateur_wp\" width=\"400\" height=\"412\" data-wp-pid=\"3924\" srcset=\"https:\/\/i0.wp.com\/lesgravereaux.marret.co\/wp-content\/uploads\/2016\/06\/1913-04-Ville-de-LHay-Rapport-du-commissaire-enqu%C3%AAteur_wp.jpg?w=859&amp;ssl=1 859w, https:\/\/i0.wp.com\/lesgravereaux.marret.co\/wp-content\/uploads\/2016\/06\/1913-04-Ville-de-LHay-Rapport-du-commissaire-enqu%C3%AAteur_wp.jpg?resize=291%2C300&amp;ssl=1 291w, https:\/\/i0.wp.com\/lesgravereaux.marret.co\/wp-content\/uploads\/2016\/06\/1913-04-Ville-de-LHay-Rapport-du-commissaire-enqu%C3%AAteur_wp.jpg?resize=768%2C792&amp;ssl=1 768w, https:\/\/i0.wp.com\/lesgravereaux.marret.co\/wp-content\/uploads\/2016\/06\/1913-04-Ville-de-LHay-Rapport-du-commissaire-enqu%C3%AAteur_wp.jpg?resize=800%2C825&amp;ssl=1 800w, https:\/\/i0.wp.com\/lesgravereaux.marret.co\/wp-content\/uploads\/2016\/06\/1913-04-Ville-de-LHay-Rapport-du-commissaire-enqu%C3%AAteur_wp.jpg?resize=582%2C600&amp;ssl=1 582w\" sizes=\"auto, (max-width: 400px) 100vw, 400px\" \/><\/a><strong>Avis motiv\u00e9 du Commissaire enqu\u00eateur<\/strong><\/p>\n<p style=\"padding-left: 30px;\">Le Commissaire enqu\u00eateur apr\u00e8s avoir pris connaissance de la d\u00e9lib\u00e9ration du Conseil Municipal en date du 22\u00a0d\u00e9cembre 1912.<\/p>\n<p style=\"padding-left: 30px;\">Consid\u00e9rant que des erreurs se produisent journellement dans les appels t\u00e9l\u00e9phoniques o\u00f9 l\u2019on confond L\u2019Ha\u00ff avec Lagny d\u2019o\u00f9 perte de temps pr\u00e9judiciable aux personnes empruntant ce mode de conversation.<\/p>\n<p style=\"padding-left: 30px;\">Consid\u00e9rant que L\u2019Ha\u00ff m\u00e9rite tr\u00e8s bien l\u2019appellation de L\u2019Ha\u00ff-les-Roses,<\/p>\n<p style=\"padding-left: 30px;\">Vu que cette commune poss\u00e8de sur son territoire dans la propri\u00e9t\u00e9 de M<sup>r<\/sup>\u00a0Jules Gravereaux une des plus magnifiques roseraies qu\u2019il existe en France<\/p>\n<p style=\"padding-left: 30px;\">Consid\u00e9rant que cette roseraie am\u00e8ne tous les ans \u00e0 l\u2019\u00e9poque de la floraison de la rose une grande quantit\u00e9 de visiteurs ce qui est une ressource importante pour le commerce local.<\/p>\n<p style=\"padding-left: 30px;\">\u00c9met un avis favorable \u00e0 la pr\u00e9sente demande.<\/p>\n<p style=\"text-align: right;\">Le Commissaire enqu\u00eateur<\/p>\n<hr \/>\n<p style=\"padding-left: 30px;\"><strong>Avis du Maire<\/strong><\/p>\n<p style=\"padding-left: 30px;\">Le Maire de L\u2019Hay<br \/>\nVu la d\u00e9lib\u00e9ration du Conseil Municipal en date du 22\u00a0X<sup>bre<\/sup> 1912.<br \/>\nVu le dossier de l\u2019enqu\u00eate<br \/>\nEst d\u2019avis que la nouvelle appellation de L\u2019Ha\u00ff-les-Roses soit accord\u00e9e \u00e0 la Commune de L\u2019Ha\u00ff<\/p>\n<p style=\"text-align: center;\">Le Maire <span style=\"font-size: 10pt;\">[<em>Fr\u00e9d\u00e9ric Marie BERNHARD<\/em>]<\/span>,<\/p>\n<hr \/>\n<p><strong>La demande officielle<\/strong><\/p>\n<p style=\"padding-left: 30px;\"><a href=\"https:\/\/i0.wp.com\/lesgravereaux.marret.co\/wp-content\/uploads\/2016\/06\/1913-LHa%C3%BF-Demande-de-changement-de-nom_wp.jpg?ssl=1\"><img data-recalc-dims=\"1\" loading=\"lazy\" decoding=\"async\" data-attachment-id=\"3923\" data-permalink=\"https:\/\/lesgravereaux.marret.co\/index.php\/lhay-les-roses-une-appellation-centenaire\/1913-lhay-demande-de-changement-de-nom_wp\/\" data-orig-file=\"https:\/\/i0.wp.com\/lesgravereaux.marret.co\/wp-content\/uploads\/2016\/06\/1913-LHa%C3%BF-Demande-de-changement-de-nom_wp.jpg?fit=886%2C691&amp;ssl=1\" data-orig-size=\"886,691\" data-comments-opened=\"1\" data-image-meta=\"{&quot;aperture&quot;:&quot;0&quot;,&quot;credit&quot;:&quot;&quot;,&quot;camera&quot;:&quot;&quot;,&quot;caption&quot;:&quot;&quot;,&quot;created_timestamp&quot;:&quot;0&quot;,&quot;copyright&quot;:&quot;&quot;,&quot;focal_length&quot;:&quot;0&quot;,&quot;iso&quot;:&quot;0&quot;,&quot;shutter_speed&quot;:&quot;0&quot;,&quot;title&quot;:&quot;&quot;,&quot;orientation&quot;:&quot;1&quot;}\" data-image-title=\"1913 L&amp;rsquo;Ha\u00ff &amp;#8211; Demande de changement de nom_wp\" data-image-description=\"\" data-image-caption=\"\" data-medium-file=\"https:\/\/i0.wp.com\/lesgravereaux.marret.co\/wp-content\/uploads\/2016\/06\/1913-LHa%C3%BF-Demande-de-changement-de-nom_wp.jpg?fit=300%2C234&amp;ssl=1\" data-large-file=\"https:\/\/i0.wp.com\/lesgravereaux.marret.co\/wp-content\/uploads\/2016\/06\/1913-LHa%C3%BF-Demande-de-changement-de-nom_wp.jpg?fit=640%2C499&amp;ssl=1\" class=\"wp-image-3923 alignright\" src=\"https:\/\/i0.wp.com\/lesgravereaux.marret.co\/wp-content\/uploads\/2016\/06\/1913-LHa%C3%BF-Demande-de-changement-de-nom_wp.jpg?resize=400%2C412&#038;ssl=1\" alt=\"1913 L'Ha\u00ff - Demande de changement de nom_wp\" width=\"400\" height=\"412\" data-wp-pid=\"3923\" \/><\/a><span style=\"text-decoration: underline;\">Nouvelle appellation de la Commune<\/span><\/p>\n<p style=\"padding-left: 30px;\">Sur la proposition de Monsieur le Maire,<br \/>\nLe Conseil,<\/p>\n<p style=\"padding-left: 30px;\">Consid\u00e9rant que principalement dans les services t\u00e9l\u00e9phoniques des confusions se produisent tr\u00e8s fr\u00e9quemment au sujet de l\u2019appellation de la Commune avec des localit\u00e9s dont l\u2019appellation est synonyme.<\/p>\n<p style=\"padding-left: 30px;\">Consid\u00e9rant qu\u2019en g\u00e9n\u00e9ral ces confusions se produisent avec la commune de Lagny dont l\u2019appellation se rapproche exactement de celle de L\u2019Ha\u00ff.<\/p>\n<p style=\"padding-left: 30px;\">Consid\u00e9rant que notre Commune poss\u00e8de sur son territoire une des plus magnifiques roseraies qu\u2019il existe en France, laquelle est d\u2019un grand rapport pour le commerce local.<\/p>\n<p style=\"padding-left: 30px;\">Sollicite de l\u2019Autorit\u00e9 sup\u00e9rieure comp\u00e9tente de bien vouloir accorder \u00e0 la Commune de L\u2019Ha\u00ff la nouvelle appellation de L\u2019Ha\u00ff-les-Roses.<\/p>\n<hr \/>\n<p><strong>Les d\u00e9marches<\/strong><\/p>\n<p>Elles furent d\u2019autant plus faciles que le Pr\u00e9sident de la R\u00e9publique de l\u2019\u00e9poque, monsieur Raymond Poincar\u00e9 \u2013 et surtout son \u00e9pouse \u2013 connaissait L\u2019Ha\u00ff et Jules Gravereaux. On sait en effet \u2013 sans conna\u00eetre l\u2019ordre dans lequel eurent lieu ces \u00e9v\u00e8nements \u2014 que\u00a0:<\/p>\n<p>Jules Gravereaux a donn\u00e9 en 1914 le nom de Madame Raymond Poincar\u00e9 \u00e0 l\u2019une des roses qu\u2019il avait obtenues. Cette d\u00e9nomination faisait d\u2019ailleurs l\u2019objet d\u2019une jolie anecdote que racontait, semble-t-il, Hubert Gravereaux\u00a0:<\/p>\n<p style=\"padding-left: 30px;\"><em>Un matin, Jules Gravereaux sort de son laboratoire, radieux, tenant entre ses mains une rose splendide. Il avise une jolie femme qui se prom\u00e8ne, seule, parmi les parterres de la Roseraie.<\/em><\/p>\n<p style=\"padding-left: 60px;\"><em>&#8211; Madame! Veuillez m\u2019excuser, mais voudriez-vous \u00eatre la marraine<br \/>\nde cette rose?<br \/>\n<\/em><em>&#8211; Bien volontiers, cher Monsieur.<br \/>\n<\/em><em>&#8211; Puis-je vous demander votre nom?<br \/>\n<\/em><em>&#8211; Madame Raymond Poincar\u00e9, pour vous servir.<\/em><\/p>\n<p style=\"padding-left: 30px;\"><em>C\u2019\u00e9tait en effet l\u2019\u00e9pouse du Pr\u00e9sident de la R\u00e9publique, venu visiter incognito la Roseraie\u2026<\/em><\/p>\n<p>C\u2019est aussi en 1914 que Jules Gravereaux cr\u00e9ait la Roseraie du Palais de l\u2019\u00c9lys\u00e9e, install\u00e9e, le reconnaissait lui-m\u00eame Raymond Poincar\u00e9, \u00e0 la demande de son \u00e9pouse.<\/p>\n<p><a href=\"https:\/\/i0.wp.com\/lesgravereaux.marret.co\/wp-content\/uploads\/2016\/06\/1914-Bulletin-des-lois-de-la-R%C3%A9publique-Fran%C3%A7aise_wp.jpg?ssl=1\"><img data-recalc-dims=\"1\" loading=\"lazy\" decoding=\"async\" data-attachment-id=\"3925\" data-permalink=\"https:\/\/lesgravereaux.marret.co\/index.php\/lhay-les-roses-une-appellation-centenaire\/1914-bulletin-des-lois-de-la-republique-francaise-pdf\/\" data-orig-file=\"https:\/\/i0.wp.com\/lesgravereaux.marret.co\/wp-content\/uploads\/2016\/06\/1914-Bulletin-des-lois-de-la-R%C3%A9publique-Fran%C3%A7aise_wp.jpg?fit=886%2C711&amp;ssl=1\" data-orig-size=\"886,711\" data-comments-opened=\"1\" data-image-meta=\"{&quot;aperture&quot;:&quot;0&quot;,&quot;credit&quot;:&quot;Jean-Luc&quot;,&quot;camera&quot;:&quot;&quot;,&quot;caption&quot;:&quot;&quot;,&quot;created_timestamp&quot;:&quot;0&quot;,&quot;copyright&quot;:&quot;&quot;,&quot;focal_length&quot;:&quot;0&quot;,&quot;iso&quot;:&quot;0&quot;,&quot;shutter_speed&quot;:&quot;0&quot;,&quot;title&quot;:&quot;1914 Bulletin des lois de la R\\u00e9publique Fran\\u00e7aise.pdf&quot;,&quot;orientation&quot;:&quot;1&quot;}\" data-image-title=\"1914 Bulletin des lois de la R\u00e9publique Fran\u00e7aise.pdf\" data-image-description=\"\" data-image-caption=\"\" data-medium-file=\"https:\/\/i0.wp.com\/lesgravereaux.marret.co\/wp-content\/uploads\/2016\/06\/1914-Bulletin-des-lois-de-la-R%C3%A9publique-Fran%C3%A7aise_wp.jpg?fit=300%2C241&amp;ssl=1\" data-large-file=\"https:\/\/i0.wp.com\/lesgravereaux.marret.co\/wp-content\/uploads\/2016\/06\/1914-Bulletin-des-lois-de-la-R%C3%A9publique-Fran%C3%A7aise_wp.jpg?fit=640%2C514&amp;ssl=1\" class=\"wp-image-3925 alignright\" src=\"https:\/\/i0.wp.com\/lesgravereaux.marret.co\/wp-content\/uploads\/2016\/06\/1914-Bulletin-des-lois-de-la-R%C3%A9publique-Fran%C3%A7aise_wp.jpg?resize=410%2C329&#038;ssl=1\" alt=\"1914 Bulletin des lois de la R\u00e9publique Fran\u00e7aise.pdf\" width=\"410\" height=\"329\" data-wp-pid=\"3925\" srcset=\"https:\/\/i0.wp.com\/lesgravereaux.marret.co\/wp-content\/uploads\/2016\/06\/1914-Bulletin-des-lois-de-la-R%C3%A9publique-Fran%C3%A7aise_wp.jpg?w=886&amp;ssl=1 886w, https:\/\/i0.wp.com\/lesgravereaux.marret.co\/wp-content\/uploads\/2016\/06\/1914-Bulletin-des-lois-de-la-R%C3%A9publique-Fran%C3%A7aise_wp.jpg?resize=300%2C241&amp;ssl=1 300w, https:\/\/i0.wp.com\/lesgravereaux.marret.co\/wp-content\/uploads\/2016\/06\/1914-Bulletin-des-lois-de-la-R%C3%A9publique-Fran%C3%A7aise_wp.jpg?resize=768%2C616&amp;ssl=1 768w, https:\/\/i0.wp.com\/lesgravereaux.marret.co\/wp-content\/uploads\/2016\/06\/1914-Bulletin-des-lois-de-la-R%C3%A9publique-Fran%C3%A7aise_wp.jpg?resize=800%2C642&amp;ssl=1 800w, https:\/\/i0.wp.com\/lesgravereaux.marret.co\/wp-content\/uploads\/2016\/06\/1914-Bulletin-des-lois-de-la-R%C3%A9publique-Fran%C3%A7aise_wp.jpg?resize=600%2C481&amp;ssl=1 600w\" sizes=\"auto, (max-width: 410px) 100vw, 410px\" \/><\/a><\/p>\n<p>&nbsp;<\/p>\n<p>On ne s\u2019\u00e9tonnera donc point que le d\u00e9cret autorisant la commune de <em>L\u2019Ha\u00ff<\/em> \u00e0 porter le nom de <em>L\u2019Ha\u00ff-les-Roses<\/em> ait \u00e9t\u00e9 sign\u00e9 le 10\u00a0mai\u00a01914 par le Pr\u00e9sident de la R\u00e9publique fran\u00e7aise, Monsieur Raymond Poincar\u00e9!<\/p>\n<p>&nbsp;<\/p>\n<hr \/>\n<p><strong>Le centenaire<\/strong><\/p>\n<p>En 2014, la ville de L\u2019Ha\u00ff-les-Roses a bien s\u00fbr soulign\u00e9 le centenaire de sa nouvelle appellation. Du 20 au 24 mai, elle a tenu plusieurs activit\u00e9s parmi lesquelles une exposition et le bapt\u00eame de la Rose du Centenaire. Sur Dailymotion, un bref reportage\u2026<\/p>\n<p><iframe loading=\"lazy\" title=\"Du 20 au 24 mai - Centenaire\" frameborder=\"0\" width=\"640\" height=\"362\" src=\"https:\/\/geo.dailymotion.com\/player.html?video=x1y1vvw&#038;\" allowfullscreen allow=\"autoplay; fullscreen; picture-in-picture; web-share\"><\/iframe><\/p>\n<div dir=\"ltr\"><\/div>\n<div dir=\"ltr\"><\/div>\n<div dir=\"ltr\"><\/div>\n<p>&nbsp;<\/p>\n","protected":false},"excerpt":{"rendered":"<p>Le changement de nom est d\u2019abord &#8211; on s&rsquo;en \u00e9tonnera peut-\u00eatre &#8211; la cons\u00e9quence directe du d\u00e9veloppement du t\u00e9l\u00e9phone, comme l\u2019indique\u00a0le rapport du commissaire-enqu\u00eateur dans le registre des d\u00e9lib\u00e9rations de la commune\u2026 Avis motiv\u00e9 du Commissaire enqu\u00eateur Le Commissaire enqu\u00eateur &hellip; <a href=\"https:\/\/lesgravereaux.marret.co\/index.php\/lhay-les-roses-une-appellation-centenaire\/\">Continuer la lecture <span class=\"meta-nav\">&rarr;<\/span><\/a><\/p>\n","protected":false},"author":1,"featured_media":0,"parent":0,"menu_order":0,"comment_status":"open","ping_status":"open","template":"","meta":{"ngg_post_thumbnail":0,"jetpack_post_was_ever_published":false,"footnotes":""},"class_list":["post-18","page","type-page","status-publish","hentry"],"jetpack_sharing_enabled":true,"jetpack_shortlink":"https:\/\/wp.me\/P7ERyi-i","jetpack-related-posts":[{"id":1798,"url":"https:\/\/lesgravereaux.marret.co\/index.php\/jules-gravereaux\/jules-gravereaux-ses-ecrits\/","url_meta":{"origin":18,"position":0},"title":"Jules Gravereaux &#8211; Ses \u00e9crits","author":"marretgravereaux","date":"23 avril 2016","format":false,"excerpt":"Jules Gravereaux\u00a0s'est aussi fait conna\u00eetre dans le monde de la rose comme un auteur. De 1899 \u00e0 1914, il a publi\u00e9 trois inventaires de la roseraie, les r\u00e9sultats de plusieurs de ses recherches ainsi que divers articles dans des revues horticoles. Toutefois,\u00a0par humilit\u00e9 et par respect pour ses collaborateurs, un\u2026","rel":"","context":"Article similaire","block_context":{"text":"Article similaire","link":""},"img":{"alt_text":"File0032a","src":"https:\/\/i0.wp.com\/lesgravereaux.marret.co\/wp-content\/uploads\/2015\/10\/File0032a.jpg?resize=350%2C200","width":350,"height":200},"classes":[]},{"id":1523,"url":"https:\/\/lesgravereaux.marret.co\/index.php\/liens-utiles\/","url_meta":{"origin":18,"position":1},"title":"Liens utiles","author":"marretgravereaux","date":"10 avril 2016","format":false,"excerpt":"Les liens pour :\u00a0-\u00a0La famille Gravereaux -\u00a0Jules Gravereaux - Denis Gravereaux\u00a0-\u00a0Sylvie de Beco\u00a0-\u00a0Jean-Claude Pascal - La roseraie de l'Ha\u00ff -\u00a0Les \u00c9tablissements Gravereaux\u00a0-\u00a0Associations et organismes \u00a0 \u00a0Jules Gravereaux Wikipedia - Jules Gravereaux \u00a0\u00a0 La roseraie de l'Ha\u00ff La Roseraie du Val-de-Marne Wikipedia - La Roseraie du Val-de-Marne HelpMeFind - Roseraie du\u2026","rel":"","context":"Article similaire","block_context":{"text":"Article similaire","link":""},"img":{"alt_text":"Roses de Malmaison - p01b_wp","src":"https:\/\/i0.wp.com\/lesgravereaux.marret.co\/wp-content\/uploads\/2016\/03\/Roses-de-Malmaison-p01b_wp.jpg?resize=350%2C200","width":350,"height":200},"classes":[]},{"id":993,"url":"https:\/\/lesgravereaux.marret.co\/index.php\/la-roseraie-de-lhay\/le-theatre-des-roses\/","url_meta":{"origin":18,"position":2},"title":"Le Th\u00e9\u00e2tre des Roses","author":"marretgravereaux","date":"13 mars 2016","format":false,"excerpt":"Le domaine de L\u2019Ha\u00ff, avec sa roseraie, s\u2019av\u00e9rait un lieu extraordinaire pour les r\u00e9unions familiales ainsi que pour les visites d\u2019amateurs de roses. Et Jules Gravereaux aimait y recevoir\u2026 En 1905, il rencontre les\u00a0Rosati\u00a0- une Soci\u00e9t\u00e9 de gens de lettres qui se r\u00e9unissaient sous l\u2019\u00e9gide des roses \u2013 et en\u2026","rel":"","context":"Article similaire","block_context":{"text":"Article similaire","link":""},"img":{"alt_text":"1911 Delacroix, Henry - La roseraie - GL001_wp","src":"https:\/\/i0.wp.com\/marret.co\/wp-content\/uploads\/2016\/03\/1911-Delacroix-Henry-La-roseraie-GL001_wp-1024x653.jpg?resize=350%2C200","width":350,"height":200},"classes":[]},{"id":1279,"url":"https:\/\/lesgravereaux.marret.co\/index.php\/la-roseraie-de-lhay\/quand-la-roseraie-se-montre\/","url_meta":{"origin":18,"position":3},"title":"Quand la roseraie s&rsquo;expose&#8230;","author":"marretgravereaux","date":"19 mars 2016","format":false,"excerpt":"La Roseraie de L'Ha\u00ff a attir\u00e9 \u2013 et attire toujours \u2013 les dessinateurs et les peintres qui tentent d\u2019en capter les couleurs, les lumi\u00e8res et l\u2019ambiance qui s\u2019en d\u00e9gage. La liste pr\u00e9sent\u00e9e \u00e0 la suite des reproductions\u00a0est \u00e9videmment incompl\u00e8te et nous esp\u00e9rons que les visiteurs de ce site pourront nous\u2026","rel":"","context":"Article similaire","block_context":{"text":"Article similaire","link":""},"img":{"alt_text":"Renouard, Charles-Paul (47 J 245)_wp","src":"https:\/\/i0.wp.com\/marret.co\/wp-content\/uploads\/2016\/03\/Renouard-Charles-Paul-47-J-245_wp-1024x743.jpg?resize=350%2C200","width":350,"height":200},"classes":[]},{"id":3709,"url":"https:\/\/lesgravereaux.marret.co\/index.php\/jules-gravereaux\/des-evenements-de-sa-vie\/jules-gravereaux-son-deces\/lhay-les-roses-lavenue-jules-gravereaux\/","url_meta":{"origin":18,"position":4},"title":"L&rsquo;Ha\u00ff-les-Roses &#8211; L&rsquo;avenue Jules Gravereaux","author":"marretgravereaux","date":"17 juin 2016","format":false,"excerpt":"Dans les semaines qui ont suivi le d\u00e9c\u00e8s de Jules Gravereaux, la ville de L\u2019Ha\u00ff-les-Roses a jug\u00e9 bon de l\u2019honorer de fa\u00e7on toute particuli\u00e8re\u2026 (3e Bur.) \u2014 Administration communale. \u2014 Bry-sur-Marne, L'Ha\u00ff-les-Roses, Nogent-sur-Marne et Saint-Maur\u00a0: d\u00e9nominations de voies publiques. (D\u00e9crets.) Par d\u00e9cret du 30 ao\u00fbt 1916 a \u00e9t\u00e9 approuv\u00e9e la\u2026","rel":"","context":"Article similaire","block_context":{"text":"Article similaire","link":""},"img":{"alt_text":"Paris (D\u00e9partement). Recueil des actes administratifs, bulletin","src":"https:\/\/i0.wp.com\/lesgravereaux.marret.co\/wp-content\/uploads\/2016\/06\/1916-08-Actes-administratifs-Pr%C3%A9fecture-de-la-Seine-3_wp.jpg?resize=350%2C200","width":350,"height":200},"classes":[]},{"id":3326,"url":"https:\/\/lesgravereaux.marret.co\/index.php\/571-2\/la-journee-de-jules-gravereaux\/","url_meta":{"origin":18,"position":5},"title":"28 mai 2016 &#8211; La journ\u00e9e de Jules Gravereaux","author":"marretgravereaux","date":"10 juin 2016","format":false,"excerpt":"La ville de L'Ha\u00ff-les-Roses, les associations locales et la famille Gravereaux avaient d\u00e9cid\u00e9 de souligner le centenaire du d\u00e9c\u00e8s de Jules Gravereaux en organisant des activit\u00e9s le 18 mai 2016\u2026 Nathalie Ferrand, auteur du livre \u00ab\u00a0Cr\u00e9ateur de roses\u00a0\u00bb a prononc\u00e9 une conf\u00e9rence sur le th\u00e8me \u00ab\u00a0Rayonnement de Jules Gravereaux en\u2026","rel":"","context":"Dans &quot;Jules Gravereaux&quot;","block_context":{"text":"Jules Gravereaux","link":"https:\/\/lesgravereaux.marret.co\/index.php\/category\/jules-gravereaux\/"},"img":{"alt_text":"File0032a","src":"https:\/\/i0.wp.com\/lesgravereaux.marret.co\/wp-content\/uploads\/2015\/10\/File0032a.jpg?resize=350%2C200","width":350,"height":200},"classes":[]}],"_links":{"self":[{"href":"https:\/\/lesgravereaux.marret.co\/index.php\/wp-json\/wp\/v2\/pages\/18","targetHints":{"allow":["GET"]}}],"collection":[{"href":"https:\/\/lesgravereaux.marret.co\/index.php\/wp-json\/wp\/v2\/pages"}],"about":[{"href":"https:\/\/lesgravereaux.marret.co\/index.php\/wp-json\/wp\/v2\/types\/page"}],"author":[{"embeddable":true,"href":"https:\/\/lesgravereaux.marret.co\/index.php\/wp-json\/wp\/v2\/users\/1"}],"replies":[{"embeddable":true,"href":"https:\/\/lesgravereaux.marret.co\/index.php\/wp-json\/wp\/v2\/comments?post=18"}],"version-history":[{"count":0,"href":"https:\/\/lesgravereaux.marret.co\/index.php\/wp-json\/wp\/v2\/pages\/18\/revisions"}],"wp:attachment":[{"href":"https:\/\/lesgravereaux.marret.co\/index.php\/wp-json\/wp\/v2\/media?parent=18"}],"curies":[{"name":"wp","href":"https:\/\/api.w.org\/{rel}","templated":true}]}}