{"id":1575,"date":"2016-04-19T18:39:50","date_gmt":"2016-04-19T17:39:50","guid":{"rendered":"http:\/\/lesgravereaux.marret.co\/?page_id=1575"},"modified":"2016-06-12T15:16:52","modified_gmt":"2016-06-12T14:16:52","slug":"23-juin-1907-au-theatres-des-roses","status":"publish","type":"page","link":"https:\/\/lesgravereaux.marret.co\/index.php\/571-2\/23-juin-1907-au-theatres-des-roses\/","title":{"rendered":"23 juin 1907, au Th\u00e9\u00e2tre des Roses"},"content":{"rendered":"<p><a href=\"https:\/\/i0.wp.com\/lesgravereaux.marret.co\/wp-content\/uploads\/2016\/04\/1907-06-23-Programme-de-la-Matin%C3%A9e-au-Th%C3%A9%C3%A2tre-des-Roses-p1-2_wp.jpg?ssl=1\" rel=\"attachment wp-att-1577\"><img data-recalc-dims=\"1\" loading=\"lazy\" decoding=\"async\" data-attachment-id=\"1577\" data-permalink=\"https:\/\/lesgravereaux.marret.co\/index.php\/571-2\/23-juin-1907-au-theatres-des-roses\/1907-06-23-programme-de-la-matinee-au-theatre-des-roses-p1-2_wp\/\" data-orig-file=\"https:\/\/i0.wp.com\/lesgravereaux.marret.co\/wp-content\/uploads\/2016\/04\/1907-06-23-Programme-de-la-Matin%C3%A9e-au-Th%C3%A9%C3%A2tre-des-Roses-p1-2_wp.jpg?fit=849%2C1181&amp;ssl=1\" data-orig-size=\"849,1181\" data-comments-opened=\"1\" data-image-meta=\"{&quot;aperture&quot;:&quot;5&quot;,&quot;credit&quot;:&quot;&quot;,&quot;camera&quot;:&quot;Canon EOS DIGITAL REBEL XSi&quot;,&quot;caption&quot;:&quot;&quot;,&quot;created_timestamp&quot;:&quot;1300694890&quot;,&quot;copyright&quot;:&quot;&quot;,&quot;focal_length&quot;:&quot;35&quot;,&quot;iso&quot;:&quot;400&quot;,&quot;shutter_speed&quot;:&quot;0.016666666666667&quot;,&quot;title&quot;:&quot;&quot;,&quot;orientation&quot;:&quot;1&quot;}\" data-image-title=\"1907-06-23 &amp;#8211; Programme de la Matin\u00e9e au Th\u00e9\u00e2tre des Roses p1-2_wp\" data-image-description=\"\" data-image-caption=\"\" data-medium-file=\"https:\/\/i0.wp.com\/lesgravereaux.marret.co\/wp-content\/uploads\/2016\/04\/1907-06-23-Programme-de-la-Matin%C3%A9e-au-Th%C3%A9%C3%A2tre-des-Roses-p1-2_wp.jpg?fit=216%2C300&amp;ssl=1\" data-large-file=\"https:\/\/i0.wp.com\/lesgravereaux.marret.co\/wp-content\/uploads\/2016\/04\/1907-06-23-Programme-de-la-Matin%C3%A9e-au-Th%C3%A9%C3%A2tre-des-Roses-p1-2_wp.jpg?fit=640%2C890&amp;ssl=1\" class=\"wp-image-1577 alignright\" src=\"https:\/\/i0.wp.com\/lesgravereaux.marret.co\/wp-content\/uploads\/2016\/04\/1907-06-23-Programme-de-la-Matin%C3%A9e-au-Th%C3%A9%C3%A2tre-des-Roses-p1-2_wp.jpg?resize=250%2C348&#038;ssl=1\" alt=\"1907-06-23 - Programme de la Matin\u00e9e au Th\u00e9\u00e2tre des Roses p1-2_wp\" width=\"250\" height=\"348\" data-wp-pid=\"1577\" srcset=\"https:\/\/i0.wp.com\/lesgravereaux.marret.co\/wp-content\/uploads\/2016\/04\/1907-06-23-Programme-de-la-Matin%C3%A9e-au-Th%C3%A9%C3%A2tre-des-Roses-p1-2_wp.jpg?resize=736%2C1024&amp;ssl=1 736w, https:\/\/i0.wp.com\/lesgravereaux.marret.co\/wp-content\/uploads\/2016\/04\/1907-06-23-Programme-de-la-Matin%C3%A9e-au-Th%C3%A9%C3%A2tre-des-Roses-p1-2_wp.jpg?resize=216%2C300&amp;ssl=1 216w, https:\/\/i0.wp.com\/lesgravereaux.marret.co\/wp-content\/uploads\/2016\/04\/1907-06-23-Programme-de-la-Matin%C3%A9e-au-Th%C3%A9%C3%A2tre-des-Roses-p1-2_wp.jpg?resize=768%2C1068&amp;ssl=1 768w, https:\/\/i0.wp.com\/lesgravereaux.marret.co\/wp-content\/uploads\/2016\/04\/1907-06-23-Programme-de-la-Matin%C3%A9e-au-Th%C3%A9%C3%A2tre-des-Roses-p1-2_wp.jpg?resize=800%2C1113&amp;ssl=1 800w, https:\/\/i0.wp.com\/lesgravereaux.marret.co\/wp-content\/uploads\/2016\/04\/1907-06-23-Programme-de-la-Matin%C3%A9e-au-Th%C3%A9%C3%A2tre-des-Roses-p1-2_wp.jpg?resize=431%2C600&amp;ssl=1 431w, https:\/\/i0.wp.com\/lesgravereaux.marret.co\/wp-content\/uploads\/2016\/04\/1907-06-23-Programme-de-la-Matin%C3%A9e-au-Th%C3%A9%C3%A2tre-des-Roses-p1-2_wp.jpg?w=849&amp;ssl=1 849w\" sizes=\"auto, (max-width: 250px) 100vw, 250px\" \/><\/a>Le 23 juin 1907, G\u00e9rard Gravereaux et Fran\u00e7ois Ballu, deux petits-enfants de Jules Gravereaux, \u00e9taient baptis\u00e9s dans la chapelle du parc.<\/p>\n<p>Et, \u00e0 cette occasion, Jules Gravereaux fit repr\u00e9senter, sur le th\u00e9\u00e2tre des Roses, un op\u00e9ra-ballet :\u00a0le Triomphe du Dieu Pan.\u00a0 La distribution regroupait des artistes de grand talent &#8211;\u00a0com\u00e9dien de l&rsquo;Op\u00e9ra-Comique, danseuses du corps de ballet de l&rsquo;Op\u00e9ra ou musiciens professionnels &#8211; mais aussi des amateurs, proches de la famille : les Lebreton, amis de longue date, mont\u00e8rent sur sc\u00e8ne avec Suzanne Leloir, la ni\u00e8ce de Jules Gravereaux, alors que Carlos Alvarez del Campo, le gendre de ce dernier, faisait la mise en sc\u00e8ne du spectacle&#8230;<\/p>\n<p style=\"text-align: center;\"><a href=\"https:\/\/i0.wp.com\/lesgravereaux.marret.co\/wp-content\/uploads\/2016\/03\/1910-09-01-Le-theatre_wp.jpg?ssl=1\" rel=\"attachment wp-att-303\"><img data-recalc-dims=\"1\" loading=\"lazy\" decoding=\"async\" data-attachment-id=\"303\" data-permalink=\"https:\/\/lesgravereaux.marret.co\/index.php\/571-2\/23-juin-1907-au-theatres-des-roses\/1910-09-01-le-theatre_wp\/\" data-orig-file=\"https:\/\/i0.wp.com\/lesgravereaux.marret.co\/wp-content\/uploads\/2016\/03\/1910-09-01-Le-theatre_wp.jpg?fit=4000%2C2694&amp;ssl=1\" data-orig-size=\"4000,2694\" data-comments-opened=\"1\" data-image-meta=\"{&quot;aperture&quot;:&quot;0&quot;,&quot;credit&quot;:&quot;&quot;,&quot;camera&quot;:&quot;&quot;,&quot;caption&quot;:&quot;&quot;,&quot;created_timestamp&quot;:&quot;0&quot;,&quot;copyright&quot;:&quot;&quot;,&quot;focal_length&quot;:&quot;0&quot;,&quot;iso&quot;:&quot;0&quot;,&quot;shutter_speed&quot;:&quot;0&quot;,&quot;title&quot;:&quot;&quot;,&quot;orientation&quot;:&quot;1&quot;}\" data-image-title=\"1910-09-01 Le theatre_wp\" data-image-description=\"\" data-image-caption=\"\" data-medium-file=\"https:\/\/i0.wp.com\/lesgravereaux.marret.co\/wp-content\/uploads\/2016\/03\/1910-09-01-Le-theatre_wp.jpg?fit=300%2C202&amp;ssl=1\" data-large-file=\"https:\/\/i0.wp.com\/lesgravereaux.marret.co\/wp-content\/uploads\/2016\/03\/1910-09-01-Le-theatre_wp.jpg?fit=640%2C431&amp;ssl=1\" class=\"alignnone size-large wp-image-303\" src=\"https:\/\/i0.wp.com\/lesgravereaux.marret.co\/wp-content\/uploads\/2016\/03\/1910-09-01-Le-theatre_wp.jpg?resize=640%2C431&#038;ssl=1\" alt=\"1910-09-01 Le theatre_wp\" width=\"640\" height=\"431\" data-wp-pid=\"303\" srcset=\"https:\/\/i0.wp.com\/lesgravereaux.marret.co\/wp-content\/uploads\/2016\/03\/1910-09-01-Le-theatre_wp.jpg?resize=1024%2C690&amp;ssl=1 1024w, https:\/\/i0.wp.com\/lesgravereaux.marret.co\/wp-content\/uploads\/2016\/03\/1910-09-01-Le-theatre_wp.jpg?resize=300%2C202&amp;ssl=1 300w, https:\/\/i0.wp.com\/lesgravereaux.marret.co\/wp-content\/uploads\/2016\/03\/1910-09-01-Le-theatre_wp.jpg?resize=768%2C517&amp;ssl=1 768w, https:\/\/i0.wp.com\/lesgravereaux.marret.co\/wp-content\/uploads\/2016\/03\/1910-09-01-Le-theatre_wp.jpg?resize=800%2C539&amp;ssl=1 800w, https:\/\/i0.wp.com\/lesgravereaux.marret.co\/wp-content\/uploads\/2016\/03\/1910-09-01-Le-theatre_wp.jpg?resize=600%2C404&amp;ssl=1 600w, https:\/\/i0.wp.com\/lesgravereaux.marret.co\/wp-content\/uploads\/2016\/03\/1910-09-01-Le-theatre_wp.jpg?w=1280&amp;ssl=1 1280w, https:\/\/i0.wp.com\/lesgravereaux.marret.co\/wp-content\/uploads\/2016\/03\/1910-09-01-Le-theatre_wp.jpg?w=1920&amp;ssl=1 1920w\" sizes=\"auto, (max-width: 640px) 100vw, 640px\" \/><\/a><span style=\"font-size: 10pt;\"><em>Source : Revue Le Th\u00e9\u00e2tre, septembre 1910<\/em><\/span><\/p>\n<p><a href=\"https:\/\/i0.wp.com\/lesgravereaux.marret.co\/wp-content\/uploads\/2016\/04\/1907-06-23-Programme-de-la-Matin%C3%A9e-au-Th%C3%A9%C3%A2tre-des-Roses-p3-2_wp.jpg?ssl=1\" rel=\"attachment wp-att-1579\"><img data-recalc-dims=\"1\" loading=\"lazy\" decoding=\"async\" data-attachment-id=\"1579\" data-permalink=\"https:\/\/lesgravereaux.marret.co\/index.php\/571-2\/23-juin-1907-au-theatres-des-roses\/1907-06-23-programme-de-la-matinee-au-theatre-des-roses-p3-2_wp\/\" data-orig-file=\"https:\/\/i0.wp.com\/lesgravereaux.marret.co\/wp-content\/uploads\/2016\/04\/1907-06-23-Programme-de-la-Matin%C3%A9e-au-Th%C3%A9%C3%A2tre-des-Roses-p3-2_wp.jpg?fit=879%2C1181&amp;ssl=1\" data-orig-size=\"879,1181\" data-comments-opened=\"1\" data-image-meta=\"{&quot;aperture&quot;:&quot;5&quot;,&quot;credit&quot;:&quot;&quot;,&quot;camera&quot;:&quot;Canon EOS DIGITAL REBEL XSi&quot;,&quot;caption&quot;:&quot;&quot;,&quot;created_timestamp&quot;:&quot;1300694911&quot;,&quot;copyright&quot;:&quot;&quot;,&quot;focal_length&quot;:&quot;35&quot;,&quot;iso&quot;:&quot;400&quot;,&quot;shutter_speed&quot;:&quot;0.016666666666667&quot;,&quot;title&quot;:&quot;&quot;,&quot;orientation&quot;:&quot;1&quot;}\" data-image-title=\"1907-06-23 &amp;#8211; Programme de la Matin\u00e9e au Th\u00e9\u00e2tre des Roses p3-2_wp\" data-image-description=\"\" data-image-caption=\"\" data-medium-file=\"https:\/\/i0.wp.com\/lesgravereaux.marret.co\/wp-content\/uploads\/2016\/04\/1907-06-23-Programme-de-la-Matin%C3%A9e-au-Th%C3%A9%C3%A2tre-des-Roses-p3-2_wp.jpg?fit=223%2C300&amp;ssl=1\" data-large-file=\"https:\/\/i0.wp.com\/lesgravereaux.marret.co\/wp-content\/uploads\/2016\/04\/1907-06-23-Programme-de-la-Matin%C3%A9e-au-Th%C3%A9%C3%A2tre-des-Roses-p3-2_wp.jpg?fit=640%2C860&amp;ssl=1\" class=\"alignnone wp-image-1579\" src=\"https:\/\/i0.wp.com\/lesgravereaux.marret.co\/wp-content\/uploads\/2016\/04\/1907-06-23-Programme-de-la-Matin%C3%A9e-au-Th%C3%A9%C3%A2tre-des-Roses-p3-2_wp.jpg?resize=301%2C405&#038;ssl=1\" alt=\"1907-06-23 - Programme de la Matin\u00e9e au Th\u00e9\u00e2tre des Roses p3-2_wp\" width=\"301\" height=\"405\" data-wp-pid=\"1579\" srcset=\"https:\/\/i0.wp.com\/lesgravereaux.marret.co\/wp-content\/uploads\/2016\/04\/1907-06-23-Programme-de-la-Matin%C3%A9e-au-Th%C3%A9%C3%A2tre-des-Roses-p3-2_wp.jpg?resize=762%2C1024&amp;ssl=1 762w, https:\/\/i0.wp.com\/lesgravereaux.marret.co\/wp-content\/uploads\/2016\/04\/1907-06-23-Programme-de-la-Matin%C3%A9e-au-Th%C3%A9%C3%A2tre-des-Roses-p3-2_wp.jpg?resize=223%2C300&amp;ssl=1 223w, https:\/\/i0.wp.com\/lesgravereaux.marret.co\/wp-content\/uploads\/2016\/04\/1907-06-23-Programme-de-la-Matin%C3%A9e-au-Th%C3%A9%C3%A2tre-des-Roses-p3-2_wp.jpg?resize=768%2C1032&amp;ssl=1 768w, https:\/\/i0.wp.com\/lesgravereaux.marret.co\/wp-content\/uploads\/2016\/04\/1907-06-23-Programme-de-la-Matin%C3%A9e-au-Th%C3%A9%C3%A2tre-des-Roses-p3-2_wp.jpg?resize=800%2C1075&amp;ssl=1 800w, https:\/\/i0.wp.com\/lesgravereaux.marret.co\/wp-content\/uploads\/2016\/04\/1907-06-23-Programme-de-la-Matin%C3%A9e-au-Th%C3%A9%C3%A2tre-des-Roses-p3-2_wp.jpg?resize=447%2C600&amp;ssl=1 447w, https:\/\/i0.wp.com\/lesgravereaux.marret.co\/wp-content\/uploads\/2016\/04\/1907-06-23-Programme-de-la-Matin%C3%A9e-au-Th%C3%A9%C3%A2tre-des-Roses-p3-2_wp.jpg?w=879&amp;ssl=1 879w\" sizes=\"auto, (max-width: 301px) 100vw, 301px\" \/><\/a>\u00a0 \u00a0<a href=\"https:\/\/i0.wp.com\/lesgravereaux.marret.co\/wp-content\/uploads\/2016\/04\/1907-06-23-Programme-de-la-Matin%C3%A9e-au-Th%C3%A9%C3%A2tre-des-Roses-p2_wp.jpg?ssl=1\" rel=\"attachment wp-att-1578\"><img data-recalc-dims=\"1\" loading=\"lazy\" decoding=\"async\" data-attachment-id=\"1578\" data-permalink=\"https:\/\/lesgravereaux.marret.co\/index.php\/571-2\/23-juin-1907-au-theatres-des-roses\/1907-06-23-programme-de-la-matinee-au-theatre-des-roses-p2_wp\/\" data-orig-file=\"https:\/\/i0.wp.com\/lesgravereaux.marret.co\/wp-content\/uploads\/2016\/04\/1907-06-23-Programme-de-la-Matin%C3%A9e-au-Th%C3%A9%C3%A2tre-des-Roses-p2_wp.jpg?fit=872%2C1181&amp;ssl=1\" data-orig-size=\"872,1181\" data-comments-opened=\"1\" data-image-meta=\"{&quot;aperture&quot;:&quot;0&quot;,&quot;credit&quot;:&quot;&quot;,&quot;camera&quot;:&quot;&quot;,&quot;caption&quot;:&quot;&quot;,&quot;created_timestamp&quot;:&quot;0&quot;,&quot;copyright&quot;:&quot;&quot;,&quot;focal_length&quot;:&quot;0&quot;,&quot;iso&quot;:&quot;0&quot;,&quot;shutter_speed&quot;:&quot;0&quot;,&quot;title&quot;:&quot;&quot;,&quot;orientation&quot;:&quot;1&quot;}\" data-image-title=\"1907-06-23 &amp;#8211; Programme de la Matin\u00e9e au Th\u00e9\u00e2tre des Roses p2_wp\" data-image-description=\"\" data-image-caption=\"\" data-medium-file=\"https:\/\/i0.wp.com\/lesgravereaux.marret.co\/wp-content\/uploads\/2016\/04\/1907-06-23-Programme-de-la-Matin%C3%A9e-au-Th%C3%A9%C3%A2tre-des-Roses-p2_wp.jpg?fit=222%2C300&amp;ssl=1\" data-large-file=\"https:\/\/i0.wp.com\/lesgravereaux.marret.co\/wp-content\/uploads\/2016\/04\/1907-06-23-Programme-de-la-Matin%C3%A9e-au-Th%C3%A9%C3%A2tre-des-Roses-p2_wp.jpg?fit=640%2C867&amp;ssl=1\" class=\"alignnone wp-image-1578\" src=\"https:\/\/i0.wp.com\/lesgravereaux.marret.co\/wp-content\/uploads\/2016\/04\/1907-06-23-Programme-de-la-Matin%C3%A9e-au-Th%C3%A9%C3%A2tre-des-Roses-p2_wp.jpg?resize=300%2C407&#038;ssl=1\" alt=\"1907-06-23 - Programme de la Matin\u00e9e au Th\u00e9\u00e2tre des Roses p2_wp\" width=\"300\" height=\"407\" data-wp-pid=\"1578\" srcset=\"https:\/\/i0.wp.com\/lesgravereaux.marret.co\/wp-content\/uploads\/2016\/04\/1907-06-23-Programme-de-la-Matin%C3%A9e-au-Th%C3%A9%C3%A2tre-des-Roses-p2_wp.jpg?resize=756%2C1024&amp;ssl=1 756w, https:\/\/i0.wp.com\/lesgravereaux.marret.co\/wp-content\/uploads\/2016\/04\/1907-06-23-Programme-de-la-Matin%C3%A9e-au-Th%C3%A9%C3%A2tre-des-Roses-p2_wp.jpg?resize=222%2C300&amp;ssl=1 222w, https:\/\/i0.wp.com\/lesgravereaux.marret.co\/wp-content\/uploads\/2016\/04\/1907-06-23-Programme-de-la-Matin%C3%A9e-au-Th%C3%A9%C3%A2tre-des-Roses-p2_wp.jpg?resize=768%2C1040&amp;ssl=1 768w, https:\/\/i0.wp.com\/lesgravereaux.marret.co\/wp-content\/uploads\/2016\/04\/1907-06-23-Programme-de-la-Matin%C3%A9e-au-Th%C3%A9%C3%A2tre-des-Roses-p2_wp.jpg?resize=800%2C1083&amp;ssl=1 800w, https:\/\/i0.wp.com\/lesgravereaux.marret.co\/wp-content\/uploads\/2016\/04\/1907-06-23-Programme-de-la-Matin%C3%A9e-au-Th%C3%A9%C3%A2tre-des-Roses-p2_wp.jpg?resize=443%2C600&amp;ssl=1 443w, https:\/\/i0.wp.com\/lesgravereaux.marret.co\/wp-content\/uploads\/2016\/04\/1907-06-23-Programme-de-la-Matin%C3%A9e-au-Th%C3%A9%C3%A2tre-des-Roses-p2_wp.jpg?w=872&amp;ssl=1 872w\" sizes=\"auto, (max-width: 300px) 100vw, 300px\" \/><\/a><\/p>\n<p>&nbsp;<\/p>\n","protected":false},"excerpt":{"rendered":"<p>Le 23 juin 1907, G\u00e9rard Gravereaux et Fran\u00e7ois Ballu, deux petits-enfants de Jules Gravereaux, \u00e9taient baptis\u00e9s dans la chapelle du parc. Et, \u00e0 cette occasion, Jules Gravereaux fit repr\u00e9senter, sur le th\u00e9\u00e2tre des Roses, un op\u00e9ra-ballet :\u00a0le Triomphe du Dieu &hellip; <a href=\"https:\/\/lesgravereaux.marret.co\/index.php\/571-2\/23-juin-1907-au-theatres-des-roses\/\">Continuer la lecture <span class=\"meta-nav\">&rarr;<\/span><\/a><\/p>\n","protected":false},"author":1,"featured_media":0,"parent":571,"menu_order":0,"comment_status":"closed","ping_status":"closed","template":"","meta":{"ngg_post_thumbnail":0,"jetpack_post_was_ever_published":false,"footnotes":""},"class_list":["post-1575","page","type-page","status-publish","hentry"],"jetpack_sharing_enabled":true,"jetpack_shortlink":"https:\/\/wp.me\/P7ERyi-pp","jetpack-related-posts":[{"id":2377,"url":"https:\/\/lesgravereaux.marret.co\/index.php\/la-famille-gravereaux\/la-famille-gravereaux-au-theatre\/","url_meta":{"origin":1575,"position":0},"title":"La famille Gravereaux au th\u00e9\u00e2tre","author":"marretgravereaux","date":"9 mai 2016","format":false,"excerpt":"En se mariant avec Laure Thuillier, Jules Gravereaux entrait dans une famille au talent artistique ind\u00e9niable. Sa belle-s\u0153ur, Louise Victoire Thuillier avait remport\u00e9 un premier prix de piano et un 1er prix de solf\u00e8ge au Conservatoire; elle fit d\u2019ailleurs carri\u00e8re \u00e0 l\u2019Op\u00e9ra-Comique et \u00e0 la Gait\u00e9 Lyrique, o\u00f9 elle cr\u00e9a\u2026","rel":"","context":"Article similaire","block_context":{"text":"Article similaire","link":""},"img":{"alt_text":"1903-03-30 Gravereaux, Jules - Spectacle (Journal des debats) 2_wp","src":"https:\/\/i0.wp.com\/lesgravereaux.marret.co\/wp-content\/uploads\/2016\/05\/1903-03-30-Gravereaux-Jules-Spectacle-Journal-des-debats-2_wp-1024x683.jpg?resize=350%2C200","width":350,"height":200},"classes":[]},{"id":2001,"url":"https:\/\/lesgravereaux.marret.co\/index.php\/jules-gravereaux\/1294-2\/des-roses\/aux-noms-de-la-rose\/","url_meta":{"origin":1575,"position":1},"title":"Aux noms de la rose&#8230;","author":"marretgravereaux","date":"25 avril 2016","format":false,"excerpt":"Jules Gravereaux a cr\u00e9\u00e9 plus d'une centaine de roses et il a donn\u00e9 \u00e0 celles-ci le nom de membres de sa famille, d'amis ou de personnes connues, ainsi que de certains lieux ou \u00e9v\u00e8nements. Diverses recherches ont permis d'identifier, de fa\u00e7on certaine ou probable, les personnes vis\u00e9es... Si vous avez\u2026","rel":"","context":"Article similaire","block_context":{"text":"Article similaire","link":""},"img":{"alt_text":"1902 RdlH - Catalogue p91A_wp","src":"https:\/\/i0.wp.com\/lesgravereaux.marret.co\/wp-content\/uploads\/2016\/04\/1902-RdlH-Catalogue-p91A_wp-628x1024.jpg?resize=350%2C200","width":350,"height":200},"classes":[]},{"id":571,"url":"https:\/\/lesgravereaux.marret.co\/index.php\/571-2\/","url_meta":{"origin":1575,"position":2},"title":"Les f\u00eates \u00e0 L&rsquo;Ha\u00ff","author":"marretgravereaux","date":"7 mars 2016","format":false,"excerpt":"Jules Gravereaux aimait recevoir, non seulement sa famille, mais aussi les membres de nombreuses associations auxquelles il ouvrit la porte du domaine de L'Ha\u00ff, pour une simple visite de la roseraie ou pour un spectacle au th\u00e9\u00e2tre de\u00a0verdure. Bien qu'incomplet, le calendrier ci-apr\u00e8s donne une id\u00e9e de ces r\u00e9ceptions qui\u2026","rel":"","context":"Article similaire","block_context":{"text":"Article similaire","link":""},"img":{"alt_text":"","src":"https:\/\/i0.wp.com\/lesgravereaux.marret.co\/wp-content\/uploads\/2016\/04\/LHay-Visite-de-la-roseraie-47-J-843_wp-1024x759.jpg?resize=350%2C200","width":350,"height":200,"srcset":"https:\/\/i0.wp.com\/lesgravereaux.marret.co\/wp-content\/uploads\/2016\/04\/LHay-Visite-de-la-roseraie-47-J-843_wp-1024x759.jpg?resize=350%2C200 1x, https:\/\/i0.wp.com\/lesgravereaux.marret.co\/wp-content\/uploads\/2016\/04\/LHay-Visite-de-la-roseraie-47-J-843_wp-1024x759.jpg?resize=525%2C300 1.5x"},"classes":[]},{"id":807,"url":"https:\/\/lesgravereaux.marret.co\/index.php\/jules-gravereaux\/portraits-de-jules-gravereaux\/","url_meta":{"origin":1575,"position":3},"title":"Portraits de Jules Gravereaux","author":"marretgravereaux","date":"10 mars 2016","format":false,"excerpt":"Tableau Portrait de Jules Gravereaux dans la roseraie de L\u2019Ha\u00ff\u00a0\u00a0 par Charles-Paul RENOUARD (1841-1919)\u00a0 Source : Archives d\u00e9partementales du Val-de-Marne \u00a0 M\u00e9daille M\u00e9daille\u00a0(38mm, fini bronze) con\u00e7ue par Jean-Luc Marret et frapp\u00e9e par l'atelier mon\u00e9taire\u00a0Pressed Metal Products\u00a0de Vancouver (Canada). Pour plus de d\u00e9tails et commande s'adresser \u00e0\u00a0Jean-Luc Marret. \u00a0 Buste R\u00e9alis\u00e9\u2026","rel":"","context":"Article similaire","block_context":{"text":"Article similaire","link":""},"img":{"alt_text":"Renouard, Charles-Paul (47 J 245)_wp","src":"https:\/\/i0.wp.com\/marret.co\/wp-content\/uploads\/2016\/03\/Renouard-Charles-Paul-47-J-245_wp-1024x743.jpg?resize=350%2C200","width":350,"height":200},"classes":[]},{"id":1270,"url":"https:\/\/lesgravereaux.marret.co\/index.php\/jules-gravereaux\/portraits-de-jules-gravereaux\/a-la-une\/","url_meta":{"origin":1575,"position":4},"title":"Jules Gravereaux \u00e0 la une","author":"marretgravereaux","date":"19 mars 2016","format":false,"excerpt":"Dans son\u00a0num\u00e9ro du 1er\u00a0juin 1907, la revue La Vie \u00e0 la Campagne affiche un portrait de Jules Gravereaux, \u00e0 la une de sa section informative\u2026 Elle le pr\u00e9sente dans son bas de vignette. JULES GRAVEREAUX. Chevalier de la L\u00e9gion d'Honneur, Officier du M\u00e9rite Agricole, propri\u00e9taire de la Roseraie de l'Hay\u2026","rel":"","context":"Article similaire","block_context":{"text":"Article similaire","link":""},"img":{"alt_text":"1907-06-01 La vie a la campagne a_wp","src":"https:\/\/i0.wp.com\/marret.co\/wp-content\/uploads\/2016\/03\/1907-06-01-La-vie-a-la-campagne-a_wp-726x1024.jpg?resize=350%2C200","width":350,"height":200},"classes":[]},{"id":958,"url":"https:\/\/lesgravereaux.marret.co\/index.php\/des-roseraies\/la-roseraie-de-bagatelle\/","url_meta":{"origin":1575,"position":5},"title":"La roseraie de Bagatelle","author":"marretgravereaux","date":"13 mars 2016","format":false,"excerpt":"D\u00e8s l'acquisition de Bagatelle par la ville de Paris, en janvier 1905, le conservateur des Parcs et Jardins, J.C.N. Forestier,\u00a0proposa d'y constituer une collection de plantes de pleine terre. Pour la roseraie, il fit appel \u00e0 Jules Gravereaux, propri\u00e9taire de la roseraie de L'Ha\u00ff. Celui-ci en devint l\u2019initiateur, le conseiller\u2026","rel":"","context":"Article similaire","block_context":{"text":"Article similaire","link":""},"img":{"alt_text":"Bagatelle - Plaque hommage a Jules Gravereaux_wp","src":"https:\/\/i0.wp.com\/marret.co\/wp-content\/uploads\/2016\/03\/Plaque-hommage-a-Jules-Gravereaux_wp.jpg?resize=350%2C200","width":350,"height":200},"classes":[]}],"_links":{"self":[{"href":"https:\/\/lesgravereaux.marret.co\/index.php\/wp-json\/wp\/v2\/pages\/1575","targetHints":{"allow":["GET"]}}],"collection":[{"href":"https:\/\/lesgravereaux.marret.co\/index.php\/wp-json\/wp\/v2\/pages"}],"about":[{"href":"https:\/\/lesgravereaux.marret.co\/index.php\/wp-json\/wp\/v2\/types\/page"}],"author":[{"embeddable":true,"href":"https:\/\/lesgravereaux.marret.co\/index.php\/wp-json\/wp\/v2\/users\/1"}],"replies":[{"embeddable":true,"href":"https:\/\/lesgravereaux.marret.co\/index.php\/wp-json\/wp\/v2\/comments?post=1575"}],"version-history":[{"count":0,"href":"https:\/\/lesgravereaux.marret.co\/index.php\/wp-json\/wp\/v2\/pages\/1575\/revisions"}],"up":[{"embeddable":true,"href":"https:\/\/lesgravereaux.marret.co\/index.php\/wp-json\/wp\/v2\/pages\/571"}],"wp:attachment":[{"href":"https:\/\/lesgravereaux.marret.co\/index.php\/wp-json\/wp\/v2\/media?parent=1575"}],"curies":[{"name":"wp","href":"https:\/\/api.w.org\/{rel}","templated":true}]}}