{"id":1573,"date":"2016-04-19T18:33:51","date_gmt":"2016-04-19T17:33:51","guid":{"rendered":"http:\/\/lesgravereaux.marret.co\/?page_id=1573"},"modified":"2016-06-12T16:07:41","modified_gmt":"2016-06-12T15:07:41","slug":"juin-1905-deux-baptemes-sous-les-roses","status":"publish","type":"page","link":"https:\/\/lesgravereaux.marret.co\/index.php\/571-2\/juin-1905-deux-baptemes-sous-les-roses\/","title":{"rendered":"Juin 1905 &#8211; Deux bapt\u00eames sous les roses"},"content":{"rendered":"<p><a href=\"https:\/\/i0.wp.com\/lesgravereaux.marret.co\/wp-content\/uploads\/2016\/03\/1905-07-01-Femina_wp.jpg?ssl=1\" rel=\"attachment wp-att-980\"><img data-recalc-dims=\"1\" loading=\"lazy\" decoding=\"async\" data-attachment-id=\"980\" data-permalink=\"https:\/\/lesgravereaux.marret.co\/1905-07-01-femina_wp\/\" data-orig-file=\"https:\/\/i0.wp.com\/lesgravereaux.marret.co\/wp-content\/uploads\/2016\/03\/1905-07-01-Femina_wp.jpg?fit=2373%2C3000&amp;ssl=1\" data-orig-size=\"2373,3000\" data-comments-opened=\"1\" data-image-meta=\"{&quot;aperture&quot;:&quot;0&quot;,&quot;credit&quot;:&quot;&quot;,&quot;camera&quot;:&quot;&quot;,&quot;caption&quot;:&quot;&quot;,&quot;created_timestamp&quot;:&quot;0&quot;,&quot;copyright&quot;:&quot;&quot;,&quot;focal_length&quot;:&quot;0&quot;,&quot;iso&quot;:&quot;0&quot;,&quot;shutter_speed&quot;:&quot;0&quot;,&quot;title&quot;:&quot;&quot;,&quot;orientation&quot;:&quot;1&quot;}\" data-image-title=\"1905-07-01 Femina_wp\" data-image-description=\"\" data-image-caption=\"\" data-medium-file=\"https:\/\/i0.wp.com\/lesgravereaux.marret.co\/wp-content\/uploads\/2016\/03\/1905-07-01-Femina_wp.jpg?fit=237%2C300&amp;ssl=1\" data-large-file=\"https:\/\/i0.wp.com\/lesgravereaux.marret.co\/wp-content\/uploads\/2016\/03\/1905-07-01-Femina_wp.jpg?fit=640%2C809&amp;ssl=1\" class=\"alignnone size-large wp-image-980\" src=\"https:\/\/i0.wp.com\/lesgravereaux.marret.co\/wp-content\/uploads\/2016\/03\/1905-07-01-Femina_wp.jpg?resize=640%2C809&#038;ssl=1\" alt=\"1905-07-01 Femina_wp\" width=\"640\" height=\"809\" data-wp-pid=\"980\" srcset=\"https:\/\/i0.wp.com\/lesgravereaux.marret.co\/wp-content\/uploads\/2016\/03\/1905-07-01-Femina_wp.jpg?resize=810%2C1024&amp;ssl=1 810w, https:\/\/i0.wp.com\/lesgravereaux.marret.co\/wp-content\/uploads\/2016\/03\/1905-07-01-Femina_wp.jpg?resize=237%2C300&amp;ssl=1 237w, https:\/\/i0.wp.com\/lesgravereaux.marret.co\/wp-content\/uploads\/2016\/03\/1905-07-01-Femina_wp.jpg?resize=768%2C971&amp;ssl=1 768w, https:\/\/i0.wp.com\/lesgravereaux.marret.co\/wp-content\/uploads\/2016\/03\/1905-07-01-Femina_wp.jpg?resize=800%2C1011&amp;ssl=1 800w, https:\/\/i0.wp.com\/lesgravereaux.marret.co\/wp-content\/uploads\/2016\/03\/1905-07-01-Femina_wp.jpg?resize=475%2C600&amp;ssl=1 475w, https:\/\/i0.wp.com\/lesgravereaux.marret.co\/wp-content\/uploads\/2016\/03\/1905-07-01-Femina_wp.jpg?w=1280&amp;ssl=1 1280w, https:\/\/i0.wp.com\/lesgravereaux.marret.co\/wp-content\/uploads\/2016\/03\/1905-07-01-Femina_wp.jpg?w=1920&amp;ssl=1 1920w\" sizes=\"auto, (max-width: 640px) 100vw, 640px\" \/><\/a><\/p>\n<p><em>L\u00e9gende :<\/em><\/p>\n<h3><strong>Deux bapt\u00eames dans les roses<\/strong><\/h3>\n<p>Cette photographie a \u00e9t\u00e9 prise dans la propri\u00e9t\u00e9 de la Roseraie de l&rsquo;Hay, pr\u00e8s Paris,<br \/>\nau milieu des admirables massifs de rosiers, cultiv\u00e9s dans ce superbe jardin,<br \/>\no\u00f9 M. et Mme Gravereaux avaient organis\u00e9 le double bapt\u00eame de deux de leurs petits-enfants, Philippe et Anette Gravereaux.<\/p>\n<p>&nbsp;<\/p>\n<p>&nbsp;<\/p>\n","protected":false},"excerpt":{"rendered":"<p>L\u00e9gende : Deux bapt\u00eames dans les roses Cette photographie a \u00e9t\u00e9 prise dans la propri\u00e9t\u00e9 de la Roseraie de l&rsquo;Hay, pr\u00e8s Paris, au milieu des admirables massifs de rosiers, cultiv\u00e9s dans ce superbe jardin, o\u00f9 M. et Mme Gravereaux avaient &hellip; <a href=\"https:\/\/lesgravereaux.marret.co\/index.php\/571-2\/juin-1905-deux-baptemes-sous-les-roses\/\">Continuer la lecture <span class=\"meta-nav\">&rarr;<\/span><\/a><\/p>\n","protected":false},"author":1,"featured_media":0,"parent":571,"menu_order":0,"comment_status":"closed","ping_status":"closed","template":"","meta":{"ngg_post_thumbnail":0,"jetpack_post_was_ever_published":false,"footnotes":""},"class_list":["post-1573","page","type-page","status-publish","hentry"],"jetpack_sharing_enabled":true,"jetpack_shortlink":"https:\/\/wp.me\/P7ERyi-pn","jetpack-related-posts":[{"id":603,"url":"https:\/\/lesgravereaux.marret.co\/index.php\/la-famille-gravereaux\/croissy-la-propriete-ancelot-gravereaux\/","url_meta":{"origin":1573,"position":0},"title":"Croissy &#8211; la propri\u00e9t\u00e9 Ancelot-Gravereaux","author":"marretgravereaux","date":"7 mars 2016","format":false,"excerpt":"En 1883, Beno\u00eet-Donatien Caillau fait l\u2019acquisition d\u2019une maison \u00e0 Croissy-sur-Seine. \u00ab\u00a0D'une propri\u00e9t\u00e9 sise \u00e0 Croissy, canton de Saint-Germain-en-Laye, arrondissement de Versailles (Seine-et-Oise, le long de la Seine, berge de la Prairie, comprenant\u00a0: une maison d'habitation \u00e9lev\u00e9e sur caves, d'un rez-de-chauss\u00e9e, d'un premier \u00e9tage carr\u00e9 et d\u2019un deuxi\u00e8me \u00e9tage mansard\u00e9\u00a0: Corps\u2026","rel":"","context":"Article similaire","block_context":{"text":"Article similaire","link":""},"img":{"alt_text":"Croissy - Vue prise dans l'ile_wp","src":"https:\/\/i0.wp.com\/marret.co\/wp-content\/uploads\/2016\/03\/Croissy-Vue-prise-dans-lile_wp-1024x661.jpg?resize=350%2C200","width":350,"height":200},"classes":[]},{"id":1968,"url":"https:\/\/lesgravereaux.marret.co\/index.php\/jules-gravereaux\/jules-gravereaux-ses-ecrits\/1901-rapport-sur-la-culture-des-roses-dans-la-peninsule-des-balkans\/1901-rapport-sur-la-culture-des-roses\/","url_meta":{"origin":1573,"position":1},"title":"1901 &#8211; La culture des roses dans les Balkans (commentaire)","author":"marretgravereaux","date":"25 avril 2016","format":false,"excerpt":"GRAVEREAUX, Jules. Rapport sur la culture des roses dans la p\u00e9ninsule des Balkans \/ par J. Gravereaux. Extrait du Bulletin du Minist\u00e8re de l'Agriculture, 1901, no\u00a03. Paris\u00a0: Impr. nationale, 1901.- 9\u00a0p.; 27\u00a0cm. ~~~~~~~ L\u2019auteur est cet amateur qui a fond\u00e9 la Roseraie de l\u2019Hay (Seine), d\u00e9j\u00e0 c\u00e9l\u00e8bre quoique de cr\u00e9ation\u2026","rel":"","context":"Article similaire","block_context":{"text":"Article similaire","link":""},"img":{"alt_text":"1901 La culture des roses p02 - YH069_wp","src":"https:\/\/i0.wp.com\/lesgravereaux.marret.co\/wp-content\/uploads\/2016\/04\/1901-La-culture-des-roses-p02-YH069_wp-741x1024.jpg?resize=350%2C200","width":350,"height":200},"classes":[]},{"id":688,"url":"https:\/\/lesgravereaux.marret.co\/index.php\/jules-gravereaux\/des-evenements-de-sa-vie\/jules-gravereaux-son-deces\/le-deces-de-jules-gravereaux\/","url_meta":{"origin":1573,"position":2},"title":"Le d\u00e9c\u00e8s de Jules Gravereaux &#8211; dans la presse fran\u00e7aise","author":"marretgravereaux","date":"8 mars 2016","format":false,"excerpt":"Jules Gravereaux est d\u00e9c\u00e9d\u00e9 le 23 mars 1916, \u00e0 son domicile du 4, avenue de Villars.\u00a0Ses obs\u00e8ques eurent lieu deux jours plus tard, en l'\u00e9glise Saint-Fran\u00e7ois-Xavier. \u00a0 \u00a0 Dans les journaux, plusieurs hommages lui furent rendus... Avant-hier ont \u00e9t\u00e9, c\u00e9l\u00e9br\u00e9es, \u00e0 midi, en l'\u00e9glise Saint-Fran\u00e7ois-Xavier, en pr\u00e9sence d'une assistance nombreuse,\u2026","rel":"","context":"Article similaire","block_context":{"text":"Article similaire","link":""},"img":{"alt_text":"1916-03-25 Gravereaux, Jules - Enterrement - JLM0348_wp","src":"https:\/\/i0.wp.com\/marret.co\/wp-content\/uploads\/2016\/03\/1916-03-25-Gravereaux-Jules-Enterrement-JLM0348_wp-1024x708.jpg?resize=350%2C200","width":350,"height":200},"classes":[]},{"id":790,"url":"https:\/\/lesgravereaux.marret.co\/index.php\/la-roseraie-de-lhay\/souvenirs-de-lhay\/","url_meta":{"origin":1573,"position":3},"title":"Souvenirs de L&rsquo;Ha\u00ff","author":"marretgravereaux","date":"10 mars 2016","format":false,"excerpt":"Article publi\u00e9\u00a0 dans le Bulletin de l'Association des Amis du Vieux L'Ha\u00ff en juin 2011 Souvenirs de L'Ha\u00ff [1] [2] par H\u00e9l\u00e8ne Ballu, petite-fille de Jules Gravereaux. Un vieillard qui s\u2019\u00e9teint, c\u2019est une biblioth\u00e8que qui br\u00fble, dit-on. Comme il est encore temps, moi, H\u00e9l\u00e8ne Ballu, n\u00e9e le 11 juin 1910\u2026","rel":"","context":"Article similaire","block_context":{"text":"Article similaire","link":""},"img":{"alt_text":"GV018 - L'HAY MAISON PRINCIPALE_wp","src":"https:\/\/i0.wp.com\/marret.co\/wp-content\/uploads\/2016\/03\/GV018-LHAY-MAISON-PRINCIPALE_wp-1024x1012.jpg?resize=350%2C200","width":350,"height":200},"classes":[]},{"id":1536,"url":"https:\/\/lesgravereaux.marret.co\/index.php\/571-2\/1910-le-19-juin\/","url_meta":{"origin":1573,"position":4},"title":"19 juin 1910 &#8211; Bapt\u00eames familiaux","author":"marretgravereaux","date":"10 avril 2016","format":false,"excerpt":"Le 19 juin 1910, le cardinal L\u00e9on-Adolphe Amette, archev\u00eaque de Paris, c\u00e9l\u00e9brait dans la chapelle de L'Ha\u00ff, le bapt\u00eame d\u2019H\u00e9l\u00e8ne Ballu (n\u00e9e \u00e0 L\u2019Ha\u00ff le 11\u00a0juin\u00a01910) et de Suzanne Gravereaux (n\u00e9e \u00e0 Paris VIIe le 22\u00a0novembre\u00a01909). Une r\u00e9ception familiale a suivi la c\u00e9r\u00e9monie religieuse. \u00a0 \u00a0 \u00a0 \u00a0 \u00a0 Source\u00a0:\u2026","rel":"","context":"Article similaire","block_context":{"text":"Article similaire","link":""},"img":{"alt_text":"1910-06-19 Gravereaux, Suzanne - JLM0285N_wp","src":"https:\/\/i0.wp.com\/lesgravereaux.marret.co\/wp-content\/uploads\/2016\/03\/1910-06-19-Gravereaux-Suzanne-JLM0285N_wp-1024x721.jpg?resize=350%2C200","width":350,"height":200},"classes":[]},{"id":1211,"url":"https:\/\/lesgravereaux.marret.co\/index.php\/jules-gravereaux\/jules-gravereaux-et-lhay-documents-et-references\/","url_meta":{"origin":1573,"position":5},"title":"Jules Gravereaux et l&rsquo;Ha\u00ff &#8211; Documents et r\u00e9f\u00e9rences","author":"marretgravereaux","date":"18 mars 2016","format":false,"excerpt":"S\u2019il ne fallait mentionner qu\u2019un ouvrage \u00e0 lire pour conna\u00eetre l\u2019histoire de Jules Gravereaux et de la roseraie de L\u2019Ha\u00ff, ce serait certainement celui de Nadine Villalobos\u00a0: Floril\u00e8ge, la roseraie du Val-de-Marne \u00e0 L\u2019Ha\u00ff-les-Roses. Villa-Lobos, Nadine et B\u00e9atrice Pichon-Clarisse. Floril\u00e8ge \u00e0 L'Ha\u00ff-les-Roses - La roseraie du Val-de-Marne. Imprimerie Nationale, 2006.\u2026","rel":"","context":"Article similaire","block_context":{"text":"Article similaire","link":""},"img":{"alt_text":"Florilege c0_wp","src":"https:\/\/i0.wp.com\/marret.co\/wp-content\/uploads\/2016\/03\/Florilege-c0_wp-899x1024.jpg?resize=350%2C200","width":350,"height":200},"classes":[]}],"_links":{"self":[{"href":"https:\/\/lesgravereaux.marret.co\/index.php\/wp-json\/wp\/v2\/pages\/1573","targetHints":{"allow":["GET"]}}],"collection":[{"href":"https:\/\/lesgravereaux.marret.co\/index.php\/wp-json\/wp\/v2\/pages"}],"about":[{"href":"https:\/\/lesgravereaux.marret.co\/index.php\/wp-json\/wp\/v2\/types\/page"}],"author":[{"embeddable":true,"href":"https:\/\/lesgravereaux.marret.co\/index.php\/wp-json\/wp\/v2\/users\/1"}],"replies":[{"embeddable":true,"href":"https:\/\/lesgravereaux.marret.co\/index.php\/wp-json\/wp\/v2\/comments?post=1573"}],"version-history":[{"count":0,"href":"https:\/\/lesgravereaux.marret.co\/index.php\/wp-json\/wp\/v2\/pages\/1573\/revisions"}],"up":[{"embeddable":true,"href":"https:\/\/lesgravereaux.marret.co\/index.php\/wp-json\/wp\/v2\/pages\/571"}],"wp:attachment":[{"href":"https:\/\/lesgravereaux.marret.co\/index.php\/wp-json\/wp\/v2\/media?parent=1573"}],"curies":[{"name":"wp","href":"https:\/\/api.w.org\/{rel}","templated":true}]}}