{"id":1523,"date":"2016-04-10T18:25:15","date_gmt":"2016-04-10T17:25:15","guid":{"rendered":"http:\/\/lesgravereaux.marret.co\/?page_id=1523"},"modified":"2022-06-25T16:05:13","modified_gmt":"2022-06-25T15:05:13","slug":"liens-utiles","status":"publish","type":"page","link":"https:\/\/lesgravereaux.marret.co\/index.php\/liens-utiles\/","title":{"rendered":"Liens utiles"},"content":{"rendered":"<h3><strong><i><span lang=\"FR\" style=\"margin: 0px; padding: 0cm; border: 1pt windowtext; color: #444444; font-family: 'Georgia','serif'; font-size: 10pt; font-weight: normal;\">Les liens pour :&nbsp;<\/span><\/i><\/strong><span style=\"font-size: 10pt;\"><i><span lang=\"FR\">&#8211;&nbsp;<a href=\"#FamilleGravereaux\">La famille Gravereaux <\/a><\/span><\/i>&#8211;&nbsp;<i><span lang=\"FR\"><a href=\"#JulesGravereaux\">Jules Gravereaux<\/a> &#8211; <\/span><\/i><a href=\"#DenisGravereaux\"><i><span lang=\"FR\">Denis Gravereaux<\/span><\/i><\/a><i><span lang=\"FR\">&nbsp;&#8211;&nbsp;<a href=\"#SylvieBeco\">Sylvie de Beco<\/a>&nbsp;<\/span><\/i><\/span><span style=\"font-size: 10pt;\"><i><span lang=\"FR\">&#8211;&nbsp;<a href=\"#JCPascal\">Jean-Claude Pascal<\/a> <\/span><\/i>&#8211; <\/span><span style=\"font-size: 10pt;\"><i><span lang=\"FR\"><a href=\"#RoseraieLHay\">La roseraie de l&rsquo;Ha\u00ff<\/a> &#8211;&nbsp;<a href=\"#Etablissements\">Les \u00c9tablissements Gravereaux<\/a><\/span><\/i><\/span><span style=\"font-size: 10pt;\"><i><span lang=\"FR\">&nbsp;&#8211;&nbsp;<a href=\"#Associations\">Associations et organismes <\/a><\/span><\/i><\/span><i><\/i><\/h3>\n<h3><a id=\"JulesGravereaux\"><\/a>&nbsp;<\/h3>\n<h3>&nbsp;<strong>Jules Gravereaux<\/strong><\/h3>\n<p style=\"padding-left: 30px;\"><a href=\"https:\/\/fr.wikipedia.org\/wiki\/Jules_Gravereaux\" target=\"_blank\" rel=\"noopener\">Wikipedia<\/a> &#8211; Jules Gravereaux<\/p>\n<hr>\n<h3>&nbsp;<a id=\"RoseraieLHay\"><\/a>&nbsp;<\/h3>\n<h3><strong>La roseraie de l&rsquo;Ha\u00ff<\/strong><\/h3>\n<p style=\"padding-left: 30px;\"><a href=\"https:\/\/roseraie.valdemarne.fr\/\" target=\"_blank\" rel=\"noopener\">La Roseraie du Val-de-Marne<\/a><\/p>\n<p style=\"padding-left: 30px;\"><a href=\"https:\/\/fr.wikipedia.org\/wiki\/Roseraie_du_Val-de-Marne\" target=\"_blank\" rel=\"noopener\">Wikipedia<\/a> &#8211; La Roseraie du Val-de-Marne<\/p>\n<p style=\"padding-left: 30px;\"><a href=\"http:\/\/www.helpmefind.com\/gardening\/l.php?l=3.4126&amp;tab=1\" target=\"_blank\" rel=\"noopener\">HelpMeFind<\/a> &#8211; Roseraie du Val-de-Marne \u00e0 L&rsquo;Ha\u00ff-les-Roses<\/p>\n<p style=\"padding-left: 30px;\">Fondation Patrimoine &#8211; Roseraie du Val-de-Marne<\/p>\n<p><em>Pour des photos de la roseraie&#8230;<\/em><br \/>\n<em> \u00e0 condition qu&rsquo;elles n&rsquo;aient pas \u00e9t\u00e9 retir\u00e9es avant votre visite sur ce site!<\/em><\/p>\n<p style=\"padding-left: 30px;\"><a href=\"http:\/\/photocosmos.centerblog.net\/134-la-roseraie-de-la-haye-les-roses\" target=\"_blank\" rel=\"noopener\">Photocosmos<\/a> &#8211; La roseraie de L&rsquo;Ha\u00ff-les-Roses<\/p>\n<p style=\"padding-left: 30px;\"><a href=\"http:\/\/rosemai.canalblog.com\/albums\/la_roseraie_du_val_de_marne__l_hay_les_roses_\/index.html\" target=\"_blank\" rel=\"noopener\">Rosemai<\/a> &#8211; La Roseraie du Val-de-Marne (L&rsquo;Hay-les-Roses)<\/p>\n<p><em>Pour des vid\u00e9os sur la roseraie de L&rsquo;Ha\u00ff-les-Roses et sur les roses,<\/em><br \/>\nune liste de <a href=\"https:\/\/lesgravereaux.marret.co\/index.php\/2016\/03\/09\/des-videos-sur-lhay-et-les-roses\/\" target=\"_blank\" rel=\"noopener\">liens sur ce site<\/a><\/p>\n<h3><strong>Des roses&#8230;<\/strong><\/h3>\n<p class=\"responsive_auto_width_small responsive_float_none_small\"><a href=\"https:\/\/wizzley.com\/rose-a-parfum-de-l-hay-and-roseraie-de-l-hay\/\" target=\"_blank\" rel=\"noopener\">Rose \u00e0 Parfum de l&rsquo;Hay&rsquo; and &lsquo;Roseraie de l&rsquo;Hay&rsquo;: Sumptuous Tributes to Incomparable Rose Garden<\/a><\/p>\n<hr>\n<h3>&nbsp;<a id=\"Associations\"><\/a><\/h3>\n<h3><strong>Associations et organismes<\/strong><\/h3>\n<p style=\"padding-left: 30px;\"><a href=\"https:\/\/roseraie.valdemarne.fr\/nous-soutenir\/association-amis-roseraie\" target=\"_blank\" rel=\"noopener\">Les Amis de la Roseraie du Val-de-Marne<\/a> (sur le site de la Roseraie)<\/p>\n<p style=\"padding-left: 30px;\"><a href=\"https:\/\/www.facebook.com\/LesAmisDeLaRoseraieDuValDeMarne\/?fref=nf\" target=\"_blank\" rel=\"noopener\">Les Amis de la Roseraie du Val-de-Marne<\/a> (page Facebook)<\/p>\n<p style=\"padding-left: 30px;\"><a href=\"http:\/\/www.amis-du-vieux-lhay.fr\/\" target=\"_blank\" rel=\"noopener\">Les Amis du Vieux L&rsquo;Ha\u00ff<\/a> (Histoire et Patrimoine de L&rsquo;Ha\u00ff-les-Roses)<\/p>\n<p style=\"padding-left: 30px;\"><a href=\"http:\/\/www.lhaylesroses.fr\/\" target=\"_blank\" rel=\"noopener\">La ville de L&rsquo;Ha\u00ff-les-Roses<\/a> (site officiel)<\/p>\n<p style=\"padding-left: 30px;\">Archives d\u00e9partementales du Val-de-Marne &#8211; Mus\u00e9e de la Rose<\/p>\n<hr>\n<h3><a id=\"JCPascal\"><\/a>&nbsp;<\/h3>\n<h3><strong>Jean-Claude Pascal<\/strong><\/h3>\n<p style=\"padding-left: 30px;\"><a href=\"https:\/\/fr.wikipedia.org\/wiki\/Jean-Claude_Pascal\" target=\"_blank\" rel=\"noopener\">Wikipedia<\/a> &#8211; Jean-Claude Pascal<\/p>\n<p style=\"padding-left: 30px;\"><a href=\"https:\/\/myspace.com\/jeanclaudepascal\/photos\" target=\"_blank\" rel=\"noopener\">Myspace<\/a> &#8211; Jean-Claude Pascal<\/p>\n<p style=\"padding-left: 30px;\"><a href=\"http:\/\/www.imdb.com\/name\/nm0664270\/\" target=\"_blank\" rel=\"noopener\">IMDb<\/a> (Internet Movie Database) &#8211; Jean-Claude Pascal<\/p>\n<p style=\"padding-left: 30px;\"><a href=\"https:\/\/ca.notrecinema.com\/communaute\/stars\/stars.php3?staridx=16695\" target=\"_blank\" rel=\"noopener\">Notre Cin\u00e9ma<\/a> &#8211; Jean-Claude Pascal<\/p>\n<p style=\"padding-left: 30px;\"><a href=\"http:\/\/www.musicme.com\/#\/Jean-Claude-Pascal\/\" target=\"_blank\" rel=\"noopener\">musicMe<\/a> &#8211; Jean-Claude Pascal<\/p>\n<hr>\n<h3><a id=\"DenisGravereaux\"><\/a>&nbsp;<\/h3>\n<h3><strong>Denis Gravereaux<\/strong><\/h3>\n<p style=\"padding-left: 30px;\"><a href=\"http:\/\/denisgravereaux.unblog.fr\/\" target=\"_blank\" rel=\"noopener\">Le blog <\/a>de Denis Gravereaux<\/p>\n<hr>\n<h3><a id=\"SylvieBeco\"><\/a>&nbsp;<\/h3>\n<p><strong>Sylvie de Beco<\/strong><\/p>\n<p style=\"padding-left: 30px;\">Sylvie de Beco &#8211; <a href=\"http:\/\/sylvie.debeco.free.fr\/\">site personnel<\/a><\/p>\n<p style=\"padding-left: 30px;\"><a href=\"https:\/\/www.artactif.com\/fr\/artist\/de-beco\" target=\"_blank\" rel=\"noopener\">ARTactif<\/a>&nbsp;<\/p>\n<p style=\"padding-left: 30px;\">Artmajeur<\/p>\n<p style=\"padding-left: 30px;\"><a href=\"https:\/\/www.artsper.com\/fr\/artistes-contemporains\/france\/20242\/sylvie-de-beco\" target=\"_blank\" rel=\"noopener\">Artsper<\/a><\/p>\n<p style=\"padding-left: 30px;\">Genevois Styles :&nbsp;Sylvie de Beco, amoureuse de la vie, \u00e9prise de libert\u00e9.<\/p>\n<hr>\n<h3>&nbsp;<a id=\"FamilleGravereaux\"><\/a>&nbsp;<\/h3>\n<h3><strong>La famille Gravereaux<\/strong><\/h3>\n<p style=\"padding-left: 30px;\"><a href=\"http:\/\/gw.geneanet.org\/jlmarret\" target=\"_blank\" rel=\"noopener\">Genanet<\/a> &#8211; La g\u00e9n\u00e9alogie Gravereaux (sur le site de Jean-Luc Marret)<\/p>\n<hr>\n<h3>&nbsp;<a id=\"Etablissements\"><\/a>&nbsp;<\/h3>\n<p><strong>Les \u00c9tablissements Gravereaux<\/strong><\/p>\n<p><a href=\"http:\/\/www.museedelachemiserie.fr\/\" target=\"_blank\" rel=\"noopener\">Le Mus\u00e9e de la Chemiserie et de l&rsquo;\u00c9l\u00e9gance masculine<\/a> (site Internet)<\/p>\n<p><a href=\"https:\/\/www.facebook.com\/Mus%C3%A9e-de-la-Chemiserie-et-de-l%C3%A9l%C3%A9gance-masculine-179907158874435\/\">Le Mus\u00e9e de la Chemiserie et de l&rsquo;\u00c9l\u00e9gance Masculine<\/a> (sur Facebook)<\/p>\n<p><a href=\"https:\/\/i0.wp.com\/lesgravereaux.marret.co\/wp-content\/uploads\/2016\/03\/Roses-de-Malmaison-p01b_wp.jpg?ssl=1\"><img data-recalc-dims=\"1\" loading=\"lazy\" decoding=\"async\" data-attachment-id=\"629\" data-permalink=\"https:\/\/lesgravereaux.marret.co\/index.php\/etablissement-gravereaux\/roses-de-malmaison-p01b_wp\/\" data-orig-file=\"https:\/\/i0.wp.com\/lesgravereaux.marret.co\/wp-content\/uploads\/2016\/03\/Roses-de-Malmaison-p01b_wp.jpg?fit=237%2C295&amp;ssl=1\" data-orig-size=\"237,295\" data-comments-opened=\"1\" data-image-meta=\"{&quot;aperture&quot;:&quot;0&quot;,&quot;credit&quot;:&quot;&quot;,&quot;camera&quot;:&quot;HP Scanjet 4800&quot;,&quot;caption&quot;:&quot;&quot;,&quot;created_timestamp&quot;:&quot;1173794878&quot;,&quot;copyright&quot;:&quot;&quot;,&quot;focal_length&quot;:&quot;0&quot;,&quot;iso&quot;:&quot;0&quot;,&quot;shutter_speed&quot;:&quot;0&quot;,&quot;title&quot;:&quot;&quot;,&quot;orientation&quot;:&quot;1&quot;}\" data-image-title=\"Roses de Malmaison &amp;#8211; p01b_wp\" data-image-description=\"\" data-image-caption=\"\" data-medium-file=\"https:\/\/i0.wp.com\/lesgravereaux.marret.co\/wp-content\/uploads\/2016\/03\/Roses-de-Malmaison-p01b_wp.jpg?fit=237%2C295&amp;ssl=1\" data-large-file=\"https:\/\/i0.wp.com\/lesgravereaux.marret.co\/wp-content\/uploads\/2016\/03\/Roses-de-Malmaison-p01b_wp.jpg?fit=237%2C295&amp;ssl=1\" class=\"wp-image-629 aligncenter\" src=\"https:\/\/i0.wp.com\/lesgravereaux.marret.co\/wp-content\/uploads\/2016\/03\/Roses-de-Malmaison-p01b_wp.jpg?resize=62%2C78&#038;ssl=1\" alt=\"Roses de Malmaison - p01b_wp\" width=\"62\" height=\"78\" data-wp-pid=\"629\"><\/a><\/p>\n","protected":false},"excerpt":{"rendered":"<p>Les liens pour :&nbsp;&#8211;&nbsp;La famille Gravereaux &#8211;&nbsp;Jules Gravereaux &#8211; Denis Gravereaux&nbsp;&#8211;&nbsp;Sylvie de Beco&nbsp;&#8211;&nbsp;Jean-Claude Pascal &#8211; La roseraie de l&rsquo;Ha\u00ff &#8211;&nbsp;Les \u00c9tablissements Gravereaux&nbsp;&#8211;&nbsp;Associations et organismes &nbsp; &nbsp;Jules Gravereaux Wikipedia &#8211; Jules Gravereaux &nbsp;&nbsp; La roseraie de l&rsquo;Ha\u00ff La Roseraie du Val-de-Marne &hellip; <a href=\"https:\/\/lesgravereaux.marret.co\/index.php\/liens-utiles\/\">Continuer la lecture <span class=\"meta-nav\">&rarr;<\/span><\/a><\/p>\n","protected":false},"author":1,"featured_media":0,"parent":0,"menu_order":0,"comment_status":"closed","ping_status":"closed","template":"","meta":{"ngg_post_thumbnail":0,"jetpack_post_was_ever_published":false,"footnotes":""},"class_list":["post-1523","page","type-page","status-publish","hentry"],"jetpack_sharing_enabled":true,"jetpack_shortlink":"https:\/\/wp.me\/P7ERyi-oz","jetpack-related-posts":[{"id":2559,"url":"https:\/\/lesgravereaux.marret.co\/index.php\/la-famille-gravereaux\/robert-gravereaux\/robert-gravereaux-portraitiste\/","url_meta":{"origin":1523,"position":0},"title":"Robert Gravereaux, portraitiste?","author":"marretgravereaux","date":"12 mai 2016","format":false,"excerpt":"Robert Gravereaux aime dessiner son p\u00e8re et en montrer les traits distinctifs... Mais il fait aussi partie des scouts et, au cours des activit\u00e9s, son carnet \u00e0 la main, il en esquisse les portraits. Et au fil de ses rencontres, il dessine, il s'essaie... \u00a0","rel":"","context":"Article similaire","block_context":{"text":"Article similaire","link":""},"img":{"alt_text":"1928 Gravereaux, Robert - Carnet 05_wp","src":"https:\/\/i0.wp.com\/lesgravereaux.marret.co\/wp-content\/uploads\/2016\/05\/1928-Gravereaux-Robert-Carnet-05_wp-591x1024.jpg?resize=350%2C200","width":350,"height":200},"classes":[]},{"id":3640,"url":"https:\/\/lesgravereaux.marret.co\/index.php\/la-famille-gravereaux\/raymond-gravereaux\/raymond-gravereaux-dessins-et-peintures\/","url_meta":{"origin":1523,"position":1},"title":"Raymond Gravereaux &#8211; Dessins et peintures","author":"marretgravereaux","date":"16 juin 2016","format":false,"excerpt":"Dans les ann\u00e9es 1920, Raymond Gravereaux se pr\u00e9pare \u00e0 devenir architecte et l'\u00c9cole des Beaux-Arts est sa porte d'entr\u00e9e. Il d\u00e9veloppe d\u00e9j\u00e0 ses talents de dessinateur en crayonnant et peignant, chaque fois que l'occasion se pr\u00e9sente. La propri\u00e9t\u00e9 de ses parents ou les lieux qu'il visite sont autant d'opportunit\u00e9s pour\u2026","rel":"","context":"Article similaire","block_context":{"text":"Article similaire","link":""},"img":{"alt_text":"1925-06 GRAVEREAUX, Raymond - La grande maison de Croissy a wp","src":"https:\/\/i0.wp.com\/lesgravereaux.marret.co\/wp-content\/uploads\/2016\/02\/1925-06-GRAVEREAUX-Raymond-La-grande-maison-de-Croissy-a-wp-1024x860.jpg?resize=350%2C200","width":350,"height":200},"classes":[]},{"id":2409,"url":"https:\/\/lesgravereaux.marret.co\/index.php\/jules-gravereaux\/1294-2\/des-roses\/des-roses-honorifiques-au-nom-de-gravereaux\/","url_meta":{"origin":1523,"position":2},"title":"Des roses honorifiques au nom de Gravereaux","author":"marretgravereaux","date":"10 mai 2016","format":false,"excerpt":"Cr\u00e9ateur et collectionneur de roses, Jules Gravereaux s'est fait rapidement une grande r\u00e9putation parmi les horticulteurs amateurs de roses. Plusieurs rosi\u00e9ristes ont donc d\u00e9cid\u00e9 de donner son nom \u00e0 l'un des cultivars qu'ils avaient obtenus... Henri Gravereaux ayant poursuivi l\u2019\u0153uvre de son p\u00e8re, son nom (ou celui de sa fille)\u2026","rel":"","context":"Article similaire","block_context":{"text":"Article similaire","link":""},"img":{"alt_text":"Colonel Gravereaux (AmiRoses)_wp","src":"https:\/\/i0.wp.com\/lesgravereaux.marret.co\/wp-content\/uploads\/2016\/05\/Colonel-Gravereaux-AmiRoses_wp.jpg?resize=350%2C200","width":350,"height":200},"classes":[]},{"id":3070,"url":"https:\/\/lesgravereaux.marret.co\/index.php\/les-etablissements-gravereaux\/argenton-la-sogec\/mai-1912-les-gravereaux-a-argenton\/","url_meta":{"origin":1523,"position":3},"title":"mai 2012 &#8211; Les Gravereaux \u00e0 Argenton","author":"marretgravereaux","date":"23 mai 2016","format":false,"excerpt":"Les descendants de Ren\u00e9 Gravereaux \u2013 l\u2019industriel \u00e0 l\u2019origine des \u00c9tablissements Gravereaux \u2013 et de Jean-Ren\u00e9 Gravereaux \u2013 celui qui a implant\u00e9 l\u2019entreprise \u00e0 Argenton-sur-Creuse et qui en a \u00e9t\u00e9 l\u2019\u00e2me pendant plus d\u2019un quart de si\u00e8cle \u2013 se retrouvent\u2026 Ils en profitent pour visiter \u2014 certains pour la premi\u00e8re\u2026","rel":"","context":"Article similaire","block_context":{"text":"Article similaire","link":""},"img":{"alt_text":"2012-05-12 Argenton (VF004a)_wp","src":"https:\/\/i0.wp.com\/lesgravereaux.marret.co\/wp-content\/uploads\/2016\/05\/2012-05-12-Argenton-VF004a_wp-1024x768.jpg?resize=350%2C200","width":350,"height":200},"classes":[]},{"id":612,"url":"https:\/\/lesgravereaux.marret.co\/index.php\/la-famille-gravereaux\/chronique-parisienne-les-gravereaux\/","url_meta":{"origin":1523,"position":4},"title":"Chronique parisienne : Les Gravereaux","author":"marretgravereaux","date":"7 mars 2016","format":false,"excerpt":"\u00a0 \u00a0 Un suppl\u00e9ment artistique de La Chronique parisienne pr\u00e9sente une photo de plusieurs enfants Gravereaux alors qu'ils jouent \u00e0 Colin-Maillard, devant la Maison normande, dans la propri\u00e9t\u00e9 de L'Ha\u00ff. Saurez-vous les identifier? Si tel est le cas, communiquez avec le responsable du site.","rel":"","context":"Article similaire","block_context":{"text":"Article similaire","link":""},"img":{"alt_text":"19xx La Chronique parisienne - Gravereaux 2a","src":"https:\/\/i0.wp.com\/marret.co\/wp-content\/uploads\/2015\/10\/19xx-La-Chronique-parisienne-Gravereaux-2a-804x1024.jpg?resize=350%2C200","width":350,"height":200},"classes":[]},{"id":4798,"url":"https:\/\/lesgravereaux.marret.co\/index.php\/les-etablissements-gravereaux\/les-produits-des-etablissements-gravereaux\/r-gravereaux-collection-dete-1937\/","url_meta":{"origin":1523,"position":5},"title":"R. Gravereaux &#8211; Collection d&rsquo;\u00e9t\u00e9 (1937)","author":"marretgravereaux","date":"19 juillet 2016","format":false,"excerpt":"En 1937, la Maison Gravereaux profite de la tribune que lui offre\u00a0L'Officiel de la Chemiserie - revue destin\u00e9e principalement aux marchands-d\u00e9taillants - pour promouvoir une partie de sa collection d'\u00e9t\u00e9 et pr\u00e9senter les chemisettes et pyjamas qu'elle commercialise alors... \u00a0 Cliquer sur une image pour l'agrandir \u00a0","rel":"","context":"Article similaire","block_context":{"text":"Article similaire","link":""},"img":{"alt_text":"1937-12 L'Officiel de la Chemiserie 9 p42p_wp","src":"https:\/\/i0.wp.com\/lesgravereaux.marret.co\/wp-content\/uploads\/2016\/07\/1937-12-LOfficiel-de-la-Chemiserie-9-p42p_wp-697x1024.jpg?resize=350%2C200","width":350,"height":200},"classes":[]}],"_links":{"self":[{"href":"https:\/\/lesgravereaux.marret.co\/index.php\/wp-json\/wp\/v2\/pages\/1523","targetHints":{"allow":["GET"]}}],"collection":[{"href":"https:\/\/lesgravereaux.marret.co\/index.php\/wp-json\/wp\/v2\/pages"}],"about":[{"href":"https:\/\/lesgravereaux.marret.co\/index.php\/wp-json\/wp\/v2\/types\/page"}],"author":[{"embeddable":true,"href":"https:\/\/lesgravereaux.marret.co\/index.php\/wp-json\/wp\/v2\/users\/1"}],"replies":[{"embeddable":true,"href":"https:\/\/lesgravereaux.marret.co\/index.php\/wp-json\/wp\/v2\/comments?post=1523"}],"version-history":[{"count":8,"href":"https:\/\/lesgravereaux.marret.co\/index.php\/wp-json\/wp\/v2\/pages\/1523\/revisions"}],"predecessor-version":[{"id":23010,"href":"https:\/\/lesgravereaux.marret.co\/index.php\/wp-json\/wp\/v2\/pages\/1523\/revisions\/23010"}],"wp:attachment":[{"href":"https:\/\/lesgravereaux.marret.co\/index.php\/wp-json\/wp\/v2\/media?parent=1523"}],"curies":[{"name":"wp","href":"https:\/\/api.w.org\/{rel}","templated":true}]}}