{"id":1490,"date":"2016-04-10T17:45:01","date_gmt":"2016-04-10T16:45:01","guid":{"rendered":"http:\/\/lesgravereaux.marret.co\/?page_id=1490"},"modified":"2016-06-21T17:26:47","modified_gmt":"2016-06-21T16:26:47","slug":"la-maison-empire-2","status":"publish","type":"page","link":"https:\/\/lesgravereaux.marret.co\/index.php\/la-roseraie-de-lhay\/la-maison-empire-2\/","title":{"rendered":"La Maison Empire"},"content":{"rendered":"<p>Lorsqu\u2019en 1892, Jules Gravereaux ach\u00e8te la propri\u00e9t\u00e9 \u00e0 L&rsquo;Ha\u00ff, celle-ci comprend un parc et une maison ancienne connue sous le nom de Maison Empire.<\/p>\n<p><a href=\"https:\/\/i0.wp.com\/lesgravereaux.marret.co\/wp-content\/uploads\/2016\/04\/226-Propri%C3%A9t%C3%A9-de-lHay-Seine_wp.jpg?ssl=1\" rel=\"attachment wp-att-1492\"><img data-recalc-dims=\"1\" loading=\"lazy\" decoding=\"async\" data-attachment-id=\"1492\" data-permalink=\"https:\/\/lesgravereaux.marret.co\/index.php\/la-roseraie-de-lhay\/la-maison-empire-2\/226-propriete-de-lhay-seine_wp\/\" data-orig-file=\"https:\/\/i0.wp.com\/lesgravereaux.marret.co\/wp-content\/uploads\/2016\/04\/226-Propri%C3%A9t%C3%A9-de-lHay-Seine_wp.jpg?fit=827%2C522&amp;ssl=1\" data-orig-size=\"827,522\" data-comments-opened=\"1\" data-image-meta=\"{&quot;aperture&quot;:&quot;0&quot;,&quot;credit&quot;:&quot;&quot;,&quot;camera&quot;:&quot;HP Scanjet 4800&quot;,&quot;caption&quot;:&quot;&quot;,&quot;created_timestamp&quot;:&quot;1170521372&quot;,&quot;copyright&quot;:&quot;&quot;,&quot;focal_length&quot;:&quot;0&quot;,&quot;iso&quot;:&quot;0&quot;,&quot;shutter_speed&quot;:&quot;0&quot;,&quot;title&quot;:&quot;&quot;,&quot;orientation&quot;:&quot;1&quot;}\" data-image-title=\"226 Propri\u00e9t\u00e9 de l&amp;rsquo;Hay (Seine)_wp\" data-image-description=\"\" data-image-caption=\"\" data-medium-file=\"https:\/\/i0.wp.com\/lesgravereaux.marret.co\/wp-content\/uploads\/2016\/04\/226-Propri%C3%A9t%C3%A9-de-lHay-Seine_wp.jpg?fit=300%2C189&amp;ssl=1\" data-large-file=\"https:\/\/i0.wp.com\/lesgravereaux.marret.co\/wp-content\/uploads\/2016\/04\/226-Propri%C3%A9t%C3%A9-de-lHay-Seine_wp.jpg?fit=640%2C404&amp;ssl=1\" class=\"wp-image-1492 alignleft\" src=\"https:\/\/i0.wp.com\/lesgravereaux.marret.co\/wp-content\/uploads\/2016\/04\/226-Propri%C3%A9t%C3%A9-de-lHay-Seine_wp.jpg?resize=301%2C190&#038;ssl=1\" alt=\"226 Propri\u00e9t\u00e9 de l'Hay (Seine)_wp\" width=\"301\" height=\"190\" data-wp-pid=\"1492\" srcset=\"https:\/\/i0.wp.com\/lesgravereaux.marret.co\/wp-content\/uploads\/2016\/04\/226-Propri%C3%A9t%C3%A9-de-lHay-Seine_wp.jpg?w=827&amp;ssl=1 827w, https:\/\/i0.wp.com\/lesgravereaux.marret.co\/wp-content\/uploads\/2016\/04\/226-Propri%C3%A9t%C3%A9-de-lHay-Seine_wp.jpg?resize=300%2C189&amp;ssl=1 300w, https:\/\/i0.wp.com\/lesgravereaux.marret.co\/wp-content\/uploads\/2016\/04\/226-Propri%C3%A9t%C3%A9-de-lHay-Seine_wp.jpg?resize=768%2C485&amp;ssl=1 768w, https:\/\/i0.wp.com\/lesgravereaux.marret.co\/wp-content\/uploads\/2016\/04\/226-Propri%C3%A9t%C3%A9-de-lHay-Seine_wp.jpg?resize=800%2C505&amp;ssl=1 800w, https:\/\/i0.wp.com\/lesgravereaux.marret.co\/wp-content\/uploads\/2016\/04\/226-Propri%C3%A9t%C3%A9-de-lHay-Seine_wp.jpg?resize=600%2C379&amp;ssl=1 600w\" sizes=\"auto, (max-width: 301px) 100vw, 301px\" \/><\/a><\/p>\n<p>&nbsp;<\/p>\n<p>&nbsp;<\/p>\n<p><span style=\"font-size: 10pt;\"><em>La maison, vers 1900<\/em><\/span><\/p>\n<p>&nbsp;<\/p>\n<p>&nbsp;<\/p>\n<p><em>\u00ab Une premi\u00e8re demeure est d\u00e9j\u00e0 visible sur les plans terriers de la fin du 18e si\u00e8cle, peut-\u00eatre construite par l&rsquo;architecte Jean-Pierre Brulle, qui la poss\u00e8de en 1772 ; en 1804 l&rsquo;orf\u00e8vre Henri Auguste aurait confi\u00e9 \u00e0 l\u2019architecte Larseneur la reconstruction de la demeure ainsi que la construction des \u00e9curies; le parc \u00e0 l\u2019anglaise est sans doute dessin\u00e9 \u00e0 cette \u00e9poque.\u00a0\u00bb<\/em><\/p>\n<p style=\"text-align: right;\"><span style=\"font-size: 10pt;\">Source et informations additionnelles\u00a0:<\/span><br \/>\n<a href=\"http:\/\/www.culture.gouv.fr\/documentation\/memoire\/HTML\/IVR11\/IA94000114\/index.htm\" target=\"_blank\">Minist\u00e8re de la Culture. Dossier d\u2019inventaire<\/a>.<\/p>\n<p>&nbsp;<\/p>\n<p><a href=\"https:\/\/i0.wp.com\/lesgravereaux.marret.co\/wp-content\/uploads\/2016\/03\/GV018-Maison-a-LHay_wp.jpg?ssl=1\" rel=\"attachment wp-att-1005\"><img data-recalc-dims=\"1\" loading=\"lazy\" decoding=\"async\" data-attachment-id=\"1005\" data-permalink=\"https:\/\/lesgravereaux.marret.co\/index.php\/la-roseraie-de-lhay\/la-maison-empire\/gv018-maison-a-lhay_wp\/\" data-orig-file=\"https:\/\/i0.wp.com\/lesgravereaux.marret.co\/wp-content\/uploads\/2016\/03\/GV018-Maison-a-LHay_wp.jpg?fit=1575%2C1557&amp;ssl=1\" data-orig-size=\"1575,1557\" data-comments-opened=\"1\" data-image-meta=\"{&quot;aperture&quot;:&quot;0&quot;,&quot;credit&quot;:&quot;&quot;,&quot;camera&quot;:&quot;&quot;,&quot;caption&quot;:&quot;&quot;,&quot;created_timestamp&quot;:&quot;0&quot;,&quot;copyright&quot;:&quot;&quot;,&quot;focal_length&quot;:&quot;0&quot;,&quot;iso&quot;:&quot;0&quot;,&quot;shutter_speed&quot;:&quot;0&quot;,&quot;title&quot;:&quot;&quot;,&quot;orientation&quot;:&quot;1&quot;}\" data-image-title=\"GV018 &amp;#8211; Maison a L&amp;rsquo;Hay_wp\" data-image-description=\"\" data-image-caption=\"\" data-medium-file=\"https:\/\/i0.wp.com\/lesgravereaux.marret.co\/wp-content\/uploads\/2016\/03\/GV018-Maison-a-LHay_wp.jpg?fit=300%2C297&amp;ssl=1\" data-large-file=\"https:\/\/i0.wp.com\/lesgravereaux.marret.co\/wp-content\/uploads\/2016\/03\/GV018-Maison-a-LHay_wp.jpg?fit=640%2C633&amp;ssl=1\" class=\"wp-image-1005 alignleft\" src=\"https:\/\/i0.wp.com\/lesgravereaux.marret.co\/wp-content\/uploads\/2016\/03\/GV018-Maison-a-LHay_wp.jpg?resize=275%2C272&#038;ssl=1\" alt=\"GV018 - Maison a L'Hay_wp\" width=\"275\" height=\"272\" data-wp-pid=\"1005\" srcset=\"https:\/\/i0.wp.com\/lesgravereaux.marret.co\/wp-content\/uploads\/2016\/03\/GV018-Maison-a-LHay_wp.jpg?resize=1024%2C1012&amp;ssl=1 1024w, https:\/\/i0.wp.com\/lesgravereaux.marret.co\/wp-content\/uploads\/2016\/03\/GV018-Maison-a-LHay_wp.jpg?resize=300%2C297&amp;ssl=1 300w, https:\/\/i0.wp.com\/lesgravereaux.marret.co\/wp-content\/uploads\/2016\/03\/GV018-Maison-a-LHay_wp.jpg?resize=768%2C759&amp;ssl=1 768w, https:\/\/i0.wp.com\/lesgravereaux.marret.co\/wp-content\/uploads\/2016\/03\/GV018-Maison-a-LHay_wp.jpg?resize=800%2C791&amp;ssl=1 800w, https:\/\/i0.wp.com\/lesgravereaux.marret.co\/wp-content\/uploads\/2016\/03\/GV018-Maison-a-LHay_wp.jpg?resize=600%2C593&amp;ssl=1 600w, https:\/\/i0.wp.com\/lesgravereaux.marret.co\/wp-content\/uploads\/2016\/03\/GV018-Maison-a-LHay_wp.jpg?w=1575&amp;ssl=1 1575w, https:\/\/i0.wp.com\/lesgravereaux.marret.co\/wp-content\/uploads\/2016\/03\/GV018-Maison-a-LHay_wp.jpg?w=1280&amp;ssl=1 1280w\" sizes=\"auto, (max-width: 275px) 100vw, 275px\" \/><\/a><\/p>\n<p><a href=\"https:\/\/i0.wp.com\/lesgravereaux.marret.co\/wp-content\/uploads\/2016\/03\/GV021a-Salon-a-LHay_wp.jpg?ssl=1\" rel=\"attachment wp-att-1007\"><img data-recalc-dims=\"1\" loading=\"lazy\" decoding=\"async\" data-attachment-id=\"1007\" data-permalink=\"https:\/\/lesgravereaux.marret.co\/index.php\/la-roseraie-de-lhay\/la-maison-empire\/gv021a-salon-a-lhay_wp\/\" data-orig-file=\"https:\/\/i0.wp.com\/lesgravereaux.marret.co\/wp-content\/uploads\/2016\/03\/GV021a-Salon-a-LHay_wp.jpg?fit=1569%2C1575&amp;ssl=1\" data-orig-size=\"1569,1575\" data-comments-opened=\"1\" data-image-meta=\"{&quot;aperture&quot;:&quot;0&quot;,&quot;credit&quot;:&quot;&quot;,&quot;camera&quot;:&quot;&quot;,&quot;caption&quot;:&quot;&quot;,&quot;created_timestamp&quot;:&quot;0&quot;,&quot;copyright&quot;:&quot;&quot;,&quot;focal_length&quot;:&quot;0&quot;,&quot;iso&quot;:&quot;0&quot;,&quot;shutter_speed&quot;:&quot;0&quot;,&quot;title&quot;:&quot;&quot;,&quot;orientation&quot;:&quot;1&quot;}\" data-image-title=\"GV021a &amp;#8211; Salon a L&amp;rsquo;Hay_wp\" data-image-description=\"\" data-image-caption=\"\" data-medium-file=\"https:\/\/i0.wp.com\/lesgravereaux.marret.co\/wp-content\/uploads\/2016\/03\/GV021a-Salon-a-LHay_wp.jpg?fit=300%2C300&amp;ssl=1\" data-large-file=\"https:\/\/i0.wp.com\/lesgravereaux.marret.co\/wp-content\/uploads\/2016\/03\/GV021a-Salon-a-LHay_wp.jpg?fit=640%2C643&amp;ssl=1\" class=\"wp-image-1007 alignright\" src=\"https:\/\/i0.wp.com\/lesgravereaux.marret.co\/wp-content\/uploads\/2016\/03\/GV021a-Salon-a-LHay_wp.jpg?resize=275%2C272&#038;ssl=1\" alt=\"GV021a - Salon a L'Hay_wp\" width=\"275\" height=\"272\" data-wp-pid=\"1007\" \/><\/a><\/p>\n<p><a href=\"https:\/\/i0.wp.com\/lesgravereaux.marret.co\/wp-content\/uploads\/2016\/03\/GV020-Perron-de-LHay_wp.jpg?ssl=1\" rel=\"attachment wp-att-1006\"><img data-recalc-dims=\"1\" loading=\"lazy\" decoding=\"async\" data-attachment-id=\"1006\" data-permalink=\"https:\/\/lesgravereaux.marret.co\/index.php\/la-roseraie-de-lhay\/la-maison-empire\/gv020-perron-de-lhay_wp\/\" data-orig-file=\"https:\/\/i0.wp.com\/lesgravereaux.marret.co\/wp-content\/uploads\/2016\/03\/GV020-Perron-de-LHay_wp.jpg?fit=1575%2C1562&amp;ssl=1\" data-orig-size=\"1575,1562\" data-comments-opened=\"1\" data-image-meta=\"{&quot;aperture&quot;:&quot;0&quot;,&quot;credit&quot;:&quot;&quot;,&quot;camera&quot;:&quot;&quot;,&quot;caption&quot;:&quot;&quot;,&quot;created_timestamp&quot;:&quot;0&quot;,&quot;copyright&quot;:&quot;&quot;,&quot;focal_length&quot;:&quot;0&quot;,&quot;iso&quot;:&quot;0&quot;,&quot;shutter_speed&quot;:&quot;0&quot;,&quot;title&quot;:&quot;&quot;,&quot;orientation&quot;:&quot;1&quot;}\" data-image-title=\"GV020 &amp;#8211; Perron de L&amp;rsquo;Hay_wp\" data-image-description=\"\" data-image-caption=\"\" data-medium-file=\"https:\/\/i0.wp.com\/lesgravereaux.marret.co\/wp-content\/uploads\/2016\/03\/GV020-Perron-de-LHay_wp.jpg?fit=300%2C298&amp;ssl=1\" data-large-file=\"https:\/\/i0.wp.com\/lesgravereaux.marret.co\/wp-content\/uploads\/2016\/03\/GV020-Perron-de-LHay_wp.jpg?fit=640%2C635&amp;ssl=1\" class=\"wp-image-1006 alignleft\" src=\"https:\/\/i0.wp.com\/lesgravereaux.marret.co\/wp-content\/uploads\/2016\/03\/GV020-Perron-de-LHay_wp.jpg?resize=275%2C272&#038;ssl=1\" alt=\"GV020 - Perron de L'Hay_wp\" width=\"275\" height=\"272\" data-wp-pid=\"1006\" srcset=\"https:\/\/i0.wp.com\/lesgravereaux.marret.co\/wp-content\/uploads\/2016\/03\/GV020-Perron-de-LHay_wp.jpg?resize=1024%2C1016&amp;ssl=1 1024w, https:\/\/i0.wp.com\/lesgravereaux.marret.co\/wp-content\/uploads\/2016\/03\/GV020-Perron-de-LHay_wp.jpg?resize=300%2C298&amp;ssl=1 300w, https:\/\/i0.wp.com\/lesgravereaux.marret.co\/wp-content\/uploads\/2016\/03\/GV020-Perron-de-LHay_wp.jpg?resize=768%2C762&amp;ssl=1 768w, https:\/\/i0.wp.com\/lesgravereaux.marret.co\/wp-content\/uploads\/2016\/03\/GV020-Perron-de-LHay_wp.jpg?resize=800%2C793&amp;ssl=1 800w, https:\/\/i0.wp.com\/lesgravereaux.marret.co\/wp-content\/uploads\/2016\/03\/GV020-Perron-de-LHay_wp.jpg?resize=600%2C595&amp;ssl=1 600w, https:\/\/i0.wp.com\/lesgravereaux.marret.co\/wp-content\/uploads\/2016\/03\/GV020-Perron-de-LHay_wp.jpg?w=1575&amp;ssl=1 1575w, https:\/\/i0.wp.com\/lesgravereaux.marret.co\/wp-content\/uploads\/2016\/03\/GV020-Perron-de-LHay_wp.jpg?w=1280&amp;ssl=1 1280w\" sizes=\"auto, (max-width: 275px) 100vw, 275px\" \/><\/a><\/p>\n<p>&nbsp;<\/p>\n<p>&nbsp;<\/p>\n<p>&nbsp;<\/p>\n<p>&nbsp;<\/p>\n<p>&nbsp;<\/p>\n<p>&nbsp;<\/p>\n<p>&nbsp;<\/p>\n<p style=\"text-align: center;\"><span style=\"font-size: 10pt;\"><em>Photos fournies par Guy Villeminot<\/em><\/span><\/p>\n<p>&nbsp;<\/p>\n<p style=\"text-align: center;\">~~~~~~~<\/p>\n<p style=\"text-align: center;\">\n<p>&nbsp;<\/p>\n<p>&nbsp;<\/p>\n<p><a href=\"https:\/\/i0.wp.com\/lesgravereaux.marret.co\/wp-content\/uploads\/2016\/03\/Maison-Empire-Alain-Mulot_wp.jpg?ssl=1\" rel=\"attachment wp-att-1008\"><img data-recalc-dims=\"1\" loading=\"lazy\" decoding=\"async\" data-attachment-id=\"1008\" data-permalink=\"https:\/\/lesgravereaux.marret.co\/index.php\/la-roseraie-de-lhay\/la-maison-empire\/maison-empire-alain-mulot_wp\/\" data-orig-file=\"https:\/\/i0.wp.com\/lesgravereaux.marret.co\/wp-content\/uploads\/2016\/03\/Maison-Empire-Alain-Mulot_wp.jpg?fit=886%2C654&amp;ssl=1\" data-orig-size=\"886,654\" data-comments-opened=\"1\" data-image-meta=\"{&quot;aperture&quot;:&quot;0&quot;,&quot;credit&quot;:&quot;&quot;,&quot;camera&quot;:&quot;&quot;,&quot;caption&quot;:&quot;&quot;,&quot;created_timestamp&quot;:&quot;0&quot;,&quot;copyright&quot;:&quot;&quot;,&quot;focal_length&quot;:&quot;0&quot;,&quot;iso&quot;:&quot;0&quot;,&quot;shutter_speed&quot;:&quot;0&quot;,&quot;title&quot;:&quot;&quot;,&quot;orientation&quot;:&quot;1&quot;}\" data-image-title=\"Maison Empire (Alain Mulot)_wp\" data-image-description=\"\" data-image-caption=\"\" data-medium-file=\"https:\/\/i0.wp.com\/lesgravereaux.marret.co\/wp-content\/uploads\/2016\/03\/Maison-Empire-Alain-Mulot_wp.jpg?fit=300%2C221&amp;ssl=1\" data-large-file=\"https:\/\/i0.wp.com\/lesgravereaux.marret.co\/wp-content\/uploads\/2016\/03\/Maison-Empire-Alain-Mulot_wp.jpg?fit=640%2C472&amp;ssl=1\" class=\"wp-image-1008 alignright\" src=\"https:\/\/i0.wp.com\/lesgravereaux.marret.co\/wp-content\/uploads\/2016\/03\/Maison-Empire-Alain-Mulot_wp.jpg?resize=275%2C272&#038;ssl=1\" alt=\"Maison Empire (Alain Mulot)_wp\" width=\"275\" height=\"272\" data-wp-pid=\"1008\" \/><\/a><\/p>\n<p>&nbsp;<\/p>\n<p>En pi\u00e8ce jointe, l\u2019article de Georges Massiot\u00a0<strong>Henri Auguste, le b\u00e2tisseur de la \u00ab\u00a0maison de l&rsquo;orf\u00e8vre\u00a0\u00bb du parc de la Roseraie\u00a0<\/strong>paru en janvier 1995 dans le Bulletin d\u2019information et de liaison (n\u00ba\u00a018) de\u00a0<em>l\u2019Association des Amis de la Roseraie de Val de Marne<\/em>.<\/p>\n<p><a href=\"https:\/\/lesgravereaux.marret.co\/wp-content\/uploads\/2016\/03\/1995-01-Massiot-Georges-Henri-Auguste.pdf\" rel=\"\">1995-01 Massiot, Georges &#8211; Henri Auguste<\/a><\/p>\n<p style=\"text-align: right;\"><span style=\"font-size: 10pt;\"><em>Dessin\u00a0: Association des Amis du vieux L&rsquo;Ha\u00ff<br \/>\n&#8211; Bulletin, juin 2006<\/em><\/span><\/p>\n<p>&nbsp;<\/p>\n<p>&nbsp;<\/p>\n","protected":false},"excerpt":{"rendered":"<p>Lorsqu\u2019en 1892, Jules Gravereaux ach\u00e8te la propri\u00e9t\u00e9 \u00e0 L&rsquo;Ha\u00ff, celle-ci comprend un parc et une maison ancienne connue sous le nom de Maison Empire. &nbsp; &nbsp; La maison, vers 1900 &nbsp; &nbsp; \u00ab Une premi\u00e8re demeure est d\u00e9j\u00e0 visible sur &hellip; <a href=\"https:\/\/lesgravereaux.marret.co\/index.php\/la-roseraie-de-lhay\/la-maison-empire-2\/\">Continuer la lecture <span class=\"meta-nav\">&rarr;<\/span><\/a><\/p>\n","protected":false},"author":1,"featured_media":0,"parent":596,"menu_order":0,"comment_status":"closed","ping_status":"closed","template":"","meta":{"ngg_post_thumbnail":0,"jetpack_post_was_ever_published":false,"footnotes":""},"class_list":["post-1490","page","type-page","status-publish","hentry"],"jetpack_sharing_enabled":true,"jetpack_shortlink":"https:\/\/wp.me\/P7ERyi-o2","jetpack-related-posts":[{"id":1002,"url":"https:\/\/lesgravereaux.marret.co\/index.php\/la-roseraie-de-lhay\/la-maison-empire\/","url_meta":{"origin":1490,"position":0},"title":"La Maison Empire","author":"marretgravereaux","date":"13 mars 2016","format":false,"excerpt":"Lorsqu\u2019en 1892, Jules Gravereaux ach\u00e8te la propri\u00e9t\u00e9 \u00e0 L'Ha\u00ff, celle-ci comprend un parc et une maison ancienne connue sous le nom de Maison Empire. \u00ab\u00a0Une premi\u00e8re demeure est d\u00e9j\u00e0 visible sur les plans terriers de la fin du 18e si\u00e8cle, peut-\u00eatre construite par l'architecte Jean-Pierre Brulle, qui la poss\u00e8de en\u2026","rel":"","context":"Article similaire","block_context":{"text":"Article similaire","link":""},"img":{"alt_text":"011-1 58 ROSERAIE DE L'HAY (SEINE) - La Maison Empire_wp","src":"https:\/\/i0.wp.com\/marret.co\/wp-content\/uploads\/2016\/03\/011-1-58-ROSERAIE-DE-LHAY-SEINE-La-Maison-Empire_wp-1024x671.jpg?resize=350%2C200","width":350,"height":200},"classes":[]},{"id":2761,"url":"https:\/\/lesgravereaux.marret.co\/index.php\/les-etablissements-gravereaux\/les-produits-des-etablissements-gravereaux\/triplefil\/","url_meta":{"origin":1490,"position":1},"title":"Triplefil","author":"marretgravereaux","date":"19 mai 2016","format":false,"excerpt":"Au d\u00e9but de son existence, la Maison Gravereaux\u00a0commercialise sa production et \u00e9tablit sa r\u00e9putation par son seul nom de famille; dans son catalogue de 1910, la Manufacture de cols et manchettes R.\u00a0Gravereaux donne bien un nom \u00e0 ses divers produits (un col\u00a0Billy, des manchettes\u00a0Alvarez, un plastron Ruy Blas, etc.), mais\u2026","rel":"","context":"Article similaire","block_context":{"text":"Article similaire","link":""},"img":{"alt_text":"1910 EtsGr - Cat p07a_wp","src":"https:\/\/i0.wp.com\/lesgravereaux.marret.co\/wp-content\/uploads\/2016\/05\/1910-EtsGr-Cat-p07a_wp.jpg?resize=350%2C200","width":350,"height":200},"classes":[]},{"id":2957,"url":"https:\/\/lesgravereaux.marret.co\/index.php\/571-2\/3-juin-1994-cousinade-gravereaux\/","url_meta":{"origin":1490,"position":2},"title":"3 juin 1994 &#8211; Cousinade Gravereaux","author":"marretgravereaux","date":"22 mai 2016","format":false,"excerpt":"Ils \u00e9taient presque tous l\u00e0, les descendants du cr\u00e9ateur de la roseraie de L\u2019Ha\u00ff, des\u00a0arri\u00e8res petits-enfants avec leurs conjoints et leurs propres enfants\u2026 et ils entouraient les petits-enfants de Jules Gravereaux encore vivants\u00a0: H\u00e9l\u00e8ne Ballu, Marie-Th\u00e9r\u00e8se Ballu, Bernard Gravereaux, Jacqueline Gravereaux (Fanet), Jean-Ren\u00e9 Gravereaux, Nicole Gravereaux (Drouet) et Suzanne Gravereaux\u2026","rel":"","context":"Article similaire","block_context":{"text":"Article similaire","link":""},"img":{"alt_text":"1994-06-03 Cousinade Gravereaux (JLM0525v2)","src":"https:\/\/i0.wp.com\/lesgravereaux.marret.co\/wp-content\/uploads\/2016\/05\/1994-06-03-Cousinade-Gravereaux-JLM0525v2-1024x766.jpg?resize=350%2C200","width":350,"height":200,"srcset":"https:\/\/i0.wp.com\/lesgravereaux.marret.co\/wp-content\/uploads\/2016\/05\/1994-06-03-Cousinade-Gravereaux-JLM0525v2-1024x766.jpg?resize=350%2C200 1x, https:\/\/i0.wp.com\/lesgravereaux.marret.co\/wp-content\/uploads\/2016\/05\/1994-06-03-Cousinade-Gravereaux-JLM0525v2-1024x766.jpg?resize=525%2C300 1.5x"},"classes":[]},{"id":790,"url":"https:\/\/lesgravereaux.marret.co\/index.php\/la-roseraie-de-lhay\/souvenirs-de-lhay\/","url_meta":{"origin":1490,"position":3},"title":"Souvenirs de L&rsquo;Ha\u00ff","author":"marretgravereaux","date":"10 mars 2016","format":false,"excerpt":"Article publi\u00e9\u00a0 dans le Bulletin de l'Association des Amis du Vieux L'Ha\u00ff en juin 2011 Souvenirs de L'Ha\u00ff [1] [2] par H\u00e9l\u00e8ne Ballu, petite-fille de Jules Gravereaux. Un vieillard qui s\u2019\u00e9teint, c\u2019est une biblioth\u00e8que qui br\u00fble, dit-on. Comme il est encore temps, moi, H\u00e9l\u00e8ne Ballu, n\u00e9e le 11 juin 1910\u2026","rel":"","context":"Article similaire","block_context":{"text":"Article similaire","link":""},"img":{"alt_text":"GV018 - L'HAY MAISON PRINCIPALE_wp","src":"https:\/\/i0.wp.com\/marret.co\/wp-content\/uploads\/2016\/03\/GV018-LHAY-MAISON-PRINCIPALE_wp-1024x1012.jpg?resize=350%2C200","width":350,"height":200},"classes":[]},{"id":3102,"url":"https:\/\/lesgravereaux.marret.co\/index.php\/les-etablissements-gravereaux\/les-etablissements-gravereaux-a-la-foire-de-paris\/","url_meta":{"origin":1490,"position":4},"title":"Les \u00c9tablissements Gravereaux \u00e0 la Foire de Paris","author":"marretgravereaux","date":"24 mai 2016","format":false,"excerpt":"D\u00e8s la cr\u00e9ation de son entreprise, en 1910, Ren\u00e9 Gravereaux cherche \u00e0 fabriquer des cols et des manchettes de haute qualit\u00e9 qu'il destine\u00a0\u00e0 une\u00a0client\u00e8le qui saura l'appr\u00e9cier.\u00a0C'est dans cette perspective que\u00a0les \u00c9tablissements Gravereaux pr\u00e9sentent leurs produits \u00e0 la Foire de Paris, en 1917 et en 1919... les journalistes ne manquent\u2026","rel":"","context":"Article similaire","block_context":{"text":"Article similaire","link":""},"img":{"alt_text":"1917-05-17 Le Gaulois p2 (d\u00e9tail)_wp","src":"https:\/\/i0.wp.com\/lesgravereaux.marret.co\/wp-content\/uploads\/2016\/05\/1917-05-17-Le-Gaulois-p2-d%C3%A9tail_wp.jpg?resize=350%2C200","width":350,"height":200},"classes":[]},{"id":5538,"url":"https:\/\/lesgravereaux.marret.co\/index.php\/jules-gravereaux\/des-evenements-de-sa-vie\/biographie-de-jules-gravereaux-francois-joyaux\/","url_meta":{"origin":1490,"position":5},"title":"Biographie de Jules Gravereaux (Fran\u00e7ois Joyaux)","author":"marretgravereaux","date":"22 janvier 2018","format":false,"excerpt":"Jules Gravereaux (1844-1916) Avec l'\u00e2ge, on a souvent tendance \u00e0 revenir dans son pays d'origine. Ce fut le cas de Jules Gravereaux, lorsqu'il ach\u00e8tera sa propri\u00e9t\u00e9 de L'Hay. En effet, il \u00e9tait n\u00e9 tout pr\u00e8s, \u00e0 Vitry, le 1er mai 1844, dans une famille modeste. Jules Gravereaux est parfois pr\u00e9sent\u00e9\u2026","rel":"","context":"Article similaire","block_context":{"text":"Article similaire","link":""},"img":{"alt_text":"","src":"https:\/\/i0.wp.com\/lesgravereaux.marret.co\/wp-content\/uploads\/2018\/01\/Renouard-Charles-Paul-47-J-245b_wp-674x1024.jpg?resize=350%2C200","width":350,"height":200},"classes":[]}],"_links":{"self":[{"href":"https:\/\/lesgravereaux.marret.co\/index.php\/wp-json\/wp\/v2\/pages\/1490","targetHints":{"allow":["GET"]}}],"collection":[{"href":"https:\/\/lesgravereaux.marret.co\/index.php\/wp-json\/wp\/v2\/pages"}],"about":[{"href":"https:\/\/lesgravereaux.marret.co\/index.php\/wp-json\/wp\/v2\/types\/page"}],"author":[{"embeddable":true,"href":"https:\/\/lesgravereaux.marret.co\/index.php\/wp-json\/wp\/v2\/users\/1"}],"replies":[{"embeddable":true,"href":"https:\/\/lesgravereaux.marret.co\/index.php\/wp-json\/wp\/v2\/comments?post=1490"}],"version-history":[{"count":0,"href":"https:\/\/lesgravereaux.marret.co\/index.php\/wp-json\/wp\/v2\/pages\/1490\/revisions"}],"up":[{"embeddable":true,"href":"https:\/\/lesgravereaux.marret.co\/index.php\/wp-json\/wp\/v2\/pages\/596"}],"wp:attachment":[{"href":"https:\/\/lesgravereaux.marret.co\/index.php\/wp-json\/wp\/v2\/media?parent=1490"}],"curies":[{"name":"wp","href":"https:\/\/api.w.org\/{rel}","templated":true}]}}