{"id":1478,"date":"2016-04-10T09:04:41","date_gmt":"2016-04-10T08:04:41","guid":{"rendered":"http:\/\/lesgravereaux.marret.co\/?page_id=1478"},"modified":"2016-06-12T16:12:36","modified_gmt":"2016-06-12T15:12:36","slug":"la-fete-de-la-rose-2010-dans-la-presse","status":"publish","type":"page","link":"https:\/\/lesgravereaux.marret.co\/index.php\/571-2\/2010-les-28-et-29-mai\/la-fete-de-la-rose-2010-dans-la-presse\/","title":{"rendered":"La f\u00eate de la rose (2010) dans la presse"},"content":{"rendered":"<p>&nbsp;<\/p>\n<p><a href=\"https:\/\/i0.wp.com\/lesgravereaux.marret.co\/wp-content\/uploads\/2016\/04\/2010-05-A-LHay-p10-11_wp.jpg?ssl=1\" rel=\"attachment wp-att-1440\"><img data-recalc-dims=\"1\" loading=\"lazy\" decoding=\"async\" data-attachment-id=\"1440\" data-permalink=\"https:\/\/lesgravereaux.marret.co\/index.php\/571-2\/2010-les-28-et-29-mai\/la-fete-de-la-rose-2010-dans-la-presse\/2010-05-a-lhay-p10-11_wp\/\" data-orig-file=\"https:\/\/i0.wp.com\/lesgravereaux.marret.co\/wp-content\/uploads\/2016\/04\/2010-05-A-LHay-p10-11_wp.jpg?fit=821%2C1181&amp;ssl=1\" data-orig-size=\"821,1181\" data-comments-opened=\"1\" data-image-meta=\"{&quot;aperture&quot;:&quot;0&quot;,&quot;credit&quot;:&quot;&quot;,&quot;camera&quot;:&quot;&quot;,&quot;caption&quot;:&quot;&quot;,&quot;created_timestamp&quot;:&quot;0&quot;,&quot;copyright&quot;:&quot;&quot;,&quot;focal_length&quot;:&quot;0&quot;,&quot;iso&quot;:&quot;0&quot;,&quot;shutter_speed&quot;:&quot;0&quot;,&quot;title&quot;:&quot;&quot;,&quot;orientation&quot;:&quot;1&quot;}\" data-image-title=\"2010-05 A L&amp;rsquo;Hay p10-11_wp\" data-image-description=\"\" data-image-caption=\"\" data-medium-file=\"https:\/\/i0.wp.com\/lesgravereaux.marret.co\/wp-content\/uploads\/2016\/04\/2010-05-A-LHay-p10-11_wp.jpg?fit=209%2C300&amp;ssl=1\" data-large-file=\"https:\/\/i0.wp.com\/lesgravereaux.marret.co\/wp-content\/uploads\/2016\/04\/2010-05-A-LHay-p10-11_wp.jpg?fit=640%2C920&amp;ssl=1\" class=\"wp-image-1440 alignleft\" src=\"https:\/\/i0.wp.com\/lesgravereaux.marret.co\/wp-content\/uploads\/2016\/04\/2010-05-A-LHay-p10-11_wp.jpg?resize=500%2C719&#038;ssl=1\" alt=\"2010-05 A L'Hay p10-11_wp\" width=\"500\" height=\"719\" data-wp-pid=\"1440\" srcset=\"https:\/\/i0.wp.com\/lesgravereaux.marret.co\/wp-content\/uploads\/2016\/04\/2010-05-A-LHay-p10-11_wp.jpg?resize=712%2C1024&amp;ssl=1 712w, https:\/\/i0.wp.com\/lesgravereaux.marret.co\/wp-content\/uploads\/2016\/04\/2010-05-A-LHay-p10-11_wp.jpg?resize=209%2C300&amp;ssl=1 209w, https:\/\/i0.wp.com\/lesgravereaux.marret.co\/wp-content\/uploads\/2016\/04\/2010-05-A-LHay-p10-11_wp.jpg?resize=768%2C1105&amp;ssl=1 768w, https:\/\/i0.wp.com\/lesgravereaux.marret.co\/wp-content\/uploads\/2016\/04\/2010-05-A-LHay-p10-11_wp.jpg?resize=800%2C1151&amp;ssl=1 800w, https:\/\/i0.wp.com\/lesgravereaux.marret.co\/wp-content\/uploads\/2016\/04\/2010-05-A-LHay-p10-11_wp.jpg?resize=417%2C600&amp;ssl=1 417w, https:\/\/i0.wp.com\/lesgravereaux.marret.co\/wp-content\/uploads\/2016\/04\/2010-05-A-LHay-p10-11_wp.jpg?w=821&amp;ssl=1 821w\" sizes=\"auto, (max-width: 500px) 100vw, 500px\" \/><\/a><\/p>\n<p><a href=\"https:\/\/i0.wp.com\/lesgravereaux.marret.co\/wp-content\/uploads\/2016\/04\/2010-05-A-LHay-p11_wp.jpg?ssl=1\" rel=\"attachment wp-att-1441\"><img data-recalc-dims=\"1\" loading=\"lazy\" decoding=\"async\" data-attachment-id=\"1441\" data-permalink=\"https:\/\/lesgravereaux.marret.co\/index.php\/571-2\/2010-les-28-et-29-mai\/la-fete-de-la-rose-2010-dans-la-presse\/2010-05-a-lhay-p11_wp\/\" data-orig-file=\"https:\/\/i0.wp.com\/lesgravereaux.marret.co\/wp-content\/uploads\/2016\/04\/2010-05-A-LHay-p11_wp.jpg?fit=632%2C1181&amp;ssl=1\" data-orig-size=\"632,1181\" data-comments-opened=\"1\" data-image-meta=\"{&quot;aperture&quot;:&quot;0&quot;,&quot;credit&quot;:&quot;&quot;,&quot;camera&quot;:&quot;&quot;,&quot;caption&quot;:&quot;&quot;,&quot;created_timestamp&quot;:&quot;0&quot;,&quot;copyright&quot;:&quot;&quot;,&quot;focal_length&quot;:&quot;0&quot;,&quot;iso&quot;:&quot;0&quot;,&quot;shutter_speed&quot;:&quot;0&quot;,&quot;title&quot;:&quot;&quot;,&quot;orientation&quot;:&quot;1&quot;}\" data-image-title=\"2010-05 A L&amp;rsquo;Hay p11_wp\" data-image-description=\"\" data-image-caption=\"\" data-medium-file=\"https:\/\/i0.wp.com\/lesgravereaux.marret.co\/wp-content\/uploads\/2016\/04\/2010-05-A-LHay-p11_wp.jpg?fit=161%2C300&amp;ssl=1\" data-large-file=\"https:\/\/i0.wp.com\/lesgravereaux.marret.co\/wp-content\/uploads\/2016\/04\/2010-05-A-LHay-p11_wp.jpg?fit=548%2C1024&amp;ssl=1\" class=\"wp-image-1441 alignright\" src=\"https:\/\/i0.wp.com\/lesgravereaux.marret.co\/wp-content\/uploads\/2016\/04\/2010-05-A-LHay-p11_wp.jpg?resize=500%2C719&#038;ssl=1\" alt=\"2010-05 A L'Hay p11_wp\" width=\"500\" height=\"719\" data-wp-pid=\"1441\" \/><\/a><\/p>\n<p>&nbsp;<\/p>\n<p>&nbsp;<\/p>\n<p>&nbsp;<\/p>\n<p>&nbsp;<\/p>\n<p><em>\u00c0 L&rsquo;Ha\u00ff &#8211; Bulletin<br \/>\nde la ville de L&rsquo;Ha\u00ff-les-Roses,<br \/>\nmai 2010<\/em><\/p>\n<p>&nbsp;<\/p>\n<p>&nbsp;<\/p>\n<p>&nbsp;<\/p>\n<p>&nbsp;<\/p>\n<p>&nbsp;<\/p>\n<p>&nbsp;<\/p>\n<p>&nbsp;<\/p>\n<p>&nbsp;<\/p>\n<p>&nbsp;<\/p>\n<p>&nbsp;<\/p>\n<p>&nbsp;<\/p>\n<p>&nbsp;<\/p>\n<p><em>\u00c0 <\/em><em>L&rsquo;Ha\u00ff &#8211; Bulletin<br \/>\nde la ville de L&rsquo;Ha\u00ff-les-Roses,<br \/>\nmai 2010<\/em><\/p>\n<p><a href=\"https:\/\/i0.wp.com\/lesgravereaux.marret.co\/wp-content\/uploads\/2016\/04\/2010-05-29-Le-Parisien_wp.jpg?ssl=1\" rel=\"attachment wp-att-1442\"><img data-recalc-dims=\"1\" loading=\"lazy\" decoding=\"async\" data-attachment-id=\"1442\" data-permalink=\"https:\/\/lesgravereaux.marret.co\/index.php\/571-2\/2010-les-28-et-29-mai\/la-fete-de-la-rose-2010-dans-la-presse\/2010-05-29-le-parisien_wp\/\" data-orig-file=\"https:\/\/i0.wp.com\/lesgravereaux.marret.co\/wp-content\/uploads\/2016\/04\/2010-05-29-Le-Parisien_wp.jpg?fit=790%2C1181&amp;ssl=1\" data-orig-size=\"790,1181\" data-comments-opened=\"1\" data-image-meta=\"{&quot;aperture&quot;:&quot;0&quot;,&quot;credit&quot;:&quot;&quot;,&quot;camera&quot;:&quot;&quot;,&quot;caption&quot;:&quot;&quot;,&quot;created_timestamp&quot;:&quot;0&quot;,&quot;copyright&quot;:&quot;&quot;,&quot;focal_length&quot;:&quot;0&quot;,&quot;iso&quot;:&quot;0&quot;,&quot;shutter_speed&quot;:&quot;0&quot;,&quot;title&quot;:&quot;&quot;,&quot;orientation&quot;:&quot;1&quot;}\" data-image-title=\"2010-05-29 Le Parisien_wp\" data-image-description=\"\" data-image-caption=\"\" data-medium-file=\"https:\/\/i0.wp.com\/lesgravereaux.marret.co\/wp-content\/uploads\/2016\/04\/2010-05-29-Le-Parisien_wp.jpg?fit=201%2C300&amp;ssl=1\" data-large-file=\"https:\/\/i0.wp.com\/lesgravereaux.marret.co\/wp-content\/uploads\/2016\/04\/2010-05-29-Le-Parisien_wp.jpg?fit=640%2C957&amp;ssl=1\" class=\"wp-image-1442 alignleft\" src=\"https:\/\/i0.wp.com\/lesgravereaux.marret.co\/wp-content\/uploads\/2016\/04\/2010-05-29-Le-Parisien_wp.jpg?resize=500%2C719&#038;ssl=1\" alt=\"2010-05-29 Le Parisien_wp\" width=\"500\" height=\"719\" data-wp-pid=\"1442\" \/><\/a><\/p>\n<p>&nbsp;<\/p>\n<p>&nbsp;<\/p>\n<p>&nbsp;<\/p>\n<p>&nbsp;<\/p>\n<p>&nbsp;<\/p>\n<p>&nbsp;<\/p>\n<p>&nbsp;<\/p>\n<p>&nbsp;<\/p>\n<p>&nbsp;<\/p>\n<p>&nbsp;<\/p>\n<p>&nbsp;<\/p>\n<p>&nbsp;<\/p>\n<p>&nbsp;<\/p>\n<p>&nbsp;<\/p>\n<p><em>Le Parisien,<br \/>\n29 mai 2010<\/em><\/p>\n<p><a href=\"https:\/\/i0.wp.com\/lesgravereaux.marret.co\/wp-content\/uploads\/2016\/04\/2010-06-A-LHay-p8_wp.jpg?ssl=1\" rel=\"attachment wp-att-1444\"><img data-recalc-dims=\"1\" loading=\"lazy\" decoding=\"async\" data-attachment-id=\"1444\" data-permalink=\"https:\/\/lesgravereaux.marret.co\/index.php\/571-2\/2010-les-28-et-29-mai\/la-fete-de-la-rose-2010-dans-la-presse\/154-internet1-pdf\/\" data-orig-file=\"https:\/\/i0.wp.com\/lesgravereaux.marret.co\/wp-content\/uploads\/2016\/04\/2010-06-A-LHay-p8_wp.jpg?fit=802%2C1181&amp;ssl=1\" data-orig-size=\"802,1181\" data-comments-opened=\"1\" data-image-meta=\"{&quot;aperture&quot;:&quot;0&quot;,&quot;credit&quot;:&quot;Jean-Luc&quot;,&quot;camera&quot;:&quot;&quot;,&quot;caption&quot;:&quot;&quot;,&quot;created_timestamp&quot;:&quot;0&quot;,&quot;copyright&quot;:&quot;&quot;,&quot;focal_length&quot;:&quot;0&quot;,&quot;iso&quot;:&quot;0&quot;,&quot;shutter_speed&quot;:&quot;0&quot;,&quot;title&quot;:&quot;154-internet[1].pdf&quot;,&quot;orientation&quot;:&quot;1&quot;}\" data-image-title=\"154-internet[1].pdf\" data-image-description=\"\" data-image-caption=\"\" data-medium-file=\"https:\/\/i0.wp.com\/lesgravereaux.marret.co\/wp-content\/uploads\/2016\/04\/2010-06-A-LHay-p8_wp.jpg?fit=204%2C300&amp;ssl=1\" data-large-file=\"https:\/\/i0.wp.com\/lesgravereaux.marret.co\/wp-content\/uploads\/2016\/04\/2010-06-A-LHay-p8_wp.jpg?fit=640%2C943&amp;ssl=1\" class=\"wp-image-1444 alignright\" src=\"https:\/\/i0.wp.com\/lesgravereaux.marret.co\/wp-content\/uploads\/2016\/04\/2010-06-A-LHay-p8_wp.jpg?resize=501%2C739&#038;ssl=1\" alt=\"154-internet[1].pdf\" width=\"501\" height=\"739\" data-wp-pid=\"1444\" srcset=\"https:\/\/i0.wp.com\/lesgravereaux.marret.co\/wp-content\/uploads\/2016\/04\/2010-06-A-LHay-p8_wp.jpg?resize=695%2C1024&amp;ssl=1 695w, https:\/\/i0.wp.com\/lesgravereaux.marret.co\/wp-content\/uploads\/2016\/04\/2010-06-A-LHay-p8_wp.jpg?resize=204%2C300&amp;ssl=1 204w, https:\/\/i0.wp.com\/lesgravereaux.marret.co\/wp-content\/uploads\/2016\/04\/2010-06-A-LHay-p8_wp.jpg?resize=768%2C1131&amp;ssl=1 768w, https:\/\/i0.wp.com\/lesgravereaux.marret.co\/wp-content\/uploads\/2016\/04\/2010-06-A-LHay-p8_wp.jpg?resize=800%2C1178&amp;ssl=1 800w, https:\/\/i0.wp.com\/lesgravereaux.marret.co\/wp-content\/uploads\/2016\/04\/2010-06-A-LHay-p8_wp.jpg?resize=407%2C600&amp;ssl=1 407w, https:\/\/i0.wp.com\/lesgravereaux.marret.co\/wp-content\/uploads\/2016\/04\/2010-06-A-LHay-p8_wp.jpg?w=802&amp;ssl=1 802w\" sizes=\"auto, (max-width: 501px) 100vw, 501px\" \/><\/a><\/p>\n<p>&nbsp;<\/p>\n<p>&nbsp;<\/p>\n<p>&nbsp;<\/p>\n<p>&nbsp;<\/p>\n<p>&nbsp;<\/p>\n<p>&nbsp;<\/p>\n<p>&nbsp;<\/p>\n<p>&nbsp;<\/p>\n<p>&nbsp;<\/p>\n<p>&nbsp;<\/p>\n<p>&nbsp;<\/p>\n<p>&nbsp;<\/p>\n<p><em>\u00c0 L&rsquo;Ha\u00ff &#8211; Bulletin<br \/>\nde la ville de L&rsquo;Ha\u00ff-les-Roses,<br \/>\njuin 2010<\/em><\/p>\n<p><a href=\"https:\/\/i0.wp.com\/lesgravereaux.marret.co\/wp-content\/uploads\/2016\/04\/2010-08-Amis-de-la-Roseraie_wp.jpg?ssl=1\" rel=\"attachment wp-att-1443\"><img data-recalc-dims=\"1\" loading=\"lazy\" decoding=\"async\" data-attachment-id=\"1443\" data-permalink=\"https:\/\/lesgravereaux.marret.co\/index.php\/571-2\/2010-les-28-et-29-mai\/la-fete-de-la-rose-2010-dans-la-presse\/2010-08-amis-de-la-roseraie_wp\/\" data-orig-file=\"https:\/\/i0.wp.com\/lesgravereaux.marret.co\/wp-content\/uploads\/2016\/04\/2010-08-Amis-de-la-Roseraie_wp.jpg?fit=563%2C1181&amp;ssl=1\" data-orig-size=\"563,1181\" data-comments-opened=\"1\" data-image-meta=\"{&quot;aperture&quot;:&quot;0&quot;,&quot;credit&quot;:&quot;&quot;,&quot;camera&quot;:&quot;HP pstc5100&quot;,&quot;caption&quot;:&quot;&quot;,&quot;created_timestamp&quot;:&quot;1460230252&quot;,&quot;copyright&quot;:&quot;&quot;,&quot;focal_length&quot;:&quot;0&quot;,&quot;iso&quot;:&quot;0&quot;,&quot;shutter_speed&quot;:&quot;0&quot;,&quot;title&quot;:&quot;&quot;,&quot;orientation&quot;:&quot;1&quot;}\" data-image-title=\"2010-08 Amis de la Roseraie_wp\" data-image-description=\"\" data-image-caption=\"\" data-medium-file=\"https:\/\/i0.wp.com\/lesgravereaux.marret.co\/wp-content\/uploads\/2016\/04\/2010-08-Amis-de-la-Roseraie_wp.jpg?fit=143%2C300&amp;ssl=1\" data-large-file=\"https:\/\/i0.wp.com\/lesgravereaux.marret.co\/wp-content\/uploads\/2016\/04\/2010-08-Amis-de-la-Roseraie_wp.jpg?fit=488%2C1024&amp;ssl=1\" class=\"wp-image-1443 alignleft\" src=\"https:\/\/i0.wp.com\/lesgravereaux.marret.co\/wp-content\/uploads\/2016\/04\/2010-08-Amis-de-la-Roseraie_wp.jpg?resize=501%2C739&#038;ssl=1\" alt=\"2010-08 Amis de la Roseraie_wp\" width=\"501\" height=\"739\" data-wp-pid=\"1443\" \/><\/a><\/p>\n<p>&nbsp;<\/p>\n<p>&nbsp;<\/p>\n<p>&nbsp;<\/p>\n<p>&nbsp;<\/p>\n<p>&nbsp;<\/p>\n<p>&nbsp;<\/p>\n<p>&nbsp;<\/p>\n<p>&nbsp;<\/p>\n<p>&nbsp;<\/p>\n<p>&nbsp;<\/p>\n<p><em>Roses et Roseraies &#8211; Bulletin de l&rsquo;Association des Amis de la Roseraie, juillet 2010<\/em><\/p>\n","protected":false},"excerpt":{"rendered":"<p>&nbsp; &nbsp; &nbsp; &nbsp; &nbsp; \u00c0 L&rsquo;Ha\u00ff &#8211; Bulletin de la ville de L&rsquo;Ha\u00ff-les-Roses, mai 2010 &nbsp; &nbsp; &nbsp; &nbsp; &nbsp; &nbsp; &nbsp; &nbsp; &nbsp; &nbsp; &nbsp; &nbsp; \u00c0 L&rsquo;Ha\u00ff &#8211; Bulletin de la ville de L&rsquo;Ha\u00ff-les-Roses, mai 2010 &nbsp; &hellip; <a href=\"https:\/\/lesgravereaux.marret.co\/index.php\/571-2\/2010-les-28-et-29-mai\/la-fete-de-la-rose-2010-dans-la-presse\/\">Continuer la lecture <span class=\"meta-nav\">&rarr;<\/span><\/a><\/p>\n","protected":false},"author":1,"featured_media":0,"parent":1420,"menu_order":0,"comment_status":"closed","ping_status":"closed","template":"","meta":{"ngg_post_thumbnail":0,"jetpack_post_was_ever_published":false,"footnotes":""},"class_list":["post-1478","page","type-page","status-publish","hentry"],"jetpack_sharing_enabled":true,"jetpack_shortlink":"https:\/\/wp.me\/P7ERyi-nQ","jetpack-related-posts":[{"id":2125,"url":"https:\/\/lesgravereaux.marret.co\/index.php\/lassociation-jules-gravereaux\/le-parrainage-de-la-fete-de-la-rose-2010\/","url_meta":{"origin":1478,"position":0},"title":"Le parrainage de la F\u00eate de la Rose (2010)","author":"marretgravereaux","date":"1 mai 2016","format":false,"excerpt":"Bulletin de la ville de L'Ha\u00ff-les-Roses, mai 2010.","rel":"","context":"Article similaire","block_context":{"text":"Article similaire","link":""},"img":{"alt_text":"2010-05 A L'Hay p11_wp","src":"https:\/\/i0.wp.com\/lesgravereaux.marret.co\/wp-content\/uploads\/2016\/05\/2010-05-A-LHay-p11_wp-548x1024.jpg?resize=350%2C200","width":350,"height":200,"srcset":"https:\/\/i0.wp.com\/lesgravereaux.marret.co\/wp-content\/uploads\/2016\/05\/2010-05-A-LHay-p11_wp-548x1024.jpg?resize=350%2C200 1x, https:\/\/i0.wp.com\/lesgravereaux.marret.co\/wp-content\/uploads\/2016\/05\/2010-05-A-LHay-p11_wp-548x1024.jpg?resize=525%2C300 1.5x"},"classes":[]},{"id":3709,"url":"https:\/\/lesgravereaux.marret.co\/index.php\/jules-gravereaux\/des-evenements-de-sa-vie\/jules-gravereaux-son-deces\/lhay-les-roses-lavenue-jules-gravereaux\/","url_meta":{"origin":1478,"position":1},"title":"L&rsquo;Ha\u00ff-les-Roses &#8211; L&rsquo;avenue Jules Gravereaux","author":"marretgravereaux","date":"17 juin 2016","format":false,"excerpt":"Dans les semaines qui ont suivi le d\u00e9c\u00e8s de Jules Gravereaux, la ville de L\u2019Ha\u00ff-les-Roses a jug\u00e9 bon de l\u2019honorer de fa\u00e7on toute particuli\u00e8re\u2026 (3e Bur.) \u2014 Administration communale. \u2014 Bry-sur-Marne, L'Ha\u00ff-les-Roses, Nogent-sur-Marne et Saint-Maur\u00a0: d\u00e9nominations de voies publiques. (D\u00e9crets.) Par d\u00e9cret du 30 ao\u00fbt 1916 a \u00e9t\u00e9 approuv\u00e9e la\u2026","rel":"","context":"Article similaire","block_context":{"text":"Article similaire","link":""},"img":{"alt_text":"Paris (D\u00e9partement). Recueil des actes administratifs, bulletin","src":"https:\/\/i0.wp.com\/lesgravereaux.marret.co\/wp-content\/uploads\/2016\/06\/1916-08-Actes-administratifs-Pr%C3%A9fecture-de-la-Seine-3_wp.jpg?resize=350%2C200","width":350,"height":200},"classes":[]},{"id":18,"url":"https:\/\/lesgravereaux.marret.co\/index.php\/lhay-les-roses-une-appellation-centenaire\/","url_meta":{"origin":1478,"position":2},"title":"L\u2019Ha\u00ff-les-Roses \u2013 une appellation centenaire","author":"marretgravereaux","date":"22 octobre 2015","format":false,"excerpt":"Le changement de nom est d\u2019abord - on s'en \u00e9tonnera peut-\u00eatre - la cons\u00e9quence directe du d\u00e9veloppement du t\u00e9l\u00e9phone, comme l\u2019indique\u00a0le rapport du commissaire-enqu\u00eateur dans le registre des d\u00e9lib\u00e9rations de la commune\u2026 Avis motiv\u00e9 du Commissaire enqu\u00eateur Le Commissaire enqu\u00eateur apr\u00e8s avoir pris connaissance de la d\u00e9lib\u00e9ration du Conseil Municipal\u2026","rel":"","context":"Dans &quot;L'Ha\u00ff-les-Roses&quot;","block_context":{"text":"L'Ha\u00ff-les-Roses","link":"https:\/\/lesgravereaux.marret.co\/index.php\/category\/jules-gravereaux\/a-lhay-les-roses\/"},"img":{"alt_text":"1913-04 Ville de L'Hay - Rapport du commissaire-enqu\u00eateur_wp","src":"https:\/\/i0.wp.com\/lesgravereaux.marret.co\/wp-content\/uploads\/2016\/06\/1913-04-Ville-de-LHay-Rapport-du-commissaire-enqu%C3%AAteur_wp.jpg?resize=350%2C200","width":350,"height":200},"classes":[]},{"id":1798,"url":"https:\/\/lesgravereaux.marret.co\/index.php\/jules-gravereaux\/jules-gravereaux-ses-ecrits\/","url_meta":{"origin":1478,"position":3},"title":"Jules Gravereaux &#8211; Ses \u00e9crits","author":"marretgravereaux","date":"23 avril 2016","format":false,"excerpt":"Jules Gravereaux\u00a0s'est aussi fait conna\u00eetre dans le monde de la rose comme un auteur. De 1899 \u00e0 1914, il a publi\u00e9 trois inventaires de la roseraie, les r\u00e9sultats de plusieurs de ses recherches ainsi que divers articles dans des revues horticoles. Toutefois,\u00a0par humilit\u00e9 et par respect pour ses collaborateurs, un\u2026","rel":"","context":"Article similaire","block_context":{"text":"Article similaire","link":""},"img":{"alt_text":"File0032a","src":"https:\/\/i0.wp.com\/lesgravereaux.marret.co\/wp-content\/uploads\/2015\/10\/File0032a.jpg?resize=350%2C200","width":350,"height":200},"classes":[]},{"id":1523,"url":"https:\/\/lesgravereaux.marret.co\/index.php\/liens-utiles\/","url_meta":{"origin":1478,"position":4},"title":"Liens utiles","author":"marretgravereaux","date":"10 avril 2016","format":false,"excerpt":"Les liens pour :\u00a0-\u00a0La famille Gravereaux -\u00a0Jules Gravereaux - Denis Gravereaux\u00a0-\u00a0Sylvie de Beco\u00a0-\u00a0Jean-Claude Pascal - La roseraie de l'Ha\u00ff -\u00a0Les \u00c9tablissements Gravereaux\u00a0-\u00a0Associations et organismes \u00a0 \u00a0Jules Gravereaux Wikipedia - Jules Gravereaux \u00a0\u00a0 La roseraie de l'Ha\u00ff La Roseraie du Val-de-Marne Wikipedia - La Roseraie du Val-de-Marne HelpMeFind - Roseraie du\u2026","rel":"","context":"Article similaire","block_context":{"text":"Article similaire","link":""},"img":{"alt_text":"Roses de Malmaison - p01b_wp","src":"https:\/\/i0.wp.com\/lesgravereaux.marret.co\/wp-content\/uploads\/2016\/03\/Roses-de-Malmaison-p01b_wp.jpg?resize=350%2C200","width":350,"height":200},"classes":[]},{"id":1002,"url":"https:\/\/lesgravereaux.marret.co\/index.php\/la-roseraie-de-lhay\/la-maison-empire\/","url_meta":{"origin":1478,"position":5},"title":"La Maison Empire","author":"marretgravereaux","date":"13 mars 2016","format":false,"excerpt":"Lorsqu\u2019en 1892, Jules Gravereaux ach\u00e8te la propri\u00e9t\u00e9 \u00e0 L'Ha\u00ff, celle-ci comprend un parc et une maison ancienne connue sous le nom de Maison Empire. \u00ab\u00a0Une premi\u00e8re demeure est d\u00e9j\u00e0 visible sur les plans terriers de la fin du 18e si\u00e8cle, peut-\u00eatre construite par l'architecte Jean-Pierre Brulle, qui la poss\u00e8de en\u2026","rel":"","context":"Article similaire","block_context":{"text":"Article similaire","link":""},"img":{"alt_text":"011-1 58 ROSERAIE DE L'HAY (SEINE) - La Maison Empire_wp","src":"https:\/\/i0.wp.com\/marret.co\/wp-content\/uploads\/2016\/03\/011-1-58-ROSERAIE-DE-LHAY-SEINE-La-Maison-Empire_wp-1024x671.jpg?resize=350%2C200","width":350,"height":200},"classes":[]}],"_links":{"self":[{"href":"https:\/\/lesgravereaux.marret.co\/index.php\/wp-json\/wp\/v2\/pages\/1478","targetHints":{"allow":["GET"]}}],"collection":[{"href":"https:\/\/lesgravereaux.marret.co\/index.php\/wp-json\/wp\/v2\/pages"}],"about":[{"href":"https:\/\/lesgravereaux.marret.co\/index.php\/wp-json\/wp\/v2\/types\/page"}],"author":[{"embeddable":true,"href":"https:\/\/lesgravereaux.marret.co\/index.php\/wp-json\/wp\/v2\/users\/1"}],"replies":[{"embeddable":true,"href":"https:\/\/lesgravereaux.marret.co\/index.php\/wp-json\/wp\/v2\/comments?post=1478"}],"version-history":[{"count":0,"href":"https:\/\/lesgravereaux.marret.co\/index.php\/wp-json\/wp\/v2\/pages\/1478\/revisions"}],"up":[{"embeddable":true,"href":"https:\/\/lesgravereaux.marret.co\/index.php\/wp-json\/wp\/v2\/pages\/1420"}],"wp:attachment":[{"href":"https:\/\/lesgravereaux.marret.co\/index.php\/wp-json\/wp\/v2\/media?parent=1478"}],"curies":[{"name":"wp","href":"https:\/\/api.w.org\/{rel}","templated":true}]}}