{"id":1344,"date":"2016-06-12T16:32:22","date_gmt":"2016-06-12T15:32:22","guid":{"rendered":"http:\/\/lesgravereaux.marret.co\/?page_id=1344"},"modified":"2017-07-01T16:30:46","modified_gmt":"2017-07-01T15:30:46","slug":"une-famille-dartistes","status":"publish","type":"page","link":"https:\/\/lesgravereaux.marret.co\/index.php\/la-famille-gravereaux\/une-famille-dartistes\/","title":{"rendered":"Une famille d&rsquo;artistes"},"content":{"rendered":"<p>&nbsp;<\/p>\n<p>Ren\u00e9 Gravereaux (1875-1960) et Marthe Ancelot (1881-1972) ont eu dix enfants. On ne sait si leur grand-p\u00e8re, Jules Gravereaux (1844-1916) les a encourag\u00e9s ou s\u2019il les a inspir\u00e9s, mais ils ont, tous ou presque, d\u00e9montr\u00e9 des talents de dessinateurs!<\/p>\n<p><a href=\"https:\/\/i0.wp.com\/lesgravereaux.marret.co\/wp-content\/uploads\/2016\/06\/Gravereaux-Philippe-2011-12_012_wp.jpg?ssl=1\"><img data-recalc-dims=\"1\" loading=\"lazy\" decoding=\"async\" data-attachment-id=\"3562\" data-permalink=\"https:\/\/lesgravereaux.marret.co\/index.php\/la-famille-gravereaux\/une-famille-dartistes\/gravereaux-philippe-2011-12_012_wp\/\" data-orig-file=\"https:\/\/i0.wp.com\/lesgravereaux.marret.co\/wp-content\/uploads\/2016\/06\/Gravereaux-Philippe-2011-12_012_wp.jpg?fit=727%2C886&amp;ssl=1\" data-orig-size=\"727,886\" data-comments-opened=\"1\" data-image-meta=\"{&quot;aperture&quot;:&quot;14&quot;,&quot;credit&quot;:&quot;&quot;,&quot;camera&quot;:&quot;Canon EOS DIGITAL REBEL XSi&quot;,&quot;caption&quot;:&quot;&quot;,&quot;created_timestamp&quot;:&quot;1307262632&quot;,&quot;copyright&quot;:&quot;&quot;,&quot;focal_length&quot;:&quot;47&quot;,&quot;iso&quot;:&quot;200&quot;,&quot;shutter_speed&quot;:&quot;0.004&quot;,&quot;title&quot;:&quot;&quot;,&quot;orientation&quot;:&quot;1&quot;}\" data-image-title=\"Gravereaux, Philippe (2011-12_012)_wp\" data-image-description=\"\" data-image-caption=\"\" data-medium-file=\"https:\/\/i0.wp.com\/lesgravereaux.marret.co\/wp-content\/uploads\/2016\/06\/Gravereaux-Philippe-2011-12_012_wp.jpg?fit=246%2C300&amp;ssl=1\" data-large-file=\"https:\/\/i0.wp.com\/lesgravereaux.marret.co\/wp-content\/uploads\/2016\/06\/Gravereaux-Philippe-2011-12_012_wp.jpg?fit=640%2C780&amp;ssl=1\" width=\"205\" height=\"250\" class=\"wp-image-3562 alignleft\" alt=\"Gravereaux, Philippe (2011-12_012)_wp\" src=\"https:\/\/i0.wp.com\/lesgravereaux.marret.co\/wp-content\/uploads\/2016\/06\/Gravereaux-Philippe-2011-12_012_wp.jpg?resize=205%2C250&#038;ssl=1\" data-wp-pid=\"3562\" srcset=\"https:\/\/i0.wp.com\/lesgravereaux.marret.co\/wp-content\/uploads\/2016\/06\/Gravereaux-Philippe-2011-12_012_wp.jpg?w=727&amp;ssl=1 727w, https:\/\/i0.wp.com\/lesgravereaux.marret.co\/wp-content\/uploads\/2016\/06\/Gravereaux-Philippe-2011-12_012_wp.jpg?resize=246%2C300&amp;ssl=1 246w, https:\/\/i0.wp.com\/lesgravereaux.marret.co\/wp-content\/uploads\/2016\/06\/Gravereaux-Philippe-2011-12_012_wp.jpg?resize=492%2C600&amp;ssl=1 492w\" sizes=\"auto, (max-width: 205px) 100vw, 205px\" \/><\/a><\/p>\n<p>&nbsp;<\/p>\n<p>Philippe Gravereaux (1904-1987) aurait r\u00e9alis\u00e9 quelques dessins, dont celui pr\u00e9sent\u00e9 ici; rumeur ou v\u00e9rit\u00e9, cela reste \u00e0 v\u00e9rifier et le webmestre de ce site serait heureux d\u2019obtenir plus d\u2019informations \u00e0 ce sujet.<\/p>\n<p><a href=\"https:\/\/i0.wp.com\/lesgravereaux.marret.co\/wp-content\/uploads\/2016\/02\/1931-08-Gravereaux-R-Environ-Houlgate-wp.jpg?ssl=1\"><img data-recalc-dims=\"1\" loading=\"lazy\" decoding=\"async\" data-attachment-id=\"203\" data-permalink=\"https:\/\/lesgravereaux.marret.co\/index.php\/la-famille-gravereaux\/une-famille-dartistes\/1931-08-gravereaux-r-environ-houlgate-wp\/\" data-orig-file=\"https:\/\/i0.wp.com\/lesgravereaux.marret.co\/wp-content\/uploads\/2016\/02\/1931-08-Gravereaux-R-Environ-Houlgate-wp.jpg?fit=1575%2C1295&amp;ssl=1\" data-orig-size=\"1575,1295\" data-comments-opened=\"1\" data-image-meta=\"{&quot;aperture&quot;:&quot;0&quot;,&quot;credit&quot;:&quot;&quot;,&quot;camera&quot;:&quot;&quot;,&quot;caption&quot;:&quot;&quot;,&quot;created_timestamp&quot;:&quot;0&quot;,&quot;copyright&quot;:&quot;&quot;,&quot;focal_length&quot;:&quot;0&quot;,&quot;iso&quot;:&quot;0&quot;,&quot;shutter_speed&quot;:&quot;0&quot;,&quot;title&quot;:&quot;&quot;,&quot;orientation&quot;:&quot;1&quot;}\" data-image-title=\"1931-08 Gravereaux, R &amp;#8211; Environ Houlgate wp\" data-image-description=\"\" data-image-caption=\"\" data-medium-file=\"https:\/\/i0.wp.com\/lesgravereaux.marret.co\/wp-content\/uploads\/2016\/02\/1931-08-Gravereaux-R-Environ-Houlgate-wp.jpg?fit=300%2C247&amp;ssl=1\" data-large-file=\"https:\/\/i0.wp.com\/lesgravereaux.marret.co\/wp-content\/uploads\/2016\/02\/1931-08-Gravereaux-R-Environ-Houlgate-wp.jpg?fit=640%2C526&amp;ssl=1\" width=\"251\" height=\"207\" class=\"wp-image-203 alignright\" alt=\"1931-08 Gravereaux, R - Environ Houlgate wp\" src=\"https:\/\/i0.wp.com\/lesgravereaux.marret.co\/wp-content\/uploads\/2016\/02\/1931-08-Gravereaux-R-Environ-Houlgate-wp.jpg?resize=251%2C207&#038;ssl=1\" data-wp-pid=\"203\" srcset=\"https:\/\/i0.wp.com\/lesgravereaux.marret.co\/wp-content\/uploads\/2016\/02\/1931-08-Gravereaux-R-Environ-Houlgate-wp.jpg?resize=1024%2C842&amp;ssl=1 1024w, https:\/\/i0.wp.com\/lesgravereaux.marret.co\/wp-content\/uploads\/2016\/02\/1931-08-Gravereaux-R-Environ-Houlgate-wp.jpg?resize=300%2C247&amp;ssl=1 300w, https:\/\/i0.wp.com\/lesgravereaux.marret.co\/wp-content\/uploads\/2016\/02\/1931-08-Gravereaux-R-Environ-Houlgate-wp.jpg?resize=768%2C631&amp;ssl=1 768w, https:\/\/i0.wp.com\/lesgravereaux.marret.co\/wp-content\/uploads\/2016\/02\/1931-08-Gravereaux-R-Environ-Houlgate-wp.jpg?resize=600%2C493&amp;ssl=1 600w, https:\/\/i0.wp.com\/lesgravereaux.marret.co\/wp-content\/uploads\/2016\/02\/1931-08-Gravereaux-R-Environ-Houlgate-wp.jpg?resize=800%2C658&amp;ssl=1 800w, https:\/\/i0.wp.com\/lesgravereaux.marret.co\/wp-content\/uploads\/2016\/02\/1931-08-Gravereaux-R-Environ-Houlgate-wp.jpg?w=1575&amp;ssl=1 1575w, https:\/\/i0.wp.com\/lesgravereaux.marret.co\/wp-content\/uploads\/2016\/02\/1931-08-Gravereaux-R-Environ-Houlgate-wp.jpg?w=1280&amp;ssl=1 1280w\" sizes=\"auto, (max-width: 251px) 100vw, 251px\" \/><\/a><\/p>\n<p><a href=\"https:\/\/lesgravereaux.marret.co\/index.php\/la-famille-gravereaux\/raymond-gravereaux\/\">Raymond Gravereaux <\/a>(1905-1991) a \u00e9tudi\u00e9 \u00e0 l\u2019\u00c9cole des Beaux-Arts avant d\u2019obtenir un Prix de Rome d\u2019architecture, en 1931, pour un dessin pr\u00e9sentant un d\u00e9cor du XVIII<sup>e<\/sup> si\u00e8cle. Il aimait \u00e0 peindre sur son carnet divers lieux et paysages, comme ces aquarelles qu\u2019il a r\u00e9alis\u00e9es en 1931 lors de vacances familiales \u00e0 Houlgate.<\/p>\n<p><a href=\"https:\/\/i0.wp.com\/lesgravereaux.marret.co\/wp-content\/uploads\/2016\/06\/Gravereaux-G%C3%A9rard-Herv%C3%A9-Lesur-HL062_wp.jpg?ssl=1\"><img data-recalc-dims=\"1\" loading=\"lazy\" decoding=\"async\" data-attachment-id=\"3495\" data-permalink=\"https:\/\/lesgravereaux.marret.co\/index.php\/la-famille-gravereaux\/une-famille-dartistes\/gravereaux-gerard-herve-lesur-hl062_wp\/\" data-orig-file=\"https:\/\/i0.wp.com\/lesgravereaux.marret.co\/wp-content\/uploads\/2016\/06\/Gravereaux-G%C3%A9rard-Herv%C3%A9-Lesur-HL062_wp.jpg?fit=1181%2C886&amp;ssl=1\" data-orig-size=\"1181,886\" data-comments-opened=\"1\" data-image-meta=\"{&quot;aperture&quot;:&quot;2.4&quot;,&quot;credit&quot;:&quot;&quot;,&quot;camera&quot;:&quot;iPhone 5c&quot;,&quot;caption&quot;:&quot;&quot;,&quot;created_timestamp&quot;:&quot;1453903101&quot;,&quot;copyright&quot;:&quot;&quot;,&quot;focal_length&quot;:&quot;4.12&quot;,&quot;iso&quot;:&quot;64&quot;,&quot;shutter_speed&quot;:&quot;0.05&quot;,&quot;title&quot;:&quot;&quot;,&quot;orientation&quot;:&quot;1&quot;}\" data-image-title=\"Gravereaux, G\u00e9rard (Herv\u00e9 Lesur &amp;#8211; HL062)_wp\" data-image-description=\"\" data-image-caption=\"\" data-medium-file=\"https:\/\/i0.wp.com\/lesgravereaux.marret.co\/wp-content\/uploads\/2016\/06\/Gravereaux-G%C3%A9rard-Herv%C3%A9-Lesur-HL062_wp.jpg?fit=300%2C225&amp;ssl=1\" data-large-file=\"https:\/\/i0.wp.com\/lesgravereaux.marret.co\/wp-content\/uploads\/2016\/06\/Gravereaux-G%C3%A9rard-Herv%C3%A9-Lesur-HL062_wp.jpg?fit=640%2C480&amp;ssl=1\" width=\"251\" height=\"207\" class=\"wp-image-3495 alignleft\" alt=\"Gravereaux, G\u00e9rard (Herv\u00e9 Lesur - HL062)_wp\" src=\"https:\/\/i0.wp.com\/lesgravereaux.marret.co\/wp-content\/uploads\/2016\/06\/Gravereaux-G%C3%A9rard-Herv%C3%A9-Lesur-HL062_wp.jpg?resize=251%2C207&#038;ssl=1\" data-wp-pid=\"3495\"><\/a><\/p>\n<p>&nbsp;<\/p>\n<p><a href=\"https:\/\/lesgravereaux.marret.co\/index.php\/la-famille-gravereaux\/gerard-gravereaux\/\">G\u00e9rard Gravereaux<\/a> (1906-1989) a pass\u00e9 une partie de sa vie \u00e0 peindre, surtout les femmes auxquelles il rend ainsi hommage. Ses \u0153uvres auront \u00e9t\u00e9 expos\u00e9es \u00e0 plusieurs reprises avec celles des cubistes.<\/p>\n<p>Suzanne Gravereaux (1909-2005) a \u0153uvr\u00e9 comme styliste aux \u00c9tablissements Gravereaux; elle y cr\u00e9ait des mod\u00e8les qu\u2019elle crayonnait rapidement sur des feuilles de papier.<\/p>\n<p><a href=\"https:\/\/i0.wp.com\/lesgravereaux.marret.co\/wp-content\/uploads\/2016\/06\/Programme-Dessin-de-Fran%C3%A7oise_wp.jpg?ssl=1\"><img data-recalc-dims=\"1\" loading=\"lazy\" decoding=\"async\" data-attachment-id=\"3566\" data-permalink=\"https:\/\/lesgravereaux.marret.co\/index.php\/la-famille-gravereaux\/une-famille-dartistes\/programme-dessin-de-francoise_wp\/\" data-orig-file=\"https:\/\/i0.wp.com\/lesgravereaux.marret.co\/wp-content\/uploads\/2016\/06\/Programme-Dessin-de-Fran%C3%A7oise_wp.jpg?fit=886%2C843&amp;ssl=1\" data-orig-size=\"886,843\" data-comments-opened=\"1\" data-image-meta=\"{&quot;aperture&quot;:&quot;0&quot;,&quot;credit&quot;:&quot;&quot;,&quot;camera&quot;:&quot;&quot;,&quot;caption&quot;:&quot;&quot;,&quot;created_timestamp&quot;:&quot;0&quot;,&quot;copyright&quot;:&quot;&quot;,&quot;focal_length&quot;:&quot;0&quot;,&quot;iso&quot;:&quot;0&quot;,&quot;shutter_speed&quot;:&quot;0&quot;,&quot;title&quot;:&quot;&quot;,&quot;orientation&quot;:&quot;1&quot;}\" data-image-title=\"Programme &amp;#8211; Dessin de Fran\u00e7oise_wp\" data-image-description=\"\" data-image-caption=\"\" data-medium-file=\"https:\/\/i0.wp.com\/lesgravereaux.marret.co\/wp-content\/uploads\/2016\/06\/Programme-Dessin-de-Fran%C3%A7oise_wp.jpg?fit=300%2C285&amp;ssl=1\" data-large-file=\"https:\/\/i0.wp.com\/lesgravereaux.marret.co\/wp-content\/uploads\/2016\/06\/Programme-Dessin-de-Fran%C3%A7oise_wp.jpg?fit=640%2C609&amp;ssl=1\" width=\"251\" height=\"207\" class=\"wp-image-3566 alignright\" alt=\"Programme - Dessin de Fran\u00e7oise_wp\" src=\"https:\/\/i0.wp.com\/lesgravereaux.marret.co\/wp-content\/uploads\/2016\/06\/Programme-Dessin-de-Fran%C3%A7oise_wp.jpg?resize=251%2C207&#038;ssl=1\" data-wp-pid=\"3566\"><\/a><\/p>\n<p>&nbsp;<\/p>\n<p>Fran\u00e7oise \u00ab&nbsp;<em>Puddy<\/em>&nbsp;\u00bb Gravereaux (1914-2009) s\u2019est, elle aussi, essay\u00e9e au dessin; comme le montre cette peinture de jeunesse.<\/p>\n<p><a href=\"https:\/\/i0.wp.com\/lesgravereaux.marret.co\/wp-content\/uploads\/2016\/05\/1932-Gravereaux-Robert-Carnet-Croissy-12_wp.jpg?ssl=1\"><img data-recalc-dims=\"1\" loading=\"lazy\" decoding=\"async\" data-attachment-id=\"2506\" data-permalink=\"https:\/\/lesgravereaux.marret.co\/index.php\/la-famille-gravereaux\/robert-gravereaux\/croissy-vu-par-robert-gravereaux\/1932-gravereaux-robert-carnet-croissy-12_wp\/\" data-orig-file=\"https:\/\/i0.wp.com\/lesgravereaux.marret.co\/wp-content\/uploads\/2016\/05\/1932-Gravereaux-Robert-Carnet-Croissy-12_wp.jpg?fit=1181%2C1038&amp;ssl=1\" data-orig-size=\"1181,1038\" data-comments-opened=\"1\" data-image-meta=\"{&quot;aperture&quot;:&quot;0&quot;,&quot;credit&quot;:&quot;&quot;,&quot;camera&quot;:&quot;&quot;,&quot;caption&quot;:&quot;&quot;,&quot;created_timestamp&quot;:&quot;0&quot;,&quot;copyright&quot;:&quot;&quot;,&quot;focal_length&quot;:&quot;0&quot;,&quot;iso&quot;:&quot;0&quot;,&quot;shutter_speed&quot;:&quot;0&quot;,&quot;title&quot;:&quot;&quot;,&quot;orientation&quot;:&quot;1&quot;}\" data-image-title=\"1932 Gravereaux, Robert &amp;#8211; Carnet Croissy 12_wp\" data-image-description=\"\" data-image-caption=\"\" data-medium-file=\"https:\/\/i0.wp.com\/lesgravereaux.marret.co\/wp-content\/uploads\/2016\/05\/1932-Gravereaux-Robert-Carnet-Croissy-12_wp.jpg?fit=300%2C264&amp;ssl=1\" data-large-file=\"https:\/\/i0.wp.com\/lesgravereaux.marret.co\/wp-content\/uploads\/2016\/05\/1932-Gravereaux-Robert-Carnet-Croissy-12_wp.jpg?fit=640%2C563&amp;ssl=1\" width=\"251\" height=\"207\" class=\"wp-image-2506 alignleft\" alt=\"1932 Gravereaux, Robert - Carnet Croissy 12_wp\" src=\"https:\/\/i0.wp.com\/lesgravereaux.marret.co\/wp-content\/uploads\/2016\/05\/1932-Gravereaux-Robert-Carnet-Croissy-12_wp.jpg?resize=251%2C207&#038;ssl=1\" data-wp-pid=\"2506\"><\/a><\/p>\n<p>&nbsp;<\/p>\n<p><a href=\"https:\/\/lesgravereaux.marret.co\/index.php\/la-famille-gravereaux\/robert-gravereaux\/\">Robert Gravereaux <\/a>(1917-1940) a aussi laiss\u00e9 quelques traces de son crayon\u2026<\/p>\n","protected":false},"excerpt":{"rendered":"<p>&nbsp; Ren\u00e9 Gravereaux (1875-1960) et Marthe Ancelot (1881-1972) ont eu dix enfants. On ne sait si leur grand-p\u00e8re, Jules Gravereaux (1844-1916) les a encourag\u00e9s ou s\u2019il les a inspir\u00e9s, mais ils ont, tous ou presque, d\u00e9montr\u00e9 des talents de dessinateurs! &hellip; <a href=\"https:\/\/lesgravereaux.marret.co\/index.php\/la-famille-gravereaux\/une-famille-dartistes\/\">Continuer la lecture <span class=\"meta-nav\">&rarr;<\/span><\/a><\/p>\n","protected":false},"author":1,"featured_media":0,"parent":645,"menu_order":0,"comment_status":"closed","ping_status":"closed","template":"","meta":{"ngg_post_thumbnail":0,"jetpack_post_was_ever_published":false,"footnotes":""},"class_list":["post-1344","page","type-page","status-publish","hentry"],"jetpack_sharing_enabled":true,"jetpack_shortlink":"https:\/\/wp.me\/P7ERyi-lG","jetpack-related-posts":[{"id":4514,"url":"https:\/\/lesgravereaux.marret.co\/index.php\/les-etablissements-gravereaux\/les-etablissements-gravereaux-dans-la-presse\/1961-etablissements-gravereaux-et-produits-de-luxe\/","url_meta":{"origin":1344,"position":0},"title":"1961 &#8211; \u00c9tablissements Gravereaux et produits de luxe","author":"marretgravereaux","date":"13 juillet 2016","format":false,"excerpt":"Les \u00c9tablissements Gravereaux ont toujours \u00e9t\u00e9 r\u00e9put\u00e9s pour fabriquer des produits d'excellente qualit\u00e9, voire de luxe. Dans un article publi\u00e9 en octobre 1961, la revue V\u00eatir s'int\u00e9resse \u00e0 ce type de fabrication et publie un reportage r\u00e9dig\u00e9 \u00e2 partir des visites de plusieurs usines de cette Maison, \u00e0 Boulogne-sur-Seine, \u00e0\u2026","rel":"","context":"Article similaire","block_context":{"text":"Article similaire","link":""},"img":{"alt_text":"1961-10 Vetir p41_wp","src":"https:\/\/i0.wp.com\/lesgravereaux.marret.co\/wp-content\/uploads\/2016\/07\/1961-10-Vetir-p41_wp-780x1024.jpg?resize=350%2C200","width":350,"height":200},"classes":[]},{"id":2551,"url":"https:\/\/lesgravereaux.marret.co\/index.php\/571-2\/a-lhay-vers-1927\/","url_meta":{"origin":1344,"position":1},"title":"\u00c0 L&rsquo;Ha\u00ff&#8230; vers 1927","author":"marretgravereaux","date":"12 mai 2016","format":false,"excerpt":"Un bal \u00e0 L'Ha\u00ff-les-Roses, pour les dix-huit ans de petites-filles de Jules Gravereaux Ont \u00e9t\u00e9 identifi\u00e9es, de gauche \u00e0 droite\u00a0: ???, Fran\u00e7oise Gravereaux (Lesur), Suzanne Gravereaux (Marret), Gladys Tourret (Gravereaux), Jacqueline Gravereaux (Fanet), ???, Andr\u00e9e Fanet (Andr\u00e9), ??? Si vous pouvez identifier les autres personnes, apporter des corrections ou en\u2026","rel":"","context":"Article similaire","block_context":{"text":"Article similaire","link":""},"img":{"alt_text":"1929v - Bal \u00e0 l'Hay - JLM0081_wp","src":"https:\/\/i0.wp.com\/lesgravereaux.marret.co\/wp-content\/uploads\/2016\/05\/1929v-Bal-%C3%A0-lHay-JLM0081_wp-1024x703.jpg?resize=350%2C200","width":350,"height":200,"srcset":"https:\/\/i0.wp.com\/lesgravereaux.marret.co\/wp-content\/uploads\/2016\/05\/1929v-Bal-%C3%A0-lHay-JLM0081_wp-1024x703.jpg?resize=350%2C200 1x, https:\/\/i0.wp.com\/lesgravereaux.marret.co\/wp-content\/uploads\/2016\/05\/1929v-Bal-%C3%A0-lHay-JLM0081_wp-1024x703.jpg?resize=525%2C300 1.5x"},"classes":[]},{"id":2377,"url":"https:\/\/lesgravereaux.marret.co\/index.php\/la-famille-gravereaux\/la-famille-gravereaux-au-theatre\/","url_meta":{"origin":1344,"position":2},"title":"La famille Gravereaux au th\u00e9\u00e2tre","author":"marretgravereaux","date":"9 mai 2016","format":false,"excerpt":"En se mariant avec Laure Thuillier, Jules Gravereaux entrait dans une famille au talent artistique ind\u00e9niable. Sa belle-s\u0153ur, Louise Victoire Thuillier avait remport\u00e9 un premier prix de piano et un 1er prix de solf\u00e8ge au Conservatoire; elle fit d\u2019ailleurs carri\u00e8re \u00e0 l\u2019Op\u00e9ra-Comique et \u00e0 la Gait\u00e9 Lyrique, o\u00f9 elle cr\u00e9a\u2026","rel":"","context":"Article similaire","block_context":{"text":"Article similaire","link":""},"img":{"alt_text":"1903-03-30 Gravereaux, Jules - Spectacle (Journal des debats) 2_wp","src":"https:\/\/i0.wp.com\/lesgravereaux.marret.co\/wp-content\/uploads\/2016\/05\/1903-03-30-Gravereaux-Jules-Spectacle-Journal-des-debats-2_wp-1024x683.jpg?resize=350%2C200","width":350,"height":200},"classes":[]},{"id":3326,"url":"https:\/\/lesgravereaux.marret.co\/index.php\/571-2\/la-journee-de-jules-gravereaux\/","url_meta":{"origin":1344,"position":3},"title":"28 mai 2016 &#8211; La journ\u00e9e de Jules Gravereaux","author":"marretgravereaux","date":"10 juin 2016","format":false,"excerpt":"La ville de L'Ha\u00ff-les-Roses, les associations locales et la famille Gravereaux avaient d\u00e9cid\u00e9 de souligner le centenaire du d\u00e9c\u00e8s de Jules Gravereaux en organisant des activit\u00e9s le 18 mai 2016\u2026 Nathalie Ferrand, auteur du livre \u00ab\u00a0Cr\u00e9ateur de roses\u00a0\u00bb a prononc\u00e9 une conf\u00e9rence sur le th\u00e8me \u00ab\u00a0Rayonnement de Jules Gravereaux en\u2026","rel":"","context":"Dans &quot;Jules Gravereaux&quot;","block_context":{"text":"Jules Gravereaux","link":"https:\/\/lesgravereaux.marret.co\/index.php\/category\/jules-gravereaux\/"},"img":{"alt_text":"File0032a","src":"https:\/\/i0.wp.com\/lesgravereaux.marret.co\/wp-content\/uploads\/2015\/10\/File0032a.jpg?resize=350%2C200","width":350,"height":200},"classes":[]},{"id":2957,"url":"https:\/\/lesgravereaux.marret.co\/index.php\/571-2\/3-juin-1994-cousinade-gravereaux\/","url_meta":{"origin":1344,"position":4},"title":"3 juin 1994 &#8211; Cousinade Gravereaux","author":"marretgravereaux","date":"22 mai 2016","format":false,"excerpt":"Ils \u00e9taient presque tous l\u00e0, les descendants du cr\u00e9ateur de la roseraie de L\u2019Ha\u00ff, des\u00a0arri\u00e8res petits-enfants avec leurs conjoints et leurs propres enfants\u2026 et ils entouraient les petits-enfants de Jules Gravereaux encore vivants\u00a0: H\u00e9l\u00e8ne Ballu, Marie-Th\u00e9r\u00e8se Ballu, Bernard Gravereaux, Jacqueline Gravereaux (Fanet), Jean-Ren\u00e9 Gravereaux, Nicole Gravereaux (Drouet) et Suzanne Gravereaux\u2026","rel":"","context":"Article similaire","block_context":{"text":"Article similaire","link":""},"img":{"alt_text":"1994-06-03 Cousinade Gravereaux (JLM0525v2)","src":"https:\/\/i0.wp.com\/lesgravereaux.marret.co\/wp-content\/uploads\/2016\/05\/1994-06-03-Cousinade-Gravereaux-JLM0525v2-1024x766.jpg?resize=350%2C200","width":350,"height":200,"srcset":"https:\/\/i0.wp.com\/lesgravereaux.marret.co\/wp-content\/uploads\/2016\/05\/1994-06-03-Cousinade-Gravereaux-JLM0525v2-1024x766.jpg?resize=350%2C200 1x, https:\/\/i0.wp.com\/lesgravereaux.marret.co\/wp-content\/uploads\/2016\/05\/1994-06-03-Cousinade-Gravereaux-JLM0525v2-1024x766.jpg?resize=525%2C300 1.5x"},"classes":[]},{"id":3131,"url":"https:\/\/lesgravereaux.marret.co\/index.php\/les-etablissements-gravereaux\/les-marques-gravereaux\/","url_meta":{"origin":1344,"position":5},"title":"Les marques Gravereaux","author":"marretgravereaux","date":"25 mai 2016","format":false,"excerpt":"Les \u00c9tablissements Gravereaux ont toujours accord\u00e9 beaucoup d\u2019importance aux marques de commerce; ils en ont donc d\u00e9pos\u00e9 un grand nombre aupr\u00e8s du Tribunal de commerce. Les deux plus importantes furent R.G. et Triplefil qui apparurent sur tous les articles, de la chemiserie aux v\u00eatements de nuit, pyjamas ou robes de\u2026","rel":"","context":"Article similaire","block_context":{"text":"Article similaire","link":""},"img":{"alt_text":"R Gravereaux - Lettre-re\u00e7u a_wp","src":"https:\/\/i0.wp.com\/lesgravereaux.marret.co\/wp-content\/uploads\/2016\/05\/R-Gravereaux-Lettre-re%C3%A7u-a_wp.jpg?resize=350%2C200","width":350,"height":200},"classes":[]}],"_links":{"self":[{"href":"https:\/\/lesgravereaux.marret.co\/index.php\/wp-json\/wp\/v2\/pages\/1344","targetHints":{"allow":["GET"]}}],"collection":[{"href":"https:\/\/lesgravereaux.marret.co\/index.php\/wp-json\/wp\/v2\/pages"}],"about":[{"href":"https:\/\/lesgravereaux.marret.co\/index.php\/wp-json\/wp\/v2\/types\/page"}],"author":[{"embeddable":true,"href":"https:\/\/lesgravereaux.marret.co\/index.php\/wp-json\/wp\/v2\/users\/1"}],"replies":[{"embeddable":true,"href":"https:\/\/lesgravereaux.marret.co\/index.php\/wp-json\/wp\/v2\/comments?post=1344"}],"version-history":[{"count":0,"href":"https:\/\/lesgravereaux.marret.co\/index.php\/wp-json\/wp\/v2\/pages\/1344\/revisions"}],"up":[{"embeddable":true,"href":"https:\/\/lesgravereaux.marret.co\/index.php\/wp-json\/wp\/v2\/pages\/645"}],"wp:attachment":[{"href":"https:\/\/lesgravereaux.marret.co\/index.php\/wp-json\/wp\/v2\/media?parent=1344"}],"curies":[{"name":"wp","href":"https:\/\/api.w.org\/{rel}","templated":true}]}}