{"id":1274,"date":"2016-03-19T20:19:28","date_gmt":"2016-03-19T19:19:28","guid":{"rendered":"http:\/\/marret.co\/?page_id=1274"},"modified":"2018-01-29T19:17:49","modified_gmt":"2018-01-29T18:17:49","slug":"une-medaille-en-lhonneur-de-jules-gravereaux","status":"publish","type":"page","link":"https:\/\/lesgravereaux.marret.co\/index.php\/jules-gravereaux\/portraits-de-jules-gravereaux\/une-medaille-en-lhonneur-de-jules-gravereaux\/","title":{"rendered":"Une m\u00e9daille en l&rsquo;honneur de Jules Gravereaux"},"content":{"rendered":"<p>Jean-Luc Marret, l\u2019arri\u00e8re-petit-fils de Jules Gravereaux, a fait frapper une m\u00e9daille en l\u2019honneur de son a\u00efeul. Pour ceux qui souhaiteraient en obtenir un exemplaire, <a href=\"https:\/\/lesgravereaux.marret.co\/index.php\/contact-edimestre\/\" target=\"_blank\" rel=\"noopener\">contacter <span style=\"font-size: 12pt;\"><span style=\"text-align: left; color: #444444; text-transform: none; line-height: 18px; text-indent: 0px; letter-spacing: normal; font-family: Georgia,'Bitstream Charter',serif; font-style: normal; font-variant: normal; font-weight: 400; text-decoration: none; word-spacing: 0px; display: inline !important; white-space: normal; cursor: text; orphans: 2; float: none; -webkit-text-stroke-width: 0px; background-color: transparent;\">l&rsquo;\u00e9d<\/span>im<\/span>estre<\/a> responsable de ce site.<\/p>\n<p><strong><u><a href=\"https:\/\/i0.wp.com\/marret.co\/wp-content\/uploads\/2016\/03\/Jules-Gravereaux-Medaille-bronze-detouree.jpg\" rel=\"attachment wp-att-348\"><img data-recalc-dims=\"1\" loading=\"lazy\" decoding=\"async\" data-attachment-id=\"348\" data-permalink=\"https:\/\/lesgravereaux.marret.co\/index.php\/jules-gravereaux\/jules-gravereaux-au-bon-marche\/jules-gravereaux-medaille-bronze-detouree\/\" data-orig-file=\"https:\/\/i0.wp.com\/lesgravereaux.marret.co\/wp-content\/uploads\/2016\/03\/Jules-Gravereaux-Medaille-bronze-detouree.jpg?fit=630%2C630&amp;ssl=1\" data-orig-size=\"630,630\" data-comments-opened=\"1\" data-image-meta=\"{&quot;aperture&quot;:&quot;0&quot;,&quot;credit&quot;:&quot;&quot;,&quot;camera&quot;:&quot;&quot;,&quot;caption&quot;:&quot;&quot;,&quot;created_timestamp&quot;:&quot;0&quot;,&quot;copyright&quot;:&quot;&quot;,&quot;focal_length&quot;:&quot;0&quot;,&quot;iso&quot;:&quot;0&quot;,&quot;shutter_speed&quot;:&quot;0&quot;,&quot;title&quot;:&quot;&quot;,&quot;orientation&quot;:&quot;1&quot;}\" data-image-title=\"Jules Gravereaux &amp;#8211; Medaille (bronze) detouree\" data-image-description=\"\" data-image-caption=\"\" data-medium-file=\"https:\/\/i0.wp.com\/lesgravereaux.marret.co\/wp-content\/uploads\/2016\/03\/Jules-Gravereaux-Medaille-bronze-detouree.jpg?fit=300%2C300&amp;ssl=1\" data-large-file=\"https:\/\/i0.wp.com\/lesgravereaux.marret.co\/wp-content\/uploads\/2016\/03\/Jules-Gravereaux-Medaille-bronze-detouree.jpg?fit=630%2C630&amp;ssl=1\" width=\"250\" height=\"250\" class=\"wp-image-348 alignleft\" alt=\"Jules Gravereaux - Medaille (bronze) detouree\" src=\"https:\/\/i0.wp.com\/marret.co\/wp-content\/uploads\/2016\/03\/Jules-Gravereaux-Medaille-bronze-detouree.jpg?resize=250%2C250\" data-wp-pid=\"348\" srcset=\"https:\/\/i0.wp.com\/lesgravereaux.marret.co\/wp-content\/uploads\/2016\/03\/Jules-Gravereaux-Medaille-bronze-detouree.jpg?w=630&amp;ssl=1 630w, https:\/\/i0.wp.com\/lesgravereaux.marret.co\/wp-content\/uploads\/2016\/03\/Jules-Gravereaux-Medaille-bronze-detouree.jpg?resize=150%2C150&amp;ssl=1 150w, https:\/\/i0.wp.com\/lesgravereaux.marret.co\/wp-content\/uploads\/2016\/03\/Jules-Gravereaux-Medaille-bronze-detouree.jpg?resize=300%2C300&amp;ssl=1 300w, https:\/\/i0.wp.com\/lesgravereaux.marret.co\/wp-content\/uploads\/2016\/03\/Jules-Gravereaux-Medaille-bronze-detouree.jpg?resize=600%2C600&amp;ssl=1 600w\" sizes=\"auto, (max-width: 250px) 100vw, 250px\" \/><\/a>Avers<\/u><\/strong><\/p>\n<p>Au centre, le portrait de Jules Gravereaux, avec l\u2019ann\u00e9e de sa naissance et celle de son d\u00e9c\u00e8s, soulign\u00e9es par deux roses.<\/p>\n<p>En l\u00e9gende : Jules Gravereaux &#8211; Rhodologue (Sp\u00e9cialiste des roses et de leur culture) &#8211; Cr\u00e9ateur de la Roseraie de L\u2019Ha\u00ff &#8211; Philanthrope.<\/p>\n<p>&nbsp;<\/p>\n<p><strong><u><a href=\"https:\/\/i0.wp.com\/marret.co\/wp-content\/uploads\/2016\/03\/Jean-Luc-Marret-Medaille-bronze-detouree.jpg\" rel=\"attachment wp-att-345\"><img data-recalc-dims=\"1\" loading=\"lazy\" decoding=\"async\" data-attachment-id=\"345\" data-permalink=\"https:\/\/lesgravereaux.marret.co\/jean-luc-marret-medaille-bronze-detouree\/\" data-orig-file=\"https:\/\/i0.wp.com\/lesgravereaux.marret.co\/wp-content\/uploads\/2016\/03\/Jean-Luc-Marret-Medaille-bronze-detouree.jpg?fit=475%2C489&amp;ssl=1\" data-orig-size=\"475,489\" data-comments-opened=\"1\" data-image-meta=\"{&quot;aperture&quot;:&quot;0&quot;,&quot;credit&quot;:&quot;&quot;,&quot;camera&quot;:&quot;&quot;,&quot;caption&quot;:&quot;&quot;,&quot;created_timestamp&quot;:&quot;0&quot;,&quot;copyright&quot;:&quot;&quot;,&quot;focal_length&quot;:&quot;0&quot;,&quot;iso&quot;:&quot;0&quot;,&quot;shutter_speed&quot;:&quot;0&quot;,&quot;title&quot;:&quot;&quot;,&quot;orientation&quot;:&quot;1&quot;}\" data-image-title=\"Jean-Luc Marret &amp;#8211; Medaille (bronze) detouree\" data-image-description=\"\" data-image-caption=\"\" data-medium-file=\"https:\/\/i0.wp.com\/lesgravereaux.marret.co\/wp-content\/uploads\/2016\/03\/Jean-Luc-Marret-Medaille-bronze-detouree.jpg?fit=291%2C300&amp;ssl=1\" data-large-file=\"https:\/\/i0.wp.com\/lesgravereaux.marret.co\/wp-content\/uploads\/2016\/03\/Jean-Luc-Marret-Medaille-bronze-detouree.jpg?fit=475%2C489&amp;ssl=1\" width=\"250\" height=\"250\" class=\"wp-image-345 alignright\" alt=\"Jean-Luc Marret - Medaille (bronze) detouree\" src=\"https:\/\/i0.wp.com\/marret.co\/wp-content\/uploads\/2016\/03\/Jean-Luc-Marret-Medaille-bronze-detouree.jpg?resize=250%2C250\" data-wp-pid=\"345\" srcset=\"https:\/\/i0.wp.com\/lesgravereaux.marret.co\/wp-content\/uploads\/2016\/03\/Jean-Luc-Marret-Medaille-bronze-detouree.jpg?resize=150%2C150&amp;ssl=1 150w, https:\/\/i0.wp.com\/lesgravereaux.marret.co\/wp-content\/uploads\/2016\/03\/Jean-Luc-Marret-Medaille-bronze-detouree.jpg?resize=300%2C300&amp;ssl=1 300w\" sizes=\"auto, (max-width: 250px) 100vw, 250px\" \/><\/a>Revers<\/u><\/strong><\/p>\n<p>Concepteur et \u00e9metteur de la m\u00e9daille, Jean-Luc Marret est l\u2019arri\u00e8re-petit-fils de Jules Gravereaux.<\/p>\n<p>Au centre de la m\u00e9daille, les armoiries de la famille Marret de Vieil-Brioude : \u00c9cu (d\u2019argent) \u00e0 trois merlettes (de sable).<\/p>\n<p>En l\u00e9gende : Jean-Luc Marret &#8211; Numismate (sp\u00e9cialiste des monnaies et des m\u00e9dailles) \u2013 G\u00e9n\u00e9alogiste &#8211; Rhodophile (amateur de roses).<\/p>\n<p>&nbsp;<\/p>\n<p><strong><u>Caract\u00e9ristiques techniques<\/u><\/strong><\/p>\n<p>Diam\u00e8tre&nbsp;: 38 mm<br \/>\nFrappe&nbsp;:50 (fini bronze)&nbsp;; 3 (en argent pur, une once)<br \/>\nAtelier mon\u00e9taire&nbsp;: Pressed Metal Products (Vancouver, Canada)<\/p>\n","protected":false},"excerpt":{"rendered":"<p>Jean-Luc Marret, l\u2019arri\u00e8re-petit-fils de Jules Gravereaux, a fait frapper une m\u00e9daille en l\u2019honneur de son a\u00efeul. Pour ceux qui souhaiteraient en obtenir un exemplaire, contacter l&rsquo;\u00e9dimestre responsable de ce site. Avers Au centre, le portrait de Jules Gravereaux, avec l\u2019ann\u00e9e &hellip; <a href=\"https:\/\/lesgravereaux.marret.co\/index.php\/jules-gravereaux\/portraits-de-jules-gravereaux\/une-medaille-en-lhonneur-de-jules-gravereaux\/\">Continuer la lecture <span class=\"meta-nav\">&rarr;<\/span><\/a><\/p>\n","protected":false},"author":1,"featured_media":0,"parent":807,"menu_order":0,"comment_status":"closed","ping_status":"closed","template":"","meta":{"ngg_post_thumbnail":0,"jetpack_post_was_ever_published":false,"footnotes":""},"class_list":["post-1274","page","type-page","status-publish","hentry"],"jetpack_sharing_enabled":true,"jetpack_shortlink":"https:\/\/wp.me\/P7ERyi-ky","jetpack-related-posts":[{"id":3752,"url":"https:\/\/lesgravereaux.marret.co\/index.php\/jules-gravereaux\/jules-gravereaux-honneurs-et-medailles\/la-medaille-dor-de-la-ville-de-paris-1909\/","url_meta":{"origin":1274,"position":0},"title":"La m\u00e9daille d&rsquo;or de la ville de Paris (1909)","author":"marretgravereaux","date":"21 juin 2016","format":false,"excerpt":"31. \u2013 Attribution d\u2019une m\u00e9daille d\u2019or \u00e0 M.\u00a0Gravereaux M. Quentin-Bauchart \u2014 Messieurs, la roseraie cr\u00e9\u00e9e \u00e0 Bagatelle en 1906, actuellement en pleine floraison, fait l'admiration de tous. Votre jury du concours de la rose qui s\u2019y est r\u00e9cemment transport\u00e9 et qui a pu juger de l'effort tent\u00e9, n'a pas m\u00e9nag\u00e9\u2026","rel":"","context":"Article similaire","block_context":{"text":"Article similaire","link":""},"img":{"alt_text":"1909-06-26 Bulletin municipal officiel (Titre)_wp","src":"https:\/\/i0.wp.com\/lesgravereaux.marret.co\/wp-content\/uploads\/2016\/06\/1909-06-26-Bulletin-municipal-officiel-Titre_wp.jpg?resize=350%2C200","width":350,"height":200,"srcset":"https:\/\/i0.wp.com\/lesgravereaux.marret.co\/wp-content\/uploads\/2016\/06\/1909-06-26-Bulletin-municipal-officiel-Titre_wp.jpg?resize=350%2C200 1x, https:\/\/i0.wp.com\/lesgravereaux.marret.co\/wp-content\/uploads\/2016\/06\/1909-06-26-Bulletin-municipal-officiel-Titre_wp.jpg?resize=525%2C300 1.5x, https:\/\/i0.wp.com\/lesgravereaux.marret.co\/wp-content\/uploads\/2016\/06\/1909-06-26-Bulletin-municipal-officiel-Titre_wp.jpg?resize=700%2C400 2x"},"classes":[]},{"id":3720,"url":"https:\/\/lesgravereaux.marret.co\/index.php\/jules-gravereaux\/jules-gravereaux-honneurs-et-medailles\/","url_meta":{"origin":1274,"position":1},"title":"Jules Gravereaux &#8211; Honneurs et m\u00e9dailles","author":"marretgravereaux","date":"19 juin 2016","format":false,"excerpt":"Jules Gravereaux a acquis la propri\u00e9t\u00e9 de L\u2019Ha\u00ff en 1892 et il commen\u00e7a \u00e0 y installer une collection de roses vers 1894. Mais ce n\u2019est qu\u2019en 1899 qu\u2019\u00c9douard Andr\u00e9, architecte-paysager reconnu cr\u00e9a la premi\u00e8re roseraie. Celle-ci acquit tr\u00e8s rapidement une notori\u00e9t\u00e9 internationale, la publication de l\u2019inventaire des collections et l\u2019article\u2026","rel":"","context":"Article similaire","block_context":{"text":"Article similaire","link":""},"img":{"alt_text":"Jules Gravereaux - OG053c","src":"https:\/\/i0.wp.com\/lesgravereaux.marret.co\/wp-content\/uploads\/2015\/10\/Jules-Gravereaux-OG053c-e1466353135600-649x1024.jpg?resize=350%2C200","width":350,"height":200},"classes":[]},{"id":807,"url":"https:\/\/lesgravereaux.marret.co\/index.php\/jules-gravereaux\/portraits-de-jules-gravereaux\/","url_meta":{"origin":1274,"position":2},"title":"Portraits de Jules Gravereaux","author":"marretgravereaux","date":"10 mars 2016","format":false,"excerpt":"Tableau Portrait de Jules Gravereaux dans la roseraie de L\u2019Ha\u00ff\u00a0\u00a0 par Charles-Paul RENOUARD (1841-1919)\u00a0 Source : Archives d\u00e9partementales du Val-de-Marne \u00a0 M\u00e9daille M\u00e9daille\u00a0(38mm, fini bronze) con\u00e7ue par Jean-Luc Marret et frapp\u00e9e par l'atelier mon\u00e9taire\u00a0Pressed Metal Products\u00a0de Vancouver (Canada). Pour plus de d\u00e9tails et commande s'adresser \u00e0\u00a0Jean-Luc Marret. \u00a0 Buste R\u00e9alis\u00e9\u2026","rel":"","context":"Article similaire","block_context":{"text":"Article similaire","link":""},"img":{"alt_text":"Renouard, Charles-Paul (47 J 245)_wp","src":"https:\/\/i0.wp.com\/marret.co\/wp-content\/uploads\/2016\/03\/Renouard-Charles-Paul-47-J-245_wp-1024x743.jpg?resize=350%2C200","width":350,"height":200},"classes":[]},{"id":5400,"url":"https:\/\/lesgravereaux.marret.co\/index.php\/jules-gravereaux\/jules-gravereaux-honneurs-et-medailles\/jules-gravereaux-a-lexposition-universelle-de-1900\/","url_meta":{"origin":1274,"position":3},"title":"Jules Gravereaux, \u00e0 l&rsquo;Exposition universelle de 1900","author":"marretgravereaux","date":"14 ao\u00fbt 2017","format":false,"excerpt":"En 1900, Jules Gravereaux a cr\u00e9\u00e9 la roseraie de L\u2019Ha\u00ff, r\u00e9uni dans celle-ci une imposante collection de roses et r\u00e9dig\u00e9 ses premi\u00e8res publications. Il d\u00e9cide de participer \u00e0 l\u2019Exposition Universelle Internationale et il s\u2019inscrit dans le groupe VIII destin\u00e9 \u00e0 l\u2019horticulture; plus pr\u00e9cis\u00e9ment, dans la classe 43 r\u00e9serv\u00e9e au Mat\u00e9riel\u2026","rel":"","context":"Article similaire","block_context":{"text":"Article similaire","link":""},"img":{"alt_text":"","src":"https:\/\/i0.wp.com\/lesgravereaux.marret.co\/wp-content\/uploads\/2017\/08\/Chaplain-Exposition-universelle-1900-63mm-24-2a_wp.jpg?resize=350%2C200","width":350,"height":200},"classes":[]},{"id":4625,"url":"https:\/\/lesgravereaux.marret.co\/index.php\/jules-gravereaux\/jules-gravereaux-honneurs-et-medailles\/jules-gravereaux-honore-par-la-societe-nationale-dacclimatation\/","url_meta":{"origin":1274,"position":4},"title":"Jules Gravereaux honor\u00e9 par la Soci\u00e9t\u00e9 nationale d&rsquo;Acclimatation","author":"marretgravereaux","date":"20 juillet 2016","format":false,"excerpt":"\u00a0 M\u00e9daille cr\u00e9\u00e9e par Pierre-Jean David d'Angers en 1831, (argent, 155 mm)\u00a0 \u00a0 \u00a0 \u00a0 \u00a0 \u00a0 \u00a0","rel":"","context":"Article similaire","block_context":{"text":"Article similaire","link":""},"img":{"alt_text":"1905-01 Soci\u00e9t\u00e9 nationale d'acclimatation c1","src":"https:\/\/i0.wp.com\/lesgravereaux.marret.co\/wp-content\/uploads\/2016\/07\/1905-01-Soci%C3%A9t%C3%A9-nationale-dacclimatation-c1_wp.jpg?resize=350%2C200","width":350,"height":200},"classes":[]},{"id":2409,"url":"https:\/\/lesgravereaux.marret.co\/index.php\/jules-gravereaux\/1294-2\/des-roses\/des-roses-honorifiques-au-nom-de-gravereaux\/","url_meta":{"origin":1274,"position":5},"title":"Des roses honorifiques au nom de Gravereaux","author":"marretgravereaux","date":"10 mai 2016","format":false,"excerpt":"Cr\u00e9ateur et collectionneur de roses, Jules Gravereaux s'est fait rapidement une grande r\u00e9putation parmi les horticulteurs amateurs de roses. Plusieurs rosi\u00e9ristes ont donc d\u00e9cid\u00e9 de donner son nom \u00e0 l'un des cultivars qu'ils avaient obtenus... Henri Gravereaux ayant poursuivi l\u2019\u0153uvre de son p\u00e8re, son nom (ou celui de sa fille)\u2026","rel":"","context":"Article similaire","block_context":{"text":"Article similaire","link":""},"img":{"alt_text":"Colonel Gravereaux (AmiRoses)_wp","src":"https:\/\/i0.wp.com\/lesgravereaux.marret.co\/wp-content\/uploads\/2016\/05\/Colonel-Gravereaux-AmiRoses_wp.jpg?resize=350%2C200","width":350,"height":200},"classes":[]}],"_links":{"self":[{"href":"https:\/\/lesgravereaux.marret.co\/index.php\/wp-json\/wp\/v2\/pages\/1274","targetHints":{"allow":["GET"]}}],"collection":[{"href":"https:\/\/lesgravereaux.marret.co\/index.php\/wp-json\/wp\/v2\/pages"}],"about":[{"href":"https:\/\/lesgravereaux.marret.co\/index.php\/wp-json\/wp\/v2\/types\/page"}],"author":[{"embeddable":true,"href":"https:\/\/lesgravereaux.marret.co\/index.php\/wp-json\/wp\/v2\/users\/1"}],"replies":[{"embeddable":true,"href":"https:\/\/lesgravereaux.marret.co\/index.php\/wp-json\/wp\/v2\/comments?post=1274"}],"version-history":[{"count":0,"href":"https:\/\/lesgravereaux.marret.co\/index.php\/wp-json\/wp\/v2\/pages\/1274\/revisions"}],"up":[{"embeddable":true,"href":"https:\/\/lesgravereaux.marret.co\/index.php\/wp-json\/wp\/v2\/pages\/807"}],"wp:attachment":[{"href":"https:\/\/lesgravereaux.marret.co\/index.php\/wp-json\/wp\/v2\/media?parent=1274"}],"curies":[{"name":"wp","href":"https:\/\/api.w.org\/{rel}","templated":true}]}}