{"id":1238,"date":"2016-03-19T19:22:13","date_gmt":"2016-03-19T18:22:13","guid":{"rendered":"http:\/\/marret.co\/?page_id=1238"},"modified":"2016-06-16T03:08:58","modified_gmt":"2016-06-16T02:08:58","slug":"la-propriete-de-croissy-vu-par","status":"publish","type":"page","link":"https:\/\/lesgravereaux.marret.co\/index.php\/la-famille-gravereaux\/croissy-la-propriete-ancelot-gravereaux\/la-propriete-de-croissy-vu-par\/","title":{"rendered":"Croissy, vu par&#8230; Raymond Gravereaux et Gilles Thin"},"content":{"rendered":"<p style=\"text-align: left;\"><a href=\"https:\/\/lesgravereaux.marret.co\/index.php\/la-famille-gravereaux\/raymond-gravereaux\/\">Raymond Gravereaux <\/a>et Gilles Thin, son gendre, ont peint \u2014 chacun \u00e0 leur \u00e9poque et \u00e0 leur fa\u00e7on \u2014 une partie de la propri\u00e9t\u00e9 de Croissy&#8230;<\/p>\n<p><a href=\"https:\/\/i0.wp.com\/marret.co\/wp-content\/uploads\/2016\/02\/1925-06-GRAVEREAUX-Raymond-La-grande-maison-de-Croissy-a-wp.jpg\" rel=\"attachment wp-att-200\"><img data-recalc-dims=\"1\" loading=\"lazy\" decoding=\"async\" data-attachment-id=\"200\" data-permalink=\"https:\/\/lesgravereaux.marret.co\/index.php\/la-famille-gravereaux\/croissy-la-propriete-ancelot-gravereaux\/la-propriete-de-croissy-vu-par\/1925-06-gravereaux-raymond-la-grande-maison-de-croissy-a-wp\/\" data-orig-file=\"https:\/\/i0.wp.com\/lesgravereaux.marret.co\/wp-content\/uploads\/2016\/02\/1925-06-GRAVEREAUX-Raymond-La-grande-maison-de-Croissy-a-wp.jpg?fit=1575%2C1323&amp;ssl=1\" data-orig-size=\"1575,1323\" data-comments-opened=\"1\" data-image-meta=\"{&quot;aperture&quot;:&quot;0&quot;,&quot;credit&quot;:&quot;&quot;,&quot;camera&quot;:&quot;&quot;,&quot;caption&quot;:&quot;&quot;,&quot;created_timestamp&quot;:&quot;0&quot;,&quot;copyright&quot;:&quot;&quot;,&quot;focal_length&quot;:&quot;0&quot;,&quot;iso&quot;:&quot;0&quot;,&quot;shutter_speed&quot;:&quot;0&quot;,&quot;title&quot;:&quot;&quot;,&quot;orientation&quot;:&quot;1&quot;}\" data-image-title=\"1925-06 GRAVEREAUX, Raymond &amp;#8211; La grande maison de Croissy a wp\" data-image-description=\"\" data-image-caption=\"\" data-medium-file=\"https:\/\/i0.wp.com\/lesgravereaux.marret.co\/wp-content\/uploads\/2016\/02\/1925-06-GRAVEREAUX-Raymond-La-grande-maison-de-Croissy-a-wp.jpg?fit=300%2C252&amp;ssl=1\" data-large-file=\"https:\/\/i0.wp.com\/lesgravereaux.marret.co\/wp-content\/uploads\/2016\/02\/1925-06-GRAVEREAUX-Raymond-La-grande-maison-de-Croissy-a-wp.jpg?fit=640%2C538&amp;ssl=1\" class=\"wp-image-200 alignleft\" src=\"https:\/\/i0.wp.com\/marret.co\/wp-content\/uploads\/2016\/02\/1925-06-GRAVEREAUX-Raymond-La-grande-maison-de-Croissy-a-wp-1024x860.jpg?resize=301%2C253\" alt=\"1925-06 GRAVEREAUX, Raymond - La grande maison de Croissy a wp\" width=\"301\" height=\"253\" data-wp-pid=\"200\" srcset=\"https:\/\/i0.wp.com\/lesgravereaux.marret.co\/wp-content\/uploads\/2016\/02\/1925-06-GRAVEREAUX-Raymond-La-grande-maison-de-Croissy-a-wp.jpg?resize=1024%2C860&amp;ssl=1 1024w, https:\/\/i0.wp.com\/lesgravereaux.marret.co\/wp-content\/uploads\/2016\/02\/1925-06-GRAVEREAUX-Raymond-La-grande-maison-de-Croissy-a-wp.jpg?resize=300%2C252&amp;ssl=1 300w, https:\/\/i0.wp.com\/lesgravereaux.marret.co\/wp-content\/uploads\/2016\/02\/1925-06-GRAVEREAUX-Raymond-La-grande-maison-de-Croissy-a-wp.jpg?resize=768%2C645&amp;ssl=1 768w, https:\/\/i0.wp.com\/lesgravereaux.marret.co\/wp-content\/uploads\/2016\/02\/1925-06-GRAVEREAUX-Raymond-La-grande-maison-de-Croissy-a-wp.jpg?resize=600%2C504&amp;ssl=1 600w, https:\/\/i0.wp.com\/lesgravereaux.marret.co\/wp-content\/uploads\/2016\/02\/1925-06-GRAVEREAUX-Raymond-La-grande-maison-de-Croissy-a-wp.jpg?resize=800%2C672&amp;ssl=1 800w, https:\/\/i0.wp.com\/lesgravereaux.marret.co\/wp-content\/uploads\/2016\/02\/1925-06-GRAVEREAUX-Raymond-La-grande-maison-de-Croissy-a-wp.jpg?w=1575&amp;ssl=1 1575w, https:\/\/i0.wp.com\/lesgravereaux.marret.co\/wp-content\/uploads\/2016\/02\/1925-06-GRAVEREAUX-Raymond-La-grande-maison-de-Croissy-a-wp.jpg?w=1280&amp;ssl=1 1280w\" sizes=\"auto, (max-width: 301px) 100vw, 301px\" \/><\/a><\/p>\n<p>.<\/p>\n<p><strong>La grande maison<\/strong><br \/>\npar\u00a0Raymond Gravereaux<br \/>\njuin 1925<\/p>\n<p><em><span style=\"font-size: 10pt;\">(collection Jean-Luc Marret)<\/span><\/em><\/p>\n<hr \/>\n<p><a href=\"https:\/\/i0.wp.com\/marret.co\/wp-content\/uploads\/2016\/02\/1930-Gravereaux-R-Le-Salon-Croissy-sur-Seine-wp.jpg\" rel=\"attachment wp-att-201\"><img data-recalc-dims=\"1\" loading=\"lazy\" decoding=\"async\" data-attachment-id=\"201\" data-permalink=\"https:\/\/lesgravereaux.marret.co\/index.php\/la-famille-gravereaux\/croissy-la-propriete-ancelot-gravereaux\/la-propriete-de-croissy-vu-par\/1930-gravereaux-r-le-salon-croissy-sur-seine-wp\/\" data-orig-file=\"https:\/\/i0.wp.com\/lesgravereaux.marret.co\/wp-content\/uploads\/2016\/02\/1930-Gravereaux-R-Le-Salon-Croissy-sur-Seine-wp.jpg?fit=1089%2C1575&amp;ssl=1\" data-orig-size=\"1089,1575\" data-comments-opened=\"1\" data-image-meta=\"{&quot;aperture&quot;:&quot;0&quot;,&quot;credit&quot;:&quot;&quot;,&quot;camera&quot;:&quot;&quot;,&quot;caption&quot;:&quot;&quot;,&quot;created_timestamp&quot;:&quot;0&quot;,&quot;copyright&quot;:&quot;&quot;,&quot;focal_length&quot;:&quot;0&quot;,&quot;iso&quot;:&quot;0&quot;,&quot;shutter_speed&quot;:&quot;0&quot;,&quot;title&quot;:&quot;&quot;,&quot;orientation&quot;:&quot;1&quot;}\" data-image-title=\"1930 Gravereaux, R &amp;#8211; Le Salon Croissy-sur-Seine wp\" data-image-description=\"\" data-image-caption=\"\" data-medium-file=\"https:\/\/i0.wp.com\/lesgravereaux.marret.co\/wp-content\/uploads\/2016\/02\/1930-Gravereaux-R-Le-Salon-Croissy-sur-Seine-wp.jpg?fit=207%2C300&amp;ssl=1\" data-large-file=\"https:\/\/i0.wp.com\/lesgravereaux.marret.co\/wp-content\/uploads\/2016\/02\/1930-Gravereaux-R-Le-Salon-Croissy-sur-Seine-wp.jpg?fit=640%2C926&amp;ssl=1\" class=\"wp-image-201 alignright\" src=\"https:\/\/i0.wp.com\/marret.co\/wp-content\/uploads\/2016\/02\/1930-Gravereaux-R-Le-Salon-Croissy-sur-Seine-wp-708x1024.jpg?resize=221%2C320\" alt=\"1930 Gravereaux, R - Le Salon Croissy-sur-Seine wp\" width=\"221\" height=\"320\" data-wp-pid=\"201\" srcset=\"https:\/\/i0.wp.com\/lesgravereaux.marret.co\/wp-content\/uploads\/2016\/02\/1930-Gravereaux-R-Le-Salon-Croissy-sur-Seine-wp.jpg?resize=708%2C1024&amp;ssl=1 708w, https:\/\/i0.wp.com\/lesgravereaux.marret.co\/wp-content\/uploads\/2016\/02\/1930-Gravereaux-R-Le-Salon-Croissy-sur-Seine-wp.jpg?resize=207%2C300&amp;ssl=1 207w, https:\/\/i0.wp.com\/lesgravereaux.marret.co\/wp-content\/uploads\/2016\/02\/1930-Gravereaux-R-Le-Salon-Croissy-sur-Seine-wp.jpg?resize=768%2C1111&amp;ssl=1 768w, https:\/\/i0.wp.com\/lesgravereaux.marret.co\/wp-content\/uploads\/2016\/02\/1930-Gravereaux-R-Le-Salon-Croissy-sur-Seine-wp.jpg?resize=415%2C600&amp;ssl=1 415w, https:\/\/i0.wp.com\/lesgravereaux.marret.co\/wp-content\/uploads\/2016\/02\/1930-Gravereaux-R-Le-Salon-Croissy-sur-Seine-wp.jpg?resize=800%2C1157&amp;ssl=1 800w, https:\/\/i0.wp.com\/lesgravereaux.marret.co\/wp-content\/uploads\/2016\/02\/1930-Gravereaux-R-Le-Salon-Croissy-sur-Seine-wp.jpg?w=1089&amp;ssl=1 1089w\" sizes=\"auto, (max-width: 221px) 100vw, 221px\" \/><\/a><\/p>\n<p style=\"text-align: right;\">.<\/p>\n<p style=\"text-align: right;\"><strong>Le salon<\/strong><br \/>\npar\u00a0Raymond Gravereaux<br \/>\n1930<\/p>\n<p style=\"text-align: right;\"><em><span style=\"font-size: 10pt;\">(collection Jean-Luc Marret)<\/span><\/em><\/p>\n<p>&nbsp;<\/p>\n<hr \/>\n<p><a href=\"https:\/\/i0.wp.com\/marret.co\/wp-content\/uploads\/2016\/02\/1923-GRAVEREAUX-Raymond-Le-Billard-wp.jpg\" rel=\"attachment wp-att-199\"><img data-recalc-dims=\"1\" loading=\"lazy\" decoding=\"async\" data-attachment-id=\"199\" data-permalink=\"https:\/\/lesgravereaux.marret.co\/index.php\/la-famille-gravereaux\/croissy-la-propriete-ancelot-gravereaux\/la-propriete-de-croissy-vu-par\/1923-gravereaux-raymond-le-billard-wp\/\" data-orig-file=\"https:\/\/i0.wp.com\/lesgravereaux.marret.co\/wp-content\/uploads\/2016\/02\/1923-GRAVEREAUX-Raymond-Le-Billard-wp.jpg?fit=1575%2C1241&amp;ssl=1\" data-orig-size=\"1575,1241\" data-comments-opened=\"1\" data-image-meta=\"{&quot;aperture&quot;:&quot;0&quot;,&quot;credit&quot;:&quot;&quot;,&quot;camera&quot;:&quot;HP ScanJet 4600&quot;,&quot;caption&quot;:&quot;&quot;,&quot;created_timestamp&quot;:&quot;0&quot;,&quot;copyright&quot;:&quot;&quot;,&quot;focal_length&quot;:&quot;0&quot;,&quot;iso&quot;:&quot;0&quot;,&quot;shutter_speed&quot;:&quot;0&quot;,&quot;title&quot;:&quot;&quot;,&quot;orientation&quot;:&quot;1&quot;}\" data-image-title=\"1923 GRAVEREAUX, Raymond &amp;#8211; Le Billard wp\" data-image-description=\"\" data-image-caption=\"\" data-medium-file=\"https:\/\/i0.wp.com\/lesgravereaux.marret.co\/wp-content\/uploads\/2016\/02\/1923-GRAVEREAUX-Raymond-Le-Billard-wp.jpg?fit=300%2C236&amp;ssl=1\" data-large-file=\"https:\/\/i0.wp.com\/lesgravereaux.marret.co\/wp-content\/uploads\/2016\/02\/1923-GRAVEREAUX-Raymond-Le-Billard-wp.jpg?fit=640%2C504&amp;ssl=1\" class=\"wp-image-199 alignleft\" src=\"https:\/\/i0.wp.com\/marret.co\/wp-content\/uploads\/2016\/02\/1923-GRAVEREAUX-Raymond-Le-Billard-wp-1024x807.jpg?resize=301%2C253\" alt=\"1923 GRAVEREAUX, Raymond - Le Billard wp\" width=\"301\" height=\"253\" data-wp-pid=\"199\" \/><\/a><\/p>\n<p>.<\/p>\n<p><strong>Le billard<\/strong><br \/>\npar\u00a0Raymond Gravereaux<br \/>\n1923<\/p>\n<hr \/>\n<p><strong><a href=\"https:\/\/i0.wp.com\/marret.co\/wp-content\/uploads\/2016\/03\/1992-Aquarelle-Grande-Maison-Par-Gilles-Thin_wp.jpg\" rel=\"attachment wp-att-1239\"><img data-recalc-dims=\"1\" loading=\"lazy\" decoding=\"async\" data-attachment-id=\"1239\" data-permalink=\"https:\/\/lesgravereaux.marret.co\/index.php\/la-famille-gravereaux\/croissy-la-propriete-ancelot-gravereaux\/la-propriete-de-croissy-vu-par\/1992-aquarelle-grande-maison-par-gilles-thin_wp\/\" data-orig-file=\"https:\/\/i0.wp.com\/lesgravereaux.marret.co\/wp-content\/uploads\/2016\/03\/1992-Aquarelle-Grande-Maison-Par-Gilles-Thin_wp.jpg?fit=1575%2C1304&amp;ssl=1\" data-orig-size=\"1575,1304\" data-comments-opened=\"1\" data-image-meta=\"{&quot;aperture&quot;:&quot;0&quot;,&quot;credit&quot;:&quot;&quot;,&quot;camera&quot;:&quot;HP ScanJet 4600&quot;,&quot;caption&quot;:&quot;&quot;,&quot;created_timestamp&quot;:&quot;0&quot;,&quot;copyright&quot;:&quot;&quot;,&quot;focal_length&quot;:&quot;0&quot;,&quot;iso&quot;:&quot;0&quot;,&quot;shutter_speed&quot;:&quot;0&quot;,&quot;title&quot;:&quot;&quot;,&quot;orientation&quot;:&quot;1&quot;}\" data-image-title=\"1992 &amp;#8211; Aquarelle Grande Maison Par Gilles Thin_wp\" data-image-description=\"\" data-image-caption=\"\" data-medium-file=\"https:\/\/i0.wp.com\/lesgravereaux.marret.co\/wp-content\/uploads\/2016\/03\/1992-Aquarelle-Grande-Maison-Par-Gilles-Thin_wp.jpg?fit=300%2C248&amp;ssl=1\" data-large-file=\"https:\/\/i0.wp.com\/lesgravereaux.marret.co\/wp-content\/uploads\/2016\/03\/1992-Aquarelle-Grande-Maison-Par-Gilles-Thin_wp.jpg?fit=640%2C530&amp;ssl=1\" class=\"wp-image-1239 alignright\" src=\"https:\/\/i0.wp.com\/marret.co\/wp-content\/uploads\/2016\/03\/1992-Aquarelle-Grande-Maison-Par-Gilles-Thin_wp-1024x848.jpg?resize=301%2C249\" alt=\"1992 - Aquarelle Grande Maison Par Gilles Thin_wp\" width=\"301\" height=\"249\" data-wp-pid=\"1239\" srcset=\"https:\/\/i0.wp.com\/lesgravereaux.marret.co\/wp-content\/uploads\/2016\/03\/1992-Aquarelle-Grande-Maison-Par-Gilles-Thin_wp.jpg?resize=1024%2C848&amp;ssl=1 1024w, https:\/\/i0.wp.com\/lesgravereaux.marret.co\/wp-content\/uploads\/2016\/03\/1992-Aquarelle-Grande-Maison-Par-Gilles-Thin_wp.jpg?resize=300%2C248&amp;ssl=1 300w, https:\/\/i0.wp.com\/lesgravereaux.marret.co\/wp-content\/uploads\/2016\/03\/1992-Aquarelle-Grande-Maison-Par-Gilles-Thin_wp.jpg?resize=768%2C636&amp;ssl=1 768w, https:\/\/i0.wp.com\/lesgravereaux.marret.co\/wp-content\/uploads\/2016\/03\/1992-Aquarelle-Grande-Maison-Par-Gilles-Thin_wp.jpg?resize=800%2C662&amp;ssl=1 800w, https:\/\/i0.wp.com\/lesgravereaux.marret.co\/wp-content\/uploads\/2016\/03\/1992-Aquarelle-Grande-Maison-Par-Gilles-Thin_wp.jpg?resize=600%2C497&amp;ssl=1 600w, https:\/\/i0.wp.com\/lesgravereaux.marret.co\/wp-content\/uploads\/2016\/03\/1992-Aquarelle-Grande-Maison-Par-Gilles-Thin_wp.jpg?w=1575&amp;ssl=1 1575w, https:\/\/i0.wp.com\/lesgravereaux.marret.co\/wp-content\/uploads\/2016\/03\/1992-Aquarelle-Grande-Maison-Par-Gilles-Thin_wp.jpg?w=1280&amp;ssl=1 1280w\" sizes=\"auto, (max-width: 301px) 100vw, 301px\" \/><\/a><\/strong><\/p>\n<p style=\"text-align: right;\">.<\/p>\n<p style=\"text-align: right;\"><strong>La grande maison<\/strong><br \/>\npar\u00a0Gilles Thin<br \/>\n14 juin 1992<\/p>\n<p style=\"text-align: right;\"><em><span style=\"font-size: 10pt;\">(collection G\u00e9rard Lef\u00e9bure)<\/span><\/em><\/p>\n<hr \/>\n<p><a href=\"https:\/\/i0.wp.com\/marret.co\/wp-content\/uploads\/2016\/03\/Thin-Gilles-Croissy-2006.jpg\" rel=\"attachment wp-att-1237\"><img data-recalc-dims=\"1\" loading=\"lazy\" decoding=\"async\" data-attachment-id=\"1237\" data-permalink=\"https:\/\/lesgravereaux.marret.co\/index.php\/la-famille-gravereaux\/croissy-la-propriete-ancelot-gravereaux\/la-propriete-de-croissy-vu-par\/thin-gilles-croissy-2006\/\" data-orig-file=\"https:\/\/i0.wp.com\/lesgravereaux.marret.co\/wp-content\/uploads\/2016\/03\/Thin-Gilles-Croissy-2006.jpg?fit=1575%2C848&amp;ssl=1\" data-orig-size=\"1575,848\" data-comments-opened=\"1\" data-image-meta=\"{&quot;aperture&quot;:&quot;0&quot;,&quot;credit&quot;:&quot;&quot;,&quot;camera&quot;:&quot;&quot;,&quot;caption&quot;:&quot;&quot;,&quot;created_timestamp&quot;:&quot;0&quot;,&quot;copyright&quot;:&quot;&quot;,&quot;focal_length&quot;:&quot;0&quot;,&quot;iso&quot;:&quot;0&quot;,&quot;shutter_speed&quot;:&quot;0&quot;,&quot;title&quot;:&quot;&quot;,&quot;orientation&quot;:&quot;1&quot;}\" data-image-title=\"Thin, Gilles &amp;#8211; Croissy (2006)\" data-image-description=\"\" data-image-caption=\"\" data-medium-file=\"https:\/\/i0.wp.com\/lesgravereaux.marret.co\/wp-content\/uploads\/2016\/03\/Thin-Gilles-Croissy-2006.jpg?fit=300%2C162&amp;ssl=1\" data-large-file=\"https:\/\/i0.wp.com\/lesgravereaux.marret.co\/wp-content\/uploads\/2016\/03\/Thin-Gilles-Croissy-2006.jpg?fit=640%2C344&amp;ssl=1\" class=\"wp-image-1237 alignleft\" src=\"https:\/\/i0.wp.com\/marret.co\/wp-content\/uploads\/2016\/03\/Thin-Gilles-Croissy-2006-1024x551.jpg?resize=301%2C162\" alt=\"Thin, Gilles - Croissy (2006)\" width=\"301\" height=\"162\" data-wp-pid=\"1237\" srcset=\"https:\/\/i0.wp.com\/lesgravereaux.marret.co\/wp-content\/uploads\/2016\/03\/Thin-Gilles-Croissy-2006.jpg?resize=1024%2C551&amp;ssl=1 1024w, https:\/\/i0.wp.com\/lesgravereaux.marret.co\/wp-content\/uploads\/2016\/03\/Thin-Gilles-Croissy-2006.jpg?resize=300%2C162&amp;ssl=1 300w, https:\/\/i0.wp.com\/lesgravereaux.marret.co\/wp-content\/uploads\/2016\/03\/Thin-Gilles-Croissy-2006.jpg?resize=768%2C414&amp;ssl=1 768w, https:\/\/i0.wp.com\/lesgravereaux.marret.co\/wp-content\/uploads\/2016\/03\/Thin-Gilles-Croissy-2006.jpg?resize=800%2C431&amp;ssl=1 800w, https:\/\/i0.wp.com\/lesgravereaux.marret.co\/wp-content\/uploads\/2016\/03\/Thin-Gilles-Croissy-2006.jpg?resize=600%2C323&amp;ssl=1 600w, https:\/\/i0.wp.com\/lesgravereaux.marret.co\/wp-content\/uploads\/2016\/03\/Thin-Gilles-Croissy-2006.jpg?w=1575&amp;ssl=1 1575w, https:\/\/i0.wp.com\/lesgravereaux.marret.co\/wp-content\/uploads\/2016\/03\/Thin-Gilles-Croissy-2006.jpg?w=1280&amp;ssl=1 1280w\" sizes=\"auto, (max-width: 301px) 100vw, 301px\" \/><\/a><\/p>\n<p>.<\/p>\n<p><strong>La grande maison et le tennis<\/strong><br \/>\npar\u00a0Gilles Thin<br \/>\n2006<\/p>\n<p>&nbsp;<\/p>\n","protected":false},"excerpt":{"rendered":"<p>Raymond Gravereaux et Gilles Thin, son gendre, ont peint \u2014 chacun \u00e0 leur \u00e9poque et \u00e0 leur fa\u00e7on \u2014 une partie de la propri\u00e9t\u00e9 de Croissy&#8230; . La grande maison par\u00a0Raymond Gravereaux juin 1925 (collection Jean-Luc Marret) . Le salon &hellip; <a href=\"https:\/\/lesgravereaux.marret.co\/index.php\/la-famille-gravereaux\/croissy-la-propriete-ancelot-gravereaux\/la-propriete-de-croissy-vu-par\/\">Continuer la lecture <span class=\"meta-nav\">&rarr;<\/span><\/a><\/p>\n","protected":false},"author":1,"featured_media":0,"parent":603,"menu_order":0,"comment_status":"closed","ping_status":"closed","template":"","meta":{"ngg_post_thumbnail":0,"jetpack_post_was_ever_published":false,"footnotes":""},"class_list":["post-1238","page","type-page","status-publish","hentry"],"jetpack_sharing_enabled":true,"jetpack_shortlink":"https:\/\/wp.me\/P7ERyi-jY","jetpack-related-posts":[{"id":3640,"url":"https:\/\/lesgravereaux.marret.co\/index.php\/la-famille-gravereaux\/raymond-gravereaux\/raymond-gravereaux-dessins-et-peintures\/","url_meta":{"origin":1238,"position":0},"title":"Raymond Gravereaux &#8211; Dessins et peintures","author":"marretgravereaux","date":"16 juin 2016","format":false,"excerpt":"Dans les ann\u00e9es 1920, Raymond Gravereaux se pr\u00e9pare \u00e0 devenir architecte et l'\u00c9cole des Beaux-Arts est sa porte d'entr\u00e9e. Il d\u00e9veloppe d\u00e9j\u00e0 ses talents de dessinateur en crayonnant et peignant, chaque fois que l'occasion se pr\u00e9sente. La propri\u00e9t\u00e9 de ses parents ou les lieux qu'il visite sont autant d'opportunit\u00e9s pour\u2026","rel":"","context":"Article similaire","block_context":{"text":"Article similaire","link":""},"img":{"alt_text":"1925-06 GRAVEREAUX, Raymond - La grande maison de Croissy a wp","src":"https:\/\/i0.wp.com\/lesgravereaux.marret.co\/wp-content\/uploads\/2016\/02\/1925-06-GRAVEREAUX-Raymond-La-grande-maison-de-Croissy-a-wp-1024x860.jpg?resize=350%2C200","width":350,"height":200},"classes":[]},{"id":603,"url":"https:\/\/lesgravereaux.marret.co\/index.php\/la-famille-gravereaux\/croissy-la-propriete-ancelot-gravereaux\/","url_meta":{"origin":1238,"position":1},"title":"Croissy &#8211; la propri\u00e9t\u00e9 Ancelot-Gravereaux","author":"marretgravereaux","date":"7 mars 2016","format":false,"excerpt":"En 1883, Beno\u00eet-Donatien Caillau fait l\u2019acquisition d\u2019une maison \u00e0 Croissy-sur-Seine. \u00ab\u00a0D'une propri\u00e9t\u00e9 sise \u00e0 Croissy, canton de Saint-Germain-en-Laye, arrondissement de Versailles (Seine-et-Oise, le long de la Seine, berge de la Prairie, comprenant\u00a0: une maison d'habitation \u00e9lev\u00e9e sur caves, d'un rez-de-chauss\u00e9e, d'un premier \u00e9tage carr\u00e9 et d\u2019un deuxi\u00e8me \u00e9tage mansard\u00e9\u00a0: Corps\u2026","rel":"","context":"Article similaire","block_context":{"text":"Article similaire","link":""},"img":{"alt_text":"Croissy - Vue prise dans l'ile_wp","src":"https:\/\/i0.wp.com\/marret.co\/wp-content\/uploads\/2016\/03\/Croissy-Vue-prise-dans-lile_wp-1024x661.jpg?resize=350%2C200","width":350,"height":200},"classes":[]},{"id":3625,"url":"https:\/\/lesgravereaux.marret.co\/index.php\/la-famille-gravereaux\/raymond-gravereaux\/","url_meta":{"origin":1238,"position":2},"title":"Raymond Gravereaux","author":"marretgravereaux","date":"15 juin 2016","format":false,"excerpt":"Raymond Gravereaux na\u00eet le 31 ao\u00fbt 1905 \u00e0 Croissy-sur-Seine. Il entre \u00e0 l\u2019\u00c9cole des Beaux-Arts en 1924 et y obtient son dipl\u00f4me en 1930. Le concours du Prix de Rome le passionne et il s\u2019y pr\u00e9sente en 1929 (th\u00e8me\u00a0: Un palais de l\u2019Institut), 1930 (th\u00e8me\u00a0: Une \u00e9cole sup\u00e9rieure des beaux-arts)\u2026","rel":"","context":"Article similaire","block_context":{"text":"Article similaire","link":""},"img":{"alt_text":"1931 Gravereaux, Raymond - Dessin Prix de Rome (2011-10_048)_wp","src":"https:\/\/i0.wp.com\/lesgravereaux.marret.co\/wp-content\/uploads\/2016\/06\/1931-Gravereaux-Raymond-Dessin-Prix-de-Rome-2011-10_048_wp-1024x424.jpg?resize=350%2C200","width":350,"height":200},"classes":[]},{"id":2531,"url":"https:\/\/lesgravereaux.marret.co\/index.php\/la-famille-gravereaux\/robert-gravereaux\/croissy-vu-par-robert-gravereaux\/","url_meta":{"origin":1238,"position":3},"title":"Croissy&#8230; vu par Robert Gravereaux","author":"marretgravereaux","date":"12 mai 2016","format":false,"excerpt":"Croissy, son jardin familial, les gens qui y passent, tout est pr\u00e9texte pour des aquarelles. Et Robert Gravereaux ne se prive pas de sortir son carnet\u2026 \u00a0 \u00a0 \u00a0 \u00a0","rel":"","context":"Article similaire","block_context":{"text":"Article similaire","link":""},"img":{"alt_text":"Gravereaux, Robert 11-1a wp","src":"https:\/\/i0.wp.com\/lesgravereaux.marret.co\/wp-content\/uploads\/2016\/05\/Gravereaux-Robert-11-1a-wp-1024x629.jpg?resize=350%2C200","width":350,"height":200},"classes":[]},{"id":2570,"url":"https:\/\/lesgravereaux.marret.co\/index.php\/la-famille-gravereaux\/robert-gravereaux\/robert-gravereaux-dans-le-midi\/","url_meta":{"origin":1238,"position":4},"title":"Robert Gravereaux, dans le Midi","author":"marretgravereaux","date":"12 mai 2016","format":false,"excerpt":"","rel":"","context":"Article similaire","block_context":{"text":"Article similaire","link":""},"img":{"alt_text":"1932 Gravereaux, Robert - Carnet Croissy 12_wp","src":"https:\/\/i0.wp.com\/lesgravereaux.marret.co\/wp-content\/uploads\/2016\/05\/1932-Gravereaux-Robert-Carnet-Croissy-12_wp-1024x900.jpg?resize=350%2C200","width":350,"height":200},"classes":[]},{"id":1344,"url":"https:\/\/lesgravereaux.marret.co\/index.php\/la-famille-gravereaux\/une-famille-dartistes\/","url_meta":{"origin":1238,"position":5},"title":"Une famille d&rsquo;artistes","author":"marretgravereaux","date":"12 juin 2016","format":false,"excerpt":"\u00a0 Ren\u00e9 Gravereaux (1875-1960) et Marthe Ancelot (1881-1972) ont eu dix enfants. On ne sait si leur grand-p\u00e8re, Jules Gravereaux (1844-1916) les a encourag\u00e9s ou s\u2019il les a inspir\u00e9s, mais ils ont, tous ou presque, d\u00e9montr\u00e9 des talents de dessinateurs! \u00a0 Philippe Gravereaux (1904-1987) aurait r\u00e9alis\u00e9 quelques dessins, dont celui\u2026","rel":"","context":"Article similaire","block_context":{"text":"Article similaire","link":""},"img":{"alt_text":"Gravereaux, Philippe (2011-12_012)_wp","src":"https:\/\/i0.wp.com\/lesgravereaux.marret.co\/wp-content\/uploads\/2016\/06\/Gravereaux-Philippe-2011-12_012_wp.jpg?resize=350%2C200","width":350,"height":200},"classes":[]}],"_links":{"self":[{"href":"https:\/\/lesgravereaux.marret.co\/index.php\/wp-json\/wp\/v2\/pages\/1238","targetHints":{"allow":["GET"]}}],"collection":[{"href":"https:\/\/lesgravereaux.marret.co\/index.php\/wp-json\/wp\/v2\/pages"}],"about":[{"href":"https:\/\/lesgravereaux.marret.co\/index.php\/wp-json\/wp\/v2\/types\/page"}],"author":[{"embeddable":true,"href":"https:\/\/lesgravereaux.marret.co\/index.php\/wp-json\/wp\/v2\/users\/1"}],"replies":[{"embeddable":true,"href":"https:\/\/lesgravereaux.marret.co\/index.php\/wp-json\/wp\/v2\/comments?post=1238"}],"version-history":[{"count":0,"href":"https:\/\/lesgravereaux.marret.co\/index.php\/wp-json\/wp\/v2\/pages\/1238\/revisions"}],"up":[{"embeddable":true,"href":"https:\/\/lesgravereaux.marret.co\/index.php\/wp-json\/wp\/v2\/pages\/603"}],"wp:attachment":[{"href":"https:\/\/lesgravereaux.marret.co\/index.php\/wp-json\/wp\/v2\/media?parent=1238"}],"curies":[{"name":"wp","href":"https:\/\/api.w.org\/{rel}","templated":true}]}}