{"id":1149,"date":"2016-03-16T18:59:09","date_gmt":"2016-03-16T17:59:09","guid":{"rendered":"http:\/\/marret.co\/?page_id=1149"},"modified":"2016-03-16T19:09:49","modified_gmt":"2016-03-16T18:09:49","slug":"claude-gravereaux-honore-par-les-etats-unis","status":"publish","type":"page","link":"https:\/\/lesgravereaux.marret.co\/index.php\/la-famille-gravereaux\/claude-gravereaux\/claude-gravereaux-honore-par-les-etats-unis\/","title":{"rendered":"Claude Gravereaux honor\u00e9 par les \u00c9tats-Unis"},"content":{"rendered":"<p style=\"text-align: left;\"><a href=\"https:\/\/i0.wp.com\/marret.co\/wp-content\/uploads\/2016\/03\/CFPNA-Stele-Arlington-2_wp.jpg\" rel=\"attachment wp-att-1153\"><img data-recalc-dims=\"1\" loading=\"lazy\" decoding=\"async\" data-attachment-id=\"1153\" data-permalink=\"https:\/\/lesgravereaux.marret.co\/index.php\/la-famille-gravereaux\/claude-gravereaux\/claude-gravereaux-honore-par-les-etats-unis\/cfpna-stele-arlington-2_wp\/\" data-orig-file=\"https:\/\/i0.wp.com\/lesgravereaux.marret.co\/wp-content\/uploads\/2016\/03\/CFPNA-Stele-Arlington-2_wp.jpg?fit=591%2C443&amp;ssl=1\" data-orig-size=\"591,443\" data-comments-opened=\"1\" data-image-meta=\"{&quot;aperture&quot;:&quot;0&quot;,&quot;credit&quot;:&quot;&quot;,&quot;camera&quot;:&quot;&quot;,&quot;caption&quot;:&quot;&quot;,&quot;created_timestamp&quot;:&quot;0&quot;,&quot;copyright&quot;:&quot;&quot;,&quot;focal_length&quot;:&quot;0&quot;,&quot;iso&quot;:&quot;0&quot;,&quot;shutter_speed&quot;:&quot;0&quot;,&quot;title&quot;:&quot;&quot;,&quot;orientation&quot;:&quot;1&quot;}\" data-image-title=\"CFPNA &amp;#8211; Stele Arlington 2_wp\" data-image-description=\"\" data-image-caption=\"\" data-medium-file=\"https:\/\/i0.wp.com\/lesgravereaux.marret.co\/wp-content\/uploads\/2016\/03\/CFPNA-Stele-Arlington-2_wp.jpg?fit=300%2C225&amp;ssl=1\" data-large-file=\"https:\/\/i0.wp.com\/lesgravereaux.marret.co\/wp-content\/uploads\/2016\/03\/CFPNA-Stele-Arlington-2_wp.jpg?fit=591%2C443&amp;ssl=1\" class=\"wp-image-1153 alignleft\" src=\"https:\/\/i0.wp.com\/marret.co\/wp-content\/uploads\/2016\/03\/CFPNA-Stele-Arlington-2_wp.jpg?resize=351%2C263\" alt=\"CFPNA - Stele Arlington 2_wp\" width=\"351\" height=\"263\" data-wp-pid=\"1153\" srcset=\"https:\/\/i0.wp.com\/lesgravereaux.marret.co\/wp-content\/uploads\/2016\/03\/CFPNA-Stele-Arlington-2_wp.jpg?w=591&amp;ssl=1 591w, https:\/\/i0.wp.com\/lesgravereaux.marret.co\/wp-content\/uploads\/2016\/03\/CFPNA-Stele-Arlington-2_wp.jpg?resize=300%2C225&amp;ssl=1 300w\" sizes=\"auto, (max-width: 351px) 100vw, 351px\" \/><\/a><a href=\"https:\/\/i0.wp.com\/marret.co\/wp-content\/uploads\/2016\/03\/CFPNA-Stele-Arlington-1a_wp.jpg\" rel=\"attachment wp-att-1152\"><img data-recalc-dims=\"1\" loading=\"lazy\" decoding=\"async\" data-attachment-id=\"1152\" data-permalink=\"https:\/\/lesgravereaux.marret.co\/index.php\/la-famille-gravereaux\/claude-gravereaux\/claude-gravereaux-honore-par-les-etats-unis\/cfpna-stele-arlington-1a_wp\/\" data-orig-file=\"https:\/\/i0.wp.com\/lesgravereaux.marret.co\/wp-content\/uploads\/2016\/03\/CFPNA-Stele-Arlington-1a_wp.jpg?fit=295%2C142&amp;ssl=1\" data-orig-size=\"295,142\" data-comments-opened=\"1\" data-image-meta=\"{&quot;aperture&quot;:&quot;0&quot;,&quot;credit&quot;:&quot;&quot;,&quot;camera&quot;:&quot;&quot;,&quot;caption&quot;:&quot;&quot;,&quot;created_timestamp&quot;:&quot;0&quot;,&quot;copyright&quot;:&quot;&quot;,&quot;focal_length&quot;:&quot;0&quot;,&quot;iso&quot;:&quot;0&quot;,&quot;shutter_speed&quot;:&quot;0&quot;,&quot;title&quot;:&quot;&quot;,&quot;orientation&quot;:&quot;1&quot;}\" data-image-title=\"CFPNA &amp;#8211; Stele Arlington 1a_wp\" data-image-description=\"\" data-image-caption=\"\" data-medium-file=\"https:\/\/i0.wp.com\/lesgravereaux.marret.co\/wp-content\/uploads\/2016\/03\/CFPNA-Stele-Arlington-1a_wp.jpg?fit=295%2C142&amp;ssl=1\" data-large-file=\"https:\/\/i0.wp.com\/lesgravereaux.marret.co\/wp-content\/uploads\/2016\/03\/CFPNA-Stele-Arlington-1a_wp.jpg?fit=295%2C142&amp;ssl=1\" class=\"wp-image-1152 alignright\" src=\"https:\/\/i0.wp.com\/marret.co\/wp-content\/uploads\/2016\/03\/CFPNA-Stele-Arlington-1a_wp.jpg?resize=229%2C110\" alt=\"CFPNA - Stele Arlington 1a_wp\" width=\"229\" height=\"110\" data-wp-pid=\"1152\" \/><\/a><\/p>\n<p style=\"text-align: left;\">\n<p style=\"text-align: left;\">Claude Gravereaux\u00a0fut honor\u00e9 par des fun\u00e9railles militaires et son nom a \u00e9t\u00e9 grav\u00e9 sur deux st\u00e8les\u00a0: l\u2019une au Cimeti\u00e8re national d\u2019Arlington \u2013 \u00e0 proximit\u00e9 de Washington \u2013 pour honorer les <strong>Militaires fran\u00e7ais d\u00e9c\u00e9d\u00e9s aux \u00c9tats-Unis au cours de la guerre 1939-1945<\/strong>;<\/p>\n<p style=\"text-align: left;\"><a href=\"https:\/\/i0.wp.com\/marret.co\/wp-content\/uploads\/2016\/03\/CFPNA-Stele-StVtdePaul-1_wp.jpg\" rel=\"attachment wp-att-1154\"><img data-recalc-dims=\"1\" loading=\"lazy\" decoding=\"async\" data-attachment-id=\"1154\" data-permalink=\"https:\/\/lesgravereaux.marret.co\/index.php\/la-famille-gravereaux\/claude-gravereaux\/claude-gravereaux-honore-par-les-etats-unis\/cfpna-stele-stvtdepaul-1_wp\/\" data-orig-file=\"https:\/\/i0.wp.com\/lesgravereaux.marret.co\/wp-content\/uploads\/2016\/03\/CFPNA-Stele-StVtdePaul-1_wp.jpg?fit=591%2C380&amp;ssl=1\" data-orig-size=\"591,380\" data-comments-opened=\"1\" data-image-meta=\"{&quot;aperture&quot;:&quot;0&quot;,&quot;credit&quot;:&quot;&quot;,&quot;camera&quot;:&quot;&quot;,&quot;caption&quot;:&quot;&quot;,&quot;created_timestamp&quot;:&quot;0&quot;,&quot;copyright&quot;:&quot;&quot;,&quot;focal_length&quot;:&quot;0&quot;,&quot;iso&quot;:&quot;0&quot;,&quot;shutter_speed&quot;:&quot;0&quot;,&quot;title&quot;:&quot;&quot;,&quot;orientation&quot;:&quot;1&quot;}\" data-image-title=\"CFPNA &amp;#8211; Stele StVtdePaul 1_wp\" data-image-description=\"\" data-image-caption=\"\" data-medium-file=\"https:\/\/i0.wp.com\/lesgravereaux.marret.co\/wp-content\/uploads\/2016\/03\/CFPNA-Stele-StVtdePaul-1_wp.jpg?fit=300%2C193&amp;ssl=1\" data-large-file=\"https:\/\/i0.wp.com\/lesgravereaux.marret.co\/wp-content\/uploads\/2016\/03\/CFPNA-Stele-StVtdePaul-1_wp.jpg?fit=591%2C380&amp;ssl=1\" class=\" wp-image-1154 alignleft\" src=\"https:\/\/i0.wp.com\/marret.co\/wp-content\/uploads\/2016\/03\/CFPNA-Stele-StVtdePaul-1_wp.jpg?resize=429%2C276\" alt=\"CFPNA - Stele StVtdePaul 1_wp\" width=\"429\" height=\"276\" data-wp-pid=\"1154\" srcset=\"https:\/\/i0.wp.com\/lesgravereaux.marret.co\/wp-content\/uploads\/2016\/03\/CFPNA-Stele-StVtdePaul-1_wp.jpg?w=591&amp;ssl=1 591w, https:\/\/i0.wp.com\/lesgravereaux.marret.co\/wp-content\/uploads\/2016\/03\/CFPNA-Stele-StVtdePaul-1_wp.jpg?resize=300%2C193&amp;ssl=1 300w\" sizes=\"auto, (max-width: 429px) 100vw, 429px\" \/><\/a><\/p>\n<p style=\"text-align: left;\">l\u2019autre au M\u00e9morial de Saint-Vincent-de-Paul, \u00e0 New-York.<\/p>\n<p style=\"text-align: left;\"><em><span style=\"font-size: 10pt;\">Photos\u00a0:<br \/>\nsite Internet <strong>CFPNA &#8211; Le Souvenir France Am\u00e9rique<\/strong>.<\/span><\/em><\/p>\n","protected":false},"excerpt":{"rendered":"<p>Claude Gravereaux\u00a0fut honor\u00e9 par des fun\u00e9railles militaires et son nom a \u00e9t\u00e9 grav\u00e9 sur deux st\u00e8les\u00a0: l\u2019une au Cimeti\u00e8re national d\u2019Arlington \u2013 \u00e0 proximit\u00e9 de Washington \u2013 pour honorer les Militaires fran\u00e7ais d\u00e9c\u00e9d\u00e9s aux \u00c9tats-Unis au cours de la guerre &hellip; <a href=\"https:\/\/lesgravereaux.marret.co\/index.php\/la-famille-gravereaux\/claude-gravereaux\/claude-gravereaux-honore-par-les-etats-unis\/\">Continuer la lecture <span class=\"meta-nav\">&rarr;<\/span><\/a><\/p>\n","protected":false},"author":1,"featured_media":0,"parent":651,"menu_order":0,"comment_status":"closed","ping_status":"closed","template":"","meta":{"ngg_post_thumbnail":0,"jetpack_post_was_ever_published":false,"footnotes":""},"class_list":["post-1149","page","type-page","status-publish","hentry"],"jetpack_sharing_enabled":true,"jetpack_shortlink":"https:\/\/wp.me\/P7ERyi-ix","jetpack-related-posts":[{"id":651,"url":"https:\/\/lesgravereaux.marret.co\/index.php\/la-famille-gravereaux\/claude-gravereaux\/","url_meta":{"origin":1149,"position":0},"title":"Claude Gravereaux","author":"marretgravereaux","date":"7 mars 2016","format":false,"excerpt":"Claude GRAVEREAUX est n\u00e9 le 2 mai 1913. Il est le quatri\u00e8me enfant de\u00a0Paul Louis Gravereaux (27\u00a0janvier\u00a01876 \u2013 1934) et de Claire Marguerite Bonnevey (1881 - 1971). En 1936, il \u00e9pouse Jacqueline Hollingsworth. Joueur de hockey sur gazon, il fait partie de l\u2019\u00e9quipe de France lors des Jeux olympiques de\u2026","rel":"","context":"Article similaire","block_context":{"text":"Article similaire","link":""},"img":{"alt_text":"Unforgettable New Canaanites - Warren Allen Smith - p101c","src":"https:\/\/i0.wp.com\/marret.co\/wp-content\/uploads\/2016\/03\/Unforgettable-New-Canaanites-Warren-Allen-Smith-p101c.jpg?resize=350%2C200","width":350,"height":200},"classes":[]},{"id":1146,"url":"https:\/\/lesgravereaux.marret.co\/index.php\/la-famille-gravereaux\/claude-gravereaux\/claude-gravereaux-heros-de-guerre\/","url_meta":{"origin":1149,"position":1},"title":"Claude Gravereaux, h\u00e9ros de guerre","author":"marretgravereaux","date":"16 mars 2016","format":false,"excerpt":"L\u2019Arm\u00e9e donne des fun\u00e9railles militaires ici au \u00ab\u00a0symbole d\u2019une volont\u00e9\u00a0fran\u00e7aise imp\u00e9rissable\u00a0\u00bb Traduction de l\u2019article faite par Anne Gravereaux Le Lieutenant Claude Gravereaux, bless\u00e9 \u00e0 Namur en 1940, s\u2019\u00e9tait engag\u00e9 \u00e0 nouveau pour aider les forces des \u00c9tats-Unis en Afrique Le Lieutenant Claude Gravereaux, un soldat de la France Libre qui\u2026","rel":"","context":"Article similaire","block_context":{"text":"Article similaire","link":""},"img":{"alt_text":"1943-11-25 New-York Times (OG) v2a_wp","src":"https:\/\/i0.wp.com\/marret.co\/wp-content\/uploads\/2016\/03\/1943-11-25-New-York-Times-OG-v2a_wp.jpg?resize=350%2C200","width":350,"height":200},"classes":[]},{"id":863,"url":"https:\/\/lesgravereaux.marret.co\/index.php\/jules-gravereaux\/jules-gravereaux-ses-ancetres\/jean-narcisse-mathurin-gravereaux\/narcisse-gravereaux\/","url_meta":{"origin":1149,"position":2},"title":"Narcisse Gravereaux","author":"marretgravereaux","date":"11 mars 2016","format":false,"excerpt":"Louis Narcisse Gravereaux \u00e9tait le deuxi\u00e8me enfant (hormis les mort-n\u00e9s) de Jean-Narcisse Mathurin Gravereaux et Marie Henriette Gervais. Il est n\u00e9 le 4 d\u00e9cembre 1837 \u00e0 Vitry-sur-Seine. Le 7 d\u00e9cembre 1871, il \u00e9pousait Mathilde Thuillier; deux ans apr\u00e8s son fr\u00e8re, Jules \u00e9pousait sa belle-s\u0153ur Laure\u2026 Dipl\u00f4m\u00e9 des Beaux-Arts, il est\u2026","rel":"","context":"Article similaire","block_context":{"text":"Article similaire","link":""},"img":{"alt_text":"","src":"https:\/\/i0.wp.com\/lesgravereaux.marret.co\/wp-content\/uploads\/2019\/02\/Gravereaux-Narcisse-01a_wp.jpg?resize=350%2C200","width":350,"height":200},"classes":[]},{"id":4625,"url":"https:\/\/lesgravereaux.marret.co\/index.php\/jules-gravereaux\/jules-gravereaux-honneurs-et-medailles\/jules-gravereaux-honore-par-la-societe-nationale-dacclimatation\/","url_meta":{"origin":1149,"position":3},"title":"Jules Gravereaux honor\u00e9 par la Soci\u00e9t\u00e9 nationale d&rsquo;Acclimatation","author":"marretgravereaux","date":"20 juillet 2016","format":false,"excerpt":"\u00a0 M\u00e9daille cr\u00e9\u00e9e par Pierre-Jean David d'Angers en 1831, (argent, 155 mm)\u00a0 \u00a0 \u00a0 \u00a0 \u00a0 \u00a0 \u00a0","rel":"","context":"Article similaire","block_context":{"text":"Article similaire","link":""},"img":{"alt_text":"1905-01 Soci\u00e9t\u00e9 nationale d'acclimatation c1","src":"https:\/\/i0.wp.com\/lesgravereaux.marret.co\/wp-content\/uploads\/2016\/07\/1905-01-Soci%C3%A9t%C3%A9-nationale-dacclimatation-c1_wp.jpg?resize=350%2C200","width":350,"height":200},"classes":[]},{"id":5119,"url":"https:\/\/lesgravereaux.marret.co\/index.php\/jules-gravereaux\/jules-gravereaux-honneurs-et-medailles\/jules-gravereaux-honore-par-la-comtesse-chotek\/","url_meta":{"origin":1149,"position":4},"title":"Jules Gravereaux honor\u00e9 par la comtesse Chotek","author":"marretgravereaux","date":"30 octobre 2016","format":false,"excerpt":"\u00a0 La revue Die Gartenwelt, dans son \u00e9dition du 19 juillet 1913, informe ses lecteurs... \u00a0 Nouvelles personnelles. Gravereaux, J[ules]\u00a0; le c\u00e9l\u00e8bre obtenteur de roses fran\u00e7ais, Kordes, Wilh[elm][i], Elmshorrn en Holstein et Lambert, Peter[ii] \u00e0 Tr\u00e8ves, ont \u00e9t\u00e9 d\u00e9cor\u00e9s de l\u2019ordre personnel de la comtesse Chotek (chiffre et couronne en\u2026","rel":"","context":"Article similaire","block_context":{"text":"Article similaire","link":""},"img":{"alt_text":"1913 Die Gartenwelt p493","src":"https:\/\/i0.wp.com\/lesgravereaux.marret.co\/wp-content\/uploads\/2016\/10\/1913-Die-Gartenwelt-p493-d%C3%A9tail_wp.jpg?resize=350%2C200","width":350,"height":200},"classes":[]},{"id":645,"url":"https:\/\/lesgravereaux.marret.co\/index.php\/la-famille-gravereaux\/","url_meta":{"origin":1149,"position":5},"title":"La famille Gravereaux","author":"marretgravereaux","date":"7 mars 2016","format":false,"excerpt":"Les origines de Gravereaux \u2013et de ses ascendants \u2013 ne sont pas encore connues. On sait seulement que son arri\u00e8re grand-p\u00e8re, Jean Baptiste GRAVEREAU est probablement n\u00e9 dans le Libournais (peut-\u00eatre \u00e0 Prignac-et-Marcamps) en 1733 et qu\u2019il se serait install\u00e9 vers 1750 \u00e0 Vitry-sur-Seine, y travaillant comme menuisier. Si les\u2026","rel":"","context":"Article similaire","block_context":{"text":"Article similaire","link":""},"img":{"alt_text":"Album Jules Gravereaux - pA-02 (Vitry 1889) _wp","src":"https:\/\/i0.wp.com\/marret.co\/wp-content\/uploads\/2016\/03\/Album-Jules-Gravereaux-pA-02-Vitry-1889-_wp.jpg?resize=350%2C200","width":350,"height":200},"classes":[]}],"_links":{"self":[{"href":"https:\/\/lesgravereaux.marret.co\/index.php\/wp-json\/wp\/v2\/pages\/1149","targetHints":{"allow":["GET"]}}],"collection":[{"href":"https:\/\/lesgravereaux.marret.co\/index.php\/wp-json\/wp\/v2\/pages"}],"about":[{"href":"https:\/\/lesgravereaux.marret.co\/index.php\/wp-json\/wp\/v2\/types\/page"}],"author":[{"embeddable":true,"href":"https:\/\/lesgravereaux.marret.co\/index.php\/wp-json\/wp\/v2\/users\/1"}],"replies":[{"embeddable":true,"href":"https:\/\/lesgravereaux.marret.co\/index.php\/wp-json\/wp\/v2\/comments?post=1149"}],"version-history":[{"count":0,"href":"https:\/\/lesgravereaux.marret.co\/index.php\/wp-json\/wp\/v2\/pages\/1149\/revisions"}],"up":[{"embeddable":true,"href":"https:\/\/lesgravereaux.marret.co\/index.php\/wp-json\/wp\/v2\/pages\/651"}],"wp:attachment":[{"href":"https:\/\/lesgravereaux.marret.co\/index.php\/wp-json\/wp\/v2\/media?parent=1149"}],"curies":[{"name":"wp","href":"https:\/\/api.w.org\/{rel}","templated":true}]}}