{"id":1146,"date":"2016-03-16T09:57:37","date_gmt":"2016-03-16T08:57:37","guid":{"rendered":"http:\/\/marret.co\/?page_id=1146"},"modified":"2016-03-16T09:58:38","modified_gmt":"2016-03-16T08:58:38","slug":"claude-gravereaux-heros-de-guerre","status":"publish","type":"page","link":"https:\/\/lesgravereaux.marret.co\/index.php\/la-famille-gravereaux\/claude-gravereaux\/claude-gravereaux-heros-de-guerre\/","title":{"rendered":"Claude Gravereaux, h\u00e9ros de guerre"},"content":{"rendered":"<p><a href=\"https:\/\/i0.wp.com\/marret.co\/wp-content\/uploads\/2016\/03\/1943-11-25-New-York-Times-OG-v2a_wp.jpg\" rel=\"attachment wp-att-1144\"><img data-recalc-dims=\"1\" loading=\"lazy\" decoding=\"async\" data-attachment-id=\"1144\" data-permalink=\"https:\/\/lesgravereaux.marret.co\/index.php\/la-famille-gravereaux\/claude-gravereaux\/claude-gravereaux-heros-de-guerre\/1943-11-25-new-york-times-og-v2a_wp\/\" data-orig-file=\"https:\/\/i0.wp.com\/lesgravereaux.marret.co\/wp-content\/uploads\/2016\/03\/1943-11-25-New-York-Times-OG-v2a_wp.jpg?fit=787%2C305&amp;ssl=1\" data-orig-size=\"787,305\" data-comments-opened=\"1\" data-image-meta=\"{&quot;aperture&quot;:&quot;0&quot;,&quot;credit&quot;:&quot;&quot;,&quot;camera&quot;:&quot;&quot;,&quot;caption&quot;:&quot;&quot;,&quot;created_timestamp&quot;:&quot;0&quot;,&quot;copyright&quot;:&quot;&quot;,&quot;focal_length&quot;:&quot;0&quot;,&quot;iso&quot;:&quot;0&quot;,&quot;shutter_speed&quot;:&quot;0&quot;,&quot;title&quot;:&quot;&quot;,&quot;orientation&quot;:&quot;1&quot;}\" data-image-title=\"1943-11-25 New-York Times (OG) v2a_wp\" data-image-description=\"\" data-image-caption=\"\" data-medium-file=\"https:\/\/i0.wp.com\/lesgravereaux.marret.co\/wp-content\/uploads\/2016\/03\/1943-11-25-New-York-Times-OG-v2a_wp.jpg?fit=300%2C116&amp;ssl=1\" data-large-file=\"https:\/\/i0.wp.com\/lesgravereaux.marret.co\/wp-content\/uploads\/2016\/03\/1943-11-25-New-York-Times-OG-v2a_wp.jpg?fit=640%2C248&amp;ssl=1\" class=\"wp-image-1144 aligncenter\" src=\"https:\/\/i0.wp.com\/marret.co\/wp-content\/uploads\/2016\/03\/1943-11-25-New-York-Times-OG-v2a_wp.jpg?resize=500%2C194\" alt=\"1943-11-25 New-York Times (OG) v2a_wp\" width=\"500\" height=\"194\" data-wp-pid=\"1144\" srcset=\"https:\/\/i0.wp.com\/lesgravereaux.marret.co\/wp-content\/uploads\/2016\/03\/1943-11-25-New-York-Times-OG-v2a_wp.jpg?w=787&amp;ssl=1 787w, https:\/\/i0.wp.com\/lesgravereaux.marret.co\/wp-content\/uploads\/2016\/03\/1943-11-25-New-York-Times-OG-v2a_wp.jpg?resize=300%2C116&amp;ssl=1 300w, https:\/\/i0.wp.com\/lesgravereaux.marret.co\/wp-content\/uploads\/2016\/03\/1943-11-25-New-York-Times-OG-v2a_wp.jpg?resize=768%2C298&amp;ssl=1 768w, https:\/\/i0.wp.com\/lesgravereaux.marret.co\/wp-content\/uploads\/2016\/03\/1943-11-25-New-York-Times-OG-v2a_wp.jpg?resize=600%2C233&amp;ssl=1 600w\" sizes=\"auto, (max-width: 500px) 100vw, 500px\" \/><\/a><\/p>\n<h3 style=\"text-align: center;\"><strong>L\u2019Arm\u00e9e donne des fun\u00e9railles militaires ici<em><br \/>\n<\/em>au \u00ab\u00a0symbole d\u2019une volont\u00e9\u00a0fran\u00e7aise imp\u00e9rissable\u00a0\u00bb<\/strong><\/h3>\n<p style=\"text-align: right;\"><span style=\"font-size: 10pt;\"><em>Traduction de l\u2019article faite par Anne Gravereaux<\/em><\/span><\/p>\n<p><a href=\"https:\/\/i0.wp.com\/marret.co\/wp-content\/uploads\/2016\/03\/1943-11-25-New-York-Times-OG-v2b_wp.jpg\" rel=\"attachment wp-att-1145\"><img data-recalc-dims=\"1\" loading=\"lazy\" decoding=\"async\" data-attachment-id=\"1145\" data-permalink=\"https:\/\/lesgravereaux.marret.co\/index.php\/la-famille-gravereaux\/claude-gravereaux\/claude-gravereaux-heros-de-guerre\/1943-11-25-new-york-times-og-v2b_wp\/\" data-orig-file=\"https:\/\/i0.wp.com\/lesgravereaux.marret.co\/wp-content\/uploads\/2016\/03\/1943-11-25-New-York-Times-OG-v2b_wp.jpg?fit=787%2C1298&amp;ssl=1\" data-orig-size=\"787,1298\" data-comments-opened=\"1\" data-image-meta=\"{&quot;aperture&quot;:&quot;0&quot;,&quot;credit&quot;:&quot;&quot;,&quot;camera&quot;:&quot;&quot;,&quot;caption&quot;:&quot;&quot;,&quot;created_timestamp&quot;:&quot;0&quot;,&quot;copyright&quot;:&quot;&quot;,&quot;focal_length&quot;:&quot;0&quot;,&quot;iso&quot;:&quot;0&quot;,&quot;shutter_speed&quot;:&quot;0&quot;,&quot;title&quot;:&quot;&quot;,&quot;orientation&quot;:&quot;1&quot;}\" data-image-title=\"1943-11-25 New-York Times (OG) v2b_wp\" data-image-description=\"\" data-image-caption=\"\" data-medium-file=\"https:\/\/i0.wp.com\/lesgravereaux.marret.co\/wp-content\/uploads\/2016\/03\/1943-11-25-New-York-Times-OG-v2b_wp.jpg?fit=182%2C300&amp;ssl=1\" data-large-file=\"https:\/\/i0.wp.com\/lesgravereaux.marret.co\/wp-content\/uploads\/2016\/03\/1943-11-25-New-York-Times-OG-v2b_wp.jpg?fit=621%2C1024&amp;ssl=1\" class=\"wp-image-1145 alignright\" src=\"https:\/\/i0.wp.com\/marret.co\/wp-content\/uploads\/2016\/03\/1943-11-25-New-York-Times-OG-v2b_wp-621x1024.jpg?resize=332%2C548\" alt=\"1943-11-25 New-York Times (OG) v2b_wp\" width=\"332\" height=\"548\" data-wp-pid=\"1145\" srcset=\"https:\/\/i0.wp.com\/lesgravereaux.marret.co\/wp-content\/uploads\/2016\/03\/1943-11-25-New-York-Times-OG-v2b_wp.jpg?resize=621%2C1024&amp;ssl=1 621w, https:\/\/i0.wp.com\/lesgravereaux.marret.co\/wp-content\/uploads\/2016\/03\/1943-11-25-New-York-Times-OG-v2b_wp.jpg?resize=182%2C300&amp;ssl=1 182w, https:\/\/i0.wp.com\/lesgravereaux.marret.co\/wp-content\/uploads\/2016\/03\/1943-11-25-New-York-Times-OG-v2b_wp.jpg?resize=768%2C1267&amp;ssl=1 768w, https:\/\/i0.wp.com\/lesgravereaux.marret.co\/wp-content\/uploads\/2016\/03\/1943-11-25-New-York-Times-OG-v2b_wp.jpg?resize=728%2C1200&amp;ssl=1 728w, https:\/\/i0.wp.com\/lesgravereaux.marret.co\/wp-content\/uploads\/2016\/03\/1943-11-25-New-York-Times-OG-v2b_wp.jpg?resize=364%2C600&amp;ssl=1 364w, https:\/\/i0.wp.com\/lesgravereaux.marret.co\/wp-content\/uploads\/2016\/03\/1943-11-25-New-York-Times-OG-v2b_wp.jpg?w=787&amp;ssl=1 787w\" sizes=\"auto, (max-width: 332px) 100vw, 332px\" \/><\/a>Le Lieutenant Claude Gravereaux, bless\u00e9 \u00e0 Namur en 1940, s\u2019\u00e9tait engag\u00e9 \u00e0 nouveau pour aider les forces des \u00c9tats-Unis en Afrique<\/p>\n<p>Le Lieutenant Claude Gravereaux, un soldat de la France Libre qui a re\u00e7u la Croix de Guerre et la M\u00e9daille militaire pour h\u00e9ro\u00efsme pendant la retraite fran\u00e7aise en Belgique, a re\u00e7u hier des fun\u00e9railles militaires \u00e0\u00a0Governors Island\u00a0avant le d\u00e9part de son corps pour le cimeti\u00e8re d\u2019Arlington.\u00a0L\u2019officier qui, selon l\u2019\u00e9loge donn\u00e9 par Maj. Jean de Lustrac de la Mission militaire Fran\u00e7aise, \u00ab\u00a0est un symbole de la volont\u00e9 imp\u00e9rissable de ses compatriotes\u00a0\u00bb, est mort dimanche \u00e0 l\u2019\u00e2ge de 30 ans.<\/p>\n<p>Le parcours militaire du Lieutenant Gravereaux a commenc\u00e9 en 1939 avec l\u2019invasion allemande. Mari\u00e9 et p\u00e8re de deux enfants, il quitta son poste du bureau parisien de la compagnie de publicit\u00e9\u00a0McCann-Erickson inc., 50 Rockefeller Plaza, pour se porter volontaire dans l\u2019arm\u00e9e fran\u00e7aise.\u00a0\u00a0En 1940, alors caporal d\u2019une escouade d\u2019artillerie \u00e0 Namur, il fut bless\u00e9 et fait prisonnier, mais s\u2019\u00e9vada.<\/p>\n<p>Apr\u00e8s l\u2019armistice, M. Gravereaux rejoint sa famille en France non occup\u00e9e. Ils partirent pour Lisbonne et les \u00c9tats-Unis. L\u00e0, il recommen\u00e7a \u00e0 travailler \u00e0 McCann-Erickson comme vice-directeur artistique.\u00a0\u00a0Un troisi\u00e8me enfant naquit dans la famille install\u00e9e au 184 South Avenue, New Canaan, Connecticut.<\/p>\n<p>Pendant ce temps, une op\u00e9ration \u00e9tait n\u00e9cessaire pour la blessure qu\u2019il avait re\u00e7ue \u00e0 Namur. La moiti\u00e9 de la m\u00e2choire inf\u00e9rieure de M. Gravereaux fut enlev\u00e9e.\u00a0\u00a0Une fois gu\u00e9ri, il s\u2019engagea dans l\u2019Arm\u00e9e fran\u00e7aise de Lib\u00e9ration, re\u00e7ut une formation d\u2019officier \u00e0 Fort Benning, G\u00e9orgie, et Fort Knox, Kentucky, et partit de l\u00e0 pour Casablanca.\u00a0\u00a0L\u00e0, il fut attach\u00e9 \u00e0 une unit\u00e9 de destroyer de chars\u00a0(tank destroyer) en tant qu\u2019officier de liaison avec l\u2019arm\u00e9e am\u00e9ricaine.<\/p>\n<p>Le mois dernier, des complications de sa blessure et de son op\u00e9ration se sont d\u00e9clar\u00e9es. L\u2019officier fut transport\u00e9 \u00e0 l\u2019h\u00f4pital militaire de Casablanca. Son \u00e9tat s\u2019aggrava. Il y a quinze jours, le G\u00e9n\u00e9ral Henri Giraud, Commandant des forces fran\u00e7aises en Afrique, cita le lieutenant pendant une c\u00e9r\u00e9monie dans la cour de l\u2019h\u00f4pital.<\/p>\n<p>L\u2019officier malade, blond, bl\u00eame et faible, r\u00e9ussit avec l\u2019aide d\u2019une injection \u00e0 traverser la cour et \u00e0 se tenir au garde-\u00e0-vous pendant que la citation \u00e9tait lue\u00a0:<\/p>\n<p style=\"padding-left: 30px;\"><em>\u00ab\u00a0La M\u00e9daille militaire est remise au Lieutenant Claude Gravereaux, un volontaire fran\u00e7ais gravement bless\u00e9 au cours de la campagne de 1939-1940, qui n\u2019a pas h\u00e9sit\u00e9 malgr\u00e9 son infirmit\u00e9 \u00e0 s\u2019engager dans l\u2019Arm\u00e9e de Lib\u00e9ration pour reprendre le combat contre l\u2019ennemi h\u00e9r\u00e9ditaire. Il a ainsi donn\u00e9 l\u2019exemple le plus pur de courage et de patriotisme.\u00a0\u00a0La citation pr\u00e9sente porte avec elle l\u2019attribution de la Croix de Guerre avec honneurs (with palms)\u00a0\u00bb.<\/em><\/p>\n<p>Quelques jours apr\u00e8s, le Lieutenant Gravereaux d\u00e9couvrit que sa condition \u00e9tait sans espoir. Il \u00e9tait r\u00e9solu \u00e0 revenir en Am\u00e9rique pour passer ses derniers jours avec sa famille. Sa d\u00e9termination \u00e0 rassembler ses forces fut si forte que les autorit\u00e9s consentirent \u00e0 lui trouver un passage dans un bombardier pendant la semaine. Ayant peur que ce ne soit trop tard, il sortit en cachette de l\u2019h\u00f4pital et acheta un billet d\u2019avion. Il atterrit \u00e0 Dakar le 15 novembre, pour d\u00e9couvrir alors qu\u2019il n\u2019y avait aucun moyen de transport disponible pour l\u2019Am\u00e9rique du Sud.<\/p>\n<p>Il plaida sa cause et parvint \u00e0 obtenir une place dans un avion postal. Au Br\u00e9sil, il fut forc\u00e9 de faire la m\u00eame chose. Jeudi dernier il est arriv\u00e9 \u00e0 Washington, prit un train pour New York et alla \u00e0 l\u2019appartement de son beau-fr\u00e8re, Frederik Atwood, au 925\u00a0Park Avenue. Le lieutenant fut emmen\u00e9 au\u00a0Columbia-Presbyterian Medical Center\u00a0o\u00f9 il mourut.<\/p>\n<p>Les obs\u00e8ques hier eurent lieu dans la Chapelle catholique sur l\u2019\u00eele. Sur les marches de la Chapelle le Capitaine L.A.Fischer, Aum\u00f4nier du poste (Post Chaplain) a \u00e9pingl\u00e9 les m\u00e9dailles du lieutenant sur le manteau de madame Gravereaux, Edna Jacqueline Hollingsworth de son nom de jeune fille. Elle partira aujourd\u2019hui pour Washington, o\u00f9 sera enterr\u00e9 demain son mari. Leurs enfants John, 6 ans, Daniel, 4 ans et Stephen, 2 ans, \u00e9taient rest\u00e9s \u00e0 New Canaan.<\/p>\n<p style=\"text-align: center;\">New York Times &#8211; Publi\u00e9 le 25 novembre 1943<\/p>\n","protected":false},"excerpt":{"rendered":"<p>L\u2019Arm\u00e9e donne des fun\u00e9railles militaires ici au \u00ab\u00a0symbole d\u2019une volont\u00e9\u00a0fran\u00e7aise imp\u00e9rissable\u00a0\u00bb Traduction de l\u2019article faite par Anne Gravereaux Le Lieutenant Claude Gravereaux, bless\u00e9 \u00e0 Namur en 1940, s\u2019\u00e9tait engag\u00e9 \u00e0 nouveau pour aider les forces des \u00c9tats-Unis en Afrique Le &hellip; <a href=\"https:\/\/lesgravereaux.marret.co\/index.php\/la-famille-gravereaux\/claude-gravereaux\/claude-gravereaux-heros-de-guerre\/\">Continuer la lecture <span class=\"meta-nav\">&rarr;<\/span><\/a><\/p>\n","protected":false},"author":1,"featured_media":0,"parent":651,"menu_order":0,"comment_status":"closed","ping_status":"closed","template":"","meta":{"ngg_post_thumbnail":0,"jetpack_post_was_ever_published":false,"footnotes":""},"class_list":["post-1146","page","type-page","status-publish","hentry"],"jetpack_sharing_enabled":true,"jetpack_shortlink":"https:\/\/wp.me\/P7ERyi-iu","jetpack-related-posts":[{"id":1149,"url":"https:\/\/lesgravereaux.marret.co\/index.php\/la-famille-gravereaux\/claude-gravereaux\/claude-gravereaux-honore-par-les-etats-unis\/","url_meta":{"origin":1146,"position":0},"title":"Claude Gravereaux honor\u00e9 par les \u00c9tats-Unis","author":"marretgravereaux","date":"16 mars 2016","format":false,"excerpt":"Claude Gravereaux\u00a0fut honor\u00e9 par des fun\u00e9railles militaires et son nom a \u00e9t\u00e9 grav\u00e9 sur deux st\u00e8les\u00a0: l\u2019une au Cimeti\u00e8re national d\u2019Arlington \u2013 \u00e0 proximit\u00e9 de Washington \u2013 pour honorer les Militaires fran\u00e7ais d\u00e9c\u00e9d\u00e9s aux \u00c9tats-Unis au cours de la guerre 1939-1945; l\u2019autre au M\u00e9morial de Saint-Vincent-de-Paul, \u00e0 New-York. Photos\u00a0: site\u2026","rel":"","context":"Article similaire","block_context":{"text":"Article similaire","link":""},"img":{"alt_text":"CFPNA - Stele Arlington 2_wp","src":"https:\/\/i0.wp.com\/marret.co\/wp-content\/uploads\/2016\/03\/CFPNA-Stele-Arlington-2_wp.jpg?resize=350%2C200","width":350,"height":200},"classes":[]},{"id":1523,"url":"https:\/\/lesgravereaux.marret.co\/index.php\/liens-utiles\/","url_meta":{"origin":1146,"position":1},"title":"Liens utiles","author":"marretgravereaux","date":"10 avril 2016","format":false,"excerpt":"Les liens pour :\u00a0-\u00a0La famille Gravereaux -\u00a0Jules Gravereaux - Denis Gravereaux\u00a0-\u00a0Sylvie de Beco\u00a0-\u00a0Jean-Claude Pascal - La roseraie de l'Ha\u00ff -\u00a0Les \u00c9tablissements Gravereaux\u00a0-\u00a0Associations et organismes \u00a0 \u00a0Jules Gravereaux Wikipedia - Jules Gravereaux \u00a0\u00a0 La roseraie de l'Ha\u00ff La Roseraie du Val-de-Marne Wikipedia - La Roseraie du Val-de-Marne HelpMeFind - Roseraie du\u2026","rel":"","context":"Article similaire","block_context":{"text":"Article similaire","link":""},"img":{"alt_text":"Roses de Malmaison - p01b_wp","src":"https:\/\/i0.wp.com\/lesgravereaux.marret.co\/wp-content\/uploads\/2016\/03\/Roses-de-Malmaison-p01b_wp.jpg?resize=350%2C200","width":350,"height":200},"classes":[]},{"id":645,"url":"https:\/\/lesgravereaux.marret.co\/index.php\/la-famille-gravereaux\/","url_meta":{"origin":1146,"position":2},"title":"La famille Gravereaux","author":"marretgravereaux","date":"7 mars 2016","format":false,"excerpt":"Les origines de Gravereaux \u2013et de ses ascendants \u2013 ne sont pas encore connues. On sait seulement que son arri\u00e8re grand-p\u00e8re, Jean Baptiste GRAVEREAU est probablement n\u00e9 dans le Libournais (peut-\u00eatre \u00e0 Prignac-et-Marcamps) en 1733 et qu\u2019il se serait install\u00e9 vers 1750 \u00e0 Vitry-sur-Seine, y travaillant comme menuisier. Si les\u2026","rel":"","context":"Article similaire","block_context":{"text":"Article similaire","link":""},"img":{"alt_text":"Album Jules Gravereaux - pA-02 (Vitry 1889) _wp","src":"https:\/\/i0.wp.com\/marret.co\/wp-content\/uploads\/2016\/03\/Album-Jules-Gravereaux-pA-02-Vitry-1889-_wp.jpg?resize=350%2C200","width":350,"height":200},"classes":[]},{"id":651,"url":"https:\/\/lesgravereaux.marret.co\/index.php\/la-famille-gravereaux\/claude-gravereaux\/","url_meta":{"origin":1146,"position":3},"title":"Claude Gravereaux","author":"marretgravereaux","date":"7 mars 2016","format":false,"excerpt":"Claude GRAVEREAUX est n\u00e9 le 2 mai 1913. Il est le quatri\u00e8me enfant de\u00a0Paul Louis Gravereaux (27\u00a0janvier\u00a01876 \u2013 1934) et de Claire Marguerite Bonnevey (1881 - 1971). En 1936, il \u00e9pouse Jacqueline Hollingsworth. Joueur de hockey sur gazon, il fait partie de l\u2019\u00e9quipe de France lors des Jeux olympiques de\u2026","rel":"","context":"Article similaire","block_context":{"text":"Article similaire","link":""},"img":{"alt_text":"Unforgettable New Canaanites - Warren Allen Smith - p101c","src":"https:\/\/i0.wp.com\/marret.co\/wp-content\/uploads\/2016\/03\/Unforgettable-New-Canaanites-Warren-Allen-Smith-p101c.jpg?resize=350%2C200","width":350,"height":200},"classes":[]},{"id":863,"url":"https:\/\/lesgravereaux.marret.co\/index.php\/jules-gravereaux\/jules-gravereaux-ses-ancetres\/jean-narcisse-mathurin-gravereaux\/narcisse-gravereaux\/","url_meta":{"origin":1146,"position":4},"title":"Narcisse Gravereaux","author":"marretgravereaux","date":"11 mars 2016","format":false,"excerpt":"Louis Narcisse Gravereaux \u00e9tait le deuxi\u00e8me enfant (hormis les mort-n\u00e9s) de Jean-Narcisse Mathurin Gravereaux et Marie Henriette Gervais. Il est n\u00e9 le 4 d\u00e9cembre 1837 \u00e0 Vitry-sur-Seine. Le 7 d\u00e9cembre 1871, il \u00e9pousait Mathilde Thuillier; deux ans apr\u00e8s son fr\u00e8re, Jules \u00e9pousait sa belle-s\u0153ur Laure\u2026 Dipl\u00f4m\u00e9 des Beaux-Arts, il est\u2026","rel":"","context":"Article similaire","block_context":{"text":"Article similaire","link":""},"img":{"alt_text":"","src":"https:\/\/i0.wp.com\/lesgravereaux.marret.co\/wp-content\/uploads\/2019\/02\/Gravereaux-Narcisse-01a_wp.jpg?resize=350%2C200","width":350,"height":200},"classes":[]},{"id":837,"url":"https:\/\/lesgravereaux.marret.co\/index.php\/jules-gravereaux\/jules-gravereaux-ses-ancetres\/germain-sebastien-graverot\/le-bapteme-de-germain-sebastien-graverot\/","url_meta":{"origin":1146,"position":5},"title":"Le bapt\u00eame de Germain S\u00e9bastien Graverot","author":"marretgravereaux","date":"11 mars 2016","format":false,"excerpt":"\u00ab\u00a0Du Jeudy huiti\u00e8me jour de f\u00e9vrier mil sept cent soixante et dix par nous pr\u00eatre vicaire de cette paroisse soussign\u00e9 a \u00e9t\u00e9 baptis\u00e9 germain Sebastien n\u00e9 hier du l\u00e9gitime mariage de jean baptiste Graverot [...] menuisier, et de marie jeanne collinet [...] de cette paroisse [de denys claude [...] marchand\u2026","rel":"","context":"Article similaire","block_context":{"text":"Article similaire","link":""},"img":{"alt_text":"Maxthon","src":"https:\/\/i0.wp.com\/marret.co\/wp-content\/uploads\/2016\/03\/1770-02-08-GRAVEROT-Germain-Sebastien-Bapteme_wp-1024x281.jpg?resize=350%2C200","width":350,"height":200},"classes":[]}],"_links":{"self":[{"href":"https:\/\/lesgravereaux.marret.co\/index.php\/wp-json\/wp\/v2\/pages\/1146","targetHints":{"allow":["GET"]}}],"collection":[{"href":"https:\/\/lesgravereaux.marret.co\/index.php\/wp-json\/wp\/v2\/pages"}],"about":[{"href":"https:\/\/lesgravereaux.marret.co\/index.php\/wp-json\/wp\/v2\/types\/page"}],"author":[{"embeddable":true,"href":"https:\/\/lesgravereaux.marret.co\/index.php\/wp-json\/wp\/v2\/users\/1"}],"replies":[{"embeddable":true,"href":"https:\/\/lesgravereaux.marret.co\/index.php\/wp-json\/wp\/v2\/comments?post=1146"}],"version-history":[{"count":0,"href":"https:\/\/lesgravereaux.marret.co\/index.php\/wp-json\/wp\/v2\/pages\/1146\/revisions"}],"up":[{"embeddable":true,"href":"https:\/\/lesgravereaux.marret.co\/index.php\/wp-json\/wp\/v2\/pages\/651"}],"wp:attachment":[{"href":"https:\/\/lesgravereaux.marret.co\/index.php\/wp-json\/wp\/v2\/media?parent=1146"}],"curies":[{"name":"wp","href":"https:\/\/api.w.org\/{rel}","templated":true}]}}