{"id":1057,"date":"2016-03-14T12:15:09","date_gmt":"2016-03-14T11:15:09","guid":{"rendered":"http:\/\/marret.co\/?page_id=1057"},"modified":"2019-01-29T22:44:15","modified_gmt":"2019-01-29T21:44:15","slug":"le-musee-de-la-rose","status":"publish","type":"page","link":"https:\/\/lesgravereaux.marret.co\/index.php\/la-roseraie-de-lhay\/le-musee-de-la-rose\/","title":{"rendered":"Le Mus\u00e9e de la Rose"},"content":{"rendered":"<p><a href=\"https:\/\/i0.wp.com\/marret.co\/wp-content\/uploads\/2015\/10\/File0032a.jpg\" rel=\"attachment wp-att-122\"><img data-recalc-dims=\"1\" loading=\"lazy\" decoding=\"async\" data-attachment-id=\"122\" data-permalink=\"https:\/\/lesgravereaux.marret.co\/index.php\/etablissement-gravereaux\/file0032a\/\" data-orig-file=\"https:\/\/i0.wp.com\/lesgravereaux.marret.co\/wp-content\/uploads\/2015\/10\/File0032a.jpg?fit=352%2C314&amp;ssl=1\" data-orig-size=\"352,314\" data-comments-opened=\"1\" data-image-meta=\"{&quot;aperture&quot;:&quot;0&quot;,&quot;credit&quot;:&quot;&quot;,&quot;camera&quot;:&quot;&quot;,&quot;caption&quot;:&quot;&quot;,&quot;created_timestamp&quot;:&quot;0&quot;,&quot;copyright&quot;:&quot;&quot;,&quot;focal_length&quot;:&quot;0&quot;,&quot;iso&quot;:&quot;0&quot;,&quot;shutter_speed&quot;:&quot;0&quot;,&quot;title&quot;:&quot;&quot;,&quot;orientation&quot;:&quot;1&quot;}\" data-image-title=\"File0032a\" data-image-description=\"\" data-image-caption=\"\" data-medium-file=\"https:\/\/i0.wp.com\/lesgravereaux.marret.co\/wp-content\/uploads\/2015\/10\/File0032a.jpg?fit=300%2C268&amp;ssl=1\" data-large-file=\"https:\/\/i0.wp.com\/lesgravereaux.marret.co\/wp-content\/uploads\/2015\/10\/File0032a.jpg?fit=352%2C314&amp;ssl=1\" width=\"103\" height=\"92\" class=\"wp-image-122 alignleft\" alt=\"File0032a\" src=\"https:\/\/i0.wp.com\/marret.co\/wp-content\/uploads\/2015\/10\/File0032a.jpg?resize=103%2C92\" data-wp-pid=\"122\" srcset=\"https:\/\/i0.wp.com\/lesgravereaux.marret.co\/wp-content\/uploads\/2015\/10\/File0032a.jpg?w=352&amp;ssl=1 352w, https:\/\/i0.wp.com\/lesgravereaux.marret.co\/wp-content\/uploads\/2015\/10\/File0032a.jpg?resize=300%2C268&amp;ssl=1 300w\" sizes=\"auto, (max-width: 103px) 100vw, 103px\" \/><\/a>Au fil des ans, Jules Gravereaux avait regroup\u00e9 dans sa roseraie de L\u2019Ha\u00ff toutes les esp\u00e8ces de roses existant alors. Il avait \u00e9galement rassembl\u00e9 de nombreux livres, p\u00e9riodiques et documents dont plusieurs lui ont servi pour ses diverses recherches.<\/p>\n<p>I<a href=\"https:\/\/i0.wp.com\/marret.co\/wp-content\/uploads\/2016\/03\/1906-RdlH-La-Rose-dans-les-Sciences-c0_wp.jpg\" rel=\"attachment wp-att-1059\"><img data-recalc-dims=\"1\" loading=\"lazy\" decoding=\"async\" data-attachment-id=\"1059\" data-permalink=\"https:\/\/lesgravereaux.marret.co\/index.php\/la-roseraie-de-lhay\/le-musee-de-la-rose\/1906-rdlh-la-rose-dans-les-sciences-c0_wp\/\" data-orig-file=\"https:\/\/i0.wp.com\/lesgravereaux.marret.co\/wp-content\/uploads\/2016\/03\/1906-RdlH-La-Rose-dans-les-Sciences-c0_wp.jpg?fit=993%2C1575&amp;ssl=1\" data-orig-size=\"993,1575\" data-comments-opened=\"1\" data-image-meta=\"{&quot;aperture&quot;:&quot;0&quot;,&quot;credit&quot;:&quot;&quot;,&quot;camera&quot;:&quot;&quot;,&quot;caption&quot;:&quot;&quot;,&quot;created_timestamp&quot;:&quot;0&quot;,&quot;copyright&quot;:&quot;&quot;,&quot;focal_length&quot;:&quot;0&quot;,&quot;iso&quot;:&quot;0&quot;,&quot;shutter_speed&quot;:&quot;0&quot;,&quot;title&quot;:&quot;&quot;,&quot;orientation&quot;:&quot;1&quot;}\" data-image-title=\"1906 RdlH &amp;#8211;  La Rose dans les Sciences c0_wp\" data-image-description=\"\" data-image-caption=\"\" data-medium-file=\"https:\/\/i0.wp.com\/lesgravereaux.marret.co\/wp-content\/uploads\/2016\/03\/1906-RdlH-La-Rose-dans-les-Sciences-c0_wp.jpg?fit=189%2C300&amp;ssl=1\" data-large-file=\"https:\/\/i0.wp.com\/lesgravereaux.marret.co\/wp-content\/uploads\/2016\/03\/1906-RdlH-La-Rose-dans-les-Sciences-c0_wp.jpg?fit=640%2C1014&amp;ssl=1\" width=\"153\" height=\"243\" class=\"wp-image-1059 alignright\" alt=\"1906 RdlH - La Rose dans les Sciences c0_wp\" src=\"https:\/\/i0.wp.com\/marret.co\/wp-content\/uploads\/2016\/03\/1906-RdlH-La-Rose-dans-les-Sciences-c0_wp-646x1024.jpg?resize=153%2C243\" data-wp-pid=\"1059\" srcset=\"https:\/\/i0.wp.com\/lesgravereaux.marret.co\/wp-content\/uploads\/2016\/03\/1906-RdlH-La-Rose-dans-les-Sciences-c0_wp.jpg?resize=646%2C1024&amp;ssl=1 646w, https:\/\/i0.wp.com\/lesgravereaux.marret.co\/wp-content\/uploads\/2016\/03\/1906-RdlH-La-Rose-dans-les-Sciences-c0_wp.jpg?resize=189%2C300&amp;ssl=1 189w, https:\/\/i0.wp.com\/lesgravereaux.marret.co\/wp-content\/uploads\/2016\/03\/1906-RdlH-La-Rose-dans-les-Sciences-c0_wp.jpg?resize=768%2C1218&amp;ssl=1 768w, https:\/\/i0.wp.com\/lesgravereaux.marret.co\/wp-content\/uploads\/2016\/03\/1906-RdlH-La-Rose-dans-les-Sciences-c0_wp.jpg?resize=757%2C1200&amp;ssl=1 757w, https:\/\/i0.wp.com\/lesgravereaux.marret.co\/wp-content\/uploads\/2016\/03\/1906-RdlH-La-Rose-dans-les-Sciences-c0_wp.jpg?resize=378%2C600&amp;ssl=1 378w, https:\/\/i0.wp.com\/lesgravereaux.marret.co\/wp-content\/uploads\/2016\/03\/1906-RdlH-La-Rose-dans-les-Sciences-c0_wp.jpg?w=993&amp;ssl=1 993w\" sizes=\"auto, (max-width: 153px) 100vw, 153px\" \/><\/a>l con\u00e7ut alors&nbsp;le projet d\u2019un Mus\u00e9e de la Rose pour conserver et pr\u00e9senter des objets de toute sorte qu&rsquo;il avait acquis. Pour se faire une id\u00e9e de l\u2019importance de ses collections, il suffit de consulter l&rsquo;ouvrage qu&rsquo;il a publi\u00e9 en 1906 sous le titre de<\/p>\n<p style=\"text-align: right;\"><em><a href=\"https:\/\/lesgravereaux.marret.co\/index.php\/1906-la-rose-dans-les-sciences\/\">La Rose dans les sciences, dans les lettres et dans les arts <\/a>\u2014 Documents pour servir \u00e0 l&rsquo;histoire de la rose <\/em><br \/>\n<em>r\u00e9unis au 1er mai 1906.<\/em><\/p>\n<p>On lira \u00e9galement avec int\u00e9r\u00eat la description qu&rsquo;en font Philippe Lefran\u00e7ois et Patrice Boussel dans le livre qu&rsquo;ils ont publi\u00e9 en 1952&nbsp;: <em><a href=\"http:\/\/marret.co\/index.php\/la-roseraie-de-lhay\/la-roseraie-de-lhay-un-joyau-de-lile-de-france\/\">Petits mus\u00e9es et joyaux de l&rsquo;\u00cele-de-France<\/a>.<\/em><\/p>\n<p><a href=\"https:\/\/i0.wp.com\/marret.co\/wp-content\/uploads\/2016\/03\/269a-13-ROSERAIE-DE-LHAY-LES-ROSES-Musee-de-la-Rose_wp.jpg\" rel=\"attachment wp-att-1065\"><img data-recalc-dims=\"1\" loading=\"lazy\" decoding=\"async\" data-attachment-id=\"1065\" data-permalink=\"https:\/\/lesgravereaux.marret.co\/index.php\/la-roseraie-de-lhay\/le-musee-de-la-rose\/269a-13-roseraie-de-lhay-les-roses-musee-de-la-rose_wp\/\" data-orig-file=\"https:\/\/i0.wp.com\/lesgravereaux.marret.co\/wp-content\/uploads\/2016\/03\/269a-13-ROSERAIE-DE-LHAY-LES-ROSES-Musee-de-la-Rose_wp.jpg?fit=1102%2C712&amp;ssl=1\" data-orig-size=\"1102,712\" data-comments-opened=\"1\" data-image-meta=\"{&quot;aperture&quot;:&quot;0&quot;,&quot;credit&quot;:&quot;&quot;,&quot;camera&quot;:&quot;&quot;,&quot;caption&quot;:&quot;&quot;,&quot;created_timestamp&quot;:&quot;0&quot;,&quot;copyright&quot;:&quot;&quot;,&quot;focal_length&quot;:&quot;0&quot;,&quot;iso&quot;:&quot;0&quot;,&quot;shutter_speed&quot;:&quot;0&quot;,&quot;title&quot;:&quot;&quot;,&quot;orientation&quot;:&quot;1&quot;}\" data-image-title=\"269a 13 ROSERAIE DE L&amp;rsquo;HAY-LES-ROSES &amp;#8211; Musee de la Rose_wp\" data-image-description=\"\" data-image-caption=\"\" data-medium-file=\"https:\/\/i0.wp.com\/lesgravereaux.marret.co\/wp-content\/uploads\/2016\/03\/269a-13-ROSERAIE-DE-LHAY-LES-ROSES-Musee-de-la-Rose_wp.jpg?fit=300%2C194&amp;ssl=1\" data-large-file=\"https:\/\/i0.wp.com\/lesgravereaux.marret.co\/wp-content\/uploads\/2016\/03\/269a-13-ROSERAIE-DE-LHAY-LES-ROSES-Musee-de-la-Rose_wp.jpg?fit=640%2C414&amp;ssl=1\" width=\"252\" height=\"163\" class=\"wp-image-1065 alignleft\" alt=\"269a 13 ROSERAIE DE L'HAY-LES-ROSES - Musee de la Rose_wp\" src=\"https:\/\/i0.wp.com\/marret.co\/wp-content\/uploads\/2016\/03\/269a-13-ROSERAIE-DE-LHAY-LES-ROSES-Musee-de-la-Rose_wp-1024x662.jpg?resize=252%2C163\" data-wp-pid=\"1065\" srcset=\"https:\/\/i0.wp.com\/lesgravereaux.marret.co\/wp-content\/uploads\/2016\/03\/269a-13-ROSERAIE-DE-LHAY-LES-ROSES-Musee-de-la-Rose_wp.jpg?resize=1024%2C662&amp;ssl=1 1024w, https:\/\/i0.wp.com\/lesgravereaux.marret.co\/wp-content\/uploads\/2016\/03\/269a-13-ROSERAIE-DE-LHAY-LES-ROSES-Musee-de-la-Rose_wp.jpg?resize=300%2C194&amp;ssl=1 300w, https:\/\/i0.wp.com\/lesgravereaux.marret.co\/wp-content\/uploads\/2016\/03\/269a-13-ROSERAIE-DE-LHAY-LES-ROSES-Musee-de-la-Rose_wp.jpg?resize=768%2C496&amp;ssl=1 768w, https:\/\/i0.wp.com\/lesgravereaux.marret.co\/wp-content\/uploads\/2016\/03\/269a-13-ROSERAIE-DE-LHAY-LES-ROSES-Musee-de-la-Rose_wp.jpg?resize=800%2C517&amp;ssl=1 800w, https:\/\/i0.wp.com\/lesgravereaux.marret.co\/wp-content\/uploads\/2016\/03\/269a-13-ROSERAIE-DE-LHAY-LES-ROSES-Musee-de-la-Rose_wp.jpg?resize=600%2C388&amp;ssl=1 600w, https:\/\/i0.wp.com\/lesgravereaux.marret.co\/wp-content\/uploads\/2016\/03\/269a-13-ROSERAIE-DE-LHAY-LES-ROSES-Musee-de-la-Rose_wp.jpg?w=1102&amp;ssl=1 1102w\" sizes=\"auto, (max-width: 252px) 100vw, 252px\" \/><\/a>Ce Mus\u00e9e \u2014 et tout ce qu\u2019il contenait \u2014 est devenu propri\u00e9t\u00e9 du D\u00e9partement de la Seine en 1936 lorsque celui s\u2019est port\u00e9 acqu\u00e9reur de la Roseraie. Pendant plusieurs ann\u00e9es, les visiteurs ont donc pu encore admirer ces collections qui s\u2019\u00e9taient largement enrichies depuis 1906.<\/p>\n<p>Malheureusement, vols et incendie en ont d\u00e9truit une partie\u2026 avant que l\u2019\u00c9tat ne mette le reste en lieu s\u00fbr.<\/p>\n<p style=\"text-align: center;\">Les Archives d\u00e9partementales du Val-de-Marne ont recueilli ce fonds, de 1988 \u00e0 1990. en en ont fait un inventaire \u2013 La Rose dans tous ses \u00e9tats \u2013 \u00e9dit\u00e9 en 1993. Au cours des derni\u00e8res ann\u00e9es, ces objets, et de nombreux documents ont \u00e9t\u00e9 photographi\u00e9s et num\u00e9ris\u00e9s; ils sont donc consultables en ligne sur le site des Archives, dans le Fonds de la Rose.<a href=\"https:\/\/i0.wp.com\/marret.co\/wp-content\/uploads\/2016\/03\/Roses-de-Malmaison-p05a_wp.jpg\" rel=\"attachment wp-att-633\"><img data-recalc-dims=\"1\" loading=\"lazy\" decoding=\"async\" data-attachment-id=\"633\" data-permalink=\"https:\/\/lesgravereaux.marret.co\/index.php\/la-roseraie-de-lhay\/le-musee-de-la-rose\/roses-de-malmaison-p05a_wp\/\" data-orig-file=\"https:\/\/i0.wp.com\/lesgravereaux.marret.co\/wp-content\/uploads\/2016\/03\/Roses-de-Malmaison-p05a_wp.jpg?fit=295%2C262&amp;ssl=1\" data-orig-size=\"295,262\" data-comments-opened=\"1\" data-image-meta=\"{&quot;aperture&quot;:&quot;0&quot;,&quot;credit&quot;:&quot;&quot;,&quot;camera&quot;:&quot;HP Scanjet 4800&quot;,&quot;caption&quot;:&quot;&quot;,&quot;created_timestamp&quot;:&quot;1173809452&quot;,&quot;copyright&quot;:&quot;&quot;,&quot;focal_length&quot;:&quot;0&quot;,&quot;iso&quot;:&quot;0&quot;,&quot;shutter_speed&quot;:&quot;0&quot;,&quot;title&quot;:&quot;&quot;,&quot;orientation&quot;:&quot;1&quot;}\" data-image-title=\"Roses de Malmaison &amp;#8211; p05a_wp\" data-image-description=\"\" data-image-caption=\"\" data-medium-file=\"https:\/\/i0.wp.com\/lesgravereaux.marret.co\/wp-content\/uploads\/2016\/03\/Roses-de-Malmaison-p05a_wp.jpg?fit=295%2C262&amp;ssl=1\" data-large-file=\"https:\/\/i0.wp.com\/lesgravereaux.marret.co\/wp-content\/uploads\/2016\/03\/Roses-de-Malmaison-p05a_wp.jpg?fit=295%2C262&amp;ssl=1\" width=\"84\" height=\"75\" class=\"wp-image-633 aligncenter\" alt=\"Roses de Malmaison - p05a_wp\" src=\"https:\/\/i0.wp.com\/marret.co\/wp-content\/uploads\/2016\/03\/Roses-de-Malmaison-p05a_wp.jpg?resize=84%2C75\" data-wp-pid=\"633\"><\/a><\/p>\nngg_shortcode_0_placeholder\n<p>&nbsp;<\/p>\n<p>&nbsp;<\/p>\n<p>&nbsp;<\/p>\n<p>&nbsp;<\/p>\n<p>&nbsp;<\/p>\n","protected":false},"excerpt":{"rendered":"<p>Au fil des ans, Jules Gravereaux avait regroup\u00e9 dans sa roseraie de L\u2019Ha\u00ff toutes les esp\u00e8ces de roses existant alors. Il avait \u00e9galement rassembl\u00e9 de nombreux livres, p\u00e9riodiques et documents dont plusieurs lui ont servi pour ses diverses recherches. Il &hellip; <a href=\"https:\/\/lesgravereaux.marret.co\/index.php\/la-roseraie-de-lhay\/le-musee-de-la-rose\/\">Continuer la lecture <span class=\"meta-nav\">&rarr;<\/span><\/a><\/p>\n","protected":false},"author":1,"featured_media":0,"parent":596,"menu_order":0,"comment_status":"closed","ping_status":"closed","template":"","meta":{"ngg_post_thumbnail":0,"jetpack_post_was_ever_published":false,"footnotes":""},"class_list":["post-1057","page","type-page","status-publish","hentry"],"jetpack_sharing_enabled":true,"jetpack_shortlink":"https:\/\/wp.me\/P7ERyi-h3","jetpack-related-posts":[{"id":4386,"url":"https:\/\/lesgravereaux.marret.co\/index.php\/le-musee-de-la-chemiserie-et-de-lelegance-masculine\/a-lorigine-du-musee\/","url_meta":{"origin":1057,"position":0},"title":"\u00c0 l&rsquo;origine du Mus\u00e9e&#8230;","author":"marretgravereaux","date":"8 juillet 2016","format":false,"excerpt":"Transcription d'une partie du catalogue de\u00a0l'exposition \u00ab Histoires d'hommes \u00bb tenue en 2013. (Avec l'autorisation du Mus\u00e9e) Le mus\u00e9e a aujourd'hui 20 ans puisqu'il s'est ouvert au public en 1993. Mais en fait, son origine remonte au d\u00e9but des ann\u00e9es 1980 quand Jean-Ren\u00e9 et Solange Gravereaux eurent l'id\u00e9e de cr\u00e9er\u2026","rel":"","context":"Article similaire","block_context":{"text":"Article similaire","link":""},"img":{"alt_text":"MdlC (2011-09_009)_wp","src":"https:\/\/i0.wp.com\/lesgravereaux.marret.co\/wp-content\/uploads\/2016\/07\/MdlC-2011-09_009_wp.jpg?resize=350%2C200","width":350,"height":200},"classes":[]},{"id":5176,"url":"https:\/\/lesgravereaux.marret.co\/index.php\/jules-gravereaux\/des-evenements-de-sa-vie\/biographie-de-jules-gravereaux-par-les-amis-des-roses\/","url_meta":{"origin":1057,"position":1},"title":"Biographie de Jules Gravereaux (par Les Amis des Roses)","author":"marretgravereaux","date":"13 f\u00e9vrier 2017","format":false,"excerpt":"Au moment o\u00f9 nous le pressentions le moins, alors que nous supposions notre Pr\u00e9sident d'honneur encore dans toute la force de sa robuste vieillesse, une fatale nouvelle nous parvint : M.\u00a0Jules Gravereaux \u00e9tait d\u00e9c\u00e9d\u00e9 le 23 mars en sein H\u00f4tel de l'avenue de Villars. Ce malheur nous fut connu trop\u2026","rel":"","context":"Article similaire","block_context":{"text":"Article similaire","link":""},"img":{"alt_text":"","src":"https:\/\/i0.wp.com\/lesgravereaux.marret.co\/wp-content\/uploads\/2017\/02\/1916-03-Les-amis-des-roses-LIII-p29_wp-667x1024.jpg?resize=350%2C200","width":350,"height":200},"classes":[]},{"id":790,"url":"https:\/\/lesgravereaux.marret.co\/index.php\/la-roseraie-de-lhay\/souvenirs-de-lhay\/","url_meta":{"origin":1057,"position":2},"title":"Souvenirs de L&rsquo;Ha\u00ff","author":"marretgravereaux","date":"10 mars 2016","format":false,"excerpt":"Article publi\u00e9\u00a0 dans le Bulletin de l'Association des Amis du Vieux L'Ha\u00ff en juin 2011 Souvenirs de L'Ha\u00ff [1] [2] par H\u00e9l\u00e8ne Ballu, petite-fille de Jules Gravereaux. Un vieillard qui s\u2019\u00e9teint, c\u2019est une biblioth\u00e8que qui br\u00fble, dit-on. Comme il est encore temps, moi, H\u00e9l\u00e8ne Ballu, n\u00e9e le 11 juin 1910\u2026","rel":"","context":"Article similaire","block_context":{"text":"Article similaire","link":""},"img":{"alt_text":"GV018 - L'HAY MAISON PRINCIPALE_wp","src":"https:\/\/i0.wp.com\/marret.co\/wp-content\/uploads\/2016\/03\/GV018-LHAY-MAISON-PRINCIPALE_wp-1024x1012.jpg?resize=350%2C200","width":350,"height":200},"classes":[]},{"id":3704,"url":"https:\/\/lesgravereaux.marret.co\/index.php\/jules-gravereaux\/des-evenements-de-sa-vie\/jules-gravereaux-son-deces\/le-deces-de-jules-gravereaux-dans-la-presse-etrangere\/","url_meta":{"origin":1057,"position":3},"title":"Le d\u00e9c\u00e8s de Jules Gravereaux &#8211; dans la presse \u00e9trang\u00e8re","author":"marretgravereaux","date":"17 juin 2016","format":false,"excerpt":"Le d\u00e9c\u00e8s de Jules Gravereaux a eu lieu en mars 1916, au milieu de la guerre\u00a01914-1918. Ce qui n\u2019a pas emp\u00each\u00e9 plusieurs journaux fran\u00e7ais, mais aussi ailleurs, d'en faire mention, voire d'y consacrer de longs articles... Peut-on laisser partir sans un adieu Jules Gravereaux, qui \u00e9tait non seulement le premier\u2026","rel":"","context":"Article similaire","block_context":{"text":"Article similaire","link":""},"img":{"alt_text":"1916-04-07 Gravereaux, Jules - D\u00e9c\u00e8s (L'\u00c9cho d'Alger) - Titre journal_wp","src":"https:\/\/i0.wp.com\/lesgravereaux.marret.co\/wp-content\/uploads\/2016\/06\/1916-04-07-Gravereaux-Jules-D%C3%A9c%C3%A8s-L%C3%89cho-dAlger-Titre-journal_wp.jpg?resize=350%2C200","width":350,"height":200,"srcset":"https:\/\/i0.wp.com\/lesgravereaux.marret.co\/wp-content\/uploads\/2016\/06\/1916-04-07-Gravereaux-Jules-D%C3%A9c%C3%A8s-L%C3%89cho-dAlger-Titre-journal_wp.jpg?resize=350%2C200 1x, https:\/\/i0.wp.com\/lesgravereaux.marret.co\/wp-content\/uploads\/2016\/06\/1916-04-07-Gravereaux-Jules-D%C3%A9c%C3%A8s-L%C3%89cho-dAlger-Titre-journal_wp.jpg?resize=525%2C300 1.5x, https:\/\/i0.wp.com\/lesgravereaux.marret.co\/wp-content\/uploads\/2016\/06\/1916-04-07-Gravereaux-Jules-D%C3%A9c%C3%A8s-L%C3%89cho-dAlger-Titre-journal_wp.jpg?resize=700%2C400 2x"},"classes":[]},{"id":1204,"url":"https:\/\/lesgravereaux.marret.co\/index.php\/les-etablissements-gravereaux\/les-produits-des-etablissements-gravereaux\/babyfil\/une-exposition-babyfil\/","url_meta":{"origin":1057,"position":4},"title":"Une exposition Babyfil","author":"marretgravereaux","date":"18 mars 2016","format":false,"excerpt":"En 2013, le Mus\u00e9e de la Chemiserie et de l'\u00c9l\u00e9gance masculine d'Argenton-sur-Creuse a mis \u00e0 l'honneur les produits Babyfil - la principale marque de mode enfantine des \u00c9tablissements Gravereaux \u2013 en y tenant une exposition. Babyfil, une mode enfantine argentonnaise La SOGEC, entreprise de confection dirig\u00e9e par Jean-Ren\u00e9 Gravereaux, est\u2026","rel":"","context":"Dans &quot;Les \u00c9tablissements Gravereaux&quot;","block_context":{"text":"Les \u00c9tablissements Gravereaux","link":"https:\/\/lesgravereaux.marret.co\/index.php\/category\/les-etablissements-gravereaux\/"},"img":{"alt_text":"Babyfil affiche-3_wp","src":"https:\/\/i0.wp.com\/lesgravereaux.marret.co\/wp-content\/uploads\/2016\/07\/Babyfil-affiche-3_wp-692x1024.jpg?resize=350%2C200","width":350,"height":200},"classes":[]},{"id":1294,"url":"https:\/\/lesgravereaux.marret.co\/index.php\/jules-gravereaux\/1294-2\/","url_meta":{"origin":1057,"position":5},"title":"L&rsquo;\u0153uvre de Jules Gravereaux","author":"marretgravereaux","date":"20 mars 2016","format":false,"excerpt":"L\u2019\u0153uvre de M. Jules Gravereaux \u2013 La roseraie de l\u2019Ha\u00ff-les-Roses par Henri GRAVEREAUX, Ha\u00ff-les-Roses, in Les Amis des Roses, journal de la Soci\u00e9t\u00e9 fran\u00e7aise des rosi\u00e9ristes, novembre-d\u00e9cembre 1935. \u00a0 Vue de la Roseraie fran\u00e7aise. \u2014 Dans le fond, le Mus\u00e9e de la Rose. Nous avons demand\u00e9 au Lieutenant-Colonel H. GRAVEREAUX\u2026","rel":"","context":"Article similaire","block_context":{"text":"Article similaire","link":""},"img":{"alt_text":"1935 Amis des Roses couv_wp","src":"https:\/\/i0.wp.com\/marret.co\/wp-content\/uploads\/2016\/03\/1935-Amis-des-Roses-couv_wp.jpg?resize=350%2C200","width":350,"height":200},"classes":[]}],"_links":{"self":[{"href":"https:\/\/lesgravereaux.marret.co\/index.php\/wp-json\/wp\/v2\/pages\/1057","targetHints":{"allow":["GET"]}}],"collection":[{"href":"https:\/\/lesgravereaux.marret.co\/index.php\/wp-json\/wp\/v2\/pages"}],"about":[{"href":"https:\/\/lesgravereaux.marret.co\/index.php\/wp-json\/wp\/v2\/types\/page"}],"author":[{"embeddable":true,"href":"https:\/\/lesgravereaux.marret.co\/index.php\/wp-json\/wp\/v2\/users\/1"}],"replies":[{"embeddable":true,"href":"https:\/\/lesgravereaux.marret.co\/index.php\/wp-json\/wp\/v2\/comments?post=1057"}],"version-history":[{"count":0,"href":"https:\/\/lesgravereaux.marret.co\/index.php\/wp-json\/wp\/v2\/pages\/1057\/revisions"}],"up":[{"embeddable":true,"href":"https:\/\/lesgravereaux.marret.co\/index.php\/wp-json\/wp\/v2\/pages\/596"}],"wp:attachment":[{"href":"https:\/\/lesgravereaux.marret.co\/index.php\/wp-json\/wp\/v2\/media?parent=1057"}],"curies":[{"name":"wp","href":"https:\/\/api.w.org\/{rel}","templated":true}]}}