{"id":1002,"date":"2016-03-13T18:19:08","date_gmt":"2016-03-13T17:19:08","guid":{"rendered":"http:\/\/marret.co\/?page_id=1002"},"modified":"2016-03-13T18:47:37","modified_gmt":"2016-03-13T17:47:37","slug":"la-maison-empire","status":"publish","type":"page","link":"https:\/\/lesgravereaux.marret.co\/index.php\/la-roseraie-de-lhay\/la-maison-empire\/","title":{"rendered":"La Maison Empire"},"content":{"rendered":"<p>Lorsqu\u2019en 1892, Jules Gravereaux ach\u00e8te la propri\u00e9t\u00e9 \u00e0 L&rsquo;Ha\u00ff, celle-ci comprend un parc et une maison ancienne connue sous le nom de Maison Empire.<\/p>\n<p><em> <a href=\"https:\/\/i0.wp.com\/marret.co\/wp-content\/uploads\/2016\/03\/011-1-58-ROSERAIE-DE-LHAY-SEINE-La-Maison-Empire_wp.jpg\" rel=\"attachment wp-att-1001\"><img data-recalc-dims=\"1\" loading=\"lazy\" decoding=\"async\" data-attachment-id=\"1001\" data-permalink=\"https:\/\/lesgravereaux.marret.co\/index.php\/la-roseraie-de-lhay\/la-maison-empire\/011-1-58-roseraie-de-lhay-seine-la-maison-empire_wp-2\/\" data-orig-file=\"https:\/\/i0.wp.com\/lesgravereaux.marret.co\/wp-content\/uploads\/2016\/03\/011-1-58-ROSERAIE-DE-LHAY-SEINE-La-Maison-Empire_wp.jpg?fit=1102%2C722&amp;ssl=1\" data-orig-size=\"1102,722\" data-comments-opened=\"1\" data-image-meta=\"{&quot;aperture&quot;:&quot;0&quot;,&quot;credit&quot;:&quot;&quot;,&quot;camera&quot;:&quot;&quot;,&quot;caption&quot;:&quot;&quot;,&quot;created_timestamp&quot;:&quot;0&quot;,&quot;copyright&quot;:&quot;&quot;,&quot;focal_length&quot;:&quot;0&quot;,&quot;iso&quot;:&quot;0&quot;,&quot;shutter_speed&quot;:&quot;0&quot;,&quot;title&quot;:&quot;&quot;,&quot;orientation&quot;:&quot;1&quot;}\" data-image-title=\"011-1 58 ROSERAIE DE L&amp;rsquo;HAY (SEINE) &amp;#8211; La Maison Empire_wp\" data-image-description=\"\" data-image-caption=\"\" data-medium-file=\"https:\/\/i0.wp.com\/lesgravereaux.marret.co\/wp-content\/uploads\/2016\/03\/011-1-58-ROSERAIE-DE-LHAY-SEINE-La-Maison-Empire_wp.jpg?fit=300%2C197&amp;ssl=1\" data-large-file=\"https:\/\/i0.wp.com\/lesgravereaux.marret.co\/wp-content\/uploads\/2016\/03\/011-1-58-ROSERAIE-DE-LHAY-SEINE-La-Maison-Empire_wp.jpg?fit=640%2C419&amp;ssl=1\" class=\"wp-image-1001 alignleft\" src=\"https:\/\/i0.wp.com\/marret.co\/wp-content\/uploads\/2016\/03\/011-1-58-ROSERAIE-DE-LHAY-SEINE-La-Maison-Empire_wp-1024x671.jpg?resize=301%2C197\" alt=\"011-1 58 ROSERAIE DE L'HAY (SEINE) - La Maison Empire_wp\" width=\"301\" height=\"197\" data-wp-pid=\"1001\" srcset=\"https:\/\/i0.wp.com\/lesgravereaux.marret.co\/wp-content\/uploads\/2016\/03\/011-1-58-ROSERAIE-DE-LHAY-SEINE-La-Maison-Empire_wp.jpg?resize=1024%2C671&amp;ssl=1 1024w, https:\/\/i0.wp.com\/lesgravereaux.marret.co\/wp-content\/uploads\/2016\/03\/011-1-58-ROSERAIE-DE-LHAY-SEINE-La-Maison-Empire_wp.jpg?resize=300%2C197&amp;ssl=1 300w, https:\/\/i0.wp.com\/lesgravereaux.marret.co\/wp-content\/uploads\/2016\/03\/011-1-58-ROSERAIE-DE-LHAY-SEINE-La-Maison-Empire_wp.jpg?resize=768%2C503&amp;ssl=1 768w, https:\/\/i0.wp.com\/lesgravereaux.marret.co\/wp-content\/uploads\/2016\/03\/011-1-58-ROSERAIE-DE-LHAY-SEINE-La-Maison-Empire_wp.jpg?resize=800%2C524&amp;ssl=1 800w, https:\/\/i0.wp.com\/lesgravereaux.marret.co\/wp-content\/uploads\/2016\/03\/011-1-58-ROSERAIE-DE-LHAY-SEINE-La-Maison-Empire_wp.jpg?resize=600%2C393&amp;ssl=1 600w, https:\/\/i0.wp.com\/lesgravereaux.marret.co\/wp-content\/uploads\/2016\/03\/011-1-58-ROSERAIE-DE-LHAY-SEINE-La-Maison-Empire_wp.jpg?w=1102&amp;ssl=1 1102w\" sizes=\"auto, (max-width: 301px) 100vw, 301px\" \/><\/a>\u00ab\u00a0Une premi\u00e8re demeure est d\u00e9j\u00e0 visible sur les plans terriers de la fin du 18e si\u00e8cle, peut-\u00eatre construite par l&rsquo;architecte Jean-Pierre Brulle, qui la poss\u00e8de en 1772 ; en 1804 l&rsquo;orf\u00e8vre Henri Auguste aurait confi\u00e9 \u00e0 l\u2019architecte Larseneur la reconstruction de la demeure ainsi que la construction des \u00e9curies; le parc \u00e0 l\u2019anglaise est sans doute dessin\u00e9 \u00e0 cette \u00e9poque. \u00bb<\/em><\/p>\n<p style=\"text-align: right;\"><span style=\"font-size: 10pt;\">Source et informations additionnelles\u00a0:\u00a0<a href=\"http:\/\/www.google.com\/url?q=http%3A%2F%2Fwww.culture.gouv.fr%2Fdocumentation%2Fmemoire%2FHTML%2FIVR11%2FIA94000114%2Findex.htm&amp;sa=D&amp;sntz=1&amp;usg=AFrqEzeqAJJLCFXfzyskoKHX-bGVnRy0qg\">Minist\u00e8re de la Culture. Dossier d\u2019inventaire<\/a>.<\/span><\/p>\n<p style=\"text-align: left;\"><a href=\"https:\/\/i0.wp.com\/marret.co\/wp-content\/uploads\/2016\/03\/GV018-Maison-a-LHay_wp.jpg\" rel=\"attachment wp-att-1005\"><img data-recalc-dims=\"1\" loading=\"lazy\" decoding=\"async\" data-attachment-id=\"1005\" data-permalink=\"https:\/\/lesgravereaux.marret.co\/index.php\/la-roseraie-de-lhay\/la-maison-empire\/gv018-maison-a-lhay_wp\/\" data-orig-file=\"https:\/\/i0.wp.com\/lesgravereaux.marret.co\/wp-content\/uploads\/2016\/03\/GV018-Maison-a-LHay_wp.jpg?fit=1575%2C1557&amp;ssl=1\" data-orig-size=\"1575,1557\" data-comments-opened=\"1\" data-image-meta=\"{&quot;aperture&quot;:&quot;0&quot;,&quot;credit&quot;:&quot;&quot;,&quot;camera&quot;:&quot;&quot;,&quot;caption&quot;:&quot;&quot;,&quot;created_timestamp&quot;:&quot;0&quot;,&quot;copyright&quot;:&quot;&quot;,&quot;focal_length&quot;:&quot;0&quot;,&quot;iso&quot;:&quot;0&quot;,&quot;shutter_speed&quot;:&quot;0&quot;,&quot;title&quot;:&quot;&quot;,&quot;orientation&quot;:&quot;1&quot;}\" data-image-title=\"GV018 &amp;#8211; Maison a L&amp;rsquo;Hay_wp\" data-image-description=\"\" data-image-caption=\"\" data-medium-file=\"https:\/\/i0.wp.com\/lesgravereaux.marret.co\/wp-content\/uploads\/2016\/03\/GV018-Maison-a-LHay_wp.jpg?fit=300%2C297&amp;ssl=1\" data-large-file=\"https:\/\/i0.wp.com\/lesgravereaux.marret.co\/wp-content\/uploads\/2016\/03\/GV018-Maison-a-LHay_wp.jpg?fit=640%2C633&amp;ssl=1\" class=\"wp-image-1005 alignleft\" src=\"https:\/\/i0.wp.com\/marret.co\/wp-content\/uploads\/2016\/03\/GV018-Maison-a-LHay_wp-1024x1012.jpg?resize=301%2C197\" alt=\"GV018 - Maison a L'Hay_wp\" width=\"301\" height=\"197\" data-wp-pid=\"1005\" \/><\/a><\/p>\n<p><a href=\"https:\/\/i0.wp.com\/marret.co\/wp-content\/uploads\/2016\/03\/GV020-Perron-de-LHay_wp.jpg\" rel=\"attachment wp-att-1006\"><img data-recalc-dims=\"1\" loading=\"lazy\" decoding=\"async\" data-attachment-id=\"1006\" data-permalink=\"https:\/\/lesgravereaux.marret.co\/index.php\/la-roseraie-de-lhay\/la-maison-empire\/gv020-perron-de-lhay_wp\/\" data-orig-file=\"https:\/\/i0.wp.com\/lesgravereaux.marret.co\/wp-content\/uploads\/2016\/03\/GV020-Perron-de-LHay_wp.jpg?fit=1575%2C1562&amp;ssl=1\" data-orig-size=\"1575,1562\" data-comments-opened=\"1\" data-image-meta=\"{&quot;aperture&quot;:&quot;0&quot;,&quot;credit&quot;:&quot;&quot;,&quot;camera&quot;:&quot;&quot;,&quot;caption&quot;:&quot;&quot;,&quot;created_timestamp&quot;:&quot;0&quot;,&quot;copyright&quot;:&quot;&quot;,&quot;focal_length&quot;:&quot;0&quot;,&quot;iso&quot;:&quot;0&quot;,&quot;shutter_speed&quot;:&quot;0&quot;,&quot;title&quot;:&quot;&quot;,&quot;orientation&quot;:&quot;1&quot;}\" data-image-title=\"GV020 &amp;#8211; Perron de L&amp;rsquo;Hay_wp\" data-image-description=\"\" data-image-caption=\"\" data-medium-file=\"https:\/\/i0.wp.com\/lesgravereaux.marret.co\/wp-content\/uploads\/2016\/03\/GV020-Perron-de-LHay_wp.jpg?fit=300%2C298&amp;ssl=1\" data-large-file=\"https:\/\/i0.wp.com\/lesgravereaux.marret.co\/wp-content\/uploads\/2016\/03\/GV020-Perron-de-LHay_wp.jpg?fit=640%2C635&amp;ssl=1\" class=\"wp-image-1006 alignleft\" src=\"https:\/\/i0.wp.com\/marret.co\/wp-content\/uploads\/2016\/03\/GV020-Perron-de-LHay_wp-1024x1016.jpg?resize=301%2C197\" alt=\"GV020 - Perron de L'Hay_wp\" width=\"301\" height=\"197\" data-wp-pid=\"1006\" \/><\/a><\/p>\n<p><a href=\"https:\/\/i0.wp.com\/marret.co\/wp-content\/uploads\/2016\/03\/GV021a-Salon-a-LHay_wp.jpg\" rel=\"attachment wp-att-1007\"><img data-recalc-dims=\"1\" loading=\"lazy\" decoding=\"async\" data-attachment-id=\"1007\" data-permalink=\"https:\/\/lesgravereaux.marret.co\/index.php\/la-roseraie-de-lhay\/la-maison-empire\/gv021a-salon-a-lhay_wp\/\" data-orig-file=\"https:\/\/i0.wp.com\/lesgravereaux.marret.co\/wp-content\/uploads\/2016\/03\/GV021a-Salon-a-LHay_wp.jpg?fit=1569%2C1575&amp;ssl=1\" data-orig-size=\"1569,1575\" data-comments-opened=\"1\" data-image-meta=\"{&quot;aperture&quot;:&quot;0&quot;,&quot;credit&quot;:&quot;&quot;,&quot;camera&quot;:&quot;&quot;,&quot;caption&quot;:&quot;&quot;,&quot;created_timestamp&quot;:&quot;0&quot;,&quot;copyright&quot;:&quot;&quot;,&quot;focal_length&quot;:&quot;0&quot;,&quot;iso&quot;:&quot;0&quot;,&quot;shutter_speed&quot;:&quot;0&quot;,&quot;title&quot;:&quot;&quot;,&quot;orientation&quot;:&quot;1&quot;}\" data-image-title=\"GV021a &amp;#8211; Salon a L&amp;rsquo;Hay_wp\" data-image-description=\"\" data-image-caption=\"\" data-medium-file=\"https:\/\/i0.wp.com\/lesgravereaux.marret.co\/wp-content\/uploads\/2016\/03\/GV021a-Salon-a-LHay_wp.jpg?fit=300%2C300&amp;ssl=1\" data-large-file=\"https:\/\/i0.wp.com\/lesgravereaux.marret.co\/wp-content\/uploads\/2016\/03\/GV021a-Salon-a-LHay_wp.jpg?fit=640%2C643&amp;ssl=1\" class=\"alignnone wp-image-1007\" src=\"https:\/\/i0.wp.com\/marret.co\/wp-content\/uploads\/2016\/03\/GV021a-Salon-a-LHay_wp-1020x1024.jpg?resize=301%2C197\" alt=\"GV021a - Salon a L'Hay_wp\" width=\"301\" height=\"197\" data-wp-pid=\"1007\" \/><\/a><\/p>\n<p>&nbsp;<\/p>\n<p><span style=\"font-size: 10pt;\">Photos : Archives Guy Villeminot<\/span><\/p>\n<p>&nbsp;<\/p>\n<p style=\"text-align: center;\">~~~~~~~<\/p>\n<p><a href=\"https:\/\/i0.wp.com\/marret.co\/wp-content\/uploads\/2016\/03\/009-2-40-bis-Roseraie-de-LHAY-LES-ROSES-La-Maison-Empire_wp.jpg\" rel=\"attachment wp-att-998\"><img data-recalc-dims=\"1\" loading=\"lazy\" decoding=\"async\" data-attachment-id=\"998\" data-permalink=\"https:\/\/lesgravereaux.marret.co\/index.php\/la-roseraie-de-lhay\/la-maison-empire\/009-2-40-bis-roseraie-de-lhay-les-roses-la-maison-empire_wp\/\" data-orig-file=\"https:\/\/i0.wp.com\/lesgravereaux.marret.co\/wp-content\/uploads\/2016\/03\/009-2-40-bis-Roseraie-de-LHAY-LES-ROSES-La-Maison-Empire_wp.jpg?fit=1102%2C716&amp;ssl=1\" data-orig-size=\"1102,716\" data-comments-opened=\"1\" data-image-meta=\"{&quot;aperture&quot;:&quot;0&quot;,&quot;credit&quot;:&quot;&quot;,&quot;camera&quot;:&quot;&quot;,&quot;caption&quot;:&quot;&quot;,&quot;created_timestamp&quot;:&quot;0&quot;,&quot;copyright&quot;:&quot;&quot;,&quot;focal_length&quot;:&quot;0&quot;,&quot;iso&quot;:&quot;0&quot;,&quot;shutter_speed&quot;:&quot;0&quot;,&quot;title&quot;:&quot;&quot;,&quot;orientation&quot;:&quot;1&quot;}\" data-image-title=\"009-2 40 bis Roseraie de L&amp;rsquo;HAY-LES-ROSES &amp;#8211; La Maison Empire_wp\" data-image-description=\"\" data-image-caption=\"\" data-medium-file=\"https:\/\/i0.wp.com\/lesgravereaux.marret.co\/wp-content\/uploads\/2016\/03\/009-2-40-bis-Roseraie-de-LHAY-LES-ROSES-La-Maison-Empire_wp.jpg?fit=300%2C195&amp;ssl=1\" data-large-file=\"https:\/\/i0.wp.com\/lesgravereaux.marret.co\/wp-content\/uploads\/2016\/03\/009-2-40-bis-Roseraie-de-LHAY-LES-ROSES-La-Maison-Empire_wp.jpg?fit=640%2C416&amp;ssl=1\" class=\"wp-image-998 alignleft\" src=\"https:\/\/i0.wp.com\/marret.co\/wp-content\/uploads\/2016\/03\/009-2-40-bis-Roseraie-de-LHAY-LES-ROSES-La-Maison-Empire_wp-1024x665.jpg?resize=301%2C197\" alt=\"009-2 40 bis Roseraie de L'HAY-LES-ROSES - La Maison Empire_wp\" width=\"301\" height=\"197\" data-wp-pid=\"998\" srcset=\"https:\/\/i0.wp.com\/lesgravereaux.marret.co\/wp-content\/uploads\/2016\/03\/009-2-40-bis-Roseraie-de-LHAY-LES-ROSES-La-Maison-Empire_wp.jpg?resize=300%2C195&amp;ssl=1 300w, https:\/\/i0.wp.com\/lesgravereaux.marret.co\/wp-content\/uploads\/2016\/03\/009-2-40-bis-Roseraie-de-LHAY-LES-ROSES-La-Maison-Empire_wp.jpg?resize=768%2C499&amp;ssl=1 768w, https:\/\/i0.wp.com\/lesgravereaux.marret.co\/wp-content\/uploads\/2016\/03\/009-2-40-bis-Roseraie-de-LHAY-LES-ROSES-La-Maison-Empire_wp.jpg?resize=800%2C520&amp;ssl=1 800w, https:\/\/i0.wp.com\/lesgravereaux.marret.co\/wp-content\/uploads\/2016\/03\/009-2-40-bis-Roseraie-de-LHAY-LES-ROSES-La-Maison-Empire_wp.jpg?resize=600%2C390&amp;ssl=1 600w, https:\/\/i0.wp.com\/lesgravereaux.marret.co\/wp-content\/uploads\/2016\/03\/009-2-40-bis-Roseraie-de-LHAY-LES-ROSES-La-Maison-Empire_wp.jpg?w=1102&amp;ssl=1 1102w\" sizes=\"auto, (max-width: 301px) 100vw, 301px\" \/><\/a><a href=\"https:\/\/i0.wp.com\/marret.co\/wp-content\/uploads\/2016\/03\/010-3-40-Roseraie-de-LHAY-LES-ROSES-La-Maison-Empire_wp.jpg\" rel=\"attachment wp-att-999\"><img data-recalc-dims=\"1\" loading=\"lazy\" decoding=\"async\" data-attachment-id=\"999\" data-permalink=\"https:\/\/lesgravereaux.marret.co\/index.php\/la-roseraie-de-lhay\/la-maison-empire\/010-3-40-roseraie-de-lhay-les-roses-la-maison-empire_wp\/\" data-orig-file=\"https:\/\/i0.wp.com\/lesgravereaux.marret.co\/wp-content\/uploads\/2016\/03\/010-3-40-Roseraie-de-LHAY-LES-ROSES-La-Maison-Empire_wp.jpg?fit=1102%2C708&amp;ssl=1\" data-orig-size=\"1102,708\" data-comments-opened=\"1\" data-image-meta=\"{&quot;aperture&quot;:&quot;0&quot;,&quot;credit&quot;:&quot;&quot;,&quot;camera&quot;:&quot;&quot;,&quot;caption&quot;:&quot;&quot;,&quot;created_timestamp&quot;:&quot;0&quot;,&quot;copyright&quot;:&quot;&quot;,&quot;focal_length&quot;:&quot;0&quot;,&quot;iso&quot;:&quot;0&quot;,&quot;shutter_speed&quot;:&quot;0&quot;,&quot;title&quot;:&quot;&quot;,&quot;orientation&quot;:&quot;1&quot;}\" data-image-title=\"010-3 40 Roseraie de L&amp;rsquo;HAY-LES-ROSES &amp;#8211; La Maison Empire_wp\" data-image-description=\"\" data-image-caption=\"\" data-medium-file=\"https:\/\/i0.wp.com\/lesgravereaux.marret.co\/wp-content\/uploads\/2016\/03\/010-3-40-Roseraie-de-LHAY-LES-ROSES-La-Maison-Empire_wp.jpg?fit=300%2C193&amp;ssl=1\" data-large-file=\"https:\/\/i0.wp.com\/lesgravereaux.marret.co\/wp-content\/uploads\/2016\/03\/010-3-40-Roseraie-de-LHAY-LES-ROSES-La-Maison-Empire_wp.jpg?fit=640%2C411&amp;ssl=1\" class=\"alignnone wp-image-999\" src=\"https:\/\/i0.wp.com\/marret.co\/wp-content\/uploads\/2016\/03\/010-3-40-Roseraie-de-LHAY-LES-ROSES-La-Maison-Empire_wp-1024x658.jpg?resize=301%2C197\" alt=\"010-3 40 Roseraie de L'HAY-LES-ROSES - La Maison Empire_wp\" width=\"301\" height=\"197\" data-wp-pid=\"999\" \/><\/a><\/p>\n<p style=\"text-align: center;\">~~~~~~~<\/p>\n<p><a href=\"https:\/\/i0.wp.com\/marret.co\/wp-content\/uploads\/2016\/03\/Maison-Empire-Alain-Mulot_wp.jpg\" rel=\"attachment wp-att-1008\"><img data-recalc-dims=\"1\" loading=\"lazy\" decoding=\"async\" data-attachment-id=\"1008\" data-permalink=\"https:\/\/lesgravereaux.marret.co\/index.php\/la-roseraie-de-lhay\/la-maison-empire\/maison-empire-alain-mulot_wp\/\" data-orig-file=\"https:\/\/i0.wp.com\/lesgravereaux.marret.co\/wp-content\/uploads\/2016\/03\/Maison-Empire-Alain-Mulot_wp.jpg?fit=886%2C654&amp;ssl=1\" data-orig-size=\"886,654\" data-comments-opened=\"1\" data-image-meta=\"{&quot;aperture&quot;:&quot;0&quot;,&quot;credit&quot;:&quot;&quot;,&quot;camera&quot;:&quot;&quot;,&quot;caption&quot;:&quot;&quot;,&quot;created_timestamp&quot;:&quot;0&quot;,&quot;copyright&quot;:&quot;&quot;,&quot;focal_length&quot;:&quot;0&quot;,&quot;iso&quot;:&quot;0&quot;,&quot;shutter_speed&quot;:&quot;0&quot;,&quot;title&quot;:&quot;&quot;,&quot;orientation&quot;:&quot;1&quot;}\" data-image-title=\"Maison Empire (Alain Mulot)_wp\" data-image-description=\"\" data-image-caption=\"\" data-medium-file=\"https:\/\/i0.wp.com\/lesgravereaux.marret.co\/wp-content\/uploads\/2016\/03\/Maison-Empire-Alain-Mulot_wp.jpg?fit=300%2C221&amp;ssl=1\" data-large-file=\"https:\/\/i0.wp.com\/lesgravereaux.marret.co\/wp-content\/uploads\/2016\/03\/Maison-Empire-Alain-Mulot_wp.jpg?fit=640%2C472&amp;ssl=1\" class=\"wp-image-1008 alignright\" src=\"https:\/\/i0.wp.com\/marret.co\/wp-content\/uploads\/2016\/03\/Maison-Empire-Alain-Mulot_wp.jpg?resize=301%2C197\" alt=\"Maison Empire (Alain Mulot)_wp\" width=\"301\" height=\"197\" data-wp-pid=\"1008\" \/><\/a><br \/>\nCi-apr\u00e8s,\u00a0l\u2019article (t\u00e9l\u00e9chargeable) de Georges Massiot\u00a0<strong>Henri Auguste, le b\u00e2tisseur de la \u00ab\u00a0maison de l&rsquo;orf\u00e8vre\u00a0\u00bb du parc de la Roseraie\u00a0<\/strong>paru en janvier 1995 dans le Bulletin d\u2019information et de liaison (n\u00ba\u00a018) de\u00a0<em>l\u2019Association des Amis de la Roseraie de Val de Marne<\/em>.<\/p>\n<p style=\"text-align: right;\"><span style=\"font-size: 10pt;\">Dessin\u00a0: Association des Amis du vieux L&rsquo;Ha\u00ff<br \/>\n&#8211; Bulletin, juin 2006<\/span><\/p>\n<p style=\"text-align: left;\"><a href=\"http:\/\/marret.co\/wp-content\/uploads\/2016\/03\/1995-01-Massiot-Georges-Henri-Auguste.pdf\" rel=\"\">1995-01 Massiot, Georges &#8211; Henri Auguste<\/a><\/p>\n","protected":false},"excerpt":{"rendered":"<p>Lorsqu\u2019en 1892, Jules Gravereaux ach\u00e8te la propri\u00e9t\u00e9 \u00e0 L&rsquo;Ha\u00ff, celle-ci comprend un parc et une maison ancienne connue sous le nom de Maison Empire. \u00ab\u00a0Une premi\u00e8re demeure est d\u00e9j\u00e0 visible sur les plans terriers de la fin du 18e si\u00e8cle, &hellip; <a href=\"https:\/\/lesgravereaux.marret.co\/index.php\/la-roseraie-de-lhay\/la-maison-empire\/\">Continuer la lecture <span class=\"meta-nav\">&rarr;<\/span><\/a><\/p>\n","protected":false},"author":1,"featured_media":0,"parent":596,"menu_order":0,"comment_status":"closed","ping_status":"closed","template":"","meta":{"ngg_post_thumbnail":0,"jetpack_post_was_ever_published":false,"footnotes":""},"class_list":["post-1002","page","type-page","status-publish","hentry"],"jetpack_sharing_enabled":true,"jetpack_shortlink":"https:\/\/wp.me\/P7ERyi-ga","jetpack-related-posts":[{"id":1490,"url":"https:\/\/lesgravereaux.marret.co\/index.php\/la-roseraie-de-lhay\/la-maison-empire-2\/","url_meta":{"origin":1002,"position":0},"title":"La Maison Empire","author":"marretgravereaux","date":"10 avril 2016","format":false,"excerpt":"Lorsqu\u2019en 1892, Jules Gravereaux ach\u00e8te la propri\u00e9t\u00e9 \u00e0 L'Ha\u00ff, celle-ci comprend un parc et une maison ancienne connue sous le nom de Maison Empire. \u00a0 \u00a0 La maison, vers 1900 \u00a0 \u00a0 \u00ab Une premi\u00e8re demeure est d\u00e9j\u00e0 visible sur les plans terriers de la fin du 18e si\u00e8cle, peut-\u00eatre\u2026","rel":"","context":"Article similaire","block_context":{"text":"Article similaire","link":""},"img":{"alt_text":"226 Propri\u00e9t\u00e9 de l'Hay (Seine)_wp","src":"https:\/\/i0.wp.com\/lesgravereaux.marret.co\/wp-content\/uploads\/2016\/04\/226-Propri%C3%A9t%C3%A9-de-lHay-Seine_wp.jpg?resize=350%2C200","width":350,"height":200},"classes":[]},{"id":2957,"url":"https:\/\/lesgravereaux.marret.co\/index.php\/571-2\/3-juin-1994-cousinade-gravereaux\/","url_meta":{"origin":1002,"position":1},"title":"3 juin 1994 &#8211; Cousinade Gravereaux","author":"marretgravereaux","date":"22 mai 2016","format":false,"excerpt":"Ils \u00e9taient presque tous l\u00e0, les descendants du cr\u00e9ateur de la roseraie de L\u2019Ha\u00ff, des\u00a0arri\u00e8res petits-enfants avec leurs conjoints et leurs propres enfants\u2026 et ils entouraient les petits-enfants de Jules Gravereaux encore vivants\u00a0: H\u00e9l\u00e8ne Ballu, Marie-Th\u00e9r\u00e8se Ballu, Bernard Gravereaux, Jacqueline Gravereaux (Fanet), Jean-Ren\u00e9 Gravereaux, Nicole Gravereaux (Drouet) et Suzanne Gravereaux\u2026","rel":"","context":"Article similaire","block_context":{"text":"Article similaire","link":""},"img":{"alt_text":"1994-06-03 Cousinade Gravereaux (JLM0525v2)","src":"https:\/\/i0.wp.com\/lesgravereaux.marret.co\/wp-content\/uploads\/2016\/05\/1994-06-03-Cousinade-Gravereaux-JLM0525v2-1024x766.jpg?resize=350%2C200","width":350,"height":200,"srcset":"https:\/\/i0.wp.com\/lesgravereaux.marret.co\/wp-content\/uploads\/2016\/05\/1994-06-03-Cousinade-Gravereaux-JLM0525v2-1024x766.jpg?resize=350%2C200 1x, https:\/\/i0.wp.com\/lesgravereaux.marret.co\/wp-content\/uploads\/2016\/05\/1994-06-03-Cousinade-Gravereaux-JLM0525v2-1024x766.jpg?resize=525%2C300 1.5x"},"classes":[]},{"id":2761,"url":"https:\/\/lesgravereaux.marret.co\/index.php\/les-etablissements-gravereaux\/les-produits-des-etablissements-gravereaux\/triplefil\/","url_meta":{"origin":1002,"position":2},"title":"Triplefil","author":"marretgravereaux","date":"19 mai 2016","format":false,"excerpt":"Au d\u00e9but de son existence, la Maison Gravereaux\u00a0commercialise sa production et \u00e9tablit sa r\u00e9putation par son seul nom de famille; dans son catalogue de 1910, la Manufacture de cols et manchettes R.\u00a0Gravereaux donne bien un nom \u00e0 ses divers produits (un col\u00a0Billy, des manchettes\u00a0Alvarez, un plastron Ruy Blas, etc.), mais\u2026","rel":"","context":"Article similaire","block_context":{"text":"Article similaire","link":""},"img":{"alt_text":"1910 EtsGr - Cat p07a_wp","src":"https:\/\/i0.wp.com\/lesgravereaux.marret.co\/wp-content\/uploads\/2016\/05\/1910-EtsGr-Cat-p07a_wp.jpg?resize=350%2C200","width":350,"height":200},"classes":[]},{"id":790,"url":"https:\/\/lesgravereaux.marret.co\/index.php\/la-roseraie-de-lhay\/souvenirs-de-lhay\/","url_meta":{"origin":1002,"position":3},"title":"Souvenirs de L&rsquo;Ha\u00ff","author":"marretgravereaux","date":"10 mars 2016","format":false,"excerpt":"Article publi\u00e9\u00a0 dans le Bulletin de l'Association des Amis du Vieux L'Ha\u00ff en juin 2011 Souvenirs de L'Ha\u00ff [1] [2] par H\u00e9l\u00e8ne Ballu, petite-fille de Jules Gravereaux. Un vieillard qui s\u2019\u00e9teint, c\u2019est une biblioth\u00e8que qui br\u00fble, dit-on. Comme il est encore temps, moi, H\u00e9l\u00e8ne Ballu, n\u00e9e le 11 juin 1910\u2026","rel":"","context":"Article similaire","block_context":{"text":"Article similaire","link":""},"img":{"alt_text":"GV018 - L'HAY MAISON PRINCIPALE_wp","src":"https:\/\/i0.wp.com\/marret.co\/wp-content\/uploads\/2016\/03\/GV018-LHAY-MAISON-PRINCIPALE_wp-1024x1012.jpg?resize=350%2C200","width":350,"height":200},"classes":[]},{"id":904,"url":"https:\/\/lesgravereaux.marret.co\/index.php\/la-famille-gravereaux\/narcisse-gravereaux-larchitecte\/","url_meta":{"origin":1002,"position":4},"title":"Germain-L\u00e9andre Gravereaux, l&rsquo;architecte","author":"marretgravereaux","date":"12 mars 2016","format":false,"excerpt":"N\u00e9 le 28 mai 1856 \u00e0 Paris, Germain-L\u00e9andre Gravereaux \u00e9tait le 5e enfant de L\u00e9andre Fran\u00e7ois Gravereaux, ma\u00eetre menuisier, et \u00c9lisabeth Vlietynck. Il \u00e9pousa Aline Epron le 1er septembre 1885 avec laquelle il eut deux enfants\u00a0: L\u00e9andre et Germain. Germain-L\u00e9andre Gravereaux effectua ses \u00e9tudes \u00e0 l'\u00c9cole Sp\u00e9ciale d'Architecture o\u00f9 il\u2026","rel":"","context":"Article similaire","block_context":{"text":"Article similaire","link":""},"img":{"alt_text":"","src":"https:\/\/i0.wp.com\/lesgravereaux.marret.co\/wp-content\/uploads\/2019\/02\/Gravereaux-Germain-L%C3%A9andre-01.jpg?resize=350%2C200","width":350,"height":200},"classes":[]},{"id":2048,"url":"https:\/\/lesgravereaux.marret.co\/index.php\/des-roseraies\/la-roseraie-de-lelysee\/","url_meta":{"origin":1002,"position":5},"title":"La roseraie de L&rsquo;\u00c9lys\u00e9e","author":"marretgravereaux","date":"26 avril 2016","format":false,"excerpt":"Am\u00e9nag\u00e9e en 1914 par Jules Gravereaux, la roseraie de l\u2019\u00c9lys\u00e9e fut modifi\u00e9e \u00e0 quelques reprises et disparut compl\u00e8tement dans les ann\u00e9es '70 pour faire place \u00e0 un parterre \u00e0 la fran\u00e7aise. On ne conna\u00eet que peu de choses sur cette roseraie au cours du XXe si\u00e8cle; ce qui peut s\u2019expliquer\u2026","rel":"","context":"Article similaire","block_context":{"text":"Article similaire","link":""},"img":{"alt_text":"","src":"https:\/\/i0.wp.com\/lesgravereaux.marret.co\/wp-content\/uploads\/2016\/04\/1932-Poincar%C3%A9-Raymond-LAnn%C3%A9e-trouble-1917-p0_wp-199x300.jpg?resize=350%2C200&ssl=1","width":350,"height":200},"classes":[]}],"_links":{"self":[{"href":"https:\/\/lesgravereaux.marret.co\/index.php\/wp-json\/wp\/v2\/pages\/1002","targetHints":{"allow":["GET"]}}],"collection":[{"href":"https:\/\/lesgravereaux.marret.co\/index.php\/wp-json\/wp\/v2\/pages"}],"about":[{"href":"https:\/\/lesgravereaux.marret.co\/index.php\/wp-json\/wp\/v2\/types\/page"}],"author":[{"embeddable":true,"href":"https:\/\/lesgravereaux.marret.co\/index.php\/wp-json\/wp\/v2\/users\/1"}],"replies":[{"embeddable":true,"href":"https:\/\/lesgravereaux.marret.co\/index.php\/wp-json\/wp\/v2\/comments?post=1002"}],"version-history":[{"count":0,"href":"https:\/\/lesgravereaux.marret.co\/index.php\/wp-json\/wp\/v2\/pages\/1002\/revisions"}],"up":[{"embeddable":true,"href":"https:\/\/lesgravereaux.marret.co\/index.php\/wp-json\/wp\/v2\/pages\/596"}],"wp:attachment":[{"href":"https:\/\/lesgravereaux.marret.co\/index.php\/wp-json\/wp\/v2\/media?parent=1002"}],"curies":[{"name":"wp","href":"https:\/\/api.w.org\/{rel}","templated":true}]}}